{"id":1880,"date":"2022-02-02T21:48:45","date_gmt":"2022-02-03T03:48:45","guid":{"rendered":"https:\/\/acuariosupremus.com\/?post_type=product&#038;p=1880"},"modified":"2025-12-16T15:24:22","modified_gmt":"2025-12-16T21:24:22","slug":"kit-maestro-nutrafin-test","status":"publish","type":"product","link":"https:\/\/acuariosupremus.com\/?product=kit-maestro-nutrafin-test","title":{"rendered":"KIT MAESTRO NUTRAFIN TEST"},"content":{"rendered":"<p>Instrucciones:<br \/>\nTome con la pipeta una muestra del agua que quiere analizar y util\u00edcela para llenar un tubo de ensayo limpio hasta la l\u00ednea de 5<br \/>\nml.<br \/>\nA\u00f1ada las gotas de reactivo el en tubo de ensayo. Ponga el tap\u00f3n. Mantenga con el dedo y agite bien para hacer la mezcla.<br \/>\nAtenci\u00f3n: Use siempre el tap\u00f3n. Evite el contacto con la piel.<br \/>\nEspere los minuto a que aparezca el color definitivo e identif\u00edquelo con el color mas parecido en la tabla de colores. Para<br \/>\nobtener el mejor resultado, sostenga el tubo de ensayo bien contra el papel y lea con un fuente de luz detr\u00e1s de usted.<br \/>\nDespu\u00e9s de usarlo, lave el tubo de ensayo con agua corriente para asegurarse de que este limpio en el pr\u00f3ximo uso.<\/p>\n<p>Precauciones:<br \/>\nContiene ingredientes que pueden ser nocivos. Lea las Advertencias de cada recipiente.<br \/>\nUtilice preferentemente dentro del a\u00f1o posterior a su apertura. Algunas sustancias qu\u00edmicas pueden oxidar ciertas superficies<br \/>\nMantener en un lugar fresco y seco.<br \/>\nMantener fuera del alcance de los ni\u00f1os.<br \/>\nSe recomienda la supervisi\u00f3n por parte de los adultos.<br \/>\nEn caso de entrar en contacto con los ojos, enju\u00e1guelos inmediatamente con agua abundante y procure asistencia medica.<br \/>\nLleve guantes adecuados.<br \/>\nEn caso de indigesti\u00f3n, procure asistencia medica inmediatamente.<br \/>\nPara mas informaci\u00f3n, consultar el manual adjunto.<\/p>\n","protected":false},"excerpt":{"rendered":"<p>MasterTest Kit, es un kit de pruebas completas e integrales adecuado para acuarios de agua dulce y salada. Incluye 10<br \/>\npar\u00e1metros prueba de fosfato, calcio, nitrato, nitrito, amon\u00edaco, pH rango alto, pH rango bajo, dureza carbonatada, la dureza general, y de hierro. Tambi\u00e9n cuenta con 5 tubos de ensayo de vidrio con tapas, 2 pipetas, 1 cuchara y 4 libros de instrucciones, todo suministrado en una pr\u00e1ctica funda de transporte de pl\u00e1stico resistente para una mayor vida \u00fatil y la protecci\u00f3n de los reactivos.<\/p>\n","protected":false},"featured_media":1881,"template":"","meta":[],"product_brand":[120],"product_cat":[40,52],"product_tag":[178,231],"class_list":{"0":"post-1880","1":"product","2":"type-product","3":"status-publish","4":"has-post-thumbnail","6":"product_brand-fluval","7":"product_cat-peces","8":"product_cat-medidores","9":"product_tag-arrecife","10":"product_tag-medidor-maestro","12":"first","13":"outofstock","14":"sale","15":"shipping-taxable","16":"purchasable","17":"product-type-simple"},"yoast_head":"<!-- This site is optimized with the Yoast SEO plugin v27.4 - https:\/\/yoast.com\/product\/yoast-seo-wordpress\/ -->\n<title>KIT MAESTRO NUTRAFIN TEST | Acuario Supremus<\/title>\n<meta name=\"description\" content=\"Test Master Kit de pruebas completas e integrales adecuado para acuarios de agua dulce y salada. Incluye 10 par\u00e1metros .\" \/>\n<meta name=\"robots\" content=\"index, follow, max-snippet:-1, max-image-preview:large, max-video-preview:-1\" \/>\n<link rel=\"canonical\" href=\"https:\/\/acuariosupremus.com\/?product=kit-maestro-nutrafin-test\" \/>\n<meta property=\"og:locale\" content=\"es_MX\" \/>\n<meta property=\"og:type\" content=\"article\" \/>\n<meta property=\"og:title\" content=\"KIT MAESTRO NUTRAFIN TEST | Acuario Supremus\" \/>\n<meta property=\"og:description\" content=\"Test Master Kit de pruebas completas e integrales adecuado para acuarios de agua dulce y salada. Incluye 10 par\u00e1metros .\" \/>\n<meta property=\"og:url\" content=\"https:\/\/acuariosupremus.com\/?product=kit-maestro-nutrafin-test\" \/>\n<meta property=\"og:site_name\" content=\"Acuario Supremus\" \/>\n<meta property=\"article:publisher\" content=\"https:\/\/www.facebook.com\/AcuarioSupremus\" \/>\n<meta property=\"article:modified_time\" content=\"2025-12-16T21:24:22+00:00\" \/>\n<meta property=\"og:image\" content=\"https:\/\/acuariosupremus.com\/wp-content\/uploads\/2022\/02\/HA7860_F.jpg\" \/>\n\t<meta property=\"og:image:width\" content=\"1000\" \/>\n\t<meta property=\"og:image:height\" content=\"1000\" \/>\n\t<meta property=\"og:image:type\" content=\"image\/jpeg\" \/>\n<meta name=\"twitter:card\" content=\"summary_large_image\" \/>\n<meta name=\"twitter:site\" content=\"@AcuarioSupremus\" \/>\n<meta name=\"twitter:label1\" content=\"Tiempo de lectura\" \/>\n\t<meta name=\"twitter:data1\" content=\"1 minuto\" \/>\n<script type=\"application\/ld+json\" class=\"yoast-schema-graph\">{\"@context\":\"https:\\\/\\\/schema.org\",\"@graph\":[{\"@type\":\"WebPage\",\"@id\":\"https:\\\/\\\/acuariosupremus.com\\\/?product=kit-maestro-nutrafin-test\",\"url\":\"https:\\\/\\\/acuariosupremus.com\\\/?product=kit-maestro-nutrafin-test\",\"name\":\"KIT MAESTRO NUTRAFIN TEST | Acuario Supremus\",\"isPartOf\":{\"@id\":\"https:\\\/\\\/acuariosupremus.com\\\/#website\"},\"primaryImageOfPage\":{\"@id\":\"https:\\\/\\\/acuariosupremus.com\\\/?product=kit-maestro-nutrafin-test#primaryimage\"},\"image\":{\"@id\":\"https:\\\/\\\/acuariosupremus.com\\\/?product=kit-maestro-nutrafin-test#primaryimage\"},\"thumbnailUrl\":\"https:\\\/\\\/acuariosupremus.com\\\/wp-content\\\/uploads\\\/2022\\\/02\\\/HA7860_F.jpg\",\"datePublished\":\"2022-02-03T03:48:45+00:00\",\"dateModified\":\"2025-12-16T21:24:22+00:00\",\"description\":\"Test Master Kit de pruebas completas e integrales adecuado para acuarios de agua dulce y salada. Incluye 10 par\u00e1metros .\",\"breadcrumb\":{\"@id\":\"https:\\\/\\\/acuariosupremus.com\\\/?product=kit-maestro-nutrafin-test#breadcrumb\"},\"inLanguage\":\"es\",\"potentialAction\":[{\"@type\":\"ReadAction\",\"target\":[\"https:\\\/\\\/acuariosupremus.com\\\/?product=kit-maestro-nutrafin-test\"]}]},{\"@type\":\"ImageObject\",\"inLanguage\":\"es\",\"@id\":\"https:\\\/\\\/acuariosupremus.com\\\/?product=kit-maestro-nutrafin-test#primaryimage\",\"url\":\"https:\\\/\\\/acuariosupremus.com\\\/wp-content\\\/uploads\\\/2022\\\/02\\\/HA7860_F.jpg\",\"contentUrl\":\"https:\\\/\\\/acuariosupremus.com\\\/wp-content\\\/uploads\\\/2022\\\/02\\\/HA7860_F.jpg\",\"width\":1000,\"height\":1000},{\"@type\":\"BreadcrumbList\",\"@id\":\"https:\\\/\\\/acuariosupremus.com\\\/?product=kit-maestro-nutrafin-test#breadcrumb\",\"itemListElement\":[{\"@type\":\"ListItem\",\"position\":1,\"name\":\"Portada\",\"item\":\"https:\\\/\\\/acuariosupremus.com\\\/\"},{\"@type\":\"ListItem\",\"position\":2,\"name\":\"Tienda\",\"item\":\"https:\\\/\\\/acuariosupremus.com\\\/tienda\\\/\"},{\"@type\":\"ListItem\",\"position\":3,\"name\":\"KIT MAESTRO NUTRAFIN TEST\"}]},{\"@type\":\"WebSite\",\"@id\":\"https:\\\/\\\/acuariosupremus.com\\\/#website\",\"url\":\"https:\\\/\\\/acuariosupremus.com\\\/\",\"name\":\"Acuario Supremus\",\"description\":\"Peces, Peceras y Mascotas.\",\"publisher\":{\"@id\":\"https:\\\/\\\/acuariosupremus.com\\\/#organization\"},\"potentialAction\":[{\"@type\":\"SearchAction\",\"target\":{\"@type\":\"EntryPoint\",\"urlTemplate\":\"https:\\\/\\\/acuariosupremus.com\\\/?s={search_term_string}\"},\"query-input\":{\"@type\":\"PropertyValueSpecification\",\"valueRequired\":true,\"valueName\":\"search_term_string\"}}],\"inLanguage\":\"es\"},{\"@type\":\"Organization\",\"@id\":\"https:\\\/\\\/acuariosupremus.com\\\/#organization\",\"name\":\"Acuario Supremus\",\"url\":\"https:\\\/\\\/acuariosupremus.com\\\/\",\"logo\":{\"@type\":\"ImageObject\",\"inLanguage\":\"es\",\"@id\":\"https:\\\/\\\/acuariosupremus.com\\\/#\\\/schema\\\/logo\\\/image\\\/\",\"url\":\"https:\\\/\\\/acuariosupremus.com\\\/wp-content\\\/uploads\\\/2021\\\/12\\\/cropped-logo_acuario_supremus_fn-2.png\",\"contentUrl\":\"https:\\\/\\\/acuariosupremus.com\\\/wp-content\\\/uploads\\\/2021\\\/12\\\/cropped-logo_acuario_supremus_fn-2.png\",\"width\":1000,\"height\":318,\"caption\":\"Acuario Supremus\"},\"image\":{\"@id\":\"https:\\\/\\\/acuariosupremus.com\\\/#\\\/schema\\\/logo\\\/image\\\/\"},\"sameAs\":[\"https:\\\/\\\/www.facebook.com\\\/AcuarioSupremus\",\"https:\\\/\\\/x.com\\\/AcuarioSupremus\",\"https:\\\/\\\/www.instagram.com\\\/acuariosupremus\\\/?hl=es\"]}]}<\/script>\n<!-- \/ Yoast SEO plugin. -->","yoast_head_json":{"title":"KIT MAESTRO NUTRAFIN TEST | Acuario Supremus","description":"Test Master Kit de pruebas completas e integrales adecuado para acuarios de agua dulce y salada. Incluye 10 par\u00e1metros .","robots":{"index":"index","follow":"follow","max-snippet":"max-snippet:-1","max-image-preview":"max-image-preview:large","max-video-preview":"max-video-preview:-1"},"canonical":"https:\/\/acuariosupremus.com\/?product=kit-maestro-nutrafin-test","og_locale":"es_MX","og_type":"article","og_title":"KIT MAESTRO NUTRAFIN TEST | Acuario Supremus","og_description":"Test Master Kit de pruebas completas e integrales adecuado para acuarios de agua dulce y salada. Incluye 10 par\u00e1metros .","og_url":"https:\/\/acuariosupremus.com\/?product=kit-maestro-nutrafin-test","og_site_name":"Acuario Supremus","article_publisher":"https:\/\/www.facebook.com\/AcuarioSupremus","article_modified_time":"2025-12-16T21:24:22+00:00","og_image":[{"width":1000,"height":1000,"url":"https:\/\/acuariosupremus.com\/wp-content\/uploads\/2022\/02\/HA7860_F.jpg","type":"image\/jpeg"}],"twitter_card":"summary_large_image","twitter_site":"@AcuarioSupremus","twitter_misc":{"Tiempo de lectura":"1 minuto"},"schema":{"@context":"https:\/\/schema.org","@graph":[{"@type":"WebPage","@id":"https:\/\/acuariosupremus.com\/?product=kit-maestro-nutrafin-test","url":"https:\/\/acuariosupremus.com\/?product=kit-maestro-nutrafin-test","name":"KIT MAESTRO NUTRAFIN TEST | Acuario Supremus","isPartOf":{"@id":"https:\/\/acuariosupremus.com\/#website"},"primaryImageOfPage":{"@id":"https:\/\/acuariosupremus.com\/?product=kit-maestro-nutrafin-test#primaryimage"},"image":{"@id":"https:\/\/acuariosupremus.com\/?product=kit-maestro-nutrafin-test#primaryimage"},"thumbnailUrl":"https:\/\/acuariosupremus.com\/wp-content\/uploads\/2022\/02\/HA7860_F.jpg","datePublished":"2022-02-03T03:48:45+00:00","dateModified":"2025-12-16T21:24:22+00:00","description":"Test Master Kit de pruebas completas e integrales adecuado para acuarios de agua dulce y salada. Incluye 10 par\u00e1metros .","breadcrumb":{"@id":"https:\/\/acuariosupremus.com\/?product=kit-maestro-nutrafin-test#breadcrumb"},"inLanguage":"es","potentialAction":[{"@type":"ReadAction","target":["https:\/\/acuariosupremus.com\/?product=kit-maestro-nutrafin-test"]}]},{"@type":"ImageObject","inLanguage":"es","@id":"https:\/\/acuariosupremus.com\/?product=kit-maestro-nutrafin-test#primaryimage","url":"https:\/\/acuariosupremus.com\/wp-content\/uploads\/2022\/02\/HA7860_F.jpg","contentUrl":"https:\/\/acuariosupremus.com\/wp-content\/uploads\/2022\/02\/HA7860_F.jpg","width":1000,"height":1000},{"@type":"BreadcrumbList","@id":"https:\/\/acuariosupremus.com\/?product=kit-maestro-nutrafin-test#breadcrumb","itemListElement":[{"@type":"ListItem","position":1,"name":"Portada","item":"https:\/\/acuariosupremus.com\/"},{"@type":"ListItem","position":2,"name":"Tienda","item":"https:\/\/acuariosupremus.com\/tienda\/"},{"@type":"ListItem","position":3,"name":"KIT MAESTRO NUTRAFIN TEST"}]},{"@type":"WebSite","@id":"https:\/\/acuariosupremus.com\/#website","url":"https:\/\/acuariosupremus.com\/","name":"Acuario Supremus","description":"Peces, Peceras y Mascotas.","publisher":{"@id":"https:\/\/acuariosupremus.com\/#organization"},"potentialAction":[{"@type":"SearchAction","target":{"@type":"EntryPoint","urlTemplate":"https:\/\/acuariosupremus.com\/?s={search_term_string}"},"query-input":{"@type":"PropertyValueSpecification","valueRequired":true,"valueName":"search_term_string"}}],"inLanguage":"es"},{"@type":"Organization","@id":"https:\/\/acuariosupremus.com\/#organization","name":"Acuario Supremus","url":"https:\/\/acuariosupremus.com\/","logo":{"@type":"ImageObject","inLanguage":"es","@id":"https:\/\/acuariosupremus.com\/#\/schema\/logo\/image\/","url":"https:\/\/acuariosupremus.com\/wp-content\/uploads\/2021\/12\/cropped-logo_acuario_supremus_fn-2.png","contentUrl":"https:\/\/acuariosupremus.com\/wp-content\/uploads\/2021\/12\/cropped-logo_acuario_supremus_fn-2.png","width":1000,"height":318,"caption":"Acuario Supremus"},"image":{"@id":"https:\/\/acuariosupremus.com\/#\/schema\/logo\/image\/"},"sameAs":["https:\/\/www.facebook.com\/AcuarioSupremus","https:\/\/x.com\/AcuarioSupremus","https:\/\/www.instagram.com\/acuariosupremus\/?hl=es"]}]}},"jetpack_sharing_enabled":true,"_links":{"self":[{"href":"https:\/\/acuariosupremus.com\/index.php?rest_route=\/wp\/v2\/product\/1880","targetHints":{"allow":["GET"]}}],"collection":[{"href":"https:\/\/acuariosupremus.com\/index.php?rest_route=\/wp\/v2\/product"}],"about":[{"href":"https:\/\/acuariosupremus.com\/index.php?rest_route=\/wp\/v2\/types\/product"}],"wp:featuredmedia":[{"embeddable":true,"href":"https:\/\/acuariosupremus.com\/index.php?rest_route=\/wp\/v2\/media\/1881"}],"wp:attachment":[{"href":"https:\/\/acuariosupremus.com\/index.php?rest_route=%2Fwp%2Fv2%2Fmedia&parent=1880"}],"wp:term":[{"taxonomy":"product_brand","embeddable":true,"href":"https:\/\/acuariosupremus.com\/index.php?rest_route=%2Fwp%2Fv2%2Fproduct_brand&post=1880"},{"taxonomy":"product_cat","embeddable":true,"href":"https:\/\/acuariosupremus.com\/index.php?rest_route=%2Fwp%2Fv2%2Fproduct_cat&post=1880"},{"taxonomy":"product_tag","embeddable":true,"href":"https:\/\/acuariosupremus.com\/index.php?rest_route=%2Fwp%2Fv2%2Fproduct_tag&post=1880"}],"curies":[{"name":"wp","href":"https:\/\/api.w.org\/{rel}","templated":true}]}}