{"id":1915,"date":"2022-02-03T14:29:23","date_gmt":"2022-02-03T20:29:23","guid":{"rendered":"https:\/\/acuariosupremus.com\/?post_type=product&#038;p=1915"},"modified":"2026-04-22T19:19:27","modified_gmt":"2026-04-23T01:19:27","slug":"acuario-nano-bullet-12-lt","status":"publish","type":"product","link":"https:\/\/acuariosupremus.com\/?product=acuario-nano-bullet-12-lt","title":{"rendered":"ACUARIO NANO BULLET 12 LT"},"content":{"rendered":"<p>Especificaciones: Sistema de iluminaci\u00f3n:L\u00e1mpara: Potencia 5.5 W, flujo luminoso 280.58 lm, eficacia luminosa 51.01 lm\/W,<br \/>\ntemperatura de color 8454\u00b0K. Sistema de filtracion: Por goteo de etapas m\u00faltiples. Capacidad de la bomba: 230 Lt\/Hr<\/p>\n<p>Medidas:<br \/>\n<strong>20.5 cm x 36.5 cm x 22.0 cm<\/strong><br \/>\nPeso\/Capacidad:<br \/>\n<strong>12 Lt.<\/strong><br \/>\nContenido:<br \/>\nTanque de vidrio.<br \/>\nL\u00e1mpara LED.<br \/>\nFiltro incorporado.<br \/>\nBomba de agua.<br \/>\nPanel de goteo.<br \/>\nMedios de filtraci\u00f3n.<br \/>\nTapa de acr\u00edlico trasparente.<\/p>\n","protected":false},"excerpt":{"rendered":"<p>Kit de acuario ecologico para escritorio con filtro de etapas multiples y lampara LED de bajo consumo. Adecuado para peces tropicales, peces japoneces, Betas o como un micro tanque de arrecife.<\/p>\n<p>Tecnolog\u00eda eficiente de ultima generaci\u00f3n. Elegante. Instalaci\u00f3n r\u00e1pida y f\u00e1cil mantenimiento.<\/p>\n<p>Ventajas: Construido en vidrio Frente doblado sin borde Filtro compacto incorporado. Panel de goteo que maximiza la capacidad de filtraci\u00f3n. Bio esponja y bio anillos cer\u00e1micos incluidos. Lampara LED de bajo consumo con tres tipo de luz. Apto para agua dulce y salada.<\/p>\n","protected":false},"featured_media":1916,"template":"","meta":[],"product_brand":[105],"product_cat":[40,53],"product_tag":[234,208,172,612],"class_list":{"0":"post-1915","1":"product","2":"type-product","3":"status-publish","4":"has-post-thumbnail","6":"product_brand-lomas","7":"product_cat-peces","8":"product_cat-peceras","9":"product_tag-acuario-nano","10":"product_tag-beteras","11":"product_tag-bettas","12":"product_tag-mini-acuario-de-escritorio","14":"first","15":"outofstock","16":"sale","17":"shipping-taxable","18":"purchasable","19":"product-type-simple"},"yoast_head":"<!-- This site is optimized with the Yoast SEO plugin v27.4 - https:\/\/yoast.com\/product\/yoast-seo-wordpress\/ -->\n<title>ACUARIO NANO BULLET 12 LT | Acuario Supremus<\/title>\n<meta name=\"description\" content=\"Kit de acuario ecol\u00f3gico para escritorio con filtro de etapas m\u00faltiples y lampara LED de bajo consumo bullet 12 litros.\" \/>\n<meta name=\"robots\" content=\"index, follow, max-snippet:-1, max-image-preview:large, max-video-preview:-1\" \/>\n<link rel=\"canonical\" href=\"https:\/\/acuariosupremus.com\/?product=acuario-nano-bullet-12-lt\" \/>\n<meta property=\"og:locale\" content=\"es_MX\" \/>\n<meta property=\"og:type\" content=\"article\" \/>\n<meta property=\"og:title\" content=\"ACUARIO NANO BULLET 12 LT | Acuario Supremus\" \/>\n<meta property=\"og:description\" content=\"Kit de acuario ecol\u00f3gico para escritorio con filtro de etapas m\u00faltiples y lampara LED de bajo consumo bullet 12 litros.\" \/>\n<meta property=\"og:url\" content=\"https:\/\/acuariosupremus.com\/?product=acuario-nano-bullet-12-lt\" \/>\n<meta property=\"og:site_name\" content=\"Acuario Supremus\" \/>\n<meta property=\"article:publisher\" content=\"https:\/\/www.facebook.com\/AcuarioSupremus\" \/>\n<meta property=\"article:modified_time\" content=\"2026-04-23T01:19:27+00:00\" \/>\n<meta property=\"og:image\" content=\"https:\/\/acuariosupremus.com\/wp-content\/uploads\/2022\/02\/FL7956_L.jpg\" \/>\n\t<meta property=\"og:image:width\" content=\"1000\" \/>\n\t<meta property=\"og:image:height\" content=\"1000\" \/>\n\t<meta property=\"og:image:type\" content=\"image\/jpeg\" \/>\n<meta name=\"twitter:card\" content=\"summary_large_image\" \/>\n<meta name=\"twitter:site\" content=\"@AcuarioSupremus\" \/>\n<meta name=\"twitter:label1\" content=\"Tiempo de lectura\" \/>\n\t<meta name=\"twitter:data1\" content=\"1 minuto\" \/>\n<script type=\"application\/ld+json\" class=\"yoast-schema-graph\">{\"@context\":\"https:\\\/\\\/schema.org\",\"@graph\":[{\"@type\":\"WebPage\",\"@id\":\"https:\\\/\\\/acuariosupremus.com\\\/?product=acuario-nano-bullet-12-lt\",\"url\":\"https:\\\/\\\/acuariosupremus.com\\\/?product=acuario-nano-bullet-12-lt\",\"name\":\"ACUARIO NANO BULLET 12 LT | Acuario Supremus\",\"isPartOf\":{\"@id\":\"https:\\\/\\\/acuariosupremus.com\\\/#website\"},\"primaryImageOfPage\":{\"@id\":\"https:\\\/\\\/acuariosupremus.com\\\/?product=acuario-nano-bullet-12-lt#primaryimage\"},\"image\":{\"@id\":\"https:\\\/\\\/acuariosupremus.com\\\/?product=acuario-nano-bullet-12-lt#primaryimage\"},\"thumbnailUrl\":\"https:\\\/\\\/acuariosupremus.com\\\/wp-content\\\/uploads\\\/2022\\\/02\\\/FL7956_L.jpg\",\"datePublished\":\"2022-02-03T20:29:23+00:00\",\"dateModified\":\"2026-04-23T01:19:27+00:00\",\"description\":\"Kit de acuario ecol\u00f3gico para escritorio con filtro de etapas m\u00faltiples y lampara LED de bajo consumo bullet 12 litros.\",\"breadcrumb\":{\"@id\":\"https:\\\/\\\/acuariosupremus.com\\\/?product=acuario-nano-bullet-12-lt#breadcrumb\"},\"inLanguage\":\"es\",\"potentialAction\":[{\"@type\":\"ReadAction\",\"target\":[\"https:\\\/\\\/acuariosupremus.com\\\/?product=acuario-nano-bullet-12-lt\"]}]},{\"@type\":\"ImageObject\",\"inLanguage\":\"es\",\"@id\":\"https:\\\/\\\/acuariosupremus.com\\\/?product=acuario-nano-bullet-12-lt#primaryimage\",\"url\":\"https:\\\/\\\/acuariosupremus.com\\\/wp-content\\\/uploads\\\/2022\\\/02\\\/FL7956_L.jpg\",\"contentUrl\":\"https:\\\/\\\/acuariosupremus.com\\\/wp-content\\\/uploads\\\/2022\\\/02\\\/FL7956_L.jpg\",\"width\":1000,\"height\":1000},{\"@type\":\"BreadcrumbList\",\"@id\":\"https:\\\/\\\/acuariosupremus.com\\\/?product=acuario-nano-bullet-12-lt#breadcrumb\",\"itemListElement\":[{\"@type\":\"ListItem\",\"position\":1,\"name\":\"Portada\",\"item\":\"https:\\\/\\\/acuariosupremus.com\\\/\"},{\"@type\":\"ListItem\",\"position\":2,\"name\":\"Tienda\",\"item\":\"https:\\\/\\\/acuariosupremus.com\\\/tienda\\\/\"},{\"@type\":\"ListItem\",\"position\":3,\"name\":\"ACUARIO NANO BULLET 12 LT\"}]},{\"@type\":\"WebSite\",\"@id\":\"https:\\\/\\\/acuariosupremus.com\\\/#website\",\"url\":\"https:\\\/\\\/acuariosupremus.com\\\/\",\"name\":\"Acuario Supremus\",\"description\":\"Peces, Peceras y Mascotas.\",\"publisher\":{\"@id\":\"https:\\\/\\\/acuariosupremus.com\\\/#organization\"},\"potentialAction\":[{\"@type\":\"SearchAction\",\"target\":{\"@type\":\"EntryPoint\",\"urlTemplate\":\"https:\\\/\\\/acuariosupremus.com\\\/?s={search_term_string}\"},\"query-input\":{\"@type\":\"PropertyValueSpecification\",\"valueRequired\":true,\"valueName\":\"search_term_string\"}}],\"inLanguage\":\"es\"},{\"@type\":\"Organization\",\"@id\":\"https:\\\/\\\/acuariosupremus.com\\\/#organization\",\"name\":\"Acuario Supremus\",\"url\":\"https:\\\/\\\/acuariosupremus.com\\\/\",\"logo\":{\"@type\":\"ImageObject\",\"inLanguage\":\"es\",\"@id\":\"https:\\\/\\\/acuariosupremus.com\\\/#\\\/schema\\\/logo\\\/image\\\/\",\"url\":\"https:\\\/\\\/acuariosupremus.com\\\/wp-content\\\/uploads\\\/2021\\\/12\\\/cropped-logo_acuario_supremus_fn-2.png\",\"contentUrl\":\"https:\\\/\\\/acuariosupremus.com\\\/wp-content\\\/uploads\\\/2021\\\/12\\\/cropped-logo_acuario_supremus_fn-2.png\",\"width\":1000,\"height\":318,\"caption\":\"Acuario Supremus\"},\"image\":{\"@id\":\"https:\\\/\\\/acuariosupremus.com\\\/#\\\/schema\\\/logo\\\/image\\\/\"},\"sameAs\":[\"https:\\\/\\\/www.facebook.com\\\/AcuarioSupremus\",\"https:\\\/\\\/x.com\\\/AcuarioSupremus\",\"https:\\\/\\\/www.instagram.com\\\/acuariosupremus\\\/?hl=es\"]}]}<\/script>\n<!-- \/ Yoast SEO plugin. -->","yoast_head_json":{"title":"ACUARIO NANO BULLET 12 LT | Acuario Supremus","description":"Kit de acuario ecol\u00f3gico para escritorio con filtro de etapas m\u00faltiples y lampara LED de bajo consumo bullet 12 litros.","robots":{"index":"index","follow":"follow","max-snippet":"max-snippet:-1","max-image-preview":"max-image-preview:large","max-video-preview":"max-video-preview:-1"},"canonical":"https:\/\/acuariosupremus.com\/?product=acuario-nano-bullet-12-lt","og_locale":"es_MX","og_type":"article","og_title":"ACUARIO NANO BULLET 12 LT | Acuario Supremus","og_description":"Kit de acuario ecol\u00f3gico para escritorio con filtro de etapas m\u00faltiples y lampara LED de bajo consumo bullet 12 litros.","og_url":"https:\/\/acuariosupremus.com\/?product=acuario-nano-bullet-12-lt","og_site_name":"Acuario Supremus","article_publisher":"https:\/\/www.facebook.com\/AcuarioSupremus","article_modified_time":"2026-04-23T01:19:27+00:00","og_image":[{"width":1000,"height":1000,"url":"https:\/\/acuariosupremus.com\/wp-content\/uploads\/2022\/02\/FL7956_L.jpg","type":"image\/jpeg"}],"twitter_card":"summary_large_image","twitter_site":"@AcuarioSupremus","twitter_misc":{"Tiempo de lectura":"1 minuto"},"schema":{"@context":"https:\/\/schema.org","@graph":[{"@type":"WebPage","@id":"https:\/\/acuariosupremus.com\/?product=acuario-nano-bullet-12-lt","url":"https:\/\/acuariosupremus.com\/?product=acuario-nano-bullet-12-lt","name":"ACUARIO NANO BULLET 12 LT | Acuario Supremus","isPartOf":{"@id":"https:\/\/acuariosupremus.com\/#website"},"primaryImageOfPage":{"@id":"https:\/\/acuariosupremus.com\/?product=acuario-nano-bullet-12-lt#primaryimage"},"image":{"@id":"https:\/\/acuariosupremus.com\/?product=acuario-nano-bullet-12-lt#primaryimage"},"thumbnailUrl":"https:\/\/acuariosupremus.com\/wp-content\/uploads\/2022\/02\/FL7956_L.jpg","datePublished":"2022-02-03T20:29:23+00:00","dateModified":"2026-04-23T01:19:27+00:00","description":"Kit de acuario ecol\u00f3gico para escritorio con filtro de etapas m\u00faltiples y lampara LED de bajo consumo bullet 12 litros.","breadcrumb":{"@id":"https:\/\/acuariosupremus.com\/?product=acuario-nano-bullet-12-lt#breadcrumb"},"inLanguage":"es","potentialAction":[{"@type":"ReadAction","target":["https:\/\/acuariosupremus.com\/?product=acuario-nano-bullet-12-lt"]}]},{"@type":"ImageObject","inLanguage":"es","@id":"https:\/\/acuariosupremus.com\/?product=acuario-nano-bullet-12-lt#primaryimage","url":"https:\/\/acuariosupremus.com\/wp-content\/uploads\/2022\/02\/FL7956_L.jpg","contentUrl":"https:\/\/acuariosupremus.com\/wp-content\/uploads\/2022\/02\/FL7956_L.jpg","width":1000,"height":1000},{"@type":"BreadcrumbList","@id":"https:\/\/acuariosupremus.com\/?product=acuario-nano-bullet-12-lt#breadcrumb","itemListElement":[{"@type":"ListItem","position":1,"name":"Portada","item":"https:\/\/acuariosupremus.com\/"},{"@type":"ListItem","position":2,"name":"Tienda","item":"https:\/\/acuariosupremus.com\/tienda\/"},{"@type":"ListItem","position":3,"name":"ACUARIO NANO BULLET 12 LT"}]},{"@type":"WebSite","@id":"https:\/\/acuariosupremus.com\/#website","url":"https:\/\/acuariosupremus.com\/","name":"Acuario Supremus","description":"Peces, Peceras y Mascotas.","publisher":{"@id":"https:\/\/acuariosupremus.com\/#organization"},"potentialAction":[{"@type":"SearchAction","target":{"@type":"EntryPoint","urlTemplate":"https:\/\/acuariosupremus.com\/?s={search_term_string}"},"query-input":{"@type":"PropertyValueSpecification","valueRequired":true,"valueName":"search_term_string"}}],"inLanguage":"es"},{"@type":"Organization","@id":"https:\/\/acuariosupremus.com\/#organization","name":"Acuario Supremus","url":"https:\/\/acuariosupremus.com\/","logo":{"@type":"ImageObject","inLanguage":"es","@id":"https:\/\/acuariosupremus.com\/#\/schema\/logo\/image\/","url":"https:\/\/acuariosupremus.com\/wp-content\/uploads\/2021\/12\/cropped-logo_acuario_supremus_fn-2.png","contentUrl":"https:\/\/acuariosupremus.com\/wp-content\/uploads\/2021\/12\/cropped-logo_acuario_supremus_fn-2.png","width":1000,"height":318,"caption":"Acuario Supremus"},"image":{"@id":"https:\/\/acuariosupremus.com\/#\/schema\/logo\/image\/"},"sameAs":["https:\/\/www.facebook.com\/AcuarioSupremus","https:\/\/x.com\/AcuarioSupremus","https:\/\/www.instagram.com\/acuariosupremus\/?hl=es"]}]}},"jetpack_sharing_enabled":true,"_links":{"self":[{"href":"https:\/\/acuariosupremus.com\/index.php?rest_route=\/wp\/v2\/product\/1915","targetHints":{"allow":["GET"]}}],"collection":[{"href":"https:\/\/acuariosupremus.com\/index.php?rest_route=\/wp\/v2\/product"}],"about":[{"href":"https:\/\/acuariosupremus.com\/index.php?rest_route=\/wp\/v2\/types\/product"}],"wp:featuredmedia":[{"embeddable":true,"href":"https:\/\/acuariosupremus.com\/index.php?rest_route=\/wp\/v2\/media\/1916"}],"wp:attachment":[{"href":"https:\/\/acuariosupremus.com\/index.php?rest_route=%2Fwp%2Fv2%2Fmedia&parent=1915"}],"wp:term":[{"taxonomy":"product_brand","embeddable":true,"href":"https:\/\/acuariosupremus.com\/index.php?rest_route=%2Fwp%2Fv2%2Fproduct_brand&post=1915"},{"taxonomy":"product_cat","embeddable":true,"href":"https:\/\/acuariosupremus.com\/index.php?rest_route=%2Fwp%2Fv2%2Fproduct_cat&post=1915"},{"taxonomy":"product_tag","embeddable":true,"href":"https:\/\/acuariosupremus.com\/index.php?rest_route=%2Fwp%2Fv2%2Fproduct_tag&post=1915"}],"curies":[{"name":"wp","href":"https:\/\/api.w.org\/{rel}","templated":true}]}}