{"id":1992,"date":"2022-02-03T16:57:04","date_gmt":"2022-02-03T22:57:04","guid":{"rendered":"https:\/\/acuariosupremus.com\/?post_type=product&#038;p=1992"},"modified":"2025-12-16T17:11:32","modified_gmt":"2025-12-16T23:11:32","slug":"acuario-fluval-flex-57-lt-negro","status":"publish","type":"product","link":"https:\/\/acuariosupremus.com\/?product=acuario-fluval-flex-57-lt-negro","title":{"rendered":"ACUARIO FLUVAL FLEX 57 LT NEGRO."},"content":{"rendered":"<p>Potente filtraci\u00f3n de 3 etapas: Incluye un sistema de filtraci\u00f3n potente de 3 etapas para mantener el agua cristalina. Cuenata<br \/>\ncon un foamex de gran superficie como etapa mec\u00e1nica, carb\u00f3n activo para la filtraci\u00f3n qu\u00edmica y los canutillos Biomax para la etapa biol\u00f3gica. Despu\u00e9s de pasar por todas las etapas sale limpia de vuelta al acuario a trav\u00e9s de boquillas multidireccionales.<br \/>\nTodo el equipo t\u00e9cnico del acuario queda oculto y fuera de la vista, en la parte trasera del acuario. Adem\u00e1s tiene espacio<br \/>\nsuficiente para colocar un calentador.<br \/>\nEspecificaciones t\u00e9cnicas:<br \/>\nPotencia LED: 10.8 W<br \/>\nLUX: 2450<br \/>\nN\u00famero de LEDs: 48+6<br \/>\nTemperatura de color: 7500 K<br \/>\nRendimiento de la bomba: 500 l\/h<br \/>\nMedidas:<br \/>\n<strong>41 x 39 x 39 cm<\/strong><br \/>\nPeso\/Capacidad:<br \/>\n<strong>57 litros<\/strong><\/p>\n","protected":false},"excerpt":{"rendered":"<p>Los acuarios nano Fluval Flex posee un estilo contempor\u00e1neo con el distintivo cristal frontal c\u00f3ncavo.<br \/>\nEl acuario est\u00e1 equipado con un potente sistema de filtraci\u00f3n de 3 etapas y un mando a distancia infrarrojo que te permite seleccionar entre varios colores y efectos especiales.<br \/>\nCuenta con potentes LEDs con una temperatura de color de 7500K.<\/p>\n<p>Iluminaci\u00f3n LED con mando: El Mando FlexPad permite cambiar de colores, con hasta 80 combinaciones. Se pueden encender y apagar, as\u00ed como controlar la intensidad de las LED blancas y las rojas, verdes y azules por separado. Tambien incluye 3 efectos especiales: amanacer\/atardecer, tormenta y ciclo de luces.<\/p>\n","protected":false},"featured_media":1993,"template":"","meta":[],"product_brand":[],"product_cat":[40,53],"product_tag":[],"class_list":{"0":"post-1992","1":"product","2":"type-product","3":"status-publish","4":"has-post-thumbnail","6":"product_cat-peces","7":"product_cat-peceras","9":"first","10":"outofstock","11":"sale","12":"shipping-taxable","13":"purchasable","14":"product-type-simple"},"yoast_head":"<!-- This site is optimized with the Yoast SEO plugin v27.4 - https:\/\/yoast.com\/product\/yoast-seo-wordpress\/ -->\n<title>ACUARIO FLUVAL FLEX 57 LT NEGRO. | Acuario Supremus<\/title>\n<meta name=\"description\" content=\"Acuario Fluval Flex 57 lts, sistema filtraci\u00f3n de 3 etapas, con Luces LEDs y control remoto permite cambiar de colores hasta 80 combinaciones.\" \/>\n<meta name=\"robots\" content=\"index, follow, max-snippet:-1, max-image-preview:large, max-video-preview:-1\" \/>\n<link rel=\"canonical\" href=\"https:\/\/acuariosupremus.com\/?product=acuario-fluval-flex-57-lt-negro\" \/>\n<meta property=\"og:locale\" content=\"es_MX\" \/>\n<meta property=\"og:type\" content=\"article\" \/>\n<meta property=\"og:title\" content=\"ACUARIO FLUVAL FLEX 57 LT NEGRO. | Acuario Supremus\" \/>\n<meta property=\"og:description\" content=\"Acuario Fluval Flex 57 lts, sistema filtraci\u00f3n de 3 etapas, con Luces LEDs y control remoto permite cambiar de colores hasta 80 combinaciones.\" \/>\n<meta property=\"og:url\" content=\"https:\/\/acuariosupremus.com\/?product=acuario-fluval-flex-57-lt-negro\" \/>\n<meta property=\"og:site_name\" content=\"Acuario Supremus\" \/>\n<meta property=\"article:publisher\" content=\"https:\/\/www.facebook.com\/AcuarioSupremus\" \/>\n<meta property=\"article:modified_time\" content=\"2025-12-16T23:11:32+00:00\" \/>\n<meta property=\"og:image\" content=\"https:\/\/acuariosupremus.com\/wp-content\/uploads\/2022\/02\/HA15006.jpg\" \/>\n\t<meta property=\"og:image:width\" content=\"1000\" \/>\n\t<meta property=\"og:image:height\" content=\"1000\" \/>\n\t<meta property=\"og:image:type\" content=\"image\/jpeg\" \/>\n<meta name=\"twitter:card\" content=\"summary_large_image\" \/>\n<meta name=\"twitter:site\" content=\"@AcuarioSupremus\" \/>\n<meta name=\"twitter:label1\" content=\"Tiempo de lectura\" \/>\n\t<meta name=\"twitter:data1\" content=\"1 minuto\" \/>\n<script type=\"application\/ld+json\" class=\"yoast-schema-graph\">{\"@context\":\"https:\\\/\\\/schema.org\",\"@graph\":[{\"@type\":\"WebPage\",\"@id\":\"https:\\\/\\\/acuariosupremus.com\\\/?product=acuario-fluval-flex-57-lt-negro\",\"url\":\"https:\\\/\\\/acuariosupremus.com\\\/?product=acuario-fluval-flex-57-lt-negro\",\"name\":\"ACUARIO FLUVAL FLEX 57 LT NEGRO. | Acuario Supremus\",\"isPartOf\":{\"@id\":\"https:\\\/\\\/acuariosupremus.com\\\/#website\"},\"primaryImageOfPage\":{\"@id\":\"https:\\\/\\\/acuariosupremus.com\\\/?product=acuario-fluval-flex-57-lt-negro#primaryimage\"},\"image\":{\"@id\":\"https:\\\/\\\/acuariosupremus.com\\\/?product=acuario-fluval-flex-57-lt-negro#primaryimage\"},\"thumbnailUrl\":\"https:\\\/\\\/acuariosupremus.com\\\/wp-content\\\/uploads\\\/2022\\\/02\\\/HA15006.jpg\",\"datePublished\":\"2022-02-03T22:57:04+00:00\",\"dateModified\":\"2025-12-16T23:11:32+00:00\",\"description\":\"Acuario Fluval Flex 57 lts, sistema filtraci\u00f3n de 3 etapas, con Luces LEDs y control remoto permite cambiar de colores hasta 80 combinaciones.\",\"breadcrumb\":{\"@id\":\"https:\\\/\\\/acuariosupremus.com\\\/?product=acuario-fluval-flex-57-lt-negro#breadcrumb\"},\"inLanguage\":\"es\",\"potentialAction\":[{\"@type\":\"ReadAction\",\"target\":[\"https:\\\/\\\/acuariosupremus.com\\\/?product=acuario-fluval-flex-57-lt-negro\"]}]},{\"@type\":\"ImageObject\",\"inLanguage\":\"es\",\"@id\":\"https:\\\/\\\/acuariosupremus.com\\\/?product=acuario-fluval-flex-57-lt-negro#primaryimage\",\"url\":\"https:\\\/\\\/acuariosupremus.com\\\/wp-content\\\/uploads\\\/2022\\\/02\\\/HA15006.jpg\",\"contentUrl\":\"https:\\\/\\\/acuariosupremus.com\\\/wp-content\\\/uploads\\\/2022\\\/02\\\/HA15006.jpg\",\"width\":1000,\"height\":1000},{\"@type\":\"BreadcrumbList\",\"@id\":\"https:\\\/\\\/acuariosupremus.com\\\/?product=acuario-fluval-flex-57-lt-negro#breadcrumb\",\"itemListElement\":[{\"@type\":\"ListItem\",\"position\":1,\"name\":\"Portada\",\"item\":\"https:\\\/\\\/acuariosupremus.com\\\/\"},{\"@type\":\"ListItem\",\"position\":2,\"name\":\"Tienda\",\"item\":\"https:\\\/\\\/acuariosupremus.com\\\/tienda\\\/\"},{\"@type\":\"ListItem\",\"position\":3,\"name\":\"ACUARIO FLUVAL FLEX 57 LT NEGRO.\"}]},{\"@type\":\"WebSite\",\"@id\":\"https:\\\/\\\/acuariosupremus.com\\\/#website\",\"url\":\"https:\\\/\\\/acuariosupremus.com\\\/\",\"name\":\"Acuario Supremus\",\"description\":\"Peces, Peceras y Mascotas.\",\"publisher\":{\"@id\":\"https:\\\/\\\/acuariosupremus.com\\\/#organization\"},\"potentialAction\":[{\"@type\":\"SearchAction\",\"target\":{\"@type\":\"EntryPoint\",\"urlTemplate\":\"https:\\\/\\\/acuariosupremus.com\\\/?s={search_term_string}\"},\"query-input\":{\"@type\":\"PropertyValueSpecification\",\"valueRequired\":true,\"valueName\":\"search_term_string\"}}],\"inLanguage\":\"es\"},{\"@type\":\"Organization\",\"@id\":\"https:\\\/\\\/acuariosupremus.com\\\/#organization\",\"name\":\"Acuario Supremus\",\"url\":\"https:\\\/\\\/acuariosupremus.com\\\/\",\"logo\":{\"@type\":\"ImageObject\",\"inLanguage\":\"es\",\"@id\":\"https:\\\/\\\/acuariosupremus.com\\\/#\\\/schema\\\/logo\\\/image\\\/\",\"url\":\"https:\\\/\\\/acuariosupremus.com\\\/wp-content\\\/uploads\\\/2021\\\/12\\\/cropped-logo_acuario_supremus_fn-2.png\",\"contentUrl\":\"https:\\\/\\\/acuariosupremus.com\\\/wp-content\\\/uploads\\\/2021\\\/12\\\/cropped-logo_acuario_supremus_fn-2.png\",\"width\":1000,\"height\":318,\"caption\":\"Acuario Supremus\"},\"image\":{\"@id\":\"https:\\\/\\\/acuariosupremus.com\\\/#\\\/schema\\\/logo\\\/image\\\/\"},\"sameAs\":[\"https:\\\/\\\/www.facebook.com\\\/AcuarioSupremus\",\"https:\\\/\\\/x.com\\\/AcuarioSupremus\",\"https:\\\/\\\/www.instagram.com\\\/acuariosupremus\\\/?hl=es\"]}]}<\/script>\n<!-- \/ Yoast SEO plugin. -->","yoast_head_json":{"title":"ACUARIO FLUVAL FLEX 57 LT NEGRO. | Acuario Supremus","description":"Acuario Fluval Flex 57 lts, sistema filtraci\u00f3n de 3 etapas, con Luces LEDs y control remoto permite cambiar de colores hasta 80 combinaciones.","robots":{"index":"index","follow":"follow","max-snippet":"max-snippet:-1","max-image-preview":"max-image-preview:large","max-video-preview":"max-video-preview:-1"},"canonical":"https:\/\/acuariosupremus.com\/?product=acuario-fluval-flex-57-lt-negro","og_locale":"es_MX","og_type":"article","og_title":"ACUARIO FLUVAL FLEX 57 LT NEGRO. | Acuario Supremus","og_description":"Acuario Fluval Flex 57 lts, sistema filtraci\u00f3n de 3 etapas, con Luces LEDs y control remoto permite cambiar de colores hasta 80 combinaciones.","og_url":"https:\/\/acuariosupremus.com\/?product=acuario-fluval-flex-57-lt-negro","og_site_name":"Acuario Supremus","article_publisher":"https:\/\/www.facebook.com\/AcuarioSupremus","article_modified_time":"2025-12-16T23:11:32+00:00","og_image":[{"width":1000,"height":1000,"url":"https:\/\/acuariosupremus.com\/wp-content\/uploads\/2022\/02\/HA15006.jpg","type":"image\/jpeg"}],"twitter_card":"summary_large_image","twitter_site":"@AcuarioSupremus","twitter_misc":{"Tiempo de lectura":"1 minuto"},"schema":{"@context":"https:\/\/schema.org","@graph":[{"@type":"WebPage","@id":"https:\/\/acuariosupremus.com\/?product=acuario-fluval-flex-57-lt-negro","url":"https:\/\/acuariosupremus.com\/?product=acuario-fluval-flex-57-lt-negro","name":"ACUARIO FLUVAL FLEX 57 LT NEGRO. | Acuario Supremus","isPartOf":{"@id":"https:\/\/acuariosupremus.com\/#website"},"primaryImageOfPage":{"@id":"https:\/\/acuariosupremus.com\/?product=acuario-fluval-flex-57-lt-negro#primaryimage"},"image":{"@id":"https:\/\/acuariosupremus.com\/?product=acuario-fluval-flex-57-lt-negro#primaryimage"},"thumbnailUrl":"https:\/\/acuariosupremus.com\/wp-content\/uploads\/2022\/02\/HA15006.jpg","datePublished":"2022-02-03T22:57:04+00:00","dateModified":"2025-12-16T23:11:32+00:00","description":"Acuario Fluval Flex 57 lts, sistema filtraci\u00f3n de 3 etapas, con Luces LEDs y control remoto permite cambiar de colores hasta 80 combinaciones.","breadcrumb":{"@id":"https:\/\/acuariosupremus.com\/?product=acuario-fluval-flex-57-lt-negro#breadcrumb"},"inLanguage":"es","potentialAction":[{"@type":"ReadAction","target":["https:\/\/acuariosupremus.com\/?product=acuario-fluval-flex-57-lt-negro"]}]},{"@type":"ImageObject","inLanguage":"es","@id":"https:\/\/acuariosupremus.com\/?product=acuario-fluval-flex-57-lt-negro#primaryimage","url":"https:\/\/acuariosupremus.com\/wp-content\/uploads\/2022\/02\/HA15006.jpg","contentUrl":"https:\/\/acuariosupremus.com\/wp-content\/uploads\/2022\/02\/HA15006.jpg","width":1000,"height":1000},{"@type":"BreadcrumbList","@id":"https:\/\/acuariosupremus.com\/?product=acuario-fluval-flex-57-lt-negro#breadcrumb","itemListElement":[{"@type":"ListItem","position":1,"name":"Portada","item":"https:\/\/acuariosupremus.com\/"},{"@type":"ListItem","position":2,"name":"Tienda","item":"https:\/\/acuariosupremus.com\/tienda\/"},{"@type":"ListItem","position":3,"name":"ACUARIO FLUVAL FLEX 57 LT NEGRO."}]},{"@type":"WebSite","@id":"https:\/\/acuariosupremus.com\/#website","url":"https:\/\/acuariosupremus.com\/","name":"Acuario Supremus","description":"Peces, Peceras y Mascotas.","publisher":{"@id":"https:\/\/acuariosupremus.com\/#organization"},"potentialAction":[{"@type":"SearchAction","target":{"@type":"EntryPoint","urlTemplate":"https:\/\/acuariosupremus.com\/?s={search_term_string}"},"query-input":{"@type":"PropertyValueSpecification","valueRequired":true,"valueName":"search_term_string"}}],"inLanguage":"es"},{"@type":"Organization","@id":"https:\/\/acuariosupremus.com\/#organization","name":"Acuario Supremus","url":"https:\/\/acuariosupremus.com\/","logo":{"@type":"ImageObject","inLanguage":"es","@id":"https:\/\/acuariosupremus.com\/#\/schema\/logo\/image\/","url":"https:\/\/acuariosupremus.com\/wp-content\/uploads\/2021\/12\/cropped-logo_acuario_supremus_fn-2.png","contentUrl":"https:\/\/acuariosupremus.com\/wp-content\/uploads\/2021\/12\/cropped-logo_acuario_supremus_fn-2.png","width":1000,"height":318,"caption":"Acuario Supremus"},"image":{"@id":"https:\/\/acuariosupremus.com\/#\/schema\/logo\/image\/"},"sameAs":["https:\/\/www.facebook.com\/AcuarioSupremus","https:\/\/x.com\/AcuarioSupremus","https:\/\/www.instagram.com\/acuariosupremus\/?hl=es"]}]}},"jetpack_sharing_enabled":true,"_links":{"self":[{"href":"https:\/\/acuariosupremus.com\/index.php?rest_route=\/wp\/v2\/product\/1992","targetHints":{"allow":["GET"]}}],"collection":[{"href":"https:\/\/acuariosupremus.com\/index.php?rest_route=\/wp\/v2\/product"}],"about":[{"href":"https:\/\/acuariosupremus.com\/index.php?rest_route=\/wp\/v2\/types\/product"}],"wp:featuredmedia":[{"embeddable":true,"href":"https:\/\/acuariosupremus.com\/index.php?rest_route=\/wp\/v2\/media\/1993"}],"wp:attachment":[{"href":"https:\/\/acuariosupremus.com\/index.php?rest_route=%2Fwp%2Fv2%2Fmedia&parent=1992"}],"wp:term":[{"taxonomy":"product_brand","embeddable":true,"href":"https:\/\/acuariosupremus.com\/index.php?rest_route=%2Fwp%2Fv2%2Fproduct_brand&post=1992"},{"taxonomy":"product_cat","embeddable":true,"href":"https:\/\/acuariosupremus.com\/index.php?rest_route=%2Fwp%2Fv2%2Fproduct_cat&post=1992"},{"taxonomy":"product_tag","embeddable":true,"href":"https:\/\/acuariosupremus.com\/index.php?rest_route=%2Fwp%2Fv2%2Fproduct_tag&post=1992"}],"curies":[{"name":"wp","href":"https:\/\/api.w.org\/{rel}","templated":true}]}}