{"id":2059,"date":"2022-02-04T19:28:41","date_gmt":"2022-02-05T01:28:41","guid":{"rendered":"https:\/\/acuariosupremus.com\/?post_type=product&#038;p=2059"},"modified":"2026-04-23T13:07:10","modified_gmt":"2026-04-23T19:07:10","slug":"sal-marina-reef-crystals-160-gal-605-7-l","status":"publish","type":"product","link":"https:\/\/acuariosupremus.com\/?product=sal-marina-reef-crystals-160-gal-605-7-l","title":{"rendered":"SAL MARINA REEF CRYSTALS 160 GAL."},"content":{"rendered":"<p>Beneficios:<br \/>\n&#8211; Proporciona una solubilidad conveniente, por estar lista para utilizar, alcanzar y mantener r\u00e1pidamente el nivel ideal de pH,<br \/>\ncon la seguridad de que no alterar\u00e1 los valores del acuario.<br \/>\n&#8211; Libre de fosfatos y nitratos, los cuales causan el crecimiento de algas y deterioro de la calidad del agua.<br \/>\nRecomendaciones:<br \/>\nAunque la soluci\u00f3n puede usarse inmediatamente, se aconseja airear el agua hasta que se logra un equilibrio de<br \/>\nox\u00edgeno\/di\u00f3xido de carbono. Se formula para crear 160 galones de agua salada con una gravedad espec\u00edfica de 1.021. Mida la gravedad espec\u00edfica con un hidr\u00f3metro Instant Ocean.<br \/>\nNota sobre uso: Nunca mezcle sal en un acuario que contenga animales.<br \/>\nEste producto no es apto para consumo humano. En acuarios nuevos: Una vez ajustada la gravedad espec\u00edfica y que la sal se<br \/>\nhaya mezclado completamente y el agua aireado, puede trasladar a los peces al acuario. La siguiente tabla muestra el<br \/>\npromedio de calcio y los niveles de magnesio en diferentes salinidades de agua filtrada por \u00f3smosis inversa.<br \/>\nGravedad espec\u00edfica a 27\u00b0C Salinidad\u00a0 \u00a0 \u00a0 Calcio\u00a0 \u00a0 \u00a0 \u00a0 \u00a0Magnesio<br \/>\n1.021 28.5ppt 370ppm 1095ppm<br \/>\n1.023 31.1ppt 405ppm 1200ppm<br \/>\n1.026 35ppt\u00a0 \u00a0455ppm\u00a0 \u00a01345ppm<br \/>\nPeso\/Capacidad:<br \/>\n20 Kg(44.8 Lbs)\/160 Gal.<\/p>\n","protected":false},"excerpt":{"rendered":"<p>Extra calcio y magnesio para ayudar a asegurar el crecimiento de los corales duros, grandes y peque\u00f1os p\u00f3lipos y algas coralinas. Elementos traza adicionales (oligoelementos) para proporcionar una cantidad adicional de nutrientes vitales. Vitaminas adicionales para asegurar un crecimiento vigoroso y la supervivencia de los corales, an\u00e9monas y otros invertebrados en un ambiente cautivo. Desintoxicante para neutralizar metales pesados traza presentes a menudo en los suministros de agua para uso dom\u00e9stico.<\/p>\n","protected":false},"featured_media":2060,"template":"","meta":[],"product_brand":[113],"product_cat":[40,61],"product_tag":[178,185,239],"class_list":{"0":"post-2059","1":"product","2":"type-product","3":"status-publish","4":"has-post-thumbnail","6":"product_brand-instantocean","7":"product_cat-peces","8":"product_cat-sales","9":"product_tag-arrecife","10":"product_tag-peces-marinos","11":"product_tag-sal-marina","13":"first","14":"instock","15":"sale","16":"shipping-taxable","17":"purchasable","18":"product-type-simple"},"yoast_head":"<!-- This site is optimized with the Yoast SEO plugin v27.4 - https:\/\/yoast.com\/product\/yoast-seo-wordpress\/ -->\n<title>SAL MARINA REEF CRYSTALS 160 GAL. | Acuario Supremus<\/title>\n<meta name=\"description\" content=\"Reef Crystals 160 gal, Extra calcio y magnesio para ayudar a asegurar el crecimiento de los corales duros, peque\u00f1os p\u00f3lipos y algas coralinas.\" \/>\n<meta name=\"robots\" content=\"index, follow, max-snippet:-1, max-image-preview:large, max-video-preview:-1\" \/>\n<link rel=\"canonical\" href=\"https:\/\/acuariosupremus.com\/?product=sal-marina-reef-crystals-160-gal-605-7-l\" \/>\n<meta property=\"og:locale\" content=\"es_MX\" \/>\n<meta property=\"og:type\" content=\"article\" \/>\n<meta property=\"og:title\" content=\"SAL MARINA REEF CRYSTALS 160 GAL. | Acuario Supremus\" \/>\n<meta property=\"og:description\" content=\"Reef Crystals 160 gal, Extra calcio y magnesio para ayudar a asegurar el crecimiento de los corales duros, peque\u00f1os p\u00f3lipos y algas coralinas.\" \/>\n<meta property=\"og:url\" content=\"https:\/\/acuariosupremus.com\/?product=sal-marina-reef-crystals-160-gal-605-7-l\" \/>\n<meta property=\"og:site_name\" content=\"Acuario Supremus\" \/>\n<meta property=\"article:publisher\" content=\"https:\/\/www.facebook.com\/AcuarioSupremus\" \/>\n<meta property=\"article:modified_time\" content=\"2026-04-23T19:07:10+00:00\" \/>\n<meta property=\"og:image\" content=\"https:\/\/acuariosupremus.com\/wp-content\/uploads\/2022\/02\/IORC1-160P.jpg\" \/>\n\t<meta property=\"og:image:width\" content=\"1000\" \/>\n\t<meta property=\"og:image:height\" content=\"1000\" \/>\n\t<meta property=\"og:image:type\" content=\"image\/jpeg\" \/>\n<meta name=\"twitter:card\" content=\"summary_large_image\" \/>\n<meta name=\"twitter:site\" content=\"@AcuarioSupremus\" \/>\n<meta name=\"twitter:label1\" content=\"Tiempo de lectura\" \/>\n\t<meta name=\"twitter:data1\" content=\"1 minuto\" \/>\n<script type=\"application\/ld+json\" class=\"yoast-schema-graph\">{\"@context\":\"https:\\\/\\\/schema.org\",\"@graph\":[{\"@type\":\"WebPage\",\"@id\":\"https:\\\/\\\/acuariosupremus.com\\\/?product=sal-marina-reef-crystals-160-gal-605-7-l\",\"url\":\"https:\\\/\\\/acuariosupremus.com\\\/?product=sal-marina-reef-crystals-160-gal-605-7-l\",\"name\":\"SAL MARINA REEF CRYSTALS 160 GAL. | Acuario Supremus\",\"isPartOf\":{\"@id\":\"https:\\\/\\\/acuariosupremus.com\\\/#website\"},\"primaryImageOfPage\":{\"@id\":\"https:\\\/\\\/acuariosupremus.com\\\/?product=sal-marina-reef-crystals-160-gal-605-7-l#primaryimage\"},\"image\":{\"@id\":\"https:\\\/\\\/acuariosupremus.com\\\/?product=sal-marina-reef-crystals-160-gal-605-7-l#primaryimage\"},\"thumbnailUrl\":\"https:\\\/\\\/acuariosupremus.com\\\/wp-content\\\/uploads\\\/2022\\\/02\\\/IORC1-160P.jpg\",\"datePublished\":\"2022-02-05T01:28:41+00:00\",\"dateModified\":\"2026-04-23T19:07:10+00:00\",\"description\":\"Reef Crystals 160 gal, Extra calcio y magnesio para ayudar a asegurar el crecimiento de los corales duros, peque\u00f1os p\u00f3lipos y algas coralinas.\",\"breadcrumb\":{\"@id\":\"https:\\\/\\\/acuariosupremus.com\\\/?product=sal-marina-reef-crystals-160-gal-605-7-l#breadcrumb\"},\"inLanguage\":\"es\",\"potentialAction\":[{\"@type\":\"ReadAction\",\"target\":[\"https:\\\/\\\/acuariosupremus.com\\\/?product=sal-marina-reef-crystals-160-gal-605-7-l\"]}]},{\"@type\":\"ImageObject\",\"inLanguage\":\"es\",\"@id\":\"https:\\\/\\\/acuariosupremus.com\\\/?product=sal-marina-reef-crystals-160-gal-605-7-l#primaryimage\",\"url\":\"https:\\\/\\\/acuariosupremus.com\\\/wp-content\\\/uploads\\\/2022\\\/02\\\/IORC1-160P.jpg\",\"contentUrl\":\"https:\\\/\\\/acuariosupremus.com\\\/wp-content\\\/uploads\\\/2022\\\/02\\\/IORC1-160P.jpg\",\"width\":1000,\"height\":1000},{\"@type\":\"BreadcrumbList\",\"@id\":\"https:\\\/\\\/acuariosupremus.com\\\/?product=sal-marina-reef-crystals-160-gal-605-7-l#breadcrumb\",\"itemListElement\":[{\"@type\":\"ListItem\",\"position\":1,\"name\":\"Portada\",\"item\":\"https:\\\/\\\/acuariosupremus.com\\\/\"},{\"@type\":\"ListItem\",\"position\":2,\"name\":\"Tienda\",\"item\":\"https:\\\/\\\/acuariosupremus.com\\\/tienda\\\/\"},{\"@type\":\"ListItem\",\"position\":3,\"name\":\"SAL MARINA REEF CRYSTALS 160 GAL.\"}]},{\"@type\":\"WebSite\",\"@id\":\"https:\\\/\\\/acuariosupremus.com\\\/#website\",\"url\":\"https:\\\/\\\/acuariosupremus.com\\\/\",\"name\":\"Acuario Supremus\",\"description\":\"Peces, Peceras y Mascotas.\",\"publisher\":{\"@id\":\"https:\\\/\\\/acuariosupremus.com\\\/#organization\"},\"potentialAction\":[{\"@type\":\"SearchAction\",\"target\":{\"@type\":\"EntryPoint\",\"urlTemplate\":\"https:\\\/\\\/acuariosupremus.com\\\/?s={search_term_string}\"},\"query-input\":{\"@type\":\"PropertyValueSpecification\",\"valueRequired\":true,\"valueName\":\"search_term_string\"}}],\"inLanguage\":\"es\"},{\"@type\":\"Organization\",\"@id\":\"https:\\\/\\\/acuariosupremus.com\\\/#organization\",\"name\":\"Acuario Supremus\",\"url\":\"https:\\\/\\\/acuariosupremus.com\\\/\",\"logo\":{\"@type\":\"ImageObject\",\"inLanguage\":\"es\",\"@id\":\"https:\\\/\\\/acuariosupremus.com\\\/#\\\/schema\\\/logo\\\/image\\\/\",\"url\":\"https:\\\/\\\/acuariosupremus.com\\\/wp-content\\\/uploads\\\/2021\\\/12\\\/cropped-logo_acuario_supremus_fn-2.png\",\"contentUrl\":\"https:\\\/\\\/acuariosupremus.com\\\/wp-content\\\/uploads\\\/2021\\\/12\\\/cropped-logo_acuario_supremus_fn-2.png\",\"width\":1000,\"height\":318,\"caption\":\"Acuario Supremus\"},\"image\":{\"@id\":\"https:\\\/\\\/acuariosupremus.com\\\/#\\\/schema\\\/logo\\\/image\\\/\"},\"sameAs\":[\"https:\\\/\\\/www.facebook.com\\\/AcuarioSupremus\",\"https:\\\/\\\/x.com\\\/AcuarioSupremus\",\"https:\\\/\\\/www.instagram.com\\\/acuariosupremus\\\/?hl=es\"]}]}<\/script>\n<!-- \/ Yoast SEO plugin. -->","yoast_head_json":{"title":"SAL MARINA REEF CRYSTALS 160 GAL. | Acuario Supremus","description":"Reef Crystals 160 gal, Extra calcio y magnesio para ayudar a asegurar el crecimiento de los corales duros, peque\u00f1os p\u00f3lipos y algas coralinas.","robots":{"index":"index","follow":"follow","max-snippet":"max-snippet:-1","max-image-preview":"max-image-preview:large","max-video-preview":"max-video-preview:-1"},"canonical":"https:\/\/acuariosupremus.com\/?product=sal-marina-reef-crystals-160-gal-605-7-l","og_locale":"es_MX","og_type":"article","og_title":"SAL MARINA REEF CRYSTALS 160 GAL. | Acuario Supremus","og_description":"Reef Crystals 160 gal, Extra calcio y magnesio para ayudar a asegurar el crecimiento de los corales duros, peque\u00f1os p\u00f3lipos y algas coralinas.","og_url":"https:\/\/acuariosupremus.com\/?product=sal-marina-reef-crystals-160-gal-605-7-l","og_site_name":"Acuario Supremus","article_publisher":"https:\/\/www.facebook.com\/AcuarioSupremus","article_modified_time":"2026-04-23T19:07:10+00:00","og_image":[{"width":1000,"height":1000,"url":"https:\/\/acuariosupremus.com\/wp-content\/uploads\/2022\/02\/IORC1-160P.jpg","type":"image\/jpeg"}],"twitter_card":"summary_large_image","twitter_site":"@AcuarioSupremus","twitter_misc":{"Tiempo de lectura":"1 minuto"},"schema":{"@context":"https:\/\/schema.org","@graph":[{"@type":"WebPage","@id":"https:\/\/acuariosupremus.com\/?product=sal-marina-reef-crystals-160-gal-605-7-l","url":"https:\/\/acuariosupremus.com\/?product=sal-marina-reef-crystals-160-gal-605-7-l","name":"SAL MARINA REEF CRYSTALS 160 GAL. | Acuario Supremus","isPartOf":{"@id":"https:\/\/acuariosupremus.com\/#website"},"primaryImageOfPage":{"@id":"https:\/\/acuariosupremus.com\/?product=sal-marina-reef-crystals-160-gal-605-7-l#primaryimage"},"image":{"@id":"https:\/\/acuariosupremus.com\/?product=sal-marina-reef-crystals-160-gal-605-7-l#primaryimage"},"thumbnailUrl":"https:\/\/acuariosupremus.com\/wp-content\/uploads\/2022\/02\/IORC1-160P.jpg","datePublished":"2022-02-05T01:28:41+00:00","dateModified":"2026-04-23T19:07:10+00:00","description":"Reef Crystals 160 gal, Extra calcio y magnesio para ayudar a asegurar el crecimiento de los corales duros, peque\u00f1os p\u00f3lipos y algas coralinas.","breadcrumb":{"@id":"https:\/\/acuariosupremus.com\/?product=sal-marina-reef-crystals-160-gal-605-7-l#breadcrumb"},"inLanguage":"es","potentialAction":[{"@type":"ReadAction","target":["https:\/\/acuariosupremus.com\/?product=sal-marina-reef-crystals-160-gal-605-7-l"]}]},{"@type":"ImageObject","inLanguage":"es","@id":"https:\/\/acuariosupremus.com\/?product=sal-marina-reef-crystals-160-gal-605-7-l#primaryimage","url":"https:\/\/acuariosupremus.com\/wp-content\/uploads\/2022\/02\/IORC1-160P.jpg","contentUrl":"https:\/\/acuariosupremus.com\/wp-content\/uploads\/2022\/02\/IORC1-160P.jpg","width":1000,"height":1000},{"@type":"BreadcrumbList","@id":"https:\/\/acuariosupremus.com\/?product=sal-marina-reef-crystals-160-gal-605-7-l#breadcrumb","itemListElement":[{"@type":"ListItem","position":1,"name":"Portada","item":"https:\/\/acuariosupremus.com\/"},{"@type":"ListItem","position":2,"name":"Tienda","item":"https:\/\/acuariosupremus.com\/tienda\/"},{"@type":"ListItem","position":3,"name":"SAL MARINA REEF CRYSTALS 160 GAL."}]},{"@type":"WebSite","@id":"https:\/\/acuariosupremus.com\/#website","url":"https:\/\/acuariosupremus.com\/","name":"Acuario Supremus","description":"Peces, Peceras y Mascotas.","publisher":{"@id":"https:\/\/acuariosupremus.com\/#organization"},"potentialAction":[{"@type":"SearchAction","target":{"@type":"EntryPoint","urlTemplate":"https:\/\/acuariosupremus.com\/?s={search_term_string}"},"query-input":{"@type":"PropertyValueSpecification","valueRequired":true,"valueName":"search_term_string"}}],"inLanguage":"es"},{"@type":"Organization","@id":"https:\/\/acuariosupremus.com\/#organization","name":"Acuario Supremus","url":"https:\/\/acuariosupremus.com\/","logo":{"@type":"ImageObject","inLanguage":"es","@id":"https:\/\/acuariosupremus.com\/#\/schema\/logo\/image\/","url":"https:\/\/acuariosupremus.com\/wp-content\/uploads\/2021\/12\/cropped-logo_acuario_supremus_fn-2.png","contentUrl":"https:\/\/acuariosupremus.com\/wp-content\/uploads\/2021\/12\/cropped-logo_acuario_supremus_fn-2.png","width":1000,"height":318,"caption":"Acuario Supremus"},"image":{"@id":"https:\/\/acuariosupremus.com\/#\/schema\/logo\/image\/"},"sameAs":["https:\/\/www.facebook.com\/AcuarioSupremus","https:\/\/x.com\/AcuarioSupremus","https:\/\/www.instagram.com\/acuariosupremus\/?hl=es"]}]}},"jetpack_sharing_enabled":true,"_links":{"self":[{"href":"https:\/\/acuariosupremus.com\/index.php?rest_route=\/wp\/v2\/product\/2059","targetHints":{"allow":["GET"]}}],"collection":[{"href":"https:\/\/acuariosupremus.com\/index.php?rest_route=\/wp\/v2\/product"}],"about":[{"href":"https:\/\/acuariosupremus.com\/index.php?rest_route=\/wp\/v2\/types\/product"}],"wp:featuredmedia":[{"embeddable":true,"href":"https:\/\/acuariosupremus.com\/index.php?rest_route=\/wp\/v2\/media\/2060"}],"wp:attachment":[{"href":"https:\/\/acuariosupremus.com\/index.php?rest_route=%2Fwp%2Fv2%2Fmedia&parent=2059"}],"wp:term":[{"taxonomy":"product_brand","embeddable":true,"href":"https:\/\/acuariosupremus.com\/index.php?rest_route=%2Fwp%2Fv2%2Fproduct_brand&post=2059"},{"taxonomy":"product_cat","embeddable":true,"href":"https:\/\/acuariosupremus.com\/index.php?rest_route=%2Fwp%2Fv2%2Fproduct_cat&post=2059"},{"taxonomy":"product_tag","embeddable":true,"href":"https:\/\/acuariosupremus.com\/index.php?rest_route=%2Fwp%2Fv2%2Fproduct_tag&post=2059"}],"curies":[{"name":"wp","href":"https:\/\/api.w.org\/{rel}","templated":true}]}}