{"id":2067,"date":"2022-02-04T19:57:53","date_gmt":"2022-02-05T01:57:53","guid":{"rendered":"https:\/\/acuariosupremus.com\/?post_type=product&#038;p=2067"},"modified":"2026-04-23T13:13:32","modified_gmt":"2026-04-23T19:13:32","slug":"sal-marina-instant-ocean-de-160-gal-605-7-l","status":"publish","type":"product","link":"https:\/\/acuariosupremus.com\/?product=sal-marina-instant-ocean-de-160-gal-605-7-l","title":{"rendered":"SAL MARINA Instant Ocean DE 160 GAL."},"content":{"rendered":"<p>Beneficios:<br \/>\nF\u00f3rmula superior:<br \/>\n-Libre de nitratos y fosfatos.<br \/>\n-Contiene todos los elementos mayores, menores y traza necesario para la salud incluso de los peces marinos m\u00e1s delicados e invertebrados.<br \/>\n-Certificado de calidad por los laboratorios Marineland.<br \/>\nSolubilidad superior:<br \/>\n-Proporciona una soluci\u00f3n clara, lista para usar en minutos.<br \/>\n-Logra y mantiene el pH r\u00e1pidamente.<br \/>\nConveniencia superior:<br \/>\n-No contiene aditivos especiales.<br \/>\n-Formulaci\u00f3n ideal para mezclar cantidades peque\u00f1as o grandes.<br \/>\n-Bolsa interior de protecci\u00f3n para garantizar la frescura y facilidad de uso.<br \/>\nInstrucciones:<br \/>\nMezcle la sal Instant Ocean con agua libre de cloro, agite vigorosamente hasta obtener una buena mezcla, mida la gravedad especifica con un Hidr\u00f3metro Instant Ocean (GRAVEDAD ESPECIFICA RECOMENDADA EN ACUARIOS: 1.020-1.024), ajuste los niveles de sal, cuando la gravedad especifica sea baja agregue mas sal Instant Ocean, si la gravedad especifica se encuentra elevada agregue mas agua libre de cloro, cambien 20% del agua del acuario cada 15 d\u00edas para mantener<br \/>\nuna buena calidad de agua.<br \/>\nNOTA: Nunca mezcle dentro de acuarios que contengan organismos vivos.<br \/>\nEn acuarios nuevos, introduzca los peces despu\u00e9s<br \/>\nde haber ajustado la gravedad especifica.<br \/>\nPeso\/Capacidad:<br \/>\n20 Kg (44.8 Lbs).\/160 Gal.<\/p>\n","protected":false},"excerpt":{"rendered":"<p>La sal marina Instant Ocean es la sal m\u00e1s cuidadosamente formulada, universalmente preferida, la soluci\u00f3n perfecta para crear el ambiente marino ideal.<br \/>\nLa opci\u00f3n # 1 para aficionados, acuarios p\u00fablicos y centros de investigaci\u00f3n cient\u00edfica en todas partes, Instant Ocean ha<br \/>\nestablecido el est\u00e1ndar de la industria para la calidad, consistencia y valor durante m\u00e1s de 40 a\u00f1os.<\/p>\n","protected":false},"featured_media":2068,"template":"","meta":[],"product_brand":[113],"product_cat":[40,61],"product_tag":[178,185,239],"class_list":{"0":"post-2067","1":"product","2":"type-product","3":"status-publish","4":"has-post-thumbnail","6":"product_brand-instantocean","7":"product_cat-peces","8":"product_cat-sales","9":"product_tag-arrecife","10":"product_tag-peces-marinos","11":"product_tag-sal-marina","13":"first","14":"instock","15":"sale","16":"shipping-taxable","17":"purchasable","18":"product-type-simple"},"yoast_head":"<!-- This site is optimized with the Yoast SEO plugin v27.4 - https:\/\/yoast.com\/product\/yoast-seo-wordpress\/ -->\n<title>SAL MARINA Instant Ocean DE 160 GAL. | Acuario Supremus<\/title>\n<meta name=\"description\" content=\"Instant Ocean 160 gal, es la sal m\u00e1s cuidadosamente formulada, universalmente preferida, la soluci\u00f3n perfecta para crear el ambiente marino ideal.\" \/>\n<meta name=\"robots\" content=\"index, follow, max-snippet:-1, max-image-preview:large, max-video-preview:-1\" \/>\n<link rel=\"canonical\" href=\"https:\/\/acuariosupremus.com\/?product=sal-marina-instant-ocean-de-160-gal-605-7-l\" \/>\n<meta property=\"og:locale\" content=\"es_MX\" \/>\n<meta property=\"og:type\" content=\"article\" \/>\n<meta property=\"og:title\" content=\"SAL MARINA Instant Ocean DE 160 GAL. | Acuario Supremus\" \/>\n<meta property=\"og:description\" content=\"Instant Ocean 160 gal, es la sal m\u00e1s cuidadosamente formulada, universalmente preferida, la soluci\u00f3n perfecta para crear el ambiente marino ideal.\" \/>\n<meta property=\"og:url\" content=\"https:\/\/acuariosupremus.com\/?product=sal-marina-instant-ocean-de-160-gal-605-7-l\" \/>\n<meta property=\"og:site_name\" content=\"Acuario Supremus\" \/>\n<meta property=\"article:publisher\" content=\"https:\/\/www.facebook.com\/AcuarioSupremus\" \/>\n<meta property=\"article:modified_time\" content=\"2026-04-23T19:13:32+00:00\" \/>\n<meta property=\"og:image\" content=\"https:\/\/acuariosupremus.com\/wp-content\/uploads\/2022\/02\/IOSS1-160P.jpg\" \/>\n\t<meta property=\"og:image:width\" content=\"1000\" \/>\n\t<meta property=\"og:image:height\" content=\"1000\" \/>\n\t<meta property=\"og:image:type\" content=\"image\/jpeg\" \/>\n<meta name=\"twitter:card\" content=\"summary_large_image\" \/>\n<meta name=\"twitter:site\" content=\"@AcuarioSupremus\" \/>\n<meta name=\"twitter:label1\" content=\"Tiempo de lectura\" \/>\n\t<meta name=\"twitter:data1\" content=\"2 minutos\" \/>\n<script type=\"application\/ld+json\" class=\"yoast-schema-graph\">{\"@context\":\"https:\\\/\\\/schema.org\",\"@graph\":[{\"@type\":\"WebPage\",\"@id\":\"https:\\\/\\\/acuariosupremus.com\\\/?product=sal-marina-instant-ocean-de-160-gal-605-7-l\",\"url\":\"https:\\\/\\\/acuariosupremus.com\\\/?product=sal-marina-instant-ocean-de-160-gal-605-7-l\",\"name\":\"SAL MARINA Instant Ocean DE 160 GAL. | Acuario Supremus\",\"isPartOf\":{\"@id\":\"https:\\\/\\\/acuariosupremus.com\\\/#website\"},\"primaryImageOfPage\":{\"@id\":\"https:\\\/\\\/acuariosupremus.com\\\/?product=sal-marina-instant-ocean-de-160-gal-605-7-l#primaryimage\"},\"image\":{\"@id\":\"https:\\\/\\\/acuariosupremus.com\\\/?product=sal-marina-instant-ocean-de-160-gal-605-7-l#primaryimage\"},\"thumbnailUrl\":\"https:\\\/\\\/acuariosupremus.com\\\/wp-content\\\/uploads\\\/2022\\\/02\\\/IOSS1-160P.jpg\",\"datePublished\":\"2022-02-05T01:57:53+00:00\",\"dateModified\":\"2026-04-23T19:13:32+00:00\",\"description\":\"Instant Ocean 160 gal, es la sal m\u00e1s cuidadosamente formulada, universalmente preferida, la soluci\u00f3n perfecta para crear el ambiente marino ideal.\",\"breadcrumb\":{\"@id\":\"https:\\\/\\\/acuariosupremus.com\\\/?product=sal-marina-instant-ocean-de-160-gal-605-7-l#breadcrumb\"},\"inLanguage\":\"es\",\"potentialAction\":[{\"@type\":\"ReadAction\",\"target\":[\"https:\\\/\\\/acuariosupremus.com\\\/?product=sal-marina-instant-ocean-de-160-gal-605-7-l\"]}]},{\"@type\":\"ImageObject\",\"inLanguage\":\"es\",\"@id\":\"https:\\\/\\\/acuariosupremus.com\\\/?product=sal-marina-instant-ocean-de-160-gal-605-7-l#primaryimage\",\"url\":\"https:\\\/\\\/acuariosupremus.com\\\/wp-content\\\/uploads\\\/2022\\\/02\\\/IOSS1-160P.jpg\",\"contentUrl\":\"https:\\\/\\\/acuariosupremus.com\\\/wp-content\\\/uploads\\\/2022\\\/02\\\/IOSS1-160P.jpg\",\"width\":1000,\"height\":1000},{\"@type\":\"BreadcrumbList\",\"@id\":\"https:\\\/\\\/acuariosupremus.com\\\/?product=sal-marina-instant-ocean-de-160-gal-605-7-l#breadcrumb\",\"itemListElement\":[{\"@type\":\"ListItem\",\"position\":1,\"name\":\"Portada\",\"item\":\"https:\\\/\\\/acuariosupremus.com\\\/\"},{\"@type\":\"ListItem\",\"position\":2,\"name\":\"Tienda\",\"item\":\"https:\\\/\\\/acuariosupremus.com\\\/tienda\\\/\"},{\"@type\":\"ListItem\",\"position\":3,\"name\":\"SAL MARINA Instant Ocean DE 160 GAL.\"}]},{\"@type\":\"WebSite\",\"@id\":\"https:\\\/\\\/acuariosupremus.com\\\/#website\",\"url\":\"https:\\\/\\\/acuariosupremus.com\\\/\",\"name\":\"Acuario Supremus\",\"description\":\"Peces, Peceras y Mascotas.\",\"publisher\":{\"@id\":\"https:\\\/\\\/acuariosupremus.com\\\/#organization\"},\"potentialAction\":[{\"@type\":\"SearchAction\",\"target\":{\"@type\":\"EntryPoint\",\"urlTemplate\":\"https:\\\/\\\/acuariosupremus.com\\\/?s={search_term_string}\"},\"query-input\":{\"@type\":\"PropertyValueSpecification\",\"valueRequired\":true,\"valueName\":\"search_term_string\"}}],\"inLanguage\":\"es\"},{\"@type\":\"Organization\",\"@id\":\"https:\\\/\\\/acuariosupremus.com\\\/#organization\",\"name\":\"Acuario Supremus\",\"url\":\"https:\\\/\\\/acuariosupremus.com\\\/\",\"logo\":{\"@type\":\"ImageObject\",\"inLanguage\":\"es\",\"@id\":\"https:\\\/\\\/acuariosupremus.com\\\/#\\\/schema\\\/logo\\\/image\\\/\",\"url\":\"https:\\\/\\\/acuariosupremus.com\\\/wp-content\\\/uploads\\\/2021\\\/12\\\/cropped-logo_acuario_supremus_fn-2.png\",\"contentUrl\":\"https:\\\/\\\/acuariosupremus.com\\\/wp-content\\\/uploads\\\/2021\\\/12\\\/cropped-logo_acuario_supremus_fn-2.png\",\"width\":1000,\"height\":318,\"caption\":\"Acuario Supremus\"},\"image\":{\"@id\":\"https:\\\/\\\/acuariosupremus.com\\\/#\\\/schema\\\/logo\\\/image\\\/\"},\"sameAs\":[\"https:\\\/\\\/www.facebook.com\\\/AcuarioSupremus\",\"https:\\\/\\\/x.com\\\/AcuarioSupremus\",\"https:\\\/\\\/www.instagram.com\\\/acuariosupremus\\\/?hl=es\"]}]}<\/script>\n<!-- \/ Yoast SEO plugin. -->","yoast_head_json":{"title":"SAL MARINA Instant Ocean DE 160 GAL. | Acuario Supremus","description":"Instant Ocean 160 gal, es la sal m\u00e1s cuidadosamente formulada, universalmente preferida, la soluci\u00f3n perfecta para crear el ambiente marino ideal.","robots":{"index":"index","follow":"follow","max-snippet":"max-snippet:-1","max-image-preview":"max-image-preview:large","max-video-preview":"max-video-preview:-1"},"canonical":"https:\/\/acuariosupremus.com\/?product=sal-marina-instant-ocean-de-160-gal-605-7-l","og_locale":"es_MX","og_type":"article","og_title":"SAL MARINA Instant Ocean DE 160 GAL. | Acuario Supremus","og_description":"Instant Ocean 160 gal, es la sal m\u00e1s cuidadosamente formulada, universalmente preferida, la soluci\u00f3n perfecta para crear el ambiente marino ideal.","og_url":"https:\/\/acuariosupremus.com\/?product=sal-marina-instant-ocean-de-160-gal-605-7-l","og_site_name":"Acuario Supremus","article_publisher":"https:\/\/www.facebook.com\/AcuarioSupremus","article_modified_time":"2026-04-23T19:13:32+00:00","og_image":[{"width":1000,"height":1000,"url":"https:\/\/acuariosupremus.com\/wp-content\/uploads\/2022\/02\/IOSS1-160P.jpg","type":"image\/jpeg"}],"twitter_card":"summary_large_image","twitter_site":"@AcuarioSupremus","twitter_misc":{"Tiempo de lectura":"2 minutos"},"schema":{"@context":"https:\/\/schema.org","@graph":[{"@type":"WebPage","@id":"https:\/\/acuariosupremus.com\/?product=sal-marina-instant-ocean-de-160-gal-605-7-l","url":"https:\/\/acuariosupremus.com\/?product=sal-marina-instant-ocean-de-160-gal-605-7-l","name":"SAL MARINA Instant Ocean DE 160 GAL. | Acuario Supremus","isPartOf":{"@id":"https:\/\/acuariosupremus.com\/#website"},"primaryImageOfPage":{"@id":"https:\/\/acuariosupremus.com\/?product=sal-marina-instant-ocean-de-160-gal-605-7-l#primaryimage"},"image":{"@id":"https:\/\/acuariosupremus.com\/?product=sal-marina-instant-ocean-de-160-gal-605-7-l#primaryimage"},"thumbnailUrl":"https:\/\/acuariosupremus.com\/wp-content\/uploads\/2022\/02\/IOSS1-160P.jpg","datePublished":"2022-02-05T01:57:53+00:00","dateModified":"2026-04-23T19:13:32+00:00","description":"Instant Ocean 160 gal, es la sal m\u00e1s cuidadosamente formulada, universalmente preferida, la soluci\u00f3n perfecta para crear el ambiente marino ideal.","breadcrumb":{"@id":"https:\/\/acuariosupremus.com\/?product=sal-marina-instant-ocean-de-160-gal-605-7-l#breadcrumb"},"inLanguage":"es","potentialAction":[{"@type":"ReadAction","target":["https:\/\/acuariosupremus.com\/?product=sal-marina-instant-ocean-de-160-gal-605-7-l"]}]},{"@type":"ImageObject","inLanguage":"es","@id":"https:\/\/acuariosupremus.com\/?product=sal-marina-instant-ocean-de-160-gal-605-7-l#primaryimage","url":"https:\/\/acuariosupremus.com\/wp-content\/uploads\/2022\/02\/IOSS1-160P.jpg","contentUrl":"https:\/\/acuariosupremus.com\/wp-content\/uploads\/2022\/02\/IOSS1-160P.jpg","width":1000,"height":1000},{"@type":"BreadcrumbList","@id":"https:\/\/acuariosupremus.com\/?product=sal-marina-instant-ocean-de-160-gal-605-7-l#breadcrumb","itemListElement":[{"@type":"ListItem","position":1,"name":"Portada","item":"https:\/\/acuariosupremus.com\/"},{"@type":"ListItem","position":2,"name":"Tienda","item":"https:\/\/acuariosupremus.com\/tienda\/"},{"@type":"ListItem","position":3,"name":"SAL MARINA Instant Ocean DE 160 GAL."}]},{"@type":"WebSite","@id":"https:\/\/acuariosupremus.com\/#website","url":"https:\/\/acuariosupremus.com\/","name":"Acuario Supremus","description":"Peces, Peceras y Mascotas.","publisher":{"@id":"https:\/\/acuariosupremus.com\/#organization"},"potentialAction":[{"@type":"SearchAction","target":{"@type":"EntryPoint","urlTemplate":"https:\/\/acuariosupremus.com\/?s={search_term_string}"},"query-input":{"@type":"PropertyValueSpecification","valueRequired":true,"valueName":"search_term_string"}}],"inLanguage":"es"},{"@type":"Organization","@id":"https:\/\/acuariosupremus.com\/#organization","name":"Acuario Supremus","url":"https:\/\/acuariosupremus.com\/","logo":{"@type":"ImageObject","inLanguage":"es","@id":"https:\/\/acuariosupremus.com\/#\/schema\/logo\/image\/","url":"https:\/\/acuariosupremus.com\/wp-content\/uploads\/2021\/12\/cropped-logo_acuario_supremus_fn-2.png","contentUrl":"https:\/\/acuariosupremus.com\/wp-content\/uploads\/2021\/12\/cropped-logo_acuario_supremus_fn-2.png","width":1000,"height":318,"caption":"Acuario Supremus"},"image":{"@id":"https:\/\/acuariosupremus.com\/#\/schema\/logo\/image\/"},"sameAs":["https:\/\/www.facebook.com\/AcuarioSupremus","https:\/\/x.com\/AcuarioSupremus","https:\/\/www.instagram.com\/acuariosupremus\/?hl=es"]}]}},"jetpack_sharing_enabled":true,"_links":{"self":[{"href":"https:\/\/acuariosupremus.com\/index.php?rest_route=\/wp\/v2\/product\/2067","targetHints":{"allow":["GET"]}}],"collection":[{"href":"https:\/\/acuariosupremus.com\/index.php?rest_route=\/wp\/v2\/product"}],"about":[{"href":"https:\/\/acuariosupremus.com\/index.php?rest_route=\/wp\/v2\/types\/product"}],"wp:featuredmedia":[{"embeddable":true,"href":"https:\/\/acuariosupremus.com\/index.php?rest_route=\/wp\/v2\/media\/2068"}],"wp:attachment":[{"href":"https:\/\/acuariosupremus.com\/index.php?rest_route=%2Fwp%2Fv2%2Fmedia&parent=2067"}],"wp:term":[{"taxonomy":"product_brand","embeddable":true,"href":"https:\/\/acuariosupremus.com\/index.php?rest_route=%2Fwp%2Fv2%2Fproduct_brand&post=2067"},{"taxonomy":"product_cat","embeddable":true,"href":"https:\/\/acuariosupremus.com\/index.php?rest_route=%2Fwp%2Fv2%2Fproduct_cat&post=2067"},{"taxonomy":"product_tag","embeddable":true,"href":"https:\/\/acuariosupremus.com\/index.php?rest_route=%2Fwp%2Fv2%2Fproduct_tag&post=2067"}],"curies":[{"name":"wp","href":"https:\/\/api.w.org\/{rel}","templated":true}]}}