{"id":2148,"date":"2022-02-05T15:47:00","date_gmt":"2022-02-05T21:47:00","guid":{"rendered":"https:\/\/acuariosupremus.com\/?post_type=product&#038;p=2148"},"modified":"2026-04-23T13:57:05","modified_gmt":"2026-04-23T19:57:05","slug":"hidrometro-p-acuario-marino","status":"publish","type":"product","link":"https:\/\/acuariosupremus.com\/?product=hidrometro-p-acuario-marino","title":{"rendered":"HIDR\u00d3METRO PARA ACUARIO MARINO."},"content":{"rendered":"<p>Instrucciones:<br \/>\n1. Sost\u00e9n el hidr\u00f3metro por la parte superior y sum\u00e9rgelo lentamente dentro del acuario hasta que la c\u00e1mara interior del mismo se llene de agua hasta el nivel m\u00ednimo marcado. 2. Para una \u00f3ptima medici\u00f3n, aseg\u00farate que no contenga peque\u00f1as burbujas de aire en el puntero indicador. 3. Coloca el hidr\u00f3metro en una superficie estable para realizar la lectura.<br \/>\nRecomendaciones:<br \/>\nRealiza diariamente la revisi\u00f3n de salinidad de tu acuario marino para reponer el agua que se evapora por agua bidestilada sin sal y mantener la concentraci\u00f3n adecuada de sal. Despu\u00e9s de la medici\u00f3n, remoja el hidr\u00f3metro durante 30 minutos en agua dulce o utiliza vinagre para retirar los residuos acumulados, enjuagando despu\u00e9s con agua dulce minuciosamente. Realiza peri\u00f3dicamente el mantenimiento de tu acuario marino. Temperatura del agua: 25\u00b0C Rango de gravedad espec\u00edfica: 1.020 &#8211; 1.025 (27 &#8211; 34 ppt) Los niveles de salinidad estables son esenciales para el acuario marino. El uso de este producto es<br \/>\nresponsabilidad de due\u00f1o de la mascota.<\/p>\n","protected":false},"excerpt":{"rendered":"<p>Hidr\u00f3metro para acuarios marinos. Mide la gravedad espec\u00edfica en los acuarios marinos. Preciso y de f\u00e1cil lectura.<\/p>\n","protected":false},"featured_media":2149,"template":"","meta":[],"product_brand":[105],"product_cat":[40,64],"product_tag":[244],"class_list":{"0":"post-2148","1":"product","2":"type-product","3":"status-publish","4":"has-post-thumbnail","6":"product_brand-lomas","7":"product_cat-peces","8":"product_cat-termometros-y-densimetros","9":"product_tag-medidor-de-salinidad","11":"first","12":"instock","13":"sale","14":"shipping-taxable","15":"purchasable","16":"product-type-simple"},"yoast_head":"<!-- This site is optimized with the Yoast SEO plugin v27.4 - https:\/\/yoast.com\/product\/yoast-seo-wordpress\/ -->\n<title>HIDR\u00d3METRO PARA ACUARIO MARINO. | Acuario Supremus<\/title>\n<meta name=\"description\" content=\"Hidr\u00f3metro para acuarios marinos. Mide la gravedad espec\u00edfica en los acuarios marinos. Preciso y de f\u00e1cil lectura.\" \/>\n<meta name=\"robots\" content=\"index, follow, max-snippet:-1, max-image-preview:large, max-video-preview:-1\" \/>\n<link rel=\"canonical\" href=\"https:\/\/acuariosupremus.com\/?product=hidrometro-p-acuario-marino\" \/>\n<meta property=\"og:locale\" content=\"es_MX\" \/>\n<meta property=\"og:type\" content=\"article\" \/>\n<meta property=\"og:title\" content=\"HIDR\u00d3METRO PARA ACUARIO MARINO. | Acuario Supremus\" \/>\n<meta property=\"og:description\" content=\"Hidr\u00f3metro para acuarios marinos. Mide la gravedad espec\u00edfica en los acuarios marinos. Preciso y de f\u00e1cil lectura.\" \/>\n<meta property=\"og:url\" content=\"https:\/\/acuariosupremus.com\/?product=hidrometro-p-acuario-marino\" \/>\n<meta property=\"og:site_name\" content=\"Acuario Supremus\" \/>\n<meta property=\"article:publisher\" content=\"https:\/\/www.facebook.com\/AcuarioSupremus\" \/>\n<meta property=\"article:modified_time\" content=\"2026-04-23T19:57:05+00:00\" \/>\n<meta property=\"og:image\" content=\"https:\/\/acuariosupremus.com\/wp-content\/uploads\/2022\/02\/FL7908.jpg\" \/>\n\t<meta property=\"og:image:width\" content=\"1000\" \/>\n\t<meta property=\"og:image:height\" content=\"1000\" \/>\n\t<meta property=\"og:image:type\" content=\"image\/jpeg\" \/>\n<meta name=\"twitter:card\" content=\"summary_large_image\" \/>\n<meta name=\"twitter:site\" content=\"@AcuarioSupremus\" \/>\n<meta name=\"twitter:label1\" content=\"Tiempo de lectura\" \/>\n\t<meta name=\"twitter:data1\" content=\"1 minuto\" \/>\n<script type=\"application\/ld+json\" class=\"yoast-schema-graph\">{\"@context\":\"https:\\\/\\\/schema.org\",\"@graph\":[{\"@type\":\"WebPage\",\"@id\":\"https:\\\/\\\/acuariosupremus.com\\\/?product=hidrometro-p-acuario-marino\",\"url\":\"https:\\\/\\\/acuariosupremus.com\\\/?product=hidrometro-p-acuario-marino\",\"name\":\"HIDR\u00d3METRO PARA ACUARIO MARINO. | Acuario Supremus\",\"isPartOf\":{\"@id\":\"https:\\\/\\\/acuariosupremus.com\\\/#website\"},\"primaryImageOfPage\":{\"@id\":\"https:\\\/\\\/acuariosupremus.com\\\/?product=hidrometro-p-acuario-marino#primaryimage\"},\"image\":{\"@id\":\"https:\\\/\\\/acuariosupremus.com\\\/?product=hidrometro-p-acuario-marino#primaryimage\"},\"thumbnailUrl\":\"https:\\\/\\\/acuariosupremus.com\\\/wp-content\\\/uploads\\\/2022\\\/02\\\/FL7908.jpg\",\"datePublished\":\"2022-02-05T21:47:00+00:00\",\"dateModified\":\"2026-04-23T19:57:05+00:00\",\"description\":\"Hidr\u00f3metro para acuarios marinos. Mide la gravedad espec\u00edfica en los acuarios marinos. Preciso y de f\u00e1cil lectura.\",\"breadcrumb\":{\"@id\":\"https:\\\/\\\/acuariosupremus.com\\\/?product=hidrometro-p-acuario-marino#breadcrumb\"},\"inLanguage\":\"es\",\"potentialAction\":[{\"@type\":\"ReadAction\",\"target\":[\"https:\\\/\\\/acuariosupremus.com\\\/?product=hidrometro-p-acuario-marino\"]}]},{\"@type\":\"ImageObject\",\"inLanguage\":\"es\",\"@id\":\"https:\\\/\\\/acuariosupremus.com\\\/?product=hidrometro-p-acuario-marino#primaryimage\",\"url\":\"https:\\\/\\\/acuariosupremus.com\\\/wp-content\\\/uploads\\\/2022\\\/02\\\/FL7908.jpg\",\"contentUrl\":\"https:\\\/\\\/acuariosupremus.com\\\/wp-content\\\/uploads\\\/2022\\\/02\\\/FL7908.jpg\",\"width\":1000,\"height\":1000},{\"@type\":\"BreadcrumbList\",\"@id\":\"https:\\\/\\\/acuariosupremus.com\\\/?product=hidrometro-p-acuario-marino#breadcrumb\",\"itemListElement\":[{\"@type\":\"ListItem\",\"position\":1,\"name\":\"Portada\",\"item\":\"https:\\\/\\\/acuariosupremus.com\\\/\"},{\"@type\":\"ListItem\",\"position\":2,\"name\":\"Tienda\",\"item\":\"https:\\\/\\\/acuariosupremus.com\\\/tienda\\\/\"},{\"@type\":\"ListItem\",\"position\":3,\"name\":\"HIDR\u00d3METRO PARA ACUARIO MARINO.\"}]},{\"@type\":\"WebSite\",\"@id\":\"https:\\\/\\\/acuariosupremus.com\\\/#website\",\"url\":\"https:\\\/\\\/acuariosupremus.com\\\/\",\"name\":\"Acuario Supremus\",\"description\":\"Peces, Peceras y Mascotas.\",\"publisher\":{\"@id\":\"https:\\\/\\\/acuariosupremus.com\\\/#organization\"},\"potentialAction\":[{\"@type\":\"SearchAction\",\"target\":{\"@type\":\"EntryPoint\",\"urlTemplate\":\"https:\\\/\\\/acuariosupremus.com\\\/?s={search_term_string}\"},\"query-input\":{\"@type\":\"PropertyValueSpecification\",\"valueRequired\":true,\"valueName\":\"search_term_string\"}}],\"inLanguage\":\"es\"},{\"@type\":\"Organization\",\"@id\":\"https:\\\/\\\/acuariosupremus.com\\\/#organization\",\"name\":\"Acuario Supremus\",\"url\":\"https:\\\/\\\/acuariosupremus.com\\\/\",\"logo\":{\"@type\":\"ImageObject\",\"inLanguage\":\"es\",\"@id\":\"https:\\\/\\\/acuariosupremus.com\\\/#\\\/schema\\\/logo\\\/image\\\/\",\"url\":\"https:\\\/\\\/acuariosupremus.com\\\/wp-content\\\/uploads\\\/2021\\\/12\\\/cropped-logo_acuario_supremus_fn-2.png\",\"contentUrl\":\"https:\\\/\\\/acuariosupremus.com\\\/wp-content\\\/uploads\\\/2021\\\/12\\\/cropped-logo_acuario_supremus_fn-2.png\",\"width\":1000,\"height\":318,\"caption\":\"Acuario Supremus\"},\"image\":{\"@id\":\"https:\\\/\\\/acuariosupremus.com\\\/#\\\/schema\\\/logo\\\/image\\\/\"},\"sameAs\":[\"https:\\\/\\\/www.facebook.com\\\/AcuarioSupremus\",\"https:\\\/\\\/x.com\\\/AcuarioSupremus\",\"https:\\\/\\\/www.instagram.com\\\/acuariosupremus\\\/?hl=es\"]}]}<\/script>\n<!-- \/ Yoast SEO plugin. -->","yoast_head_json":{"title":"HIDR\u00d3METRO PARA ACUARIO MARINO. | Acuario Supremus","description":"Hidr\u00f3metro para acuarios marinos. Mide la gravedad espec\u00edfica en los acuarios marinos. Preciso y de f\u00e1cil lectura.","robots":{"index":"index","follow":"follow","max-snippet":"max-snippet:-1","max-image-preview":"max-image-preview:large","max-video-preview":"max-video-preview:-1"},"canonical":"https:\/\/acuariosupremus.com\/?product=hidrometro-p-acuario-marino","og_locale":"es_MX","og_type":"article","og_title":"HIDR\u00d3METRO PARA ACUARIO MARINO. | Acuario Supremus","og_description":"Hidr\u00f3metro para acuarios marinos. Mide la gravedad espec\u00edfica en los acuarios marinos. Preciso y de f\u00e1cil lectura.","og_url":"https:\/\/acuariosupremus.com\/?product=hidrometro-p-acuario-marino","og_site_name":"Acuario Supremus","article_publisher":"https:\/\/www.facebook.com\/AcuarioSupremus","article_modified_time":"2026-04-23T19:57:05+00:00","og_image":[{"width":1000,"height":1000,"url":"https:\/\/acuariosupremus.com\/wp-content\/uploads\/2022\/02\/FL7908.jpg","type":"image\/jpeg"}],"twitter_card":"summary_large_image","twitter_site":"@AcuarioSupremus","twitter_misc":{"Tiempo de lectura":"1 minuto"},"schema":{"@context":"https:\/\/schema.org","@graph":[{"@type":"WebPage","@id":"https:\/\/acuariosupremus.com\/?product=hidrometro-p-acuario-marino","url":"https:\/\/acuariosupremus.com\/?product=hidrometro-p-acuario-marino","name":"HIDR\u00d3METRO PARA ACUARIO MARINO. | Acuario Supremus","isPartOf":{"@id":"https:\/\/acuariosupremus.com\/#website"},"primaryImageOfPage":{"@id":"https:\/\/acuariosupremus.com\/?product=hidrometro-p-acuario-marino#primaryimage"},"image":{"@id":"https:\/\/acuariosupremus.com\/?product=hidrometro-p-acuario-marino#primaryimage"},"thumbnailUrl":"https:\/\/acuariosupremus.com\/wp-content\/uploads\/2022\/02\/FL7908.jpg","datePublished":"2022-02-05T21:47:00+00:00","dateModified":"2026-04-23T19:57:05+00:00","description":"Hidr\u00f3metro para acuarios marinos. Mide la gravedad espec\u00edfica en los acuarios marinos. Preciso y de f\u00e1cil lectura.","breadcrumb":{"@id":"https:\/\/acuariosupremus.com\/?product=hidrometro-p-acuario-marino#breadcrumb"},"inLanguage":"es","potentialAction":[{"@type":"ReadAction","target":["https:\/\/acuariosupremus.com\/?product=hidrometro-p-acuario-marino"]}]},{"@type":"ImageObject","inLanguage":"es","@id":"https:\/\/acuariosupremus.com\/?product=hidrometro-p-acuario-marino#primaryimage","url":"https:\/\/acuariosupremus.com\/wp-content\/uploads\/2022\/02\/FL7908.jpg","contentUrl":"https:\/\/acuariosupremus.com\/wp-content\/uploads\/2022\/02\/FL7908.jpg","width":1000,"height":1000},{"@type":"BreadcrumbList","@id":"https:\/\/acuariosupremus.com\/?product=hidrometro-p-acuario-marino#breadcrumb","itemListElement":[{"@type":"ListItem","position":1,"name":"Portada","item":"https:\/\/acuariosupremus.com\/"},{"@type":"ListItem","position":2,"name":"Tienda","item":"https:\/\/acuariosupremus.com\/tienda\/"},{"@type":"ListItem","position":3,"name":"HIDR\u00d3METRO PARA ACUARIO MARINO."}]},{"@type":"WebSite","@id":"https:\/\/acuariosupremus.com\/#website","url":"https:\/\/acuariosupremus.com\/","name":"Acuario Supremus","description":"Peces, Peceras y Mascotas.","publisher":{"@id":"https:\/\/acuariosupremus.com\/#organization"},"potentialAction":[{"@type":"SearchAction","target":{"@type":"EntryPoint","urlTemplate":"https:\/\/acuariosupremus.com\/?s={search_term_string}"},"query-input":{"@type":"PropertyValueSpecification","valueRequired":true,"valueName":"search_term_string"}}],"inLanguage":"es"},{"@type":"Organization","@id":"https:\/\/acuariosupremus.com\/#organization","name":"Acuario Supremus","url":"https:\/\/acuariosupremus.com\/","logo":{"@type":"ImageObject","inLanguage":"es","@id":"https:\/\/acuariosupremus.com\/#\/schema\/logo\/image\/","url":"https:\/\/acuariosupremus.com\/wp-content\/uploads\/2021\/12\/cropped-logo_acuario_supremus_fn-2.png","contentUrl":"https:\/\/acuariosupremus.com\/wp-content\/uploads\/2021\/12\/cropped-logo_acuario_supremus_fn-2.png","width":1000,"height":318,"caption":"Acuario Supremus"},"image":{"@id":"https:\/\/acuariosupremus.com\/#\/schema\/logo\/image\/"},"sameAs":["https:\/\/www.facebook.com\/AcuarioSupremus","https:\/\/x.com\/AcuarioSupremus","https:\/\/www.instagram.com\/acuariosupremus\/?hl=es"]}]}},"jetpack_sharing_enabled":true,"_links":{"self":[{"href":"https:\/\/acuariosupremus.com\/index.php?rest_route=\/wp\/v2\/product\/2148","targetHints":{"allow":["GET"]}}],"collection":[{"href":"https:\/\/acuariosupremus.com\/index.php?rest_route=\/wp\/v2\/product"}],"about":[{"href":"https:\/\/acuariosupremus.com\/index.php?rest_route=\/wp\/v2\/types\/product"}],"wp:featuredmedia":[{"embeddable":true,"href":"https:\/\/acuariosupremus.com\/index.php?rest_route=\/wp\/v2\/media\/2149"}],"wp:attachment":[{"href":"https:\/\/acuariosupremus.com\/index.php?rest_route=%2Fwp%2Fv2%2Fmedia&parent=2148"}],"wp:term":[{"taxonomy":"product_brand","embeddable":true,"href":"https:\/\/acuariosupremus.com\/index.php?rest_route=%2Fwp%2Fv2%2Fproduct_brand&post=2148"},{"taxonomy":"product_cat","embeddable":true,"href":"https:\/\/acuariosupremus.com\/index.php?rest_route=%2Fwp%2Fv2%2Fproduct_cat&post=2148"},{"taxonomy":"product_tag","embeddable":true,"href":"https:\/\/acuariosupremus.com\/index.php?rest_route=%2Fwp%2Fv2%2Fproduct_tag&post=2148"}],"curies":[{"name":"wp","href":"https:\/\/api.w.org\/{rel}","templated":true}]}}