{"id":2162,"date":"2022-02-05T16:15:45","date_gmt":"2022-02-05T22:15:45","guid":{"rendered":"https:\/\/acuariosupremus.com\/?post_type=product&#038;p=2162"},"modified":"2025-12-17T15:57:26","modified_gmt":"2025-12-17T21:57:26","slug":"hidrometro-instant-ocean","status":"publish","type":"product","link":"https:\/\/acuariosupremus.com\/?product=hidrometro-instant-ocean","title":{"rendered":"HIDR\u00d3METRO INSTANT OCEAN."},"content":{"rendered":"<p>Instrucciones:<br \/>\nEnjuague el hidr\u00f3metro con agua dulce.<br \/>\nSum\u00e9rjalo en el acuario para llenarlo.<br \/>\nPara efectuar las lecturas extraiga el hidr\u00f3metro del acuario y golp\u00e9elo suavemente contra una superficie solida para expulsar las burbujas de aire del armaz\u00f3n.<br \/>\nObserve el resultado en su hidr\u00f3metro.<br \/>\nLuego de usar el hidr\u00f3metro, vac\u00edelo y enjuague con agua dulce.<br \/>\nSe recomienda fervientemente evaluar la gravedad especifica peri\u00f3dicamente. Los niveles de salinidad estables son cruciales para la salud de los peces e invertebrados de agua salada.<br \/>\nMantenimiento:<br \/>\nAl fin de garantizar un rendimiento preciso, remoje peri\u00f3dicamente el hidr\u00f3metro en vinagre entre 20 y 30 minutos. Despu\u00e9s de limpiarlo, enjuague minuciosamente con agua dulce.<\/p>\n","protected":false},"excerpt":{"rendered":"<p>Mide la gravedad especifica en los acuarios marinos.<br \/>\nPreciso y de f\u00e1cil lectura.<br \/>\nLa opci\u00f3n # 1 para aficionados, acuarios p\u00fablicos y centros de investigaci\u00f3n cient\u00edfica en todas partes, Instant Ocean ha<br \/>\nestablecido el est\u00e1ndar de la industria para la calidad, consistencia y valor durante m\u00e1s de 40 a\u00f1os.<\/p>\n","protected":false},"featured_media":2165,"template":"","meta":[],"product_brand":[113],"product_cat":[40,64],"product_tag":[244],"class_list":{"0":"post-2162","1":"product","2":"type-product","3":"status-publish","4":"has-post-thumbnail","6":"product_brand-instantocean","7":"product_cat-peces","8":"product_cat-termometros-y-densimetros","9":"product_tag-medidor-de-salinidad","11":"first","12":"instock","13":"sale","14":"shipping-taxable","15":"purchasable","16":"product-type-simple"},"yoast_head":"<!-- This site is optimized with the Yoast SEO plugin v27.4 - https:\/\/yoast.com\/product\/yoast-seo-wordpress\/ -->\n<title>HIDR\u00d3METRO INSTANT OCEAN. | Acuario Supremus<\/title>\n<meta name=\"description\" content=\"La opci\u00f3n # 1 para aficionados, Mide la gravedad especifica en los acuarios marinos, Preciso y de f\u00e1cil lectura.\" \/>\n<meta name=\"robots\" content=\"index, follow, max-snippet:-1, max-image-preview:large, max-video-preview:-1\" \/>\n<link rel=\"canonical\" href=\"https:\/\/acuariosupremus.com\/?product=hidrometro-instant-ocean\" \/>\n<meta property=\"og:locale\" content=\"es_MX\" \/>\n<meta property=\"og:type\" content=\"article\" \/>\n<meta property=\"og:title\" content=\"HIDR\u00d3METRO INSTANT OCEAN. | Acuario Supremus\" \/>\n<meta property=\"og:description\" content=\"La opci\u00f3n # 1 para aficionados, Mide la gravedad especifica en los acuarios marinos, Preciso y de f\u00e1cil lectura.\" \/>\n<meta property=\"og:url\" content=\"https:\/\/acuariosupremus.com\/?product=hidrometro-instant-ocean\" \/>\n<meta property=\"og:site_name\" content=\"Acuario Supremus\" \/>\n<meta property=\"article:publisher\" content=\"https:\/\/www.facebook.com\/AcuarioSupremus\" \/>\n<meta property=\"article:modified_time\" content=\"2025-12-17T21:57:26+00:00\" \/>\n<meta property=\"og:image\" content=\"https:\/\/acuariosupremus.com\/wp-content\/uploads\/2022\/02\/IOTEI1.jpg\" \/>\n\t<meta property=\"og:image:width\" content=\"1000\" \/>\n\t<meta property=\"og:image:height\" content=\"1000\" \/>\n\t<meta property=\"og:image:type\" content=\"image\/jpeg\" \/>\n<meta name=\"twitter:card\" content=\"summary_large_image\" \/>\n<meta name=\"twitter:site\" content=\"@AcuarioSupremus\" \/>\n<script type=\"application\/ld+json\" class=\"yoast-schema-graph\">{\"@context\":\"https:\\\/\\\/schema.org\",\"@graph\":[{\"@type\":\"WebPage\",\"@id\":\"https:\\\/\\\/acuariosupremus.com\\\/?product=hidrometro-instant-ocean\",\"url\":\"https:\\\/\\\/acuariosupremus.com\\\/?product=hidrometro-instant-ocean\",\"name\":\"HIDR\u00d3METRO INSTANT OCEAN. | Acuario Supremus\",\"isPartOf\":{\"@id\":\"https:\\\/\\\/acuariosupremus.com\\\/#website\"},\"primaryImageOfPage\":{\"@id\":\"https:\\\/\\\/acuariosupremus.com\\\/?product=hidrometro-instant-ocean#primaryimage\"},\"image\":{\"@id\":\"https:\\\/\\\/acuariosupremus.com\\\/?product=hidrometro-instant-ocean#primaryimage\"},\"thumbnailUrl\":\"https:\\\/\\\/acuariosupremus.com\\\/wp-content\\\/uploads\\\/2022\\\/02\\\/IOTEI1.jpg\",\"datePublished\":\"2022-02-05T22:15:45+00:00\",\"dateModified\":\"2025-12-17T21:57:26+00:00\",\"description\":\"La opci\u00f3n # 1 para aficionados, Mide la gravedad especifica en los acuarios marinos, Preciso y de f\u00e1cil lectura.\",\"breadcrumb\":{\"@id\":\"https:\\\/\\\/acuariosupremus.com\\\/?product=hidrometro-instant-ocean#breadcrumb\"},\"inLanguage\":\"es\",\"potentialAction\":[{\"@type\":\"ReadAction\",\"target\":[\"https:\\\/\\\/acuariosupremus.com\\\/?product=hidrometro-instant-ocean\"]}]},{\"@type\":\"ImageObject\",\"inLanguage\":\"es\",\"@id\":\"https:\\\/\\\/acuariosupremus.com\\\/?product=hidrometro-instant-ocean#primaryimage\",\"url\":\"https:\\\/\\\/acuariosupremus.com\\\/wp-content\\\/uploads\\\/2022\\\/02\\\/IOTEI1.jpg\",\"contentUrl\":\"https:\\\/\\\/acuariosupremus.com\\\/wp-content\\\/uploads\\\/2022\\\/02\\\/IOTEI1.jpg\",\"width\":1000,\"height\":1000},{\"@type\":\"BreadcrumbList\",\"@id\":\"https:\\\/\\\/acuariosupremus.com\\\/?product=hidrometro-instant-ocean#breadcrumb\",\"itemListElement\":[{\"@type\":\"ListItem\",\"position\":1,\"name\":\"Portada\",\"item\":\"https:\\\/\\\/acuariosupremus.com\\\/\"},{\"@type\":\"ListItem\",\"position\":2,\"name\":\"Tienda\",\"item\":\"https:\\\/\\\/acuariosupremus.com\\\/tienda\\\/\"},{\"@type\":\"ListItem\",\"position\":3,\"name\":\"HIDR\u00d3METRO INSTANT OCEAN.\"}]},{\"@type\":\"WebSite\",\"@id\":\"https:\\\/\\\/acuariosupremus.com\\\/#website\",\"url\":\"https:\\\/\\\/acuariosupremus.com\\\/\",\"name\":\"Acuario Supremus\",\"description\":\"Peces, Peceras y Mascotas.\",\"publisher\":{\"@id\":\"https:\\\/\\\/acuariosupremus.com\\\/#organization\"},\"potentialAction\":[{\"@type\":\"SearchAction\",\"target\":{\"@type\":\"EntryPoint\",\"urlTemplate\":\"https:\\\/\\\/acuariosupremus.com\\\/?s={search_term_string}\"},\"query-input\":{\"@type\":\"PropertyValueSpecification\",\"valueRequired\":true,\"valueName\":\"search_term_string\"}}],\"inLanguage\":\"es\"},{\"@type\":\"Organization\",\"@id\":\"https:\\\/\\\/acuariosupremus.com\\\/#organization\",\"name\":\"Acuario Supremus\",\"url\":\"https:\\\/\\\/acuariosupremus.com\\\/\",\"logo\":{\"@type\":\"ImageObject\",\"inLanguage\":\"es\",\"@id\":\"https:\\\/\\\/acuariosupremus.com\\\/#\\\/schema\\\/logo\\\/image\\\/\",\"url\":\"https:\\\/\\\/acuariosupremus.com\\\/wp-content\\\/uploads\\\/2021\\\/12\\\/cropped-logo_acuario_supremus_fn-2.png\",\"contentUrl\":\"https:\\\/\\\/acuariosupremus.com\\\/wp-content\\\/uploads\\\/2021\\\/12\\\/cropped-logo_acuario_supremus_fn-2.png\",\"width\":1000,\"height\":318,\"caption\":\"Acuario Supremus\"},\"image\":{\"@id\":\"https:\\\/\\\/acuariosupremus.com\\\/#\\\/schema\\\/logo\\\/image\\\/\"},\"sameAs\":[\"https:\\\/\\\/www.facebook.com\\\/AcuarioSupremus\",\"https:\\\/\\\/x.com\\\/AcuarioSupremus\",\"https:\\\/\\\/www.instagram.com\\\/acuariosupremus\\\/?hl=es\"]}]}<\/script>\n<!-- \/ Yoast SEO plugin. -->","yoast_head_json":{"title":"HIDR\u00d3METRO INSTANT OCEAN. | Acuario Supremus","description":"La opci\u00f3n # 1 para aficionados, Mide la gravedad especifica en los acuarios marinos, Preciso y de f\u00e1cil lectura.","robots":{"index":"index","follow":"follow","max-snippet":"max-snippet:-1","max-image-preview":"max-image-preview:large","max-video-preview":"max-video-preview:-1"},"canonical":"https:\/\/acuariosupremus.com\/?product=hidrometro-instant-ocean","og_locale":"es_MX","og_type":"article","og_title":"HIDR\u00d3METRO INSTANT OCEAN. | Acuario Supremus","og_description":"La opci\u00f3n # 1 para aficionados, Mide la gravedad especifica en los acuarios marinos, Preciso y de f\u00e1cil lectura.","og_url":"https:\/\/acuariosupremus.com\/?product=hidrometro-instant-ocean","og_site_name":"Acuario Supremus","article_publisher":"https:\/\/www.facebook.com\/AcuarioSupremus","article_modified_time":"2025-12-17T21:57:26+00:00","og_image":[{"width":1000,"height":1000,"url":"https:\/\/acuariosupremus.com\/wp-content\/uploads\/2022\/02\/IOTEI1.jpg","type":"image\/jpeg"}],"twitter_card":"summary_large_image","twitter_site":"@AcuarioSupremus","schema":{"@context":"https:\/\/schema.org","@graph":[{"@type":"WebPage","@id":"https:\/\/acuariosupremus.com\/?product=hidrometro-instant-ocean","url":"https:\/\/acuariosupremus.com\/?product=hidrometro-instant-ocean","name":"HIDR\u00d3METRO INSTANT OCEAN. | Acuario Supremus","isPartOf":{"@id":"https:\/\/acuariosupremus.com\/#website"},"primaryImageOfPage":{"@id":"https:\/\/acuariosupremus.com\/?product=hidrometro-instant-ocean#primaryimage"},"image":{"@id":"https:\/\/acuariosupremus.com\/?product=hidrometro-instant-ocean#primaryimage"},"thumbnailUrl":"https:\/\/acuariosupremus.com\/wp-content\/uploads\/2022\/02\/IOTEI1.jpg","datePublished":"2022-02-05T22:15:45+00:00","dateModified":"2025-12-17T21:57:26+00:00","description":"La opci\u00f3n # 1 para aficionados, Mide la gravedad especifica en los acuarios marinos, Preciso y de f\u00e1cil lectura.","breadcrumb":{"@id":"https:\/\/acuariosupremus.com\/?product=hidrometro-instant-ocean#breadcrumb"},"inLanguage":"es","potentialAction":[{"@type":"ReadAction","target":["https:\/\/acuariosupremus.com\/?product=hidrometro-instant-ocean"]}]},{"@type":"ImageObject","inLanguage":"es","@id":"https:\/\/acuariosupremus.com\/?product=hidrometro-instant-ocean#primaryimage","url":"https:\/\/acuariosupremus.com\/wp-content\/uploads\/2022\/02\/IOTEI1.jpg","contentUrl":"https:\/\/acuariosupremus.com\/wp-content\/uploads\/2022\/02\/IOTEI1.jpg","width":1000,"height":1000},{"@type":"BreadcrumbList","@id":"https:\/\/acuariosupremus.com\/?product=hidrometro-instant-ocean#breadcrumb","itemListElement":[{"@type":"ListItem","position":1,"name":"Portada","item":"https:\/\/acuariosupremus.com\/"},{"@type":"ListItem","position":2,"name":"Tienda","item":"https:\/\/acuariosupremus.com\/tienda\/"},{"@type":"ListItem","position":3,"name":"HIDR\u00d3METRO INSTANT OCEAN."}]},{"@type":"WebSite","@id":"https:\/\/acuariosupremus.com\/#website","url":"https:\/\/acuariosupremus.com\/","name":"Acuario Supremus","description":"Peces, Peceras y Mascotas.","publisher":{"@id":"https:\/\/acuariosupremus.com\/#organization"},"potentialAction":[{"@type":"SearchAction","target":{"@type":"EntryPoint","urlTemplate":"https:\/\/acuariosupremus.com\/?s={search_term_string}"},"query-input":{"@type":"PropertyValueSpecification","valueRequired":true,"valueName":"search_term_string"}}],"inLanguage":"es"},{"@type":"Organization","@id":"https:\/\/acuariosupremus.com\/#organization","name":"Acuario Supremus","url":"https:\/\/acuariosupremus.com\/","logo":{"@type":"ImageObject","inLanguage":"es","@id":"https:\/\/acuariosupremus.com\/#\/schema\/logo\/image\/","url":"https:\/\/acuariosupremus.com\/wp-content\/uploads\/2021\/12\/cropped-logo_acuario_supremus_fn-2.png","contentUrl":"https:\/\/acuariosupremus.com\/wp-content\/uploads\/2021\/12\/cropped-logo_acuario_supremus_fn-2.png","width":1000,"height":318,"caption":"Acuario Supremus"},"image":{"@id":"https:\/\/acuariosupremus.com\/#\/schema\/logo\/image\/"},"sameAs":["https:\/\/www.facebook.com\/AcuarioSupremus","https:\/\/x.com\/AcuarioSupremus","https:\/\/www.instagram.com\/acuariosupremus\/?hl=es"]}]}},"jetpack_sharing_enabled":true,"_links":{"self":[{"href":"https:\/\/acuariosupremus.com\/index.php?rest_route=\/wp\/v2\/product\/2162","targetHints":{"allow":["GET"]}}],"collection":[{"href":"https:\/\/acuariosupremus.com\/index.php?rest_route=\/wp\/v2\/product"}],"about":[{"href":"https:\/\/acuariosupremus.com\/index.php?rest_route=\/wp\/v2\/types\/product"}],"wp:featuredmedia":[{"embeddable":true,"href":"https:\/\/acuariosupremus.com\/index.php?rest_route=\/wp\/v2\/media\/2165"}],"wp:attachment":[{"href":"https:\/\/acuariosupremus.com\/index.php?rest_route=%2Fwp%2Fv2%2Fmedia&parent=2162"}],"wp:term":[{"taxonomy":"product_brand","embeddable":true,"href":"https:\/\/acuariosupremus.com\/index.php?rest_route=%2Fwp%2Fv2%2Fproduct_brand&post=2162"},{"taxonomy":"product_cat","embeddable":true,"href":"https:\/\/acuariosupremus.com\/index.php?rest_route=%2Fwp%2Fv2%2Fproduct_cat&post=2162"},{"taxonomy":"product_tag","embeddable":true,"href":"https:\/\/acuariosupremus.com\/index.php?rest_route=%2Fwp%2Fv2%2Fproduct_tag&post=2162"}],"curies":[{"name":"wp","href":"https:\/\/api.w.org\/{rel}","templated":true}]}}