{"id":2220,"date":"2022-02-05T18:55:06","date_gmt":"2022-02-06T00:55:06","guid":{"rendered":"https:\/\/acuariosupremus.com\/?post_type=product&#038;p=2220"},"modified":"2025-12-17T16:24:13","modified_gmt":"2025-12-17T22:24:13","slug":"calentador-sumergible-c-termostato-thermojet-25-w","status":"publish","type":"product","link":"https:\/\/acuariosupremus.com\/?product=calentador-sumergible-c-termostato-thermojet-25-w","title":{"rendered":"CALENTADOR CON TERMOSTATO THERMOJET 25 W."},"content":{"rendered":"<p>Recomendaciones:<br \/>\nEl calentador deber\u00e1 colocarse en un \u00e1rea de la pecera con circulaci\u00f3n de agua. Si el movimiento del agua es insuficiente , el<br \/>\ntermostato no funcionara con precisi\u00f3n y la temperatura del acuario no ser\u00e1 uniforme.<br \/>\nElija la potencia correcta para el tama\u00f1o de su pecera. Por lo general un watt de potencia por cada litro de agua del acuario<br \/>\ndeber\u00e1 ser suficiente.<br \/>\nPrecauciones:<br \/>\nNo conecte el calentador mientras se encuentre fuera del agua. Despu\u00e9s de instalarlo en el acuario, espere al menos 5 minutos antes de conectarlo a la corriente para permitir que el termostato se equilibre con la temperatura del agua.<br \/>\nEl nivel del agua deber\u00e1 mantenerse sobre la l\u00ednea de nivel m\u00ednimo marcada en el calentador. Para evitar una ruptura por<br \/>\nchoque t\u00e9rmico, desconecte el calentador al menos 10 minutos antes de sacarlo del agua.<br \/>\nEl cable de este aparato no puede ser sustituido o reparado. Si el cable se llegara a da\u00f1ar , el calentador deber\u00e1 ser<br \/>\nreemplazado.<br \/>\nDebido a la posibilidad de una descarga el\u00e9ctrica, este calentador, o cualquier equipo el\u00e9ctrico que est\u00e9 en contacto con el<br \/>\nagua, deber\u00e1 ser desconectado antes de dar servicio al acuario.<br \/>\nEste calentador el\u00e9ctrico est\u00e1 dise\u00f1ado para operar en acuarios bajo techo. No se utilice a la intemperie o en instalaciones<br \/>\ndistintas a las mencionadas.<br \/>\nMedidas:<br \/>\n21 cm x 25 mm di\u00e1metro.<br \/>\nContenido:<br \/>\n1 pieza 25 watts.<\/p>\n","protected":false},"excerpt":{"rendered":"<p>Calentador con termostato, sumergible, ajustable para acuario de 25 L.<br \/>\nMejorado con nuevo control de temperatura.<\/p>\n","protected":false},"featured_media":2221,"template":"","meta":[],"product_brand":[105],"product_cat":[40,65],"product_tag":[246],"class_list":{"0":"post-2220","1":"product","2":"type-product","3":"status-publish","4":"has-post-thumbnail","6":"product_brand-lomas","7":"product_cat-peces","8":"product_cat-termostatos-y-calentadores","9":"product_tag-termostato-peces","11":"first","12":"instock","13":"sale","14":"shipping-taxable","15":"purchasable","16":"product-type-simple"},"yoast_head":"<!-- This site is optimized with the Yoast SEO plugin v27.4 - https:\/\/yoast.com\/product\/yoast-seo-wordpress\/ -->\n<title>CALENTADOR CON TERMOSTATO THERMOJET 25 W. | Acuario Supremus<\/title>\n<meta name=\"description\" content=\"Calentador con termostato, sumergible, ajustable para acuario de 25 litros, Mejorado con nuevo control de temperatura.\" \/>\n<meta name=\"robots\" content=\"index, follow, max-snippet:-1, max-image-preview:large, max-video-preview:-1\" \/>\n<link rel=\"canonical\" href=\"https:\/\/acuariosupremus.com\/?product=calentador-sumergible-c-termostato-thermojet-25-w\" \/>\n<meta property=\"og:locale\" content=\"es_MX\" \/>\n<meta property=\"og:type\" content=\"article\" \/>\n<meta property=\"og:title\" content=\"CALENTADOR CON TERMOSTATO THERMOJET 25 W. | Acuario Supremus\" \/>\n<meta property=\"og:description\" content=\"Calentador con termostato, sumergible, ajustable para acuario de 25 litros, Mejorado con nuevo control de temperatura.\" \/>\n<meta property=\"og:url\" content=\"https:\/\/acuariosupremus.com\/?product=calentador-sumergible-c-termostato-thermojet-25-w\" \/>\n<meta property=\"og:site_name\" content=\"Acuario Supremus\" \/>\n<meta property=\"article:publisher\" content=\"https:\/\/www.facebook.com\/AcuarioSupremus\" \/>\n<meta property=\"article:modified_time\" content=\"2025-12-17T22:24:13+00:00\" \/>\n<meta property=\"og:image\" content=\"https:\/\/acuariosupremus.com\/wp-content\/uploads\/2022\/02\/FL7751.jpg\" \/>\n\t<meta property=\"og:image:width\" content=\"1000\" \/>\n\t<meta property=\"og:image:height\" content=\"1000\" \/>\n\t<meta property=\"og:image:type\" content=\"image\/jpeg\" \/>\n<meta name=\"twitter:card\" content=\"summary_large_image\" \/>\n<meta name=\"twitter:site\" content=\"@AcuarioSupremus\" \/>\n<meta name=\"twitter:label1\" content=\"Tiempo de lectura\" \/>\n\t<meta name=\"twitter:data1\" content=\"2 minutos\" \/>\n<script type=\"application\/ld+json\" class=\"yoast-schema-graph\">{\"@context\":\"https:\\\/\\\/schema.org\",\"@graph\":[{\"@type\":\"WebPage\",\"@id\":\"https:\\\/\\\/acuariosupremus.com\\\/?product=calentador-sumergible-c-termostato-thermojet-25-w\",\"url\":\"https:\\\/\\\/acuariosupremus.com\\\/?product=calentador-sumergible-c-termostato-thermojet-25-w\",\"name\":\"CALENTADOR CON TERMOSTATO THERMOJET 25 W. | Acuario Supremus\",\"isPartOf\":{\"@id\":\"https:\\\/\\\/acuariosupremus.com\\\/#website\"},\"primaryImageOfPage\":{\"@id\":\"https:\\\/\\\/acuariosupremus.com\\\/?product=calentador-sumergible-c-termostato-thermojet-25-w#primaryimage\"},\"image\":{\"@id\":\"https:\\\/\\\/acuariosupremus.com\\\/?product=calentador-sumergible-c-termostato-thermojet-25-w#primaryimage\"},\"thumbnailUrl\":\"https:\\\/\\\/acuariosupremus.com\\\/wp-content\\\/uploads\\\/2022\\\/02\\\/FL7751.jpg\",\"datePublished\":\"2022-02-06T00:55:06+00:00\",\"dateModified\":\"2025-12-17T22:24:13+00:00\",\"description\":\"Calentador con termostato, sumergible, ajustable para acuario de 25 litros, Mejorado con nuevo control de temperatura.\",\"breadcrumb\":{\"@id\":\"https:\\\/\\\/acuariosupremus.com\\\/?product=calentador-sumergible-c-termostato-thermojet-25-w#breadcrumb\"},\"inLanguage\":\"es\",\"potentialAction\":[{\"@type\":\"ReadAction\",\"target\":[\"https:\\\/\\\/acuariosupremus.com\\\/?product=calentador-sumergible-c-termostato-thermojet-25-w\"]}]},{\"@type\":\"ImageObject\",\"inLanguage\":\"es\",\"@id\":\"https:\\\/\\\/acuariosupremus.com\\\/?product=calentador-sumergible-c-termostato-thermojet-25-w#primaryimage\",\"url\":\"https:\\\/\\\/acuariosupremus.com\\\/wp-content\\\/uploads\\\/2022\\\/02\\\/FL7751.jpg\",\"contentUrl\":\"https:\\\/\\\/acuariosupremus.com\\\/wp-content\\\/uploads\\\/2022\\\/02\\\/FL7751.jpg\",\"width\":1000,\"height\":1000},{\"@type\":\"BreadcrumbList\",\"@id\":\"https:\\\/\\\/acuariosupremus.com\\\/?product=calentador-sumergible-c-termostato-thermojet-25-w#breadcrumb\",\"itemListElement\":[{\"@type\":\"ListItem\",\"position\":1,\"name\":\"Portada\",\"item\":\"https:\\\/\\\/acuariosupremus.com\\\/\"},{\"@type\":\"ListItem\",\"position\":2,\"name\":\"Tienda\",\"item\":\"https:\\\/\\\/acuariosupremus.com\\\/tienda\\\/\"},{\"@type\":\"ListItem\",\"position\":3,\"name\":\"CALENTADOR CON TERMOSTATO THERMOJET 25 W.\"}]},{\"@type\":\"WebSite\",\"@id\":\"https:\\\/\\\/acuariosupremus.com\\\/#website\",\"url\":\"https:\\\/\\\/acuariosupremus.com\\\/\",\"name\":\"Acuario Supremus\",\"description\":\"Peces, Peceras y Mascotas.\",\"publisher\":{\"@id\":\"https:\\\/\\\/acuariosupremus.com\\\/#organization\"},\"potentialAction\":[{\"@type\":\"SearchAction\",\"target\":{\"@type\":\"EntryPoint\",\"urlTemplate\":\"https:\\\/\\\/acuariosupremus.com\\\/?s={search_term_string}\"},\"query-input\":{\"@type\":\"PropertyValueSpecification\",\"valueRequired\":true,\"valueName\":\"search_term_string\"}}],\"inLanguage\":\"es\"},{\"@type\":\"Organization\",\"@id\":\"https:\\\/\\\/acuariosupremus.com\\\/#organization\",\"name\":\"Acuario Supremus\",\"url\":\"https:\\\/\\\/acuariosupremus.com\\\/\",\"logo\":{\"@type\":\"ImageObject\",\"inLanguage\":\"es\",\"@id\":\"https:\\\/\\\/acuariosupremus.com\\\/#\\\/schema\\\/logo\\\/image\\\/\",\"url\":\"https:\\\/\\\/acuariosupremus.com\\\/wp-content\\\/uploads\\\/2021\\\/12\\\/cropped-logo_acuario_supremus_fn-2.png\",\"contentUrl\":\"https:\\\/\\\/acuariosupremus.com\\\/wp-content\\\/uploads\\\/2021\\\/12\\\/cropped-logo_acuario_supremus_fn-2.png\",\"width\":1000,\"height\":318,\"caption\":\"Acuario Supremus\"},\"image\":{\"@id\":\"https:\\\/\\\/acuariosupremus.com\\\/#\\\/schema\\\/logo\\\/image\\\/\"},\"sameAs\":[\"https:\\\/\\\/www.facebook.com\\\/AcuarioSupremus\",\"https:\\\/\\\/x.com\\\/AcuarioSupremus\",\"https:\\\/\\\/www.instagram.com\\\/acuariosupremus\\\/?hl=es\"]}]}<\/script>\n<!-- \/ Yoast SEO plugin. -->","yoast_head_json":{"title":"CALENTADOR CON TERMOSTATO THERMOJET 25 W. | Acuario Supremus","description":"Calentador con termostato, sumergible, ajustable para acuario de 25 litros, Mejorado con nuevo control de temperatura.","robots":{"index":"index","follow":"follow","max-snippet":"max-snippet:-1","max-image-preview":"max-image-preview:large","max-video-preview":"max-video-preview:-1"},"canonical":"https:\/\/acuariosupremus.com\/?product=calentador-sumergible-c-termostato-thermojet-25-w","og_locale":"es_MX","og_type":"article","og_title":"CALENTADOR CON TERMOSTATO THERMOJET 25 W. | Acuario Supremus","og_description":"Calentador con termostato, sumergible, ajustable para acuario de 25 litros, Mejorado con nuevo control de temperatura.","og_url":"https:\/\/acuariosupremus.com\/?product=calentador-sumergible-c-termostato-thermojet-25-w","og_site_name":"Acuario Supremus","article_publisher":"https:\/\/www.facebook.com\/AcuarioSupremus","article_modified_time":"2025-12-17T22:24:13+00:00","og_image":[{"width":1000,"height":1000,"url":"https:\/\/acuariosupremus.com\/wp-content\/uploads\/2022\/02\/FL7751.jpg","type":"image\/jpeg"}],"twitter_card":"summary_large_image","twitter_site":"@AcuarioSupremus","twitter_misc":{"Tiempo de lectura":"2 minutos"},"schema":{"@context":"https:\/\/schema.org","@graph":[{"@type":"WebPage","@id":"https:\/\/acuariosupremus.com\/?product=calentador-sumergible-c-termostato-thermojet-25-w","url":"https:\/\/acuariosupremus.com\/?product=calentador-sumergible-c-termostato-thermojet-25-w","name":"CALENTADOR CON TERMOSTATO THERMOJET 25 W. | Acuario Supremus","isPartOf":{"@id":"https:\/\/acuariosupremus.com\/#website"},"primaryImageOfPage":{"@id":"https:\/\/acuariosupremus.com\/?product=calentador-sumergible-c-termostato-thermojet-25-w#primaryimage"},"image":{"@id":"https:\/\/acuariosupremus.com\/?product=calentador-sumergible-c-termostato-thermojet-25-w#primaryimage"},"thumbnailUrl":"https:\/\/acuariosupremus.com\/wp-content\/uploads\/2022\/02\/FL7751.jpg","datePublished":"2022-02-06T00:55:06+00:00","dateModified":"2025-12-17T22:24:13+00:00","description":"Calentador con termostato, sumergible, ajustable para acuario de 25 litros, Mejorado con nuevo control de temperatura.","breadcrumb":{"@id":"https:\/\/acuariosupremus.com\/?product=calentador-sumergible-c-termostato-thermojet-25-w#breadcrumb"},"inLanguage":"es","potentialAction":[{"@type":"ReadAction","target":["https:\/\/acuariosupremus.com\/?product=calentador-sumergible-c-termostato-thermojet-25-w"]}]},{"@type":"ImageObject","inLanguage":"es","@id":"https:\/\/acuariosupremus.com\/?product=calentador-sumergible-c-termostato-thermojet-25-w#primaryimage","url":"https:\/\/acuariosupremus.com\/wp-content\/uploads\/2022\/02\/FL7751.jpg","contentUrl":"https:\/\/acuariosupremus.com\/wp-content\/uploads\/2022\/02\/FL7751.jpg","width":1000,"height":1000},{"@type":"BreadcrumbList","@id":"https:\/\/acuariosupremus.com\/?product=calentador-sumergible-c-termostato-thermojet-25-w#breadcrumb","itemListElement":[{"@type":"ListItem","position":1,"name":"Portada","item":"https:\/\/acuariosupremus.com\/"},{"@type":"ListItem","position":2,"name":"Tienda","item":"https:\/\/acuariosupremus.com\/tienda\/"},{"@type":"ListItem","position":3,"name":"CALENTADOR CON TERMOSTATO THERMOJET 25 W."}]},{"@type":"WebSite","@id":"https:\/\/acuariosupremus.com\/#website","url":"https:\/\/acuariosupremus.com\/","name":"Acuario Supremus","description":"Peces, Peceras y Mascotas.","publisher":{"@id":"https:\/\/acuariosupremus.com\/#organization"},"potentialAction":[{"@type":"SearchAction","target":{"@type":"EntryPoint","urlTemplate":"https:\/\/acuariosupremus.com\/?s={search_term_string}"},"query-input":{"@type":"PropertyValueSpecification","valueRequired":true,"valueName":"search_term_string"}}],"inLanguage":"es"},{"@type":"Organization","@id":"https:\/\/acuariosupremus.com\/#organization","name":"Acuario Supremus","url":"https:\/\/acuariosupremus.com\/","logo":{"@type":"ImageObject","inLanguage":"es","@id":"https:\/\/acuariosupremus.com\/#\/schema\/logo\/image\/","url":"https:\/\/acuariosupremus.com\/wp-content\/uploads\/2021\/12\/cropped-logo_acuario_supremus_fn-2.png","contentUrl":"https:\/\/acuariosupremus.com\/wp-content\/uploads\/2021\/12\/cropped-logo_acuario_supremus_fn-2.png","width":1000,"height":318,"caption":"Acuario Supremus"},"image":{"@id":"https:\/\/acuariosupremus.com\/#\/schema\/logo\/image\/"},"sameAs":["https:\/\/www.facebook.com\/AcuarioSupremus","https:\/\/x.com\/AcuarioSupremus","https:\/\/www.instagram.com\/acuariosupremus\/?hl=es"]}]}},"jetpack_sharing_enabled":true,"_links":{"self":[{"href":"https:\/\/acuariosupremus.com\/index.php?rest_route=\/wp\/v2\/product\/2220","targetHints":{"allow":["GET"]}}],"collection":[{"href":"https:\/\/acuariosupremus.com\/index.php?rest_route=\/wp\/v2\/product"}],"about":[{"href":"https:\/\/acuariosupremus.com\/index.php?rest_route=\/wp\/v2\/types\/product"}],"wp:featuredmedia":[{"embeddable":true,"href":"https:\/\/acuariosupremus.com\/index.php?rest_route=\/wp\/v2\/media\/2221"}],"wp:attachment":[{"href":"https:\/\/acuariosupremus.com\/index.php?rest_route=%2Fwp%2Fv2%2Fmedia&parent=2220"}],"wp:term":[{"taxonomy":"product_brand","embeddable":true,"href":"https:\/\/acuariosupremus.com\/index.php?rest_route=%2Fwp%2Fv2%2Fproduct_brand&post=2220"},{"taxonomy":"product_cat","embeddable":true,"href":"https:\/\/acuariosupremus.com\/index.php?rest_route=%2Fwp%2Fv2%2Fproduct_cat&post=2220"},{"taxonomy":"product_tag","embeddable":true,"href":"https:\/\/acuariosupremus.com\/index.php?rest_route=%2Fwp%2Fv2%2Fproduct_tag&post=2220"}],"curies":[{"name":"wp","href":"https:\/\/api.w.org\/{rel}","templated":true}]}}