{"id":2581,"date":"2022-02-10T20:01:55","date_gmt":"2022-02-11T02:01:55","guid":{"rendered":"https:\/\/acuariosupremus.com\/?post_type=product&#038;p=2581"},"modified":"2026-04-28T16:25:43","modified_gmt":"2026-04-28T22:25:43","slug":"alimentador-de-semillas-p-aves-360-g","status":"publish","type":"product","link":"https:\/\/acuariosupremus.com\/?product=alimentador-de-semillas-p-aves-360-g","title":{"rendered":"ALIMENTADOR DE SEMILLAS PARA AVES 360 G."},"content":{"rendered":"<p>Instrucciones:<br \/>\nModo de uso:<br \/>\n1. Gire la tapa en el sentido de las manecillas del reloj y lev\u00e1ntela para abrir.<br \/>\n2. Vierta las semillas y coloque nuevamente la tapa gir\u00e1ndola hacia el sentido contrario de las manecillas del reloj<br \/>\nasegur\u00e1ndose de que quede bien cerrada.<br \/>\nLimpieza:<br \/>\nLave su alimentador de semillas RedKite dos veces por semana con abundante agua tibia.<br \/>\nRecomendaciones:<br \/>\n&#8211; El \u00e9xito de un alimentador depende de su ubicaci\u00f3n, es por ello que se recomienda colocarlo en un lugar de f\u00e1cil acceso o en\u00a0 un \u00e1rbol en el que las aves se posen con frecuencia.<br \/>\n&#8211; El tipo de alimento que ofrezca tambi\u00e9n es importante, por lo que le recomendamos utilizar la mezcla de semillas para aves silvestres RedKite que consiste en una variedad de semillas cuidadosamente balanceadas para aves migratorias y silvestres, adem\u00e1s de finches, canarios y gorriones en cautiverio.<br \/>\nPeso\/Capacidad:<br \/>\n360 gramos<\/p>\n","protected":false},"excerpt":{"rendered":"<p>Seis estaciones de alimentaci\u00f3n con percha.<br \/>\nDep\u00f3sito transparente para un f\u00e1cil control de los niveles de semilla.<br \/>\nF\u00e1cil de llenar y limpiar.<br \/>\nEl alimentador de semillas para aves se coloca al aire libre para suministrar el alimento.<\/p>\n","protected":false},"featured_media":2582,"template":"","meta":[],"product_brand":[104],"product_cat":[20,22],"product_tag":[266],"class_list":{"0":"post-2581","1":"product","2":"type-product","3":"status-publish","4":"has-post-thumbnail","6":"product_brand-redkite","7":"product_cat-aves","8":"product_cat-dispensadores","9":"product_tag-comedero-aves","11":"first","12":"instock","13":"sale","14":"shipping-taxable","15":"purchasable","16":"product-type-simple"},"yoast_head":"<!-- This site is optimized with the Yoast SEO plugin v27.5 - https:\/\/yoast.com\/product\/yoast-seo-wordpress\/ -->\n<title>ALIMENTADOR DE SEMILLAS PARA AVES 360 G. | Acuario Supremus<\/title>\n<meta name=\"description\" content=\"El alimentador de semillas para aves se coloca al aire libre para suministrar el alimento,Seis estaciones de alimentaci\u00f3n con perchas.\" \/>\n<meta name=\"robots\" content=\"index, follow, max-snippet:-1, max-image-preview:large, max-video-preview:-1\" \/>\n<link rel=\"canonical\" href=\"https:\/\/acuariosupremus.com\/?product=alimentador-de-semillas-p-aves-360-g\" \/>\n<meta property=\"og:locale\" content=\"es_MX\" \/>\n<meta property=\"og:type\" content=\"article\" \/>\n<meta property=\"og:title\" content=\"ALIMENTADOR DE SEMILLAS PARA AVES 360 G. | Acuario Supremus\" \/>\n<meta property=\"og:description\" content=\"El alimentador de semillas para aves se coloca al aire libre para suministrar el alimento,Seis estaciones de alimentaci\u00f3n con perchas.\" \/>\n<meta property=\"og:url\" content=\"https:\/\/acuariosupremus.com\/?product=alimentador-de-semillas-p-aves-360-g\" \/>\n<meta property=\"og:site_name\" content=\"Acuario Supremus\" \/>\n<meta property=\"article:publisher\" content=\"https:\/\/www.facebook.com\/AcuarioSupremus\" \/>\n<meta property=\"article:modified_time\" content=\"2026-04-28T22:25:43+00:00\" \/>\n<meta property=\"og:image\" content=\"https:\/\/acuariosupremus.com\/wp-content\/uploads\/2022\/02\/FL9236.jpg\" \/>\n\t<meta property=\"og:image:width\" content=\"1000\" \/>\n\t<meta property=\"og:image:height\" content=\"1000\" \/>\n\t<meta property=\"og:image:type\" content=\"image\/jpeg\" \/>\n<meta name=\"twitter:card\" content=\"summary_large_image\" \/>\n<meta name=\"twitter:site\" content=\"@AcuarioSupremus\" \/>\n<meta name=\"twitter:label1\" content=\"Tiempo de lectura\" \/>\n\t<meta name=\"twitter:data1\" content=\"1 minuto\" \/>\n<script type=\"application\/ld+json\" class=\"yoast-schema-graph\">{\"@context\":\"https:\\\/\\\/schema.org\",\"@graph\":[{\"@type\":\"WebPage\",\"@id\":\"https:\\\/\\\/acuariosupremus.com\\\/?product=alimentador-de-semillas-p-aves-360-g\",\"url\":\"https:\\\/\\\/acuariosupremus.com\\\/?product=alimentador-de-semillas-p-aves-360-g\",\"name\":\"ALIMENTADOR DE SEMILLAS PARA AVES 360 G. | Acuario Supremus\",\"isPartOf\":{\"@id\":\"https:\\\/\\\/acuariosupremus.com\\\/#website\"},\"primaryImageOfPage\":{\"@id\":\"https:\\\/\\\/acuariosupremus.com\\\/?product=alimentador-de-semillas-p-aves-360-g#primaryimage\"},\"image\":{\"@id\":\"https:\\\/\\\/acuariosupremus.com\\\/?product=alimentador-de-semillas-p-aves-360-g#primaryimage\"},\"thumbnailUrl\":\"https:\\\/\\\/acuariosupremus.com\\\/wp-content\\\/uploads\\\/2022\\\/02\\\/FL9236.jpg\",\"datePublished\":\"2022-02-11T02:01:55+00:00\",\"dateModified\":\"2026-04-28T22:25:43+00:00\",\"description\":\"El alimentador de semillas para aves se coloca al aire libre para suministrar el alimento,Seis estaciones de alimentaci\u00f3n con perchas.\",\"breadcrumb\":{\"@id\":\"https:\\\/\\\/acuariosupremus.com\\\/?product=alimentador-de-semillas-p-aves-360-g#breadcrumb\"},\"inLanguage\":\"es\",\"potentialAction\":[{\"@type\":\"ReadAction\",\"target\":[\"https:\\\/\\\/acuariosupremus.com\\\/?product=alimentador-de-semillas-p-aves-360-g\"]}]},{\"@type\":\"ImageObject\",\"inLanguage\":\"es\",\"@id\":\"https:\\\/\\\/acuariosupremus.com\\\/?product=alimentador-de-semillas-p-aves-360-g#primaryimage\",\"url\":\"https:\\\/\\\/acuariosupremus.com\\\/wp-content\\\/uploads\\\/2022\\\/02\\\/FL9236.jpg\",\"contentUrl\":\"https:\\\/\\\/acuariosupremus.com\\\/wp-content\\\/uploads\\\/2022\\\/02\\\/FL9236.jpg\",\"width\":1000,\"height\":1000},{\"@type\":\"BreadcrumbList\",\"@id\":\"https:\\\/\\\/acuariosupremus.com\\\/?product=alimentador-de-semillas-p-aves-360-g#breadcrumb\",\"itemListElement\":[{\"@type\":\"ListItem\",\"position\":1,\"name\":\"Portada\",\"item\":\"https:\\\/\\\/acuariosupremus.com\\\/\"},{\"@type\":\"ListItem\",\"position\":2,\"name\":\"Tienda\",\"item\":\"https:\\\/\\\/acuariosupremus.com\\\/tienda\\\/\"},{\"@type\":\"ListItem\",\"position\":3,\"name\":\"ALIMENTADOR DE SEMILLAS PARA AVES 360 G.\"}]},{\"@type\":\"WebSite\",\"@id\":\"https:\\\/\\\/acuariosupremus.com\\\/#website\",\"url\":\"https:\\\/\\\/acuariosupremus.com\\\/\",\"name\":\"Acuario Supremus\",\"description\":\"Peces, Peceras y Mascotas.\",\"publisher\":{\"@id\":\"https:\\\/\\\/acuariosupremus.com\\\/#organization\"},\"potentialAction\":[{\"@type\":\"SearchAction\",\"target\":{\"@type\":\"EntryPoint\",\"urlTemplate\":\"https:\\\/\\\/acuariosupremus.com\\\/?s={search_term_string}\"},\"query-input\":{\"@type\":\"PropertyValueSpecification\",\"valueRequired\":true,\"valueName\":\"search_term_string\"}}],\"inLanguage\":\"es\"},{\"@type\":\"Organization\",\"@id\":\"https:\\\/\\\/acuariosupremus.com\\\/#organization\",\"name\":\"Acuario Supremus\",\"url\":\"https:\\\/\\\/acuariosupremus.com\\\/\",\"logo\":{\"@type\":\"ImageObject\",\"inLanguage\":\"es\",\"@id\":\"https:\\\/\\\/acuariosupremus.com\\\/#\\\/schema\\\/logo\\\/image\\\/\",\"url\":\"https:\\\/\\\/acuariosupremus.com\\\/wp-content\\\/uploads\\\/2021\\\/12\\\/cropped-logo_acuario_supremus_fn-2.png\",\"contentUrl\":\"https:\\\/\\\/acuariosupremus.com\\\/wp-content\\\/uploads\\\/2021\\\/12\\\/cropped-logo_acuario_supremus_fn-2.png\",\"width\":1000,\"height\":318,\"caption\":\"Acuario Supremus\"},\"image\":{\"@id\":\"https:\\\/\\\/acuariosupremus.com\\\/#\\\/schema\\\/logo\\\/image\\\/\"},\"sameAs\":[\"https:\\\/\\\/www.facebook.com\\\/AcuarioSupremus\",\"https:\\\/\\\/x.com\\\/AcuarioSupremus\",\"https:\\\/\\\/www.instagram.com\\\/acuariosupremus\\\/?hl=es\"]}]}<\/script>\n<!-- \/ Yoast SEO plugin. -->","yoast_head_json":{"title":"ALIMENTADOR DE SEMILLAS PARA AVES 360 G. | Acuario Supremus","description":"El alimentador de semillas para aves se coloca al aire libre para suministrar el alimento,Seis estaciones de alimentaci\u00f3n con perchas.","robots":{"index":"index","follow":"follow","max-snippet":"max-snippet:-1","max-image-preview":"max-image-preview:large","max-video-preview":"max-video-preview:-1"},"canonical":"https:\/\/acuariosupremus.com\/?product=alimentador-de-semillas-p-aves-360-g","og_locale":"es_MX","og_type":"article","og_title":"ALIMENTADOR DE SEMILLAS PARA AVES 360 G. | Acuario Supremus","og_description":"El alimentador de semillas para aves se coloca al aire libre para suministrar el alimento,Seis estaciones de alimentaci\u00f3n con perchas.","og_url":"https:\/\/acuariosupremus.com\/?product=alimentador-de-semillas-p-aves-360-g","og_site_name":"Acuario Supremus","article_publisher":"https:\/\/www.facebook.com\/AcuarioSupremus","article_modified_time":"2026-04-28T22:25:43+00:00","og_image":[{"width":1000,"height":1000,"url":"https:\/\/acuariosupremus.com\/wp-content\/uploads\/2022\/02\/FL9236.jpg","type":"image\/jpeg"}],"twitter_card":"summary_large_image","twitter_site":"@AcuarioSupremus","twitter_misc":{"Tiempo de lectura":"1 minuto"},"schema":{"@context":"https:\/\/schema.org","@graph":[{"@type":"WebPage","@id":"https:\/\/acuariosupremus.com\/?product=alimentador-de-semillas-p-aves-360-g","url":"https:\/\/acuariosupremus.com\/?product=alimentador-de-semillas-p-aves-360-g","name":"ALIMENTADOR DE SEMILLAS PARA AVES 360 G. | Acuario Supremus","isPartOf":{"@id":"https:\/\/acuariosupremus.com\/#website"},"primaryImageOfPage":{"@id":"https:\/\/acuariosupremus.com\/?product=alimentador-de-semillas-p-aves-360-g#primaryimage"},"image":{"@id":"https:\/\/acuariosupremus.com\/?product=alimentador-de-semillas-p-aves-360-g#primaryimage"},"thumbnailUrl":"https:\/\/acuariosupremus.com\/wp-content\/uploads\/2022\/02\/FL9236.jpg","datePublished":"2022-02-11T02:01:55+00:00","dateModified":"2026-04-28T22:25:43+00:00","description":"El alimentador de semillas para aves se coloca al aire libre para suministrar el alimento,Seis estaciones de alimentaci\u00f3n con perchas.","breadcrumb":{"@id":"https:\/\/acuariosupremus.com\/?product=alimentador-de-semillas-p-aves-360-g#breadcrumb"},"inLanguage":"es","potentialAction":[{"@type":"ReadAction","target":["https:\/\/acuariosupremus.com\/?product=alimentador-de-semillas-p-aves-360-g"]}]},{"@type":"ImageObject","inLanguage":"es","@id":"https:\/\/acuariosupremus.com\/?product=alimentador-de-semillas-p-aves-360-g#primaryimage","url":"https:\/\/acuariosupremus.com\/wp-content\/uploads\/2022\/02\/FL9236.jpg","contentUrl":"https:\/\/acuariosupremus.com\/wp-content\/uploads\/2022\/02\/FL9236.jpg","width":1000,"height":1000},{"@type":"BreadcrumbList","@id":"https:\/\/acuariosupremus.com\/?product=alimentador-de-semillas-p-aves-360-g#breadcrumb","itemListElement":[{"@type":"ListItem","position":1,"name":"Portada","item":"https:\/\/acuariosupremus.com\/"},{"@type":"ListItem","position":2,"name":"Tienda","item":"https:\/\/acuariosupremus.com\/tienda\/"},{"@type":"ListItem","position":3,"name":"ALIMENTADOR DE SEMILLAS PARA AVES 360 G."}]},{"@type":"WebSite","@id":"https:\/\/acuariosupremus.com\/#website","url":"https:\/\/acuariosupremus.com\/","name":"Acuario Supremus","description":"Peces, Peceras y Mascotas.","publisher":{"@id":"https:\/\/acuariosupremus.com\/#organization"},"potentialAction":[{"@type":"SearchAction","target":{"@type":"EntryPoint","urlTemplate":"https:\/\/acuariosupremus.com\/?s={search_term_string}"},"query-input":{"@type":"PropertyValueSpecification","valueRequired":true,"valueName":"search_term_string"}}],"inLanguage":"es"},{"@type":"Organization","@id":"https:\/\/acuariosupremus.com\/#organization","name":"Acuario Supremus","url":"https:\/\/acuariosupremus.com\/","logo":{"@type":"ImageObject","inLanguage":"es","@id":"https:\/\/acuariosupremus.com\/#\/schema\/logo\/image\/","url":"https:\/\/acuariosupremus.com\/wp-content\/uploads\/2021\/12\/cropped-logo_acuario_supremus_fn-2.png","contentUrl":"https:\/\/acuariosupremus.com\/wp-content\/uploads\/2021\/12\/cropped-logo_acuario_supremus_fn-2.png","width":1000,"height":318,"caption":"Acuario Supremus"},"image":{"@id":"https:\/\/acuariosupremus.com\/#\/schema\/logo\/image\/"},"sameAs":["https:\/\/www.facebook.com\/AcuarioSupremus","https:\/\/x.com\/AcuarioSupremus","https:\/\/www.instagram.com\/acuariosupremus\/?hl=es"]}]}},"jetpack_sharing_enabled":true,"_links":{"self":[{"href":"https:\/\/acuariosupremus.com\/index.php?rest_route=\/wp\/v2\/product\/2581","targetHints":{"allow":["GET"]}}],"collection":[{"href":"https:\/\/acuariosupremus.com\/index.php?rest_route=\/wp\/v2\/product"}],"about":[{"href":"https:\/\/acuariosupremus.com\/index.php?rest_route=\/wp\/v2\/types\/product"}],"wp:featuredmedia":[{"embeddable":true,"href":"https:\/\/acuariosupremus.com\/index.php?rest_route=\/wp\/v2\/media\/2582"}],"wp:attachment":[{"href":"https:\/\/acuariosupremus.com\/index.php?rest_route=%2Fwp%2Fv2%2Fmedia&parent=2581"}],"wp:term":[{"taxonomy":"product_brand","embeddable":true,"href":"https:\/\/acuariosupremus.com\/index.php?rest_route=%2Fwp%2Fv2%2Fproduct_brand&post=2581"},{"taxonomy":"product_cat","embeddable":true,"href":"https:\/\/acuariosupremus.com\/index.php?rest_route=%2Fwp%2Fv2%2Fproduct_cat&post=2581"},{"taxonomy":"product_tag","embeddable":true,"href":"https:\/\/acuariosupremus.com\/index.php?rest_route=%2Fwp%2Fv2%2Fproduct_tag&post=2581"}],"curies":[{"name":"wp","href":"https:\/\/api.w.org\/{rel}","templated":true}]}}