{"id":2627,"date":"2022-02-11T15:44:06","date_gmt":"2022-02-11T21:44:06","guid":{"rendered":"https:\/\/acuariosupremus.com\/?post_type=product&#038;p=2627"},"modified":"2026-01-07T16:39:08","modified_gmt":"2026-01-07T22:39:08","slug":"bebedero-3-en-1-p-colibri-380-ml","status":"publish","type":"product","link":"https:\/\/acuariosupremus.com\/?product=bebedero-3-en-1-p-colibri-380-ml","title":{"rendered":"BEBEDERO 3 EN 1 COLIBRI 380 ML."},"content":{"rendered":"<p>Instrucciones:<br \/>\nModo de uso:<br \/>\n1. Para llenar el bebedero, desenrosque la base y sep\u00e1rala del contenedor.<br \/>\n2. Sostenga el bebedero con la boca hacia arriba y vierta el n\u00e9ctar de colibr\u00ed RedKite y vuelva a colocar la tapa.<br \/>\n3. Dependiendo del lugar en que quiera colgarlo, utilice el gancho met\u00e1lico o el alambre forrado.<\/p>\n<p>Recomendaciones:<br \/>\nColoque el bebedero lejos del sol y del viento para evitar que el n\u00e9ctar se descomponga o se derrame.<br \/>\nLos mejores lugares para colocarlos son las ramas de los \u00e1rboles o cerca de arbustos y de flores ya que son fuente de<br \/>\ndescanso, refugio y alimento.<br \/>\nPara mejores resultados, use el n\u00e9ctar para colibr\u00ed Redkite listo para usarse.<br \/>\nLimpieza:<br \/>\nLave con abundante agua tibia su bebedero para colobr\u00ed RedKite cada semana, especialmente en climas c\u00e1lidos. Puede<br \/>\nutilizar cloro en caso de notar manchas de moho u hongos en el recipiente. Enjuague antes de volver a llenar el bebedero.<br \/>\nPeso\/Capacidad:<br \/>\n380 ML<br \/>\nContenido:<br \/>\nBebedero<br \/>\n2 soportes con ventosa<br \/>\nGancho de metal<br \/>\nEstaca de pl\u00e1stico<\/p>\n","protected":false},"excerpt":{"rendered":"<p>3 opciones de montaje: a) colocado en ventana con las ventosas, b) colgado con el gancho met\u00e1lico, c) montado en poste con estaca de pl\u00e1stico Nivel de burbuja de aire para medir \u00e1ngulo de inclinaci\u00f3n Dep\u00f3sito perif\u00e9rico para evitar infestaciones de insectos 5 estaciones<\/p>\n","protected":false},"featured_media":2628,"template":"","meta":[],"product_brand":[104],"product_cat":[20,22],"product_tag":[267],"class_list":{"0":"post-2627","1":"product","2":"type-product","3":"status-publish","4":"has-post-thumbnail","6":"product_brand-redkite","7":"product_cat-aves","8":"product_cat-dispensadores","9":"product_tag-bebedero-colibri","11":"first","12":"instock","13":"sale","14":"shipping-taxable","15":"purchasable","16":"product-type-simple"},"yoast_head":"<!-- This site is optimized with the Yoast SEO plugin v27.5 - https:\/\/yoast.com\/product\/yoast-seo-wordpress\/ -->\n<title>BEBEDERO 3 EN 1 COLIBRI 380 ML. | Acuario Supremus<\/title>\n<meta name=\"description\" content=\"3 opciones de montaje, Nivel de burbuja de aire para medir \u00e1ngulo de inclinaci\u00f3n Dep\u00f3sito perif\u00e9rico para evitar insectos, 5 estaciones.\" \/>\n<meta name=\"robots\" content=\"index, follow, max-snippet:-1, max-image-preview:large, max-video-preview:-1\" \/>\n<link rel=\"canonical\" href=\"https:\/\/acuariosupremus.com\/?product=bebedero-3-en-1-p-colibri-380-ml\" \/>\n<meta property=\"og:locale\" content=\"es_MX\" \/>\n<meta property=\"og:type\" content=\"article\" \/>\n<meta property=\"og:title\" content=\"BEBEDERO 3 EN 1 COLIBRI 380 ML. | Acuario Supremus\" \/>\n<meta property=\"og:description\" content=\"3 opciones de montaje, Nivel de burbuja de aire para medir \u00e1ngulo de inclinaci\u00f3n Dep\u00f3sito perif\u00e9rico para evitar insectos, 5 estaciones.\" \/>\n<meta property=\"og:url\" content=\"https:\/\/acuariosupremus.com\/?product=bebedero-3-en-1-p-colibri-380-ml\" \/>\n<meta property=\"og:site_name\" content=\"Acuario Supremus\" \/>\n<meta property=\"article:publisher\" content=\"https:\/\/www.facebook.com\/AcuarioSupremus\" \/>\n<meta property=\"article:modified_time\" content=\"2026-01-07T22:39:08+00:00\" \/>\n<meta property=\"og:image\" content=\"https:\/\/acuariosupremus.com\/wp-content\/uploads\/2022\/02\/FL9251.jpg\" \/>\n\t<meta property=\"og:image:width\" content=\"1000\" \/>\n\t<meta property=\"og:image:height\" content=\"1000\" \/>\n\t<meta property=\"og:image:type\" content=\"image\/jpeg\" \/>\n<meta name=\"twitter:card\" content=\"summary_large_image\" \/>\n<meta name=\"twitter:site\" content=\"@AcuarioSupremus\" \/>\n<meta name=\"twitter:label1\" content=\"Tiempo de lectura\" \/>\n\t<meta name=\"twitter:data1\" content=\"1 minuto\" \/>\n<script type=\"application\/ld+json\" class=\"yoast-schema-graph\">{\"@context\":\"https:\\\/\\\/schema.org\",\"@graph\":[{\"@type\":\"WebPage\",\"@id\":\"https:\\\/\\\/acuariosupremus.com\\\/?product=bebedero-3-en-1-p-colibri-380-ml\",\"url\":\"https:\\\/\\\/acuariosupremus.com\\\/?product=bebedero-3-en-1-p-colibri-380-ml\",\"name\":\"BEBEDERO 3 EN 1 COLIBRI 380 ML. | Acuario Supremus\",\"isPartOf\":{\"@id\":\"https:\\\/\\\/acuariosupremus.com\\\/#website\"},\"primaryImageOfPage\":{\"@id\":\"https:\\\/\\\/acuariosupremus.com\\\/?product=bebedero-3-en-1-p-colibri-380-ml#primaryimage\"},\"image\":{\"@id\":\"https:\\\/\\\/acuariosupremus.com\\\/?product=bebedero-3-en-1-p-colibri-380-ml#primaryimage\"},\"thumbnailUrl\":\"https:\\\/\\\/acuariosupremus.com\\\/wp-content\\\/uploads\\\/2022\\\/02\\\/FL9251.jpg\",\"datePublished\":\"2022-02-11T21:44:06+00:00\",\"dateModified\":\"2026-01-07T22:39:08+00:00\",\"description\":\"3 opciones de montaje, Nivel de burbuja de aire para medir \u00e1ngulo de inclinaci\u00f3n Dep\u00f3sito perif\u00e9rico para evitar insectos, 5 estaciones.\",\"breadcrumb\":{\"@id\":\"https:\\\/\\\/acuariosupremus.com\\\/?product=bebedero-3-en-1-p-colibri-380-ml#breadcrumb\"},\"inLanguage\":\"es\",\"potentialAction\":[{\"@type\":\"ReadAction\",\"target\":[\"https:\\\/\\\/acuariosupremus.com\\\/?product=bebedero-3-en-1-p-colibri-380-ml\"]}]},{\"@type\":\"ImageObject\",\"inLanguage\":\"es\",\"@id\":\"https:\\\/\\\/acuariosupremus.com\\\/?product=bebedero-3-en-1-p-colibri-380-ml#primaryimage\",\"url\":\"https:\\\/\\\/acuariosupremus.com\\\/wp-content\\\/uploads\\\/2022\\\/02\\\/FL9251.jpg\",\"contentUrl\":\"https:\\\/\\\/acuariosupremus.com\\\/wp-content\\\/uploads\\\/2022\\\/02\\\/FL9251.jpg\",\"width\":1000,\"height\":1000},{\"@type\":\"BreadcrumbList\",\"@id\":\"https:\\\/\\\/acuariosupremus.com\\\/?product=bebedero-3-en-1-p-colibri-380-ml#breadcrumb\",\"itemListElement\":[{\"@type\":\"ListItem\",\"position\":1,\"name\":\"Portada\",\"item\":\"https:\\\/\\\/acuariosupremus.com\\\/\"},{\"@type\":\"ListItem\",\"position\":2,\"name\":\"Tienda\",\"item\":\"https:\\\/\\\/acuariosupremus.com\\\/tienda\\\/\"},{\"@type\":\"ListItem\",\"position\":3,\"name\":\"BEBEDERO 3 EN 1 COLIBRI 380 ML.\"}]},{\"@type\":\"WebSite\",\"@id\":\"https:\\\/\\\/acuariosupremus.com\\\/#website\",\"url\":\"https:\\\/\\\/acuariosupremus.com\\\/\",\"name\":\"Acuario Supremus\",\"description\":\"Peces, Peceras y Mascotas.\",\"publisher\":{\"@id\":\"https:\\\/\\\/acuariosupremus.com\\\/#organization\"},\"potentialAction\":[{\"@type\":\"SearchAction\",\"target\":{\"@type\":\"EntryPoint\",\"urlTemplate\":\"https:\\\/\\\/acuariosupremus.com\\\/?s={search_term_string}\"},\"query-input\":{\"@type\":\"PropertyValueSpecification\",\"valueRequired\":true,\"valueName\":\"search_term_string\"}}],\"inLanguage\":\"es\"},{\"@type\":\"Organization\",\"@id\":\"https:\\\/\\\/acuariosupremus.com\\\/#organization\",\"name\":\"Acuario Supremus\",\"url\":\"https:\\\/\\\/acuariosupremus.com\\\/\",\"logo\":{\"@type\":\"ImageObject\",\"inLanguage\":\"es\",\"@id\":\"https:\\\/\\\/acuariosupremus.com\\\/#\\\/schema\\\/logo\\\/image\\\/\",\"url\":\"https:\\\/\\\/acuariosupremus.com\\\/wp-content\\\/uploads\\\/2021\\\/12\\\/cropped-logo_acuario_supremus_fn-2.png\",\"contentUrl\":\"https:\\\/\\\/acuariosupremus.com\\\/wp-content\\\/uploads\\\/2021\\\/12\\\/cropped-logo_acuario_supremus_fn-2.png\",\"width\":1000,\"height\":318,\"caption\":\"Acuario Supremus\"},\"image\":{\"@id\":\"https:\\\/\\\/acuariosupremus.com\\\/#\\\/schema\\\/logo\\\/image\\\/\"},\"sameAs\":[\"https:\\\/\\\/www.facebook.com\\\/AcuarioSupremus\",\"https:\\\/\\\/x.com\\\/AcuarioSupremus\",\"https:\\\/\\\/www.instagram.com\\\/acuariosupremus\\\/?hl=es\"]}]}<\/script>\n<!-- \/ Yoast SEO plugin. -->","yoast_head_json":{"title":"BEBEDERO 3 EN 1 COLIBRI 380 ML. | Acuario Supremus","description":"3 opciones de montaje, Nivel de burbuja de aire para medir \u00e1ngulo de inclinaci\u00f3n Dep\u00f3sito perif\u00e9rico para evitar insectos, 5 estaciones.","robots":{"index":"index","follow":"follow","max-snippet":"max-snippet:-1","max-image-preview":"max-image-preview:large","max-video-preview":"max-video-preview:-1"},"canonical":"https:\/\/acuariosupremus.com\/?product=bebedero-3-en-1-p-colibri-380-ml","og_locale":"es_MX","og_type":"article","og_title":"BEBEDERO 3 EN 1 COLIBRI 380 ML. | Acuario Supremus","og_description":"3 opciones de montaje, Nivel de burbuja de aire para medir \u00e1ngulo de inclinaci\u00f3n Dep\u00f3sito perif\u00e9rico para evitar insectos, 5 estaciones.","og_url":"https:\/\/acuariosupremus.com\/?product=bebedero-3-en-1-p-colibri-380-ml","og_site_name":"Acuario Supremus","article_publisher":"https:\/\/www.facebook.com\/AcuarioSupremus","article_modified_time":"2026-01-07T22:39:08+00:00","og_image":[{"width":1000,"height":1000,"url":"https:\/\/acuariosupremus.com\/wp-content\/uploads\/2022\/02\/FL9251.jpg","type":"image\/jpeg"}],"twitter_card":"summary_large_image","twitter_site":"@AcuarioSupremus","twitter_misc":{"Tiempo de lectura":"1 minuto"},"schema":{"@context":"https:\/\/schema.org","@graph":[{"@type":"WebPage","@id":"https:\/\/acuariosupremus.com\/?product=bebedero-3-en-1-p-colibri-380-ml","url":"https:\/\/acuariosupremus.com\/?product=bebedero-3-en-1-p-colibri-380-ml","name":"BEBEDERO 3 EN 1 COLIBRI 380 ML. | Acuario Supremus","isPartOf":{"@id":"https:\/\/acuariosupremus.com\/#website"},"primaryImageOfPage":{"@id":"https:\/\/acuariosupremus.com\/?product=bebedero-3-en-1-p-colibri-380-ml#primaryimage"},"image":{"@id":"https:\/\/acuariosupremus.com\/?product=bebedero-3-en-1-p-colibri-380-ml#primaryimage"},"thumbnailUrl":"https:\/\/acuariosupremus.com\/wp-content\/uploads\/2022\/02\/FL9251.jpg","datePublished":"2022-02-11T21:44:06+00:00","dateModified":"2026-01-07T22:39:08+00:00","description":"3 opciones de montaje, Nivel de burbuja de aire para medir \u00e1ngulo de inclinaci\u00f3n Dep\u00f3sito perif\u00e9rico para evitar insectos, 5 estaciones.","breadcrumb":{"@id":"https:\/\/acuariosupremus.com\/?product=bebedero-3-en-1-p-colibri-380-ml#breadcrumb"},"inLanguage":"es","potentialAction":[{"@type":"ReadAction","target":["https:\/\/acuariosupremus.com\/?product=bebedero-3-en-1-p-colibri-380-ml"]}]},{"@type":"ImageObject","inLanguage":"es","@id":"https:\/\/acuariosupremus.com\/?product=bebedero-3-en-1-p-colibri-380-ml#primaryimage","url":"https:\/\/acuariosupremus.com\/wp-content\/uploads\/2022\/02\/FL9251.jpg","contentUrl":"https:\/\/acuariosupremus.com\/wp-content\/uploads\/2022\/02\/FL9251.jpg","width":1000,"height":1000},{"@type":"BreadcrumbList","@id":"https:\/\/acuariosupremus.com\/?product=bebedero-3-en-1-p-colibri-380-ml#breadcrumb","itemListElement":[{"@type":"ListItem","position":1,"name":"Portada","item":"https:\/\/acuariosupremus.com\/"},{"@type":"ListItem","position":2,"name":"Tienda","item":"https:\/\/acuariosupremus.com\/tienda\/"},{"@type":"ListItem","position":3,"name":"BEBEDERO 3 EN 1 COLIBRI 380 ML."}]},{"@type":"WebSite","@id":"https:\/\/acuariosupremus.com\/#website","url":"https:\/\/acuariosupremus.com\/","name":"Acuario Supremus","description":"Peces, Peceras y Mascotas.","publisher":{"@id":"https:\/\/acuariosupremus.com\/#organization"},"potentialAction":[{"@type":"SearchAction","target":{"@type":"EntryPoint","urlTemplate":"https:\/\/acuariosupremus.com\/?s={search_term_string}"},"query-input":{"@type":"PropertyValueSpecification","valueRequired":true,"valueName":"search_term_string"}}],"inLanguage":"es"},{"@type":"Organization","@id":"https:\/\/acuariosupremus.com\/#organization","name":"Acuario Supremus","url":"https:\/\/acuariosupremus.com\/","logo":{"@type":"ImageObject","inLanguage":"es","@id":"https:\/\/acuariosupremus.com\/#\/schema\/logo\/image\/","url":"https:\/\/acuariosupremus.com\/wp-content\/uploads\/2021\/12\/cropped-logo_acuario_supremus_fn-2.png","contentUrl":"https:\/\/acuariosupremus.com\/wp-content\/uploads\/2021\/12\/cropped-logo_acuario_supremus_fn-2.png","width":1000,"height":318,"caption":"Acuario Supremus"},"image":{"@id":"https:\/\/acuariosupremus.com\/#\/schema\/logo\/image\/"},"sameAs":["https:\/\/www.facebook.com\/AcuarioSupremus","https:\/\/x.com\/AcuarioSupremus","https:\/\/www.instagram.com\/acuariosupremus\/?hl=es"]}]}},"jetpack_sharing_enabled":true,"_links":{"self":[{"href":"https:\/\/acuariosupremus.com\/index.php?rest_route=\/wp\/v2\/product\/2627","targetHints":{"allow":["GET"]}}],"collection":[{"href":"https:\/\/acuariosupremus.com\/index.php?rest_route=\/wp\/v2\/product"}],"about":[{"href":"https:\/\/acuariosupremus.com\/index.php?rest_route=\/wp\/v2\/types\/product"}],"wp:featuredmedia":[{"embeddable":true,"href":"https:\/\/acuariosupremus.com\/index.php?rest_route=\/wp\/v2\/media\/2628"}],"wp:attachment":[{"href":"https:\/\/acuariosupremus.com\/index.php?rest_route=%2Fwp%2Fv2%2Fmedia&parent=2627"}],"wp:term":[{"taxonomy":"product_brand","embeddable":true,"href":"https:\/\/acuariosupremus.com\/index.php?rest_route=%2Fwp%2Fv2%2Fproduct_brand&post=2627"},{"taxonomy":"product_cat","embeddable":true,"href":"https:\/\/acuariosupremus.com\/index.php?rest_route=%2Fwp%2Fv2%2Fproduct_cat&post=2627"},{"taxonomy":"product_tag","embeddable":true,"href":"https:\/\/acuariosupremus.com\/index.php?rest_route=%2Fwp%2Fv2%2Fproduct_tag&post=2627"}],"curies":[{"name":"wp","href":"https:\/\/api.w.org\/{rel}","templated":true}]}}