{"id":2761,"date":"2022-02-13T15:49:51","date_gmt":"2022-02-13T21:49:51","guid":{"rendered":"https:\/\/acuariosupremus.com\/?post_type=product&#038;p=2761"},"modified":"2026-04-29T16:32:36","modified_gmt":"2026-04-29T22:32:36","slug":"mezcla-para-loros-y-cacatuas-500-gr","status":"publish","type":"product","link":"https:\/\/acuariosupremus.com\/?product=mezcla-para-loros-y-cacatuas-500-gr","title":{"rendered":"MEZCLA PARA LOROS Y CACATUAS 500 GR."},"content":{"rendered":"<p>Instrucciones:<br \/>\nVia de administraci\u00f3n: Oral.<br \/>\nEste alimento es apto para aves adultas (loros, conuros y cacat\u00faas). Coloque diariamente el alimento en un recipiente limpio y seco. No olvide proporcionar a las aves agua potable a voluntad.<br \/>\nGu\u00eda de alimentaci\u00f3n:<br \/>\nLlene el comedero para que su ave tenga alimento durante todo el d\u00eda. Deseche las sobras al d\u00eda siguiente.<br \/>\nRecomendaciones:<br \/>\nConserve en un lugar fresco y seco.<br \/>\nNo consumirse despu\u00e9s de la fecha de caducidad.<br \/>\nMonitoree peri\u00f3dicamente el peso de sus aves.<br \/>\nExclusivo para aves de ornato.<br \/>\nNo usar en aves de corral.<br \/>\nIngredientes:<br \/>\nAvena en grano, ma\u00edz amarillo quebrado, trigo, c\u00e1rtamo, girasol rayado, girasol negro, ma\u00edz palomero, ebo, cacahuate con cascara, pimiento rojo y alimento balanceado en migajas (granos molidos), subproducto de cereales, pasta de<br \/>\noleaginosas, aceite vegetal, melaza de ca\u00f1a, carbonato de calcio, ortofosfato de calcio, cloruro de sodio, hierro,<br \/>\nmagnesio, zinc, manganeso, f\u00f3sforo, cobre, selenio, vitamina A, vitamina B12, \u00e1cido f\u00f3lico, biotina, niacina, \u00e1cido pantot\u00e9nico, cloruro de colina, lisina y metionina.<br \/>\nContenido:<br \/>\n<strong>500 gramos<\/strong><\/p>\n","protected":false},"excerpt":{"rendered":"<p>Mezcla de semillas, f\u00f3rmula balanceada.<br \/>\n&#8211; Alimento para loros, conuros y cacat\u00faas.<br \/>\n&#8211; Fortificado con vitaminas y minerales.<br \/>\n&#8211; 100% Natural. Analisis garantizado: Prote\u00edna M\u00edn. 15% Grasa M\u00edn. 6% Fibra cruda M\u00e1x. 14% Cenizas M\u00e1x. 3.5% Humedad M\u00e1x. 12%<\/p>\n","protected":false},"featured_media":2762,"template":"","meta":[],"product_brand":[104],"product_cat":[20,29],"product_tag":[272,1083,1082],"class_list":{"0":"post-2761","1":"product","2":"type-product","3":"status-publish","4":"has-post-thumbnail","6":"product_brand-redkite","7":"product_cat-aves","8":"product_cat-nutricion","9":"product_tag-alimento-aves","10":"product_tag-cacatuas","11":"product_tag-loros","13":"first","14":"instock","15":"sale","16":"shipping-taxable","17":"purchasable","18":"product-type-simple"},"yoast_head":"<!-- This site is optimized with the Yoast SEO plugin v27.5 - https:\/\/yoast.com\/product\/yoast-seo-wordpress\/ -->\n<title>MEZCLA PARA LOROS Y CACATUAS 500 GR. | Acuario Supremus<\/title>\n<meta name=\"description\" content=\"Mezcla de semillas, f\u00f3rmula balanceada, Alimento para loros, conuros y cacat\u00faas. Fortificado con vitaminas y minerales.\" \/>\n<meta name=\"robots\" content=\"index, follow, max-snippet:-1, max-image-preview:large, max-video-preview:-1\" \/>\n<link rel=\"canonical\" href=\"https:\/\/acuariosupremus.com\/?product=mezcla-para-loros-y-cacatuas-500-gr\" \/>\n<meta property=\"og:locale\" content=\"es_MX\" \/>\n<meta property=\"og:type\" content=\"article\" \/>\n<meta property=\"og:title\" content=\"MEZCLA PARA LOROS Y CACATUAS 500 GR. | Acuario Supremus\" \/>\n<meta property=\"og:description\" content=\"Mezcla de semillas, f\u00f3rmula balanceada, Alimento para loros, conuros y cacat\u00faas. Fortificado con vitaminas y minerales.\" \/>\n<meta property=\"og:url\" content=\"https:\/\/acuariosupremus.com\/?product=mezcla-para-loros-y-cacatuas-500-gr\" \/>\n<meta property=\"og:site_name\" content=\"Acuario Supremus\" \/>\n<meta property=\"article:publisher\" content=\"https:\/\/www.facebook.com\/AcuarioSupremus\" \/>\n<meta property=\"article:modified_time\" content=\"2026-04-29T22:32:36+00:00\" \/>\n<meta property=\"og:image\" content=\"https:\/\/acuariosupremus.com\/wp-content\/uploads\/2022\/02\/FL4013.jpg\" \/>\n\t<meta property=\"og:image:width\" content=\"1000\" \/>\n\t<meta property=\"og:image:height\" content=\"1000\" \/>\n\t<meta property=\"og:image:type\" content=\"image\/jpeg\" \/>\n<meta name=\"twitter:card\" content=\"summary_large_image\" \/>\n<meta name=\"twitter:site\" content=\"@AcuarioSupremus\" \/>\n<meta name=\"twitter:label1\" content=\"Tiempo de lectura\" \/>\n\t<meta name=\"twitter:data1\" content=\"1 minuto\" \/>\n<script type=\"application\/ld+json\" class=\"yoast-schema-graph\">{\"@context\":\"https:\\\/\\\/schema.org\",\"@graph\":[{\"@type\":\"WebPage\",\"@id\":\"https:\\\/\\\/acuariosupremus.com\\\/?product=mezcla-para-loros-y-cacatuas-500-gr\",\"url\":\"https:\\\/\\\/acuariosupremus.com\\\/?product=mezcla-para-loros-y-cacatuas-500-gr\",\"name\":\"MEZCLA PARA LOROS Y CACATUAS 500 GR. | Acuario Supremus\",\"isPartOf\":{\"@id\":\"https:\\\/\\\/acuariosupremus.com\\\/#website\"},\"primaryImageOfPage\":{\"@id\":\"https:\\\/\\\/acuariosupremus.com\\\/?product=mezcla-para-loros-y-cacatuas-500-gr#primaryimage\"},\"image\":{\"@id\":\"https:\\\/\\\/acuariosupremus.com\\\/?product=mezcla-para-loros-y-cacatuas-500-gr#primaryimage\"},\"thumbnailUrl\":\"https:\\\/\\\/acuariosupremus.com\\\/wp-content\\\/uploads\\\/2022\\\/02\\\/FL4013.jpg\",\"datePublished\":\"2022-02-13T21:49:51+00:00\",\"dateModified\":\"2026-04-29T22:32:36+00:00\",\"description\":\"Mezcla de semillas, f\u00f3rmula balanceada, Alimento para loros, conuros y cacat\u00faas. Fortificado con vitaminas y minerales.\",\"breadcrumb\":{\"@id\":\"https:\\\/\\\/acuariosupremus.com\\\/?product=mezcla-para-loros-y-cacatuas-500-gr#breadcrumb\"},\"inLanguage\":\"es\",\"potentialAction\":[{\"@type\":\"ReadAction\",\"target\":[\"https:\\\/\\\/acuariosupremus.com\\\/?product=mezcla-para-loros-y-cacatuas-500-gr\"]}]},{\"@type\":\"ImageObject\",\"inLanguage\":\"es\",\"@id\":\"https:\\\/\\\/acuariosupremus.com\\\/?product=mezcla-para-loros-y-cacatuas-500-gr#primaryimage\",\"url\":\"https:\\\/\\\/acuariosupremus.com\\\/wp-content\\\/uploads\\\/2022\\\/02\\\/FL4013.jpg\",\"contentUrl\":\"https:\\\/\\\/acuariosupremus.com\\\/wp-content\\\/uploads\\\/2022\\\/02\\\/FL4013.jpg\",\"width\":1000,\"height\":1000},{\"@type\":\"BreadcrumbList\",\"@id\":\"https:\\\/\\\/acuariosupremus.com\\\/?product=mezcla-para-loros-y-cacatuas-500-gr#breadcrumb\",\"itemListElement\":[{\"@type\":\"ListItem\",\"position\":1,\"name\":\"Portada\",\"item\":\"https:\\\/\\\/acuariosupremus.com\\\/\"},{\"@type\":\"ListItem\",\"position\":2,\"name\":\"Tienda\",\"item\":\"https:\\\/\\\/acuariosupremus.com\\\/tienda\\\/\"},{\"@type\":\"ListItem\",\"position\":3,\"name\":\"MEZCLA PARA LOROS Y CACATUAS 500 GR.\"}]},{\"@type\":\"WebSite\",\"@id\":\"https:\\\/\\\/acuariosupremus.com\\\/#website\",\"url\":\"https:\\\/\\\/acuariosupremus.com\\\/\",\"name\":\"Acuario Supremus\",\"description\":\"Peces, Peceras y Mascotas.\",\"publisher\":{\"@id\":\"https:\\\/\\\/acuariosupremus.com\\\/#organization\"},\"potentialAction\":[{\"@type\":\"SearchAction\",\"target\":{\"@type\":\"EntryPoint\",\"urlTemplate\":\"https:\\\/\\\/acuariosupremus.com\\\/?s={search_term_string}\"},\"query-input\":{\"@type\":\"PropertyValueSpecification\",\"valueRequired\":true,\"valueName\":\"search_term_string\"}}],\"inLanguage\":\"es\"},{\"@type\":\"Organization\",\"@id\":\"https:\\\/\\\/acuariosupremus.com\\\/#organization\",\"name\":\"Acuario Supremus\",\"url\":\"https:\\\/\\\/acuariosupremus.com\\\/\",\"logo\":{\"@type\":\"ImageObject\",\"inLanguage\":\"es\",\"@id\":\"https:\\\/\\\/acuariosupremus.com\\\/#\\\/schema\\\/logo\\\/image\\\/\",\"url\":\"https:\\\/\\\/acuariosupremus.com\\\/wp-content\\\/uploads\\\/2021\\\/12\\\/cropped-logo_acuario_supremus_fn-2.png\",\"contentUrl\":\"https:\\\/\\\/acuariosupremus.com\\\/wp-content\\\/uploads\\\/2021\\\/12\\\/cropped-logo_acuario_supremus_fn-2.png\",\"width\":1000,\"height\":318,\"caption\":\"Acuario Supremus\"},\"image\":{\"@id\":\"https:\\\/\\\/acuariosupremus.com\\\/#\\\/schema\\\/logo\\\/image\\\/\"},\"sameAs\":[\"https:\\\/\\\/www.facebook.com\\\/AcuarioSupremus\",\"https:\\\/\\\/x.com\\\/AcuarioSupremus\",\"https:\\\/\\\/www.instagram.com\\\/acuariosupremus\\\/?hl=es\"]}]}<\/script>\n<!-- \/ Yoast SEO plugin. -->","yoast_head_json":{"title":"MEZCLA PARA LOROS Y CACATUAS 500 GR. | Acuario Supremus","description":"Mezcla de semillas, f\u00f3rmula balanceada, Alimento para loros, conuros y cacat\u00faas. Fortificado con vitaminas y minerales.","robots":{"index":"index","follow":"follow","max-snippet":"max-snippet:-1","max-image-preview":"max-image-preview:large","max-video-preview":"max-video-preview:-1"},"canonical":"https:\/\/acuariosupremus.com\/?product=mezcla-para-loros-y-cacatuas-500-gr","og_locale":"es_MX","og_type":"article","og_title":"MEZCLA PARA LOROS Y CACATUAS 500 GR. | Acuario Supremus","og_description":"Mezcla de semillas, f\u00f3rmula balanceada, Alimento para loros, conuros y cacat\u00faas. Fortificado con vitaminas y minerales.","og_url":"https:\/\/acuariosupremus.com\/?product=mezcla-para-loros-y-cacatuas-500-gr","og_site_name":"Acuario Supremus","article_publisher":"https:\/\/www.facebook.com\/AcuarioSupremus","article_modified_time":"2026-04-29T22:32:36+00:00","og_image":[{"width":1000,"height":1000,"url":"https:\/\/acuariosupremus.com\/wp-content\/uploads\/2022\/02\/FL4013.jpg","type":"image\/jpeg"}],"twitter_card":"summary_large_image","twitter_site":"@AcuarioSupremus","twitter_misc":{"Tiempo de lectura":"1 minuto"},"schema":{"@context":"https:\/\/schema.org","@graph":[{"@type":"WebPage","@id":"https:\/\/acuariosupremus.com\/?product=mezcla-para-loros-y-cacatuas-500-gr","url":"https:\/\/acuariosupremus.com\/?product=mezcla-para-loros-y-cacatuas-500-gr","name":"MEZCLA PARA LOROS Y CACATUAS 500 GR. | Acuario Supremus","isPartOf":{"@id":"https:\/\/acuariosupremus.com\/#website"},"primaryImageOfPage":{"@id":"https:\/\/acuariosupremus.com\/?product=mezcla-para-loros-y-cacatuas-500-gr#primaryimage"},"image":{"@id":"https:\/\/acuariosupremus.com\/?product=mezcla-para-loros-y-cacatuas-500-gr#primaryimage"},"thumbnailUrl":"https:\/\/acuariosupremus.com\/wp-content\/uploads\/2022\/02\/FL4013.jpg","datePublished":"2022-02-13T21:49:51+00:00","dateModified":"2026-04-29T22:32:36+00:00","description":"Mezcla de semillas, f\u00f3rmula balanceada, Alimento para loros, conuros y cacat\u00faas. Fortificado con vitaminas y minerales.","breadcrumb":{"@id":"https:\/\/acuariosupremus.com\/?product=mezcla-para-loros-y-cacatuas-500-gr#breadcrumb"},"inLanguage":"es","potentialAction":[{"@type":"ReadAction","target":["https:\/\/acuariosupremus.com\/?product=mezcla-para-loros-y-cacatuas-500-gr"]}]},{"@type":"ImageObject","inLanguage":"es","@id":"https:\/\/acuariosupremus.com\/?product=mezcla-para-loros-y-cacatuas-500-gr#primaryimage","url":"https:\/\/acuariosupremus.com\/wp-content\/uploads\/2022\/02\/FL4013.jpg","contentUrl":"https:\/\/acuariosupremus.com\/wp-content\/uploads\/2022\/02\/FL4013.jpg","width":1000,"height":1000},{"@type":"BreadcrumbList","@id":"https:\/\/acuariosupremus.com\/?product=mezcla-para-loros-y-cacatuas-500-gr#breadcrumb","itemListElement":[{"@type":"ListItem","position":1,"name":"Portada","item":"https:\/\/acuariosupremus.com\/"},{"@type":"ListItem","position":2,"name":"Tienda","item":"https:\/\/acuariosupremus.com\/tienda\/"},{"@type":"ListItem","position":3,"name":"MEZCLA PARA LOROS Y CACATUAS 500 GR."}]},{"@type":"WebSite","@id":"https:\/\/acuariosupremus.com\/#website","url":"https:\/\/acuariosupremus.com\/","name":"Acuario Supremus","description":"Peces, Peceras y Mascotas.","publisher":{"@id":"https:\/\/acuariosupremus.com\/#organization"},"potentialAction":[{"@type":"SearchAction","target":{"@type":"EntryPoint","urlTemplate":"https:\/\/acuariosupremus.com\/?s={search_term_string}"},"query-input":{"@type":"PropertyValueSpecification","valueRequired":true,"valueName":"search_term_string"}}],"inLanguage":"es"},{"@type":"Organization","@id":"https:\/\/acuariosupremus.com\/#organization","name":"Acuario Supremus","url":"https:\/\/acuariosupremus.com\/","logo":{"@type":"ImageObject","inLanguage":"es","@id":"https:\/\/acuariosupremus.com\/#\/schema\/logo\/image\/","url":"https:\/\/acuariosupremus.com\/wp-content\/uploads\/2021\/12\/cropped-logo_acuario_supremus_fn-2.png","contentUrl":"https:\/\/acuariosupremus.com\/wp-content\/uploads\/2021\/12\/cropped-logo_acuario_supremus_fn-2.png","width":1000,"height":318,"caption":"Acuario Supremus"},"image":{"@id":"https:\/\/acuariosupremus.com\/#\/schema\/logo\/image\/"},"sameAs":["https:\/\/www.facebook.com\/AcuarioSupremus","https:\/\/x.com\/AcuarioSupremus","https:\/\/www.instagram.com\/acuariosupremus\/?hl=es"]}]}},"jetpack_sharing_enabled":true,"_links":{"self":[{"href":"https:\/\/acuariosupremus.com\/index.php?rest_route=\/wp\/v2\/product\/2761","targetHints":{"allow":["GET"]}}],"collection":[{"href":"https:\/\/acuariosupremus.com\/index.php?rest_route=\/wp\/v2\/product"}],"about":[{"href":"https:\/\/acuariosupremus.com\/index.php?rest_route=\/wp\/v2\/types\/product"}],"wp:featuredmedia":[{"embeddable":true,"href":"https:\/\/acuariosupremus.com\/index.php?rest_route=\/wp\/v2\/media\/2762"}],"wp:attachment":[{"href":"https:\/\/acuariosupremus.com\/index.php?rest_route=%2Fwp%2Fv2%2Fmedia&parent=2761"}],"wp:term":[{"taxonomy":"product_brand","embeddable":true,"href":"https:\/\/acuariosupremus.com\/index.php?rest_route=%2Fwp%2Fv2%2Fproduct_brand&post=2761"},{"taxonomy":"product_cat","embeddable":true,"href":"https:\/\/acuariosupremus.com\/index.php?rest_route=%2Fwp%2Fv2%2Fproduct_cat&post=2761"},{"taxonomy":"product_tag","embeddable":true,"href":"https:\/\/acuariosupremus.com\/index.php?rest_route=%2Fwp%2Fv2%2Fproduct_tag&post=2761"}],"curies":[{"name":"wp","href":"https:\/\/api.w.org\/{rel}","templated":true}]}}