{"id":2771,"date":"2022-02-13T16:05:10","date_gmt":"2022-02-13T22:05:10","guid":{"rendered":"https:\/\/acuariosupremus.com\/?post_type=product&#038;p=2771"},"modified":"2026-04-29T16:35:10","modified_gmt":"2026-04-29T22:35:10","slug":"mezcla-para-aves-silvestres-900-g","status":"publish","type":"product","link":"https:\/\/acuariosupremus.com\/?product=mezcla-para-aves-silvestres-900-g","title":{"rendered":"MEZCLA PARA AVES SILVESTRES 900 G."},"content":{"rendered":"<p>Recomendaciones:<br \/>\nRecomendaciones:<br \/>\nColoque el alimento en un dispensador de semillas para aves silvestres. Las cantidades a proporcionar pueden variar seg\u00fan la estaci\u00f3n y especies presentes en la zona. Para aves de hogar, coloque el alimento en el recipiente habitual. Llene el contenedor para que las aves tengan alimento durante todo el d\u00eda y agua potable a voluntad.<br \/>\nIngredientes:<br \/>\nIngredientes: Trigo, sorgo, ma\u00edz quebrado, c\u00e1rtamo, canola, alpiste, arroz quebrado, girasol negro, linaza, comprimido de alfalfa (Ma\u00edz y\/o sorgo molidos, subproductos de cereales, pastas de oleaginosas, harina de alfalfa y melaza de<br \/>\nca\u00f1a, fosfatos, cloruro de sodio, carbonato de calcio, sales de fierro, cobre, cobalto, magnesio, yodo, zinc, selenio, vitamina A, vitamina D3, vitamina E, vitamina B1, vitamina B12, vitamina K, Biotina, Riboflavina, Niacina, \u00c1cido Pantot\u00e9nico, colina, lisina, metionina, antioxidantes BHT y ETQ).<br \/>\nContenido:<br \/>\n<strong>900 gramos<\/strong><\/p>\n","protected":false},"excerpt":{"rendered":"<p>Alimento balanceado con mezcla de semillas de calidad para aves migratorias y silvestres adem\u00e1s de finches, canarios y gorriones en cautiverio.<br \/>\nAn\u00e1lisis garantizado: Prote\u00edna cruda (m\u00edn): 13%; grasa cruda (m\u00edn): 3%; fibra cruda (m\u00e1x): 8%; cenizas (m\u00e1x):3%; humedad (m\u00e1x): 12%.<br \/>\n&#8211; F\u00f3rmula balanceada 100% natural para mantener a las aves con vitalidad, plumaje hermoso y una vida larga.<br \/>\n&#8211; Fortificado con vitaminas y minerales<\/p>\n","protected":false},"featured_media":2773,"template":"","meta":[],"product_brand":[104],"product_cat":[20,29],"product_tag":[272,1086,1087],"class_list":{"0":"post-2771","1":"product","2":"type-product","3":"status-publish","4":"has-post-thumbnail","6":"product_brand-redkite","7":"product_cat-aves","8":"product_cat-nutricion","9":"product_tag-alimento-aves","10":"product_tag-aves-silvestres","11":"product_tag-silvestres","13":"first","14":"instock","15":"sale","16":"shipping-taxable","17":"purchasable","18":"product-type-simple"},"yoast_head":"<!-- This site is optimized with the Yoast SEO plugin v27.5 - https:\/\/yoast.com\/product\/yoast-seo-wordpress\/ -->\n<title>MEZCLA PARA AVES SILVESTRES 900 G. | Acuario Supremus<\/title>\n<meta name=\"description\" content=\"Alimento con mezcla de semillas de calidad para aves migratorias y silvestres adem\u00e1s de finches, canarios y gorriones en cautiverio.\" \/>\n<meta name=\"robots\" content=\"index, follow, max-snippet:-1, max-image-preview:large, max-video-preview:-1\" \/>\n<link rel=\"canonical\" href=\"https:\/\/acuariosupremus.com\/?product=mezcla-para-aves-silvestres-900-g\" \/>\n<meta property=\"og:locale\" content=\"es_MX\" \/>\n<meta property=\"og:type\" content=\"article\" \/>\n<meta property=\"og:title\" content=\"MEZCLA PARA AVES SILVESTRES 900 G. | Acuario Supremus\" \/>\n<meta property=\"og:description\" content=\"Alimento con mezcla de semillas de calidad para aves migratorias y silvestres adem\u00e1s de finches, canarios y gorriones en cautiverio.\" \/>\n<meta property=\"og:url\" content=\"https:\/\/acuariosupremus.com\/?product=mezcla-para-aves-silvestres-900-g\" \/>\n<meta property=\"og:site_name\" content=\"Acuario Supremus\" \/>\n<meta property=\"article:publisher\" content=\"https:\/\/www.facebook.com\/AcuarioSupremus\" \/>\n<meta property=\"article:modified_time\" content=\"2026-04-29T22:35:10+00:00\" \/>\n<meta property=\"og:image\" content=\"https:\/\/acuariosupremus.com\/wp-content\/uploads\/2022\/02\/FL4015.jpg\" \/>\n\t<meta property=\"og:image:width\" content=\"1000\" \/>\n\t<meta property=\"og:image:height\" content=\"1000\" \/>\n\t<meta property=\"og:image:type\" content=\"image\/jpeg\" \/>\n<meta name=\"twitter:card\" content=\"summary_large_image\" \/>\n<meta name=\"twitter:site\" content=\"@AcuarioSupremus\" \/>\n<meta name=\"twitter:label1\" content=\"Tiempo de lectura\" \/>\n\t<meta name=\"twitter:data1\" content=\"1 minuto\" \/>\n<script type=\"application\/ld+json\" class=\"yoast-schema-graph\">{\"@context\":\"https:\\\/\\\/schema.org\",\"@graph\":[{\"@type\":\"WebPage\",\"@id\":\"https:\\\/\\\/acuariosupremus.com\\\/?product=mezcla-para-aves-silvestres-900-g\",\"url\":\"https:\\\/\\\/acuariosupremus.com\\\/?product=mezcla-para-aves-silvestres-900-g\",\"name\":\"MEZCLA PARA AVES SILVESTRES 900 G. | Acuario Supremus\",\"isPartOf\":{\"@id\":\"https:\\\/\\\/acuariosupremus.com\\\/#website\"},\"primaryImageOfPage\":{\"@id\":\"https:\\\/\\\/acuariosupremus.com\\\/?product=mezcla-para-aves-silvestres-900-g#primaryimage\"},\"image\":{\"@id\":\"https:\\\/\\\/acuariosupremus.com\\\/?product=mezcla-para-aves-silvestres-900-g#primaryimage\"},\"thumbnailUrl\":\"https:\\\/\\\/acuariosupremus.com\\\/wp-content\\\/uploads\\\/2022\\\/02\\\/FL4015.jpg\",\"datePublished\":\"2022-02-13T22:05:10+00:00\",\"dateModified\":\"2026-04-29T22:35:10+00:00\",\"description\":\"Alimento con mezcla de semillas de calidad para aves migratorias y silvestres adem\u00e1s de finches, canarios y gorriones en cautiverio.\",\"breadcrumb\":{\"@id\":\"https:\\\/\\\/acuariosupremus.com\\\/?product=mezcla-para-aves-silvestres-900-g#breadcrumb\"},\"inLanguage\":\"es\",\"potentialAction\":[{\"@type\":\"ReadAction\",\"target\":[\"https:\\\/\\\/acuariosupremus.com\\\/?product=mezcla-para-aves-silvestres-900-g\"]}]},{\"@type\":\"ImageObject\",\"inLanguage\":\"es\",\"@id\":\"https:\\\/\\\/acuariosupremus.com\\\/?product=mezcla-para-aves-silvestres-900-g#primaryimage\",\"url\":\"https:\\\/\\\/acuariosupremus.com\\\/wp-content\\\/uploads\\\/2022\\\/02\\\/FL4015.jpg\",\"contentUrl\":\"https:\\\/\\\/acuariosupremus.com\\\/wp-content\\\/uploads\\\/2022\\\/02\\\/FL4015.jpg\",\"width\":1000,\"height\":1000},{\"@type\":\"BreadcrumbList\",\"@id\":\"https:\\\/\\\/acuariosupremus.com\\\/?product=mezcla-para-aves-silvestres-900-g#breadcrumb\",\"itemListElement\":[{\"@type\":\"ListItem\",\"position\":1,\"name\":\"Portada\",\"item\":\"https:\\\/\\\/acuariosupremus.com\\\/\"},{\"@type\":\"ListItem\",\"position\":2,\"name\":\"Tienda\",\"item\":\"https:\\\/\\\/acuariosupremus.com\\\/tienda\\\/\"},{\"@type\":\"ListItem\",\"position\":3,\"name\":\"MEZCLA PARA AVES SILVESTRES 900 G.\"}]},{\"@type\":\"WebSite\",\"@id\":\"https:\\\/\\\/acuariosupremus.com\\\/#website\",\"url\":\"https:\\\/\\\/acuariosupremus.com\\\/\",\"name\":\"Acuario Supremus\",\"description\":\"Peces, Peceras y Mascotas.\",\"publisher\":{\"@id\":\"https:\\\/\\\/acuariosupremus.com\\\/#organization\"},\"potentialAction\":[{\"@type\":\"SearchAction\",\"target\":{\"@type\":\"EntryPoint\",\"urlTemplate\":\"https:\\\/\\\/acuariosupremus.com\\\/?s={search_term_string}\"},\"query-input\":{\"@type\":\"PropertyValueSpecification\",\"valueRequired\":true,\"valueName\":\"search_term_string\"}}],\"inLanguage\":\"es\"},{\"@type\":\"Organization\",\"@id\":\"https:\\\/\\\/acuariosupremus.com\\\/#organization\",\"name\":\"Acuario Supremus\",\"url\":\"https:\\\/\\\/acuariosupremus.com\\\/\",\"logo\":{\"@type\":\"ImageObject\",\"inLanguage\":\"es\",\"@id\":\"https:\\\/\\\/acuariosupremus.com\\\/#\\\/schema\\\/logo\\\/image\\\/\",\"url\":\"https:\\\/\\\/acuariosupremus.com\\\/wp-content\\\/uploads\\\/2021\\\/12\\\/cropped-logo_acuario_supremus_fn-2.png\",\"contentUrl\":\"https:\\\/\\\/acuariosupremus.com\\\/wp-content\\\/uploads\\\/2021\\\/12\\\/cropped-logo_acuario_supremus_fn-2.png\",\"width\":1000,\"height\":318,\"caption\":\"Acuario Supremus\"},\"image\":{\"@id\":\"https:\\\/\\\/acuariosupremus.com\\\/#\\\/schema\\\/logo\\\/image\\\/\"},\"sameAs\":[\"https:\\\/\\\/www.facebook.com\\\/AcuarioSupremus\",\"https:\\\/\\\/x.com\\\/AcuarioSupremus\",\"https:\\\/\\\/www.instagram.com\\\/acuariosupremus\\\/?hl=es\"]}]}<\/script>\n<!-- \/ Yoast SEO plugin. -->","yoast_head_json":{"title":"MEZCLA PARA AVES SILVESTRES 900 G. | Acuario Supremus","description":"Alimento con mezcla de semillas de calidad para aves migratorias y silvestres adem\u00e1s de finches, canarios y gorriones en cautiverio.","robots":{"index":"index","follow":"follow","max-snippet":"max-snippet:-1","max-image-preview":"max-image-preview:large","max-video-preview":"max-video-preview:-1"},"canonical":"https:\/\/acuariosupremus.com\/?product=mezcla-para-aves-silvestres-900-g","og_locale":"es_MX","og_type":"article","og_title":"MEZCLA PARA AVES SILVESTRES 900 G. | Acuario Supremus","og_description":"Alimento con mezcla de semillas de calidad para aves migratorias y silvestres adem\u00e1s de finches, canarios y gorriones en cautiverio.","og_url":"https:\/\/acuariosupremus.com\/?product=mezcla-para-aves-silvestres-900-g","og_site_name":"Acuario Supremus","article_publisher":"https:\/\/www.facebook.com\/AcuarioSupremus","article_modified_time":"2026-04-29T22:35:10+00:00","og_image":[{"width":1000,"height":1000,"url":"https:\/\/acuariosupremus.com\/wp-content\/uploads\/2022\/02\/FL4015.jpg","type":"image\/jpeg"}],"twitter_card":"summary_large_image","twitter_site":"@AcuarioSupremus","twitter_misc":{"Tiempo de lectura":"1 minuto"},"schema":{"@context":"https:\/\/schema.org","@graph":[{"@type":"WebPage","@id":"https:\/\/acuariosupremus.com\/?product=mezcla-para-aves-silvestres-900-g","url":"https:\/\/acuariosupremus.com\/?product=mezcla-para-aves-silvestres-900-g","name":"MEZCLA PARA AVES SILVESTRES 900 G. | Acuario Supremus","isPartOf":{"@id":"https:\/\/acuariosupremus.com\/#website"},"primaryImageOfPage":{"@id":"https:\/\/acuariosupremus.com\/?product=mezcla-para-aves-silvestres-900-g#primaryimage"},"image":{"@id":"https:\/\/acuariosupremus.com\/?product=mezcla-para-aves-silvestres-900-g#primaryimage"},"thumbnailUrl":"https:\/\/acuariosupremus.com\/wp-content\/uploads\/2022\/02\/FL4015.jpg","datePublished":"2022-02-13T22:05:10+00:00","dateModified":"2026-04-29T22:35:10+00:00","description":"Alimento con mezcla de semillas de calidad para aves migratorias y silvestres adem\u00e1s de finches, canarios y gorriones en cautiverio.","breadcrumb":{"@id":"https:\/\/acuariosupremus.com\/?product=mezcla-para-aves-silvestres-900-g#breadcrumb"},"inLanguage":"es","potentialAction":[{"@type":"ReadAction","target":["https:\/\/acuariosupremus.com\/?product=mezcla-para-aves-silvestres-900-g"]}]},{"@type":"ImageObject","inLanguage":"es","@id":"https:\/\/acuariosupremus.com\/?product=mezcla-para-aves-silvestres-900-g#primaryimage","url":"https:\/\/acuariosupremus.com\/wp-content\/uploads\/2022\/02\/FL4015.jpg","contentUrl":"https:\/\/acuariosupremus.com\/wp-content\/uploads\/2022\/02\/FL4015.jpg","width":1000,"height":1000},{"@type":"BreadcrumbList","@id":"https:\/\/acuariosupremus.com\/?product=mezcla-para-aves-silvestres-900-g#breadcrumb","itemListElement":[{"@type":"ListItem","position":1,"name":"Portada","item":"https:\/\/acuariosupremus.com\/"},{"@type":"ListItem","position":2,"name":"Tienda","item":"https:\/\/acuariosupremus.com\/tienda\/"},{"@type":"ListItem","position":3,"name":"MEZCLA PARA AVES SILVESTRES 900 G."}]},{"@type":"WebSite","@id":"https:\/\/acuariosupremus.com\/#website","url":"https:\/\/acuariosupremus.com\/","name":"Acuario Supremus","description":"Peces, Peceras y Mascotas.","publisher":{"@id":"https:\/\/acuariosupremus.com\/#organization"},"potentialAction":[{"@type":"SearchAction","target":{"@type":"EntryPoint","urlTemplate":"https:\/\/acuariosupremus.com\/?s={search_term_string}"},"query-input":{"@type":"PropertyValueSpecification","valueRequired":true,"valueName":"search_term_string"}}],"inLanguage":"es"},{"@type":"Organization","@id":"https:\/\/acuariosupremus.com\/#organization","name":"Acuario Supremus","url":"https:\/\/acuariosupremus.com\/","logo":{"@type":"ImageObject","inLanguage":"es","@id":"https:\/\/acuariosupremus.com\/#\/schema\/logo\/image\/","url":"https:\/\/acuariosupremus.com\/wp-content\/uploads\/2021\/12\/cropped-logo_acuario_supremus_fn-2.png","contentUrl":"https:\/\/acuariosupremus.com\/wp-content\/uploads\/2021\/12\/cropped-logo_acuario_supremus_fn-2.png","width":1000,"height":318,"caption":"Acuario Supremus"},"image":{"@id":"https:\/\/acuariosupremus.com\/#\/schema\/logo\/image\/"},"sameAs":["https:\/\/www.facebook.com\/AcuarioSupremus","https:\/\/x.com\/AcuarioSupremus","https:\/\/www.instagram.com\/acuariosupremus\/?hl=es"]}]}},"jetpack_sharing_enabled":true,"_links":{"self":[{"href":"https:\/\/acuariosupremus.com\/index.php?rest_route=\/wp\/v2\/product\/2771","targetHints":{"allow":["GET"]}}],"collection":[{"href":"https:\/\/acuariosupremus.com\/index.php?rest_route=\/wp\/v2\/product"}],"about":[{"href":"https:\/\/acuariosupremus.com\/index.php?rest_route=\/wp\/v2\/types\/product"}],"wp:featuredmedia":[{"embeddable":true,"href":"https:\/\/acuariosupremus.com\/index.php?rest_route=\/wp\/v2\/media\/2773"}],"wp:attachment":[{"href":"https:\/\/acuariosupremus.com\/index.php?rest_route=%2Fwp%2Fv2%2Fmedia&parent=2771"}],"wp:term":[{"taxonomy":"product_brand","embeddable":true,"href":"https:\/\/acuariosupremus.com\/index.php?rest_route=%2Fwp%2Fv2%2Fproduct_brand&post=2771"},{"taxonomy":"product_cat","embeddable":true,"href":"https:\/\/acuariosupremus.com\/index.php?rest_route=%2Fwp%2Fv2%2Fproduct_cat&post=2771"},{"taxonomy":"product_tag","embeddable":true,"href":"https:\/\/acuariosupremus.com\/index.php?rest_route=%2Fwp%2Fv2%2Fproduct_tag&post=2771"}],"curies":[{"name":"wp","href":"https:\/\/api.w.org\/{rel}","templated":true}]}}