{"id":2774,"date":"2022-02-13T16:10:31","date_gmt":"2022-02-13T22:10:31","guid":{"rendered":"https:\/\/acuariosupremus.com\/?post_type=product&#038;p=2774"},"modified":"2026-04-29T16:37:29","modified_gmt":"2026-04-29T22:37:29","slug":"alimento-para-patos-juveniles-1-kg","status":"publish","type":"product","link":"https:\/\/acuariosupremus.com\/?product=alimento-para-patos-juveniles-1-kg","title":{"rendered":"ALIMENTO PARA PATOS JUVENILES 1 KG."},"content":{"rendered":"<p>Instrucciones:<br \/>\nIntrucciones de uso:<br \/>\nDurante las primeras 24 horas de vida, los patos pueden comer peque\u00f1as porciones del pellet hidratado mientras lo reconocen. Transcurrido ese lapso, continuar con la raci\u00f3n de alimento h\u00famedo hasta la 2\u00aa semana de vida y ofrecer el agua a voluntad, procurando que solamente sumerjan el pico, sin permitir<br \/>\nba\u00f1arse.<br \/>\nPosteriormente, se pondr\u00e1 a disposici\u00f3n el alimento seg\u00fan la recomendaci\u00f3n y proporcionar agua en abundancia.<br \/>\nNo sobrealimente al pato. A partir del primer a\u00f1o de vida ofrezca RedKite Alimento para Patos.<br \/>\nGu\u00eda de alimentaci\u00f3n:<br \/>\nPatos de 1 d\u00eda a 1\u00aa semana: 10-15 g al d\u00eda.<br \/>\nPatos de 1\u00aa a 2\u00aa semana: 16-35 g al d\u00eda.<br \/>\nPatos de 2\u00aa a 3\u00aa semana:36-65 g al d\u00eda.<br \/>\nPatos de 3\u00aa a 4\u00aa semana: 66-100 g al d\u00eda.<br \/>\nPatos de 4\u00aa semana a 1 a\u00f1o: 101-180 g al d\u00eda.<br \/>\nVia de administraci\u00f3n: Oral.<br \/>\nRecomendaciones:<br \/>\nAdvertencias:<br \/>\nConserve en un lugar fresco y seco.<br \/>\nNo consumirse despu\u00e9s de la fecha de caducidad.<br \/>\nMonitoree peri\u00f3dicamente el peso de sus aves.<\/p>\n<p>Ingredientes:<br \/>\nGranos molidos, pastas de oleaginosas, subproductos de cereales, aceite vegetal, melaza de ca\u00f1a, carbonato de calcio, ortofosfato, cloruro de sodio, minerales (hierro, cobre, cobalto, magnesio, manganeso, selenio y zinc), vitaminas (A, D3, E, K, B1, biotina, riboflavina, niacina, piridoxina), amino\u00e1cidos (lisina y metionina), antioxidante (BHT).<br \/>\nContenido:<br \/>\n<strong>1 kg.<\/strong><\/p>\n","protected":false},"excerpt":{"rendered":"<p>Alimento balanceado para patos juveniles durante las primeras 24 horas d\u00eda de vida hasta el 1\u00b0 a\u00f1o.<br \/>\nAn\u00e1lisis garantizado:<br \/>\nProte\u00edna M\u00edn. 16%<br \/>\nGrasa M\u00edn. 3%<br \/>\nFibra cruda M\u00e1x. 6%<br \/>\nCenizas M\u00e1x. 7%<br \/>\nHumedad M\u00e1x. 12%<\/p>\n","protected":false},"featured_media":2775,"template":"","meta":[],"product_brand":[104],"product_cat":[20,29],"product_tag":[272,1084,1085,1088],"class_list":{"0":"post-2774","1":"product","2":"type-product","3":"status-publish","4":"has-post-thumbnail","6":"product_brand-redkite","7":"product_cat-aves","8":"product_cat-nutricion","9":"product_tag-alimento-aves","10":"product_tag-alimento-para-patos","11":"product_tag-patos","12":"product_tag-patos-juveniles","14":"first","15":"instock","16":"sale","17":"shipping-taxable","18":"purchasable","19":"product-type-simple"},"yoast_head":"<!-- This site is optimized with the Yoast SEO plugin v27.5 - https:\/\/yoast.com\/product\/yoast-seo-wordpress\/ -->\n<title>ALIMENTO PARA PATOS JUVENILES 1 KG. | Acuario Supremus<\/title>\n<meta name=\"description\" content=\"Alimento balanceado para patos juveniles durante las primeras 24 horas d\u00eda de vida hasta el 1\u00b0 a\u00f1o.\" \/>\n<meta name=\"robots\" content=\"index, follow, max-snippet:-1, max-image-preview:large, max-video-preview:-1\" \/>\n<link rel=\"canonical\" href=\"https:\/\/acuariosupremus.com\/?product=alimento-para-patos-juveniles-1-kg\" \/>\n<meta property=\"og:locale\" content=\"es_MX\" \/>\n<meta property=\"og:type\" content=\"article\" \/>\n<meta property=\"og:title\" content=\"ALIMENTO PARA PATOS JUVENILES 1 KG. | Acuario Supremus\" \/>\n<meta property=\"og:description\" content=\"Alimento balanceado para patos juveniles durante las primeras 24 horas d\u00eda de vida hasta el 1\u00b0 a\u00f1o.\" \/>\n<meta property=\"og:url\" content=\"https:\/\/acuariosupremus.com\/?product=alimento-para-patos-juveniles-1-kg\" \/>\n<meta property=\"og:site_name\" content=\"Acuario Supremus\" \/>\n<meta property=\"article:publisher\" content=\"https:\/\/www.facebook.com\/AcuarioSupremus\" \/>\n<meta property=\"article:modified_time\" content=\"2026-04-29T22:37:29+00:00\" \/>\n<meta property=\"og:image\" content=\"https:\/\/acuariosupremus.com\/wp-content\/uploads\/2022\/02\/FL4016.jpg\" \/>\n\t<meta property=\"og:image:width\" content=\"1000\" \/>\n\t<meta property=\"og:image:height\" content=\"1306\" \/>\n\t<meta property=\"og:image:type\" content=\"image\/jpeg\" \/>\n<meta name=\"twitter:card\" content=\"summary_large_image\" \/>\n<meta name=\"twitter:site\" content=\"@AcuarioSupremus\" \/>\n<meta name=\"twitter:label1\" content=\"Tiempo de lectura\" \/>\n\t<meta name=\"twitter:data1\" content=\"1 minuto\" \/>\n<script type=\"application\/ld+json\" class=\"yoast-schema-graph\">{\"@context\":\"https:\\\/\\\/schema.org\",\"@graph\":[{\"@type\":\"WebPage\",\"@id\":\"https:\\\/\\\/acuariosupremus.com\\\/?product=alimento-para-patos-juveniles-1-kg\",\"url\":\"https:\\\/\\\/acuariosupremus.com\\\/?product=alimento-para-patos-juveniles-1-kg\",\"name\":\"ALIMENTO PARA PATOS JUVENILES 1 KG. | Acuario Supremus\",\"isPartOf\":{\"@id\":\"https:\\\/\\\/acuariosupremus.com\\\/#website\"},\"primaryImageOfPage\":{\"@id\":\"https:\\\/\\\/acuariosupremus.com\\\/?product=alimento-para-patos-juveniles-1-kg#primaryimage\"},\"image\":{\"@id\":\"https:\\\/\\\/acuariosupremus.com\\\/?product=alimento-para-patos-juveniles-1-kg#primaryimage\"},\"thumbnailUrl\":\"https:\\\/\\\/acuariosupremus.com\\\/wp-content\\\/uploads\\\/2022\\\/02\\\/FL4016.jpg\",\"datePublished\":\"2022-02-13T22:10:31+00:00\",\"dateModified\":\"2026-04-29T22:37:29+00:00\",\"description\":\"Alimento balanceado para patos juveniles durante las primeras 24 horas d\u00eda de vida hasta el 1\u00b0 a\u00f1o.\",\"breadcrumb\":{\"@id\":\"https:\\\/\\\/acuariosupremus.com\\\/?product=alimento-para-patos-juveniles-1-kg#breadcrumb\"},\"inLanguage\":\"es\",\"potentialAction\":[{\"@type\":\"ReadAction\",\"target\":[\"https:\\\/\\\/acuariosupremus.com\\\/?product=alimento-para-patos-juveniles-1-kg\"]}]},{\"@type\":\"ImageObject\",\"inLanguage\":\"es\",\"@id\":\"https:\\\/\\\/acuariosupremus.com\\\/?product=alimento-para-patos-juveniles-1-kg#primaryimage\",\"url\":\"https:\\\/\\\/acuariosupremus.com\\\/wp-content\\\/uploads\\\/2022\\\/02\\\/FL4016.jpg\",\"contentUrl\":\"https:\\\/\\\/acuariosupremus.com\\\/wp-content\\\/uploads\\\/2022\\\/02\\\/FL4016.jpg\",\"width\":1000,\"height\":1306},{\"@type\":\"BreadcrumbList\",\"@id\":\"https:\\\/\\\/acuariosupremus.com\\\/?product=alimento-para-patos-juveniles-1-kg#breadcrumb\",\"itemListElement\":[{\"@type\":\"ListItem\",\"position\":1,\"name\":\"Portada\",\"item\":\"https:\\\/\\\/acuariosupremus.com\\\/\"},{\"@type\":\"ListItem\",\"position\":2,\"name\":\"Tienda\",\"item\":\"https:\\\/\\\/acuariosupremus.com\\\/tienda\\\/\"},{\"@type\":\"ListItem\",\"position\":3,\"name\":\"ALIMENTO PARA PATOS JUVENILES 1 KG.\"}]},{\"@type\":\"WebSite\",\"@id\":\"https:\\\/\\\/acuariosupremus.com\\\/#website\",\"url\":\"https:\\\/\\\/acuariosupremus.com\\\/\",\"name\":\"Acuario Supremus\",\"description\":\"Peces, Peceras y Mascotas.\",\"publisher\":{\"@id\":\"https:\\\/\\\/acuariosupremus.com\\\/#organization\"},\"potentialAction\":[{\"@type\":\"SearchAction\",\"target\":{\"@type\":\"EntryPoint\",\"urlTemplate\":\"https:\\\/\\\/acuariosupremus.com\\\/?s={search_term_string}\"},\"query-input\":{\"@type\":\"PropertyValueSpecification\",\"valueRequired\":true,\"valueName\":\"search_term_string\"}}],\"inLanguage\":\"es\"},{\"@type\":\"Organization\",\"@id\":\"https:\\\/\\\/acuariosupremus.com\\\/#organization\",\"name\":\"Acuario Supremus\",\"url\":\"https:\\\/\\\/acuariosupremus.com\\\/\",\"logo\":{\"@type\":\"ImageObject\",\"inLanguage\":\"es\",\"@id\":\"https:\\\/\\\/acuariosupremus.com\\\/#\\\/schema\\\/logo\\\/image\\\/\",\"url\":\"https:\\\/\\\/acuariosupremus.com\\\/wp-content\\\/uploads\\\/2021\\\/12\\\/cropped-logo_acuario_supremus_fn-2.png\",\"contentUrl\":\"https:\\\/\\\/acuariosupremus.com\\\/wp-content\\\/uploads\\\/2021\\\/12\\\/cropped-logo_acuario_supremus_fn-2.png\",\"width\":1000,\"height\":318,\"caption\":\"Acuario Supremus\"},\"image\":{\"@id\":\"https:\\\/\\\/acuariosupremus.com\\\/#\\\/schema\\\/logo\\\/image\\\/\"},\"sameAs\":[\"https:\\\/\\\/www.facebook.com\\\/AcuarioSupremus\",\"https:\\\/\\\/x.com\\\/AcuarioSupremus\",\"https:\\\/\\\/www.instagram.com\\\/acuariosupremus\\\/?hl=es\"]}]}<\/script>\n<!-- \/ Yoast SEO plugin. -->","yoast_head_json":{"title":"ALIMENTO PARA PATOS JUVENILES 1 KG. | Acuario Supremus","description":"Alimento balanceado para patos juveniles durante las primeras 24 horas d\u00eda de vida hasta el 1\u00b0 a\u00f1o.","robots":{"index":"index","follow":"follow","max-snippet":"max-snippet:-1","max-image-preview":"max-image-preview:large","max-video-preview":"max-video-preview:-1"},"canonical":"https:\/\/acuariosupremus.com\/?product=alimento-para-patos-juveniles-1-kg","og_locale":"es_MX","og_type":"article","og_title":"ALIMENTO PARA PATOS JUVENILES 1 KG. | Acuario Supremus","og_description":"Alimento balanceado para patos juveniles durante las primeras 24 horas d\u00eda de vida hasta el 1\u00b0 a\u00f1o.","og_url":"https:\/\/acuariosupremus.com\/?product=alimento-para-patos-juveniles-1-kg","og_site_name":"Acuario Supremus","article_publisher":"https:\/\/www.facebook.com\/AcuarioSupremus","article_modified_time":"2026-04-29T22:37:29+00:00","og_image":[{"width":1000,"height":1306,"url":"https:\/\/acuariosupremus.com\/wp-content\/uploads\/2022\/02\/FL4016.jpg","type":"image\/jpeg"}],"twitter_card":"summary_large_image","twitter_site":"@AcuarioSupremus","twitter_misc":{"Tiempo de lectura":"1 minuto"},"schema":{"@context":"https:\/\/schema.org","@graph":[{"@type":"WebPage","@id":"https:\/\/acuariosupremus.com\/?product=alimento-para-patos-juveniles-1-kg","url":"https:\/\/acuariosupremus.com\/?product=alimento-para-patos-juveniles-1-kg","name":"ALIMENTO PARA PATOS JUVENILES 1 KG. | Acuario Supremus","isPartOf":{"@id":"https:\/\/acuariosupremus.com\/#website"},"primaryImageOfPage":{"@id":"https:\/\/acuariosupremus.com\/?product=alimento-para-patos-juveniles-1-kg#primaryimage"},"image":{"@id":"https:\/\/acuariosupremus.com\/?product=alimento-para-patos-juveniles-1-kg#primaryimage"},"thumbnailUrl":"https:\/\/acuariosupremus.com\/wp-content\/uploads\/2022\/02\/FL4016.jpg","datePublished":"2022-02-13T22:10:31+00:00","dateModified":"2026-04-29T22:37:29+00:00","description":"Alimento balanceado para patos juveniles durante las primeras 24 horas d\u00eda de vida hasta el 1\u00b0 a\u00f1o.","breadcrumb":{"@id":"https:\/\/acuariosupremus.com\/?product=alimento-para-patos-juveniles-1-kg#breadcrumb"},"inLanguage":"es","potentialAction":[{"@type":"ReadAction","target":["https:\/\/acuariosupremus.com\/?product=alimento-para-patos-juveniles-1-kg"]}]},{"@type":"ImageObject","inLanguage":"es","@id":"https:\/\/acuariosupremus.com\/?product=alimento-para-patos-juveniles-1-kg#primaryimage","url":"https:\/\/acuariosupremus.com\/wp-content\/uploads\/2022\/02\/FL4016.jpg","contentUrl":"https:\/\/acuariosupremus.com\/wp-content\/uploads\/2022\/02\/FL4016.jpg","width":1000,"height":1306},{"@type":"BreadcrumbList","@id":"https:\/\/acuariosupremus.com\/?product=alimento-para-patos-juveniles-1-kg#breadcrumb","itemListElement":[{"@type":"ListItem","position":1,"name":"Portada","item":"https:\/\/acuariosupremus.com\/"},{"@type":"ListItem","position":2,"name":"Tienda","item":"https:\/\/acuariosupremus.com\/tienda\/"},{"@type":"ListItem","position":3,"name":"ALIMENTO PARA PATOS JUVENILES 1 KG."}]},{"@type":"WebSite","@id":"https:\/\/acuariosupremus.com\/#website","url":"https:\/\/acuariosupremus.com\/","name":"Acuario Supremus","description":"Peces, Peceras y Mascotas.","publisher":{"@id":"https:\/\/acuariosupremus.com\/#organization"},"potentialAction":[{"@type":"SearchAction","target":{"@type":"EntryPoint","urlTemplate":"https:\/\/acuariosupremus.com\/?s={search_term_string}"},"query-input":{"@type":"PropertyValueSpecification","valueRequired":true,"valueName":"search_term_string"}}],"inLanguage":"es"},{"@type":"Organization","@id":"https:\/\/acuariosupremus.com\/#organization","name":"Acuario Supremus","url":"https:\/\/acuariosupremus.com\/","logo":{"@type":"ImageObject","inLanguage":"es","@id":"https:\/\/acuariosupremus.com\/#\/schema\/logo\/image\/","url":"https:\/\/acuariosupremus.com\/wp-content\/uploads\/2021\/12\/cropped-logo_acuario_supremus_fn-2.png","contentUrl":"https:\/\/acuariosupremus.com\/wp-content\/uploads\/2021\/12\/cropped-logo_acuario_supremus_fn-2.png","width":1000,"height":318,"caption":"Acuario Supremus"},"image":{"@id":"https:\/\/acuariosupremus.com\/#\/schema\/logo\/image\/"},"sameAs":["https:\/\/www.facebook.com\/AcuarioSupremus","https:\/\/x.com\/AcuarioSupremus","https:\/\/www.instagram.com\/acuariosupremus\/?hl=es"]}]}},"jetpack_sharing_enabled":true,"_links":{"self":[{"href":"https:\/\/acuariosupremus.com\/index.php?rest_route=\/wp\/v2\/product\/2774","targetHints":{"allow":["GET"]}}],"collection":[{"href":"https:\/\/acuariosupremus.com\/index.php?rest_route=\/wp\/v2\/product"}],"about":[{"href":"https:\/\/acuariosupremus.com\/index.php?rest_route=\/wp\/v2\/types\/product"}],"wp:featuredmedia":[{"embeddable":true,"href":"https:\/\/acuariosupremus.com\/index.php?rest_route=\/wp\/v2\/media\/2775"}],"wp:attachment":[{"href":"https:\/\/acuariosupremus.com\/index.php?rest_route=%2Fwp%2Fv2%2Fmedia&parent=2774"}],"wp:term":[{"taxonomy":"product_brand","embeddable":true,"href":"https:\/\/acuariosupremus.com\/index.php?rest_route=%2Fwp%2Fv2%2Fproduct_brand&post=2774"},{"taxonomy":"product_cat","embeddable":true,"href":"https:\/\/acuariosupremus.com\/index.php?rest_route=%2Fwp%2Fv2%2Fproduct_cat&post=2774"},{"taxonomy":"product_tag","embeddable":true,"href":"https:\/\/acuariosupremus.com\/index.php?rest_route=%2Fwp%2Fv2%2Fproduct_tag&post=2774"}],"curies":[{"name":"wp","href":"https:\/\/api.w.org\/{rel}","templated":true}]}}