{"id":2788,"date":"2022-02-13T16:56:51","date_gmt":"2022-02-13T22:56:51","guid":{"rendered":"https:\/\/acuariosupremus.com\/?post_type=product&#038;p=2788"},"modified":"2026-04-29T17:42:10","modified_gmt":"2026-04-29T23:42:10","slug":"barrita-de-semillas-para-loros-y-cacatuas-1-pz","status":"publish","type":"product","link":"https:\/\/acuariosupremus.com\/?product=barrita-de-semillas-para-loros-y-cacatuas-1-pz","title":{"rendered":"BARRITA DE SEMILLAS PARA LOROS Y CACATUAS &#8211; 1 PZ"},"content":{"rendered":"<p>Instrucciones:<br \/>\nLas barrita est\u00e1 formulada para aves adultas (loros, conuros y cacat\u00faas). Coloque la barrita dentro de la jaula del lado contrario del agua de bebida y suj\u00e9tela con el ganchito en uno de los barrotes de la jaula. La curiosidad de las aves har\u00e1 que se acerquen poco a poco y prueben las semillas. No olvide proporcionar al ave agua potable y fresca a libre acceso. V\u00eda de<br \/>\nadministraci\u00f3n y dosis: Oral. Ofrezca una barrita cada 5 d\u00edas o cuando esta se termine. Dependiendo de la cantidad de aves o<br \/>\ntama\u00f1o de ellas variar\u00e1 la frecuencia de alimentaci\u00f3n. Si observa alg\u00fan cambio en el aroma, color o textura de las semillas,<br \/>\nret\u00edrela de la jaula y proporcione una nueva.<br \/>\nRecomendaciones:<br \/>\nAdvertencias: Conserve en un lugar fresco y seco. No consumir el producto despu\u00e9s de la fecha de caducidad. Proporcione<br \/>\nagua en abundancia a sus aves en todo momento. Monitoree peri\u00f3dicamente el peso de sus aves. Este alimento es exclusivo<br \/>\npara aves de ornato, no emplear en aves de corral. Este producto no sustituye la alimentaci\u00f3n diaria de las aves.<br \/>\nIngredientes:<br \/>\nAvena en grano, mai\u00b4z amarillo quebrado, trigo, ca\u00b4rtamo, girasol rayado, girasol negro, mai\u00b4z palomero, ebo, cacahuate sin cascara, pimiento rojo y alimento balanceado en migajas (granos molidos, subproductos de cereales, pastas de oleaginosas, aceite vegetal, melaza de can~a, carbonato de calcio, ortofosfato de calcio, cloruro de sodio, hierro, magnesio, zinc, manganeso, fo\u00b4sforo, cobre, selenio, vitamina A, vitamina B1, vitamina B2, vitamina B6, vitamina B12, a\u00b4cido fo\u00b4lico, biotina, niacina, a\u00b4cido pantote\u00b4nico, cloruro de colina, lisina y metionina), glucosa, fibra soluble del a\u00b4rbol de acacia, antioxidante (BHT).<br \/>\nContenido:<br \/>\n<strong>1 PZA<\/strong><\/p>\n","protected":false},"excerpt":{"rendered":"<p>Deliciosa mezcla de semillas para loros y cacat\u00faas, fortificada con vitaminas y minerales. Las barrita para loritos y cacat\u00faas de Redkite es un snack para aves, elaborada con una deliciosa mezcla de semillas exclusivas y balanceadas para este tipo de aves, nutri\u00e9ndolas al mismo tiempo que estimulan su curiosidad y actividad. An\u00e1lisis garantizado: Prote\u00edna m\u00edn. 13% Grasa cruda m\u00edn. 8% Fibra cruda m\u00e1x. 5% Cenizas m\u00e1x. 4% Humedad m\u00e1x. 12%<\/p>\n","protected":false},"featured_media":2789,"template":"","meta":[],"product_brand":[104],"product_cat":[20,29],"product_tag":[272,1089,1083,1082],"class_list":{"0":"post-2788","1":"product","2":"type-product","3":"status-publish","4":"has-post-thumbnail","6":"product_brand-redkite","7":"product_cat-aves","8":"product_cat-nutricion","9":"product_tag-alimento-aves","10":"product_tag-barrita-de-semillas","11":"product_tag-cacatuas","12":"product_tag-loros","14":"first","15":"instock","16":"sale","17":"shipping-taxable","18":"purchasable","19":"product-type-simple"},"yoast_head":"<!-- This site is optimized with the Yoast SEO plugin v27.5 - https:\/\/yoast.com\/product\/yoast-seo-wordpress\/ -->\n<title>BARRITA DE SEMILLAS PARA LOROS Y CACATUAS - 1 PZ | Acuario Supremus<\/title>\n<meta name=\"description\" content=\"Las barritas para Loros y Cacatuas son un snack para aves, elaborado con una deliciosa mezcla de semillas exclusivas y balanceadas.\" \/>\n<meta name=\"robots\" content=\"index, follow, max-snippet:-1, max-image-preview:large, max-video-preview:-1\" \/>\n<link rel=\"canonical\" href=\"https:\/\/acuariosupremus.com\/?product=barrita-de-semillas-para-loros-y-cacatuas-1-pz\" \/>\n<meta property=\"og:locale\" content=\"es_MX\" \/>\n<meta property=\"og:type\" content=\"article\" \/>\n<meta property=\"og:title\" content=\"BARRITA DE SEMILLAS PARA LOROS Y CACATUAS - 1 PZ | Acuario Supremus\" \/>\n<meta property=\"og:description\" content=\"Las barritas para Loros y Cacatuas son un snack para aves, elaborado con una deliciosa mezcla de semillas exclusivas y balanceadas.\" \/>\n<meta property=\"og:url\" content=\"https:\/\/acuariosupremus.com\/?product=barrita-de-semillas-para-loros-y-cacatuas-1-pz\" \/>\n<meta property=\"og:site_name\" content=\"Acuario Supremus\" \/>\n<meta property=\"article:publisher\" content=\"https:\/\/www.facebook.com\/AcuarioSupremus\" \/>\n<meta property=\"article:modified_time\" content=\"2026-04-29T23:42:10+00:00\" \/>\n<meta property=\"og:image\" content=\"https:\/\/acuariosupremus.com\/wp-content\/uploads\/2022\/02\/FL4033.jpg\" \/>\n\t<meta property=\"og:image:width\" content=\"1000\" \/>\n\t<meta property=\"og:image:height\" content=\"1000\" \/>\n\t<meta property=\"og:image:type\" content=\"image\/jpeg\" \/>\n<meta name=\"twitter:card\" content=\"summary_large_image\" \/>\n<meta name=\"twitter:site\" content=\"@AcuarioSupremus\" \/>\n<meta name=\"twitter:label1\" content=\"Tiempo de lectura\" \/>\n\t<meta name=\"twitter:data1\" content=\"2 minutos\" \/>\n<script type=\"application\/ld+json\" class=\"yoast-schema-graph\">{\"@context\":\"https:\\\/\\\/schema.org\",\"@graph\":[{\"@type\":\"WebPage\",\"@id\":\"https:\\\/\\\/acuariosupremus.com\\\/?product=barrita-de-semillas-para-loros-y-cacatuas-1-pz\",\"url\":\"https:\\\/\\\/acuariosupremus.com\\\/?product=barrita-de-semillas-para-loros-y-cacatuas-1-pz\",\"name\":\"BARRITA DE SEMILLAS PARA LOROS Y CACATUAS - 1 PZ | Acuario Supremus\",\"isPartOf\":{\"@id\":\"https:\\\/\\\/acuariosupremus.com\\\/#website\"},\"primaryImageOfPage\":{\"@id\":\"https:\\\/\\\/acuariosupremus.com\\\/?product=barrita-de-semillas-para-loros-y-cacatuas-1-pz#primaryimage\"},\"image\":{\"@id\":\"https:\\\/\\\/acuariosupremus.com\\\/?product=barrita-de-semillas-para-loros-y-cacatuas-1-pz#primaryimage\"},\"thumbnailUrl\":\"https:\\\/\\\/acuariosupremus.com\\\/wp-content\\\/uploads\\\/2022\\\/02\\\/FL4033.jpg\",\"datePublished\":\"2022-02-13T22:56:51+00:00\",\"dateModified\":\"2026-04-29T23:42:10+00:00\",\"description\":\"Las barritas para Loros y Cacatuas son un snack para aves, elaborado con una deliciosa mezcla de semillas exclusivas y balanceadas.\",\"breadcrumb\":{\"@id\":\"https:\\\/\\\/acuariosupremus.com\\\/?product=barrita-de-semillas-para-loros-y-cacatuas-1-pz#breadcrumb\"},\"inLanguage\":\"es\",\"potentialAction\":[{\"@type\":\"ReadAction\",\"target\":[\"https:\\\/\\\/acuariosupremus.com\\\/?product=barrita-de-semillas-para-loros-y-cacatuas-1-pz\"]}]},{\"@type\":\"ImageObject\",\"inLanguage\":\"es\",\"@id\":\"https:\\\/\\\/acuariosupremus.com\\\/?product=barrita-de-semillas-para-loros-y-cacatuas-1-pz#primaryimage\",\"url\":\"https:\\\/\\\/acuariosupremus.com\\\/wp-content\\\/uploads\\\/2022\\\/02\\\/FL4033.jpg\",\"contentUrl\":\"https:\\\/\\\/acuariosupremus.com\\\/wp-content\\\/uploads\\\/2022\\\/02\\\/FL4033.jpg\",\"width\":1000,\"height\":1000},{\"@type\":\"BreadcrumbList\",\"@id\":\"https:\\\/\\\/acuariosupremus.com\\\/?product=barrita-de-semillas-para-loros-y-cacatuas-1-pz#breadcrumb\",\"itemListElement\":[{\"@type\":\"ListItem\",\"position\":1,\"name\":\"Portada\",\"item\":\"https:\\\/\\\/acuariosupremus.com\\\/\"},{\"@type\":\"ListItem\",\"position\":2,\"name\":\"Tienda\",\"item\":\"https:\\\/\\\/acuariosupremus.com\\\/tienda\\\/\"},{\"@type\":\"ListItem\",\"position\":3,\"name\":\"BARRITA DE SEMILLAS PARA LOROS Y CACATUAS &#8211; 1 PZ\"}]},{\"@type\":\"WebSite\",\"@id\":\"https:\\\/\\\/acuariosupremus.com\\\/#website\",\"url\":\"https:\\\/\\\/acuariosupremus.com\\\/\",\"name\":\"Acuario Supremus\",\"description\":\"Peces, Peceras y Mascotas.\",\"publisher\":{\"@id\":\"https:\\\/\\\/acuariosupremus.com\\\/#organization\"},\"potentialAction\":[{\"@type\":\"SearchAction\",\"target\":{\"@type\":\"EntryPoint\",\"urlTemplate\":\"https:\\\/\\\/acuariosupremus.com\\\/?s={search_term_string}\"},\"query-input\":{\"@type\":\"PropertyValueSpecification\",\"valueRequired\":true,\"valueName\":\"search_term_string\"}}],\"inLanguage\":\"es\"},{\"@type\":\"Organization\",\"@id\":\"https:\\\/\\\/acuariosupremus.com\\\/#organization\",\"name\":\"Acuario Supremus\",\"url\":\"https:\\\/\\\/acuariosupremus.com\\\/\",\"logo\":{\"@type\":\"ImageObject\",\"inLanguage\":\"es\",\"@id\":\"https:\\\/\\\/acuariosupremus.com\\\/#\\\/schema\\\/logo\\\/image\\\/\",\"url\":\"https:\\\/\\\/acuariosupremus.com\\\/wp-content\\\/uploads\\\/2021\\\/12\\\/cropped-logo_acuario_supremus_fn-2.png\",\"contentUrl\":\"https:\\\/\\\/acuariosupremus.com\\\/wp-content\\\/uploads\\\/2021\\\/12\\\/cropped-logo_acuario_supremus_fn-2.png\",\"width\":1000,\"height\":318,\"caption\":\"Acuario Supremus\"},\"image\":{\"@id\":\"https:\\\/\\\/acuariosupremus.com\\\/#\\\/schema\\\/logo\\\/image\\\/\"},\"sameAs\":[\"https:\\\/\\\/www.facebook.com\\\/AcuarioSupremus\",\"https:\\\/\\\/x.com\\\/AcuarioSupremus\",\"https:\\\/\\\/www.instagram.com\\\/acuariosupremus\\\/?hl=es\"]}]}<\/script>\n<!-- \/ Yoast SEO plugin. -->","yoast_head_json":{"title":"BARRITA DE SEMILLAS PARA LOROS Y CACATUAS - 1 PZ | Acuario Supremus","description":"Las barritas para Loros y Cacatuas son un snack para aves, elaborado con una deliciosa mezcla de semillas exclusivas y balanceadas.","robots":{"index":"index","follow":"follow","max-snippet":"max-snippet:-1","max-image-preview":"max-image-preview:large","max-video-preview":"max-video-preview:-1"},"canonical":"https:\/\/acuariosupremus.com\/?product=barrita-de-semillas-para-loros-y-cacatuas-1-pz","og_locale":"es_MX","og_type":"article","og_title":"BARRITA DE SEMILLAS PARA LOROS Y CACATUAS - 1 PZ | Acuario Supremus","og_description":"Las barritas para Loros y Cacatuas son un snack para aves, elaborado con una deliciosa mezcla de semillas exclusivas y balanceadas.","og_url":"https:\/\/acuariosupremus.com\/?product=barrita-de-semillas-para-loros-y-cacatuas-1-pz","og_site_name":"Acuario Supremus","article_publisher":"https:\/\/www.facebook.com\/AcuarioSupremus","article_modified_time":"2026-04-29T23:42:10+00:00","og_image":[{"width":1000,"height":1000,"url":"https:\/\/acuariosupremus.com\/wp-content\/uploads\/2022\/02\/FL4033.jpg","type":"image\/jpeg"}],"twitter_card":"summary_large_image","twitter_site":"@AcuarioSupremus","twitter_misc":{"Tiempo de lectura":"2 minutos"},"schema":{"@context":"https:\/\/schema.org","@graph":[{"@type":"WebPage","@id":"https:\/\/acuariosupremus.com\/?product=barrita-de-semillas-para-loros-y-cacatuas-1-pz","url":"https:\/\/acuariosupremus.com\/?product=barrita-de-semillas-para-loros-y-cacatuas-1-pz","name":"BARRITA DE SEMILLAS PARA LOROS Y CACATUAS - 1 PZ | Acuario Supremus","isPartOf":{"@id":"https:\/\/acuariosupremus.com\/#website"},"primaryImageOfPage":{"@id":"https:\/\/acuariosupremus.com\/?product=barrita-de-semillas-para-loros-y-cacatuas-1-pz#primaryimage"},"image":{"@id":"https:\/\/acuariosupremus.com\/?product=barrita-de-semillas-para-loros-y-cacatuas-1-pz#primaryimage"},"thumbnailUrl":"https:\/\/acuariosupremus.com\/wp-content\/uploads\/2022\/02\/FL4033.jpg","datePublished":"2022-02-13T22:56:51+00:00","dateModified":"2026-04-29T23:42:10+00:00","description":"Las barritas para Loros y Cacatuas son un snack para aves, elaborado con una deliciosa mezcla de semillas exclusivas y balanceadas.","breadcrumb":{"@id":"https:\/\/acuariosupremus.com\/?product=barrita-de-semillas-para-loros-y-cacatuas-1-pz#breadcrumb"},"inLanguage":"es","potentialAction":[{"@type":"ReadAction","target":["https:\/\/acuariosupremus.com\/?product=barrita-de-semillas-para-loros-y-cacatuas-1-pz"]}]},{"@type":"ImageObject","inLanguage":"es","@id":"https:\/\/acuariosupremus.com\/?product=barrita-de-semillas-para-loros-y-cacatuas-1-pz#primaryimage","url":"https:\/\/acuariosupremus.com\/wp-content\/uploads\/2022\/02\/FL4033.jpg","contentUrl":"https:\/\/acuariosupremus.com\/wp-content\/uploads\/2022\/02\/FL4033.jpg","width":1000,"height":1000},{"@type":"BreadcrumbList","@id":"https:\/\/acuariosupremus.com\/?product=barrita-de-semillas-para-loros-y-cacatuas-1-pz#breadcrumb","itemListElement":[{"@type":"ListItem","position":1,"name":"Portada","item":"https:\/\/acuariosupremus.com\/"},{"@type":"ListItem","position":2,"name":"Tienda","item":"https:\/\/acuariosupremus.com\/tienda\/"},{"@type":"ListItem","position":3,"name":"BARRITA DE SEMILLAS PARA LOROS Y CACATUAS &#8211; 1 PZ"}]},{"@type":"WebSite","@id":"https:\/\/acuariosupremus.com\/#website","url":"https:\/\/acuariosupremus.com\/","name":"Acuario Supremus","description":"Peces, Peceras y Mascotas.","publisher":{"@id":"https:\/\/acuariosupremus.com\/#organization"},"potentialAction":[{"@type":"SearchAction","target":{"@type":"EntryPoint","urlTemplate":"https:\/\/acuariosupremus.com\/?s={search_term_string}"},"query-input":{"@type":"PropertyValueSpecification","valueRequired":true,"valueName":"search_term_string"}}],"inLanguage":"es"},{"@type":"Organization","@id":"https:\/\/acuariosupremus.com\/#organization","name":"Acuario Supremus","url":"https:\/\/acuariosupremus.com\/","logo":{"@type":"ImageObject","inLanguage":"es","@id":"https:\/\/acuariosupremus.com\/#\/schema\/logo\/image\/","url":"https:\/\/acuariosupremus.com\/wp-content\/uploads\/2021\/12\/cropped-logo_acuario_supremus_fn-2.png","contentUrl":"https:\/\/acuariosupremus.com\/wp-content\/uploads\/2021\/12\/cropped-logo_acuario_supremus_fn-2.png","width":1000,"height":318,"caption":"Acuario Supremus"},"image":{"@id":"https:\/\/acuariosupremus.com\/#\/schema\/logo\/image\/"},"sameAs":["https:\/\/www.facebook.com\/AcuarioSupremus","https:\/\/x.com\/AcuarioSupremus","https:\/\/www.instagram.com\/acuariosupremus\/?hl=es"]}]}},"jetpack_sharing_enabled":true,"_links":{"self":[{"href":"https:\/\/acuariosupremus.com\/index.php?rest_route=\/wp\/v2\/product\/2788","targetHints":{"allow":["GET"]}}],"collection":[{"href":"https:\/\/acuariosupremus.com\/index.php?rest_route=\/wp\/v2\/product"}],"about":[{"href":"https:\/\/acuariosupremus.com\/index.php?rest_route=\/wp\/v2\/types\/product"}],"wp:featuredmedia":[{"embeddable":true,"href":"https:\/\/acuariosupremus.com\/index.php?rest_route=\/wp\/v2\/media\/2789"}],"wp:attachment":[{"href":"https:\/\/acuariosupremus.com\/index.php?rest_route=%2Fwp%2Fv2%2Fmedia&parent=2788"}],"wp:term":[{"taxonomy":"product_brand","embeddable":true,"href":"https:\/\/acuariosupremus.com\/index.php?rest_route=%2Fwp%2Fv2%2Fproduct_brand&post=2788"},{"taxonomy":"product_cat","embeddable":true,"href":"https:\/\/acuariosupremus.com\/index.php?rest_route=%2Fwp%2Fv2%2Fproduct_cat&post=2788"},{"taxonomy":"product_tag","embeddable":true,"href":"https:\/\/acuariosupremus.com\/index.php?rest_route=%2Fwp%2Fv2%2Fproduct_tag&post=2788"}],"curies":[{"name":"wp","href":"https:\/\/api.w.org\/{rel}","templated":true}]}}