{"id":2937,"date":"2022-02-14T20:01:01","date_gmt":"2022-02-15T02:01:01","guid":{"rendered":"https:\/\/acuariosupremus.com\/?post_type=product&#038;p=2937"},"modified":"2026-01-08T20:00:38","modified_gmt":"2026-01-09T02:00:38","slug":"mascotera-xch-para-pequenas-especies","status":"publish","type":"product","link":"https:\/\/acuariosupremus.com\/?product=mascotera-xch-para-pequenas-especies","title":{"rendered":"MASCOTERA XCH PARA PEQUE\u00d1AS ESPECIES."},"content":{"rendered":"<p>La Mascotera para Peque\u00f1as Especies de la marca Lomas es un albergue vers\u00e1til y un medio ideal de transportaci\u00f3n para<br \/>\ndiversos organismos peque\u00f1os como lo son mam\u00edferos, ar\u00e1cnidos, anfibios, reptiles y peces. Organismos sugeridos:<br \/>\nPeque\u00f1os mam\u00edferos Ar\u00e1cnidos Anfibios Reptiles Peces<br \/>\nMedidas:<br \/>\n<strong>21.5 cm x 13.5 cm x 14 cm<\/strong><\/p>\n","protected":false},"excerpt":{"rendered":"<p>Mascotera Xch de pl\u00e1stico para peque\u00f1as especies. F\u00e1cil ensamble. Tapa con ranuras de ventilaci\u00f3n. Ventana de<br \/>\nalimentaci\u00f3n. Agarradera para un f\u00e1cil manejo. Colores surtidos: verde, azul, rosa y naranja.<\/p>\n","protected":false},"featured_media":2944,"template":"","meta":[],"product_brand":[105],"product_cat":[67,84,69,86],"product_tag":[281],"class_list":{"0":"post-2937","1":"product","2":"type-product","3":"status-publish","4":"has-post-thumbnail","6":"product_brand-lomas","7":"product_cat-pequenos-mamiferos","8":"product_cat-reptiles-y-anfibios","9":"product_cat-habitad-pequenos-mamiferos","10":"product_cat-habitat","11":"product_tag-mascotera","13":"first","14":"instock","15":"sale","16":"shipping-taxable","17":"purchasable","18":"product-type-simple"},"yoast_head":"<!-- This site is optimized with the Yoast SEO plugin v27.4 - https:\/\/yoast.com\/product\/yoast-seo-wordpress\/ -->\n<title>MASCOTERA XCH PARA PEQUE\u00d1AS ESPECIES. | Acuario Supremus<\/title>\n<meta name=\"description\" content=\"Mascotera XChica de pl\u00e1stico para peque\u00f1as especies,F\u00e1cil ensamble,Tapa con ranuras de ventilaci\u00f3n,Ventana de alimentaci\u00f3n, Agarradera para un f\u00e1cil manejo.\" \/>\n<meta name=\"robots\" content=\"index, follow, max-snippet:-1, max-image-preview:large, max-video-preview:-1\" \/>\n<link rel=\"canonical\" href=\"https:\/\/acuariosupremus.com\/?product=mascotera-xch-para-pequenas-especies\" \/>\n<meta property=\"og:locale\" content=\"es_MX\" \/>\n<meta property=\"og:type\" content=\"article\" \/>\n<meta property=\"og:title\" content=\"MASCOTERA XCH PARA PEQUE\u00d1AS ESPECIES. | Acuario Supremus\" \/>\n<meta property=\"og:description\" content=\"Mascotera XChica de pl\u00e1stico para peque\u00f1as especies,F\u00e1cil ensamble,Tapa con ranuras de ventilaci\u00f3n,Ventana de alimentaci\u00f3n, Agarradera para un f\u00e1cil manejo.\" \/>\n<meta property=\"og:url\" content=\"https:\/\/acuariosupremus.com\/?product=mascotera-xch-para-pequenas-especies\" \/>\n<meta property=\"og:site_name\" content=\"Acuario Supremus\" \/>\n<meta property=\"article:publisher\" content=\"https:\/\/www.facebook.com\/AcuarioSupremus\" \/>\n<meta property=\"article:modified_time\" content=\"2026-01-09T02:00:38+00:00\" \/>\n<meta property=\"og:image\" content=\"https:\/\/acuariosupremus.com\/wp-content\/uploads\/2022\/02\/FL8892.jpg\" \/>\n\t<meta property=\"og:image:width\" content=\"1000\" \/>\n\t<meta property=\"og:image:height\" content=\"1000\" \/>\n\t<meta property=\"og:image:type\" content=\"image\/jpeg\" \/>\n<meta name=\"twitter:card\" content=\"summary_large_image\" \/>\n<meta name=\"twitter:site\" content=\"@AcuarioSupremus\" \/>\n<meta name=\"twitter:label1\" content=\"Tiempo de lectura\" \/>\n\t<meta name=\"twitter:data1\" content=\"1 minuto\" \/>\n<script type=\"application\/ld+json\" class=\"yoast-schema-graph\">{\"@context\":\"https:\\\/\\\/schema.org\",\"@graph\":[{\"@type\":\"WebPage\",\"@id\":\"https:\\\/\\\/acuariosupremus.com\\\/?product=mascotera-xch-para-pequenas-especies\",\"url\":\"https:\\\/\\\/acuariosupremus.com\\\/?product=mascotera-xch-para-pequenas-especies\",\"name\":\"MASCOTERA XCH PARA PEQUE\u00d1AS ESPECIES. | Acuario Supremus\",\"isPartOf\":{\"@id\":\"https:\\\/\\\/acuariosupremus.com\\\/#website\"},\"primaryImageOfPage\":{\"@id\":\"https:\\\/\\\/acuariosupremus.com\\\/?product=mascotera-xch-para-pequenas-especies#primaryimage\"},\"image\":{\"@id\":\"https:\\\/\\\/acuariosupremus.com\\\/?product=mascotera-xch-para-pequenas-especies#primaryimage\"},\"thumbnailUrl\":\"https:\\\/\\\/acuariosupremus.com\\\/wp-content\\\/uploads\\\/2022\\\/02\\\/FL8892.jpg\",\"datePublished\":\"2022-02-15T02:01:01+00:00\",\"dateModified\":\"2026-01-09T02:00:38+00:00\",\"description\":\"Mascotera XChica de pl\u00e1stico para peque\u00f1as especies,F\u00e1cil ensamble,Tapa con ranuras de ventilaci\u00f3n,Ventana de alimentaci\u00f3n, Agarradera para un f\u00e1cil manejo.\",\"breadcrumb\":{\"@id\":\"https:\\\/\\\/acuariosupremus.com\\\/?product=mascotera-xch-para-pequenas-especies#breadcrumb\"},\"inLanguage\":\"es\",\"potentialAction\":[{\"@type\":\"ReadAction\",\"target\":[\"https:\\\/\\\/acuariosupremus.com\\\/?product=mascotera-xch-para-pequenas-especies\"]}]},{\"@type\":\"ImageObject\",\"inLanguage\":\"es\",\"@id\":\"https:\\\/\\\/acuariosupremus.com\\\/?product=mascotera-xch-para-pequenas-especies#primaryimage\",\"url\":\"https:\\\/\\\/acuariosupremus.com\\\/wp-content\\\/uploads\\\/2022\\\/02\\\/FL8892.jpg\",\"contentUrl\":\"https:\\\/\\\/acuariosupremus.com\\\/wp-content\\\/uploads\\\/2022\\\/02\\\/FL8892.jpg\",\"width\":1000,\"height\":1000},{\"@type\":\"BreadcrumbList\",\"@id\":\"https:\\\/\\\/acuariosupremus.com\\\/?product=mascotera-xch-para-pequenas-especies#breadcrumb\",\"itemListElement\":[{\"@type\":\"ListItem\",\"position\":1,\"name\":\"Portada\",\"item\":\"https:\\\/\\\/acuariosupremus.com\\\/\"},{\"@type\":\"ListItem\",\"position\":2,\"name\":\"Tienda\",\"item\":\"https:\\\/\\\/acuariosupremus.com\\\/tienda\\\/\"},{\"@type\":\"ListItem\",\"position\":3,\"name\":\"MASCOTERA XCH PARA PEQUE\u00d1AS ESPECIES.\"}]},{\"@type\":\"WebSite\",\"@id\":\"https:\\\/\\\/acuariosupremus.com\\\/#website\",\"url\":\"https:\\\/\\\/acuariosupremus.com\\\/\",\"name\":\"Acuario Supremus\",\"description\":\"Peces, Peceras y Mascotas.\",\"publisher\":{\"@id\":\"https:\\\/\\\/acuariosupremus.com\\\/#organization\"},\"potentialAction\":[{\"@type\":\"SearchAction\",\"target\":{\"@type\":\"EntryPoint\",\"urlTemplate\":\"https:\\\/\\\/acuariosupremus.com\\\/?s={search_term_string}\"},\"query-input\":{\"@type\":\"PropertyValueSpecification\",\"valueRequired\":true,\"valueName\":\"search_term_string\"}}],\"inLanguage\":\"es\"},{\"@type\":\"Organization\",\"@id\":\"https:\\\/\\\/acuariosupremus.com\\\/#organization\",\"name\":\"Acuario Supremus\",\"url\":\"https:\\\/\\\/acuariosupremus.com\\\/\",\"logo\":{\"@type\":\"ImageObject\",\"inLanguage\":\"es\",\"@id\":\"https:\\\/\\\/acuariosupremus.com\\\/#\\\/schema\\\/logo\\\/image\\\/\",\"url\":\"https:\\\/\\\/acuariosupremus.com\\\/wp-content\\\/uploads\\\/2021\\\/12\\\/cropped-logo_acuario_supremus_fn-2.png\",\"contentUrl\":\"https:\\\/\\\/acuariosupremus.com\\\/wp-content\\\/uploads\\\/2021\\\/12\\\/cropped-logo_acuario_supremus_fn-2.png\",\"width\":1000,\"height\":318,\"caption\":\"Acuario Supremus\"},\"image\":{\"@id\":\"https:\\\/\\\/acuariosupremus.com\\\/#\\\/schema\\\/logo\\\/image\\\/\"},\"sameAs\":[\"https:\\\/\\\/www.facebook.com\\\/AcuarioSupremus\",\"https:\\\/\\\/x.com\\\/AcuarioSupremus\",\"https:\\\/\\\/www.instagram.com\\\/acuariosupremus\\\/?hl=es\"]}]}<\/script>\n<!-- \/ Yoast SEO plugin. -->","yoast_head_json":{"title":"MASCOTERA XCH PARA PEQUE\u00d1AS ESPECIES. | Acuario Supremus","description":"Mascotera XChica de pl\u00e1stico para peque\u00f1as especies,F\u00e1cil ensamble,Tapa con ranuras de ventilaci\u00f3n,Ventana de alimentaci\u00f3n, Agarradera para un f\u00e1cil manejo.","robots":{"index":"index","follow":"follow","max-snippet":"max-snippet:-1","max-image-preview":"max-image-preview:large","max-video-preview":"max-video-preview:-1"},"canonical":"https:\/\/acuariosupremus.com\/?product=mascotera-xch-para-pequenas-especies","og_locale":"es_MX","og_type":"article","og_title":"MASCOTERA XCH PARA PEQUE\u00d1AS ESPECIES. | Acuario Supremus","og_description":"Mascotera XChica de pl\u00e1stico para peque\u00f1as especies,F\u00e1cil ensamble,Tapa con ranuras de ventilaci\u00f3n,Ventana de alimentaci\u00f3n, Agarradera para un f\u00e1cil manejo.","og_url":"https:\/\/acuariosupremus.com\/?product=mascotera-xch-para-pequenas-especies","og_site_name":"Acuario Supremus","article_publisher":"https:\/\/www.facebook.com\/AcuarioSupremus","article_modified_time":"2026-01-09T02:00:38+00:00","og_image":[{"width":1000,"height":1000,"url":"https:\/\/acuariosupremus.com\/wp-content\/uploads\/2022\/02\/FL8892.jpg","type":"image\/jpeg"}],"twitter_card":"summary_large_image","twitter_site":"@AcuarioSupremus","twitter_misc":{"Tiempo de lectura":"1 minuto"},"schema":{"@context":"https:\/\/schema.org","@graph":[{"@type":"WebPage","@id":"https:\/\/acuariosupremus.com\/?product=mascotera-xch-para-pequenas-especies","url":"https:\/\/acuariosupremus.com\/?product=mascotera-xch-para-pequenas-especies","name":"MASCOTERA XCH PARA PEQUE\u00d1AS ESPECIES. | Acuario Supremus","isPartOf":{"@id":"https:\/\/acuariosupremus.com\/#website"},"primaryImageOfPage":{"@id":"https:\/\/acuariosupremus.com\/?product=mascotera-xch-para-pequenas-especies#primaryimage"},"image":{"@id":"https:\/\/acuariosupremus.com\/?product=mascotera-xch-para-pequenas-especies#primaryimage"},"thumbnailUrl":"https:\/\/acuariosupremus.com\/wp-content\/uploads\/2022\/02\/FL8892.jpg","datePublished":"2022-02-15T02:01:01+00:00","dateModified":"2026-01-09T02:00:38+00:00","description":"Mascotera XChica de pl\u00e1stico para peque\u00f1as especies,F\u00e1cil ensamble,Tapa con ranuras de ventilaci\u00f3n,Ventana de alimentaci\u00f3n, Agarradera para un f\u00e1cil manejo.","breadcrumb":{"@id":"https:\/\/acuariosupremus.com\/?product=mascotera-xch-para-pequenas-especies#breadcrumb"},"inLanguage":"es","potentialAction":[{"@type":"ReadAction","target":["https:\/\/acuariosupremus.com\/?product=mascotera-xch-para-pequenas-especies"]}]},{"@type":"ImageObject","inLanguage":"es","@id":"https:\/\/acuariosupremus.com\/?product=mascotera-xch-para-pequenas-especies#primaryimage","url":"https:\/\/acuariosupremus.com\/wp-content\/uploads\/2022\/02\/FL8892.jpg","contentUrl":"https:\/\/acuariosupremus.com\/wp-content\/uploads\/2022\/02\/FL8892.jpg","width":1000,"height":1000},{"@type":"BreadcrumbList","@id":"https:\/\/acuariosupremus.com\/?product=mascotera-xch-para-pequenas-especies#breadcrumb","itemListElement":[{"@type":"ListItem","position":1,"name":"Portada","item":"https:\/\/acuariosupremus.com\/"},{"@type":"ListItem","position":2,"name":"Tienda","item":"https:\/\/acuariosupremus.com\/tienda\/"},{"@type":"ListItem","position":3,"name":"MASCOTERA XCH PARA PEQUE\u00d1AS ESPECIES."}]},{"@type":"WebSite","@id":"https:\/\/acuariosupremus.com\/#website","url":"https:\/\/acuariosupremus.com\/","name":"Acuario Supremus","description":"Peces, Peceras y Mascotas.","publisher":{"@id":"https:\/\/acuariosupremus.com\/#organization"},"potentialAction":[{"@type":"SearchAction","target":{"@type":"EntryPoint","urlTemplate":"https:\/\/acuariosupremus.com\/?s={search_term_string}"},"query-input":{"@type":"PropertyValueSpecification","valueRequired":true,"valueName":"search_term_string"}}],"inLanguage":"es"},{"@type":"Organization","@id":"https:\/\/acuariosupremus.com\/#organization","name":"Acuario Supremus","url":"https:\/\/acuariosupremus.com\/","logo":{"@type":"ImageObject","inLanguage":"es","@id":"https:\/\/acuariosupremus.com\/#\/schema\/logo\/image\/","url":"https:\/\/acuariosupremus.com\/wp-content\/uploads\/2021\/12\/cropped-logo_acuario_supremus_fn-2.png","contentUrl":"https:\/\/acuariosupremus.com\/wp-content\/uploads\/2021\/12\/cropped-logo_acuario_supremus_fn-2.png","width":1000,"height":318,"caption":"Acuario Supremus"},"image":{"@id":"https:\/\/acuariosupremus.com\/#\/schema\/logo\/image\/"},"sameAs":["https:\/\/www.facebook.com\/AcuarioSupremus","https:\/\/x.com\/AcuarioSupremus","https:\/\/www.instagram.com\/acuariosupremus\/?hl=es"]}]}},"jetpack_sharing_enabled":true,"_links":{"self":[{"href":"https:\/\/acuariosupremus.com\/index.php?rest_route=\/wp\/v2\/product\/2937","targetHints":{"allow":["GET"]}}],"collection":[{"href":"https:\/\/acuariosupremus.com\/index.php?rest_route=\/wp\/v2\/product"}],"about":[{"href":"https:\/\/acuariosupremus.com\/index.php?rest_route=\/wp\/v2\/types\/product"}],"wp:featuredmedia":[{"embeddable":true,"href":"https:\/\/acuariosupremus.com\/index.php?rest_route=\/wp\/v2\/media\/2944"}],"wp:attachment":[{"href":"https:\/\/acuariosupremus.com\/index.php?rest_route=%2Fwp%2Fv2%2Fmedia&parent=2937"}],"wp:term":[{"taxonomy":"product_brand","embeddable":true,"href":"https:\/\/acuariosupremus.com\/index.php?rest_route=%2Fwp%2Fv2%2Fproduct_brand&post=2937"},{"taxonomy":"product_cat","embeddable":true,"href":"https:\/\/acuariosupremus.com\/index.php?rest_route=%2Fwp%2Fv2%2Fproduct_cat&post=2937"},{"taxonomy":"product_tag","embeddable":true,"href":"https:\/\/acuariosupremus.com\/index.php?rest_route=%2Fwp%2Fv2%2Fproduct_tag&post=2937"}],"curies":[{"name":"wp","href":"https:\/\/api.w.org\/{rel}","templated":true}]}}