{"id":2992,"date":"2022-02-15T16:46:47","date_gmt":"2022-02-15T22:46:47","guid":{"rendered":"https:\/\/acuariosupremus.com\/?post_type=product&#038;p=2992"},"modified":"2026-01-09T13:54:30","modified_gmt":"2026-01-09T19:54:30","slug":"esfera-ejercitadora-med-para-hamster","status":"publish","type":"product","link":"https:\/\/acuariosupremus.com\/?product=esfera-ejercitadora-med-para-hamster","title":{"rendered":"ESFERA EJERCITADORA MED PARA HAMSTER."},"content":{"rendered":"<p>Instrucciones:<br \/>\nEmpata ambas partes de la esfera con los orificios y con ayuda de un destornillador punta de cruz, coloca los tornillos<br \/>\ngir\u00e1ndolos en sentido de las manecillas del reloj. No incluye desatornillador.<br \/>\nRecomendaciones:<br \/>\nRazas sugeridas:<br \/>\nH\u00e1mster enano de Campbell o h\u00e1mster Ruso<br \/>\nRecomendaciones y consejos de seguridad:<br \/>\n1. Elige el tama\u00f1o de esfera de acuerdo al tama\u00f1o adulto de tu mascota para garantizar que pueda usarla cuando crezca. Utiliza el accesorio de acuerdo al comportamiento y h\u00e1bitos naturales de tu roedor. CONSULTA AL M\u00c9DICO VETERINARIO<br \/>\n2. Supervisa a tu mascota siempre que use la esfera. Si observas que se estresa, le causa molestia o simplemente no le gusta, no la fuerces y busca otras formas de ejercitarla.<br \/>\n3. El mejor momento del d\u00eda para usar la esfera es cuando el roedor est\u00e9 m\u00e1s activo. Se recomienda usarla aproximadamente15 minutos diarios. Cuando tu mascota deje de moverse dentro de la esfera, es momento de finalizar la sesi\u00f3n.<br \/>\n4. Despu\u00e9s de alimentar a tu mascota, d\u00e9jala reposar antes de que utilice la esfera o podr\u00eda tener malestares estomacales<br \/>\n5. Antes de dejar rodar a tu mascota, verifica que la tapa lateral est\u00e9 asegurada para evitar que escape.<br \/>\n6. Nunca utilices la esfera en lugares con desniveles, escaleras o elevaciones para evitar lesiones. El uso de este producto es bajo responsabilidad y supervisi\u00f3n del due\u00f1o de la mascota.<br \/>\n7. La esfera ejercitadora debe usarse sobre superficies blandas y espacios amplios para impedir que gire en exceso o choque constantemente. Se recomiendan pisos cubiertos con alfombras o el c\u00e9sped, siempre y cuando la mascota no se exponga a temperaturas extremas.<br \/>\n8. Evita el contacto con otras mascotas o con ni\u00f1os peque\u00f1os.<br \/>\n9. Revisa regularmente el estado de la esfera. En caso de desgaste excesivo o rotura, reemplaza el producto para evitar que tu mascota ingiera trozos que podr\u00edan causarle da\u00f1o.<br \/>\n10. Limpia la esfera despu\u00e9s de cada uso con agua y remueve la suciedad que pudiera acumularse.<br \/>\nAdvertencias adicionales:<br \/>\nEl h\u00e1mster sirio es uno de los m\u00e1s t\u00edmidos y retra\u00eddos de todos, no es una especie juguetona ni sociable, por lo que muchas personas manipul\u00e1ndolo a la vez o incluso en contacto con otros roedores, le estresar\u00e1. La din\u00e1mica de interacci\u00f3n entre ellos y sus due\u00f1os debe ser tranquila, bas\u00e1ndose en respetar el ritmo del roedor.<br \/>\nMedidas:<br \/>\n<strong>18 cm de di\u00e1metro<\/strong><br \/>\nMaterial:<br \/>\nPl\u00e1stico resistente.<br \/>\nContenido:<br \/>\n&#8211; 1 esfera<br \/>\n&#8211; 6 tornillos<\/p>\n","protected":false},"excerpt":{"rendered":"<p>&#8211; Las esferas ejercitadoras satisfacen la necesidad de movimiento que tienen los roedores.<br \/>\n&#8211; Contribuyen a su ejercitaci\u00f3n, entretenimiento y liberaci\u00f3n de estr\u00e9s.<br \/>\n&#8211; Aportan bienestar a su salud general de forma segura.<br \/>\n&#8211; Al ser transparente, no ser\u00e1 causa de estr\u00e9s para el roedor.<\/p>\n","protected":false},"featured_media":2993,"template":"","meta":[],"product_brand":[104],"product_cat":[67,70],"product_tag":[278],"class_list":{"0":"post-2992","1":"product","2":"type-product","3":"status-publish","4":"has-post-thumbnail","6":"product_brand-redkite","7":"product_cat-pequenos-mamiferos","8":"product_cat-juguetes-y-dispensadores","9":"product_tag-ejercitador-haster","11":"first","12":"instock","13":"sale","14":"shipping-taxable","15":"purchasable","16":"product-type-simple"},"yoast_head":"<!-- This site is optimized with the Yoast SEO plugin v27.4 - https:\/\/yoast.com\/product\/yoast-seo-wordpress\/ -->\n<title>ESFERA EJERCITADORA MED PARA HAMSTER. | Acuario Supremus<\/title>\n<meta name=\"description\" content=\"Esfera ejercitadora Mediana satisface la necesidad de ejercicio, entretenimiento y liberaci\u00f3n de estr\u00e9s, color transparente.\" \/>\n<meta name=\"robots\" content=\"index, follow, max-snippet:-1, max-image-preview:large, max-video-preview:-1\" \/>\n<link rel=\"canonical\" href=\"https:\/\/acuariosupremus.com\/?product=esfera-ejercitadora-med-para-hamster\" \/>\n<meta property=\"og:locale\" content=\"es_MX\" \/>\n<meta property=\"og:type\" content=\"article\" \/>\n<meta property=\"og:title\" content=\"ESFERA EJERCITADORA MED PARA HAMSTER. | Acuario Supremus\" \/>\n<meta property=\"og:description\" content=\"Esfera ejercitadora Mediana satisface la necesidad de ejercicio, entretenimiento y liberaci\u00f3n de estr\u00e9s, color transparente.\" \/>\n<meta property=\"og:url\" content=\"https:\/\/acuariosupremus.com\/?product=esfera-ejercitadora-med-para-hamster\" \/>\n<meta property=\"og:site_name\" content=\"Acuario Supremus\" \/>\n<meta property=\"article:publisher\" content=\"https:\/\/www.facebook.com\/AcuarioSupremus\" \/>\n<meta property=\"article:modified_time\" content=\"2026-01-09T19:54:30+00:00\" \/>\n<meta property=\"og:image\" content=\"https:\/\/acuariosupremus.com\/wp-content\/uploads\/2022\/02\/FL9262.jpg\" \/>\n\t<meta property=\"og:image:width\" content=\"1000\" \/>\n\t<meta property=\"og:image:height\" content=\"1000\" \/>\n\t<meta property=\"og:image:type\" content=\"image\/jpeg\" \/>\n<meta name=\"twitter:card\" content=\"summary_large_image\" \/>\n<meta name=\"twitter:site\" content=\"@AcuarioSupremus\" \/>\n<meta name=\"twitter:label1\" content=\"Tiempo de lectura\" \/>\n\t<meta name=\"twitter:data1\" content=\"2 minutos\" \/>\n<script type=\"application\/ld+json\" class=\"yoast-schema-graph\">{\"@context\":\"https:\\\/\\\/schema.org\",\"@graph\":[{\"@type\":\"WebPage\",\"@id\":\"https:\\\/\\\/acuariosupremus.com\\\/?product=esfera-ejercitadora-med-para-hamster\",\"url\":\"https:\\\/\\\/acuariosupremus.com\\\/?product=esfera-ejercitadora-med-para-hamster\",\"name\":\"ESFERA EJERCITADORA MED PARA HAMSTER. | Acuario Supremus\",\"isPartOf\":{\"@id\":\"https:\\\/\\\/acuariosupremus.com\\\/#website\"},\"primaryImageOfPage\":{\"@id\":\"https:\\\/\\\/acuariosupremus.com\\\/?product=esfera-ejercitadora-med-para-hamster#primaryimage\"},\"image\":{\"@id\":\"https:\\\/\\\/acuariosupremus.com\\\/?product=esfera-ejercitadora-med-para-hamster#primaryimage\"},\"thumbnailUrl\":\"https:\\\/\\\/acuariosupremus.com\\\/wp-content\\\/uploads\\\/2022\\\/02\\\/FL9262.jpg\",\"datePublished\":\"2022-02-15T22:46:47+00:00\",\"dateModified\":\"2026-01-09T19:54:30+00:00\",\"description\":\"Esfera ejercitadora Mediana satisface la necesidad de ejercicio, entretenimiento y liberaci\u00f3n de estr\u00e9s, color transparente.\",\"breadcrumb\":{\"@id\":\"https:\\\/\\\/acuariosupremus.com\\\/?product=esfera-ejercitadora-med-para-hamster#breadcrumb\"},\"inLanguage\":\"es\",\"potentialAction\":[{\"@type\":\"ReadAction\",\"target\":[\"https:\\\/\\\/acuariosupremus.com\\\/?product=esfera-ejercitadora-med-para-hamster\"]}]},{\"@type\":\"ImageObject\",\"inLanguage\":\"es\",\"@id\":\"https:\\\/\\\/acuariosupremus.com\\\/?product=esfera-ejercitadora-med-para-hamster#primaryimage\",\"url\":\"https:\\\/\\\/acuariosupremus.com\\\/wp-content\\\/uploads\\\/2022\\\/02\\\/FL9262.jpg\",\"contentUrl\":\"https:\\\/\\\/acuariosupremus.com\\\/wp-content\\\/uploads\\\/2022\\\/02\\\/FL9262.jpg\",\"width\":1000,\"height\":1000},{\"@type\":\"BreadcrumbList\",\"@id\":\"https:\\\/\\\/acuariosupremus.com\\\/?product=esfera-ejercitadora-med-para-hamster#breadcrumb\",\"itemListElement\":[{\"@type\":\"ListItem\",\"position\":1,\"name\":\"Portada\",\"item\":\"https:\\\/\\\/acuariosupremus.com\\\/\"},{\"@type\":\"ListItem\",\"position\":2,\"name\":\"Tienda\",\"item\":\"https:\\\/\\\/acuariosupremus.com\\\/tienda\\\/\"},{\"@type\":\"ListItem\",\"position\":3,\"name\":\"ESFERA EJERCITADORA MED PARA HAMSTER.\"}]},{\"@type\":\"WebSite\",\"@id\":\"https:\\\/\\\/acuariosupremus.com\\\/#website\",\"url\":\"https:\\\/\\\/acuariosupremus.com\\\/\",\"name\":\"Acuario Supremus\",\"description\":\"Peces, Peceras y Mascotas.\",\"publisher\":{\"@id\":\"https:\\\/\\\/acuariosupremus.com\\\/#organization\"},\"potentialAction\":[{\"@type\":\"SearchAction\",\"target\":{\"@type\":\"EntryPoint\",\"urlTemplate\":\"https:\\\/\\\/acuariosupremus.com\\\/?s={search_term_string}\"},\"query-input\":{\"@type\":\"PropertyValueSpecification\",\"valueRequired\":true,\"valueName\":\"search_term_string\"}}],\"inLanguage\":\"es\"},{\"@type\":\"Organization\",\"@id\":\"https:\\\/\\\/acuariosupremus.com\\\/#organization\",\"name\":\"Acuario Supremus\",\"url\":\"https:\\\/\\\/acuariosupremus.com\\\/\",\"logo\":{\"@type\":\"ImageObject\",\"inLanguage\":\"es\",\"@id\":\"https:\\\/\\\/acuariosupremus.com\\\/#\\\/schema\\\/logo\\\/image\\\/\",\"url\":\"https:\\\/\\\/acuariosupremus.com\\\/wp-content\\\/uploads\\\/2021\\\/12\\\/cropped-logo_acuario_supremus_fn-2.png\",\"contentUrl\":\"https:\\\/\\\/acuariosupremus.com\\\/wp-content\\\/uploads\\\/2021\\\/12\\\/cropped-logo_acuario_supremus_fn-2.png\",\"width\":1000,\"height\":318,\"caption\":\"Acuario Supremus\"},\"image\":{\"@id\":\"https:\\\/\\\/acuariosupremus.com\\\/#\\\/schema\\\/logo\\\/image\\\/\"},\"sameAs\":[\"https:\\\/\\\/www.facebook.com\\\/AcuarioSupremus\",\"https:\\\/\\\/x.com\\\/AcuarioSupremus\",\"https:\\\/\\\/www.instagram.com\\\/acuariosupremus\\\/?hl=es\"]}]}<\/script>\n<!-- \/ Yoast SEO plugin. -->","yoast_head_json":{"title":"ESFERA EJERCITADORA MED PARA HAMSTER. | Acuario Supremus","description":"Esfera ejercitadora Mediana satisface la necesidad de ejercicio, entretenimiento y liberaci\u00f3n de estr\u00e9s, color transparente.","robots":{"index":"index","follow":"follow","max-snippet":"max-snippet:-1","max-image-preview":"max-image-preview:large","max-video-preview":"max-video-preview:-1"},"canonical":"https:\/\/acuariosupremus.com\/?product=esfera-ejercitadora-med-para-hamster","og_locale":"es_MX","og_type":"article","og_title":"ESFERA EJERCITADORA MED PARA HAMSTER. | Acuario Supremus","og_description":"Esfera ejercitadora Mediana satisface la necesidad de ejercicio, entretenimiento y liberaci\u00f3n de estr\u00e9s, color transparente.","og_url":"https:\/\/acuariosupremus.com\/?product=esfera-ejercitadora-med-para-hamster","og_site_name":"Acuario Supremus","article_publisher":"https:\/\/www.facebook.com\/AcuarioSupremus","article_modified_time":"2026-01-09T19:54:30+00:00","og_image":[{"width":1000,"height":1000,"url":"https:\/\/acuariosupremus.com\/wp-content\/uploads\/2022\/02\/FL9262.jpg","type":"image\/jpeg"}],"twitter_card":"summary_large_image","twitter_site":"@AcuarioSupremus","twitter_misc":{"Tiempo de lectura":"2 minutos"},"schema":{"@context":"https:\/\/schema.org","@graph":[{"@type":"WebPage","@id":"https:\/\/acuariosupremus.com\/?product=esfera-ejercitadora-med-para-hamster","url":"https:\/\/acuariosupremus.com\/?product=esfera-ejercitadora-med-para-hamster","name":"ESFERA EJERCITADORA MED PARA HAMSTER. | Acuario Supremus","isPartOf":{"@id":"https:\/\/acuariosupremus.com\/#website"},"primaryImageOfPage":{"@id":"https:\/\/acuariosupremus.com\/?product=esfera-ejercitadora-med-para-hamster#primaryimage"},"image":{"@id":"https:\/\/acuariosupremus.com\/?product=esfera-ejercitadora-med-para-hamster#primaryimage"},"thumbnailUrl":"https:\/\/acuariosupremus.com\/wp-content\/uploads\/2022\/02\/FL9262.jpg","datePublished":"2022-02-15T22:46:47+00:00","dateModified":"2026-01-09T19:54:30+00:00","description":"Esfera ejercitadora Mediana satisface la necesidad de ejercicio, entretenimiento y liberaci\u00f3n de estr\u00e9s, color transparente.","breadcrumb":{"@id":"https:\/\/acuariosupremus.com\/?product=esfera-ejercitadora-med-para-hamster#breadcrumb"},"inLanguage":"es","potentialAction":[{"@type":"ReadAction","target":["https:\/\/acuariosupremus.com\/?product=esfera-ejercitadora-med-para-hamster"]}]},{"@type":"ImageObject","inLanguage":"es","@id":"https:\/\/acuariosupremus.com\/?product=esfera-ejercitadora-med-para-hamster#primaryimage","url":"https:\/\/acuariosupremus.com\/wp-content\/uploads\/2022\/02\/FL9262.jpg","contentUrl":"https:\/\/acuariosupremus.com\/wp-content\/uploads\/2022\/02\/FL9262.jpg","width":1000,"height":1000},{"@type":"BreadcrumbList","@id":"https:\/\/acuariosupremus.com\/?product=esfera-ejercitadora-med-para-hamster#breadcrumb","itemListElement":[{"@type":"ListItem","position":1,"name":"Portada","item":"https:\/\/acuariosupremus.com\/"},{"@type":"ListItem","position":2,"name":"Tienda","item":"https:\/\/acuariosupremus.com\/tienda\/"},{"@type":"ListItem","position":3,"name":"ESFERA EJERCITADORA MED PARA HAMSTER."}]},{"@type":"WebSite","@id":"https:\/\/acuariosupremus.com\/#website","url":"https:\/\/acuariosupremus.com\/","name":"Acuario Supremus","description":"Peces, Peceras y Mascotas.","publisher":{"@id":"https:\/\/acuariosupremus.com\/#organization"},"potentialAction":[{"@type":"SearchAction","target":{"@type":"EntryPoint","urlTemplate":"https:\/\/acuariosupremus.com\/?s={search_term_string}"},"query-input":{"@type":"PropertyValueSpecification","valueRequired":true,"valueName":"search_term_string"}}],"inLanguage":"es"},{"@type":"Organization","@id":"https:\/\/acuariosupremus.com\/#organization","name":"Acuario Supremus","url":"https:\/\/acuariosupremus.com\/","logo":{"@type":"ImageObject","inLanguage":"es","@id":"https:\/\/acuariosupremus.com\/#\/schema\/logo\/image\/","url":"https:\/\/acuariosupremus.com\/wp-content\/uploads\/2021\/12\/cropped-logo_acuario_supremus_fn-2.png","contentUrl":"https:\/\/acuariosupremus.com\/wp-content\/uploads\/2021\/12\/cropped-logo_acuario_supremus_fn-2.png","width":1000,"height":318,"caption":"Acuario Supremus"},"image":{"@id":"https:\/\/acuariosupremus.com\/#\/schema\/logo\/image\/"},"sameAs":["https:\/\/www.facebook.com\/AcuarioSupremus","https:\/\/x.com\/AcuarioSupremus","https:\/\/www.instagram.com\/acuariosupremus\/?hl=es"]}]}},"jetpack_sharing_enabled":true,"_links":{"self":[{"href":"https:\/\/acuariosupremus.com\/index.php?rest_route=\/wp\/v2\/product\/2992","targetHints":{"allow":["GET"]}}],"collection":[{"href":"https:\/\/acuariosupremus.com\/index.php?rest_route=\/wp\/v2\/product"}],"about":[{"href":"https:\/\/acuariosupremus.com\/index.php?rest_route=\/wp\/v2\/types\/product"}],"wp:featuredmedia":[{"embeddable":true,"href":"https:\/\/acuariosupremus.com\/index.php?rest_route=\/wp\/v2\/media\/2993"}],"wp:attachment":[{"href":"https:\/\/acuariosupremus.com\/index.php?rest_route=%2Fwp%2Fv2%2Fmedia&parent=2992"}],"wp:term":[{"taxonomy":"product_brand","embeddable":true,"href":"https:\/\/acuariosupremus.com\/index.php?rest_route=%2Fwp%2Fv2%2Fproduct_brand&post=2992"},{"taxonomy":"product_cat","embeddable":true,"href":"https:\/\/acuariosupremus.com\/index.php?rest_route=%2Fwp%2Fv2%2Fproduct_cat&post=2992"},{"taxonomy":"product_tag","embeddable":true,"href":"https:\/\/acuariosupremus.com\/index.php?rest_route=%2Fwp%2Fv2%2Fproduct_tag&post=2992"}],"curies":[{"name":"wp","href":"https:\/\/api.w.org\/{rel}","templated":true}]}}