{"id":3003,"date":"2022-02-15T18:51:00","date_gmt":"2022-02-16T00:51:00","guid":{"rendered":"https:\/\/acuariosupremus.com\/?post_type=product&#038;p=3003"},"modified":"2026-01-09T14:02:23","modified_gmt":"2026-01-09T20:02:23","slug":"alimento-premium-para-conejo-1-kg","status":"publish","type":"product","link":"https:\/\/acuariosupremus.com\/?product=alimento-premium-para-conejo-1-kg","title":{"rendered":"ALIMENTO PREMIUM PARA CONEJO 1 KG."},"content":{"rendered":"<p>Instrucciones:<br \/>\nOral. Proporcione al conejo el alimento a libre acceso. Dependiendo del tama\u00f1o de su mascota, variar\u00e1 la cantidad de<br \/>\nconsumo. Complemente la dieta del conejo con porciones peque\u00f1as de vegetales frescos (pepino, zanahoria, lechuga, entre<br \/>\notros).<br \/>\nRecomendaciones:<br \/>\nAdvertencias: Conserve un lugar fresco y seco. Si observa alg\u00fan cambio en el aroma, color o textura del alimento, ret\u00edrelo del<br \/>\nh\u00e1bitat y proporcione una nueva raci\u00f3n. No lo ofrezca despu\u00e9s de la fecha de caducidad. Proporcione agua en abundancia al<br \/>\nconejo en todo momento. Monitoree peri\u00f3dicamente el peso de su conejo.<br \/>\nIngredientes:<br \/>\nGranos y subproductos de cereales, pastas y subproductos de oleaginosas, alfalfa deshidratada, aceite vegetal, melaza de<br \/>\ncan~a, carbonato de calcio, ortofosfato de calcio, cloruro de sodio, aluminosilicatos como secuestrante de micotoxinas,<br \/>\nminerales traza (manganeso, cobre, zinc, cobalto, hierro, yodo, cromo) vitaminas A, D, E, K estabilizadas, vitaminas del<br \/>\ncomplejo B (tiamina, riboflavina, niacina, \u00e1cido pantot\u00e9nico, piridoxina, \u00e1cido f\u00f3lico, biotina, cianocobalamina) cloruro de colina, amino\u00e1cidos (lisina, metionina, treonina), butirato de sodio, levaduras deshidratadas Saccharomyces cerevisiae boulardii (6&#215;109 UFC\/kg), extracto de Yucca schidigera, saborizante herbal, Diclazuril 1g\/ton.<br \/>\nContenido:<br \/>\n<strong>1 KG<\/strong><\/p>\n","protected":false},"excerpt":{"rendered":"<p>Alimento para conejo 1 kg. El alimento para conejo de RedKite\u00ae est\u00e1 formulado y balanceado con nutrientes, vitaminas y minerales para el sano y completo crecimiento del conejo. Contiene harina de alfalfa y ma\u00edz como fuentes de carbohidratos que ayudan a mantener un nivel alto de energ\u00eda.<br \/>\nAn\u00e1lisis garantizado: Prote\u00edna M\u00edn. 16% Grasa M\u00edn. 2% Fibra cruda M\u00e1x. 14% Humedad M\u00e1x. 12% Cenizas M\u00e1x. 11%<br \/>\nELN M\u00e1x. 43%<\/p>\n","protected":false},"featured_media":3004,"template":"","meta":[],"product_brand":[104],"product_cat":[67,71],"product_tag":[282],"class_list":{"0":"post-3003","1":"product","2":"type-product","3":"status-publish","4":"has-post-thumbnail","6":"product_brand-redkite","7":"product_cat-pequenos-mamiferos","8":"product_cat-nutricion-pequenos-mamiferos","9":"product_tag-alimento-roedores","11":"first","12":"instock","13":"sale","14":"shipping-taxable","15":"purchasable","16":"product-type-simple"},"yoast_head":"<!-- This site is optimized with the Yoast SEO plugin v27.4 - https:\/\/yoast.com\/product\/yoast-seo-wordpress\/ -->\n<title>ALIMENTO PREMIUM PARA CONEJO 1 KG. | Acuario Supremus<\/title>\n<meta name=\"description\" content=\"El alimento para conejo de 1 kilo, est\u00e1 formulado y balanceado con nutrientes, vitaminas y minerales para el sano y completo crecimiento del conejo.\" \/>\n<meta name=\"robots\" content=\"index, follow, max-snippet:-1, max-image-preview:large, max-video-preview:-1\" \/>\n<link rel=\"canonical\" href=\"https:\/\/acuariosupremus.com\/?product=alimento-premium-para-conejo-1-kg\" \/>\n<meta property=\"og:locale\" content=\"es_MX\" \/>\n<meta property=\"og:type\" content=\"article\" \/>\n<meta property=\"og:title\" content=\"ALIMENTO PREMIUM PARA CONEJO 1 KG. | Acuario Supremus\" \/>\n<meta property=\"og:description\" content=\"El alimento para conejo de 1 kilo, est\u00e1 formulado y balanceado con nutrientes, vitaminas y minerales para el sano y completo crecimiento del conejo.\" \/>\n<meta property=\"og:url\" content=\"https:\/\/acuariosupremus.com\/?product=alimento-premium-para-conejo-1-kg\" \/>\n<meta property=\"og:site_name\" content=\"Acuario Supremus\" \/>\n<meta property=\"article:publisher\" content=\"https:\/\/www.facebook.com\/AcuarioSupremus\" \/>\n<meta property=\"article:modified_time\" content=\"2026-01-09T20:02:23+00:00\" \/>\n<meta property=\"og:image\" content=\"https:\/\/acuariosupremus.com\/wp-content\/uploads\/2022\/02\/FL4008.jpg\" \/>\n\t<meta property=\"og:image:width\" content=\"1000\" \/>\n\t<meta property=\"og:image:height\" content=\"1000\" \/>\n\t<meta property=\"og:image:type\" content=\"image\/jpeg\" \/>\n<meta name=\"twitter:card\" content=\"summary_large_image\" \/>\n<meta name=\"twitter:site\" content=\"@AcuarioSupremus\" \/>\n<meta name=\"twitter:label1\" content=\"Tiempo de lectura\" \/>\n\t<meta name=\"twitter:data1\" content=\"1 minuto\" \/>\n<script type=\"application\/ld+json\" class=\"yoast-schema-graph\">{\"@context\":\"https:\\\/\\\/schema.org\",\"@graph\":[{\"@type\":\"WebPage\",\"@id\":\"https:\\\/\\\/acuariosupremus.com\\\/?product=alimento-premium-para-conejo-1-kg\",\"url\":\"https:\\\/\\\/acuariosupremus.com\\\/?product=alimento-premium-para-conejo-1-kg\",\"name\":\"ALIMENTO PREMIUM PARA CONEJO 1 KG. | Acuario Supremus\",\"isPartOf\":{\"@id\":\"https:\\\/\\\/acuariosupremus.com\\\/#website\"},\"primaryImageOfPage\":{\"@id\":\"https:\\\/\\\/acuariosupremus.com\\\/?product=alimento-premium-para-conejo-1-kg#primaryimage\"},\"image\":{\"@id\":\"https:\\\/\\\/acuariosupremus.com\\\/?product=alimento-premium-para-conejo-1-kg#primaryimage\"},\"thumbnailUrl\":\"https:\\\/\\\/acuariosupremus.com\\\/wp-content\\\/uploads\\\/2022\\\/02\\\/FL4008.jpg\",\"datePublished\":\"2022-02-16T00:51:00+00:00\",\"dateModified\":\"2026-01-09T20:02:23+00:00\",\"description\":\"El alimento para conejo de 1 kilo, est\u00e1 formulado y balanceado con nutrientes, vitaminas y minerales para el sano y completo crecimiento del conejo.\",\"breadcrumb\":{\"@id\":\"https:\\\/\\\/acuariosupremus.com\\\/?product=alimento-premium-para-conejo-1-kg#breadcrumb\"},\"inLanguage\":\"es\",\"potentialAction\":[{\"@type\":\"ReadAction\",\"target\":[\"https:\\\/\\\/acuariosupremus.com\\\/?product=alimento-premium-para-conejo-1-kg\"]}]},{\"@type\":\"ImageObject\",\"inLanguage\":\"es\",\"@id\":\"https:\\\/\\\/acuariosupremus.com\\\/?product=alimento-premium-para-conejo-1-kg#primaryimage\",\"url\":\"https:\\\/\\\/acuariosupremus.com\\\/wp-content\\\/uploads\\\/2022\\\/02\\\/FL4008.jpg\",\"contentUrl\":\"https:\\\/\\\/acuariosupremus.com\\\/wp-content\\\/uploads\\\/2022\\\/02\\\/FL4008.jpg\",\"width\":1000,\"height\":1000},{\"@type\":\"BreadcrumbList\",\"@id\":\"https:\\\/\\\/acuariosupremus.com\\\/?product=alimento-premium-para-conejo-1-kg#breadcrumb\",\"itemListElement\":[{\"@type\":\"ListItem\",\"position\":1,\"name\":\"Portada\",\"item\":\"https:\\\/\\\/acuariosupremus.com\\\/\"},{\"@type\":\"ListItem\",\"position\":2,\"name\":\"Tienda\",\"item\":\"https:\\\/\\\/acuariosupremus.com\\\/tienda\\\/\"},{\"@type\":\"ListItem\",\"position\":3,\"name\":\"ALIMENTO PREMIUM PARA CONEJO 1 KG.\"}]},{\"@type\":\"WebSite\",\"@id\":\"https:\\\/\\\/acuariosupremus.com\\\/#website\",\"url\":\"https:\\\/\\\/acuariosupremus.com\\\/\",\"name\":\"Acuario Supremus\",\"description\":\"Peces, Peceras y Mascotas.\",\"publisher\":{\"@id\":\"https:\\\/\\\/acuariosupremus.com\\\/#organization\"},\"potentialAction\":[{\"@type\":\"SearchAction\",\"target\":{\"@type\":\"EntryPoint\",\"urlTemplate\":\"https:\\\/\\\/acuariosupremus.com\\\/?s={search_term_string}\"},\"query-input\":{\"@type\":\"PropertyValueSpecification\",\"valueRequired\":true,\"valueName\":\"search_term_string\"}}],\"inLanguage\":\"es\"},{\"@type\":\"Organization\",\"@id\":\"https:\\\/\\\/acuariosupremus.com\\\/#organization\",\"name\":\"Acuario Supremus\",\"url\":\"https:\\\/\\\/acuariosupremus.com\\\/\",\"logo\":{\"@type\":\"ImageObject\",\"inLanguage\":\"es\",\"@id\":\"https:\\\/\\\/acuariosupremus.com\\\/#\\\/schema\\\/logo\\\/image\\\/\",\"url\":\"https:\\\/\\\/acuariosupremus.com\\\/wp-content\\\/uploads\\\/2021\\\/12\\\/cropped-logo_acuario_supremus_fn-2.png\",\"contentUrl\":\"https:\\\/\\\/acuariosupremus.com\\\/wp-content\\\/uploads\\\/2021\\\/12\\\/cropped-logo_acuario_supremus_fn-2.png\",\"width\":1000,\"height\":318,\"caption\":\"Acuario Supremus\"},\"image\":{\"@id\":\"https:\\\/\\\/acuariosupremus.com\\\/#\\\/schema\\\/logo\\\/image\\\/\"},\"sameAs\":[\"https:\\\/\\\/www.facebook.com\\\/AcuarioSupremus\",\"https:\\\/\\\/x.com\\\/AcuarioSupremus\",\"https:\\\/\\\/www.instagram.com\\\/acuariosupremus\\\/?hl=es\"]}]}<\/script>\n<!-- \/ Yoast SEO plugin. -->","yoast_head_json":{"title":"ALIMENTO PREMIUM PARA CONEJO 1 KG. | Acuario Supremus","description":"El alimento para conejo de 1 kilo, est\u00e1 formulado y balanceado con nutrientes, vitaminas y minerales para el sano y completo crecimiento del conejo.","robots":{"index":"index","follow":"follow","max-snippet":"max-snippet:-1","max-image-preview":"max-image-preview:large","max-video-preview":"max-video-preview:-1"},"canonical":"https:\/\/acuariosupremus.com\/?product=alimento-premium-para-conejo-1-kg","og_locale":"es_MX","og_type":"article","og_title":"ALIMENTO PREMIUM PARA CONEJO 1 KG. | Acuario Supremus","og_description":"El alimento para conejo de 1 kilo, est\u00e1 formulado y balanceado con nutrientes, vitaminas y minerales para el sano y completo crecimiento del conejo.","og_url":"https:\/\/acuariosupremus.com\/?product=alimento-premium-para-conejo-1-kg","og_site_name":"Acuario Supremus","article_publisher":"https:\/\/www.facebook.com\/AcuarioSupremus","article_modified_time":"2026-01-09T20:02:23+00:00","og_image":[{"width":1000,"height":1000,"url":"https:\/\/acuariosupremus.com\/wp-content\/uploads\/2022\/02\/FL4008.jpg","type":"image\/jpeg"}],"twitter_card":"summary_large_image","twitter_site":"@AcuarioSupremus","twitter_misc":{"Tiempo de lectura":"1 minuto"},"schema":{"@context":"https:\/\/schema.org","@graph":[{"@type":"WebPage","@id":"https:\/\/acuariosupremus.com\/?product=alimento-premium-para-conejo-1-kg","url":"https:\/\/acuariosupremus.com\/?product=alimento-premium-para-conejo-1-kg","name":"ALIMENTO PREMIUM PARA CONEJO 1 KG. | Acuario Supremus","isPartOf":{"@id":"https:\/\/acuariosupremus.com\/#website"},"primaryImageOfPage":{"@id":"https:\/\/acuariosupremus.com\/?product=alimento-premium-para-conejo-1-kg#primaryimage"},"image":{"@id":"https:\/\/acuariosupremus.com\/?product=alimento-premium-para-conejo-1-kg#primaryimage"},"thumbnailUrl":"https:\/\/acuariosupremus.com\/wp-content\/uploads\/2022\/02\/FL4008.jpg","datePublished":"2022-02-16T00:51:00+00:00","dateModified":"2026-01-09T20:02:23+00:00","description":"El alimento para conejo de 1 kilo, est\u00e1 formulado y balanceado con nutrientes, vitaminas y minerales para el sano y completo crecimiento del conejo.","breadcrumb":{"@id":"https:\/\/acuariosupremus.com\/?product=alimento-premium-para-conejo-1-kg#breadcrumb"},"inLanguage":"es","potentialAction":[{"@type":"ReadAction","target":["https:\/\/acuariosupremus.com\/?product=alimento-premium-para-conejo-1-kg"]}]},{"@type":"ImageObject","inLanguage":"es","@id":"https:\/\/acuariosupremus.com\/?product=alimento-premium-para-conejo-1-kg#primaryimage","url":"https:\/\/acuariosupremus.com\/wp-content\/uploads\/2022\/02\/FL4008.jpg","contentUrl":"https:\/\/acuariosupremus.com\/wp-content\/uploads\/2022\/02\/FL4008.jpg","width":1000,"height":1000},{"@type":"BreadcrumbList","@id":"https:\/\/acuariosupremus.com\/?product=alimento-premium-para-conejo-1-kg#breadcrumb","itemListElement":[{"@type":"ListItem","position":1,"name":"Portada","item":"https:\/\/acuariosupremus.com\/"},{"@type":"ListItem","position":2,"name":"Tienda","item":"https:\/\/acuariosupremus.com\/tienda\/"},{"@type":"ListItem","position":3,"name":"ALIMENTO PREMIUM PARA CONEJO 1 KG."}]},{"@type":"WebSite","@id":"https:\/\/acuariosupremus.com\/#website","url":"https:\/\/acuariosupremus.com\/","name":"Acuario Supremus","description":"Peces, Peceras y Mascotas.","publisher":{"@id":"https:\/\/acuariosupremus.com\/#organization"},"potentialAction":[{"@type":"SearchAction","target":{"@type":"EntryPoint","urlTemplate":"https:\/\/acuariosupremus.com\/?s={search_term_string}"},"query-input":{"@type":"PropertyValueSpecification","valueRequired":true,"valueName":"search_term_string"}}],"inLanguage":"es"},{"@type":"Organization","@id":"https:\/\/acuariosupremus.com\/#organization","name":"Acuario Supremus","url":"https:\/\/acuariosupremus.com\/","logo":{"@type":"ImageObject","inLanguage":"es","@id":"https:\/\/acuariosupremus.com\/#\/schema\/logo\/image\/","url":"https:\/\/acuariosupremus.com\/wp-content\/uploads\/2021\/12\/cropped-logo_acuario_supremus_fn-2.png","contentUrl":"https:\/\/acuariosupremus.com\/wp-content\/uploads\/2021\/12\/cropped-logo_acuario_supremus_fn-2.png","width":1000,"height":318,"caption":"Acuario Supremus"},"image":{"@id":"https:\/\/acuariosupremus.com\/#\/schema\/logo\/image\/"},"sameAs":["https:\/\/www.facebook.com\/AcuarioSupremus","https:\/\/x.com\/AcuarioSupremus","https:\/\/www.instagram.com\/acuariosupremus\/?hl=es"]}]}},"jetpack_sharing_enabled":true,"_links":{"self":[{"href":"https:\/\/acuariosupremus.com\/index.php?rest_route=\/wp\/v2\/product\/3003","targetHints":{"allow":["GET"]}}],"collection":[{"href":"https:\/\/acuariosupremus.com\/index.php?rest_route=\/wp\/v2\/product"}],"about":[{"href":"https:\/\/acuariosupremus.com\/index.php?rest_route=\/wp\/v2\/types\/product"}],"wp:featuredmedia":[{"embeddable":true,"href":"https:\/\/acuariosupremus.com\/index.php?rest_route=\/wp\/v2\/media\/3004"}],"wp:attachment":[{"href":"https:\/\/acuariosupremus.com\/index.php?rest_route=%2Fwp%2Fv2%2Fmedia&parent=3003"}],"wp:term":[{"taxonomy":"product_brand","embeddable":true,"href":"https:\/\/acuariosupremus.com\/index.php?rest_route=%2Fwp%2Fv2%2Fproduct_brand&post=3003"},{"taxonomy":"product_cat","embeddable":true,"href":"https:\/\/acuariosupremus.com\/index.php?rest_route=%2Fwp%2Fv2%2Fproduct_cat&post=3003"},{"taxonomy":"product_tag","embeddable":true,"href":"https:\/\/acuariosupremus.com\/index.php?rest_route=%2Fwp%2Fv2%2Fproduct_tag&post=3003"}],"curies":[{"name":"wp","href":"https:\/\/api.w.org\/{rel}","templated":true}]}}