{"id":3009,"date":"2022-02-15T19:00:59","date_gmt":"2022-02-16T01:00:59","guid":{"rendered":"https:\/\/acuariosupremus.com\/?post_type=product&#038;p=3009"},"modified":"2026-01-09T14:03:45","modified_gmt":"2026-01-09T20:03:45","slug":"alimento-para-cuyo-850-grs","status":"publish","type":"product","link":"https:\/\/acuariosupremus.com\/?product=alimento-para-cuyo-850-grs","title":{"rendered":"ALIMENTO PARA CUYO 850 GRS."},"content":{"rendered":"<p>An\u00e1lisis garantizado: Prote\u00edna cruda (m\u00edn): 18%; grasa cruda (m\u00edn): 4%; fibra cruda (m\u00e1x): 14%; cenizas (m\u00e1x): 10%;<br \/>\nhumedad (m\u00e1x): 10%.<\/p>\n<p>Recomendaciones:<br \/>\nPara gazapos (cr\u00edas) y cuyos juveniles deben ser alimentados a libre acceso. Cuyos adultos deben ser alimentados con una<br \/>\nraci\u00f3n de 25 a 45g diarios (45g equivalen a 1\/4 de taza). Ofr\u00e9zcales diariamente una raci\u00f3n fresca en un recipiente limpio. *No es necesario suplementar con vitamina C, sin embargo el almacenaje prolongado puede llegar a reducir la vida de esta vitamina; por lo tanto se recomienda ofrecer una fuente natural de vitamina C como son los pimientos verdes y rojos, las naranjas y otros c\u00edtricos en peque\u00f1as cantidades. Deje agua potable disponible a su cuyo todo el tiempo<br \/>\nIngredientes:<br \/>\nIngredientes: Harina de alfalfa, avena entera molida, trigo entero molido, harina de soya, salvado de trigo, vitamina A, vitamina D3, vitamina E, vitamina K3, vitamina B1, vitamina B2, vitamina B6, vitamina B12, vitamina C, nicotinamida, \u00e1cido pantot\u00e9nico, \u00e1cido f\u00f3lico, biotina, cloruro de colina, cobre, hierro, manganeso, yodo, zinc, selenio, f\u00f3sforo, carbonato de calcio, azufre, potasio, magnesio, L-lisina, DL metionina, aceite de canola y cloruro de sodio.<br \/>\nContenido:<br \/>\n<strong>850 gramos.<\/strong><\/p>\n","protected":false},"excerpt":{"rendered":"<p>&#8211; Pellets balanceados para cuyos, con ingredientes seleccionados.<br \/>\n&#8211; Alimento 100% natural para mantener a su cuyo saludable.<br \/>\n&#8211; Fortalece al sistema inmune.<br \/>\n&#8211; *Evita la deficiencia de vitamina C.<br \/>\n&#8211; Fortificado con vitaminas y minerales.<br \/>\n&#8211; Bolsa resellable que mantiene fresco el alimento y con todas sus propiedades.<\/p>\n","protected":false},"featured_media":3010,"template":"","meta":[],"product_brand":[104],"product_cat":[67,71],"product_tag":[282],"class_list":{"0":"post-3009","1":"product","2":"type-product","3":"status-publish","4":"has-post-thumbnail","6":"product_brand-redkite","7":"product_cat-pequenos-mamiferos","8":"product_cat-nutricion-pequenos-mamiferos","9":"product_tag-alimento-roedores","11":"first","12":"instock","13":"sale","14":"shipping-taxable","15":"purchasable","16":"product-type-simple"},"yoast_head":"<!-- This site is optimized with the Yoast SEO plugin v27.4 - https:\/\/yoast.com\/product\/yoast-seo-wordpress\/ -->\n<title>ALIMENTO PARA CUYO 850 GRS. | Acuario Supremus<\/title>\n<meta name=\"description\" content=\"Pellets balanceados para cuyos, con ingredientes seleccionados, Alimento 100% natural para mantener a su cuyo saludable, Fortalece al sistema inmune.\" \/>\n<meta name=\"robots\" content=\"index, follow, max-snippet:-1, max-image-preview:large, max-video-preview:-1\" \/>\n<link rel=\"canonical\" href=\"https:\/\/acuariosupremus.com\/?product=alimento-para-cuyo-850-grs\" \/>\n<meta property=\"og:locale\" content=\"es_MX\" \/>\n<meta property=\"og:type\" content=\"article\" \/>\n<meta property=\"og:title\" content=\"ALIMENTO PARA CUYO 850 GRS. | Acuario Supremus\" \/>\n<meta property=\"og:description\" content=\"Pellets balanceados para cuyos, con ingredientes seleccionados, Alimento 100% natural para mantener a su cuyo saludable, Fortalece al sistema inmune.\" \/>\n<meta property=\"og:url\" content=\"https:\/\/acuariosupremus.com\/?product=alimento-para-cuyo-850-grs\" \/>\n<meta property=\"og:site_name\" content=\"Acuario Supremus\" \/>\n<meta property=\"article:publisher\" content=\"https:\/\/www.facebook.com\/AcuarioSupremus\" \/>\n<meta property=\"article:modified_time\" content=\"2026-01-09T20:03:45+00:00\" \/>\n<meta property=\"og:image\" content=\"https:\/\/acuariosupremus.com\/wp-content\/uploads\/2022\/02\/FL4010.jpg\" \/>\n\t<meta property=\"og:image:width\" content=\"1000\" \/>\n\t<meta property=\"og:image:height\" content=\"1000\" \/>\n\t<meta property=\"og:image:type\" content=\"image\/jpeg\" \/>\n<meta name=\"twitter:card\" content=\"summary_large_image\" \/>\n<meta name=\"twitter:site\" content=\"@AcuarioSupremus\" \/>\n<meta name=\"twitter:label1\" content=\"Tiempo de lectura\" \/>\n\t<meta name=\"twitter:data1\" content=\"1 minuto\" \/>\n<script type=\"application\/ld+json\" class=\"yoast-schema-graph\">{\"@context\":\"https:\\\/\\\/schema.org\",\"@graph\":[{\"@type\":\"WebPage\",\"@id\":\"https:\\\/\\\/acuariosupremus.com\\\/?product=alimento-para-cuyo-850-grs\",\"url\":\"https:\\\/\\\/acuariosupremus.com\\\/?product=alimento-para-cuyo-850-grs\",\"name\":\"ALIMENTO PARA CUYO 850 GRS. | Acuario Supremus\",\"isPartOf\":{\"@id\":\"https:\\\/\\\/acuariosupremus.com\\\/#website\"},\"primaryImageOfPage\":{\"@id\":\"https:\\\/\\\/acuariosupremus.com\\\/?product=alimento-para-cuyo-850-grs#primaryimage\"},\"image\":{\"@id\":\"https:\\\/\\\/acuariosupremus.com\\\/?product=alimento-para-cuyo-850-grs#primaryimage\"},\"thumbnailUrl\":\"https:\\\/\\\/acuariosupremus.com\\\/wp-content\\\/uploads\\\/2022\\\/02\\\/FL4010.jpg\",\"datePublished\":\"2022-02-16T01:00:59+00:00\",\"dateModified\":\"2026-01-09T20:03:45+00:00\",\"description\":\"Pellets balanceados para cuyos, con ingredientes seleccionados, Alimento 100% natural para mantener a su cuyo saludable, Fortalece al sistema inmune.\",\"breadcrumb\":{\"@id\":\"https:\\\/\\\/acuariosupremus.com\\\/?product=alimento-para-cuyo-850-grs#breadcrumb\"},\"inLanguage\":\"es\",\"potentialAction\":[{\"@type\":\"ReadAction\",\"target\":[\"https:\\\/\\\/acuariosupremus.com\\\/?product=alimento-para-cuyo-850-grs\"]}]},{\"@type\":\"ImageObject\",\"inLanguage\":\"es\",\"@id\":\"https:\\\/\\\/acuariosupremus.com\\\/?product=alimento-para-cuyo-850-grs#primaryimage\",\"url\":\"https:\\\/\\\/acuariosupremus.com\\\/wp-content\\\/uploads\\\/2022\\\/02\\\/FL4010.jpg\",\"contentUrl\":\"https:\\\/\\\/acuariosupremus.com\\\/wp-content\\\/uploads\\\/2022\\\/02\\\/FL4010.jpg\",\"width\":1000,\"height\":1000},{\"@type\":\"BreadcrumbList\",\"@id\":\"https:\\\/\\\/acuariosupremus.com\\\/?product=alimento-para-cuyo-850-grs#breadcrumb\",\"itemListElement\":[{\"@type\":\"ListItem\",\"position\":1,\"name\":\"Portada\",\"item\":\"https:\\\/\\\/acuariosupremus.com\\\/\"},{\"@type\":\"ListItem\",\"position\":2,\"name\":\"Tienda\",\"item\":\"https:\\\/\\\/acuariosupremus.com\\\/tienda\\\/\"},{\"@type\":\"ListItem\",\"position\":3,\"name\":\"ALIMENTO PARA CUYO 850 GRS.\"}]},{\"@type\":\"WebSite\",\"@id\":\"https:\\\/\\\/acuariosupremus.com\\\/#website\",\"url\":\"https:\\\/\\\/acuariosupremus.com\\\/\",\"name\":\"Acuario Supremus\",\"description\":\"Peces, Peceras y Mascotas.\",\"publisher\":{\"@id\":\"https:\\\/\\\/acuariosupremus.com\\\/#organization\"},\"potentialAction\":[{\"@type\":\"SearchAction\",\"target\":{\"@type\":\"EntryPoint\",\"urlTemplate\":\"https:\\\/\\\/acuariosupremus.com\\\/?s={search_term_string}\"},\"query-input\":{\"@type\":\"PropertyValueSpecification\",\"valueRequired\":true,\"valueName\":\"search_term_string\"}}],\"inLanguage\":\"es\"},{\"@type\":\"Organization\",\"@id\":\"https:\\\/\\\/acuariosupremus.com\\\/#organization\",\"name\":\"Acuario Supremus\",\"url\":\"https:\\\/\\\/acuariosupremus.com\\\/\",\"logo\":{\"@type\":\"ImageObject\",\"inLanguage\":\"es\",\"@id\":\"https:\\\/\\\/acuariosupremus.com\\\/#\\\/schema\\\/logo\\\/image\\\/\",\"url\":\"https:\\\/\\\/acuariosupremus.com\\\/wp-content\\\/uploads\\\/2021\\\/12\\\/cropped-logo_acuario_supremus_fn-2.png\",\"contentUrl\":\"https:\\\/\\\/acuariosupremus.com\\\/wp-content\\\/uploads\\\/2021\\\/12\\\/cropped-logo_acuario_supremus_fn-2.png\",\"width\":1000,\"height\":318,\"caption\":\"Acuario Supremus\"},\"image\":{\"@id\":\"https:\\\/\\\/acuariosupremus.com\\\/#\\\/schema\\\/logo\\\/image\\\/\"},\"sameAs\":[\"https:\\\/\\\/www.facebook.com\\\/AcuarioSupremus\",\"https:\\\/\\\/x.com\\\/AcuarioSupremus\",\"https:\\\/\\\/www.instagram.com\\\/acuariosupremus\\\/?hl=es\"]}]}<\/script>\n<!-- \/ Yoast SEO plugin. -->","yoast_head_json":{"title":"ALIMENTO PARA CUYO 850 GRS. | Acuario Supremus","description":"Pellets balanceados para cuyos, con ingredientes seleccionados, Alimento 100% natural para mantener a su cuyo saludable, Fortalece al sistema inmune.","robots":{"index":"index","follow":"follow","max-snippet":"max-snippet:-1","max-image-preview":"max-image-preview:large","max-video-preview":"max-video-preview:-1"},"canonical":"https:\/\/acuariosupremus.com\/?product=alimento-para-cuyo-850-grs","og_locale":"es_MX","og_type":"article","og_title":"ALIMENTO PARA CUYO 850 GRS. | Acuario Supremus","og_description":"Pellets balanceados para cuyos, con ingredientes seleccionados, Alimento 100% natural para mantener a su cuyo saludable, Fortalece al sistema inmune.","og_url":"https:\/\/acuariosupremus.com\/?product=alimento-para-cuyo-850-grs","og_site_name":"Acuario Supremus","article_publisher":"https:\/\/www.facebook.com\/AcuarioSupremus","article_modified_time":"2026-01-09T20:03:45+00:00","og_image":[{"width":1000,"height":1000,"url":"https:\/\/acuariosupremus.com\/wp-content\/uploads\/2022\/02\/FL4010.jpg","type":"image\/jpeg"}],"twitter_card":"summary_large_image","twitter_site":"@AcuarioSupremus","twitter_misc":{"Tiempo de lectura":"1 minuto"},"schema":{"@context":"https:\/\/schema.org","@graph":[{"@type":"WebPage","@id":"https:\/\/acuariosupremus.com\/?product=alimento-para-cuyo-850-grs","url":"https:\/\/acuariosupremus.com\/?product=alimento-para-cuyo-850-grs","name":"ALIMENTO PARA CUYO 850 GRS. | Acuario Supremus","isPartOf":{"@id":"https:\/\/acuariosupremus.com\/#website"},"primaryImageOfPage":{"@id":"https:\/\/acuariosupremus.com\/?product=alimento-para-cuyo-850-grs#primaryimage"},"image":{"@id":"https:\/\/acuariosupremus.com\/?product=alimento-para-cuyo-850-grs#primaryimage"},"thumbnailUrl":"https:\/\/acuariosupremus.com\/wp-content\/uploads\/2022\/02\/FL4010.jpg","datePublished":"2022-02-16T01:00:59+00:00","dateModified":"2026-01-09T20:03:45+00:00","description":"Pellets balanceados para cuyos, con ingredientes seleccionados, Alimento 100% natural para mantener a su cuyo saludable, Fortalece al sistema inmune.","breadcrumb":{"@id":"https:\/\/acuariosupremus.com\/?product=alimento-para-cuyo-850-grs#breadcrumb"},"inLanguage":"es","potentialAction":[{"@type":"ReadAction","target":["https:\/\/acuariosupremus.com\/?product=alimento-para-cuyo-850-grs"]}]},{"@type":"ImageObject","inLanguage":"es","@id":"https:\/\/acuariosupremus.com\/?product=alimento-para-cuyo-850-grs#primaryimage","url":"https:\/\/acuariosupremus.com\/wp-content\/uploads\/2022\/02\/FL4010.jpg","contentUrl":"https:\/\/acuariosupremus.com\/wp-content\/uploads\/2022\/02\/FL4010.jpg","width":1000,"height":1000},{"@type":"BreadcrumbList","@id":"https:\/\/acuariosupremus.com\/?product=alimento-para-cuyo-850-grs#breadcrumb","itemListElement":[{"@type":"ListItem","position":1,"name":"Portada","item":"https:\/\/acuariosupremus.com\/"},{"@type":"ListItem","position":2,"name":"Tienda","item":"https:\/\/acuariosupremus.com\/tienda\/"},{"@type":"ListItem","position":3,"name":"ALIMENTO PARA CUYO 850 GRS."}]},{"@type":"WebSite","@id":"https:\/\/acuariosupremus.com\/#website","url":"https:\/\/acuariosupremus.com\/","name":"Acuario Supremus","description":"Peces, Peceras y Mascotas.","publisher":{"@id":"https:\/\/acuariosupremus.com\/#organization"},"potentialAction":[{"@type":"SearchAction","target":{"@type":"EntryPoint","urlTemplate":"https:\/\/acuariosupremus.com\/?s={search_term_string}"},"query-input":{"@type":"PropertyValueSpecification","valueRequired":true,"valueName":"search_term_string"}}],"inLanguage":"es"},{"@type":"Organization","@id":"https:\/\/acuariosupremus.com\/#organization","name":"Acuario Supremus","url":"https:\/\/acuariosupremus.com\/","logo":{"@type":"ImageObject","inLanguage":"es","@id":"https:\/\/acuariosupremus.com\/#\/schema\/logo\/image\/","url":"https:\/\/acuariosupremus.com\/wp-content\/uploads\/2021\/12\/cropped-logo_acuario_supremus_fn-2.png","contentUrl":"https:\/\/acuariosupremus.com\/wp-content\/uploads\/2021\/12\/cropped-logo_acuario_supremus_fn-2.png","width":1000,"height":318,"caption":"Acuario Supremus"},"image":{"@id":"https:\/\/acuariosupremus.com\/#\/schema\/logo\/image\/"},"sameAs":["https:\/\/www.facebook.com\/AcuarioSupremus","https:\/\/x.com\/AcuarioSupremus","https:\/\/www.instagram.com\/acuariosupremus\/?hl=es"]}]}},"jetpack_sharing_enabled":true,"_links":{"self":[{"href":"https:\/\/acuariosupremus.com\/index.php?rest_route=\/wp\/v2\/product\/3009","targetHints":{"allow":["GET"]}}],"collection":[{"href":"https:\/\/acuariosupremus.com\/index.php?rest_route=\/wp\/v2\/product"}],"about":[{"href":"https:\/\/acuariosupremus.com\/index.php?rest_route=\/wp\/v2\/types\/product"}],"wp:featuredmedia":[{"embeddable":true,"href":"https:\/\/acuariosupremus.com\/index.php?rest_route=\/wp\/v2\/media\/3010"}],"wp:attachment":[{"href":"https:\/\/acuariosupremus.com\/index.php?rest_route=%2Fwp%2Fv2%2Fmedia&parent=3009"}],"wp:term":[{"taxonomy":"product_brand","embeddable":true,"href":"https:\/\/acuariosupremus.com\/index.php?rest_route=%2Fwp%2Fv2%2Fproduct_brand&post=3009"},{"taxonomy":"product_cat","embeddable":true,"href":"https:\/\/acuariosupremus.com\/index.php?rest_route=%2Fwp%2Fv2%2Fproduct_cat&post=3009"},{"taxonomy":"product_tag","embeddable":true,"href":"https:\/\/acuariosupremus.com\/index.php?rest_route=%2Fwp%2Fv2%2Fproduct_tag&post=3009"}],"curies":[{"name":"wp","href":"https:\/\/api.w.org\/{rel}","templated":true}]}}