{"id":3014,"date":"2022-02-15T19:06:29","date_gmt":"2022-02-16T01:06:29","guid":{"rendered":"https:\/\/acuariosupremus.com\/?post_type=product&#038;p=3014"},"modified":"2026-01-09T14:04:46","modified_gmt":"2026-01-09T20:04:46","slug":"alimento-natural-para-herbivoros-select-800-grs","status":"publish","type":"product","link":"https:\/\/acuariosupremus.com\/?product=alimento-natural-para-herbivoros-select-800-grs","title":{"rendered":"ALIMENTO NATURAL PARA HERBIVOROS SELECT 800 GRS."},"content":{"rendered":"<p>Caracter\u00edsticas:<br \/>\nEl alimento natural de la l\u00ednea Select RedKite\u00ae est\u00e1 especialmente formulado para animales herb\u00edvoros en cualquier etapa de desarrollo, y para el sano y completo crecimiento de tu mascota. Con ingredientes de origen natural ricos en prote\u00edna,<br \/>\nminerales (calcio, magnesio, potasio, hierro y f\u00f3sforo), vitaminas (C, D, E y K), betacarotenos (principal fuente de vitamina A),<br \/>\nentre otros. Por su alto contenido en calcio, es beneficioso durante el periodo de gestaci\u00f3n y lactancia.<br \/>\nInstrucciones:<br \/>\nV\u00eda de administraci\u00f3n y dosis:<br \/>\nOral. Proporcione el alimento seg\u00fan los requerimientos de su mascota.Dependiendo del tama\u00f1o de su mascota, variar\u00e1 la cantidad de consumo.Complemente la dieta con porciones peque\u00f1as de vegetales frescos.No olvide proveer de agua potable y fresca en todo momento.<br \/>\nRecomendaciones:<br \/>\nAdvertencias:<br \/>\nCons\u00e9rvese en un lugar fresco y seco. Retire el alimento sobrante y limpie el recipiente diariamente; si presenta alg\u00fan cambio en el aroma, color o textura, ofrezca una nueva raci\u00f3n. No utilizar despu\u00e9s de la fecha de caducidad.<br \/>\nMonitoree peri\u00f3dicamente el peso de su mascota. EL USO DE ESTE PRODUCTO ES RESPONSABILIDAD DEL DUE\u00d1O DE LA MASCOTA.<\/p>\n<p>Ingredientes:<br \/>\nPellet de alfalfa 100% natural, zanahoria deshidratada y manzana deshidratada.<br \/>\nAN\u00c1LISIS GARANTIZADO<br \/>\nProte\u00edna M\u00edn. 16%<br \/>\nGrasa cruda M\u00edn. 1%<br \/>\nFibra cruda M\u00edn. 21%<br \/>\nHumedad M\u00e1x. 12%<br \/>\nPeso\/Capacidad:<br \/>\n<strong>800 g<\/strong><\/p>\n","protected":false},"excerpt":{"rendered":"<p>&#8211; Recomendado para conejos, chinchillas, cuyos, jerbos, y otros animales herb\u00edvoros.<br \/>\n&#8211; Rico en vitaminas, minerales y amino\u00e1cidos.<br \/>\n&#8211; Alto contenido en prote\u00edna y calcio.<br \/>\n&#8211; Rico en fibra para una buena digesti\u00f3n y salud intestinal.<br \/>\n&#8211; Sin conservadores, aditivos ni colorantes a\u00f1adidos<\/p>\n","protected":false},"featured_media":3015,"template":"","meta":[],"product_brand":[104],"product_cat":[67,71],"product_tag":[282],"class_list":{"0":"post-3014","1":"product","2":"type-product","3":"status-publish","4":"has-post-thumbnail","6":"product_brand-redkite","7":"product_cat-pequenos-mamiferos","8":"product_cat-nutricion-pequenos-mamiferos","9":"product_tag-alimento-roedores","11":"first","12":"instock","13":"sale","14":"shipping-taxable","15":"purchasable","16":"product-type-simple"},"yoast_head":"<!-- This site is optimized with the Yoast SEO plugin v27.4 - https:\/\/yoast.com\/product\/yoast-seo-wordpress\/ -->\n<title>ALIMENTO NATURAL PARA HERBIVOROS SELECT 800 GRS. | Acuario Supremus<\/title>\n<meta name=\"description\" content=\"Para conejos, chinchillas, cuyos, jerbos, y otros animales herb\u00edvoros, Rico en vitaminas, minerales y amino\u00e1cidos, Alto contenido en prote\u00edna y calcio.\" \/>\n<meta name=\"robots\" content=\"index, follow, max-snippet:-1, max-image-preview:large, max-video-preview:-1\" \/>\n<link rel=\"canonical\" href=\"https:\/\/acuariosupremus.com\/?product=alimento-natural-para-herbivoros-select-800-grs\" \/>\n<meta property=\"og:locale\" content=\"es_MX\" \/>\n<meta property=\"og:type\" content=\"article\" \/>\n<meta property=\"og:title\" content=\"ALIMENTO NATURAL PARA HERBIVOROS SELECT 800 GRS. | Acuario Supremus\" \/>\n<meta property=\"og:description\" content=\"Para conejos, chinchillas, cuyos, jerbos, y otros animales herb\u00edvoros, Rico en vitaminas, minerales y amino\u00e1cidos, Alto contenido en prote\u00edna y calcio.\" \/>\n<meta property=\"og:url\" content=\"https:\/\/acuariosupremus.com\/?product=alimento-natural-para-herbivoros-select-800-grs\" \/>\n<meta property=\"og:site_name\" content=\"Acuario Supremus\" \/>\n<meta property=\"article:publisher\" content=\"https:\/\/www.facebook.com\/AcuarioSupremus\" \/>\n<meta property=\"article:modified_time\" content=\"2026-01-09T20:04:46+00:00\" \/>\n<meta property=\"og:image\" content=\"https:\/\/acuariosupremus.com\/wp-content\/uploads\/2022\/02\/FL4017.jpg\" \/>\n\t<meta property=\"og:image:width\" content=\"1000\" \/>\n\t<meta property=\"og:image:height\" content=\"1000\" \/>\n\t<meta property=\"og:image:type\" content=\"image\/jpeg\" \/>\n<meta name=\"twitter:card\" content=\"summary_large_image\" \/>\n<meta name=\"twitter:site\" content=\"@AcuarioSupremus\" \/>\n<meta name=\"twitter:label1\" content=\"Tiempo de lectura\" \/>\n\t<meta name=\"twitter:data1\" content=\"1 minuto\" \/>\n<script type=\"application\/ld+json\" class=\"yoast-schema-graph\">{\"@context\":\"https:\\\/\\\/schema.org\",\"@graph\":[{\"@type\":\"WebPage\",\"@id\":\"https:\\\/\\\/acuariosupremus.com\\\/?product=alimento-natural-para-herbivoros-select-800-grs\",\"url\":\"https:\\\/\\\/acuariosupremus.com\\\/?product=alimento-natural-para-herbivoros-select-800-grs\",\"name\":\"ALIMENTO NATURAL PARA HERBIVOROS SELECT 800 GRS. | Acuario Supremus\",\"isPartOf\":{\"@id\":\"https:\\\/\\\/acuariosupremus.com\\\/#website\"},\"primaryImageOfPage\":{\"@id\":\"https:\\\/\\\/acuariosupremus.com\\\/?product=alimento-natural-para-herbivoros-select-800-grs#primaryimage\"},\"image\":{\"@id\":\"https:\\\/\\\/acuariosupremus.com\\\/?product=alimento-natural-para-herbivoros-select-800-grs#primaryimage\"},\"thumbnailUrl\":\"https:\\\/\\\/acuariosupremus.com\\\/wp-content\\\/uploads\\\/2022\\\/02\\\/FL4017.jpg\",\"datePublished\":\"2022-02-16T01:06:29+00:00\",\"dateModified\":\"2026-01-09T20:04:46+00:00\",\"description\":\"Para conejos, chinchillas, cuyos, jerbos, y otros animales herb\u00edvoros, Rico en vitaminas, minerales y amino\u00e1cidos, Alto contenido en prote\u00edna y calcio.\",\"breadcrumb\":{\"@id\":\"https:\\\/\\\/acuariosupremus.com\\\/?product=alimento-natural-para-herbivoros-select-800-grs#breadcrumb\"},\"inLanguage\":\"es\",\"potentialAction\":[{\"@type\":\"ReadAction\",\"target\":[\"https:\\\/\\\/acuariosupremus.com\\\/?product=alimento-natural-para-herbivoros-select-800-grs\"]}]},{\"@type\":\"ImageObject\",\"inLanguage\":\"es\",\"@id\":\"https:\\\/\\\/acuariosupremus.com\\\/?product=alimento-natural-para-herbivoros-select-800-grs#primaryimage\",\"url\":\"https:\\\/\\\/acuariosupremus.com\\\/wp-content\\\/uploads\\\/2022\\\/02\\\/FL4017.jpg\",\"contentUrl\":\"https:\\\/\\\/acuariosupremus.com\\\/wp-content\\\/uploads\\\/2022\\\/02\\\/FL4017.jpg\",\"width\":1000,\"height\":1000},{\"@type\":\"BreadcrumbList\",\"@id\":\"https:\\\/\\\/acuariosupremus.com\\\/?product=alimento-natural-para-herbivoros-select-800-grs#breadcrumb\",\"itemListElement\":[{\"@type\":\"ListItem\",\"position\":1,\"name\":\"Portada\",\"item\":\"https:\\\/\\\/acuariosupremus.com\\\/\"},{\"@type\":\"ListItem\",\"position\":2,\"name\":\"Tienda\",\"item\":\"https:\\\/\\\/acuariosupremus.com\\\/tienda\\\/\"},{\"@type\":\"ListItem\",\"position\":3,\"name\":\"ALIMENTO NATURAL PARA HERBIVOROS SELECT 800 GRS.\"}]},{\"@type\":\"WebSite\",\"@id\":\"https:\\\/\\\/acuariosupremus.com\\\/#website\",\"url\":\"https:\\\/\\\/acuariosupremus.com\\\/\",\"name\":\"Acuario Supremus\",\"description\":\"Peces, Peceras y Mascotas.\",\"publisher\":{\"@id\":\"https:\\\/\\\/acuariosupremus.com\\\/#organization\"},\"potentialAction\":[{\"@type\":\"SearchAction\",\"target\":{\"@type\":\"EntryPoint\",\"urlTemplate\":\"https:\\\/\\\/acuariosupremus.com\\\/?s={search_term_string}\"},\"query-input\":{\"@type\":\"PropertyValueSpecification\",\"valueRequired\":true,\"valueName\":\"search_term_string\"}}],\"inLanguage\":\"es\"},{\"@type\":\"Organization\",\"@id\":\"https:\\\/\\\/acuariosupremus.com\\\/#organization\",\"name\":\"Acuario Supremus\",\"url\":\"https:\\\/\\\/acuariosupremus.com\\\/\",\"logo\":{\"@type\":\"ImageObject\",\"inLanguage\":\"es\",\"@id\":\"https:\\\/\\\/acuariosupremus.com\\\/#\\\/schema\\\/logo\\\/image\\\/\",\"url\":\"https:\\\/\\\/acuariosupremus.com\\\/wp-content\\\/uploads\\\/2021\\\/12\\\/cropped-logo_acuario_supremus_fn-2.png\",\"contentUrl\":\"https:\\\/\\\/acuariosupremus.com\\\/wp-content\\\/uploads\\\/2021\\\/12\\\/cropped-logo_acuario_supremus_fn-2.png\",\"width\":1000,\"height\":318,\"caption\":\"Acuario Supremus\"},\"image\":{\"@id\":\"https:\\\/\\\/acuariosupremus.com\\\/#\\\/schema\\\/logo\\\/image\\\/\"},\"sameAs\":[\"https:\\\/\\\/www.facebook.com\\\/AcuarioSupremus\",\"https:\\\/\\\/x.com\\\/AcuarioSupremus\",\"https:\\\/\\\/www.instagram.com\\\/acuariosupremus\\\/?hl=es\"]}]}<\/script>\n<!-- \/ Yoast SEO plugin. -->","yoast_head_json":{"title":"ALIMENTO NATURAL PARA HERBIVOROS SELECT 800 GRS. | Acuario Supremus","description":"Para conejos, chinchillas, cuyos, jerbos, y otros animales herb\u00edvoros, Rico en vitaminas, minerales y amino\u00e1cidos, Alto contenido en prote\u00edna y calcio.","robots":{"index":"index","follow":"follow","max-snippet":"max-snippet:-1","max-image-preview":"max-image-preview:large","max-video-preview":"max-video-preview:-1"},"canonical":"https:\/\/acuariosupremus.com\/?product=alimento-natural-para-herbivoros-select-800-grs","og_locale":"es_MX","og_type":"article","og_title":"ALIMENTO NATURAL PARA HERBIVOROS SELECT 800 GRS. | Acuario Supremus","og_description":"Para conejos, chinchillas, cuyos, jerbos, y otros animales herb\u00edvoros, Rico en vitaminas, minerales y amino\u00e1cidos, Alto contenido en prote\u00edna y calcio.","og_url":"https:\/\/acuariosupremus.com\/?product=alimento-natural-para-herbivoros-select-800-grs","og_site_name":"Acuario Supremus","article_publisher":"https:\/\/www.facebook.com\/AcuarioSupremus","article_modified_time":"2026-01-09T20:04:46+00:00","og_image":[{"width":1000,"height":1000,"url":"https:\/\/acuariosupremus.com\/wp-content\/uploads\/2022\/02\/FL4017.jpg","type":"image\/jpeg"}],"twitter_card":"summary_large_image","twitter_site":"@AcuarioSupremus","twitter_misc":{"Tiempo de lectura":"1 minuto"},"schema":{"@context":"https:\/\/schema.org","@graph":[{"@type":"WebPage","@id":"https:\/\/acuariosupremus.com\/?product=alimento-natural-para-herbivoros-select-800-grs","url":"https:\/\/acuariosupremus.com\/?product=alimento-natural-para-herbivoros-select-800-grs","name":"ALIMENTO NATURAL PARA HERBIVOROS SELECT 800 GRS. | Acuario Supremus","isPartOf":{"@id":"https:\/\/acuariosupremus.com\/#website"},"primaryImageOfPage":{"@id":"https:\/\/acuariosupremus.com\/?product=alimento-natural-para-herbivoros-select-800-grs#primaryimage"},"image":{"@id":"https:\/\/acuariosupremus.com\/?product=alimento-natural-para-herbivoros-select-800-grs#primaryimage"},"thumbnailUrl":"https:\/\/acuariosupremus.com\/wp-content\/uploads\/2022\/02\/FL4017.jpg","datePublished":"2022-02-16T01:06:29+00:00","dateModified":"2026-01-09T20:04:46+00:00","description":"Para conejos, chinchillas, cuyos, jerbos, y otros animales herb\u00edvoros, Rico en vitaminas, minerales y amino\u00e1cidos, Alto contenido en prote\u00edna y calcio.","breadcrumb":{"@id":"https:\/\/acuariosupremus.com\/?product=alimento-natural-para-herbivoros-select-800-grs#breadcrumb"},"inLanguage":"es","potentialAction":[{"@type":"ReadAction","target":["https:\/\/acuariosupremus.com\/?product=alimento-natural-para-herbivoros-select-800-grs"]}]},{"@type":"ImageObject","inLanguage":"es","@id":"https:\/\/acuariosupremus.com\/?product=alimento-natural-para-herbivoros-select-800-grs#primaryimage","url":"https:\/\/acuariosupremus.com\/wp-content\/uploads\/2022\/02\/FL4017.jpg","contentUrl":"https:\/\/acuariosupremus.com\/wp-content\/uploads\/2022\/02\/FL4017.jpg","width":1000,"height":1000},{"@type":"BreadcrumbList","@id":"https:\/\/acuariosupremus.com\/?product=alimento-natural-para-herbivoros-select-800-grs#breadcrumb","itemListElement":[{"@type":"ListItem","position":1,"name":"Portada","item":"https:\/\/acuariosupremus.com\/"},{"@type":"ListItem","position":2,"name":"Tienda","item":"https:\/\/acuariosupremus.com\/tienda\/"},{"@type":"ListItem","position":3,"name":"ALIMENTO NATURAL PARA HERBIVOROS SELECT 800 GRS."}]},{"@type":"WebSite","@id":"https:\/\/acuariosupremus.com\/#website","url":"https:\/\/acuariosupremus.com\/","name":"Acuario Supremus","description":"Peces, Peceras y Mascotas.","publisher":{"@id":"https:\/\/acuariosupremus.com\/#organization"},"potentialAction":[{"@type":"SearchAction","target":{"@type":"EntryPoint","urlTemplate":"https:\/\/acuariosupremus.com\/?s={search_term_string}"},"query-input":{"@type":"PropertyValueSpecification","valueRequired":true,"valueName":"search_term_string"}}],"inLanguage":"es"},{"@type":"Organization","@id":"https:\/\/acuariosupremus.com\/#organization","name":"Acuario Supremus","url":"https:\/\/acuariosupremus.com\/","logo":{"@type":"ImageObject","inLanguage":"es","@id":"https:\/\/acuariosupremus.com\/#\/schema\/logo\/image\/","url":"https:\/\/acuariosupremus.com\/wp-content\/uploads\/2021\/12\/cropped-logo_acuario_supremus_fn-2.png","contentUrl":"https:\/\/acuariosupremus.com\/wp-content\/uploads\/2021\/12\/cropped-logo_acuario_supremus_fn-2.png","width":1000,"height":318,"caption":"Acuario Supremus"},"image":{"@id":"https:\/\/acuariosupremus.com\/#\/schema\/logo\/image\/"},"sameAs":["https:\/\/www.facebook.com\/AcuarioSupremus","https:\/\/x.com\/AcuarioSupremus","https:\/\/www.instagram.com\/acuariosupremus\/?hl=es"]}]}},"jetpack_sharing_enabled":true,"_links":{"self":[{"href":"https:\/\/acuariosupremus.com\/index.php?rest_route=\/wp\/v2\/product\/3014","targetHints":{"allow":["GET"]}}],"collection":[{"href":"https:\/\/acuariosupremus.com\/index.php?rest_route=\/wp\/v2\/product"}],"about":[{"href":"https:\/\/acuariosupremus.com\/index.php?rest_route=\/wp\/v2\/types\/product"}],"wp:featuredmedia":[{"embeddable":true,"href":"https:\/\/acuariosupremus.com\/index.php?rest_route=\/wp\/v2\/media\/3015"}],"wp:attachment":[{"href":"https:\/\/acuariosupremus.com\/index.php?rest_route=%2Fwp%2Fv2%2Fmedia&parent=3014"}],"wp:term":[{"taxonomy":"product_brand","embeddable":true,"href":"https:\/\/acuariosupremus.com\/index.php?rest_route=%2Fwp%2Fv2%2Fproduct_brand&post=3014"},{"taxonomy":"product_cat","embeddable":true,"href":"https:\/\/acuariosupremus.com\/index.php?rest_route=%2Fwp%2Fv2%2Fproduct_cat&post=3014"},{"taxonomy":"product_tag","embeddable":true,"href":"https:\/\/acuariosupremus.com\/index.php?rest_route=%2Fwp%2Fv2%2Fproduct_tag&post=3014"}],"curies":[{"name":"wp","href":"https:\/\/api.w.org\/{rel}","templated":true}]}}