{"id":3023,"date":"2022-02-15T19:25:32","date_gmt":"2022-02-16T01:25:32","guid":{"rendered":"https:\/\/acuariosupremus.com\/?post_type=product&#038;p=3023"},"modified":"2026-01-09T14:08:03","modified_gmt":"2026-01-09T20:08:03","slug":"mezcla-de-semillas-para-hamster-1-kg","status":"publish","type":"product","link":"https:\/\/acuariosupremus.com\/?product=mezcla-de-semillas-para-hamster-1-kg","title":{"rendered":"MEZCLA DE SEMILLAS PARA HAMSTER 1 KG."},"content":{"rendered":"<p>Instrucciones:<br \/>\nSirva la Mezcla de semillas para h\u00e1mster de Redkite\u00ae en el taz\u00f3n para alimento dentro del h\u00e1bitat, ub\u00edquelo del lado contrario al agua de bebida. La curiosidad del h\u00e1mster har\u00e1 que se acerque poco a poco y pruebe las semillas. No olvide proporcionarle agua potable y fresca a libre acceso. Ofrezca una cucharada (5 gramos) de alimento por cada h\u00e1mster. Dependiendo de la cantidad de h\u00e1msteres o el tama\u00f1o de ellos, variar\u00e1 la frecuencia y cantidad de alimento a proporcionar. Si observa alg\u00fan cambio en el aroma, color o textura de las semillas, ret\u00edrela del h\u00e1bitat y proporcione alimento nuevo.<br \/>\nRecomendaciones:<br \/>\nAdvertencias: Conserve en un lugar fresco y seco. No proporcione el producto despu\u00e9s de la fecha de caducidad. Ofrezca<br \/>\nagua en abundancia al h\u00e1mster en todo momento. Monitoree peri\u00f3dicamente el peso de su h\u00e1mster.<br \/>\nIngredientes:<br \/>\nMa\u00edz quebrado, sorgo, trigo, ma\u00edz entero, avena, cacahuate, girasol rallado, girasol negro, alverjon, vitapellet (soya, ma\u00edz,<br \/>\naceite de soya, calcio, sodio, hierro, f\u00f3sforo, cobre, cobalto, magnesio, manganeso, selenio, zinc, vitamina A, vitamina D3,<br \/>\nvitamina E, vitamina K, vitamina B1, biotina, rivoflavina, niacina, piridoxina, metionina y lisina) y mezcla de antioxidantes (BHT, BHA, lecitina de soya).<br \/>\nContenido:<br \/>\n<strong>1 Kg<\/strong><\/p>\n","protected":false},"excerpt":{"rendered":"<p>La Mezcla de semillas para h\u00e1mster de Redkite\u00ae es un alimento delicioso, elaborado con una variedad de ingredientes<br \/>\nnaturales mezclados y balanceados perfectamente, que aportan los nutrientes necesarios para mantener a su mascota sana y equilibrada.<br \/>\nAn\u00e1lisis garantizado: Prote\u00edna M\u00e1x. 10.5% Grasa cruda M\u00edn. 3.5% Fibra cruda M\u00e1x. 4.5% Cenizas M\u00e1x. 1.5% Humedad M\u00e1x. 12%<\/p>\n","protected":false},"featured_media":3024,"template":"","meta":[],"product_brand":[104],"product_cat":[67,71],"product_tag":[282],"class_list":{"0":"post-3023","1":"product","2":"type-product","3":"status-publish","4":"has-post-thumbnail","6":"product_brand-redkite","7":"product_cat-pequenos-mamiferos","8":"product_cat-nutricion-pequenos-mamiferos","9":"product_tag-alimento-roedores","11":"first","12":"instock","13":"sale","14":"shipping-taxable","15":"purchasable","16":"product-type-simple"},"yoast_head":"<!-- This site is optimized with the Yoast SEO plugin v27.4 - https:\/\/yoast.com\/product\/yoast-seo-wordpress\/ -->\n<title>MEZCLA DE SEMILLAS PARA HAMSTER 1 KG. | Acuario Supremus<\/title>\n<meta name=\"description\" content=\"La Mezcla de semillas para h\u00e1mster es un alimento delicioso, elaborado con una variedad de ingredientes naturales mezclados y balanceados perfectamente.\" \/>\n<meta name=\"robots\" content=\"index, follow, max-snippet:-1, max-image-preview:large, max-video-preview:-1\" \/>\n<link rel=\"canonical\" href=\"https:\/\/acuariosupremus.com\/?product=mezcla-de-semillas-para-hamster-1-kg\" \/>\n<meta property=\"og:locale\" content=\"es_MX\" \/>\n<meta property=\"og:type\" content=\"article\" \/>\n<meta property=\"og:title\" content=\"MEZCLA DE SEMILLAS PARA HAMSTER 1 KG. | Acuario Supremus\" \/>\n<meta property=\"og:description\" content=\"La Mezcla de semillas para h\u00e1mster es un alimento delicioso, elaborado con una variedad de ingredientes naturales mezclados y balanceados perfectamente.\" \/>\n<meta property=\"og:url\" content=\"https:\/\/acuariosupremus.com\/?product=mezcla-de-semillas-para-hamster-1-kg\" \/>\n<meta property=\"og:site_name\" content=\"Acuario Supremus\" \/>\n<meta property=\"article:publisher\" content=\"https:\/\/www.facebook.com\/AcuarioSupremus\" \/>\n<meta property=\"article:modified_time\" content=\"2026-01-09T20:08:03+00:00\" \/>\n<meta property=\"og:image\" content=\"https:\/\/acuariosupremus.com\/wp-content\/uploads\/2022\/02\/FL4035.jpg\" \/>\n\t<meta property=\"og:image:width\" content=\"1000\" \/>\n\t<meta property=\"og:image:height\" content=\"1000\" \/>\n\t<meta property=\"og:image:type\" content=\"image\/jpeg\" \/>\n<meta name=\"twitter:card\" content=\"summary_large_image\" \/>\n<meta name=\"twitter:site\" content=\"@AcuarioSupremus\" \/>\n<meta name=\"twitter:label1\" content=\"Tiempo de lectura\" \/>\n\t<meta name=\"twitter:data1\" content=\"1 minuto\" \/>\n<script type=\"application\/ld+json\" class=\"yoast-schema-graph\">{\"@context\":\"https:\\\/\\\/schema.org\",\"@graph\":[{\"@type\":\"WebPage\",\"@id\":\"https:\\\/\\\/acuariosupremus.com\\\/?product=mezcla-de-semillas-para-hamster-1-kg\",\"url\":\"https:\\\/\\\/acuariosupremus.com\\\/?product=mezcla-de-semillas-para-hamster-1-kg\",\"name\":\"MEZCLA DE SEMILLAS PARA HAMSTER 1 KG. | Acuario Supremus\",\"isPartOf\":{\"@id\":\"https:\\\/\\\/acuariosupremus.com\\\/#website\"},\"primaryImageOfPage\":{\"@id\":\"https:\\\/\\\/acuariosupremus.com\\\/?product=mezcla-de-semillas-para-hamster-1-kg#primaryimage\"},\"image\":{\"@id\":\"https:\\\/\\\/acuariosupremus.com\\\/?product=mezcla-de-semillas-para-hamster-1-kg#primaryimage\"},\"thumbnailUrl\":\"https:\\\/\\\/acuariosupremus.com\\\/wp-content\\\/uploads\\\/2022\\\/02\\\/FL4035.jpg\",\"datePublished\":\"2022-02-16T01:25:32+00:00\",\"dateModified\":\"2026-01-09T20:08:03+00:00\",\"description\":\"La Mezcla de semillas para h\u00e1mster es un alimento delicioso, elaborado con una variedad de ingredientes naturales mezclados y balanceados perfectamente.\",\"breadcrumb\":{\"@id\":\"https:\\\/\\\/acuariosupremus.com\\\/?product=mezcla-de-semillas-para-hamster-1-kg#breadcrumb\"},\"inLanguage\":\"es\",\"potentialAction\":[{\"@type\":\"ReadAction\",\"target\":[\"https:\\\/\\\/acuariosupremus.com\\\/?product=mezcla-de-semillas-para-hamster-1-kg\"]}]},{\"@type\":\"ImageObject\",\"inLanguage\":\"es\",\"@id\":\"https:\\\/\\\/acuariosupremus.com\\\/?product=mezcla-de-semillas-para-hamster-1-kg#primaryimage\",\"url\":\"https:\\\/\\\/acuariosupremus.com\\\/wp-content\\\/uploads\\\/2022\\\/02\\\/FL4035.jpg\",\"contentUrl\":\"https:\\\/\\\/acuariosupremus.com\\\/wp-content\\\/uploads\\\/2022\\\/02\\\/FL4035.jpg\",\"width\":1000,\"height\":1000},{\"@type\":\"BreadcrumbList\",\"@id\":\"https:\\\/\\\/acuariosupremus.com\\\/?product=mezcla-de-semillas-para-hamster-1-kg#breadcrumb\",\"itemListElement\":[{\"@type\":\"ListItem\",\"position\":1,\"name\":\"Portada\",\"item\":\"https:\\\/\\\/acuariosupremus.com\\\/\"},{\"@type\":\"ListItem\",\"position\":2,\"name\":\"Tienda\",\"item\":\"https:\\\/\\\/acuariosupremus.com\\\/tienda\\\/\"},{\"@type\":\"ListItem\",\"position\":3,\"name\":\"MEZCLA DE SEMILLAS PARA HAMSTER 1 KG.\"}]},{\"@type\":\"WebSite\",\"@id\":\"https:\\\/\\\/acuariosupremus.com\\\/#website\",\"url\":\"https:\\\/\\\/acuariosupremus.com\\\/\",\"name\":\"Acuario Supremus\",\"description\":\"Peces, Peceras y Mascotas.\",\"publisher\":{\"@id\":\"https:\\\/\\\/acuariosupremus.com\\\/#organization\"},\"potentialAction\":[{\"@type\":\"SearchAction\",\"target\":{\"@type\":\"EntryPoint\",\"urlTemplate\":\"https:\\\/\\\/acuariosupremus.com\\\/?s={search_term_string}\"},\"query-input\":{\"@type\":\"PropertyValueSpecification\",\"valueRequired\":true,\"valueName\":\"search_term_string\"}}],\"inLanguage\":\"es\"},{\"@type\":\"Organization\",\"@id\":\"https:\\\/\\\/acuariosupremus.com\\\/#organization\",\"name\":\"Acuario Supremus\",\"url\":\"https:\\\/\\\/acuariosupremus.com\\\/\",\"logo\":{\"@type\":\"ImageObject\",\"inLanguage\":\"es\",\"@id\":\"https:\\\/\\\/acuariosupremus.com\\\/#\\\/schema\\\/logo\\\/image\\\/\",\"url\":\"https:\\\/\\\/acuariosupremus.com\\\/wp-content\\\/uploads\\\/2021\\\/12\\\/cropped-logo_acuario_supremus_fn-2.png\",\"contentUrl\":\"https:\\\/\\\/acuariosupremus.com\\\/wp-content\\\/uploads\\\/2021\\\/12\\\/cropped-logo_acuario_supremus_fn-2.png\",\"width\":1000,\"height\":318,\"caption\":\"Acuario Supremus\"},\"image\":{\"@id\":\"https:\\\/\\\/acuariosupremus.com\\\/#\\\/schema\\\/logo\\\/image\\\/\"},\"sameAs\":[\"https:\\\/\\\/www.facebook.com\\\/AcuarioSupremus\",\"https:\\\/\\\/x.com\\\/AcuarioSupremus\",\"https:\\\/\\\/www.instagram.com\\\/acuariosupremus\\\/?hl=es\"]}]}<\/script>\n<!-- \/ Yoast SEO plugin. -->","yoast_head_json":{"title":"MEZCLA DE SEMILLAS PARA HAMSTER 1 KG. | Acuario Supremus","description":"La Mezcla de semillas para h\u00e1mster es un alimento delicioso, elaborado con una variedad de ingredientes naturales mezclados y balanceados perfectamente.","robots":{"index":"index","follow":"follow","max-snippet":"max-snippet:-1","max-image-preview":"max-image-preview:large","max-video-preview":"max-video-preview:-1"},"canonical":"https:\/\/acuariosupremus.com\/?product=mezcla-de-semillas-para-hamster-1-kg","og_locale":"es_MX","og_type":"article","og_title":"MEZCLA DE SEMILLAS PARA HAMSTER 1 KG. | Acuario Supremus","og_description":"La Mezcla de semillas para h\u00e1mster es un alimento delicioso, elaborado con una variedad de ingredientes naturales mezclados y balanceados perfectamente.","og_url":"https:\/\/acuariosupremus.com\/?product=mezcla-de-semillas-para-hamster-1-kg","og_site_name":"Acuario Supremus","article_publisher":"https:\/\/www.facebook.com\/AcuarioSupremus","article_modified_time":"2026-01-09T20:08:03+00:00","og_image":[{"width":1000,"height":1000,"url":"https:\/\/acuariosupremus.com\/wp-content\/uploads\/2022\/02\/FL4035.jpg","type":"image\/jpeg"}],"twitter_card":"summary_large_image","twitter_site":"@AcuarioSupremus","twitter_misc":{"Tiempo de lectura":"1 minuto"},"schema":{"@context":"https:\/\/schema.org","@graph":[{"@type":"WebPage","@id":"https:\/\/acuariosupremus.com\/?product=mezcla-de-semillas-para-hamster-1-kg","url":"https:\/\/acuariosupremus.com\/?product=mezcla-de-semillas-para-hamster-1-kg","name":"MEZCLA DE SEMILLAS PARA HAMSTER 1 KG. | Acuario Supremus","isPartOf":{"@id":"https:\/\/acuariosupremus.com\/#website"},"primaryImageOfPage":{"@id":"https:\/\/acuariosupremus.com\/?product=mezcla-de-semillas-para-hamster-1-kg#primaryimage"},"image":{"@id":"https:\/\/acuariosupremus.com\/?product=mezcla-de-semillas-para-hamster-1-kg#primaryimage"},"thumbnailUrl":"https:\/\/acuariosupremus.com\/wp-content\/uploads\/2022\/02\/FL4035.jpg","datePublished":"2022-02-16T01:25:32+00:00","dateModified":"2026-01-09T20:08:03+00:00","description":"La Mezcla de semillas para h\u00e1mster es un alimento delicioso, elaborado con una variedad de ingredientes naturales mezclados y balanceados perfectamente.","breadcrumb":{"@id":"https:\/\/acuariosupremus.com\/?product=mezcla-de-semillas-para-hamster-1-kg#breadcrumb"},"inLanguage":"es","potentialAction":[{"@type":"ReadAction","target":["https:\/\/acuariosupremus.com\/?product=mezcla-de-semillas-para-hamster-1-kg"]}]},{"@type":"ImageObject","inLanguage":"es","@id":"https:\/\/acuariosupremus.com\/?product=mezcla-de-semillas-para-hamster-1-kg#primaryimage","url":"https:\/\/acuariosupremus.com\/wp-content\/uploads\/2022\/02\/FL4035.jpg","contentUrl":"https:\/\/acuariosupremus.com\/wp-content\/uploads\/2022\/02\/FL4035.jpg","width":1000,"height":1000},{"@type":"BreadcrumbList","@id":"https:\/\/acuariosupremus.com\/?product=mezcla-de-semillas-para-hamster-1-kg#breadcrumb","itemListElement":[{"@type":"ListItem","position":1,"name":"Portada","item":"https:\/\/acuariosupremus.com\/"},{"@type":"ListItem","position":2,"name":"Tienda","item":"https:\/\/acuariosupremus.com\/tienda\/"},{"@type":"ListItem","position":3,"name":"MEZCLA DE SEMILLAS PARA HAMSTER 1 KG."}]},{"@type":"WebSite","@id":"https:\/\/acuariosupremus.com\/#website","url":"https:\/\/acuariosupremus.com\/","name":"Acuario Supremus","description":"Peces, Peceras y Mascotas.","publisher":{"@id":"https:\/\/acuariosupremus.com\/#organization"},"potentialAction":[{"@type":"SearchAction","target":{"@type":"EntryPoint","urlTemplate":"https:\/\/acuariosupremus.com\/?s={search_term_string}"},"query-input":{"@type":"PropertyValueSpecification","valueRequired":true,"valueName":"search_term_string"}}],"inLanguage":"es"},{"@type":"Organization","@id":"https:\/\/acuariosupremus.com\/#organization","name":"Acuario Supremus","url":"https:\/\/acuariosupremus.com\/","logo":{"@type":"ImageObject","inLanguage":"es","@id":"https:\/\/acuariosupremus.com\/#\/schema\/logo\/image\/","url":"https:\/\/acuariosupremus.com\/wp-content\/uploads\/2021\/12\/cropped-logo_acuario_supremus_fn-2.png","contentUrl":"https:\/\/acuariosupremus.com\/wp-content\/uploads\/2021\/12\/cropped-logo_acuario_supremus_fn-2.png","width":1000,"height":318,"caption":"Acuario Supremus"},"image":{"@id":"https:\/\/acuariosupremus.com\/#\/schema\/logo\/image\/"},"sameAs":["https:\/\/www.facebook.com\/AcuarioSupremus","https:\/\/x.com\/AcuarioSupremus","https:\/\/www.instagram.com\/acuariosupremus\/?hl=es"]}]}},"jetpack_sharing_enabled":true,"_links":{"self":[{"href":"https:\/\/acuariosupremus.com\/index.php?rest_route=\/wp\/v2\/product\/3023","targetHints":{"allow":["GET"]}}],"collection":[{"href":"https:\/\/acuariosupremus.com\/index.php?rest_route=\/wp\/v2\/product"}],"about":[{"href":"https:\/\/acuariosupremus.com\/index.php?rest_route=\/wp\/v2\/types\/product"}],"wp:featuredmedia":[{"embeddable":true,"href":"https:\/\/acuariosupremus.com\/index.php?rest_route=\/wp\/v2\/media\/3024"}],"wp:attachment":[{"href":"https:\/\/acuariosupremus.com\/index.php?rest_route=%2Fwp%2Fv2%2Fmedia&parent=3023"}],"wp:term":[{"taxonomy":"product_brand","embeddable":true,"href":"https:\/\/acuariosupremus.com\/index.php?rest_route=%2Fwp%2Fv2%2Fproduct_brand&post=3023"},{"taxonomy":"product_cat","embeddable":true,"href":"https:\/\/acuariosupremus.com\/index.php?rest_route=%2Fwp%2Fv2%2Fproduct_cat&post=3023"},{"taxonomy":"product_tag","embeddable":true,"href":"https:\/\/acuariosupremus.com\/index.php?rest_route=%2Fwp%2Fv2%2Fproduct_tag&post=3023"}],"curies":[{"name":"wp","href":"https:\/\/api.w.org\/{rel}","templated":true}]}}