{"id":3026,"date":"2022-02-15T19:29:51","date_gmt":"2022-02-16T01:29:51","guid":{"rendered":"https:\/\/acuariosupremus.com\/?post_type=product&#038;p=3026"},"modified":"2026-01-09T14:08:58","modified_gmt":"2026-01-09T20:08:58","slug":"alimento-hamster-450-grs","status":"publish","type":"product","link":"https:\/\/acuariosupremus.com\/?product=alimento-hamster-450-grs","title":{"rendered":"ALIMENTO HAMSTER 450 GRS."},"content":{"rendered":"<p>Instrucciones:<br \/>\nSirva las rosetas Redkite para h\u00e1mster y gerbo, en un recipiente limpio y seco al fondo de la jaula.<br \/>\nRetire el alimento sin consumir diariamante y limpie el recipiente. Cada h\u00e1mster o gerbo, dependiendo su etapa de desarrollo y tama\u00f1o, consumira entre 10 y 15 gramos de alimento diariamente.<br \/>\nSiempre mantenga agua limpia y fresca a disposici\u00f3n de la mascota.<br \/>\nLimpie el fondo de la jaula por lo menos una vez a la semana.<br \/>\nIngredientes:<br \/>\nPasta de soya, harina de trigo, cascarilla de soya, ma\u00edz amarillo molido, salvado de trigo, avena, levadura de cerveza, aceite de soya (preservado con BHA), melaza de ca\u00f1a, carbonato de calcio, suplemento de vitamina A, suplemento de vitamina D3,<br \/>\nvitamina E, suplemento de vitamina K3, suplemento de vitamina B1, suplemento de vitamina B6, suplemento de vitamina B12, nicotinamida, \u00e1cido pantot\u00e9nico, biotina, \u00e1cido f\u00f3lico, lisina, cloruro de colina, beta caroteno, hierro, cobre, zinc, manganeso, selenio, yodo, cobalto, dl-metionina, extracto de yuca. BHA y BHT (antioxidantes), cloruro de sodio<br \/>\nContenido:<br \/>\n<strong>450 g.<\/strong><\/p>\n","protected":false},"excerpt":{"rendered":"<p>Redkite, alimento balanceado para h\u00e1mster y gerbo. Fortificado con vitaminas y minerales. Nutrici\u00f3n 100% completa.<br \/>\nLas rosetas de alimento balanceado Redkite. Proveen a la mascota de todos los nutrientes esenciales para un desarrollo y mantenimiento \u00f3ptimo.<br \/>\nAnalisis garantizado: Prote\u00edna cruda M\u00edn. 20%, Grasa cruda M\u00edn. 3%, Fibra cruda M\u00e1x. 10%, Humedad M\u00e1x. 10%<\/p>\n","protected":false},"featured_media":3027,"template":"","meta":[],"product_brand":[104],"product_cat":[67,71],"product_tag":[282],"class_list":{"0":"post-3026","1":"product","2":"type-product","3":"status-publish","4":"has-post-thumbnail","6":"product_brand-redkite","7":"product_cat-pequenos-mamiferos","8":"product_cat-nutricion-pequenos-mamiferos","9":"product_tag-alimento-roedores","11":"first","12":"instock","13":"sale","14":"shipping-taxable","15":"purchasable","16":"product-type-simple"},"yoast_head":"<!-- This site is optimized with the Yoast SEO plugin v27.4 - https:\/\/yoast.com\/product\/yoast-seo-wordpress\/ -->\n<title>ALIMENTO HAMSTER 450 GRS. | Acuario Supremus<\/title>\n<meta name=\"description\" content=\"Las rosetas de alimento balanceado Redkite, Proveen a la mascota de todos los nutrientes esenciales para un desarrollo y mantenimiento \u00f3ptimo.\" \/>\n<meta name=\"robots\" content=\"index, follow, max-snippet:-1, max-image-preview:large, max-video-preview:-1\" \/>\n<link rel=\"canonical\" href=\"https:\/\/acuariosupremus.com\/?product=alimento-hamster-450-grs\" \/>\n<meta property=\"og:locale\" content=\"es_MX\" \/>\n<meta property=\"og:type\" content=\"article\" \/>\n<meta property=\"og:title\" content=\"ALIMENTO HAMSTER 450 GRS. | Acuario Supremus\" \/>\n<meta property=\"og:description\" content=\"Las rosetas de alimento balanceado Redkite, Proveen a la mascota de todos los nutrientes esenciales para un desarrollo y mantenimiento \u00f3ptimo.\" \/>\n<meta property=\"og:url\" content=\"https:\/\/acuariosupremus.com\/?product=alimento-hamster-450-grs\" \/>\n<meta property=\"og:site_name\" content=\"Acuario Supremus\" \/>\n<meta property=\"article:publisher\" content=\"https:\/\/www.facebook.com\/AcuarioSupremus\" \/>\n<meta property=\"article:modified_time\" content=\"2026-01-09T20:08:58+00:00\" \/>\n<meta property=\"og:image\" content=\"https:\/\/acuariosupremus.com\/wp-content\/uploads\/2022\/02\/WAT450.jpg\" \/>\n\t<meta property=\"og:image:width\" content=\"1000\" \/>\n\t<meta property=\"og:image:height\" content=\"1000\" \/>\n\t<meta property=\"og:image:type\" content=\"image\/jpeg\" \/>\n<meta name=\"twitter:card\" content=\"summary_large_image\" \/>\n<meta name=\"twitter:site\" content=\"@AcuarioSupremus\" \/>\n<meta name=\"twitter:label1\" content=\"Tiempo de lectura\" \/>\n\t<meta name=\"twitter:data1\" content=\"1 minuto\" \/>\n<script type=\"application\/ld+json\" class=\"yoast-schema-graph\">{\"@context\":\"https:\\\/\\\/schema.org\",\"@graph\":[{\"@type\":\"WebPage\",\"@id\":\"https:\\\/\\\/acuariosupremus.com\\\/?product=alimento-hamster-450-grs\",\"url\":\"https:\\\/\\\/acuariosupremus.com\\\/?product=alimento-hamster-450-grs\",\"name\":\"ALIMENTO HAMSTER 450 GRS. | Acuario Supremus\",\"isPartOf\":{\"@id\":\"https:\\\/\\\/acuariosupremus.com\\\/#website\"},\"primaryImageOfPage\":{\"@id\":\"https:\\\/\\\/acuariosupremus.com\\\/?product=alimento-hamster-450-grs#primaryimage\"},\"image\":{\"@id\":\"https:\\\/\\\/acuariosupremus.com\\\/?product=alimento-hamster-450-grs#primaryimage\"},\"thumbnailUrl\":\"https:\\\/\\\/acuariosupremus.com\\\/wp-content\\\/uploads\\\/2022\\\/02\\\/WAT450.jpg\",\"datePublished\":\"2022-02-16T01:29:51+00:00\",\"dateModified\":\"2026-01-09T20:08:58+00:00\",\"description\":\"Las rosetas de alimento balanceado Redkite, Proveen a la mascota de todos los nutrientes esenciales para un desarrollo y mantenimiento \u00f3ptimo.\",\"breadcrumb\":{\"@id\":\"https:\\\/\\\/acuariosupremus.com\\\/?product=alimento-hamster-450-grs#breadcrumb\"},\"inLanguage\":\"es\",\"potentialAction\":[{\"@type\":\"ReadAction\",\"target\":[\"https:\\\/\\\/acuariosupremus.com\\\/?product=alimento-hamster-450-grs\"]}]},{\"@type\":\"ImageObject\",\"inLanguage\":\"es\",\"@id\":\"https:\\\/\\\/acuariosupremus.com\\\/?product=alimento-hamster-450-grs#primaryimage\",\"url\":\"https:\\\/\\\/acuariosupremus.com\\\/wp-content\\\/uploads\\\/2022\\\/02\\\/WAT450.jpg\",\"contentUrl\":\"https:\\\/\\\/acuariosupremus.com\\\/wp-content\\\/uploads\\\/2022\\\/02\\\/WAT450.jpg\",\"width\":1000,\"height\":1000},{\"@type\":\"BreadcrumbList\",\"@id\":\"https:\\\/\\\/acuariosupremus.com\\\/?product=alimento-hamster-450-grs#breadcrumb\",\"itemListElement\":[{\"@type\":\"ListItem\",\"position\":1,\"name\":\"Portada\",\"item\":\"https:\\\/\\\/acuariosupremus.com\\\/\"},{\"@type\":\"ListItem\",\"position\":2,\"name\":\"Tienda\",\"item\":\"https:\\\/\\\/acuariosupremus.com\\\/tienda\\\/\"},{\"@type\":\"ListItem\",\"position\":3,\"name\":\"ALIMENTO HAMSTER 450 GRS.\"}]},{\"@type\":\"WebSite\",\"@id\":\"https:\\\/\\\/acuariosupremus.com\\\/#website\",\"url\":\"https:\\\/\\\/acuariosupremus.com\\\/\",\"name\":\"Acuario Supremus\",\"description\":\"Peces, Peceras y Mascotas.\",\"publisher\":{\"@id\":\"https:\\\/\\\/acuariosupremus.com\\\/#organization\"},\"potentialAction\":[{\"@type\":\"SearchAction\",\"target\":{\"@type\":\"EntryPoint\",\"urlTemplate\":\"https:\\\/\\\/acuariosupremus.com\\\/?s={search_term_string}\"},\"query-input\":{\"@type\":\"PropertyValueSpecification\",\"valueRequired\":true,\"valueName\":\"search_term_string\"}}],\"inLanguage\":\"es\"},{\"@type\":\"Organization\",\"@id\":\"https:\\\/\\\/acuariosupremus.com\\\/#organization\",\"name\":\"Acuario Supremus\",\"url\":\"https:\\\/\\\/acuariosupremus.com\\\/\",\"logo\":{\"@type\":\"ImageObject\",\"inLanguage\":\"es\",\"@id\":\"https:\\\/\\\/acuariosupremus.com\\\/#\\\/schema\\\/logo\\\/image\\\/\",\"url\":\"https:\\\/\\\/acuariosupremus.com\\\/wp-content\\\/uploads\\\/2021\\\/12\\\/cropped-logo_acuario_supremus_fn-2.png\",\"contentUrl\":\"https:\\\/\\\/acuariosupremus.com\\\/wp-content\\\/uploads\\\/2021\\\/12\\\/cropped-logo_acuario_supremus_fn-2.png\",\"width\":1000,\"height\":318,\"caption\":\"Acuario Supremus\"},\"image\":{\"@id\":\"https:\\\/\\\/acuariosupremus.com\\\/#\\\/schema\\\/logo\\\/image\\\/\"},\"sameAs\":[\"https:\\\/\\\/www.facebook.com\\\/AcuarioSupremus\",\"https:\\\/\\\/x.com\\\/AcuarioSupremus\",\"https:\\\/\\\/www.instagram.com\\\/acuariosupremus\\\/?hl=es\"]}]}<\/script>\n<!-- \/ Yoast SEO plugin. -->","yoast_head_json":{"title":"ALIMENTO HAMSTER 450 GRS. | Acuario Supremus","description":"Las rosetas de alimento balanceado Redkite, Proveen a la mascota de todos los nutrientes esenciales para un desarrollo y mantenimiento \u00f3ptimo.","robots":{"index":"index","follow":"follow","max-snippet":"max-snippet:-1","max-image-preview":"max-image-preview:large","max-video-preview":"max-video-preview:-1"},"canonical":"https:\/\/acuariosupremus.com\/?product=alimento-hamster-450-grs","og_locale":"es_MX","og_type":"article","og_title":"ALIMENTO HAMSTER 450 GRS. | Acuario Supremus","og_description":"Las rosetas de alimento balanceado Redkite, Proveen a la mascota de todos los nutrientes esenciales para un desarrollo y mantenimiento \u00f3ptimo.","og_url":"https:\/\/acuariosupremus.com\/?product=alimento-hamster-450-grs","og_site_name":"Acuario Supremus","article_publisher":"https:\/\/www.facebook.com\/AcuarioSupremus","article_modified_time":"2026-01-09T20:08:58+00:00","og_image":[{"width":1000,"height":1000,"url":"https:\/\/acuariosupremus.com\/wp-content\/uploads\/2022\/02\/WAT450.jpg","type":"image\/jpeg"}],"twitter_card":"summary_large_image","twitter_site":"@AcuarioSupremus","twitter_misc":{"Tiempo de lectura":"1 minuto"},"schema":{"@context":"https:\/\/schema.org","@graph":[{"@type":"WebPage","@id":"https:\/\/acuariosupremus.com\/?product=alimento-hamster-450-grs","url":"https:\/\/acuariosupremus.com\/?product=alimento-hamster-450-grs","name":"ALIMENTO HAMSTER 450 GRS. | Acuario Supremus","isPartOf":{"@id":"https:\/\/acuariosupremus.com\/#website"},"primaryImageOfPage":{"@id":"https:\/\/acuariosupremus.com\/?product=alimento-hamster-450-grs#primaryimage"},"image":{"@id":"https:\/\/acuariosupremus.com\/?product=alimento-hamster-450-grs#primaryimage"},"thumbnailUrl":"https:\/\/acuariosupremus.com\/wp-content\/uploads\/2022\/02\/WAT450.jpg","datePublished":"2022-02-16T01:29:51+00:00","dateModified":"2026-01-09T20:08:58+00:00","description":"Las rosetas de alimento balanceado Redkite, Proveen a la mascota de todos los nutrientes esenciales para un desarrollo y mantenimiento \u00f3ptimo.","breadcrumb":{"@id":"https:\/\/acuariosupremus.com\/?product=alimento-hamster-450-grs#breadcrumb"},"inLanguage":"es","potentialAction":[{"@type":"ReadAction","target":["https:\/\/acuariosupremus.com\/?product=alimento-hamster-450-grs"]}]},{"@type":"ImageObject","inLanguage":"es","@id":"https:\/\/acuariosupremus.com\/?product=alimento-hamster-450-grs#primaryimage","url":"https:\/\/acuariosupremus.com\/wp-content\/uploads\/2022\/02\/WAT450.jpg","contentUrl":"https:\/\/acuariosupremus.com\/wp-content\/uploads\/2022\/02\/WAT450.jpg","width":1000,"height":1000},{"@type":"BreadcrumbList","@id":"https:\/\/acuariosupremus.com\/?product=alimento-hamster-450-grs#breadcrumb","itemListElement":[{"@type":"ListItem","position":1,"name":"Portada","item":"https:\/\/acuariosupremus.com\/"},{"@type":"ListItem","position":2,"name":"Tienda","item":"https:\/\/acuariosupremus.com\/tienda\/"},{"@type":"ListItem","position":3,"name":"ALIMENTO HAMSTER 450 GRS."}]},{"@type":"WebSite","@id":"https:\/\/acuariosupremus.com\/#website","url":"https:\/\/acuariosupremus.com\/","name":"Acuario Supremus","description":"Peces, Peceras y Mascotas.","publisher":{"@id":"https:\/\/acuariosupremus.com\/#organization"},"potentialAction":[{"@type":"SearchAction","target":{"@type":"EntryPoint","urlTemplate":"https:\/\/acuariosupremus.com\/?s={search_term_string}"},"query-input":{"@type":"PropertyValueSpecification","valueRequired":true,"valueName":"search_term_string"}}],"inLanguage":"es"},{"@type":"Organization","@id":"https:\/\/acuariosupremus.com\/#organization","name":"Acuario Supremus","url":"https:\/\/acuariosupremus.com\/","logo":{"@type":"ImageObject","inLanguage":"es","@id":"https:\/\/acuariosupremus.com\/#\/schema\/logo\/image\/","url":"https:\/\/acuariosupremus.com\/wp-content\/uploads\/2021\/12\/cropped-logo_acuario_supremus_fn-2.png","contentUrl":"https:\/\/acuariosupremus.com\/wp-content\/uploads\/2021\/12\/cropped-logo_acuario_supremus_fn-2.png","width":1000,"height":318,"caption":"Acuario Supremus"},"image":{"@id":"https:\/\/acuariosupremus.com\/#\/schema\/logo\/image\/"},"sameAs":["https:\/\/www.facebook.com\/AcuarioSupremus","https:\/\/x.com\/AcuarioSupremus","https:\/\/www.instagram.com\/acuariosupremus\/?hl=es"]}]}},"jetpack_sharing_enabled":true,"_links":{"self":[{"href":"https:\/\/acuariosupremus.com\/index.php?rest_route=\/wp\/v2\/product\/3026","targetHints":{"allow":["GET"]}}],"collection":[{"href":"https:\/\/acuariosupremus.com\/index.php?rest_route=\/wp\/v2\/product"}],"about":[{"href":"https:\/\/acuariosupremus.com\/index.php?rest_route=\/wp\/v2\/types\/product"}],"wp:featuredmedia":[{"embeddable":true,"href":"https:\/\/acuariosupremus.com\/index.php?rest_route=\/wp\/v2\/media\/3027"}],"wp:attachment":[{"href":"https:\/\/acuariosupremus.com\/index.php?rest_route=%2Fwp%2Fv2%2Fmedia&parent=3026"}],"wp:term":[{"taxonomy":"product_brand","embeddable":true,"href":"https:\/\/acuariosupremus.com\/index.php?rest_route=%2Fwp%2Fv2%2Fproduct_brand&post=3026"},{"taxonomy":"product_cat","embeddable":true,"href":"https:\/\/acuariosupremus.com\/index.php?rest_route=%2Fwp%2Fv2%2Fproduct_cat&post=3026"},{"taxonomy":"product_tag","embeddable":true,"href":"https:\/\/acuariosupremus.com\/index.php?rest_route=%2Fwp%2Fv2%2Fproduct_tag&post=3026"}],"curies":[{"name":"wp","href":"https:\/\/api.w.org\/{rel}","templated":true}]}}