{"id":3030,"date":"2022-02-15T19:34:39","date_gmt":"2022-02-16T01:34:39","guid":{"rendered":"https:\/\/acuariosupremus.com\/?post_type=product&#038;p=3030"},"modified":"2026-01-09T14:10:31","modified_gmt":"2026-01-09T20:10:31","slug":"alimento-huron-ferret-diet-1kg","status":"publish","type":"product","link":"https:\/\/acuariosupremus.com\/?product=alimento-huron-ferret-diet-1kg","title":{"rendered":"ALIMENTO HURON FERRET DIET 1KG."},"content":{"rendered":"<p>An\u00e1lisis garantizado:<br \/>\nHumedad M\u00e1x. 8.0%<br \/>\nCenizas M\u00e1x. 8.0%<br \/>\nGrasa Cruda M\u00edn. 10.0%<br \/>\nProte\u00edna M\u00edn. 32.0%<br \/>\nFibra Cruda M\u00e1x. 4.0%<br \/>\nE.L.N M\u00e1x. 28.0%<br \/>\nInstrucciones:<br \/>\nInstrucciones de alimentaci\u00f3n:<br \/>\nAlimente al hur\u00f3n con la cantidad de alimento que consuma durante todo el d\u00eda. Remueva el sobrante diariamente.<br \/>\nProvea siempre de agua limpia y fresca. Los hurones adultos pueden comer cada 3 \u00f3 4 horas, y tantas como 7 a 10 comidas<br \/>\ndiarias.<br \/>\nRecomendaciones:<br \/>\nPara m\u00e1xima frescura, reselle el empaque y almac\u00e9nelo en un sitio fresco y seco.<br \/>\nRefrigere para almacenamiento prolongados.<br \/>\nIngredientes:<br \/>\nHarina de pollo, cereales molidos, aceite de pescado, harina de pescado, gluten de ma\u00edz, harina de carne y hueso, grasa de pollo, calcio, f\u00f3sforo, magnesio, zinc, hierro, cobre, yodo, potasio, selenio, vitamina A, vitamina D3, vitamina E, vitamina B12, mononitrato de tiamina, riboflavina, taurina, \u00e1cido pantot\u00e9nico, niacina, piridoxina, \u00e1cido f\u00f3lico biotina, cloruro de colina, vitamina K, lisina, metionina.<br \/>\nContenido:<br \/>\n<strong>1.02 KG.<\/strong><\/p>\n","protected":false},"excerpt":{"rendered":"<p>El alimento Gourmet para hur\u00f3n esta empacado en una bolsa herm\u00e9tica resellable. El empaque mantiene el alimento de hur\u00f3n fresco. Alimento para hur\u00f3n rico en carne de pollo y pescado para ofrecer gran variedad y sabor.<br \/>\nContiene prote\u00edna y grasa cruda balanceados en forma adecuada para mantener la energ\u00eda del hur\u00f3n y el nivel de ingesta alto.<br \/>\nImportante:<br \/>\nAlimento formulado espec\u00edficamente para hurones, asegura una dieta completamente balanceada y digerible.<\/p>\n","protected":false},"featured_media":3031,"template":"","meta":[],"product_brand":[104],"product_cat":[67,71],"product_tag":[282],"class_list":{"0":"post-3030","1":"product","2":"type-product","3":"status-publish","4":"has-post-thumbnail","6":"product_brand-redkite","7":"product_cat-pequenos-mamiferos","8":"product_cat-nutricion-pequenos-mamiferos","9":"product_tag-alimento-roedores","11":"first","12":"instock","13":"sale","14":"shipping-taxable","15":"purchasable","16":"product-type-simple"},"yoast_head":"<!-- This site is optimized with the Yoast SEO plugin v27.4 - https:\/\/yoast.com\/product\/yoast-seo-wordpress\/ -->\n<title>ALIMENTO HURON FERRET DIET 1KG. | Acuario Supremus<\/title>\n<meta name=\"description\" content=\"Alimento para hur\u00f3n rico en carne de pollo y pescado para ofrecer gran variedad y sabor.Contiene prote\u00edna y grasa cruda balanceados.\" \/>\n<meta name=\"robots\" content=\"index, follow, max-snippet:-1, max-image-preview:large, max-video-preview:-1\" \/>\n<link rel=\"canonical\" href=\"https:\/\/acuariosupremus.com\/?product=alimento-huron-ferret-diet-1kg\" \/>\n<meta property=\"og:locale\" content=\"es_MX\" \/>\n<meta property=\"og:type\" content=\"article\" \/>\n<meta property=\"og:title\" content=\"ALIMENTO HURON FERRET DIET 1KG. | Acuario Supremus\" \/>\n<meta property=\"og:description\" content=\"Alimento para hur\u00f3n rico en carne de pollo y pescado para ofrecer gran variedad y sabor.Contiene prote\u00edna y grasa cruda balanceados.\" \/>\n<meta property=\"og:url\" content=\"https:\/\/acuariosupremus.com\/?product=alimento-huron-ferret-diet-1kg\" \/>\n<meta property=\"og:site_name\" content=\"Acuario Supremus\" \/>\n<meta property=\"article:publisher\" content=\"https:\/\/www.facebook.com\/AcuarioSupremus\" \/>\n<meta property=\"article:modified_time\" content=\"2026-01-09T20:10:31+00:00\" \/>\n<meta property=\"og:image\" content=\"https:\/\/acuariosupremus.com\/wp-content\/uploads\/2022\/02\/WAT572.jpg\" \/>\n\t<meta property=\"og:image:width\" content=\"1000\" \/>\n\t<meta property=\"og:image:height\" content=\"1000\" \/>\n\t<meta property=\"og:image:type\" content=\"image\/jpeg\" \/>\n<meta name=\"twitter:card\" content=\"summary_large_image\" \/>\n<meta name=\"twitter:site\" content=\"@AcuarioSupremus\" \/>\n<meta name=\"twitter:label1\" content=\"Tiempo de lectura\" \/>\n\t<meta name=\"twitter:data1\" content=\"1 minuto\" \/>\n<script type=\"application\/ld+json\" class=\"yoast-schema-graph\">{\"@context\":\"https:\\\/\\\/schema.org\",\"@graph\":[{\"@type\":\"WebPage\",\"@id\":\"https:\\\/\\\/acuariosupremus.com\\\/?product=alimento-huron-ferret-diet-1kg\",\"url\":\"https:\\\/\\\/acuariosupremus.com\\\/?product=alimento-huron-ferret-diet-1kg\",\"name\":\"ALIMENTO HURON FERRET DIET 1KG. | Acuario Supremus\",\"isPartOf\":{\"@id\":\"https:\\\/\\\/acuariosupremus.com\\\/#website\"},\"primaryImageOfPage\":{\"@id\":\"https:\\\/\\\/acuariosupremus.com\\\/?product=alimento-huron-ferret-diet-1kg#primaryimage\"},\"image\":{\"@id\":\"https:\\\/\\\/acuariosupremus.com\\\/?product=alimento-huron-ferret-diet-1kg#primaryimage\"},\"thumbnailUrl\":\"https:\\\/\\\/acuariosupremus.com\\\/wp-content\\\/uploads\\\/2022\\\/02\\\/WAT572.jpg\",\"datePublished\":\"2022-02-16T01:34:39+00:00\",\"dateModified\":\"2026-01-09T20:10:31+00:00\",\"description\":\"Alimento para hur\u00f3n rico en carne de pollo y pescado para ofrecer gran variedad y sabor.Contiene prote\u00edna y grasa cruda balanceados.\",\"breadcrumb\":{\"@id\":\"https:\\\/\\\/acuariosupremus.com\\\/?product=alimento-huron-ferret-diet-1kg#breadcrumb\"},\"inLanguage\":\"es\",\"potentialAction\":[{\"@type\":\"ReadAction\",\"target\":[\"https:\\\/\\\/acuariosupremus.com\\\/?product=alimento-huron-ferret-diet-1kg\"]}]},{\"@type\":\"ImageObject\",\"inLanguage\":\"es\",\"@id\":\"https:\\\/\\\/acuariosupremus.com\\\/?product=alimento-huron-ferret-diet-1kg#primaryimage\",\"url\":\"https:\\\/\\\/acuariosupremus.com\\\/wp-content\\\/uploads\\\/2022\\\/02\\\/WAT572.jpg\",\"contentUrl\":\"https:\\\/\\\/acuariosupremus.com\\\/wp-content\\\/uploads\\\/2022\\\/02\\\/WAT572.jpg\",\"width\":1000,\"height\":1000},{\"@type\":\"BreadcrumbList\",\"@id\":\"https:\\\/\\\/acuariosupremus.com\\\/?product=alimento-huron-ferret-diet-1kg#breadcrumb\",\"itemListElement\":[{\"@type\":\"ListItem\",\"position\":1,\"name\":\"Portada\",\"item\":\"https:\\\/\\\/acuariosupremus.com\\\/\"},{\"@type\":\"ListItem\",\"position\":2,\"name\":\"Tienda\",\"item\":\"https:\\\/\\\/acuariosupremus.com\\\/tienda\\\/\"},{\"@type\":\"ListItem\",\"position\":3,\"name\":\"ALIMENTO HURON FERRET DIET 1KG.\"}]},{\"@type\":\"WebSite\",\"@id\":\"https:\\\/\\\/acuariosupremus.com\\\/#website\",\"url\":\"https:\\\/\\\/acuariosupremus.com\\\/\",\"name\":\"Acuario Supremus\",\"description\":\"Peces, Peceras y Mascotas.\",\"publisher\":{\"@id\":\"https:\\\/\\\/acuariosupremus.com\\\/#organization\"},\"potentialAction\":[{\"@type\":\"SearchAction\",\"target\":{\"@type\":\"EntryPoint\",\"urlTemplate\":\"https:\\\/\\\/acuariosupremus.com\\\/?s={search_term_string}\"},\"query-input\":{\"@type\":\"PropertyValueSpecification\",\"valueRequired\":true,\"valueName\":\"search_term_string\"}}],\"inLanguage\":\"es\"},{\"@type\":\"Organization\",\"@id\":\"https:\\\/\\\/acuariosupremus.com\\\/#organization\",\"name\":\"Acuario Supremus\",\"url\":\"https:\\\/\\\/acuariosupremus.com\\\/\",\"logo\":{\"@type\":\"ImageObject\",\"inLanguage\":\"es\",\"@id\":\"https:\\\/\\\/acuariosupremus.com\\\/#\\\/schema\\\/logo\\\/image\\\/\",\"url\":\"https:\\\/\\\/acuariosupremus.com\\\/wp-content\\\/uploads\\\/2021\\\/12\\\/cropped-logo_acuario_supremus_fn-2.png\",\"contentUrl\":\"https:\\\/\\\/acuariosupremus.com\\\/wp-content\\\/uploads\\\/2021\\\/12\\\/cropped-logo_acuario_supremus_fn-2.png\",\"width\":1000,\"height\":318,\"caption\":\"Acuario Supremus\"},\"image\":{\"@id\":\"https:\\\/\\\/acuariosupremus.com\\\/#\\\/schema\\\/logo\\\/image\\\/\"},\"sameAs\":[\"https:\\\/\\\/www.facebook.com\\\/AcuarioSupremus\",\"https:\\\/\\\/x.com\\\/AcuarioSupremus\",\"https:\\\/\\\/www.instagram.com\\\/acuariosupremus\\\/?hl=es\"]}]}<\/script>\n<!-- \/ Yoast SEO plugin. -->","yoast_head_json":{"title":"ALIMENTO HURON FERRET DIET 1KG. | Acuario Supremus","description":"Alimento para hur\u00f3n rico en carne de pollo y pescado para ofrecer gran variedad y sabor.Contiene prote\u00edna y grasa cruda balanceados.","robots":{"index":"index","follow":"follow","max-snippet":"max-snippet:-1","max-image-preview":"max-image-preview:large","max-video-preview":"max-video-preview:-1"},"canonical":"https:\/\/acuariosupremus.com\/?product=alimento-huron-ferret-diet-1kg","og_locale":"es_MX","og_type":"article","og_title":"ALIMENTO HURON FERRET DIET 1KG. | Acuario Supremus","og_description":"Alimento para hur\u00f3n rico en carne de pollo y pescado para ofrecer gran variedad y sabor.Contiene prote\u00edna y grasa cruda balanceados.","og_url":"https:\/\/acuariosupremus.com\/?product=alimento-huron-ferret-diet-1kg","og_site_name":"Acuario Supremus","article_publisher":"https:\/\/www.facebook.com\/AcuarioSupremus","article_modified_time":"2026-01-09T20:10:31+00:00","og_image":[{"width":1000,"height":1000,"url":"https:\/\/acuariosupremus.com\/wp-content\/uploads\/2022\/02\/WAT572.jpg","type":"image\/jpeg"}],"twitter_card":"summary_large_image","twitter_site":"@AcuarioSupremus","twitter_misc":{"Tiempo de lectura":"1 minuto"},"schema":{"@context":"https:\/\/schema.org","@graph":[{"@type":"WebPage","@id":"https:\/\/acuariosupremus.com\/?product=alimento-huron-ferret-diet-1kg","url":"https:\/\/acuariosupremus.com\/?product=alimento-huron-ferret-diet-1kg","name":"ALIMENTO HURON FERRET DIET 1KG. | Acuario Supremus","isPartOf":{"@id":"https:\/\/acuariosupremus.com\/#website"},"primaryImageOfPage":{"@id":"https:\/\/acuariosupremus.com\/?product=alimento-huron-ferret-diet-1kg#primaryimage"},"image":{"@id":"https:\/\/acuariosupremus.com\/?product=alimento-huron-ferret-diet-1kg#primaryimage"},"thumbnailUrl":"https:\/\/acuariosupremus.com\/wp-content\/uploads\/2022\/02\/WAT572.jpg","datePublished":"2022-02-16T01:34:39+00:00","dateModified":"2026-01-09T20:10:31+00:00","description":"Alimento para hur\u00f3n rico en carne de pollo y pescado para ofrecer gran variedad y sabor.Contiene prote\u00edna y grasa cruda balanceados.","breadcrumb":{"@id":"https:\/\/acuariosupremus.com\/?product=alimento-huron-ferret-diet-1kg#breadcrumb"},"inLanguage":"es","potentialAction":[{"@type":"ReadAction","target":["https:\/\/acuariosupremus.com\/?product=alimento-huron-ferret-diet-1kg"]}]},{"@type":"ImageObject","inLanguage":"es","@id":"https:\/\/acuariosupremus.com\/?product=alimento-huron-ferret-diet-1kg#primaryimage","url":"https:\/\/acuariosupremus.com\/wp-content\/uploads\/2022\/02\/WAT572.jpg","contentUrl":"https:\/\/acuariosupremus.com\/wp-content\/uploads\/2022\/02\/WAT572.jpg","width":1000,"height":1000},{"@type":"BreadcrumbList","@id":"https:\/\/acuariosupremus.com\/?product=alimento-huron-ferret-diet-1kg#breadcrumb","itemListElement":[{"@type":"ListItem","position":1,"name":"Portada","item":"https:\/\/acuariosupremus.com\/"},{"@type":"ListItem","position":2,"name":"Tienda","item":"https:\/\/acuariosupremus.com\/tienda\/"},{"@type":"ListItem","position":3,"name":"ALIMENTO HURON FERRET DIET 1KG."}]},{"@type":"WebSite","@id":"https:\/\/acuariosupremus.com\/#website","url":"https:\/\/acuariosupremus.com\/","name":"Acuario Supremus","description":"Peces, Peceras y Mascotas.","publisher":{"@id":"https:\/\/acuariosupremus.com\/#organization"},"potentialAction":[{"@type":"SearchAction","target":{"@type":"EntryPoint","urlTemplate":"https:\/\/acuariosupremus.com\/?s={search_term_string}"},"query-input":{"@type":"PropertyValueSpecification","valueRequired":true,"valueName":"search_term_string"}}],"inLanguage":"es"},{"@type":"Organization","@id":"https:\/\/acuariosupremus.com\/#organization","name":"Acuario Supremus","url":"https:\/\/acuariosupremus.com\/","logo":{"@type":"ImageObject","inLanguage":"es","@id":"https:\/\/acuariosupremus.com\/#\/schema\/logo\/image\/","url":"https:\/\/acuariosupremus.com\/wp-content\/uploads\/2021\/12\/cropped-logo_acuario_supremus_fn-2.png","contentUrl":"https:\/\/acuariosupremus.com\/wp-content\/uploads\/2021\/12\/cropped-logo_acuario_supremus_fn-2.png","width":1000,"height":318,"caption":"Acuario Supremus"},"image":{"@id":"https:\/\/acuariosupremus.com\/#\/schema\/logo\/image\/"},"sameAs":["https:\/\/www.facebook.com\/AcuarioSupremus","https:\/\/x.com\/AcuarioSupremus","https:\/\/www.instagram.com\/acuariosupremus\/?hl=es"]}]}},"jetpack_sharing_enabled":true,"_links":{"self":[{"href":"https:\/\/acuariosupremus.com\/index.php?rest_route=\/wp\/v2\/product\/3030","targetHints":{"allow":["GET"]}}],"collection":[{"href":"https:\/\/acuariosupremus.com\/index.php?rest_route=\/wp\/v2\/product"}],"about":[{"href":"https:\/\/acuariosupremus.com\/index.php?rest_route=\/wp\/v2\/types\/product"}],"wp:featuredmedia":[{"embeddable":true,"href":"https:\/\/acuariosupremus.com\/index.php?rest_route=\/wp\/v2\/media\/3031"}],"wp:attachment":[{"href":"https:\/\/acuariosupremus.com\/index.php?rest_route=%2Fwp%2Fv2%2Fmedia&parent=3030"}],"wp:term":[{"taxonomy":"product_brand","embeddable":true,"href":"https:\/\/acuariosupremus.com\/index.php?rest_route=%2Fwp%2Fv2%2Fproduct_brand&post=3030"},{"taxonomy":"product_cat","embeddable":true,"href":"https:\/\/acuariosupremus.com\/index.php?rest_route=%2Fwp%2Fv2%2Fproduct_cat&post=3030"},{"taxonomy":"product_tag","embeddable":true,"href":"https:\/\/acuariosupremus.com\/index.php?rest_route=%2Fwp%2Fv2%2Fproduct_tag&post=3030"}],"curies":[{"name":"wp","href":"https:\/\/api.w.org\/{rel}","templated":true}]}}