{"id":3072,"date":"2022-02-16T14:31:31","date_gmt":"2022-02-16T20:31:31","guid":{"rendered":"https:\/\/acuariosupremus.com\/?post_type=product&#038;p=3072"},"modified":"2026-01-09T16:14:42","modified_gmt":"2026-01-09T22:14:42","slug":"reptilario-med-para-banos-de-sol","status":"publish","type":"product","link":"https:\/\/acuariosupremus.com\/?product=reptilario-med-para-banos-de-sol","title":{"rendered":"REPTILARIO MED PARA BA\u00d1OS DE SOL."},"content":{"rendered":"<p>Modo de uso:<br \/>\nEl reptilario tiene funci\u00f3n de asoleadero o h\u00e1bitat temporal para el reptil. Se puede utilizar de forma vertical, horizontal o colgante. Cuenta con un cierre que abre en la cara lateral y superior para facilitar el acceso del reptil. Se recomienda colocarlo en una superficie o base estable. Emplee el tapete como suelo al interior del reptilario.<br \/>\nEste producto no cumple la funci\u00f3n de un terrario o h\u00e1bitat fijo, es muy importante ofrecer a su mascota un hogar que simule su h\u00e1bitat natural.<\/p>\n<p>Precauciones y advertencias:<br \/>\nLA EXPOSICI\u00d3N PROLONGADA DEL REPTIL AL SOL SIN VIGILANCIA PUEDE TENER CONSECUENCIAS FATALES. Mant\u00e9ngase fuera del alcance de menores. Se debe vigilar al reptil siempre que se encuentre en el reptilario. CADA REPTIL DEBE TENER SU PROPIO REPTILARIO para evitar la propagaci\u00f3n de enfermedades.<br \/>\nEl uso de este producto es responsabilidad del due\u00f1o de la mascota.<\/p>\n<p><strong>40 cm x 40 cm x 60 cm<\/strong><\/p>\n<p>Contenido: &#8211; Estructura de madera natural &#8211; Malla a prueba de escapes &#8211; Tapete de doble vista &#8211; Accesorio para colgar &#8211; Manual con consejos para dar ba\u00f1os de sol a tu reptil<\/p>\n<p>&nbsp;<\/p>\n","protected":false},"excerpt":{"rendered":"<p>El terrario Reptilia es ideal para ofrecer ba\u00f1os de sol al reptil, ya que su malla permite que los rayos UV penetren y a su vez, evita que tu mascota est\u00e9 expuesta a depredadores o se escape. Recuerda supervisar siempre a tu mascota durante sus ba\u00f1os de sol.<\/p>\n<p>Beneficios:<br \/>\n&#8211; Ideal para reptiles peque\u00f1os<br \/>\n&#8211; 3 en 1: colocaci\u00f3n horizontal, vertical o colgante<br \/>\n&#8211; Ideal para ba\u00f1os de sol<br \/>\n&#8211; Evita que tu mascota se escape<br \/>\n&#8211; Duradero, resistente y ligero<br \/>\n&#8211; F\u00e1cil de armar y transportar<\/p>\n","protected":false},"featured_media":3073,"template":"","meta":[],"product_brand":[111],"product_cat":[84,86],"product_tag":[287],"class_list":{"0":"post-3072","1":"product","2":"type-product","3":"status-publish","4":"has-post-thumbnail","6":"product_brand-reptilia","7":"product_cat-reptiles-y-anfibios","8":"product_cat-habitat","9":"product_tag-reptilario","11":"first","12":"instock","13":"sale","14":"shipping-taxable","15":"purchasable","16":"product-type-simple"},"yoast_head":"<!-- This site is optimized with the Yoast SEO plugin v27.4 - https:\/\/yoast.com\/product\/yoast-seo-wordpress\/ -->\n<title>REPTILARIO MED PARA BA\u00d1OS DE SOL. | Acuario Supremus<\/title>\n<meta name=\"description\" content=\"Es ideal para ofrecer ba\u00f1os de sol al reptiles medianos, ya que su malla permite que los rayos UV penetren y a su vez, evita que tu mascota se escape.\" \/>\n<meta name=\"robots\" content=\"index, follow, max-snippet:-1, max-image-preview:large, max-video-preview:-1\" \/>\n<link rel=\"canonical\" href=\"https:\/\/acuariosupremus.com\/?product=reptilario-med-para-banos-de-sol\" \/>\n<meta property=\"og:locale\" content=\"es_MX\" \/>\n<meta property=\"og:type\" content=\"article\" \/>\n<meta property=\"og:title\" content=\"REPTILARIO MED PARA BA\u00d1OS DE SOL. | Acuario Supremus\" \/>\n<meta property=\"og:description\" content=\"Es ideal para ofrecer ba\u00f1os de sol al reptiles medianos, ya que su malla permite que los rayos UV penetren y a su vez, evita que tu mascota se escape.\" \/>\n<meta property=\"og:url\" content=\"https:\/\/acuariosupremus.com\/?product=reptilario-med-para-banos-de-sol\" \/>\n<meta property=\"og:site_name\" content=\"Acuario Supremus\" \/>\n<meta property=\"article:publisher\" content=\"https:\/\/www.facebook.com\/AcuarioSupremus\" \/>\n<meta property=\"article:modified_time\" content=\"2026-01-09T22:14:42+00:00\" \/>\n<meta property=\"og:image\" content=\"https:\/\/acuariosupremus.com\/wp-content\/uploads\/2022\/02\/FL4065_E.jpg\" \/>\n\t<meta property=\"og:image:width\" content=\"1000\" \/>\n\t<meta property=\"og:image:height\" content=\"1000\" \/>\n\t<meta property=\"og:image:type\" content=\"image\/jpeg\" \/>\n<meta name=\"twitter:card\" content=\"summary_large_image\" \/>\n<meta name=\"twitter:site\" content=\"@AcuarioSupremus\" \/>\n<meta name=\"twitter:label1\" content=\"Tiempo de lectura\" \/>\n\t<meta name=\"twitter:data1\" content=\"1 minuto\" \/>\n<script type=\"application\/ld+json\" class=\"yoast-schema-graph\">{\"@context\":\"https:\\\/\\\/schema.org\",\"@graph\":[{\"@type\":\"WebPage\",\"@id\":\"https:\\\/\\\/acuariosupremus.com\\\/?product=reptilario-med-para-banos-de-sol\",\"url\":\"https:\\\/\\\/acuariosupremus.com\\\/?product=reptilario-med-para-banos-de-sol\",\"name\":\"REPTILARIO MED PARA BA\u00d1OS DE SOL. | Acuario Supremus\",\"isPartOf\":{\"@id\":\"https:\\\/\\\/acuariosupremus.com\\\/#website\"},\"primaryImageOfPage\":{\"@id\":\"https:\\\/\\\/acuariosupremus.com\\\/?product=reptilario-med-para-banos-de-sol#primaryimage\"},\"image\":{\"@id\":\"https:\\\/\\\/acuariosupremus.com\\\/?product=reptilario-med-para-banos-de-sol#primaryimage\"},\"thumbnailUrl\":\"https:\\\/\\\/acuariosupremus.com\\\/wp-content\\\/uploads\\\/2022\\\/02\\\/FL4065_E.jpg\",\"datePublished\":\"2022-02-16T20:31:31+00:00\",\"dateModified\":\"2026-01-09T22:14:42+00:00\",\"description\":\"Es ideal para ofrecer ba\u00f1os de sol al reptiles medianos, ya que su malla permite que los rayos UV penetren y a su vez, evita que tu mascota se escape.\",\"breadcrumb\":{\"@id\":\"https:\\\/\\\/acuariosupremus.com\\\/?product=reptilario-med-para-banos-de-sol#breadcrumb\"},\"inLanguage\":\"es\",\"potentialAction\":[{\"@type\":\"ReadAction\",\"target\":[\"https:\\\/\\\/acuariosupremus.com\\\/?product=reptilario-med-para-banos-de-sol\"]}]},{\"@type\":\"ImageObject\",\"inLanguage\":\"es\",\"@id\":\"https:\\\/\\\/acuariosupremus.com\\\/?product=reptilario-med-para-banos-de-sol#primaryimage\",\"url\":\"https:\\\/\\\/acuariosupremus.com\\\/wp-content\\\/uploads\\\/2022\\\/02\\\/FL4065_E.jpg\",\"contentUrl\":\"https:\\\/\\\/acuariosupremus.com\\\/wp-content\\\/uploads\\\/2022\\\/02\\\/FL4065_E.jpg\",\"width\":1000,\"height\":1000},{\"@type\":\"BreadcrumbList\",\"@id\":\"https:\\\/\\\/acuariosupremus.com\\\/?product=reptilario-med-para-banos-de-sol#breadcrumb\",\"itemListElement\":[{\"@type\":\"ListItem\",\"position\":1,\"name\":\"Portada\",\"item\":\"https:\\\/\\\/acuariosupremus.com\\\/\"},{\"@type\":\"ListItem\",\"position\":2,\"name\":\"Tienda\",\"item\":\"https:\\\/\\\/acuariosupremus.com\\\/tienda\\\/\"},{\"@type\":\"ListItem\",\"position\":3,\"name\":\"REPTILARIO MED PARA BA\u00d1OS DE SOL.\"}]},{\"@type\":\"WebSite\",\"@id\":\"https:\\\/\\\/acuariosupremus.com\\\/#website\",\"url\":\"https:\\\/\\\/acuariosupremus.com\\\/\",\"name\":\"Acuario Supremus\",\"description\":\"Peces, Peceras y Mascotas.\",\"publisher\":{\"@id\":\"https:\\\/\\\/acuariosupremus.com\\\/#organization\"},\"potentialAction\":[{\"@type\":\"SearchAction\",\"target\":{\"@type\":\"EntryPoint\",\"urlTemplate\":\"https:\\\/\\\/acuariosupremus.com\\\/?s={search_term_string}\"},\"query-input\":{\"@type\":\"PropertyValueSpecification\",\"valueRequired\":true,\"valueName\":\"search_term_string\"}}],\"inLanguage\":\"es\"},{\"@type\":\"Organization\",\"@id\":\"https:\\\/\\\/acuariosupremus.com\\\/#organization\",\"name\":\"Acuario Supremus\",\"url\":\"https:\\\/\\\/acuariosupremus.com\\\/\",\"logo\":{\"@type\":\"ImageObject\",\"inLanguage\":\"es\",\"@id\":\"https:\\\/\\\/acuariosupremus.com\\\/#\\\/schema\\\/logo\\\/image\\\/\",\"url\":\"https:\\\/\\\/acuariosupremus.com\\\/wp-content\\\/uploads\\\/2021\\\/12\\\/cropped-logo_acuario_supremus_fn-2.png\",\"contentUrl\":\"https:\\\/\\\/acuariosupremus.com\\\/wp-content\\\/uploads\\\/2021\\\/12\\\/cropped-logo_acuario_supremus_fn-2.png\",\"width\":1000,\"height\":318,\"caption\":\"Acuario Supremus\"},\"image\":{\"@id\":\"https:\\\/\\\/acuariosupremus.com\\\/#\\\/schema\\\/logo\\\/image\\\/\"},\"sameAs\":[\"https:\\\/\\\/www.facebook.com\\\/AcuarioSupremus\",\"https:\\\/\\\/x.com\\\/AcuarioSupremus\",\"https:\\\/\\\/www.instagram.com\\\/acuariosupremus\\\/?hl=es\"]}]}<\/script>\n<!-- \/ Yoast SEO plugin. -->","yoast_head_json":{"title":"REPTILARIO MED PARA BA\u00d1OS DE SOL. | Acuario Supremus","description":"Es ideal para ofrecer ba\u00f1os de sol al reptiles medianos, ya que su malla permite que los rayos UV penetren y a su vez, evita que tu mascota se escape.","robots":{"index":"index","follow":"follow","max-snippet":"max-snippet:-1","max-image-preview":"max-image-preview:large","max-video-preview":"max-video-preview:-1"},"canonical":"https:\/\/acuariosupremus.com\/?product=reptilario-med-para-banos-de-sol","og_locale":"es_MX","og_type":"article","og_title":"REPTILARIO MED PARA BA\u00d1OS DE SOL. | Acuario Supremus","og_description":"Es ideal para ofrecer ba\u00f1os de sol al reptiles medianos, ya que su malla permite que los rayos UV penetren y a su vez, evita que tu mascota se escape.","og_url":"https:\/\/acuariosupremus.com\/?product=reptilario-med-para-banos-de-sol","og_site_name":"Acuario Supremus","article_publisher":"https:\/\/www.facebook.com\/AcuarioSupremus","article_modified_time":"2026-01-09T22:14:42+00:00","og_image":[{"width":1000,"height":1000,"url":"https:\/\/acuariosupremus.com\/wp-content\/uploads\/2022\/02\/FL4065_E.jpg","type":"image\/jpeg"}],"twitter_card":"summary_large_image","twitter_site":"@AcuarioSupremus","twitter_misc":{"Tiempo de lectura":"1 minuto"},"schema":{"@context":"https:\/\/schema.org","@graph":[{"@type":"WebPage","@id":"https:\/\/acuariosupremus.com\/?product=reptilario-med-para-banos-de-sol","url":"https:\/\/acuariosupremus.com\/?product=reptilario-med-para-banos-de-sol","name":"REPTILARIO MED PARA BA\u00d1OS DE SOL. | Acuario Supremus","isPartOf":{"@id":"https:\/\/acuariosupremus.com\/#website"},"primaryImageOfPage":{"@id":"https:\/\/acuariosupremus.com\/?product=reptilario-med-para-banos-de-sol#primaryimage"},"image":{"@id":"https:\/\/acuariosupremus.com\/?product=reptilario-med-para-banos-de-sol#primaryimage"},"thumbnailUrl":"https:\/\/acuariosupremus.com\/wp-content\/uploads\/2022\/02\/FL4065_E.jpg","datePublished":"2022-02-16T20:31:31+00:00","dateModified":"2026-01-09T22:14:42+00:00","description":"Es ideal para ofrecer ba\u00f1os de sol al reptiles medianos, ya que su malla permite que los rayos UV penetren y a su vez, evita que tu mascota se escape.","breadcrumb":{"@id":"https:\/\/acuariosupremus.com\/?product=reptilario-med-para-banos-de-sol#breadcrumb"},"inLanguage":"es","potentialAction":[{"@type":"ReadAction","target":["https:\/\/acuariosupremus.com\/?product=reptilario-med-para-banos-de-sol"]}]},{"@type":"ImageObject","inLanguage":"es","@id":"https:\/\/acuariosupremus.com\/?product=reptilario-med-para-banos-de-sol#primaryimage","url":"https:\/\/acuariosupremus.com\/wp-content\/uploads\/2022\/02\/FL4065_E.jpg","contentUrl":"https:\/\/acuariosupremus.com\/wp-content\/uploads\/2022\/02\/FL4065_E.jpg","width":1000,"height":1000},{"@type":"BreadcrumbList","@id":"https:\/\/acuariosupremus.com\/?product=reptilario-med-para-banos-de-sol#breadcrumb","itemListElement":[{"@type":"ListItem","position":1,"name":"Portada","item":"https:\/\/acuariosupremus.com\/"},{"@type":"ListItem","position":2,"name":"Tienda","item":"https:\/\/acuariosupremus.com\/tienda\/"},{"@type":"ListItem","position":3,"name":"REPTILARIO MED PARA BA\u00d1OS DE SOL."}]},{"@type":"WebSite","@id":"https:\/\/acuariosupremus.com\/#website","url":"https:\/\/acuariosupremus.com\/","name":"Acuario Supremus","description":"Peces, Peceras y Mascotas.","publisher":{"@id":"https:\/\/acuariosupremus.com\/#organization"},"potentialAction":[{"@type":"SearchAction","target":{"@type":"EntryPoint","urlTemplate":"https:\/\/acuariosupremus.com\/?s={search_term_string}"},"query-input":{"@type":"PropertyValueSpecification","valueRequired":true,"valueName":"search_term_string"}}],"inLanguage":"es"},{"@type":"Organization","@id":"https:\/\/acuariosupremus.com\/#organization","name":"Acuario Supremus","url":"https:\/\/acuariosupremus.com\/","logo":{"@type":"ImageObject","inLanguage":"es","@id":"https:\/\/acuariosupremus.com\/#\/schema\/logo\/image\/","url":"https:\/\/acuariosupremus.com\/wp-content\/uploads\/2021\/12\/cropped-logo_acuario_supremus_fn-2.png","contentUrl":"https:\/\/acuariosupremus.com\/wp-content\/uploads\/2021\/12\/cropped-logo_acuario_supremus_fn-2.png","width":1000,"height":318,"caption":"Acuario Supremus"},"image":{"@id":"https:\/\/acuariosupremus.com\/#\/schema\/logo\/image\/"},"sameAs":["https:\/\/www.facebook.com\/AcuarioSupremus","https:\/\/x.com\/AcuarioSupremus","https:\/\/www.instagram.com\/acuariosupremus\/?hl=es"]}]}},"jetpack_sharing_enabled":true,"_links":{"self":[{"href":"https:\/\/acuariosupremus.com\/index.php?rest_route=\/wp\/v2\/product\/3072","targetHints":{"allow":["GET"]}}],"collection":[{"href":"https:\/\/acuariosupremus.com\/index.php?rest_route=\/wp\/v2\/product"}],"about":[{"href":"https:\/\/acuariosupremus.com\/index.php?rest_route=\/wp\/v2\/types\/product"}],"wp:featuredmedia":[{"embeddable":true,"href":"https:\/\/acuariosupremus.com\/index.php?rest_route=\/wp\/v2\/media\/3073"}],"wp:attachment":[{"href":"https:\/\/acuariosupremus.com\/index.php?rest_route=%2Fwp%2Fv2%2Fmedia&parent=3072"}],"wp:term":[{"taxonomy":"product_brand","embeddable":true,"href":"https:\/\/acuariosupremus.com\/index.php?rest_route=%2Fwp%2Fv2%2Fproduct_brand&post=3072"},{"taxonomy":"product_cat","embeddable":true,"href":"https:\/\/acuariosupremus.com\/index.php?rest_route=%2Fwp%2Fv2%2Fproduct_cat&post=3072"},{"taxonomy":"product_tag","embeddable":true,"href":"https:\/\/acuariosupremus.com\/index.php?rest_route=%2Fwp%2Fv2%2Fproduct_tag&post=3072"}],"curies":[{"name":"wp","href":"https:\/\/api.w.org\/{rel}","templated":true}]}}