{"id":3080,"date":"2022-02-16T14:43:13","date_gmt":"2022-02-16T20:43:13","guid":{"rendered":"https:\/\/acuariosupremus.com\/?post_type=product&#038;p=3080"},"modified":"2026-01-09T16:16:35","modified_gmt":"2026-01-09T22:16:35","slug":"sustrato-corteza-de-pino-1-3-kg","status":"publish","type":"product","link":"https:\/\/acuariosupremus.com\/?product=sustrato-corteza-de-pino-1-3-kg","title":{"rendered":"SUSTRATO CORTEZA DE PINO 1.3 KG."},"content":{"rendered":"<p>Modo de uso:<br \/>\nColoca el sustrato uniformemente dentro del h\u00e1bitat de tu mascota hasta alcanzar la altura deseada. Hidrata el sustrato constantemente con ayuda de un atomizador con agua purificada o previamente declorada. Cambia el sustrato 1 o 2 veces por semana. Limpia y desinfecta el reptilario antes de agregar el nuevo sustrato. Es recomendable incluir un higr\u00f3metro en tu terrario para verificar la humedad relativa del mismo, asegur\u00e1ndote que sea la adecuada para tu mascota.<br \/>\n\u00bfC\u00d3MO CALCULAR LA CANTIDAD DE SUSTRATO QUE REQUIERO?<br \/>\nLa cantidad de sustrato se mide en litros, seg\u00fan el espacio que ocupa. Para calcular la cantidad de sustrato que requiere tu terrario puedes utilizar la siguiente f\u00f3rmula:<br \/>\nLitros de sustrato= (Ancho del terrario x Largo del terrario x Altura del Sustrato) \/ 1000<br \/>\nPor ejemplo: si tu terrario mide 60cm x 45cm y colocas 3cm de altura de sustrato requieres 8.1 litros de sustrato.<\/p>\n<p>Recomendaciones y advertencias:<br \/>\nRECOMENDADO PARA: Reptiles, anfibios, insectos y ar\u00e1cnidos de ambientes tropicales y subtropicales, as\u00ed como para animales con h\u00e1bitos excavadores.<br \/>\nPRECAUCIONES Y ADVERTENCIAS: Docum\u00e9ntese previamente para conocer los requerimientos y condiciones espec\u00edficas de su especie. Mant\u00e9ngase fuera del alcance de ni\u00f1os. El uso de este producto es responsabilidad del due\u00f1o de la mascota.<br \/>\nEL USO DE ESTE PRODUCTO ES RESPONSABILIDAD DEL DUE\u00d1O DE LA MASCOTA.<\/p>\n<p>&nbsp;<\/p>\n","protected":false},"excerpt":{"rendered":"<p>El sustrato de corteza de \u00e1rbol de pino Reptilia es ideal para aquellos h\u00e1bitats que precisan de un suelo con alta demanda de humedad. Por su alta capacidad de retenci\u00f3n h\u00eddrica, al humedecerse propicia un ambiente con humedad relativa (RH) alta o media dentro del terrario con ayuda de los dem\u00e1s accesorios (l\u00e1mparas, placas t\u00e9rmicas, calentadores, etc.).<\/p>\n<p>Beneficios:<br \/>\n\u2022 Ideal para reptiles, anfibios e invertebrados con requerimientos altos de humedad.<br \/>\n\u2022 Ayuda a mantener la humedad relativa del terrario &#8211; alta capacidad de retenci\u00f3n de agua.<br \/>\n\u2022 Sustrato adecuado para animales excavadores.<br \/>\n\u2022 100% natural y compostable.<br \/>\n\u2022 Da un aspecto natural a tu terrario.<br \/>\n\u2022 Sustrato esterilizado con tratamiento t\u00e9rmico a 120\u00b0C y con exposici\u00f3n a rayos UVC.<br \/>\n\u2022 Libre de polvo, fino y part\u00edculas de metal.<\/p>\n","protected":false},"featured_media":3081,"template":"","meta":[],"product_brand":[111],"product_cat":[84,86],"product_tag":[286],"class_list":{"0":"post-3080","1":"product","2":"type-product","3":"status-publish","4":"has-post-thumbnail","6":"product_brand-reptilia","7":"product_cat-reptiles-y-anfibios","8":"product_cat-habitat","9":"product_tag-sustrato-para-reptiles","11":"first","12":"outofstock","13":"sale","14":"shipping-taxable","15":"purchasable","16":"product-type-simple"},"yoast_head":"<!-- This site is optimized with the Yoast SEO plugin v27.4 - https:\/\/yoast.com\/product\/yoast-seo-wordpress\/ -->\n<title>SUSTRATO CORTEZA DE PINO 1.3 KG. | Acuario Supremus<\/title>\n<meta name=\"description\" content=\"El sustrato de corteza de \u00e1rbol de pino es ideal para aquellos h\u00e1bitats que precisan de un suelo con alta demanda de humedad.\" \/>\n<meta name=\"robots\" content=\"index, follow, max-snippet:-1, max-image-preview:large, max-video-preview:-1\" \/>\n<link rel=\"canonical\" href=\"https:\/\/acuariosupremus.com\/?product=sustrato-corteza-de-pino-1-3-kg\" \/>\n<meta property=\"og:locale\" content=\"es_MX\" \/>\n<meta property=\"og:type\" content=\"article\" \/>\n<meta property=\"og:title\" content=\"SUSTRATO CORTEZA DE PINO 1.3 KG. | Acuario Supremus\" \/>\n<meta property=\"og:description\" content=\"El sustrato de corteza de \u00e1rbol de pino es ideal para aquellos h\u00e1bitats que precisan de un suelo con alta demanda de humedad.\" \/>\n<meta property=\"og:url\" content=\"https:\/\/acuariosupremus.com\/?product=sustrato-corteza-de-pino-1-3-kg\" \/>\n<meta property=\"og:site_name\" content=\"Acuario Supremus\" \/>\n<meta property=\"article:publisher\" content=\"https:\/\/www.facebook.com\/AcuarioSupremus\" \/>\n<meta property=\"article:modified_time\" content=\"2026-01-09T22:16:35+00:00\" \/>\n<meta property=\"og:image\" content=\"https:\/\/acuariosupremus.com\/wp-content\/uploads\/2022\/02\/FL4067.jpg\" \/>\n\t<meta property=\"og:image:width\" content=\"1000\" \/>\n\t<meta property=\"og:image:height\" content=\"1000\" \/>\n\t<meta property=\"og:image:type\" content=\"image\/jpeg\" \/>\n<meta name=\"twitter:card\" content=\"summary_large_image\" \/>\n<meta name=\"twitter:site\" content=\"@AcuarioSupremus\" \/>\n<meta name=\"twitter:label1\" content=\"Tiempo de lectura\" \/>\n\t<meta name=\"twitter:data1\" content=\"1 minuto\" \/>\n<script type=\"application\/ld+json\" class=\"yoast-schema-graph\">{\"@context\":\"https:\\\/\\\/schema.org\",\"@graph\":[{\"@type\":\"WebPage\",\"@id\":\"https:\\\/\\\/acuariosupremus.com\\\/?product=sustrato-corteza-de-pino-1-3-kg\",\"url\":\"https:\\\/\\\/acuariosupremus.com\\\/?product=sustrato-corteza-de-pino-1-3-kg\",\"name\":\"SUSTRATO CORTEZA DE PINO 1.3 KG. | Acuario Supremus\",\"isPartOf\":{\"@id\":\"https:\\\/\\\/acuariosupremus.com\\\/#website\"},\"primaryImageOfPage\":{\"@id\":\"https:\\\/\\\/acuariosupremus.com\\\/?product=sustrato-corteza-de-pino-1-3-kg#primaryimage\"},\"image\":{\"@id\":\"https:\\\/\\\/acuariosupremus.com\\\/?product=sustrato-corteza-de-pino-1-3-kg#primaryimage\"},\"thumbnailUrl\":\"https:\\\/\\\/acuariosupremus.com\\\/wp-content\\\/uploads\\\/2022\\\/02\\\/FL4067.jpg\",\"datePublished\":\"2022-02-16T20:43:13+00:00\",\"dateModified\":\"2026-01-09T22:16:35+00:00\",\"description\":\"El sustrato de corteza de \u00e1rbol de pino es ideal para aquellos h\u00e1bitats que precisan de un suelo con alta demanda de humedad.\",\"breadcrumb\":{\"@id\":\"https:\\\/\\\/acuariosupremus.com\\\/?product=sustrato-corteza-de-pino-1-3-kg#breadcrumb\"},\"inLanguage\":\"es\",\"potentialAction\":[{\"@type\":\"ReadAction\",\"target\":[\"https:\\\/\\\/acuariosupremus.com\\\/?product=sustrato-corteza-de-pino-1-3-kg\"]}]},{\"@type\":\"ImageObject\",\"inLanguage\":\"es\",\"@id\":\"https:\\\/\\\/acuariosupremus.com\\\/?product=sustrato-corteza-de-pino-1-3-kg#primaryimage\",\"url\":\"https:\\\/\\\/acuariosupremus.com\\\/wp-content\\\/uploads\\\/2022\\\/02\\\/FL4067.jpg\",\"contentUrl\":\"https:\\\/\\\/acuariosupremus.com\\\/wp-content\\\/uploads\\\/2022\\\/02\\\/FL4067.jpg\",\"width\":1000,\"height\":1000},{\"@type\":\"BreadcrumbList\",\"@id\":\"https:\\\/\\\/acuariosupremus.com\\\/?product=sustrato-corteza-de-pino-1-3-kg#breadcrumb\",\"itemListElement\":[{\"@type\":\"ListItem\",\"position\":1,\"name\":\"Portada\",\"item\":\"https:\\\/\\\/acuariosupremus.com\\\/\"},{\"@type\":\"ListItem\",\"position\":2,\"name\":\"Tienda\",\"item\":\"https:\\\/\\\/acuariosupremus.com\\\/tienda\\\/\"},{\"@type\":\"ListItem\",\"position\":3,\"name\":\"SUSTRATO CORTEZA DE PINO 1.3 KG.\"}]},{\"@type\":\"WebSite\",\"@id\":\"https:\\\/\\\/acuariosupremus.com\\\/#website\",\"url\":\"https:\\\/\\\/acuariosupremus.com\\\/\",\"name\":\"Acuario Supremus\",\"description\":\"Peces, Peceras y Mascotas.\",\"publisher\":{\"@id\":\"https:\\\/\\\/acuariosupremus.com\\\/#organization\"},\"potentialAction\":[{\"@type\":\"SearchAction\",\"target\":{\"@type\":\"EntryPoint\",\"urlTemplate\":\"https:\\\/\\\/acuariosupremus.com\\\/?s={search_term_string}\"},\"query-input\":{\"@type\":\"PropertyValueSpecification\",\"valueRequired\":true,\"valueName\":\"search_term_string\"}}],\"inLanguage\":\"es\"},{\"@type\":\"Organization\",\"@id\":\"https:\\\/\\\/acuariosupremus.com\\\/#organization\",\"name\":\"Acuario Supremus\",\"url\":\"https:\\\/\\\/acuariosupremus.com\\\/\",\"logo\":{\"@type\":\"ImageObject\",\"inLanguage\":\"es\",\"@id\":\"https:\\\/\\\/acuariosupremus.com\\\/#\\\/schema\\\/logo\\\/image\\\/\",\"url\":\"https:\\\/\\\/acuariosupremus.com\\\/wp-content\\\/uploads\\\/2021\\\/12\\\/cropped-logo_acuario_supremus_fn-2.png\",\"contentUrl\":\"https:\\\/\\\/acuariosupremus.com\\\/wp-content\\\/uploads\\\/2021\\\/12\\\/cropped-logo_acuario_supremus_fn-2.png\",\"width\":1000,\"height\":318,\"caption\":\"Acuario Supremus\"},\"image\":{\"@id\":\"https:\\\/\\\/acuariosupremus.com\\\/#\\\/schema\\\/logo\\\/image\\\/\"},\"sameAs\":[\"https:\\\/\\\/www.facebook.com\\\/AcuarioSupremus\",\"https:\\\/\\\/x.com\\\/AcuarioSupremus\",\"https:\\\/\\\/www.instagram.com\\\/acuariosupremus\\\/?hl=es\"]}]}<\/script>\n<!-- \/ Yoast SEO plugin. -->","yoast_head_json":{"title":"SUSTRATO CORTEZA DE PINO 1.3 KG. | Acuario Supremus","description":"El sustrato de corteza de \u00e1rbol de pino es ideal para aquellos h\u00e1bitats que precisan de un suelo con alta demanda de humedad.","robots":{"index":"index","follow":"follow","max-snippet":"max-snippet:-1","max-image-preview":"max-image-preview:large","max-video-preview":"max-video-preview:-1"},"canonical":"https:\/\/acuariosupremus.com\/?product=sustrato-corteza-de-pino-1-3-kg","og_locale":"es_MX","og_type":"article","og_title":"SUSTRATO CORTEZA DE PINO 1.3 KG. | Acuario Supremus","og_description":"El sustrato de corteza de \u00e1rbol de pino es ideal para aquellos h\u00e1bitats que precisan de un suelo con alta demanda de humedad.","og_url":"https:\/\/acuariosupremus.com\/?product=sustrato-corteza-de-pino-1-3-kg","og_site_name":"Acuario Supremus","article_publisher":"https:\/\/www.facebook.com\/AcuarioSupremus","article_modified_time":"2026-01-09T22:16:35+00:00","og_image":[{"width":1000,"height":1000,"url":"https:\/\/acuariosupremus.com\/wp-content\/uploads\/2022\/02\/FL4067.jpg","type":"image\/jpeg"}],"twitter_card":"summary_large_image","twitter_site":"@AcuarioSupremus","twitter_misc":{"Tiempo de lectura":"1 minuto"},"schema":{"@context":"https:\/\/schema.org","@graph":[{"@type":"WebPage","@id":"https:\/\/acuariosupremus.com\/?product=sustrato-corteza-de-pino-1-3-kg","url":"https:\/\/acuariosupremus.com\/?product=sustrato-corteza-de-pino-1-3-kg","name":"SUSTRATO CORTEZA DE PINO 1.3 KG. | Acuario Supremus","isPartOf":{"@id":"https:\/\/acuariosupremus.com\/#website"},"primaryImageOfPage":{"@id":"https:\/\/acuariosupremus.com\/?product=sustrato-corteza-de-pino-1-3-kg#primaryimage"},"image":{"@id":"https:\/\/acuariosupremus.com\/?product=sustrato-corteza-de-pino-1-3-kg#primaryimage"},"thumbnailUrl":"https:\/\/acuariosupremus.com\/wp-content\/uploads\/2022\/02\/FL4067.jpg","datePublished":"2022-02-16T20:43:13+00:00","dateModified":"2026-01-09T22:16:35+00:00","description":"El sustrato de corteza de \u00e1rbol de pino es ideal para aquellos h\u00e1bitats que precisan de un suelo con alta demanda de humedad.","breadcrumb":{"@id":"https:\/\/acuariosupremus.com\/?product=sustrato-corteza-de-pino-1-3-kg#breadcrumb"},"inLanguage":"es","potentialAction":[{"@type":"ReadAction","target":["https:\/\/acuariosupremus.com\/?product=sustrato-corteza-de-pino-1-3-kg"]}]},{"@type":"ImageObject","inLanguage":"es","@id":"https:\/\/acuariosupremus.com\/?product=sustrato-corteza-de-pino-1-3-kg#primaryimage","url":"https:\/\/acuariosupremus.com\/wp-content\/uploads\/2022\/02\/FL4067.jpg","contentUrl":"https:\/\/acuariosupremus.com\/wp-content\/uploads\/2022\/02\/FL4067.jpg","width":1000,"height":1000},{"@type":"BreadcrumbList","@id":"https:\/\/acuariosupremus.com\/?product=sustrato-corteza-de-pino-1-3-kg#breadcrumb","itemListElement":[{"@type":"ListItem","position":1,"name":"Portada","item":"https:\/\/acuariosupremus.com\/"},{"@type":"ListItem","position":2,"name":"Tienda","item":"https:\/\/acuariosupremus.com\/tienda\/"},{"@type":"ListItem","position":3,"name":"SUSTRATO CORTEZA DE PINO 1.3 KG."}]},{"@type":"WebSite","@id":"https:\/\/acuariosupremus.com\/#website","url":"https:\/\/acuariosupremus.com\/","name":"Acuario Supremus","description":"Peces, Peceras y Mascotas.","publisher":{"@id":"https:\/\/acuariosupremus.com\/#organization"},"potentialAction":[{"@type":"SearchAction","target":{"@type":"EntryPoint","urlTemplate":"https:\/\/acuariosupremus.com\/?s={search_term_string}"},"query-input":{"@type":"PropertyValueSpecification","valueRequired":true,"valueName":"search_term_string"}}],"inLanguage":"es"},{"@type":"Organization","@id":"https:\/\/acuariosupremus.com\/#organization","name":"Acuario Supremus","url":"https:\/\/acuariosupremus.com\/","logo":{"@type":"ImageObject","inLanguage":"es","@id":"https:\/\/acuariosupremus.com\/#\/schema\/logo\/image\/","url":"https:\/\/acuariosupremus.com\/wp-content\/uploads\/2021\/12\/cropped-logo_acuario_supremus_fn-2.png","contentUrl":"https:\/\/acuariosupremus.com\/wp-content\/uploads\/2021\/12\/cropped-logo_acuario_supremus_fn-2.png","width":1000,"height":318,"caption":"Acuario Supremus"},"image":{"@id":"https:\/\/acuariosupremus.com\/#\/schema\/logo\/image\/"},"sameAs":["https:\/\/www.facebook.com\/AcuarioSupremus","https:\/\/x.com\/AcuarioSupremus","https:\/\/www.instagram.com\/acuariosupremus\/?hl=es"]}]}},"jetpack_sharing_enabled":true,"_links":{"self":[{"href":"https:\/\/acuariosupremus.com\/index.php?rest_route=\/wp\/v2\/product\/3080","targetHints":{"allow":["GET"]}}],"collection":[{"href":"https:\/\/acuariosupremus.com\/index.php?rest_route=\/wp\/v2\/product"}],"about":[{"href":"https:\/\/acuariosupremus.com\/index.php?rest_route=\/wp\/v2\/types\/product"}],"wp:featuredmedia":[{"embeddable":true,"href":"https:\/\/acuariosupremus.com\/index.php?rest_route=\/wp\/v2\/media\/3081"}],"wp:attachment":[{"href":"https:\/\/acuariosupremus.com\/index.php?rest_route=%2Fwp%2Fv2%2Fmedia&parent=3080"}],"wp:term":[{"taxonomy":"product_brand","embeddable":true,"href":"https:\/\/acuariosupremus.com\/index.php?rest_route=%2Fwp%2Fv2%2Fproduct_brand&post=3080"},{"taxonomy":"product_cat","embeddable":true,"href":"https:\/\/acuariosupremus.com\/index.php?rest_route=%2Fwp%2Fv2%2Fproduct_cat&post=3080"},{"taxonomy":"product_tag","embeddable":true,"href":"https:\/\/acuariosupremus.com\/index.php?rest_route=%2Fwp%2Fv2%2Fproduct_tag&post=3080"}],"curies":[{"name":"wp","href":"https:\/\/api.w.org\/{rel}","templated":true}]}}