{"id":3211,"date":"2022-02-17T15:42:52","date_gmt":"2022-02-17T21:42:52","guid":{"rendered":"https:\/\/acuariosupremus.com\/?post_type=product&#038;p=3211"},"modified":"2026-01-13T15:27:04","modified_gmt":"2026-01-13T21:27:04","slug":"alimento-p-iguana-juvenil-700-g","status":"publish","type":"product","link":"https:\/\/acuariosupremus.com\/?product=alimento-p-iguana-juvenil-700-g","title":{"rendered":"ALIMENTO IGUANA JUVENIL 700 G"},"content":{"rendered":"<p>Instrucciones:<br \/>\nOral. Ofrezca de una a cuatro cucharadas (5 a 20 gramos) por cada iguana juvenil. Dependiendo de la cantidad de iguanas o el tama\u00f1o de ellas, variar\u00e1 la frecuencia y cantidad de alimento a proporcionar. Gradualmente incremente la cantidad de alimento a su iguana, conforme a su crecimiento.<br \/>\nRecomendaciones:<br \/>\nAdvertencias: Conserve en un lugar fresco y seco. Prot\u00e9jase de la luz directa del sol. No consumir el producto despu\u00e9s de la<br \/>\nfecha de caducidad. Proporcione agua en abundancia a la iguana en todo momento. Monitoree peri\u00f3dicamente el peso de su iguana.<br \/>\nIngredientes:<br \/>\nTrigo (y sus subproductos), pasta de soya, gluten de ma\u00edz, carbonato de calcio, ole\u00edna de palma, fosfato dicalcico, vitamina A,<br \/>\nvitamina D3, vitamina B12, riboflavina, niacina, \u00e1cido f\u00f3lico, menadiona, \u00e1cido pantot\u00e9nico, piridoxina, tiamina, biotina, vitamina E, vitamina C, palatante de pl\u00e1tano, color amarillo, color verde, spirulina, selenio, manganeso, zinc, cobre, yodo, \u00e1cido propi\u00f3nico, antioxidantes BHA y BHT, cloruro de colina, cloruro de sodio.<br \/>\nContenido:<br \/>\n<strong>700 GRS<\/strong><\/p>\n","protected":false},"excerpt":{"rendered":"<p>Alimento iguana juvenil 700 g. El alimento para iguana juvenil de LOMAS\u00ae es una deliciosa f\u00f3rmula elaborada con<br \/>\ningredientes naturales mezclados y balanceados de manera adecuada, como el calcio que participa en el \u00f3ptimo desarrollo de los huesos. Su exquisito sabor con notas de pl\u00e1tano lo hace altamente palatable y r\u00e1pidamente es aceptado por su iguana, ayudando a su sano y equilibrado crecimiento. Recomendado para iguanas menores de 2 a\u00f1os y medio de edad.<br \/>\nAn\u00e1lisis garantizado: Prote\u00edna M\u00edn. 20% Grasa cruda M\u00edn. 3% Fibra cruda M\u00e1x. 14% Calcio M\u00edn 0.90% Calcio M\u00e1x 14%<br \/>\nHumedad M\u00e1x. 12% Fosforo m\u00edn. 0.55%<\/p>\n","protected":false},"featured_media":3212,"template":"","meta":[],"product_brand":[111],"product_cat":[84,89],"product_tag":[294],"class_list":{"0":"post-3211","1":"product","2":"type-product","3":"status-publish","4":"has-post-thumbnail","6":"product_brand-reptilia","7":"product_cat-reptiles-y-anfibios","8":"product_cat-nutricion-reptiles-y-anfibios","9":"product_tag-alimento-iguana","11":"first","12":"instock","13":"sale","14":"shipping-taxable","15":"purchasable","16":"product-type-simple"},"yoast_head":"<!-- This site is optimized with the Yoast SEO plugin v27.4 - https:\/\/yoast.com\/product\/yoast-seo-wordpress\/ -->\n<title>ALIMENTO IGUANA JUVENIL 700 G | Acuario Supremus<\/title>\n<meta name=\"description\" content=\"Alimento iguana juvenil 700 g. es una deliciosa f\u00f3rmula elaborada con ingredientes naturales mezclados y balanceados de manera adecuada,\" \/>\n<meta name=\"robots\" content=\"index, follow, max-snippet:-1, max-image-preview:large, max-video-preview:-1\" \/>\n<link rel=\"canonical\" href=\"https:\/\/acuariosupremus.com\/?product=alimento-p-iguana-juvenil-700-g\" \/>\n<meta property=\"og:locale\" content=\"es_MX\" \/>\n<meta property=\"og:type\" content=\"article\" \/>\n<meta property=\"og:title\" content=\"ALIMENTO IGUANA JUVENIL 700 G | Acuario Supremus\" \/>\n<meta property=\"og:description\" content=\"Alimento iguana juvenil 700 g. es una deliciosa f\u00f3rmula elaborada con ingredientes naturales mezclados y balanceados de manera adecuada,\" \/>\n<meta property=\"og:url\" content=\"https:\/\/acuariosupremus.com\/?product=alimento-p-iguana-juvenil-700-g\" \/>\n<meta property=\"og:site_name\" content=\"Acuario Supremus\" \/>\n<meta property=\"article:publisher\" content=\"https:\/\/www.facebook.com\/AcuarioSupremus\" \/>\n<meta property=\"article:modified_time\" content=\"2026-01-13T21:27:04+00:00\" \/>\n<meta property=\"og:image\" content=\"https:\/\/acuariosupremus.com\/wp-content\/uploads\/2022\/02\/FL4002.jpg\" \/>\n\t<meta property=\"og:image:width\" content=\"496\" \/>\n\t<meta property=\"og:image:height\" content=\"494\" \/>\n\t<meta property=\"og:image:type\" content=\"image\/jpeg\" \/>\n<meta name=\"twitter:card\" content=\"summary_large_image\" \/>\n<meta name=\"twitter:site\" content=\"@AcuarioSupremus\" \/>\n<meta name=\"twitter:label1\" content=\"Tiempo de lectura\" \/>\n\t<meta name=\"twitter:data1\" content=\"1 minuto\" \/>\n<script type=\"application\/ld+json\" class=\"yoast-schema-graph\">{\"@context\":\"https:\\\/\\\/schema.org\",\"@graph\":[{\"@type\":\"WebPage\",\"@id\":\"https:\\\/\\\/acuariosupremus.com\\\/?product=alimento-p-iguana-juvenil-700-g\",\"url\":\"https:\\\/\\\/acuariosupremus.com\\\/?product=alimento-p-iguana-juvenil-700-g\",\"name\":\"ALIMENTO IGUANA JUVENIL 700 G | Acuario Supremus\",\"isPartOf\":{\"@id\":\"https:\\\/\\\/acuariosupremus.com\\\/#website\"},\"primaryImageOfPage\":{\"@id\":\"https:\\\/\\\/acuariosupremus.com\\\/?product=alimento-p-iguana-juvenil-700-g#primaryimage\"},\"image\":{\"@id\":\"https:\\\/\\\/acuariosupremus.com\\\/?product=alimento-p-iguana-juvenil-700-g#primaryimage\"},\"thumbnailUrl\":\"https:\\\/\\\/acuariosupremus.com\\\/wp-content\\\/uploads\\\/2022\\\/02\\\/FL4002.jpg\",\"datePublished\":\"2022-02-17T21:42:52+00:00\",\"dateModified\":\"2026-01-13T21:27:04+00:00\",\"description\":\"Alimento iguana juvenil 700 g. es una deliciosa f\u00f3rmula elaborada con ingredientes naturales mezclados y balanceados de manera adecuada,\",\"breadcrumb\":{\"@id\":\"https:\\\/\\\/acuariosupremus.com\\\/?product=alimento-p-iguana-juvenil-700-g#breadcrumb\"},\"inLanguage\":\"es\",\"potentialAction\":[{\"@type\":\"ReadAction\",\"target\":[\"https:\\\/\\\/acuariosupremus.com\\\/?product=alimento-p-iguana-juvenil-700-g\"]}]},{\"@type\":\"ImageObject\",\"inLanguage\":\"es\",\"@id\":\"https:\\\/\\\/acuariosupremus.com\\\/?product=alimento-p-iguana-juvenil-700-g#primaryimage\",\"url\":\"https:\\\/\\\/acuariosupremus.com\\\/wp-content\\\/uploads\\\/2022\\\/02\\\/FL4002.jpg\",\"contentUrl\":\"https:\\\/\\\/acuariosupremus.com\\\/wp-content\\\/uploads\\\/2022\\\/02\\\/FL4002.jpg\",\"width\":496,\"height\":494},{\"@type\":\"BreadcrumbList\",\"@id\":\"https:\\\/\\\/acuariosupremus.com\\\/?product=alimento-p-iguana-juvenil-700-g#breadcrumb\",\"itemListElement\":[{\"@type\":\"ListItem\",\"position\":1,\"name\":\"Portada\",\"item\":\"https:\\\/\\\/acuariosupremus.com\\\/\"},{\"@type\":\"ListItem\",\"position\":2,\"name\":\"Tienda\",\"item\":\"https:\\\/\\\/acuariosupremus.com\\\/tienda\\\/\"},{\"@type\":\"ListItem\",\"position\":3,\"name\":\"ALIMENTO IGUANA JUVENIL 700 G\"}]},{\"@type\":\"WebSite\",\"@id\":\"https:\\\/\\\/acuariosupremus.com\\\/#website\",\"url\":\"https:\\\/\\\/acuariosupremus.com\\\/\",\"name\":\"Acuario Supremus\",\"description\":\"Peces, Peceras y Mascotas.\",\"publisher\":{\"@id\":\"https:\\\/\\\/acuariosupremus.com\\\/#organization\"},\"potentialAction\":[{\"@type\":\"SearchAction\",\"target\":{\"@type\":\"EntryPoint\",\"urlTemplate\":\"https:\\\/\\\/acuariosupremus.com\\\/?s={search_term_string}\"},\"query-input\":{\"@type\":\"PropertyValueSpecification\",\"valueRequired\":true,\"valueName\":\"search_term_string\"}}],\"inLanguage\":\"es\"},{\"@type\":\"Organization\",\"@id\":\"https:\\\/\\\/acuariosupremus.com\\\/#organization\",\"name\":\"Acuario Supremus\",\"url\":\"https:\\\/\\\/acuariosupremus.com\\\/\",\"logo\":{\"@type\":\"ImageObject\",\"inLanguage\":\"es\",\"@id\":\"https:\\\/\\\/acuariosupremus.com\\\/#\\\/schema\\\/logo\\\/image\\\/\",\"url\":\"https:\\\/\\\/acuariosupremus.com\\\/wp-content\\\/uploads\\\/2021\\\/12\\\/cropped-logo_acuario_supremus_fn-2.png\",\"contentUrl\":\"https:\\\/\\\/acuariosupremus.com\\\/wp-content\\\/uploads\\\/2021\\\/12\\\/cropped-logo_acuario_supremus_fn-2.png\",\"width\":1000,\"height\":318,\"caption\":\"Acuario Supremus\"},\"image\":{\"@id\":\"https:\\\/\\\/acuariosupremus.com\\\/#\\\/schema\\\/logo\\\/image\\\/\"},\"sameAs\":[\"https:\\\/\\\/www.facebook.com\\\/AcuarioSupremus\",\"https:\\\/\\\/x.com\\\/AcuarioSupremus\",\"https:\\\/\\\/www.instagram.com\\\/acuariosupremus\\\/?hl=es\"]}]}<\/script>\n<!-- \/ Yoast SEO plugin. -->","yoast_head_json":{"title":"ALIMENTO IGUANA JUVENIL 700 G | Acuario Supremus","description":"Alimento iguana juvenil 700 g. es una deliciosa f\u00f3rmula elaborada con ingredientes naturales mezclados y balanceados de manera adecuada,","robots":{"index":"index","follow":"follow","max-snippet":"max-snippet:-1","max-image-preview":"max-image-preview:large","max-video-preview":"max-video-preview:-1"},"canonical":"https:\/\/acuariosupremus.com\/?product=alimento-p-iguana-juvenil-700-g","og_locale":"es_MX","og_type":"article","og_title":"ALIMENTO IGUANA JUVENIL 700 G | Acuario Supremus","og_description":"Alimento iguana juvenil 700 g. es una deliciosa f\u00f3rmula elaborada con ingredientes naturales mezclados y balanceados de manera adecuada,","og_url":"https:\/\/acuariosupremus.com\/?product=alimento-p-iguana-juvenil-700-g","og_site_name":"Acuario Supremus","article_publisher":"https:\/\/www.facebook.com\/AcuarioSupremus","article_modified_time":"2026-01-13T21:27:04+00:00","og_image":[{"width":496,"height":494,"url":"https:\/\/acuariosupremus.com\/wp-content\/uploads\/2022\/02\/FL4002.jpg","type":"image\/jpeg"}],"twitter_card":"summary_large_image","twitter_site":"@AcuarioSupremus","twitter_misc":{"Tiempo de lectura":"1 minuto"},"schema":{"@context":"https:\/\/schema.org","@graph":[{"@type":"WebPage","@id":"https:\/\/acuariosupremus.com\/?product=alimento-p-iguana-juvenil-700-g","url":"https:\/\/acuariosupremus.com\/?product=alimento-p-iguana-juvenil-700-g","name":"ALIMENTO IGUANA JUVENIL 700 G | Acuario Supremus","isPartOf":{"@id":"https:\/\/acuariosupremus.com\/#website"},"primaryImageOfPage":{"@id":"https:\/\/acuariosupremus.com\/?product=alimento-p-iguana-juvenil-700-g#primaryimage"},"image":{"@id":"https:\/\/acuariosupremus.com\/?product=alimento-p-iguana-juvenil-700-g#primaryimage"},"thumbnailUrl":"https:\/\/acuariosupremus.com\/wp-content\/uploads\/2022\/02\/FL4002.jpg","datePublished":"2022-02-17T21:42:52+00:00","dateModified":"2026-01-13T21:27:04+00:00","description":"Alimento iguana juvenil 700 g. es una deliciosa f\u00f3rmula elaborada con ingredientes naturales mezclados y balanceados de manera adecuada,","breadcrumb":{"@id":"https:\/\/acuariosupremus.com\/?product=alimento-p-iguana-juvenil-700-g#breadcrumb"},"inLanguage":"es","potentialAction":[{"@type":"ReadAction","target":["https:\/\/acuariosupremus.com\/?product=alimento-p-iguana-juvenil-700-g"]}]},{"@type":"ImageObject","inLanguage":"es","@id":"https:\/\/acuariosupremus.com\/?product=alimento-p-iguana-juvenil-700-g#primaryimage","url":"https:\/\/acuariosupremus.com\/wp-content\/uploads\/2022\/02\/FL4002.jpg","contentUrl":"https:\/\/acuariosupremus.com\/wp-content\/uploads\/2022\/02\/FL4002.jpg","width":496,"height":494},{"@type":"BreadcrumbList","@id":"https:\/\/acuariosupremus.com\/?product=alimento-p-iguana-juvenil-700-g#breadcrumb","itemListElement":[{"@type":"ListItem","position":1,"name":"Portada","item":"https:\/\/acuariosupremus.com\/"},{"@type":"ListItem","position":2,"name":"Tienda","item":"https:\/\/acuariosupremus.com\/tienda\/"},{"@type":"ListItem","position":3,"name":"ALIMENTO IGUANA JUVENIL 700 G"}]},{"@type":"WebSite","@id":"https:\/\/acuariosupremus.com\/#website","url":"https:\/\/acuariosupremus.com\/","name":"Acuario Supremus","description":"Peces, Peceras y Mascotas.","publisher":{"@id":"https:\/\/acuariosupremus.com\/#organization"},"potentialAction":[{"@type":"SearchAction","target":{"@type":"EntryPoint","urlTemplate":"https:\/\/acuariosupremus.com\/?s={search_term_string}"},"query-input":{"@type":"PropertyValueSpecification","valueRequired":true,"valueName":"search_term_string"}}],"inLanguage":"es"},{"@type":"Organization","@id":"https:\/\/acuariosupremus.com\/#organization","name":"Acuario Supremus","url":"https:\/\/acuariosupremus.com\/","logo":{"@type":"ImageObject","inLanguage":"es","@id":"https:\/\/acuariosupremus.com\/#\/schema\/logo\/image\/","url":"https:\/\/acuariosupremus.com\/wp-content\/uploads\/2021\/12\/cropped-logo_acuario_supremus_fn-2.png","contentUrl":"https:\/\/acuariosupremus.com\/wp-content\/uploads\/2021\/12\/cropped-logo_acuario_supremus_fn-2.png","width":1000,"height":318,"caption":"Acuario Supremus"},"image":{"@id":"https:\/\/acuariosupremus.com\/#\/schema\/logo\/image\/"},"sameAs":["https:\/\/www.facebook.com\/AcuarioSupremus","https:\/\/x.com\/AcuarioSupremus","https:\/\/www.instagram.com\/acuariosupremus\/?hl=es"]}]}},"jetpack_sharing_enabled":true,"_links":{"self":[{"href":"https:\/\/acuariosupremus.com\/index.php?rest_route=\/wp\/v2\/product\/3211","targetHints":{"allow":["GET"]}}],"collection":[{"href":"https:\/\/acuariosupremus.com\/index.php?rest_route=\/wp\/v2\/product"}],"about":[{"href":"https:\/\/acuariosupremus.com\/index.php?rest_route=\/wp\/v2\/types\/product"}],"wp:featuredmedia":[{"embeddable":true,"href":"https:\/\/acuariosupremus.com\/index.php?rest_route=\/wp\/v2\/media\/3212"}],"wp:attachment":[{"href":"https:\/\/acuariosupremus.com\/index.php?rest_route=%2Fwp%2Fv2%2Fmedia&parent=3211"}],"wp:term":[{"taxonomy":"product_brand","embeddable":true,"href":"https:\/\/acuariosupremus.com\/index.php?rest_route=%2Fwp%2Fv2%2Fproduct_brand&post=3211"},{"taxonomy":"product_cat","embeddable":true,"href":"https:\/\/acuariosupremus.com\/index.php?rest_route=%2Fwp%2Fv2%2Fproduct_cat&post=3211"},{"taxonomy":"product_tag","embeddable":true,"href":"https:\/\/acuariosupremus.com\/index.php?rest_route=%2Fwp%2Fv2%2Fproduct_tag&post=3211"}],"curies":[{"name":"wp","href":"https:\/\/api.w.org\/{rel}","templated":true}]}}