{"id":3222,"date":"2022-02-17T16:20:44","date_gmt":"2022-02-17T22:20:44","guid":{"rendered":"https:\/\/acuariosupremus.com\/?post_type=product&#038;p=3222"},"modified":"2026-01-13T15:52:41","modified_gmt":"2026-01-13T21:52:41","slug":"reptomin-sticks-baby-28-gr-0-92-oz","status":"publish","type":"product","link":"https:\/\/acuariosupremus.com\/?product=reptomin-sticks-baby-28-gr-0-92-oz","title":{"rendered":"REPTOMIN STICKS BABY 28 GR"},"content":{"rendered":"<p>Alimentar 1 a 2 veces por d\u00eda, s\u00f3lo de acuerdo a la cantidad que se consuma en 3 minutos.<br \/>\nIngredientes:<br \/>\nHarina de pescado, almid\u00f3n de trigo, levadura seca, harina de ma\u00edz, harina de camar\u00f3n, gluten de trigo, prote\u00edna de papa,<br \/>\nharina de soya descascarillada, aceite de soya, fosfato de calcio monob\u00e1sico, L-lisina, lecitina, harina de algas, \u00e1cido asc\u00f3rbico (fuente de vit. C), inositol, niacina, L-ascorbil-2-polifosfato, (vit. C), D-pantotenato de calcio, A-tocoferol-acetato (fuente de vit. E), riboflavina-5-fosfato (fuente de vit. B2), mononitrato de tiamina (fuente de vit. B6), palmitato de vitamina A (fuente de vit. a), complejo de bisulfito s\u00f3dico de menadiona (fuente de vit. K), suplemento de vitamina B12, colecalciferol (fuente de vit. D3), sulfato de manganeso monohidratado, sulfato de zinc monohidratado, sulfato de hierro monohidratado, acetato de cobalto. Colores artificiales: azul 2 pigmento, amarillo 6 pigmento . Etoxiquina como conservante.<br \/>\nProte\u00edna cruda M\u00edn. 39.0%<br \/>\nGrasa cruda M\u00edn. 4.5%<br \/>\nFibra cruda M\u00e1x. 2.0%<br \/>\nHumedad M\u00e1x. 9.0%<br \/>\nF\u00f3sforo M\u00edn. 1.2%<br \/>\nCalcio M\u00edn. 3.0%<br \/>\nCalcio M\u00e1x. 3.5%<br \/>\n\u00c1cido Asc\u00f3rbico (vit. C) M\u00edn. 100 mg\/kg<br \/>\nPeso\/Capacidad:<br \/>\n<strong>26 gramos (0.92 OZ).<\/strong><\/p>\n","protected":false},"excerpt":{"rendered":"<p>ReptoMin Baby.<br \/>\nPara peque\u00f1as tortugas acu\u00e1ticas, tritones y ranas.<br \/>\nDieta cient\u00edficamente formulada con calcio y vitamina C.<br \/>\nMini palos alimenticios flotantes.<br \/>\nReptoMin Baby es una dieta nutritiva, enriquecida con calcio para las peque\u00f1as tortugas acu\u00e1ticas, tritones y ranas.<\/p>\n","protected":false},"featured_media":3224,"template":"","meta":[],"product_brand":[116],"product_cat":[84,89],"product_tag":[150,149,296],"class_list":{"0":"post-3222","1":"product","2":"type-product","3":"status-publish","4":"has-post-thumbnail","6":"product_brand-tetra","7":"product_cat-reptiles-y-anfibios","8":"product_cat-nutricion-reptiles-y-anfibios","9":"product_tag-alimento-premium","10":"product_tag-alimento-tetra","11":"product_tag-alimento-tortuga-baby","13":"first","14":"instock","15":"sale","16":"shipping-taxable","17":"purchasable","18":"product-type-simple"},"yoast_head":"<!-- This site is optimized with the Yoast SEO plugin v27.4 - https:\/\/yoast.com\/product\/yoast-seo-wordpress\/ -->\n<title>REPTOMIN STICKS BABY 28 GR | Acuario Supremus<\/title>\n<meta name=\"description\" content=\"ReptoMin Baby 28 gr, Para peque\u00f1as tortugas acu\u00e1ticas, tritones y ranas, Dieta cient\u00edficamente formulada con calcio y vitamina C.\" \/>\n<meta name=\"robots\" content=\"index, follow, max-snippet:-1, max-image-preview:large, max-video-preview:-1\" \/>\n<link rel=\"canonical\" href=\"https:\/\/acuariosupremus.com\/?product=reptomin-sticks-baby-28-gr-0-92-oz\" \/>\n<meta property=\"og:locale\" content=\"es_MX\" \/>\n<meta property=\"og:type\" content=\"article\" \/>\n<meta property=\"og:title\" content=\"REPTOMIN STICKS BABY 28 GR | Acuario Supremus\" \/>\n<meta property=\"og:description\" content=\"ReptoMin Baby 28 gr, Para peque\u00f1as tortugas acu\u00e1ticas, tritones y ranas, Dieta cient\u00edficamente formulada con calcio y vitamina C.\" \/>\n<meta property=\"og:url\" content=\"https:\/\/acuariosupremus.com\/?product=reptomin-sticks-baby-28-gr-0-92-oz\" \/>\n<meta property=\"og:site_name\" content=\"Acuario Supremus\" \/>\n<meta property=\"article:publisher\" content=\"https:\/\/www.facebook.com\/AcuarioSupremus\" \/>\n<meta property=\"article:modified_time\" content=\"2026-01-13T21:52:41+00:00\" \/>\n<meta property=\"og:image\" content=\"https:\/\/acuariosupremus.com\/wp-content\/uploads\/2022\/02\/TE16598.jpg\" \/>\n\t<meta property=\"og:image:width\" content=\"1000\" \/>\n\t<meta property=\"og:image:height\" content=\"1000\" \/>\n\t<meta property=\"og:image:type\" content=\"image\/jpeg\" \/>\n<meta name=\"twitter:card\" content=\"summary_large_image\" \/>\n<meta name=\"twitter:site\" content=\"@AcuarioSupremus\" \/>\n<meta name=\"twitter:label1\" content=\"Tiempo de lectura\" \/>\n\t<meta name=\"twitter:data1\" content=\"1 minuto\" \/>\n<script type=\"application\/ld+json\" class=\"yoast-schema-graph\">{\"@context\":\"https:\\\/\\\/schema.org\",\"@graph\":[{\"@type\":\"WebPage\",\"@id\":\"https:\\\/\\\/acuariosupremus.com\\\/?product=reptomin-sticks-baby-28-gr-0-92-oz\",\"url\":\"https:\\\/\\\/acuariosupremus.com\\\/?product=reptomin-sticks-baby-28-gr-0-92-oz\",\"name\":\"REPTOMIN STICKS BABY 28 GR | Acuario Supremus\",\"isPartOf\":{\"@id\":\"https:\\\/\\\/acuariosupremus.com\\\/#website\"},\"primaryImageOfPage\":{\"@id\":\"https:\\\/\\\/acuariosupremus.com\\\/?product=reptomin-sticks-baby-28-gr-0-92-oz#primaryimage\"},\"image\":{\"@id\":\"https:\\\/\\\/acuariosupremus.com\\\/?product=reptomin-sticks-baby-28-gr-0-92-oz#primaryimage\"},\"thumbnailUrl\":\"https:\\\/\\\/acuariosupremus.com\\\/wp-content\\\/uploads\\\/2022\\\/02\\\/TE16598.jpg\",\"datePublished\":\"2022-02-17T22:20:44+00:00\",\"dateModified\":\"2026-01-13T21:52:41+00:00\",\"description\":\"ReptoMin Baby 28 gr, Para peque\u00f1as tortugas acu\u00e1ticas, tritones y ranas, Dieta cient\u00edficamente formulada con calcio y vitamina C.\",\"breadcrumb\":{\"@id\":\"https:\\\/\\\/acuariosupremus.com\\\/?product=reptomin-sticks-baby-28-gr-0-92-oz#breadcrumb\"},\"inLanguage\":\"es\",\"potentialAction\":[{\"@type\":\"ReadAction\",\"target\":[\"https:\\\/\\\/acuariosupremus.com\\\/?product=reptomin-sticks-baby-28-gr-0-92-oz\"]}]},{\"@type\":\"ImageObject\",\"inLanguage\":\"es\",\"@id\":\"https:\\\/\\\/acuariosupremus.com\\\/?product=reptomin-sticks-baby-28-gr-0-92-oz#primaryimage\",\"url\":\"https:\\\/\\\/acuariosupremus.com\\\/wp-content\\\/uploads\\\/2022\\\/02\\\/TE16598.jpg\",\"contentUrl\":\"https:\\\/\\\/acuariosupremus.com\\\/wp-content\\\/uploads\\\/2022\\\/02\\\/TE16598.jpg\",\"width\":1000,\"height\":1000},{\"@type\":\"BreadcrumbList\",\"@id\":\"https:\\\/\\\/acuariosupremus.com\\\/?product=reptomin-sticks-baby-28-gr-0-92-oz#breadcrumb\",\"itemListElement\":[{\"@type\":\"ListItem\",\"position\":1,\"name\":\"Portada\",\"item\":\"https:\\\/\\\/acuariosupremus.com\\\/\"},{\"@type\":\"ListItem\",\"position\":2,\"name\":\"Tienda\",\"item\":\"https:\\\/\\\/acuariosupremus.com\\\/tienda\\\/\"},{\"@type\":\"ListItem\",\"position\":3,\"name\":\"REPTOMIN STICKS BABY 28 GR\"}]},{\"@type\":\"WebSite\",\"@id\":\"https:\\\/\\\/acuariosupremus.com\\\/#website\",\"url\":\"https:\\\/\\\/acuariosupremus.com\\\/\",\"name\":\"Acuario Supremus\",\"description\":\"Peces, Peceras y Mascotas.\",\"publisher\":{\"@id\":\"https:\\\/\\\/acuariosupremus.com\\\/#organization\"},\"potentialAction\":[{\"@type\":\"SearchAction\",\"target\":{\"@type\":\"EntryPoint\",\"urlTemplate\":\"https:\\\/\\\/acuariosupremus.com\\\/?s={search_term_string}\"},\"query-input\":{\"@type\":\"PropertyValueSpecification\",\"valueRequired\":true,\"valueName\":\"search_term_string\"}}],\"inLanguage\":\"es\"},{\"@type\":\"Organization\",\"@id\":\"https:\\\/\\\/acuariosupremus.com\\\/#organization\",\"name\":\"Acuario Supremus\",\"url\":\"https:\\\/\\\/acuariosupremus.com\\\/\",\"logo\":{\"@type\":\"ImageObject\",\"inLanguage\":\"es\",\"@id\":\"https:\\\/\\\/acuariosupremus.com\\\/#\\\/schema\\\/logo\\\/image\\\/\",\"url\":\"https:\\\/\\\/acuariosupremus.com\\\/wp-content\\\/uploads\\\/2021\\\/12\\\/cropped-logo_acuario_supremus_fn-2.png\",\"contentUrl\":\"https:\\\/\\\/acuariosupremus.com\\\/wp-content\\\/uploads\\\/2021\\\/12\\\/cropped-logo_acuario_supremus_fn-2.png\",\"width\":1000,\"height\":318,\"caption\":\"Acuario Supremus\"},\"image\":{\"@id\":\"https:\\\/\\\/acuariosupremus.com\\\/#\\\/schema\\\/logo\\\/image\\\/\"},\"sameAs\":[\"https:\\\/\\\/www.facebook.com\\\/AcuarioSupremus\",\"https:\\\/\\\/x.com\\\/AcuarioSupremus\",\"https:\\\/\\\/www.instagram.com\\\/acuariosupremus\\\/?hl=es\"]}]}<\/script>\n<!-- \/ Yoast SEO plugin. -->","yoast_head_json":{"title":"REPTOMIN STICKS BABY 28 GR | Acuario Supremus","description":"ReptoMin Baby 28 gr, Para peque\u00f1as tortugas acu\u00e1ticas, tritones y ranas, Dieta cient\u00edficamente formulada con calcio y vitamina C.","robots":{"index":"index","follow":"follow","max-snippet":"max-snippet:-1","max-image-preview":"max-image-preview:large","max-video-preview":"max-video-preview:-1"},"canonical":"https:\/\/acuariosupremus.com\/?product=reptomin-sticks-baby-28-gr-0-92-oz","og_locale":"es_MX","og_type":"article","og_title":"REPTOMIN STICKS BABY 28 GR | Acuario Supremus","og_description":"ReptoMin Baby 28 gr, Para peque\u00f1as tortugas acu\u00e1ticas, tritones y ranas, Dieta cient\u00edficamente formulada con calcio y vitamina C.","og_url":"https:\/\/acuariosupremus.com\/?product=reptomin-sticks-baby-28-gr-0-92-oz","og_site_name":"Acuario Supremus","article_publisher":"https:\/\/www.facebook.com\/AcuarioSupremus","article_modified_time":"2026-01-13T21:52:41+00:00","og_image":[{"width":1000,"height":1000,"url":"https:\/\/acuariosupremus.com\/wp-content\/uploads\/2022\/02\/TE16598.jpg","type":"image\/jpeg"}],"twitter_card":"summary_large_image","twitter_site":"@AcuarioSupremus","twitter_misc":{"Tiempo de lectura":"1 minuto"},"schema":{"@context":"https:\/\/schema.org","@graph":[{"@type":"WebPage","@id":"https:\/\/acuariosupremus.com\/?product=reptomin-sticks-baby-28-gr-0-92-oz","url":"https:\/\/acuariosupremus.com\/?product=reptomin-sticks-baby-28-gr-0-92-oz","name":"REPTOMIN STICKS BABY 28 GR | Acuario Supremus","isPartOf":{"@id":"https:\/\/acuariosupremus.com\/#website"},"primaryImageOfPage":{"@id":"https:\/\/acuariosupremus.com\/?product=reptomin-sticks-baby-28-gr-0-92-oz#primaryimage"},"image":{"@id":"https:\/\/acuariosupremus.com\/?product=reptomin-sticks-baby-28-gr-0-92-oz#primaryimage"},"thumbnailUrl":"https:\/\/acuariosupremus.com\/wp-content\/uploads\/2022\/02\/TE16598.jpg","datePublished":"2022-02-17T22:20:44+00:00","dateModified":"2026-01-13T21:52:41+00:00","description":"ReptoMin Baby 28 gr, Para peque\u00f1as tortugas acu\u00e1ticas, tritones y ranas, Dieta cient\u00edficamente formulada con calcio y vitamina C.","breadcrumb":{"@id":"https:\/\/acuariosupremus.com\/?product=reptomin-sticks-baby-28-gr-0-92-oz#breadcrumb"},"inLanguage":"es","potentialAction":[{"@type":"ReadAction","target":["https:\/\/acuariosupremus.com\/?product=reptomin-sticks-baby-28-gr-0-92-oz"]}]},{"@type":"ImageObject","inLanguage":"es","@id":"https:\/\/acuariosupremus.com\/?product=reptomin-sticks-baby-28-gr-0-92-oz#primaryimage","url":"https:\/\/acuariosupremus.com\/wp-content\/uploads\/2022\/02\/TE16598.jpg","contentUrl":"https:\/\/acuariosupremus.com\/wp-content\/uploads\/2022\/02\/TE16598.jpg","width":1000,"height":1000},{"@type":"BreadcrumbList","@id":"https:\/\/acuariosupremus.com\/?product=reptomin-sticks-baby-28-gr-0-92-oz#breadcrumb","itemListElement":[{"@type":"ListItem","position":1,"name":"Portada","item":"https:\/\/acuariosupremus.com\/"},{"@type":"ListItem","position":2,"name":"Tienda","item":"https:\/\/acuariosupremus.com\/tienda\/"},{"@type":"ListItem","position":3,"name":"REPTOMIN STICKS BABY 28 GR"}]},{"@type":"WebSite","@id":"https:\/\/acuariosupremus.com\/#website","url":"https:\/\/acuariosupremus.com\/","name":"Acuario Supremus","description":"Peces, Peceras y Mascotas.","publisher":{"@id":"https:\/\/acuariosupremus.com\/#organization"},"potentialAction":[{"@type":"SearchAction","target":{"@type":"EntryPoint","urlTemplate":"https:\/\/acuariosupremus.com\/?s={search_term_string}"},"query-input":{"@type":"PropertyValueSpecification","valueRequired":true,"valueName":"search_term_string"}}],"inLanguage":"es"},{"@type":"Organization","@id":"https:\/\/acuariosupremus.com\/#organization","name":"Acuario Supremus","url":"https:\/\/acuariosupremus.com\/","logo":{"@type":"ImageObject","inLanguage":"es","@id":"https:\/\/acuariosupremus.com\/#\/schema\/logo\/image\/","url":"https:\/\/acuariosupremus.com\/wp-content\/uploads\/2021\/12\/cropped-logo_acuario_supremus_fn-2.png","contentUrl":"https:\/\/acuariosupremus.com\/wp-content\/uploads\/2021\/12\/cropped-logo_acuario_supremus_fn-2.png","width":1000,"height":318,"caption":"Acuario Supremus"},"image":{"@id":"https:\/\/acuariosupremus.com\/#\/schema\/logo\/image\/"},"sameAs":["https:\/\/www.facebook.com\/AcuarioSupremus","https:\/\/x.com\/AcuarioSupremus","https:\/\/www.instagram.com\/acuariosupremus\/?hl=es"]}]}},"jetpack_sharing_enabled":true,"_links":{"self":[{"href":"https:\/\/acuariosupremus.com\/index.php?rest_route=\/wp\/v2\/product\/3222","targetHints":{"allow":["GET"]}}],"collection":[{"href":"https:\/\/acuariosupremus.com\/index.php?rest_route=\/wp\/v2\/product"}],"about":[{"href":"https:\/\/acuariosupremus.com\/index.php?rest_route=\/wp\/v2\/types\/product"}],"wp:featuredmedia":[{"embeddable":true,"href":"https:\/\/acuariosupremus.com\/index.php?rest_route=\/wp\/v2\/media\/3224"}],"wp:attachment":[{"href":"https:\/\/acuariosupremus.com\/index.php?rest_route=%2Fwp%2Fv2%2Fmedia&parent=3222"}],"wp:term":[{"taxonomy":"product_brand","embeddable":true,"href":"https:\/\/acuariosupremus.com\/index.php?rest_route=%2Fwp%2Fv2%2Fproduct_brand&post=3222"},{"taxonomy":"product_cat","embeddable":true,"href":"https:\/\/acuariosupremus.com\/index.php?rest_route=%2Fwp%2Fv2%2Fproduct_cat&post=3222"},{"taxonomy":"product_tag","embeddable":true,"href":"https:\/\/acuariosupremus.com\/index.php?rest_route=%2Fwp%2Fv2%2Fproduct_tag&post=3222"}],"curies":[{"name":"wp","href":"https:\/\/api.w.org\/{rel}","templated":true}]}}