{"id":3225,"date":"2022-02-17T16:25:22","date_gmt":"2022-02-17T22:25:22","guid":{"rendered":"https:\/\/acuariosupremus.com\/?post_type=product&#038;p=3225"},"modified":"2026-01-13T15:57:14","modified_gmt":"2026-01-13T21:57:14","slug":"reptomin-jumbo-sticks-290-gr-10-23-oz","status":"publish","type":"product","link":"https:\/\/acuariosupremus.com\/?product=reptomin-jumbo-sticks-290-gr-10-23-oz","title":{"rendered":"REPTOMIN JUMBO STICKS 290 GR"},"content":{"rendered":"<p>Ingredientes:<br \/>\nHarina de pescado, almid\u00f3n de trigo, levadura seca, harina de ma\u00edz, harina de camar\u00f3n, gluten de trigo, prote\u00edna de papa,<br \/>\nharina de soya descascarillada, aceite de soya, fosfato de calcio monob\u00e1sico, monohidrocloruro de L-lisina, lecitina, harina de algas, \u00e1cido asc\u00f3rbico (fuente de vit. C), inositol, niacina, L-ascorbil-2-polifosfato (vit. C estabilizada), D-pantotenato c\u00e1lcico, a-tocoferol-acetato (fuente de vit. E), riboflavina-5-fosfato (fuente de vit. B2), mononitrato de tiamina (fuente de vit. B1), hidrocloruro de piridoxina (fuente de vit. B6), palmitato de vitamina A (fuente de vit. A), complejo de bisulfito s\u00f3dico de<br \/>\nmenadiona (fuente de vit. K), suplemento de vitamina B12, colecalciferol (fuente de vit. D3), sulfato de manganeso<br \/>\nmonohidratado, sulfato de zinc monohidratado, sulfato ferroso monohidratado, acetato de cobalto, colores que incluye:<br \/>\nbetacaroteno, azul 2, amarillo 6, etoxiquina como conservante.<br \/>\nAn\u00e1lisis garantizado:<br \/>\nProte\u00edna cruda m\u00edn. 42.5%<br \/>\nGrasa cruda m\u00edn. 8.5%<br \/>\nFibra cruda m\u00e1x. 2.0%<br \/>\nHumedad m\u00e1x. 8.0%<br \/>\nFosforo m\u00edn. 1.8%<br \/>\nCalcio m\u00edn. 2.0%<br \/>\nVit.C. min. 100 MG\/KG<br \/>\nPeso\/Capacidad:<br \/>\n<strong>290 gr. (10.23 OZ)<\/strong><\/p>\n","protected":false},"excerpt":{"rendered":"<p>ReptoMin Palitos alimenticios flotantes Jumbo.<br \/>\nCon calcio y vitamina C.<br \/>\nDieta cient\u00edficamente formulado para grandes tortugas acu\u00e1ticas y anfibios.<br \/>\nDieta altamente nutritiva para grandes tortugas acu\u00e1ticas, tritones y ranas.<br \/>\nDe gran tama\u00f1o, f\u00e1cil de digerir, los palitos est\u00e1n cient\u00edficamente formulado con las \u00faltimas tecnolog\u00edas de fabricaci\u00f3n y nutricionales. Las cantidades precisas de nutrientes, calcio y vitamina C para apoyar el crecimiento saludable<\/p>\n","protected":false},"featured_media":3226,"template":"","meta":[],"product_brand":[116],"product_cat":[84,89],"product_tag":[150,149,297],"class_list":{"0":"post-3225","1":"product","2":"type-product","3":"status-publish","4":"has-post-thumbnail","6":"product_brand-tetra","7":"product_cat-reptiles-y-anfibios","8":"product_cat-nutricion-reptiles-y-anfibios","9":"product_tag-alimento-premium","10":"product_tag-alimento-tetra","11":"product_tag-alimento-tortuga-jumbo","13":"first","14":"instock","15":"sale","16":"shipping-taxable","17":"purchasable","18":"product-type-simple"},"yoast_head":"<!-- This site is optimized with the Yoast SEO plugin v27.4 - https:\/\/yoast.com\/product\/yoast-seo-wordpress\/ -->\n<title>REPTOMIN JUMBO STICKS 290 GR | Acuario Supremus<\/title>\n<meta name=\"description\" content=\"Palitos alimenticios flotantes Jumbo 290 Gr.Con calcio y vitamina C.Dieta cient\u00edficamente formulado para grandes tortugas acu\u00e1ticas y anfibios.\" \/>\n<meta name=\"robots\" content=\"index, follow, max-snippet:-1, max-image-preview:large, max-video-preview:-1\" \/>\n<link rel=\"canonical\" href=\"https:\/\/acuariosupremus.com\/?product=reptomin-jumbo-sticks-290-gr-10-23-oz\" \/>\n<meta property=\"og:locale\" content=\"es_MX\" \/>\n<meta property=\"og:type\" content=\"article\" \/>\n<meta property=\"og:title\" content=\"REPTOMIN JUMBO STICKS 290 GR | Acuario Supremus\" \/>\n<meta property=\"og:description\" content=\"Palitos alimenticios flotantes Jumbo 290 Gr.Con calcio y vitamina C.Dieta cient\u00edficamente formulado para grandes tortugas acu\u00e1ticas y anfibios.\" \/>\n<meta property=\"og:url\" content=\"https:\/\/acuariosupremus.com\/?product=reptomin-jumbo-sticks-290-gr-10-23-oz\" \/>\n<meta property=\"og:site_name\" content=\"Acuario Supremus\" \/>\n<meta property=\"article:publisher\" content=\"https:\/\/www.facebook.com\/AcuarioSupremus\" \/>\n<meta property=\"article:modified_time\" content=\"2026-01-13T21:57:14+00:00\" \/>\n<meta property=\"og:image\" content=\"https:\/\/acuariosupremus.com\/wp-content\/uploads\/2022\/02\/TE16604.jpg\" \/>\n\t<meta property=\"og:image:width\" content=\"1000\" \/>\n\t<meta property=\"og:image:height\" content=\"1000\" \/>\n\t<meta property=\"og:image:type\" content=\"image\/jpeg\" \/>\n<meta name=\"twitter:card\" content=\"summary_large_image\" \/>\n<meta name=\"twitter:site\" content=\"@AcuarioSupremus\" \/>\n<meta name=\"twitter:label1\" content=\"Tiempo de lectura\" \/>\n\t<meta name=\"twitter:data1\" content=\"1 minuto\" \/>\n<script type=\"application\/ld+json\" class=\"yoast-schema-graph\">{\"@context\":\"https:\\\/\\\/schema.org\",\"@graph\":[{\"@type\":\"WebPage\",\"@id\":\"https:\\\/\\\/acuariosupremus.com\\\/?product=reptomin-jumbo-sticks-290-gr-10-23-oz\",\"url\":\"https:\\\/\\\/acuariosupremus.com\\\/?product=reptomin-jumbo-sticks-290-gr-10-23-oz\",\"name\":\"REPTOMIN JUMBO STICKS 290 GR | Acuario Supremus\",\"isPartOf\":{\"@id\":\"https:\\\/\\\/acuariosupremus.com\\\/#website\"},\"primaryImageOfPage\":{\"@id\":\"https:\\\/\\\/acuariosupremus.com\\\/?product=reptomin-jumbo-sticks-290-gr-10-23-oz#primaryimage\"},\"image\":{\"@id\":\"https:\\\/\\\/acuariosupremus.com\\\/?product=reptomin-jumbo-sticks-290-gr-10-23-oz#primaryimage\"},\"thumbnailUrl\":\"https:\\\/\\\/acuariosupremus.com\\\/wp-content\\\/uploads\\\/2022\\\/02\\\/TE16604.jpg\",\"datePublished\":\"2022-02-17T22:25:22+00:00\",\"dateModified\":\"2026-01-13T21:57:14+00:00\",\"description\":\"Palitos alimenticios flotantes Jumbo 290 Gr.Con calcio y vitamina C.Dieta cient\u00edficamente formulado para grandes tortugas acu\u00e1ticas y anfibios.\",\"breadcrumb\":{\"@id\":\"https:\\\/\\\/acuariosupremus.com\\\/?product=reptomin-jumbo-sticks-290-gr-10-23-oz#breadcrumb\"},\"inLanguage\":\"es\",\"potentialAction\":[{\"@type\":\"ReadAction\",\"target\":[\"https:\\\/\\\/acuariosupremus.com\\\/?product=reptomin-jumbo-sticks-290-gr-10-23-oz\"]}]},{\"@type\":\"ImageObject\",\"inLanguage\":\"es\",\"@id\":\"https:\\\/\\\/acuariosupremus.com\\\/?product=reptomin-jumbo-sticks-290-gr-10-23-oz#primaryimage\",\"url\":\"https:\\\/\\\/acuariosupremus.com\\\/wp-content\\\/uploads\\\/2022\\\/02\\\/TE16604.jpg\",\"contentUrl\":\"https:\\\/\\\/acuariosupremus.com\\\/wp-content\\\/uploads\\\/2022\\\/02\\\/TE16604.jpg\",\"width\":1000,\"height\":1000},{\"@type\":\"BreadcrumbList\",\"@id\":\"https:\\\/\\\/acuariosupremus.com\\\/?product=reptomin-jumbo-sticks-290-gr-10-23-oz#breadcrumb\",\"itemListElement\":[{\"@type\":\"ListItem\",\"position\":1,\"name\":\"Portada\",\"item\":\"https:\\\/\\\/acuariosupremus.com\\\/\"},{\"@type\":\"ListItem\",\"position\":2,\"name\":\"Tienda\",\"item\":\"https:\\\/\\\/acuariosupremus.com\\\/tienda\\\/\"},{\"@type\":\"ListItem\",\"position\":3,\"name\":\"REPTOMIN JUMBO STICKS 290 GR\"}]},{\"@type\":\"WebSite\",\"@id\":\"https:\\\/\\\/acuariosupremus.com\\\/#website\",\"url\":\"https:\\\/\\\/acuariosupremus.com\\\/\",\"name\":\"Acuario Supremus\",\"description\":\"Peces, Peceras y Mascotas.\",\"publisher\":{\"@id\":\"https:\\\/\\\/acuariosupremus.com\\\/#organization\"},\"potentialAction\":[{\"@type\":\"SearchAction\",\"target\":{\"@type\":\"EntryPoint\",\"urlTemplate\":\"https:\\\/\\\/acuariosupremus.com\\\/?s={search_term_string}\"},\"query-input\":{\"@type\":\"PropertyValueSpecification\",\"valueRequired\":true,\"valueName\":\"search_term_string\"}}],\"inLanguage\":\"es\"},{\"@type\":\"Organization\",\"@id\":\"https:\\\/\\\/acuariosupremus.com\\\/#organization\",\"name\":\"Acuario Supremus\",\"url\":\"https:\\\/\\\/acuariosupremus.com\\\/\",\"logo\":{\"@type\":\"ImageObject\",\"inLanguage\":\"es\",\"@id\":\"https:\\\/\\\/acuariosupremus.com\\\/#\\\/schema\\\/logo\\\/image\\\/\",\"url\":\"https:\\\/\\\/acuariosupremus.com\\\/wp-content\\\/uploads\\\/2021\\\/12\\\/cropped-logo_acuario_supremus_fn-2.png\",\"contentUrl\":\"https:\\\/\\\/acuariosupremus.com\\\/wp-content\\\/uploads\\\/2021\\\/12\\\/cropped-logo_acuario_supremus_fn-2.png\",\"width\":1000,\"height\":318,\"caption\":\"Acuario Supremus\"},\"image\":{\"@id\":\"https:\\\/\\\/acuariosupremus.com\\\/#\\\/schema\\\/logo\\\/image\\\/\"},\"sameAs\":[\"https:\\\/\\\/www.facebook.com\\\/AcuarioSupremus\",\"https:\\\/\\\/x.com\\\/AcuarioSupremus\",\"https:\\\/\\\/www.instagram.com\\\/acuariosupremus\\\/?hl=es\"]}]}<\/script>\n<!-- \/ Yoast SEO plugin. -->","yoast_head_json":{"title":"REPTOMIN JUMBO STICKS 290 GR | Acuario Supremus","description":"Palitos alimenticios flotantes Jumbo 290 Gr.Con calcio y vitamina C.Dieta cient\u00edficamente formulado para grandes tortugas acu\u00e1ticas y anfibios.","robots":{"index":"index","follow":"follow","max-snippet":"max-snippet:-1","max-image-preview":"max-image-preview:large","max-video-preview":"max-video-preview:-1"},"canonical":"https:\/\/acuariosupremus.com\/?product=reptomin-jumbo-sticks-290-gr-10-23-oz","og_locale":"es_MX","og_type":"article","og_title":"REPTOMIN JUMBO STICKS 290 GR | Acuario Supremus","og_description":"Palitos alimenticios flotantes Jumbo 290 Gr.Con calcio y vitamina C.Dieta cient\u00edficamente formulado para grandes tortugas acu\u00e1ticas y anfibios.","og_url":"https:\/\/acuariosupremus.com\/?product=reptomin-jumbo-sticks-290-gr-10-23-oz","og_site_name":"Acuario Supremus","article_publisher":"https:\/\/www.facebook.com\/AcuarioSupremus","article_modified_time":"2026-01-13T21:57:14+00:00","og_image":[{"width":1000,"height":1000,"url":"https:\/\/acuariosupremus.com\/wp-content\/uploads\/2022\/02\/TE16604.jpg","type":"image\/jpeg"}],"twitter_card":"summary_large_image","twitter_site":"@AcuarioSupremus","twitter_misc":{"Tiempo de lectura":"1 minuto"},"schema":{"@context":"https:\/\/schema.org","@graph":[{"@type":"WebPage","@id":"https:\/\/acuariosupremus.com\/?product=reptomin-jumbo-sticks-290-gr-10-23-oz","url":"https:\/\/acuariosupremus.com\/?product=reptomin-jumbo-sticks-290-gr-10-23-oz","name":"REPTOMIN JUMBO STICKS 290 GR | Acuario Supremus","isPartOf":{"@id":"https:\/\/acuariosupremus.com\/#website"},"primaryImageOfPage":{"@id":"https:\/\/acuariosupremus.com\/?product=reptomin-jumbo-sticks-290-gr-10-23-oz#primaryimage"},"image":{"@id":"https:\/\/acuariosupremus.com\/?product=reptomin-jumbo-sticks-290-gr-10-23-oz#primaryimage"},"thumbnailUrl":"https:\/\/acuariosupremus.com\/wp-content\/uploads\/2022\/02\/TE16604.jpg","datePublished":"2022-02-17T22:25:22+00:00","dateModified":"2026-01-13T21:57:14+00:00","description":"Palitos alimenticios flotantes Jumbo 290 Gr.Con calcio y vitamina C.Dieta cient\u00edficamente formulado para grandes tortugas acu\u00e1ticas y anfibios.","breadcrumb":{"@id":"https:\/\/acuariosupremus.com\/?product=reptomin-jumbo-sticks-290-gr-10-23-oz#breadcrumb"},"inLanguage":"es","potentialAction":[{"@type":"ReadAction","target":["https:\/\/acuariosupremus.com\/?product=reptomin-jumbo-sticks-290-gr-10-23-oz"]}]},{"@type":"ImageObject","inLanguage":"es","@id":"https:\/\/acuariosupremus.com\/?product=reptomin-jumbo-sticks-290-gr-10-23-oz#primaryimage","url":"https:\/\/acuariosupremus.com\/wp-content\/uploads\/2022\/02\/TE16604.jpg","contentUrl":"https:\/\/acuariosupremus.com\/wp-content\/uploads\/2022\/02\/TE16604.jpg","width":1000,"height":1000},{"@type":"BreadcrumbList","@id":"https:\/\/acuariosupremus.com\/?product=reptomin-jumbo-sticks-290-gr-10-23-oz#breadcrumb","itemListElement":[{"@type":"ListItem","position":1,"name":"Portada","item":"https:\/\/acuariosupremus.com\/"},{"@type":"ListItem","position":2,"name":"Tienda","item":"https:\/\/acuariosupremus.com\/tienda\/"},{"@type":"ListItem","position":3,"name":"REPTOMIN JUMBO STICKS 290 GR"}]},{"@type":"WebSite","@id":"https:\/\/acuariosupremus.com\/#website","url":"https:\/\/acuariosupremus.com\/","name":"Acuario Supremus","description":"Peces, Peceras y Mascotas.","publisher":{"@id":"https:\/\/acuariosupremus.com\/#organization"},"potentialAction":[{"@type":"SearchAction","target":{"@type":"EntryPoint","urlTemplate":"https:\/\/acuariosupremus.com\/?s={search_term_string}"},"query-input":{"@type":"PropertyValueSpecification","valueRequired":true,"valueName":"search_term_string"}}],"inLanguage":"es"},{"@type":"Organization","@id":"https:\/\/acuariosupremus.com\/#organization","name":"Acuario Supremus","url":"https:\/\/acuariosupremus.com\/","logo":{"@type":"ImageObject","inLanguage":"es","@id":"https:\/\/acuariosupremus.com\/#\/schema\/logo\/image\/","url":"https:\/\/acuariosupremus.com\/wp-content\/uploads\/2021\/12\/cropped-logo_acuario_supremus_fn-2.png","contentUrl":"https:\/\/acuariosupremus.com\/wp-content\/uploads\/2021\/12\/cropped-logo_acuario_supremus_fn-2.png","width":1000,"height":318,"caption":"Acuario Supremus"},"image":{"@id":"https:\/\/acuariosupremus.com\/#\/schema\/logo\/image\/"},"sameAs":["https:\/\/www.facebook.com\/AcuarioSupremus","https:\/\/x.com\/AcuarioSupremus","https:\/\/www.instagram.com\/acuariosupremus\/?hl=es"]}]}},"jetpack_sharing_enabled":true,"_links":{"self":[{"href":"https:\/\/acuariosupremus.com\/index.php?rest_route=\/wp\/v2\/product\/3225","targetHints":{"allow":["GET"]}}],"collection":[{"href":"https:\/\/acuariosupremus.com\/index.php?rest_route=\/wp\/v2\/product"}],"about":[{"href":"https:\/\/acuariosupremus.com\/index.php?rest_route=\/wp\/v2\/types\/product"}],"wp:featuredmedia":[{"embeddable":true,"href":"https:\/\/acuariosupremus.com\/index.php?rest_route=\/wp\/v2\/media\/3226"}],"wp:attachment":[{"href":"https:\/\/acuariosupremus.com\/index.php?rest_route=%2Fwp%2Fv2%2Fmedia&parent=3225"}],"wp:term":[{"taxonomy":"product_brand","embeddable":true,"href":"https:\/\/acuariosupremus.com\/index.php?rest_route=%2Fwp%2Fv2%2Fproduct_brand&post=3225"},{"taxonomy":"product_cat","embeddable":true,"href":"https:\/\/acuariosupremus.com\/index.php?rest_route=%2Fwp%2Fv2%2Fproduct_cat&post=3225"},{"taxonomy":"product_tag","embeddable":true,"href":"https:\/\/acuariosupremus.com\/index.php?rest_route=%2Fwp%2Fv2%2Fproduct_tag&post=3225"}],"curies":[{"name":"wp","href":"https:\/\/api.w.org\/{rel}","templated":true}]}}