{"id":3228,"date":"2022-02-17T16:39:03","date_gmt":"2022-02-17T22:39:03","guid":{"rendered":"https:\/\/acuariosupremus.com\/?post_type=product&#038;p=3228"},"modified":"2026-01-13T15:59:24","modified_gmt":"2026-01-13T21:59:24","slug":"reptotreat-suprema-krill-sticks-62-gr-2-18-oz","status":"publish","type":"product","link":"https:\/\/acuariosupremus.com\/?product=reptotreat-suprema-krill-sticks-62-gr-2-18-oz","title":{"rendered":"REPTOTREAT SUPREMA KRILL STICKS 62 GR"},"content":{"rendered":"<p>Ingredientes:<br \/>\nHarina de camar\u00f3n, gluten de trigo, almid\u00f3n de trigo, kril, harina de pescado, levadura seca, aceite de soya, fosfato de calcio<br \/>\nmonob\u00e1sico, harina de algas, \u00e1cido asc\u00f3rbico (vit.C), inositol, niacina, A-acetato de tocoferol, D-pantotenato de calcio,<br \/>\nL-ascorbil-2-fosfato (vit.C. estabilizada), riboflavina-5-fosfato, mononitrato de tiamina, clorhidrato de piridoxina, plamitato de vit. A, complejo bisulfito sodico de mennadiona, \u00e1cido f\u00f3lico, cianocobalamina, colecalciferol, sulfato de manganeso, sulfato de zinc, sulfato de hierro, sulfato de cobalto, color artificial, cantaxantina, rojo 3, amarillo 6. Etoxiquina como conservador.<br \/>\nAn\u00e1lisis garantizado:<br \/>\nProte\u00edna cruda min. 47.0%<br \/>\nGrasa cruda min. 7.0%<br \/>\nFibra cruda max. 4.0%<br \/>\nHumedad max. 9.0%<br \/>\nFosforo min. 0.9%<br \/>\nVit. C 100 MG\/KG<br \/>\nMedidas:<br \/>\nAlto: 8.8 cm x 5.5 cm di\u00e1metro.<br \/>\nPeso\/Capacidad:<br \/>\n<strong>62 gramos, 2.18 oz.<\/strong><\/p>\n","protected":false},"excerpt":{"rendered":"<p>Complemento alimenticio para tortugas acu\u00e1ticas y semi acu\u00e1ticas.<br \/>\nReptoTreat Suprema, es un alimento en sticks flotantes, elaborados a base de camar\u00f3n y krill, altamente palatables.<br \/>\nProporciona nutrientes b\u00e1sicos, m\u00e1s \u00e1cidos grasos Omega-3 y potenciadores de colores naturales.<br \/>\nEl krill es una fuente altamente digerible de grasas.<\/p>\n","protected":false},"featured_media":3229,"template":"","meta":[],"product_brand":[116],"product_cat":[84,89],"product_tag":[150,149,295],"class_list":{"0":"post-3228","1":"product","2":"type-product","3":"status-publish","4":"has-post-thumbnail","6":"product_brand-tetra","7":"product_cat-reptiles-y-anfibios","8":"product_cat-nutricion-reptiles-y-anfibios","9":"product_tag-alimento-premium","10":"product_tag-alimento-tetra","11":"product_tag-alimento-tortuga","13":"first","14":"instock","15":"sale","16":"shipping-taxable","17":"purchasable","18":"product-type-simple"},"yoast_head":"<!-- This site is optimized with the Yoast SEO plugin v27.4 - https:\/\/yoast.com\/product\/yoast-seo-wordpress\/ -->\n<title>REPTOTREAT SUPREMA KRILL STICKS 62 GR | Acuario Supremus<\/title>\n<meta name=\"description\" content=\"ReptoTreat Suprema 62 Gr,elaborados a base de camar\u00f3n y krill, Proporciona nutrientes b\u00e1sicos, m\u00e1s \u00e1cidos grasos Omega-3 potenciadores de colores naturales.\" \/>\n<meta name=\"robots\" content=\"index, follow, max-snippet:-1, max-image-preview:large, max-video-preview:-1\" \/>\n<link rel=\"canonical\" href=\"https:\/\/acuariosupremus.com\/?product=reptotreat-suprema-krill-sticks-62-gr-2-18-oz\" \/>\n<meta property=\"og:locale\" content=\"es_MX\" \/>\n<meta property=\"og:type\" content=\"article\" \/>\n<meta property=\"og:title\" content=\"REPTOTREAT SUPREMA KRILL STICKS 62 GR | Acuario Supremus\" \/>\n<meta property=\"og:description\" content=\"ReptoTreat Suprema 62 Gr,elaborados a base de camar\u00f3n y krill, Proporciona nutrientes b\u00e1sicos, m\u00e1s \u00e1cidos grasos Omega-3 potenciadores de colores naturales.\" \/>\n<meta property=\"og:url\" content=\"https:\/\/acuariosupremus.com\/?product=reptotreat-suprema-krill-sticks-62-gr-2-18-oz\" \/>\n<meta property=\"og:site_name\" content=\"Acuario Supremus\" \/>\n<meta property=\"article:publisher\" content=\"https:\/\/www.facebook.com\/AcuarioSupremus\" \/>\n<meta property=\"article:modified_time\" content=\"2026-01-13T21:59:24+00:00\" \/>\n<meta property=\"og:image\" content=\"https:\/\/acuariosupremus.com\/wp-content\/uploads\/2022\/02\/TE29240.jpg\" \/>\n\t<meta property=\"og:image:width\" content=\"1000\" \/>\n\t<meta property=\"og:image:height\" content=\"1000\" \/>\n\t<meta property=\"og:image:type\" content=\"image\/jpeg\" \/>\n<meta name=\"twitter:card\" content=\"summary_large_image\" \/>\n<meta name=\"twitter:site\" content=\"@AcuarioSupremus\" \/>\n<meta name=\"twitter:label1\" content=\"Tiempo de lectura\" \/>\n\t<meta name=\"twitter:data1\" content=\"1 minuto\" \/>\n<script type=\"application\/ld+json\" class=\"yoast-schema-graph\">{\"@context\":\"https:\\\/\\\/schema.org\",\"@graph\":[{\"@type\":\"WebPage\",\"@id\":\"https:\\\/\\\/acuariosupremus.com\\\/?product=reptotreat-suprema-krill-sticks-62-gr-2-18-oz\",\"url\":\"https:\\\/\\\/acuariosupremus.com\\\/?product=reptotreat-suprema-krill-sticks-62-gr-2-18-oz\",\"name\":\"REPTOTREAT SUPREMA KRILL STICKS 62 GR | Acuario Supremus\",\"isPartOf\":{\"@id\":\"https:\\\/\\\/acuariosupremus.com\\\/#website\"},\"primaryImageOfPage\":{\"@id\":\"https:\\\/\\\/acuariosupremus.com\\\/?product=reptotreat-suprema-krill-sticks-62-gr-2-18-oz#primaryimage\"},\"image\":{\"@id\":\"https:\\\/\\\/acuariosupremus.com\\\/?product=reptotreat-suprema-krill-sticks-62-gr-2-18-oz#primaryimage\"},\"thumbnailUrl\":\"https:\\\/\\\/acuariosupremus.com\\\/wp-content\\\/uploads\\\/2022\\\/02\\\/TE29240.jpg\",\"datePublished\":\"2022-02-17T22:39:03+00:00\",\"dateModified\":\"2026-01-13T21:59:24+00:00\",\"description\":\"ReptoTreat Suprema 62 Gr,elaborados a base de camar\u00f3n y krill, Proporciona nutrientes b\u00e1sicos, m\u00e1s \u00e1cidos grasos Omega-3 potenciadores de colores naturales.\",\"breadcrumb\":{\"@id\":\"https:\\\/\\\/acuariosupremus.com\\\/?product=reptotreat-suprema-krill-sticks-62-gr-2-18-oz#breadcrumb\"},\"inLanguage\":\"es\",\"potentialAction\":[{\"@type\":\"ReadAction\",\"target\":[\"https:\\\/\\\/acuariosupremus.com\\\/?product=reptotreat-suprema-krill-sticks-62-gr-2-18-oz\"]}]},{\"@type\":\"ImageObject\",\"inLanguage\":\"es\",\"@id\":\"https:\\\/\\\/acuariosupremus.com\\\/?product=reptotreat-suprema-krill-sticks-62-gr-2-18-oz#primaryimage\",\"url\":\"https:\\\/\\\/acuariosupremus.com\\\/wp-content\\\/uploads\\\/2022\\\/02\\\/TE29240.jpg\",\"contentUrl\":\"https:\\\/\\\/acuariosupremus.com\\\/wp-content\\\/uploads\\\/2022\\\/02\\\/TE29240.jpg\",\"width\":1000,\"height\":1000},{\"@type\":\"BreadcrumbList\",\"@id\":\"https:\\\/\\\/acuariosupremus.com\\\/?product=reptotreat-suprema-krill-sticks-62-gr-2-18-oz#breadcrumb\",\"itemListElement\":[{\"@type\":\"ListItem\",\"position\":1,\"name\":\"Portada\",\"item\":\"https:\\\/\\\/acuariosupremus.com\\\/\"},{\"@type\":\"ListItem\",\"position\":2,\"name\":\"Tienda\",\"item\":\"https:\\\/\\\/acuariosupremus.com\\\/tienda\\\/\"},{\"@type\":\"ListItem\",\"position\":3,\"name\":\"REPTOTREAT SUPREMA KRILL STICKS 62 GR\"}]},{\"@type\":\"WebSite\",\"@id\":\"https:\\\/\\\/acuariosupremus.com\\\/#website\",\"url\":\"https:\\\/\\\/acuariosupremus.com\\\/\",\"name\":\"Acuario Supremus\",\"description\":\"Peces, Peceras y Mascotas.\",\"publisher\":{\"@id\":\"https:\\\/\\\/acuariosupremus.com\\\/#organization\"},\"potentialAction\":[{\"@type\":\"SearchAction\",\"target\":{\"@type\":\"EntryPoint\",\"urlTemplate\":\"https:\\\/\\\/acuariosupremus.com\\\/?s={search_term_string}\"},\"query-input\":{\"@type\":\"PropertyValueSpecification\",\"valueRequired\":true,\"valueName\":\"search_term_string\"}}],\"inLanguage\":\"es\"},{\"@type\":\"Organization\",\"@id\":\"https:\\\/\\\/acuariosupremus.com\\\/#organization\",\"name\":\"Acuario Supremus\",\"url\":\"https:\\\/\\\/acuariosupremus.com\\\/\",\"logo\":{\"@type\":\"ImageObject\",\"inLanguage\":\"es\",\"@id\":\"https:\\\/\\\/acuariosupremus.com\\\/#\\\/schema\\\/logo\\\/image\\\/\",\"url\":\"https:\\\/\\\/acuariosupremus.com\\\/wp-content\\\/uploads\\\/2021\\\/12\\\/cropped-logo_acuario_supremus_fn-2.png\",\"contentUrl\":\"https:\\\/\\\/acuariosupremus.com\\\/wp-content\\\/uploads\\\/2021\\\/12\\\/cropped-logo_acuario_supremus_fn-2.png\",\"width\":1000,\"height\":318,\"caption\":\"Acuario Supremus\"},\"image\":{\"@id\":\"https:\\\/\\\/acuariosupremus.com\\\/#\\\/schema\\\/logo\\\/image\\\/\"},\"sameAs\":[\"https:\\\/\\\/www.facebook.com\\\/AcuarioSupremus\",\"https:\\\/\\\/x.com\\\/AcuarioSupremus\",\"https:\\\/\\\/www.instagram.com\\\/acuariosupremus\\\/?hl=es\"]}]}<\/script>\n<!-- \/ Yoast SEO plugin. -->","yoast_head_json":{"title":"REPTOTREAT SUPREMA KRILL STICKS 62 GR | Acuario Supremus","description":"ReptoTreat Suprema 62 Gr,elaborados a base de camar\u00f3n y krill, Proporciona nutrientes b\u00e1sicos, m\u00e1s \u00e1cidos grasos Omega-3 potenciadores de colores naturales.","robots":{"index":"index","follow":"follow","max-snippet":"max-snippet:-1","max-image-preview":"max-image-preview:large","max-video-preview":"max-video-preview:-1"},"canonical":"https:\/\/acuariosupremus.com\/?product=reptotreat-suprema-krill-sticks-62-gr-2-18-oz","og_locale":"es_MX","og_type":"article","og_title":"REPTOTREAT SUPREMA KRILL STICKS 62 GR | Acuario Supremus","og_description":"ReptoTreat Suprema 62 Gr,elaborados a base de camar\u00f3n y krill, Proporciona nutrientes b\u00e1sicos, m\u00e1s \u00e1cidos grasos Omega-3 potenciadores de colores naturales.","og_url":"https:\/\/acuariosupremus.com\/?product=reptotreat-suprema-krill-sticks-62-gr-2-18-oz","og_site_name":"Acuario Supremus","article_publisher":"https:\/\/www.facebook.com\/AcuarioSupremus","article_modified_time":"2026-01-13T21:59:24+00:00","og_image":[{"width":1000,"height":1000,"url":"https:\/\/acuariosupremus.com\/wp-content\/uploads\/2022\/02\/TE29240.jpg","type":"image\/jpeg"}],"twitter_card":"summary_large_image","twitter_site":"@AcuarioSupremus","twitter_misc":{"Tiempo de lectura":"1 minuto"},"schema":{"@context":"https:\/\/schema.org","@graph":[{"@type":"WebPage","@id":"https:\/\/acuariosupremus.com\/?product=reptotreat-suprema-krill-sticks-62-gr-2-18-oz","url":"https:\/\/acuariosupremus.com\/?product=reptotreat-suprema-krill-sticks-62-gr-2-18-oz","name":"REPTOTREAT SUPREMA KRILL STICKS 62 GR | Acuario Supremus","isPartOf":{"@id":"https:\/\/acuariosupremus.com\/#website"},"primaryImageOfPage":{"@id":"https:\/\/acuariosupremus.com\/?product=reptotreat-suprema-krill-sticks-62-gr-2-18-oz#primaryimage"},"image":{"@id":"https:\/\/acuariosupremus.com\/?product=reptotreat-suprema-krill-sticks-62-gr-2-18-oz#primaryimage"},"thumbnailUrl":"https:\/\/acuariosupremus.com\/wp-content\/uploads\/2022\/02\/TE29240.jpg","datePublished":"2022-02-17T22:39:03+00:00","dateModified":"2026-01-13T21:59:24+00:00","description":"ReptoTreat Suprema 62 Gr,elaborados a base de camar\u00f3n y krill, Proporciona nutrientes b\u00e1sicos, m\u00e1s \u00e1cidos grasos Omega-3 potenciadores de colores naturales.","breadcrumb":{"@id":"https:\/\/acuariosupremus.com\/?product=reptotreat-suprema-krill-sticks-62-gr-2-18-oz#breadcrumb"},"inLanguage":"es","potentialAction":[{"@type":"ReadAction","target":["https:\/\/acuariosupremus.com\/?product=reptotreat-suprema-krill-sticks-62-gr-2-18-oz"]}]},{"@type":"ImageObject","inLanguage":"es","@id":"https:\/\/acuariosupremus.com\/?product=reptotreat-suprema-krill-sticks-62-gr-2-18-oz#primaryimage","url":"https:\/\/acuariosupremus.com\/wp-content\/uploads\/2022\/02\/TE29240.jpg","contentUrl":"https:\/\/acuariosupremus.com\/wp-content\/uploads\/2022\/02\/TE29240.jpg","width":1000,"height":1000},{"@type":"BreadcrumbList","@id":"https:\/\/acuariosupremus.com\/?product=reptotreat-suprema-krill-sticks-62-gr-2-18-oz#breadcrumb","itemListElement":[{"@type":"ListItem","position":1,"name":"Portada","item":"https:\/\/acuariosupremus.com\/"},{"@type":"ListItem","position":2,"name":"Tienda","item":"https:\/\/acuariosupremus.com\/tienda\/"},{"@type":"ListItem","position":3,"name":"REPTOTREAT SUPREMA KRILL STICKS 62 GR"}]},{"@type":"WebSite","@id":"https:\/\/acuariosupremus.com\/#website","url":"https:\/\/acuariosupremus.com\/","name":"Acuario Supremus","description":"Peces, Peceras y Mascotas.","publisher":{"@id":"https:\/\/acuariosupremus.com\/#organization"},"potentialAction":[{"@type":"SearchAction","target":{"@type":"EntryPoint","urlTemplate":"https:\/\/acuariosupremus.com\/?s={search_term_string}"},"query-input":{"@type":"PropertyValueSpecification","valueRequired":true,"valueName":"search_term_string"}}],"inLanguage":"es"},{"@type":"Organization","@id":"https:\/\/acuariosupremus.com\/#organization","name":"Acuario Supremus","url":"https:\/\/acuariosupremus.com\/","logo":{"@type":"ImageObject","inLanguage":"es","@id":"https:\/\/acuariosupremus.com\/#\/schema\/logo\/image\/","url":"https:\/\/acuariosupremus.com\/wp-content\/uploads\/2021\/12\/cropped-logo_acuario_supremus_fn-2.png","contentUrl":"https:\/\/acuariosupremus.com\/wp-content\/uploads\/2021\/12\/cropped-logo_acuario_supremus_fn-2.png","width":1000,"height":318,"caption":"Acuario Supremus"},"image":{"@id":"https:\/\/acuariosupremus.com\/#\/schema\/logo\/image\/"},"sameAs":["https:\/\/www.facebook.com\/AcuarioSupremus","https:\/\/x.com\/AcuarioSupremus","https:\/\/www.instagram.com\/acuariosupremus\/?hl=es"]}]}},"jetpack_sharing_enabled":true,"_links":{"self":[{"href":"https:\/\/acuariosupremus.com\/index.php?rest_route=\/wp\/v2\/product\/3228","targetHints":{"allow":["GET"]}}],"collection":[{"href":"https:\/\/acuariosupremus.com\/index.php?rest_route=\/wp\/v2\/product"}],"about":[{"href":"https:\/\/acuariosupremus.com\/index.php?rest_route=\/wp\/v2\/types\/product"}],"wp:featuredmedia":[{"embeddable":true,"href":"https:\/\/acuariosupremus.com\/index.php?rest_route=\/wp\/v2\/media\/3229"}],"wp:attachment":[{"href":"https:\/\/acuariosupremus.com\/index.php?rest_route=%2Fwp%2Fv2%2Fmedia&parent=3228"}],"wp:term":[{"taxonomy":"product_brand","embeddable":true,"href":"https:\/\/acuariosupremus.com\/index.php?rest_route=%2Fwp%2Fv2%2Fproduct_brand&post=3228"},{"taxonomy":"product_cat","embeddable":true,"href":"https:\/\/acuariosupremus.com\/index.php?rest_route=%2Fwp%2Fv2%2Fproduct_cat&post=3228"},{"taxonomy":"product_tag","embeddable":true,"href":"https:\/\/acuariosupremus.com\/index.php?rest_route=%2Fwp%2Fv2%2Fproduct_tag&post=3228"}],"curies":[{"name":"wp","href":"https:\/\/api.w.org\/{rel}","templated":true}]}}