{"id":3234,"date":"2022-02-17T16:52:25","date_gmt":"2022-02-17T22:52:25","guid":{"rendered":"https:\/\/acuariosupremus.com\/?post_type=product&#038;p=3234"},"modified":"2026-01-13T16:28:40","modified_gmt":"2026-01-13T22:28:40","slug":"reptomin-select-a-food-44-gr-1-55-oz","status":"publish","type":"product","link":"https:\/\/acuariosupremus.com\/?product=reptomin-select-a-food-44-gr-1-55-oz","title":{"rendered":"REPTOMIN SELECT-A-FOOD 44 GR"},"content":{"rendered":"<p>Instrucciones:<br \/>\nReptoMin Mini Sticks: se alimentan una a dos veces por d\u00eda s\u00f3lo lo que su mascota puede consumir dentro de varios minutos. Reptotreats (camar\u00f3n beb\u00e9, mini krill): se alimentan varias veces a la semana, adem\u00e1s de la dieta b\u00e1sica, s\u00f3lo lo que su mascota puede consumir dentro de varios minutos.<br \/>\nIngredientes:<br \/>\nReptoMin Mini Sticks: almid\u00f3n de trigo, harina de pescado, levadura seca, harina de camar\u00f3n, prote\u00edna de papa, carbonato de calcio, harina de soya descascarillada, gluten de trigo, fosfato de calcio monob\u00e1sico, aceite de soya, lecitina, monoclorhidrato de L-lisina, harina de algas, extracto de levadura, \u00e1cido asc\u00f3rbico (fuente de vit. C), inositol, niacina, L-ascorbil-2-polifosfato (vit. c estabilizada), D-pantotenato c\u00e1lcico, a-tocoferol-acetato (fuente de vit. E), riboflavina-5-fosfato (fuente de vit. B2), mononitrato de tiamina (fuente de vit. B1), clorhidrato de piridoxina (fuente de vit. B6), palmitato de vitamina A (fuente de vit. A), complejo de bisulfito s\u00f3dico de menadiona (fuente de vit. K), biotina, suplemento de vit. B12, colecalciferol (fuente de vit. D3), monohidrato de sulfato de manganeso, monohidrato de sulfato de zinc, monohidrato de sulfato ferroso, acetato de cobalto, colores que incluye: betacaroteno, azul 2, amarillo 6, etoxiquina como conservante.<br \/>\nBeb\u00e9 camarones: camar\u00f3n de agua dulce (Gammarus puplex) secado al sol.<br \/>\nMini krill: krill (Euphasia pacifica) liofilizado.<br \/>\nAn\u00e1lisis garantizado:<br \/>\nMini sticks Camar\u00f3n beb\u00e9 Mini Krill<br \/>\nProte\u00edna cruda M\u00edn. 39.0% 44.0% 62.0%<br \/>\nGrasa cruda M\u00edn. 4.5% 6.0% 4.0%<br \/>\nFibra cruda M\u00e1x. 2.0% 6.5% 4.0%<br \/>\nHumedad M\u00e1x. 9.0% 14.0% 6.0%<br \/>\nF\u00f3sforo M\u00edn. 1.2% 0.9% 1.0%<br \/>\nCalcio M\u00edn. 3.0%<br \/>\nCalcio M\u00e1x. 3.5%<br \/>\n\u00c1cido Asc\u00f3rbico (vit. C) 100 mg\/kg<br \/>\nPeso\/Capacidad:<br \/>\n<strong>44 gramos (1.55 OZ)<\/strong><\/p>\n","protected":false},"excerpt":{"rendered":"<p>ReptoMin Selecciona un alimento.<br \/>\nPara tortugas acu\u00e1ticas, tritones y ranas.<br \/>\n3 alimentos en 1.<br \/>\nIncluye ReptoMin dieta b\u00e1sica, nutritivos camarones beb\u00e9 y los mini krill.<br \/>\nReptoMin seleccione un alimento.<br \/>\nVariedad nutritiva para su tortuga o anfibios mascotas.<br \/>\n\u00danico, frasco con m\u00faltiples secciones<br \/>\nContiene ReptoMin Mini Sticks (dieta cient\u00edficamente formulada)<br \/>\nContiene reales, camarones natural y krill (liofilizados trata a su mascota amar\u00e1n)<\/p>\n","protected":false},"featured_media":3235,"template":"","meta":[],"product_brand":[116],"product_cat":[84,89],"product_tag":[162,150,149,295],"class_list":{"0":"post-3234","1":"product","2":"type-product","3":"status-publish","4":"has-post-thumbnail","6":"product_brand-tetra","7":"product_cat-reptiles-y-anfibios","8":"product_cat-nutricion-reptiles-y-anfibios","9":"product_tag-alimento-3-en-1","10":"product_tag-alimento-premium","11":"product_tag-alimento-tetra","12":"product_tag-alimento-tortuga","14":"first","15":"instock","16":"sale","17":"shipping-taxable","18":"purchasable","19":"product-type-simple"},"yoast_head":"<!-- This site is optimized with the Yoast SEO plugin v27.4 - https:\/\/yoast.com\/product\/yoast-seo-wordpress\/ -->\n<title>REPTOMIN SELECT-A-FOOD 44 GR | Acuario Supremus<\/title>\n<meta name=\"description\" content=\"3 alimentos en 1, Incluye ReptoMin dieta b\u00e1sica, nutritivos camarones beb\u00e9 y los mini krills, Variedad nutritiva para su tortuga o anfibios mascotas.\" \/>\n<meta name=\"robots\" content=\"index, follow, max-snippet:-1, max-image-preview:large, max-video-preview:-1\" \/>\n<link rel=\"canonical\" href=\"https:\/\/acuariosupremus.com\/?product=reptomin-select-a-food-44-gr-1-55-oz\" \/>\n<meta property=\"og:locale\" content=\"es_MX\" \/>\n<meta property=\"og:type\" content=\"article\" \/>\n<meta property=\"og:title\" content=\"REPTOMIN SELECT-A-FOOD 44 GR | Acuario Supremus\" \/>\n<meta property=\"og:description\" content=\"3 alimentos en 1, Incluye ReptoMin dieta b\u00e1sica, nutritivos camarones beb\u00e9 y los mini krills, Variedad nutritiva para su tortuga o anfibios mascotas.\" \/>\n<meta property=\"og:url\" content=\"https:\/\/acuariosupremus.com\/?product=reptomin-select-a-food-44-gr-1-55-oz\" \/>\n<meta property=\"og:site_name\" content=\"Acuario Supremus\" \/>\n<meta property=\"article:publisher\" content=\"https:\/\/www.facebook.com\/AcuarioSupremus\" \/>\n<meta property=\"article:modified_time\" content=\"2026-01-13T22:28:40+00:00\" \/>\n<meta property=\"og:image\" content=\"https:\/\/acuariosupremus.com\/wp-content\/uploads\/2022\/02\/TE29253.jpg\" \/>\n\t<meta property=\"og:image:width\" content=\"1000\" \/>\n\t<meta property=\"og:image:height\" content=\"1000\" \/>\n\t<meta property=\"og:image:type\" content=\"image\/jpeg\" \/>\n<meta name=\"twitter:card\" content=\"summary_large_image\" \/>\n<meta name=\"twitter:site\" content=\"@AcuarioSupremus\" \/>\n<meta name=\"twitter:label1\" content=\"Tiempo de lectura\" \/>\n\t<meta name=\"twitter:data1\" content=\"2 minutos\" \/>\n<script type=\"application\/ld+json\" class=\"yoast-schema-graph\">{\"@context\":\"https:\\\/\\\/schema.org\",\"@graph\":[{\"@type\":\"WebPage\",\"@id\":\"https:\\\/\\\/acuariosupremus.com\\\/?product=reptomin-select-a-food-44-gr-1-55-oz\",\"url\":\"https:\\\/\\\/acuariosupremus.com\\\/?product=reptomin-select-a-food-44-gr-1-55-oz\",\"name\":\"REPTOMIN SELECT-A-FOOD 44 GR | Acuario Supremus\",\"isPartOf\":{\"@id\":\"https:\\\/\\\/acuariosupremus.com\\\/#website\"},\"primaryImageOfPage\":{\"@id\":\"https:\\\/\\\/acuariosupremus.com\\\/?product=reptomin-select-a-food-44-gr-1-55-oz#primaryimage\"},\"image\":{\"@id\":\"https:\\\/\\\/acuariosupremus.com\\\/?product=reptomin-select-a-food-44-gr-1-55-oz#primaryimage\"},\"thumbnailUrl\":\"https:\\\/\\\/acuariosupremus.com\\\/wp-content\\\/uploads\\\/2022\\\/02\\\/TE29253.jpg\",\"datePublished\":\"2022-02-17T22:52:25+00:00\",\"dateModified\":\"2026-01-13T22:28:40+00:00\",\"description\":\"3 alimentos en 1, Incluye ReptoMin dieta b\u00e1sica, nutritivos camarones beb\u00e9 y los mini krills, Variedad nutritiva para su tortuga o anfibios mascotas.\",\"breadcrumb\":{\"@id\":\"https:\\\/\\\/acuariosupremus.com\\\/?product=reptomin-select-a-food-44-gr-1-55-oz#breadcrumb\"},\"inLanguage\":\"es\",\"potentialAction\":[{\"@type\":\"ReadAction\",\"target\":[\"https:\\\/\\\/acuariosupremus.com\\\/?product=reptomin-select-a-food-44-gr-1-55-oz\"]}]},{\"@type\":\"ImageObject\",\"inLanguage\":\"es\",\"@id\":\"https:\\\/\\\/acuariosupremus.com\\\/?product=reptomin-select-a-food-44-gr-1-55-oz#primaryimage\",\"url\":\"https:\\\/\\\/acuariosupremus.com\\\/wp-content\\\/uploads\\\/2022\\\/02\\\/TE29253.jpg\",\"contentUrl\":\"https:\\\/\\\/acuariosupremus.com\\\/wp-content\\\/uploads\\\/2022\\\/02\\\/TE29253.jpg\",\"width\":1000,\"height\":1000},{\"@type\":\"BreadcrumbList\",\"@id\":\"https:\\\/\\\/acuariosupremus.com\\\/?product=reptomin-select-a-food-44-gr-1-55-oz#breadcrumb\",\"itemListElement\":[{\"@type\":\"ListItem\",\"position\":1,\"name\":\"Portada\",\"item\":\"https:\\\/\\\/acuariosupremus.com\\\/\"},{\"@type\":\"ListItem\",\"position\":2,\"name\":\"Tienda\",\"item\":\"https:\\\/\\\/acuariosupremus.com\\\/tienda\\\/\"},{\"@type\":\"ListItem\",\"position\":3,\"name\":\"REPTOMIN SELECT-A-FOOD 44 GR\"}]},{\"@type\":\"WebSite\",\"@id\":\"https:\\\/\\\/acuariosupremus.com\\\/#website\",\"url\":\"https:\\\/\\\/acuariosupremus.com\\\/\",\"name\":\"Acuario Supremus\",\"description\":\"Peces, Peceras y Mascotas.\",\"publisher\":{\"@id\":\"https:\\\/\\\/acuariosupremus.com\\\/#organization\"},\"potentialAction\":[{\"@type\":\"SearchAction\",\"target\":{\"@type\":\"EntryPoint\",\"urlTemplate\":\"https:\\\/\\\/acuariosupremus.com\\\/?s={search_term_string}\"},\"query-input\":{\"@type\":\"PropertyValueSpecification\",\"valueRequired\":true,\"valueName\":\"search_term_string\"}}],\"inLanguage\":\"es\"},{\"@type\":\"Organization\",\"@id\":\"https:\\\/\\\/acuariosupremus.com\\\/#organization\",\"name\":\"Acuario Supremus\",\"url\":\"https:\\\/\\\/acuariosupremus.com\\\/\",\"logo\":{\"@type\":\"ImageObject\",\"inLanguage\":\"es\",\"@id\":\"https:\\\/\\\/acuariosupremus.com\\\/#\\\/schema\\\/logo\\\/image\\\/\",\"url\":\"https:\\\/\\\/acuariosupremus.com\\\/wp-content\\\/uploads\\\/2021\\\/12\\\/cropped-logo_acuario_supremus_fn-2.png\",\"contentUrl\":\"https:\\\/\\\/acuariosupremus.com\\\/wp-content\\\/uploads\\\/2021\\\/12\\\/cropped-logo_acuario_supremus_fn-2.png\",\"width\":1000,\"height\":318,\"caption\":\"Acuario Supremus\"},\"image\":{\"@id\":\"https:\\\/\\\/acuariosupremus.com\\\/#\\\/schema\\\/logo\\\/image\\\/\"},\"sameAs\":[\"https:\\\/\\\/www.facebook.com\\\/AcuarioSupremus\",\"https:\\\/\\\/x.com\\\/AcuarioSupremus\",\"https:\\\/\\\/www.instagram.com\\\/acuariosupremus\\\/?hl=es\"]}]}<\/script>\n<!-- \/ Yoast SEO plugin. -->","yoast_head_json":{"title":"REPTOMIN SELECT-A-FOOD 44 GR | Acuario Supremus","description":"3 alimentos en 1, Incluye ReptoMin dieta b\u00e1sica, nutritivos camarones beb\u00e9 y los mini krills, Variedad nutritiva para su tortuga o anfibios mascotas.","robots":{"index":"index","follow":"follow","max-snippet":"max-snippet:-1","max-image-preview":"max-image-preview:large","max-video-preview":"max-video-preview:-1"},"canonical":"https:\/\/acuariosupremus.com\/?product=reptomin-select-a-food-44-gr-1-55-oz","og_locale":"es_MX","og_type":"article","og_title":"REPTOMIN SELECT-A-FOOD 44 GR | Acuario Supremus","og_description":"3 alimentos en 1, Incluye ReptoMin dieta b\u00e1sica, nutritivos camarones beb\u00e9 y los mini krills, Variedad nutritiva para su tortuga o anfibios mascotas.","og_url":"https:\/\/acuariosupremus.com\/?product=reptomin-select-a-food-44-gr-1-55-oz","og_site_name":"Acuario Supremus","article_publisher":"https:\/\/www.facebook.com\/AcuarioSupremus","article_modified_time":"2026-01-13T22:28:40+00:00","og_image":[{"width":1000,"height":1000,"url":"https:\/\/acuariosupremus.com\/wp-content\/uploads\/2022\/02\/TE29253.jpg","type":"image\/jpeg"}],"twitter_card":"summary_large_image","twitter_site":"@AcuarioSupremus","twitter_misc":{"Tiempo de lectura":"2 minutos"},"schema":{"@context":"https:\/\/schema.org","@graph":[{"@type":"WebPage","@id":"https:\/\/acuariosupremus.com\/?product=reptomin-select-a-food-44-gr-1-55-oz","url":"https:\/\/acuariosupremus.com\/?product=reptomin-select-a-food-44-gr-1-55-oz","name":"REPTOMIN SELECT-A-FOOD 44 GR | Acuario Supremus","isPartOf":{"@id":"https:\/\/acuariosupremus.com\/#website"},"primaryImageOfPage":{"@id":"https:\/\/acuariosupremus.com\/?product=reptomin-select-a-food-44-gr-1-55-oz#primaryimage"},"image":{"@id":"https:\/\/acuariosupremus.com\/?product=reptomin-select-a-food-44-gr-1-55-oz#primaryimage"},"thumbnailUrl":"https:\/\/acuariosupremus.com\/wp-content\/uploads\/2022\/02\/TE29253.jpg","datePublished":"2022-02-17T22:52:25+00:00","dateModified":"2026-01-13T22:28:40+00:00","description":"3 alimentos en 1, Incluye ReptoMin dieta b\u00e1sica, nutritivos camarones beb\u00e9 y los mini krills, Variedad nutritiva para su tortuga o anfibios mascotas.","breadcrumb":{"@id":"https:\/\/acuariosupremus.com\/?product=reptomin-select-a-food-44-gr-1-55-oz#breadcrumb"},"inLanguage":"es","potentialAction":[{"@type":"ReadAction","target":["https:\/\/acuariosupremus.com\/?product=reptomin-select-a-food-44-gr-1-55-oz"]}]},{"@type":"ImageObject","inLanguage":"es","@id":"https:\/\/acuariosupremus.com\/?product=reptomin-select-a-food-44-gr-1-55-oz#primaryimage","url":"https:\/\/acuariosupremus.com\/wp-content\/uploads\/2022\/02\/TE29253.jpg","contentUrl":"https:\/\/acuariosupremus.com\/wp-content\/uploads\/2022\/02\/TE29253.jpg","width":1000,"height":1000},{"@type":"BreadcrumbList","@id":"https:\/\/acuariosupremus.com\/?product=reptomin-select-a-food-44-gr-1-55-oz#breadcrumb","itemListElement":[{"@type":"ListItem","position":1,"name":"Portada","item":"https:\/\/acuariosupremus.com\/"},{"@type":"ListItem","position":2,"name":"Tienda","item":"https:\/\/acuariosupremus.com\/tienda\/"},{"@type":"ListItem","position":3,"name":"REPTOMIN SELECT-A-FOOD 44 GR"}]},{"@type":"WebSite","@id":"https:\/\/acuariosupremus.com\/#website","url":"https:\/\/acuariosupremus.com\/","name":"Acuario Supremus","description":"Peces, Peceras y Mascotas.","publisher":{"@id":"https:\/\/acuariosupremus.com\/#organization"},"potentialAction":[{"@type":"SearchAction","target":{"@type":"EntryPoint","urlTemplate":"https:\/\/acuariosupremus.com\/?s={search_term_string}"},"query-input":{"@type":"PropertyValueSpecification","valueRequired":true,"valueName":"search_term_string"}}],"inLanguage":"es"},{"@type":"Organization","@id":"https:\/\/acuariosupremus.com\/#organization","name":"Acuario Supremus","url":"https:\/\/acuariosupremus.com\/","logo":{"@type":"ImageObject","inLanguage":"es","@id":"https:\/\/acuariosupremus.com\/#\/schema\/logo\/image\/","url":"https:\/\/acuariosupremus.com\/wp-content\/uploads\/2021\/12\/cropped-logo_acuario_supremus_fn-2.png","contentUrl":"https:\/\/acuariosupremus.com\/wp-content\/uploads\/2021\/12\/cropped-logo_acuario_supremus_fn-2.png","width":1000,"height":318,"caption":"Acuario Supremus"},"image":{"@id":"https:\/\/acuariosupremus.com\/#\/schema\/logo\/image\/"},"sameAs":["https:\/\/www.facebook.com\/AcuarioSupremus","https:\/\/x.com\/AcuarioSupremus","https:\/\/www.instagram.com\/acuariosupremus\/?hl=es"]}]}},"jetpack_sharing_enabled":true,"_links":{"self":[{"href":"https:\/\/acuariosupremus.com\/index.php?rest_route=\/wp\/v2\/product\/3234","targetHints":{"allow":["GET"]}}],"collection":[{"href":"https:\/\/acuariosupremus.com\/index.php?rest_route=\/wp\/v2\/product"}],"about":[{"href":"https:\/\/acuariosupremus.com\/index.php?rest_route=\/wp\/v2\/types\/product"}],"wp:featuredmedia":[{"embeddable":true,"href":"https:\/\/acuariosupremus.com\/index.php?rest_route=\/wp\/v2\/media\/3235"}],"wp:attachment":[{"href":"https:\/\/acuariosupremus.com\/index.php?rest_route=%2Fwp%2Fv2%2Fmedia&parent=3234"}],"wp:term":[{"taxonomy":"product_brand","embeddable":true,"href":"https:\/\/acuariosupremus.com\/index.php?rest_route=%2Fwp%2Fv2%2Fproduct_brand&post=3234"},{"taxonomy":"product_cat","embeddable":true,"href":"https:\/\/acuariosupremus.com\/index.php?rest_route=%2Fwp%2Fv2%2Fproduct_cat&post=3234"},{"taxonomy":"product_tag","embeddable":true,"href":"https:\/\/acuariosupremus.com\/index.php?rest_route=%2Fwp%2Fv2%2Fproduct_tag&post=3234"}],"curies":[{"name":"wp","href":"https:\/\/api.w.org\/{rel}","templated":true}]}}