{"id":3242,"date":"2022-02-17T17:35:33","date_gmt":"2022-02-17T23:35:33","guid":{"rendered":"https:\/\/acuariosupremus.com\/?post_type=product&#038;p=3242"},"modified":"2026-01-13T16:33:11","modified_gmt":"2026-01-13T22:33:11","slug":"reptomin-adult-turtle-pro-formula-230-gr-8-1-oz","status":"publish","type":"product","link":"https:\/\/acuariosupremus.com\/?product=reptomin-adult-turtle-pro-formula-230-gr-8-1-oz","title":{"rendered":"REPTOMIN ADULT TURTLE PRO FORMULA 230 GR"},"content":{"rendered":"<p>Ingredientes:<br \/>\nGluten de trigo, harina de pescado, levadura seca, almid\u00f3n de trigo, harina de camar\u00f3n, prote\u00edna de papa, carbonato de calcio, harina de soya descascarillada, fosfato de calcio monob\u00e1sico, harina de trigo, harina de ma\u00edz, aceite de soya,lecitina,<br \/>\nmonoclorhidrato de L-lisina, harina de algas, almid\u00f3n de ma\u00edz, harina de gluten de ma\u00edz, extracto de levadura, \u00e1cido asc\u00f3rbico (fuente de vitamina C), inositol, niacina, sulfato de manganeso, sulfato de zinc, sulfato ferroso, L-ascorbil-2-polifosfato (Vitamina C estabilizada), D-pantotenato de calcio, A-tocoferol-acetato (fuente de vitamina E), extracto de Yucca, riboflavina-5-fosfato (fuente de vitamina B2) , mononitrato de tiamina (fuente de vitamina B1), goma guar, clorhidrato de piridoxina (fuente de vitamina B6), palmitato de vitamina A (fuente de vitamina A), complejo de bisulfito de menadiona y sodio (fuente de vitamina K), biotina, suplemento de vitamina B12, Colecalciferol (fuente de vitamina D3). Agentes colorantes: Beta-Caroteno, azul c 2, amarillo No. 6, amarillo No. 5, rojo No. 3 Canthaxantina, etoxiquina como conservante.<br \/>\nProte\u00edna cruda m\u00edn. 36.0%<br \/>\nGrasa cruda m\u00edn. 4.0%<br \/>\nFibra cruda m\u00e1x.. 2..5%<br \/>\nHumedad m\u00e1x.. 9.0%<br \/>\nFosforo m\u00edn. 1.1%<br \/>\nVit. D3. 1500 UI\/KG.<br \/>\nPeso\/Capacidad:<br \/>\n<strong>230 gramos (8.11 OZ)<\/strong><\/p>\n","protected":false},"excerpt":{"rendered":"<p>F\u00f3rmula equilibrada para tortugas adultas con porcentajes de grasa disminuidos y una dieta omn\u00edvora, basada en los<br \/>\nrequerimientos nutricionales durante esta etapa.<br \/>\nLa f\u00f3rmula innovadora bloquea y reduce en gran medida los olores asociados con los residuos de tortugas.<br \/>\nContiene beta glucanos que fortalecen el sistema inmunol\u00f3gico<br \/>\nDieta rica en prote\u00edna y calcio.<br \/>\nPara tortugas a partir de 12.7 cm (5 pulgadas).<\/p>\n","protected":false},"featured_media":3244,"template":"","meta":[],"product_brand":[116],"product_cat":[84,89],"product_tag":[165,149,295],"class_list":{"0":"post-3242","1":"product","2":"type-product","3":"status-publish","4":"has-post-thumbnail","6":"product_brand-tetra","7":"product_cat-reptiles-y-anfibios","8":"product_cat-nutricion-reptiles-y-anfibios","9":"product_tag-alimento-pro","10":"product_tag-alimento-tetra","11":"product_tag-alimento-tortuga","13":"first","14":"instock","15":"sale","16":"shipping-taxable","17":"purchasable","18":"product-type-simple"},"yoast_head":"<!-- This site is optimized with the Yoast SEO plugin v27.4 - https:\/\/yoast.com\/product\/yoast-seo-wordpress\/ -->\n<title>REPTOMIN ADULT TURTLE PRO FORMULA 230 GR | Acuario Supremus<\/title>\n<meta name=\"description\" content=\"Reptomin PRO tortugas adultas con porcentajes de grasa disminuidos y una dieta omn\u00edvora, basada en los requerimientos nutricionales durante esta etapa.\" \/>\n<meta name=\"robots\" content=\"index, follow, max-snippet:-1, max-image-preview:large, max-video-preview:-1\" \/>\n<link rel=\"canonical\" href=\"https:\/\/acuariosupremus.com\/?product=reptomin-adult-turtle-pro-formula-230-gr-8-1-oz\" \/>\n<meta property=\"og:locale\" content=\"es_MX\" \/>\n<meta property=\"og:type\" content=\"article\" \/>\n<meta property=\"og:title\" content=\"REPTOMIN ADULT TURTLE PRO FORMULA 230 GR | Acuario Supremus\" \/>\n<meta property=\"og:description\" content=\"Reptomin PRO tortugas adultas con porcentajes de grasa disminuidos y una dieta omn\u00edvora, basada en los requerimientos nutricionales durante esta etapa.\" \/>\n<meta property=\"og:url\" content=\"https:\/\/acuariosupremus.com\/?product=reptomin-adult-turtle-pro-formula-230-gr-8-1-oz\" \/>\n<meta property=\"og:site_name\" content=\"Acuario Supremus\" \/>\n<meta property=\"article:publisher\" content=\"https:\/\/www.facebook.com\/AcuarioSupremus\" \/>\n<meta property=\"article:modified_time\" content=\"2026-01-13T22:33:11+00:00\" \/>\n<meta property=\"og:image\" content=\"https:\/\/acuariosupremus.com\/wp-content\/uploads\/2022\/02\/TE77099.jpg\" \/>\n\t<meta property=\"og:image:width\" content=\"1000\" \/>\n\t<meta property=\"og:image:height\" content=\"1000\" \/>\n\t<meta property=\"og:image:type\" content=\"image\/jpeg\" \/>\n<meta name=\"twitter:card\" content=\"summary_large_image\" \/>\n<meta name=\"twitter:site\" content=\"@AcuarioSupremus\" \/>\n<meta name=\"twitter:label1\" content=\"Tiempo de lectura\" \/>\n\t<meta name=\"twitter:data1\" content=\"1 minuto\" \/>\n<script type=\"application\/ld+json\" class=\"yoast-schema-graph\">{\"@context\":\"https:\\\/\\\/schema.org\",\"@graph\":[{\"@type\":\"WebPage\",\"@id\":\"https:\\\/\\\/acuariosupremus.com\\\/?product=reptomin-adult-turtle-pro-formula-230-gr-8-1-oz\",\"url\":\"https:\\\/\\\/acuariosupremus.com\\\/?product=reptomin-adult-turtle-pro-formula-230-gr-8-1-oz\",\"name\":\"REPTOMIN ADULT TURTLE PRO FORMULA 230 GR | Acuario Supremus\",\"isPartOf\":{\"@id\":\"https:\\\/\\\/acuariosupremus.com\\\/#website\"},\"primaryImageOfPage\":{\"@id\":\"https:\\\/\\\/acuariosupremus.com\\\/?product=reptomin-adult-turtle-pro-formula-230-gr-8-1-oz#primaryimage\"},\"image\":{\"@id\":\"https:\\\/\\\/acuariosupremus.com\\\/?product=reptomin-adult-turtle-pro-formula-230-gr-8-1-oz#primaryimage\"},\"thumbnailUrl\":\"https:\\\/\\\/acuariosupremus.com\\\/wp-content\\\/uploads\\\/2022\\\/02\\\/TE77099.jpg\",\"datePublished\":\"2022-02-17T23:35:33+00:00\",\"dateModified\":\"2026-01-13T22:33:11+00:00\",\"description\":\"Reptomin PRO tortugas adultas con porcentajes de grasa disminuidos y una dieta omn\u00edvora, basada en los requerimientos nutricionales durante esta etapa.\",\"breadcrumb\":{\"@id\":\"https:\\\/\\\/acuariosupremus.com\\\/?product=reptomin-adult-turtle-pro-formula-230-gr-8-1-oz#breadcrumb\"},\"inLanguage\":\"es\",\"potentialAction\":[{\"@type\":\"ReadAction\",\"target\":[\"https:\\\/\\\/acuariosupremus.com\\\/?product=reptomin-adult-turtle-pro-formula-230-gr-8-1-oz\"]}]},{\"@type\":\"ImageObject\",\"inLanguage\":\"es\",\"@id\":\"https:\\\/\\\/acuariosupremus.com\\\/?product=reptomin-adult-turtle-pro-formula-230-gr-8-1-oz#primaryimage\",\"url\":\"https:\\\/\\\/acuariosupremus.com\\\/wp-content\\\/uploads\\\/2022\\\/02\\\/TE77099.jpg\",\"contentUrl\":\"https:\\\/\\\/acuariosupremus.com\\\/wp-content\\\/uploads\\\/2022\\\/02\\\/TE77099.jpg\",\"width\":1000,\"height\":1000},{\"@type\":\"BreadcrumbList\",\"@id\":\"https:\\\/\\\/acuariosupremus.com\\\/?product=reptomin-adult-turtle-pro-formula-230-gr-8-1-oz#breadcrumb\",\"itemListElement\":[{\"@type\":\"ListItem\",\"position\":1,\"name\":\"Portada\",\"item\":\"https:\\\/\\\/acuariosupremus.com\\\/\"},{\"@type\":\"ListItem\",\"position\":2,\"name\":\"Tienda\",\"item\":\"https:\\\/\\\/acuariosupremus.com\\\/tienda\\\/\"},{\"@type\":\"ListItem\",\"position\":3,\"name\":\"REPTOMIN ADULT TURTLE PRO FORMULA 230 GR\"}]},{\"@type\":\"WebSite\",\"@id\":\"https:\\\/\\\/acuariosupremus.com\\\/#website\",\"url\":\"https:\\\/\\\/acuariosupremus.com\\\/\",\"name\":\"Acuario Supremus\",\"description\":\"Peces, Peceras y Mascotas.\",\"publisher\":{\"@id\":\"https:\\\/\\\/acuariosupremus.com\\\/#organization\"},\"potentialAction\":[{\"@type\":\"SearchAction\",\"target\":{\"@type\":\"EntryPoint\",\"urlTemplate\":\"https:\\\/\\\/acuariosupremus.com\\\/?s={search_term_string}\"},\"query-input\":{\"@type\":\"PropertyValueSpecification\",\"valueRequired\":true,\"valueName\":\"search_term_string\"}}],\"inLanguage\":\"es\"},{\"@type\":\"Organization\",\"@id\":\"https:\\\/\\\/acuariosupremus.com\\\/#organization\",\"name\":\"Acuario Supremus\",\"url\":\"https:\\\/\\\/acuariosupremus.com\\\/\",\"logo\":{\"@type\":\"ImageObject\",\"inLanguage\":\"es\",\"@id\":\"https:\\\/\\\/acuariosupremus.com\\\/#\\\/schema\\\/logo\\\/image\\\/\",\"url\":\"https:\\\/\\\/acuariosupremus.com\\\/wp-content\\\/uploads\\\/2021\\\/12\\\/cropped-logo_acuario_supremus_fn-2.png\",\"contentUrl\":\"https:\\\/\\\/acuariosupremus.com\\\/wp-content\\\/uploads\\\/2021\\\/12\\\/cropped-logo_acuario_supremus_fn-2.png\",\"width\":1000,\"height\":318,\"caption\":\"Acuario Supremus\"},\"image\":{\"@id\":\"https:\\\/\\\/acuariosupremus.com\\\/#\\\/schema\\\/logo\\\/image\\\/\"},\"sameAs\":[\"https:\\\/\\\/www.facebook.com\\\/AcuarioSupremus\",\"https:\\\/\\\/x.com\\\/AcuarioSupremus\",\"https:\\\/\\\/www.instagram.com\\\/acuariosupremus\\\/?hl=es\"]}]}<\/script>\n<!-- \/ Yoast SEO plugin. -->","yoast_head_json":{"title":"REPTOMIN ADULT TURTLE PRO FORMULA 230 GR | Acuario Supremus","description":"Reptomin PRO tortugas adultas con porcentajes de grasa disminuidos y una dieta omn\u00edvora, basada en los requerimientos nutricionales durante esta etapa.","robots":{"index":"index","follow":"follow","max-snippet":"max-snippet:-1","max-image-preview":"max-image-preview:large","max-video-preview":"max-video-preview:-1"},"canonical":"https:\/\/acuariosupremus.com\/?product=reptomin-adult-turtle-pro-formula-230-gr-8-1-oz","og_locale":"es_MX","og_type":"article","og_title":"REPTOMIN ADULT TURTLE PRO FORMULA 230 GR | Acuario Supremus","og_description":"Reptomin PRO tortugas adultas con porcentajes de grasa disminuidos y una dieta omn\u00edvora, basada en los requerimientos nutricionales durante esta etapa.","og_url":"https:\/\/acuariosupremus.com\/?product=reptomin-adult-turtle-pro-formula-230-gr-8-1-oz","og_site_name":"Acuario Supremus","article_publisher":"https:\/\/www.facebook.com\/AcuarioSupremus","article_modified_time":"2026-01-13T22:33:11+00:00","og_image":[{"width":1000,"height":1000,"url":"https:\/\/acuariosupremus.com\/wp-content\/uploads\/2022\/02\/TE77099.jpg","type":"image\/jpeg"}],"twitter_card":"summary_large_image","twitter_site":"@AcuarioSupremus","twitter_misc":{"Tiempo de lectura":"1 minuto"},"schema":{"@context":"https:\/\/schema.org","@graph":[{"@type":"WebPage","@id":"https:\/\/acuariosupremus.com\/?product=reptomin-adult-turtle-pro-formula-230-gr-8-1-oz","url":"https:\/\/acuariosupremus.com\/?product=reptomin-adult-turtle-pro-formula-230-gr-8-1-oz","name":"REPTOMIN ADULT TURTLE PRO FORMULA 230 GR | Acuario Supremus","isPartOf":{"@id":"https:\/\/acuariosupremus.com\/#website"},"primaryImageOfPage":{"@id":"https:\/\/acuariosupremus.com\/?product=reptomin-adult-turtle-pro-formula-230-gr-8-1-oz#primaryimage"},"image":{"@id":"https:\/\/acuariosupremus.com\/?product=reptomin-adult-turtle-pro-formula-230-gr-8-1-oz#primaryimage"},"thumbnailUrl":"https:\/\/acuariosupremus.com\/wp-content\/uploads\/2022\/02\/TE77099.jpg","datePublished":"2022-02-17T23:35:33+00:00","dateModified":"2026-01-13T22:33:11+00:00","description":"Reptomin PRO tortugas adultas con porcentajes de grasa disminuidos y una dieta omn\u00edvora, basada en los requerimientos nutricionales durante esta etapa.","breadcrumb":{"@id":"https:\/\/acuariosupremus.com\/?product=reptomin-adult-turtle-pro-formula-230-gr-8-1-oz#breadcrumb"},"inLanguage":"es","potentialAction":[{"@type":"ReadAction","target":["https:\/\/acuariosupremus.com\/?product=reptomin-adult-turtle-pro-formula-230-gr-8-1-oz"]}]},{"@type":"ImageObject","inLanguage":"es","@id":"https:\/\/acuariosupremus.com\/?product=reptomin-adult-turtle-pro-formula-230-gr-8-1-oz#primaryimage","url":"https:\/\/acuariosupremus.com\/wp-content\/uploads\/2022\/02\/TE77099.jpg","contentUrl":"https:\/\/acuariosupremus.com\/wp-content\/uploads\/2022\/02\/TE77099.jpg","width":1000,"height":1000},{"@type":"BreadcrumbList","@id":"https:\/\/acuariosupremus.com\/?product=reptomin-adult-turtle-pro-formula-230-gr-8-1-oz#breadcrumb","itemListElement":[{"@type":"ListItem","position":1,"name":"Portada","item":"https:\/\/acuariosupremus.com\/"},{"@type":"ListItem","position":2,"name":"Tienda","item":"https:\/\/acuariosupremus.com\/tienda\/"},{"@type":"ListItem","position":3,"name":"REPTOMIN ADULT TURTLE PRO FORMULA 230 GR"}]},{"@type":"WebSite","@id":"https:\/\/acuariosupremus.com\/#website","url":"https:\/\/acuariosupremus.com\/","name":"Acuario Supremus","description":"Peces, Peceras y Mascotas.","publisher":{"@id":"https:\/\/acuariosupremus.com\/#organization"},"potentialAction":[{"@type":"SearchAction","target":{"@type":"EntryPoint","urlTemplate":"https:\/\/acuariosupremus.com\/?s={search_term_string}"},"query-input":{"@type":"PropertyValueSpecification","valueRequired":true,"valueName":"search_term_string"}}],"inLanguage":"es"},{"@type":"Organization","@id":"https:\/\/acuariosupremus.com\/#organization","name":"Acuario Supremus","url":"https:\/\/acuariosupremus.com\/","logo":{"@type":"ImageObject","inLanguage":"es","@id":"https:\/\/acuariosupremus.com\/#\/schema\/logo\/image\/","url":"https:\/\/acuariosupremus.com\/wp-content\/uploads\/2021\/12\/cropped-logo_acuario_supremus_fn-2.png","contentUrl":"https:\/\/acuariosupremus.com\/wp-content\/uploads\/2021\/12\/cropped-logo_acuario_supremus_fn-2.png","width":1000,"height":318,"caption":"Acuario Supremus"},"image":{"@id":"https:\/\/acuariosupremus.com\/#\/schema\/logo\/image\/"},"sameAs":["https:\/\/www.facebook.com\/AcuarioSupremus","https:\/\/x.com\/AcuarioSupremus","https:\/\/www.instagram.com\/acuariosupremus\/?hl=es"]}]}},"jetpack_sharing_enabled":true,"_links":{"self":[{"href":"https:\/\/acuariosupremus.com\/index.php?rest_route=\/wp\/v2\/product\/3242","targetHints":{"allow":["GET"]}}],"collection":[{"href":"https:\/\/acuariosupremus.com\/index.php?rest_route=\/wp\/v2\/product"}],"about":[{"href":"https:\/\/acuariosupremus.com\/index.php?rest_route=\/wp\/v2\/types\/product"}],"wp:featuredmedia":[{"embeddable":true,"href":"https:\/\/acuariosupremus.com\/index.php?rest_route=\/wp\/v2\/media\/3244"}],"wp:attachment":[{"href":"https:\/\/acuariosupremus.com\/index.php?rest_route=%2Fwp%2Fv2%2Fmedia&parent=3242"}],"wp:term":[{"taxonomy":"product_brand","embeddable":true,"href":"https:\/\/acuariosupremus.com\/index.php?rest_route=%2Fwp%2Fv2%2Fproduct_brand&post=3242"},{"taxonomy":"product_cat","embeddable":true,"href":"https:\/\/acuariosupremus.com\/index.php?rest_route=%2Fwp%2Fv2%2Fproduct_cat&post=3242"},{"taxonomy":"product_tag","embeddable":true,"href":"https:\/\/acuariosupremus.com\/index.php?rest_route=%2Fwp%2Fv2%2Fproduct_tag&post=3242"}],"curies":[{"name":"wp","href":"https:\/\/api.w.org\/{rel}","templated":true}]}}