{"id":3334,"date":"2022-02-19T15:49:24","date_gmt":"2022-02-19T21:49:24","guid":{"rendered":"https:\/\/acuariosupremus.com\/?post_type=product&#038;p=3334"},"modified":"2026-01-13T17:28:25","modified_gmt":"2026-01-13T23:28:25","slug":"neutralizador-de-olores-para-arenero-de-gato","status":"publish","type":"product","link":"https:\/\/acuariosupremus.com\/?product=neutralizador-de-olores-para-arenero-de-gato","title":{"rendered":"NEUTRALIZADOR DE OLORES PARA ARENERO DE GATO"},"content":{"rendered":"<p>Instrucciones:<br \/>\n1. Agite antes de usar. 2. Roc\u00ede directamente sobre la arena. 3.Inmediatamente actuar\u00e1 neutralizando olores, dejando una ligera fragancia.<br \/>\nRecomendaciones:<br \/>\nPrecauciones: MANT\u00c9NGASE FUERA DEL ALCANCE DE LOS NI\u00d1OS Y MASCOTAS. No permitir que el producto entre en<br \/>\ncontacto con los ojos. En caso de contacto, l\u00e1vese los ojos con abundante agua y consulte a su m\u00e9dico si contin\u00faa la irritaci\u00f3n.<br \/>\nNo ingerir. Una vez terminado el producto, deseche el envase.<br \/>\nIngredientes:<br \/>\nTensoactivos, Nonil Fenol, Pol\u00edmero de Silicona y Fragancia.<br \/>\nMedidas:<br \/>\nMide: 19 cm de alto y 6.5 de ancho<br \/>\nContenido:<br \/>\n<strong>250 ml.<\/strong><\/p>\n","protected":false},"excerpt":{"rendered":"<p>Neutraliza y elimina los malos olores que se generan en el arenero y el ambiente, gracias a su tecnolog\u00eda de encapsulaci\u00f3n de olores. Suave fragancia, inofensiva para el olfato del gato.<\/p>\n","protected":false},"featured_media":3336,"template":"","meta":[],"product_brand":[106],"product_cat":[30,31],"product_tag":[303,329],"class_list":{"0":"post-3334","1":"product","2":"type-product","3":"status-publish","4":"has-post-thumbnail","6":"product_brand-fancypets","7":"product_cat-gatos","8":"product_cat-belleza-e-higiene","9":"product_tag-arenero-gato","10":"product_tag-aromatizante-y-neutralizador-de-olores","12":"first","13":"instock","14":"sale","15":"shipping-taxable","16":"purchasable","17":"product-type-simple"},"yoast_head":"<!-- This site is optimized with the Yoast SEO plugin v27.4 - https:\/\/yoast.com\/product\/yoast-seo-wordpress\/ -->\n<title>NEUTRALIZADOR DE OLORES PARA ARENERO DE GATO | Acuario Supremus<\/title>\n<meta name=\"description\" content=\"Neutraliza y elimina los malos olores que se generan en el arenero y el ambiente, gracias a su tecnolog\u00eda de encapsulaci\u00f3n de olores. Suave fragancia.\" \/>\n<meta name=\"robots\" content=\"index, follow, max-snippet:-1, max-image-preview:large, max-video-preview:-1\" \/>\n<link rel=\"canonical\" href=\"https:\/\/acuariosupremus.com\/?product=neutralizador-de-olores-para-arenero-de-gato\" \/>\n<meta property=\"og:locale\" content=\"es_MX\" \/>\n<meta property=\"og:type\" content=\"article\" \/>\n<meta property=\"og:title\" content=\"NEUTRALIZADOR DE OLORES PARA ARENERO DE GATO | Acuario Supremus\" \/>\n<meta property=\"og:description\" content=\"Neutraliza y elimina los malos olores que se generan en el arenero y el ambiente, gracias a su tecnolog\u00eda de encapsulaci\u00f3n de olores. Suave fragancia.\" \/>\n<meta property=\"og:url\" content=\"https:\/\/acuariosupremus.com\/?product=neutralizador-de-olores-para-arenero-de-gato\" \/>\n<meta property=\"og:site_name\" content=\"Acuario Supremus\" \/>\n<meta property=\"article:publisher\" content=\"https:\/\/www.facebook.com\/AcuarioSupremus\" \/>\n<meta property=\"article:modified_time\" content=\"2026-01-13T23:28:25+00:00\" \/>\n<meta property=\"og:image\" content=\"https:\/\/acuariosupremus.com\/wp-content\/uploads\/2022\/02\/FL3795.jpg\" \/>\n\t<meta property=\"og:image:width\" content=\"1000\" \/>\n\t<meta property=\"og:image:height\" content=\"1000\" \/>\n\t<meta property=\"og:image:type\" content=\"image\/jpeg\" \/>\n<meta name=\"twitter:card\" content=\"summary_large_image\" \/>\n<meta name=\"twitter:site\" content=\"@AcuarioSupremus\" \/>\n<meta name=\"twitter:label1\" content=\"Tiempo de lectura\" \/>\n\t<meta name=\"twitter:data1\" content=\"1 minuto\" \/>\n<script type=\"application\/ld+json\" class=\"yoast-schema-graph\">{\"@context\":\"https:\\\/\\\/schema.org\",\"@graph\":[{\"@type\":\"WebPage\",\"@id\":\"https:\\\/\\\/acuariosupremus.com\\\/?product=neutralizador-de-olores-para-arenero-de-gato\",\"url\":\"https:\\\/\\\/acuariosupremus.com\\\/?product=neutralizador-de-olores-para-arenero-de-gato\",\"name\":\"NEUTRALIZADOR DE OLORES PARA ARENERO DE GATO | Acuario Supremus\",\"isPartOf\":{\"@id\":\"https:\\\/\\\/acuariosupremus.com\\\/#website\"},\"primaryImageOfPage\":{\"@id\":\"https:\\\/\\\/acuariosupremus.com\\\/?product=neutralizador-de-olores-para-arenero-de-gato#primaryimage\"},\"image\":{\"@id\":\"https:\\\/\\\/acuariosupremus.com\\\/?product=neutralizador-de-olores-para-arenero-de-gato#primaryimage\"},\"thumbnailUrl\":\"https:\\\/\\\/acuariosupremus.com\\\/wp-content\\\/uploads\\\/2022\\\/02\\\/FL3795.jpg\",\"datePublished\":\"2022-02-19T21:49:24+00:00\",\"dateModified\":\"2026-01-13T23:28:25+00:00\",\"description\":\"Neutraliza y elimina los malos olores que se generan en el arenero y el ambiente, gracias a su tecnolog\u00eda de encapsulaci\u00f3n de olores. Suave fragancia.\",\"breadcrumb\":{\"@id\":\"https:\\\/\\\/acuariosupremus.com\\\/?product=neutralizador-de-olores-para-arenero-de-gato#breadcrumb\"},\"inLanguage\":\"es\",\"potentialAction\":[{\"@type\":\"ReadAction\",\"target\":[\"https:\\\/\\\/acuariosupremus.com\\\/?product=neutralizador-de-olores-para-arenero-de-gato\"]}]},{\"@type\":\"ImageObject\",\"inLanguage\":\"es\",\"@id\":\"https:\\\/\\\/acuariosupremus.com\\\/?product=neutralizador-de-olores-para-arenero-de-gato#primaryimage\",\"url\":\"https:\\\/\\\/acuariosupremus.com\\\/wp-content\\\/uploads\\\/2022\\\/02\\\/FL3795.jpg\",\"contentUrl\":\"https:\\\/\\\/acuariosupremus.com\\\/wp-content\\\/uploads\\\/2022\\\/02\\\/FL3795.jpg\",\"width\":1000,\"height\":1000},{\"@type\":\"BreadcrumbList\",\"@id\":\"https:\\\/\\\/acuariosupremus.com\\\/?product=neutralizador-de-olores-para-arenero-de-gato#breadcrumb\",\"itemListElement\":[{\"@type\":\"ListItem\",\"position\":1,\"name\":\"Portada\",\"item\":\"https:\\\/\\\/acuariosupremus.com\\\/\"},{\"@type\":\"ListItem\",\"position\":2,\"name\":\"Tienda\",\"item\":\"https:\\\/\\\/acuariosupremus.com\\\/tienda\\\/\"},{\"@type\":\"ListItem\",\"position\":3,\"name\":\"NEUTRALIZADOR DE OLORES PARA ARENERO DE GATO\"}]},{\"@type\":\"WebSite\",\"@id\":\"https:\\\/\\\/acuariosupremus.com\\\/#website\",\"url\":\"https:\\\/\\\/acuariosupremus.com\\\/\",\"name\":\"Acuario Supremus\",\"description\":\"Peces, Peceras y Mascotas.\",\"publisher\":{\"@id\":\"https:\\\/\\\/acuariosupremus.com\\\/#organization\"},\"potentialAction\":[{\"@type\":\"SearchAction\",\"target\":{\"@type\":\"EntryPoint\",\"urlTemplate\":\"https:\\\/\\\/acuariosupremus.com\\\/?s={search_term_string}\"},\"query-input\":{\"@type\":\"PropertyValueSpecification\",\"valueRequired\":true,\"valueName\":\"search_term_string\"}}],\"inLanguage\":\"es\"},{\"@type\":\"Organization\",\"@id\":\"https:\\\/\\\/acuariosupremus.com\\\/#organization\",\"name\":\"Acuario Supremus\",\"url\":\"https:\\\/\\\/acuariosupremus.com\\\/\",\"logo\":{\"@type\":\"ImageObject\",\"inLanguage\":\"es\",\"@id\":\"https:\\\/\\\/acuariosupremus.com\\\/#\\\/schema\\\/logo\\\/image\\\/\",\"url\":\"https:\\\/\\\/acuariosupremus.com\\\/wp-content\\\/uploads\\\/2021\\\/12\\\/cropped-logo_acuario_supremus_fn-2.png\",\"contentUrl\":\"https:\\\/\\\/acuariosupremus.com\\\/wp-content\\\/uploads\\\/2021\\\/12\\\/cropped-logo_acuario_supremus_fn-2.png\",\"width\":1000,\"height\":318,\"caption\":\"Acuario Supremus\"},\"image\":{\"@id\":\"https:\\\/\\\/acuariosupremus.com\\\/#\\\/schema\\\/logo\\\/image\\\/\"},\"sameAs\":[\"https:\\\/\\\/www.facebook.com\\\/AcuarioSupremus\",\"https:\\\/\\\/x.com\\\/AcuarioSupremus\",\"https:\\\/\\\/www.instagram.com\\\/acuariosupremus\\\/?hl=es\"]}]}<\/script>\n<!-- \/ Yoast SEO plugin. -->","yoast_head_json":{"title":"NEUTRALIZADOR DE OLORES PARA ARENERO DE GATO | Acuario Supremus","description":"Neutraliza y elimina los malos olores que se generan en el arenero y el ambiente, gracias a su tecnolog\u00eda de encapsulaci\u00f3n de olores. Suave fragancia.","robots":{"index":"index","follow":"follow","max-snippet":"max-snippet:-1","max-image-preview":"max-image-preview:large","max-video-preview":"max-video-preview:-1"},"canonical":"https:\/\/acuariosupremus.com\/?product=neutralizador-de-olores-para-arenero-de-gato","og_locale":"es_MX","og_type":"article","og_title":"NEUTRALIZADOR DE OLORES PARA ARENERO DE GATO | Acuario Supremus","og_description":"Neutraliza y elimina los malos olores que se generan en el arenero y el ambiente, gracias a su tecnolog\u00eda de encapsulaci\u00f3n de olores. Suave fragancia.","og_url":"https:\/\/acuariosupremus.com\/?product=neutralizador-de-olores-para-arenero-de-gato","og_site_name":"Acuario Supremus","article_publisher":"https:\/\/www.facebook.com\/AcuarioSupremus","article_modified_time":"2026-01-13T23:28:25+00:00","og_image":[{"width":1000,"height":1000,"url":"https:\/\/acuariosupremus.com\/wp-content\/uploads\/2022\/02\/FL3795.jpg","type":"image\/jpeg"}],"twitter_card":"summary_large_image","twitter_site":"@AcuarioSupremus","twitter_misc":{"Tiempo de lectura":"1 minuto"},"schema":{"@context":"https:\/\/schema.org","@graph":[{"@type":"WebPage","@id":"https:\/\/acuariosupremus.com\/?product=neutralizador-de-olores-para-arenero-de-gato","url":"https:\/\/acuariosupremus.com\/?product=neutralizador-de-olores-para-arenero-de-gato","name":"NEUTRALIZADOR DE OLORES PARA ARENERO DE GATO | Acuario Supremus","isPartOf":{"@id":"https:\/\/acuariosupremus.com\/#website"},"primaryImageOfPage":{"@id":"https:\/\/acuariosupremus.com\/?product=neutralizador-de-olores-para-arenero-de-gato#primaryimage"},"image":{"@id":"https:\/\/acuariosupremus.com\/?product=neutralizador-de-olores-para-arenero-de-gato#primaryimage"},"thumbnailUrl":"https:\/\/acuariosupremus.com\/wp-content\/uploads\/2022\/02\/FL3795.jpg","datePublished":"2022-02-19T21:49:24+00:00","dateModified":"2026-01-13T23:28:25+00:00","description":"Neutraliza y elimina los malos olores que se generan en el arenero y el ambiente, gracias a su tecnolog\u00eda de encapsulaci\u00f3n de olores. Suave fragancia.","breadcrumb":{"@id":"https:\/\/acuariosupremus.com\/?product=neutralizador-de-olores-para-arenero-de-gato#breadcrumb"},"inLanguage":"es","potentialAction":[{"@type":"ReadAction","target":["https:\/\/acuariosupremus.com\/?product=neutralizador-de-olores-para-arenero-de-gato"]}]},{"@type":"ImageObject","inLanguage":"es","@id":"https:\/\/acuariosupremus.com\/?product=neutralizador-de-olores-para-arenero-de-gato#primaryimage","url":"https:\/\/acuariosupremus.com\/wp-content\/uploads\/2022\/02\/FL3795.jpg","contentUrl":"https:\/\/acuariosupremus.com\/wp-content\/uploads\/2022\/02\/FL3795.jpg","width":1000,"height":1000},{"@type":"BreadcrumbList","@id":"https:\/\/acuariosupremus.com\/?product=neutralizador-de-olores-para-arenero-de-gato#breadcrumb","itemListElement":[{"@type":"ListItem","position":1,"name":"Portada","item":"https:\/\/acuariosupremus.com\/"},{"@type":"ListItem","position":2,"name":"Tienda","item":"https:\/\/acuariosupremus.com\/tienda\/"},{"@type":"ListItem","position":3,"name":"NEUTRALIZADOR DE OLORES PARA ARENERO DE GATO"}]},{"@type":"WebSite","@id":"https:\/\/acuariosupremus.com\/#website","url":"https:\/\/acuariosupremus.com\/","name":"Acuario Supremus","description":"Peces, Peceras y Mascotas.","publisher":{"@id":"https:\/\/acuariosupremus.com\/#organization"},"potentialAction":[{"@type":"SearchAction","target":{"@type":"EntryPoint","urlTemplate":"https:\/\/acuariosupremus.com\/?s={search_term_string}"},"query-input":{"@type":"PropertyValueSpecification","valueRequired":true,"valueName":"search_term_string"}}],"inLanguage":"es"},{"@type":"Organization","@id":"https:\/\/acuariosupremus.com\/#organization","name":"Acuario Supremus","url":"https:\/\/acuariosupremus.com\/","logo":{"@type":"ImageObject","inLanguage":"es","@id":"https:\/\/acuariosupremus.com\/#\/schema\/logo\/image\/","url":"https:\/\/acuariosupremus.com\/wp-content\/uploads\/2021\/12\/cropped-logo_acuario_supremus_fn-2.png","contentUrl":"https:\/\/acuariosupremus.com\/wp-content\/uploads\/2021\/12\/cropped-logo_acuario_supremus_fn-2.png","width":1000,"height":318,"caption":"Acuario Supremus"},"image":{"@id":"https:\/\/acuariosupremus.com\/#\/schema\/logo\/image\/"},"sameAs":["https:\/\/www.facebook.com\/AcuarioSupremus","https:\/\/x.com\/AcuarioSupremus","https:\/\/www.instagram.com\/acuariosupremus\/?hl=es"]}]}},"jetpack_sharing_enabled":true,"_links":{"self":[{"href":"https:\/\/acuariosupremus.com\/index.php?rest_route=\/wp\/v2\/product\/3334","targetHints":{"allow":["GET"]}}],"collection":[{"href":"https:\/\/acuariosupremus.com\/index.php?rest_route=\/wp\/v2\/product"}],"about":[{"href":"https:\/\/acuariosupremus.com\/index.php?rest_route=\/wp\/v2\/types\/product"}],"wp:featuredmedia":[{"embeddable":true,"href":"https:\/\/acuariosupremus.com\/index.php?rest_route=\/wp\/v2\/media\/3336"}],"wp:attachment":[{"href":"https:\/\/acuariosupremus.com\/index.php?rest_route=%2Fwp%2Fv2%2Fmedia&parent=3334"}],"wp:term":[{"taxonomy":"product_brand","embeddable":true,"href":"https:\/\/acuariosupremus.com\/index.php?rest_route=%2Fwp%2Fv2%2Fproduct_brand&post=3334"},{"taxonomy":"product_cat","embeddable":true,"href":"https:\/\/acuariosupremus.com\/index.php?rest_route=%2Fwp%2Fv2%2Fproduct_cat&post=3334"},{"taxonomy":"product_tag","embeddable":true,"href":"https:\/\/acuariosupremus.com\/index.php?rest_route=%2Fwp%2Fv2%2Fproduct_tag&post=3334"}],"curies":[{"name":"wp","href":"https:\/\/api.w.org\/{rel}","templated":true}]}}