{"id":3341,"date":"2022-02-19T16:06:16","date_gmt":"2022-02-19T22:06:16","guid":{"rendered":"https:\/\/acuariosupremus.com\/?post_type=product&#038;p=3341"},"modified":"2026-01-13T17:30:08","modified_gmt":"2026-01-13T23:30:08","slug":"repuesto-pasto-para-gato-semillas-y-sustrato","status":"publish","type":"product","link":"https:\/\/acuariosupremus.com\/?product=repuesto-pasto-para-gato-semillas-y-sustrato","title":{"rendered":"REPUESTO PASTO PARA GATO."},"content":{"rendered":"<p>Instrucciones:<br \/>\n1. Saque de la bolsa todo el sustrato y col\u00f3quelo dentro de la maceta. 2. Saque de la bolsa 20 g de las semillas con ayuda de<br \/>\ndos cucharas soperas (10 g aprox.), esparza por todo el sustrato las semillas y c\u00fabralas 2 mm debajo del sustrato. Guarde el<br \/>\nresto de las semillas dentro de la bolsa para pr\u00f3ximas siembras y para una mejor conservaci\u00f3n, almac\u00e9nelas dentro del<br \/>\nrefrigerador con la bolsa bien sellada. 3. Con ayuda de una botella atomizadora, humedezca diariamente, pero no empape, las semillas para que comiencen a germinar y mantenga en un lugar c\u00e1lido. Una vez que aparecen los brotes, use menos agua. 4. Espere de 3 a 7 d\u00edas para que broten las semillas. 5. Mantenga con luz natural, evitando los rayos directos del sol, y agua diariamente con la botella atomizadora. 6. El pasto estar\u00e1 listo para que su gato lo coma de 10 a 14 d\u00edas despu\u00e9s de brotar, o una vez que haya alcanzado una altura aproximada de 10 cm y durar\u00e1 de 1 a 3 semanas. 7. Permita que su mascota juegue y coma directamente de la maceta. 8. Cuando el pasto comience a marchitarse o cambiar de color, cambie el sustrato y siembre de nuevo en la maceta repitiendo los pasos anteriores.<br \/>\nRecomendaciones:<br \/>\nPrecauciones y advertencias: MANT\u00e9NGASE FUERA DEL ALCANCE DE LOS NI\u00f1OS Y MASCOTAS. Supervise a su mascota durante el tiempo que utilice el pasto. Este producto \u00fanicamente estimula el juego y atracci\u00f3n de las mascotas,<br \/>\nno sustituye ning\u00fan tratamiento indicado por el m\u00e9dico veterinario. Este producto no causa h\u00e1bito, no es adictivo, ni t\u00f3xico. CONSULTE AL M\u00e9DICO VETERINARIO.<br \/>\nContenido:<br \/>\n1 bolsa de semillas (60 g) de trigo (Triticum aestivum) y avena (Avena sativa)<br \/>\ncon rendimiento para 3 siembras, 1 bolsa de sustrato (60 g).<\/p>\n","protected":false},"excerpt":{"rendered":"<p>El repuesto de Pasto para Gatos de Fancy Pets ayudar\u00e1n a renovar el espacio verde para tu mascota y para que pueda<br \/>\nmordisquear de forma segura y saludable. Adem\u00e1s de estimular el juego y la diversi\u00f3n de las mascotas, es una fuente rica en vitaminas, minerales, clorofila, \u00e1cido f\u00f3lico y fibra que ayuda a la digesti\u00f3n y expulsi\u00f3n de bolas de pelo en los gatos. No debe confundirse con el catnip (Nepeta cataria) que es un miembro de la familia de la menta. Puede ser utilizado adem\u00e1s de gatos, con peque\u00f1os roedores como conejo y h\u00e1mster.<\/p>\n","protected":false},"featured_media":3343,"template":"","meta":[],"product_brand":[106],"product_cat":[30,31],"product_tag":[305],"class_list":{"0":"post-3341","1":"product","2":"type-product","3":"status-publish","4":"has-post-thumbnail","6":"product_brand-fancypets","7":"product_cat-gatos","8":"product_cat-belleza-e-higiene","9":"product_tag-pasto-para-gatos","11":"first","12":"instock","13":"shipping-taxable","14":"purchasable","15":"product-type-simple"},"yoast_head":"<!-- This site is optimized with the Yoast SEO plugin v27.4 - https:\/\/yoast.com\/product\/yoast-seo-wordpress\/ -->\n<title>REPUESTO PASTO PARA GATO. | Acuario Supremus<\/title>\n<meta name=\"description\" content=\"El repuesto de Pasto para Gatos de Fancy Pets ayudar\u00e1n a renovar el espacio verde para tu mascota y para que pueda mordisquear de forma segura y saludable.\" \/>\n<meta name=\"robots\" content=\"index, follow, max-snippet:-1, max-image-preview:large, max-video-preview:-1\" \/>\n<link rel=\"canonical\" href=\"https:\/\/acuariosupremus.com\/?product=repuesto-pasto-para-gato-semillas-y-sustrato\" \/>\n<meta property=\"og:locale\" content=\"es_MX\" \/>\n<meta property=\"og:type\" content=\"article\" \/>\n<meta property=\"og:title\" content=\"REPUESTO PASTO PARA GATO. | Acuario Supremus\" \/>\n<meta property=\"og:description\" content=\"El repuesto de Pasto para Gatos de Fancy Pets ayudar\u00e1n a renovar el espacio verde para tu mascota y para que pueda mordisquear de forma segura y saludable.\" \/>\n<meta property=\"og:url\" content=\"https:\/\/acuariosupremus.com\/?product=repuesto-pasto-para-gato-semillas-y-sustrato\" \/>\n<meta property=\"og:site_name\" content=\"Acuario Supremus\" \/>\n<meta property=\"article:publisher\" content=\"https:\/\/www.facebook.com\/AcuarioSupremus\" \/>\n<meta property=\"article:modified_time\" content=\"2026-01-13T23:30:08+00:00\" \/>\n<meta property=\"og:image\" content=\"https:\/\/acuariosupremus.com\/wp-content\/uploads\/2022\/02\/FL3910.jpg\" \/>\n\t<meta property=\"og:image:width\" content=\"1000\" \/>\n\t<meta property=\"og:image:height\" content=\"1000\" \/>\n\t<meta property=\"og:image:type\" content=\"image\/jpeg\" \/>\n<meta name=\"twitter:card\" content=\"summary_large_image\" \/>\n<meta name=\"twitter:site\" content=\"@AcuarioSupremus\" \/>\n<meta name=\"twitter:label1\" content=\"Tiempo de lectura\" \/>\n\t<meta name=\"twitter:data1\" content=\"2 minutos\" \/>\n<script type=\"application\/ld+json\" class=\"yoast-schema-graph\">{\"@context\":\"https:\\\/\\\/schema.org\",\"@graph\":[{\"@type\":\"WebPage\",\"@id\":\"https:\\\/\\\/acuariosupremus.com\\\/?product=repuesto-pasto-para-gato-semillas-y-sustrato\",\"url\":\"https:\\\/\\\/acuariosupremus.com\\\/?product=repuesto-pasto-para-gato-semillas-y-sustrato\",\"name\":\"REPUESTO PASTO PARA GATO. | Acuario Supremus\",\"isPartOf\":{\"@id\":\"https:\\\/\\\/acuariosupremus.com\\\/#website\"},\"primaryImageOfPage\":{\"@id\":\"https:\\\/\\\/acuariosupremus.com\\\/?product=repuesto-pasto-para-gato-semillas-y-sustrato#primaryimage\"},\"image\":{\"@id\":\"https:\\\/\\\/acuariosupremus.com\\\/?product=repuesto-pasto-para-gato-semillas-y-sustrato#primaryimage\"},\"thumbnailUrl\":\"https:\\\/\\\/acuariosupremus.com\\\/wp-content\\\/uploads\\\/2022\\\/02\\\/FL3910.jpg\",\"datePublished\":\"2022-02-19T22:06:16+00:00\",\"dateModified\":\"2026-01-13T23:30:08+00:00\",\"description\":\"El repuesto de Pasto para Gatos de Fancy Pets ayudar\u00e1n a renovar el espacio verde para tu mascota y para que pueda mordisquear de forma segura y saludable.\",\"breadcrumb\":{\"@id\":\"https:\\\/\\\/acuariosupremus.com\\\/?product=repuesto-pasto-para-gato-semillas-y-sustrato#breadcrumb\"},\"inLanguage\":\"es\",\"potentialAction\":[{\"@type\":\"ReadAction\",\"target\":[\"https:\\\/\\\/acuariosupremus.com\\\/?product=repuesto-pasto-para-gato-semillas-y-sustrato\"]}]},{\"@type\":\"ImageObject\",\"inLanguage\":\"es\",\"@id\":\"https:\\\/\\\/acuariosupremus.com\\\/?product=repuesto-pasto-para-gato-semillas-y-sustrato#primaryimage\",\"url\":\"https:\\\/\\\/acuariosupremus.com\\\/wp-content\\\/uploads\\\/2022\\\/02\\\/FL3910.jpg\",\"contentUrl\":\"https:\\\/\\\/acuariosupremus.com\\\/wp-content\\\/uploads\\\/2022\\\/02\\\/FL3910.jpg\",\"width\":1000,\"height\":1000},{\"@type\":\"BreadcrumbList\",\"@id\":\"https:\\\/\\\/acuariosupremus.com\\\/?product=repuesto-pasto-para-gato-semillas-y-sustrato#breadcrumb\",\"itemListElement\":[{\"@type\":\"ListItem\",\"position\":1,\"name\":\"Portada\",\"item\":\"https:\\\/\\\/acuariosupremus.com\\\/\"},{\"@type\":\"ListItem\",\"position\":2,\"name\":\"Tienda\",\"item\":\"https:\\\/\\\/acuariosupremus.com\\\/tienda\\\/\"},{\"@type\":\"ListItem\",\"position\":3,\"name\":\"REPUESTO PASTO PARA GATO.\"}]},{\"@type\":\"WebSite\",\"@id\":\"https:\\\/\\\/acuariosupremus.com\\\/#website\",\"url\":\"https:\\\/\\\/acuariosupremus.com\\\/\",\"name\":\"Acuario Supremus\",\"description\":\"Peces, Peceras y Mascotas.\",\"publisher\":{\"@id\":\"https:\\\/\\\/acuariosupremus.com\\\/#organization\"},\"potentialAction\":[{\"@type\":\"SearchAction\",\"target\":{\"@type\":\"EntryPoint\",\"urlTemplate\":\"https:\\\/\\\/acuariosupremus.com\\\/?s={search_term_string}\"},\"query-input\":{\"@type\":\"PropertyValueSpecification\",\"valueRequired\":true,\"valueName\":\"search_term_string\"}}],\"inLanguage\":\"es\"},{\"@type\":\"Organization\",\"@id\":\"https:\\\/\\\/acuariosupremus.com\\\/#organization\",\"name\":\"Acuario Supremus\",\"url\":\"https:\\\/\\\/acuariosupremus.com\\\/\",\"logo\":{\"@type\":\"ImageObject\",\"inLanguage\":\"es\",\"@id\":\"https:\\\/\\\/acuariosupremus.com\\\/#\\\/schema\\\/logo\\\/image\\\/\",\"url\":\"https:\\\/\\\/acuariosupremus.com\\\/wp-content\\\/uploads\\\/2021\\\/12\\\/cropped-logo_acuario_supremus_fn-2.png\",\"contentUrl\":\"https:\\\/\\\/acuariosupremus.com\\\/wp-content\\\/uploads\\\/2021\\\/12\\\/cropped-logo_acuario_supremus_fn-2.png\",\"width\":1000,\"height\":318,\"caption\":\"Acuario Supremus\"},\"image\":{\"@id\":\"https:\\\/\\\/acuariosupremus.com\\\/#\\\/schema\\\/logo\\\/image\\\/\"},\"sameAs\":[\"https:\\\/\\\/www.facebook.com\\\/AcuarioSupremus\",\"https:\\\/\\\/x.com\\\/AcuarioSupremus\",\"https:\\\/\\\/www.instagram.com\\\/acuariosupremus\\\/?hl=es\"]}]}<\/script>\n<!-- \/ Yoast SEO plugin. -->","yoast_head_json":{"title":"REPUESTO PASTO PARA GATO. | Acuario Supremus","description":"El repuesto de Pasto para Gatos de Fancy Pets ayudar\u00e1n a renovar el espacio verde para tu mascota y para que pueda mordisquear de forma segura y saludable.","robots":{"index":"index","follow":"follow","max-snippet":"max-snippet:-1","max-image-preview":"max-image-preview:large","max-video-preview":"max-video-preview:-1"},"canonical":"https:\/\/acuariosupremus.com\/?product=repuesto-pasto-para-gato-semillas-y-sustrato","og_locale":"es_MX","og_type":"article","og_title":"REPUESTO PASTO PARA GATO. | Acuario Supremus","og_description":"El repuesto de Pasto para Gatos de Fancy Pets ayudar\u00e1n a renovar el espacio verde para tu mascota y para que pueda mordisquear de forma segura y saludable.","og_url":"https:\/\/acuariosupremus.com\/?product=repuesto-pasto-para-gato-semillas-y-sustrato","og_site_name":"Acuario Supremus","article_publisher":"https:\/\/www.facebook.com\/AcuarioSupremus","article_modified_time":"2026-01-13T23:30:08+00:00","og_image":[{"width":1000,"height":1000,"url":"https:\/\/acuariosupremus.com\/wp-content\/uploads\/2022\/02\/FL3910.jpg","type":"image\/jpeg"}],"twitter_card":"summary_large_image","twitter_site":"@AcuarioSupremus","twitter_misc":{"Tiempo de lectura":"2 minutos"},"schema":{"@context":"https:\/\/schema.org","@graph":[{"@type":"WebPage","@id":"https:\/\/acuariosupremus.com\/?product=repuesto-pasto-para-gato-semillas-y-sustrato","url":"https:\/\/acuariosupremus.com\/?product=repuesto-pasto-para-gato-semillas-y-sustrato","name":"REPUESTO PASTO PARA GATO. | Acuario Supremus","isPartOf":{"@id":"https:\/\/acuariosupremus.com\/#website"},"primaryImageOfPage":{"@id":"https:\/\/acuariosupremus.com\/?product=repuesto-pasto-para-gato-semillas-y-sustrato#primaryimage"},"image":{"@id":"https:\/\/acuariosupremus.com\/?product=repuesto-pasto-para-gato-semillas-y-sustrato#primaryimage"},"thumbnailUrl":"https:\/\/acuariosupremus.com\/wp-content\/uploads\/2022\/02\/FL3910.jpg","datePublished":"2022-02-19T22:06:16+00:00","dateModified":"2026-01-13T23:30:08+00:00","description":"El repuesto de Pasto para Gatos de Fancy Pets ayudar\u00e1n a renovar el espacio verde para tu mascota y para que pueda mordisquear de forma segura y saludable.","breadcrumb":{"@id":"https:\/\/acuariosupremus.com\/?product=repuesto-pasto-para-gato-semillas-y-sustrato#breadcrumb"},"inLanguage":"es","potentialAction":[{"@type":"ReadAction","target":["https:\/\/acuariosupremus.com\/?product=repuesto-pasto-para-gato-semillas-y-sustrato"]}]},{"@type":"ImageObject","inLanguage":"es","@id":"https:\/\/acuariosupremus.com\/?product=repuesto-pasto-para-gato-semillas-y-sustrato#primaryimage","url":"https:\/\/acuariosupremus.com\/wp-content\/uploads\/2022\/02\/FL3910.jpg","contentUrl":"https:\/\/acuariosupremus.com\/wp-content\/uploads\/2022\/02\/FL3910.jpg","width":1000,"height":1000},{"@type":"BreadcrumbList","@id":"https:\/\/acuariosupremus.com\/?product=repuesto-pasto-para-gato-semillas-y-sustrato#breadcrumb","itemListElement":[{"@type":"ListItem","position":1,"name":"Portada","item":"https:\/\/acuariosupremus.com\/"},{"@type":"ListItem","position":2,"name":"Tienda","item":"https:\/\/acuariosupremus.com\/tienda\/"},{"@type":"ListItem","position":3,"name":"REPUESTO PASTO PARA GATO."}]},{"@type":"WebSite","@id":"https:\/\/acuariosupremus.com\/#website","url":"https:\/\/acuariosupremus.com\/","name":"Acuario Supremus","description":"Peces, Peceras y Mascotas.","publisher":{"@id":"https:\/\/acuariosupremus.com\/#organization"},"potentialAction":[{"@type":"SearchAction","target":{"@type":"EntryPoint","urlTemplate":"https:\/\/acuariosupremus.com\/?s={search_term_string}"},"query-input":{"@type":"PropertyValueSpecification","valueRequired":true,"valueName":"search_term_string"}}],"inLanguage":"es"},{"@type":"Organization","@id":"https:\/\/acuariosupremus.com\/#organization","name":"Acuario Supremus","url":"https:\/\/acuariosupremus.com\/","logo":{"@type":"ImageObject","inLanguage":"es","@id":"https:\/\/acuariosupremus.com\/#\/schema\/logo\/image\/","url":"https:\/\/acuariosupremus.com\/wp-content\/uploads\/2021\/12\/cropped-logo_acuario_supremus_fn-2.png","contentUrl":"https:\/\/acuariosupremus.com\/wp-content\/uploads\/2021\/12\/cropped-logo_acuario_supremus_fn-2.png","width":1000,"height":318,"caption":"Acuario Supremus"},"image":{"@id":"https:\/\/acuariosupremus.com\/#\/schema\/logo\/image\/"},"sameAs":["https:\/\/www.facebook.com\/AcuarioSupremus","https:\/\/x.com\/AcuarioSupremus","https:\/\/www.instagram.com\/acuariosupremus\/?hl=es"]}]}},"jetpack_sharing_enabled":true,"_links":{"self":[{"href":"https:\/\/acuariosupremus.com\/index.php?rest_route=\/wp\/v2\/product\/3341","targetHints":{"allow":["GET"]}}],"collection":[{"href":"https:\/\/acuariosupremus.com\/index.php?rest_route=\/wp\/v2\/product"}],"about":[{"href":"https:\/\/acuariosupremus.com\/index.php?rest_route=\/wp\/v2\/types\/product"}],"wp:featuredmedia":[{"embeddable":true,"href":"https:\/\/acuariosupremus.com\/index.php?rest_route=\/wp\/v2\/media\/3343"}],"wp:attachment":[{"href":"https:\/\/acuariosupremus.com\/index.php?rest_route=%2Fwp%2Fv2%2Fmedia&parent=3341"}],"wp:term":[{"taxonomy":"product_brand","embeddable":true,"href":"https:\/\/acuariosupremus.com\/index.php?rest_route=%2Fwp%2Fv2%2Fproduct_brand&post=3341"},{"taxonomy":"product_cat","embeddable":true,"href":"https:\/\/acuariosupremus.com\/index.php?rest_route=%2Fwp%2Fv2%2Fproduct_cat&post=3341"},{"taxonomy":"product_tag","embeddable":true,"href":"https:\/\/acuariosupremus.com\/index.php?rest_route=%2Fwp%2Fv2%2Fproduct_tag&post=3341"}],"curies":[{"name":"wp","href":"https:\/\/api.w.org\/{rel}","templated":true}]}}