{"id":3410,"date":"2022-02-19T19:47:03","date_gmt":"2022-02-20T01:47:03","guid":{"rendered":"https:\/\/acuariosupremus.com\/?post_type=product&#038;p=3410"},"modified":"2026-01-15T15:00:48","modified_gmt":"2026-01-15T21:00:48","slug":"cortaunas-con-lima-para-gato-expert","status":"publish","type":"product","link":"https:\/\/acuariosupremus.com\/?product=cortaunas-con-lima-para-gato-expert","title":{"rendered":"CORTAU\u00d1AS CON LIMA PARA GATO EXPERT."},"content":{"rendered":"<p>Recomendaciones:<br \/>\nConsulta a un profesional para realizar el grooming de tu mascota Cerci\u00f3rate de conocer la anatom\u00eda de la u\u00f1a de tu mascota previamente para cortar sus u\u00f1as de manera segura En caso de accidentes, utiliza el Polvo Hemost\u00e1tico de Fancy Pets (FL3948) para detener hemorragias y acude a tu m\u00e9dico veterinario. EL USO DE ESTE PRODUCTO ES RESPONSABILIDAD<br \/>\nDEL DUE\u00f1O DE LA MASCOTA<br \/>\nMaterial:<br \/>\nAcrilonitrilo butadieno estireno (ABS), caucho termopl\u00e1stico (TPR) y acero inoxidable<\/p>\n","protected":false},"excerpt":{"rendered":"<p>Cortau\u00f1as con lima para gato Cuchillas curvadas de acero inoxidable Bot\u00f3n de seguridad Incluye lima de metal para pulir u\u00f1as.<br \/>\nBeneficios:<br \/>\nIdeal para el cuidado completo para las u\u00f1as de tu gato.<\/p>\n","protected":false},"featured_media":3411,"template":"","meta":[],"product_brand":[106],"product_cat":[30,31],"product_tag":[308],"class_list":{"0":"post-3410","1":"product","2":"type-product","3":"status-publish","4":"has-post-thumbnail","6":"product_brand-fancypets","7":"product_cat-gatos","8":"product_cat-belleza-e-higiene","9":"product_tag-corta-unas-gato","11":"first","12":"instock","13":"sale","14":"shipping-taxable","15":"purchasable","16":"product-type-simple"},"yoast_head":"<!-- This site is optimized with the Yoast SEO plugin v27.4 - https:\/\/yoast.com\/product\/yoast-seo-wordpress\/ -->\n<title>CORTAU\u00d1AS CON LIMA PARA GATO EXPERT. | Acuario Supremus<\/title>\n<meta name=\"description\" content=\"Cortau\u00f1as Expert con lima para gato Cuchillas curvadas de acero inoxidable Bot\u00f3n de seguridad Incluye lima de metal para pulir u\u00f1as.\" \/>\n<meta name=\"robots\" content=\"index, follow, max-snippet:-1, max-image-preview:large, max-video-preview:-1\" \/>\n<link rel=\"canonical\" href=\"https:\/\/acuariosupremus.com\/?product=cortaunas-con-lima-para-gato-expert\" \/>\n<meta property=\"og:locale\" content=\"es_MX\" \/>\n<meta property=\"og:type\" content=\"article\" \/>\n<meta property=\"og:title\" content=\"CORTAU\u00d1AS CON LIMA PARA GATO EXPERT. | Acuario Supremus\" \/>\n<meta property=\"og:description\" content=\"Cortau\u00f1as Expert con lima para gato Cuchillas curvadas de acero inoxidable Bot\u00f3n de seguridad Incluye lima de metal para pulir u\u00f1as.\" \/>\n<meta property=\"og:url\" content=\"https:\/\/acuariosupremus.com\/?product=cortaunas-con-lima-para-gato-expert\" \/>\n<meta property=\"og:site_name\" content=\"Acuario Supremus\" \/>\n<meta property=\"article:publisher\" content=\"https:\/\/www.facebook.com\/AcuarioSupremus\" \/>\n<meta property=\"article:modified_time\" content=\"2026-01-15T21:00:48+00:00\" \/>\n<meta property=\"og:image\" content=\"https:\/\/acuariosupremus.com\/wp-content\/uploads\/2022\/02\/FL8335.jpg\" \/>\n\t<meta property=\"og:image:width\" content=\"1000\" \/>\n\t<meta property=\"og:image:height\" content=\"1000\" \/>\n\t<meta property=\"og:image:type\" content=\"image\/jpeg\" \/>\n<meta name=\"twitter:card\" content=\"summary_large_image\" \/>\n<meta name=\"twitter:site\" content=\"@AcuarioSupremus\" \/>\n<meta name=\"twitter:label1\" content=\"Tiempo de lectura\" \/>\n\t<meta name=\"twitter:data1\" content=\"1 minuto\" \/>\n<script type=\"application\/ld+json\" class=\"yoast-schema-graph\">{\"@context\":\"https:\\\/\\\/schema.org\",\"@graph\":[{\"@type\":\"WebPage\",\"@id\":\"https:\\\/\\\/acuariosupremus.com\\\/?product=cortaunas-con-lima-para-gato-expert\",\"url\":\"https:\\\/\\\/acuariosupremus.com\\\/?product=cortaunas-con-lima-para-gato-expert\",\"name\":\"CORTAU\u00d1AS CON LIMA PARA GATO EXPERT. | Acuario Supremus\",\"isPartOf\":{\"@id\":\"https:\\\/\\\/acuariosupremus.com\\\/#website\"},\"primaryImageOfPage\":{\"@id\":\"https:\\\/\\\/acuariosupremus.com\\\/?product=cortaunas-con-lima-para-gato-expert#primaryimage\"},\"image\":{\"@id\":\"https:\\\/\\\/acuariosupremus.com\\\/?product=cortaunas-con-lima-para-gato-expert#primaryimage\"},\"thumbnailUrl\":\"https:\\\/\\\/acuariosupremus.com\\\/wp-content\\\/uploads\\\/2022\\\/02\\\/FL8335.jpg\",\"datePublished\":\"2022-02-20T01:47:03+00:00\",\"dateModified\":\"2026-01-15T21:00:48+00:00\",\"description\":\"Cortau\u00f1as Expert con lima para gato Cuchillas curvadas de acero inoxidable Bot\u00f3n de seguridad Incluye lima de metal para pulir u\u00f1as.\",\"breadcrumb\":{\"@id\":\"https:\\\/\\\/acuariosupremus.com\\\/?product=cortaunas-con-lima-para-gato-expert#breadcrumb\"},\"inLanguage\":\"es\",\"potentialAction\":[{\"@type\":\"ReadAction\",\"target\":[\"https:\\\/\\\/acuariosupremus.com\\\/?product=cortaunas-con-lima-para-gato-expert\"]}]},{\"@type\":\"ImageObject\",\"inLanguage\":\"es\",\"@id\":\"https:\\\/\\\/acuariosupremus.com\\\/?product=cortaunas-con-lima-para-gato-expert#primaryimage\",\"url\":\"https:\\\/\\\/acuariosupremus.com\\\/wp-content\\\/uploads\\\/2022\\\/02\\\/FL8335.jpg\",\"contentUrl\":\"https:\\\/\\\/acuariosupremus.com\\\/wp-content\\\/uploads\\\/2022\\\/02\\\/FL8335.jpg\",\"width\":1000,\"height\":1000},{\"@type\":\"BreadcrumbList\",\"@id\":\"https:\\\/\\\/acuariosupremus.com\\\/?product=cortaunas-con-lima-para-gato-expert#breadcrumb\",\"itemListElement\":[{\"@type\":\"ListItem\",\"position\":1,\"name\":\"Portada\",\"item\":\"https:\\\/\\\/acuariosupremus.com\\\/\"},{\"@type\":\"ListItem\",\"position\":2,\"name\":\"Tienda\",\"item\":\"https:\\\/\\\/acuariosupremus.com\\\/tienda\\\/\"},{\"@type\":\"ListItem\",\"position\":3,\"name\":\"CORTAU\u00d1AS CON LIMA PARA GATO EXPERT.\"}]},{\"@type\":\"WebSite\",\"@id\":\"https:\\\/\\\/acuariosupremus.com\\\/#website\",\"url\":\"https:\\\/\\\/acuariosupremus.com\\\/\",\"name\":\"Acuario Supremus\",\"description\":\"Peces, Peceras y Mascotas.\",\"publisher\":{\"@id\":\"https:\\\/\\\/acuariosupremus.com\\\/#organization\"},\"potentialAction\":[{\"@type\":\"SearchAction\",\"target\":{\"@type\":\"EntryPoint\",\"urlTemplate\":\"https:\\\/\\\/acuariosupremus.com\\\/?s={search_term_string}\"},\"query-input\":{\"@type\":\"PropertyValueSpecification\",\"valueRequired\":true,\"valueName\":\"search_term_string\"}}],\"inLanguage\":\"es\"},{\"@type\":\"Organization\",\"@id\":\"https:\\\/\\\/acuariosupremus.com\\\/#organization\",\"name\":\"Acuario Supremus\",\"url\":\"https:\\\/\\\/acuariosupremus.com\\\/\",\"logo\":{\"@type\":\"ImageObject\",\"inLanguage\":\"es\",\"@id\":\"https:\\\/\\\/acuariosupremus.com\\\/#\\\/schema\\\/logo\\\/image\\\/\",\"url\":\"https:\\\/\\\/acuariosupremus.com\\\/wp-content\\\/uploads\\\/2021\\\/12\\\/cropped-logo_acuario_supremus_fn-2.png\",\"contentUrl\":\"https:\\\/\\\/acuariosupremus.com\\\/wp-content\\\/uploads\\\/2021\\\/12\\\/cropped-logo_acuario_supremus_fn-2.png\",\"width\":1000,\"height\":318,\"caption\":\"Acuario Supremus\"},\"image\":{\"@id\":\"https:\\\/\\\/acuariosupremus.com\\\/#\\\/schema\\\/logo\\\/image\\\/\"},\"sameAs\":[\"https:\\\/\\\/www.facebook.com\\\/AcuarioSupremus\",\"https:\\\/\\\/x.com\\\/AcuarioSupremus\",\"https:\\\/\\\/www.instagram.com\\\/acuariosupremus\\\/?hl=es\"]}]}<\/script>\n<!-- \/ Yoast SEO plugin. -->","yoast_head_json":{"title":"CORTAU\u00d1AS CON LIMA PARA GATO EXPERT. | Acuario Supremus","description":"Cortau\u00f1as Expert con lima para gato Cuchillas curvadas de acero inoxidable Bot\u00f3n de seguridad Incluye lima de metal para pulir u\u00f1as.","robots":{"index":"index","follow":"follow","max-snippet":"max-snippet:-1","max-image-preview":"max-image-preview:large","max-video-preview":"max-video-preview:-1"},"canonical":"https:\/\/acuariosupremus.com\/?product=cortaunas-con-lima-para-gato-expert","og_locale":"es_MX","og_type":"article","og_title":"CORTAU\u00d1AS CON LIMA PARA GATO EXPERT. | Acuario Supremus","og_description":"Cortau\u00f1as Expert con lima para gato Cuchillas curvadas de acero inoxidable Bot\u00f3n de seguridad Incluye lima de metal para pulir u\u00f1as.","og_url":"https:\/\/acuariosupremus.com\/?product=cortaunas-con-lima-para-gato-expert","og_site_name":"Acuario Supremus","article_publisher":"https:\/\/www.facebook.com\/AcuarioSupremus","article_modified_time":"2026-01-15T21:00:48+00:00","og_image":[{"width":1000,"height":1000,"url":"https:\/\/acuariosupremus.com\/wp-content\/uploads\/2022\/02\/FL8335.jpg","type":"image\/jpeg"}],"twitter_card":"summary_large_image","twitter_site":"@AcuarioSupremus","twitter_misc":{"Tiempo de lectura":"1 minuto"},"schema":{"@context":"https:\/\/schema.org","@graph":[{"@type":"WebPage","@id":"https:\/\/acuariosupremus.com\/?product=cortaunas-con-lima-para-gato-expert","url":"https:\/\/acuariosupremus.com\/?product=cortaunas-con-lima-para-gato-expert","name":"CORTAU\u00d1AS CON LIMA PARA GATO EXPERT. | Acuario Supremus","isPartOf":{"@id":"https:\/\/acuariosupremus.com\/#website"},"primaryImageOfPage":{"@id":"https:\/\/acuariosupremus.com\/?product=cortaunas-con-lima-para-gato-expert#primaryimage"},"image":{"@id":"https:\/\/acuariosupremus.com\/?product=cortaunas-con-lima-para-gato-expert#primaryimage"},"thumbnailUrl":"https:\/\/acuariosupremus.com\/wp-content\/uploads\/2022\/02\/FL8335.jpg","datePublished":"2022-02-20T01:47:03+00:00","dateModified":"2026-01-15T21:00:48+00:00","description":"Cortau\u00f1as Expert con lima para gato Cuchillas curvadas de acero inoxidable Bot\u00f3n de seguridad Incluye lima de metal para pulir u\u00f1as.","breadcrumb":{"@id":"https:\/\/acuariosupremus.com\/?product=cortaunas-con-lima-para-gato-expert#breadcrumb"},"inLanguage":"es","potentialAction":[{"@type":"ReadAction","target":["https:\/\/acuariosupremus.com\/?product=cortaunas-con-lima-para-gato-expert"]}]},{"@type":"ImageObject","inLanguage":"es","@id":"https:\/\/acuariosupremus.com\/?product=cortaunas-con-lima-para-gato-expert#primaryimage","url":"https:\/\/acuariosupremus.com\/wp-content\/uploads\/2022\/02\/FL8335.jpg","contentUrl":"https:\/\/acuariosupremus.com\/wp-content\/uploads\/2022\/02\/FL8335.jpg","width":1000,"height":1000},{"@type":"BreadcrumbList","@id":"https:\/\/acuariosupremus.com\/?product=cortaunas-con-lima-para-gato-expert#breadcrumb","itemListElement":[{"@type":"ListItem","position":1,"name":"Portada","item":"https:\/\/acuariosupremus.com\/"},{"@type":"ListItem","position":2,"name":"Tienda","item":"https:\/\/acuariosupremus.com\/tienda\/"},{"@type":"ListItem","position":3,"name":"CORTAU\u00d1AS CON LIMA PARA GATO EXPERT."}]},{"@type":"WebSite","@id":"https:\/\/acuariosupremus.com\/#website","url":"https:\/\/acuariosupremus.com\/","name":"Acuario Supremus","description":"Peces, Peceras y Mascotas.","publisher":{"@id":"https:\/\/acuariosupremus.com\/#organization"},"potentialAction":[{"@type":"SearchAction","target":{"@type":"EntryPoint","urlTemplate":"https:\/\/acuariosupremus.com\/?s={search_term_string}"},"query-input":{"@type":"PropertyValueSpecification","valueRequired":true,"valueName":"search_term_string"}}],"inLanguage":"es"},{"@type":"Organization","@id":"https:\/\/acuariosupremus.com\/#organization","name":"Acuario Supremus","url":"https:\/\/acuariosupremus.com\/","logo":{"@type":"ImageObject","inLanguage":"es","@id":"https:\/\/acuariosupremus.com\/#\/schema\/logo\/image\/","url":"https:\/\/acuariosupremus.com\/wp-content\/uploads\/2021\/12\/cropped-logo_acuario_supremus_fn-2.png","contentUrl":"https:\/\/acuariosupremus.com\/wp-content\/uploads\/2021\/12\/cropped-logo_acuario_supremus_fn-2.png","width":1000,"height":318,"caption":"Acuario Supremus"},"image":{"@id":"https:\/\/acuariosupremus.com\/#\/schema\/logo\/image\/"},"sameAs":["https:\/\/www.facebook.com\/AcuarioSupremus","https:\/\/x.com\/AcuarioSupremus","https:\/\/www.instagram.com\/acuariosupremus\/?hl=es"]}]}},"jetpack_sharing_enabled":true,"_links":{"self":[{"href":"https:\/\/acuariosupremus.com\/index.php?rest_route=\/wp\/v2\/product\/3410","targetHints":{"allow":["GET"]}}],"collection":[{"href":"https:\/\/acuariosupremus.com\/index.php?rest_route=\/wp\/v2\/product"}],"about":[{"href":"https:\/\/acuariosupremus.com\/index.php?rest_route=\/wp\/v2\/types\/product"}],"wp:featuredmedia":[{"embeddable":true,"href":"https:\/\/acuariosupremus.com\/index.php?rest_route=\/wp\/v2\/media\/3411"}],"wp:attachment":[{"href":"https:\/\/acuariosupremus.com\/index.php?rest_route=%2Fwp%2Fv2%2Fmedia&parent=3410"}],"wp:term":[{"taxonomy":"product_brand","embeddable":true,"href":"https:\/\/acuariosupremus.com\/index.php?rest_route=%2Fwp%2Fv2%2Fproduct_brand&post=3410"},{"taxonomy":"product_cat","embeddable":true,"href":"https:\/\/acuariosupremus.com\/index.php?rest_route=%2Fwp%2Fv2%2Fproduct_cat&post=3410"},{"taxonomy":"product_tag","embeddable":true,"href":"https:\/\/acuariosupremus.com\/index.php?rest_route=%2Fwp%2Fv2%2Fproduct_tag&post=3410"}],"curies":[{"name":"wp","href":"https:\/\/api.w.org\/{rel}","templated":true}]}}