{"id":3474,"date":"2022-02-20T16:58:41","date_gmt":"2022-02-20T22:58:41","guid":{"rendered":"https:\/\/acuariosupremus.com\/?post_type=product&#038;p=3474"},"modified":"2026-01-17T16:14:00","modified_gmt":"2026-01-17T22:14:00","slug":"catnip-en-spray-para-gatos-125-ml","status":"publish","type":"product","link":"https:\/\/acuariosupremus.com\/?product=catnip-en-spray-para-gatos-125-ml","title":{"rendered":"CATNIP EN SPRAY PARA GATOS 125 ML."},"content":{"rendered":"<p>Instrucciones:<br \/>\nAgita el envase y roc\u00eda 5 aspersiones directamente del envase a los juguetes, rascadores o cama de tu gato. El efecto de<br \/>\ncatnip sobre el gato durar\u00e1 de 5 a 20 minutos, por lo que debes esperar de 1 a 2 horas para volverlo a utilizar y que cause el<br \/>\nefecto deseado. Los gatos comienzan a desarrollar una respuesta al catnip entre los 6 y 9 meses de edad, y el efecto suele ser<br \/>\ndiferente en las mascotas, usualmente produciendo mayor efecto en gatos no esterilizados.<br \/>\nRecomendaciones:<br \/>\nPrecauciones y Advertencias: MANT\u00c9NGASE FUERA DEL ALCANCE DE LOS NI\u00d1OS Y MASCOTAS. Supervise a su<br \/>\nmascota durante el tiempo que el catnip conserve su efecto. Este producto \u00fanicamente estimula el juego y atracci\u00f3n del gato, no sustituye ning\u00fan tratamiento indicado por el m\u00e9dico veterinario. Este producto no es adictivo o t\u00f3xico. No apto perros.<br \/>\nIngredientes:<br \/>\nExtracto natural de Nepeta cataria 125 ml, veh\u00edculo c.b.p. 100%<br \/>\nContenido:<br \/>\n<strong>125 ML<\/strong><\/p>\n","protected":false},"excerpt":{"rendered":"<p>Extracto de catnip para gatos en spray 125 ml El extracto de catnip en spray de Fancy Pets est\u00e1 recomendado para la<br \/>\naplicaci\u00f3n directa sobre los objetos de tu mascota, como auxiliar en procesos conductuales y como m\u00e9todo de refuerzo<br \/>\npositivo, despertando el inter\u00e9s mediante el juego y favoreciendo la socializaci\u00f3n. Su presentaci\u00f3n en spray hace m\u00e1s f\u00e1cil su distribuci\u00f3n, adem\u00e1s de no dejar residuos.<\/p>\n","protected":false},"featured_media":3475,"template":"","meta":[],"product_brand":[106],"product_cat":[30,32],"product_tag":[315],"class_list":{"0":"post-3474","1":"product","2":"type-product","3":"status-publish","4":"has-post-thumbnail","6":"product_brand-fancypets","7":"product_cat-gatos","8":"product_cat-entrenamiento","9":"product_tag-catnip","11":"first","12":"instock","13":"sale","14":"shipping-taxable","15":"purchasable","16":"product-type-simple"},"yoast_head":"<!-- This site is optimized with the Yoast SEO plugin v27.4 - https:\/\/yoast.com\/product\/yoast-seo-wordpress\/ -->\n<title>CATNIP EN SPRAY PARA GATOS 125 ML. | Acuario Supremus<\/title>\n<meta name=\"description\" content=\"Extracto de catnip para gatos en spray 125 ml. est\u00e1 recomendado para la aplicaci\u00f3n directa en los objetos de tu mascota despertando el inter\u00e9s.\" \/>\n<meta name=\"robots\" content=\"index, follow, max-snippet:-1, max-image-preview:large, max-video-preview:-1\" \/>\n<link rel=\"canonical\" href=\"https:\/\/acuariosupremus.com\/?product=catnip-en-spray-para-gatos-125-ml\" \/>\n<meta property=\"og:locale\" content=\"es_MX\" \/>\n<meta property=\"og:type\" content=\"article\" \/>\n<meta property=\"og:title\" content=\"CATNIP EN SPRAY PARA GATOS 125 ML. | Acuario Supremus\" \/>\n<meta property=\"og:description\" content=\"Extracto de catnip para gatos en spray 125 ml. est\u00e1 recomendado para la aplicaci\u00f3n directa en los objetos de tu mascota despertando el inter\u00e9s.\" \/>\n<meta property=\"og:url\" content=\"https:\/\/acuariosupremus.com\/?product=catnip-en-spray-para-gatos-125-ml\" \/>\n<meta property=\"og:site_name\" content=\"Acuario Supremus\" \/>\n<meta property=\"article:publisher\" content=\"https:\/\/www.facebook.com\/AcuarioSupremus\" \/>\n<meta property=\"article:modified_time\" content=\"2026-01-17T22:14:00+00:00\" \/>\n<meta property=\"og:image\" content=\"https:\/\/acuariosupremus.com\/wp-content\/uploads\/2022\/02\/FL3915.jpg\" \/>\n\t<meta property=\"og:image:width\" content=\"1000\" \/>\n\t<meta property=\"og:image:height\" content=\"1000\" \/>\n\t<meta property=\"og:image:type\" content=\"image\/jpeg\" \/>\n<meta name=\"twitter:card\" content=\"summary_large_image\" \/>\n<meta name=\"twitter:site\" content=\"@AcuarioSupremus\" \/>\n<meta name=\"twitter:label1\" content=\"Tiempo de lectura\" \/>\n\t<meta name=\"twitter:data1\" content=\"1 minuto\" \/>\n<script type=\"application\/ld+json\" class=\"yoast-schema-graph\">{\"@context\":\"https:\\\/\\\/schema.org\",\"@graph\":[{\"@type\":\"WebPage\",\"@id\":\"https:\\\/\\\/acuariosupremus.com\\\/?product=catnip-en-spray-para-gatos-125-ml\",\"url\":\"https:\\\/\\\/acuariosupremus.com\\\/?product=catnip-en-spray-para-gatos-125-ml\",\"name\":\"CATNIP EN SPRAY PARA GATOS 125 ML. | Acuario Supremus\",\"isPartOf\":{\"@id\":\"https:\\\/\\\/acuariosupremus.com\\\/#website\"},\"primaryImageOfPage\":{\"@id\":\"https:\\\/\\\/acuariosupremus.com\\\/?product=catnip-en-spray-para-gatos-125-ml#primaryimage\"},\"image\":{\"@id\":\"https:\\\/\\\/acuariosupremus.com\\\/?product=catnip-en-spray-para-gatos-125-ml#primaryimage\"},\"thumbnailUrl\":\"https:\\\/\\\/acuariosupremus.com\\\/wp-content\\\/uploads\\\/2022\\\/02\\\/FL3915.jpg\",\"datePublished\":\"2022-02-20T22:58:41+00:00\",\"dateModified\":\"2026-01-17T22:14:00+00:00\",\"description\":\"Extracto de catnip para gatos en spray 125 ml. est\u00e1 recomendado para la aplicaci\u00f3n directa en los objetos de tu mascota despertando el inter\u00e9s.\",\"breadcrumb\":{\"@id\":\"https:\\\/\\\/acuariosupremus.com\\\/?product=catnip-en-spray-para-gatos-125-ml#breadcrumb\"},\"inLanguage\":\"es\",\"potentialAction\":[{\"@type\":\"ReadAction\",\"target\":[\"https:\\\/\\\/acuariosupremus.com\\\/?product=catnip-en-spray-para-gatos-125-ml\"]}]},{\"@type\":\"ImageObject\",\"inLanguage\":\"es\",\"@id\":\"https:\\\/\\\/acuariosupremus.com\\\/?product=catnip-en-spray-para-gatos-125-ml#primaryimage\",\"url\":\"https:\\\/\\\/acuariosupremus.com\\\/wp-content\\\/uploads\\\/2022\\\/02\\\/FL3915.jpg\",\"contentUrl\":\"https:\\\/\\\/acuariosupremus.com\\\/wp-content\\\/uploads\\\/2022\\\/02\\\/FL3915.jpg\",\"width\":1000,\"height\":1000},{\"@type\":\"BreadcrumbList\",\"@id\":\"https:\\\/\\\/acuariosupremus.com\\\/?product=catnip-en-spray-para-gatos-125-ml#breadcrumb\",\"itemListElement\":[{\"@type\":\"ListItem\",\"position\":1,\"name\":\"Portada\",\"item\":\"https:\\\/\\\/acuariosupremus.com\\\/\"},{\"@type\":\"ListItem\",\"position\":2,\"name\":\"Tienda\",\"item\":\"https:\\\/\\\/acuariosupremus.com\\\/tienda\\\/\"},{\"@type\":\"ListItem\",\"position\":3,\"name\":\"CATNIP EN SPRAY PARA GATOS 125 ML.\"}]},{\"@type\":\"WebSite\",\"@id\":\"https:\\\/\\\/acuariosupremus.com\\\/#website\",\"url\":\"https:\\\/\\\/acuariosupremus.com\\\/\",\"name\":\"Acuario Supremus\",\"description\":\"Peces, Peceras y Mascotas.\",\"publisher\":{\"@id\":\"https:\\\/\\\/acuariosupremus.com\\\/#organization\"},\"potentialAction\":[{\"@type\":\"SearchAction\",\"target\":{\"@type\":\"EntryPoint\",\"urlTemplate\":\"https:\\\/\\\/acuariosupremus.com\\\/?s={search_term_string}\"},\"query-input\":{\"@type\":\"PropertyValueSpecification\",\"valueRequired\":true,\"valueName\":\"search_term_string\"}}],\"inLanguage\":\"es\"},{\"@type\":\"Organization\",\"@id\":\"https:\\\/\\\/acuariosupremus.com\\\/#organization\",\"name\":\"Acuario Supremus\",\"url\":\"https:\\\/\\\/acuariosupremus.com\\\/\",\"logo\":{\"@type\":\"ImageObject\",\"inLanguage\":\"es\",\"@id\":\"https:\\\/\\\/acuariosupremus.com\\\/#\\\/schema\\\/logo\\\/image\\\/\",\"url\":\"https:\\\/\\\/acuariosupremus.com\\\/wp-content\\\/uploads\\\/2021\\\/12\\\/cropped-logo_acuario_supremus_fn-2.png\",\"contentUrl\":\"https:\\\/\\\/acuariosupremus.com\\\/wp-content\\\/uploads\\\/2021\\\/12\\\/cropped-logo_acuario_supremus_fn-2.png\",\"width\":1000,\"height\":318,\"caption\":\"Acuario Supremus\"},\"image\":{\"@id\":\"https:\\\/\\\/acuariosupremus.com\\\/#\\\/schema\\\/logo\\\/image\\\/\"},\"sameAs\":[\"https:\\\/\\\/www.facebook.com\\\/AcuarioSupremus\",\"https:\\\/\\\/x.com\\\/AcuarioSupremus\",\"https:\\\/\\\/www.instagram.com\\\/acuariosupremus\\\/?hl=es\"]}]}<\/script>\n<!-- \/ Yoast SEO plugin. -->","yoast_head_json":{"title":"CATNIP EN SPRAY PARA GATOS 125 ML. | Acuario Supremus","description":"Extracto de catnip para gatos en spray 125 ml. est\u00e1 recomendado para la aplicaci\u00f3n directa en los objetos de tu mascota despertando el inter\u00e9s.","robots":{"index":"index","follow":"follow","max-snippet":"max-snippet:-1","max-image-preview":"max-image-preview:large","max-video-preview":"max-video-preview:-1"},"canonical":"https:\/\/acuariosupremus.com\/?product=catnip-en-spray-para-gatos-125-ml","og_locale":"es_MX","og_type":"article","og_title":"CATNIP EN SPRAY PARA GATOS 125 ML. | Acuario Supremus","og_description":"Extracto de catnip para gatos en spray 125 ml. est\u00e1 recomendado para la aplicaci\u00f3n directa en los objetos de tu mascota despertando el inter\u00e9s.","og_url":"https:\/\/acuariosupremus.com\/?product=catnip-en-spray-para-gatos-125-ml","og_site_name":"Acuario Supremus","article_publisher":"https:\/\/www.facebook.com\/AcuarioSupremus","article_modified_time":"2026-01-17T22:14:00+00:00","og_image":[{"width":1000,"height":1000,"url":"https:\/\/acuariosupremus.com\/wp-content\/uploads\/2022\/02\/FL3915.jpg","type":"image\/jpeg"}],"twitter_card":"summary_large_image","twitter_site":"@AcuarioSupremus","twitter_misc":{"Tiempo de lectura":"1 minuto"},"schema":{"@context":"https:\/\/schema.org","@graph":[{"@type":"WebPage","@id":"https:\/\/acuariosupremus.com\/?product=catnip-en-spray-para-gatos-125-ml","url":"https:\/\/acuariosupremus.com\/?product=catnip-en-spray-para-gatos-125-ml","name":"CATNIP EN SPRAY PARA GATOS 125 ML. | Acuario Supremus","isPartOf":{"@id":"https:\/\/acuariosupremus.com\/#website"},"primaryImageOfPage":{"@id":"https:\/\/acuariosupremus.com\/?product=catnip-en-spray-para-gatos-125-ml#primaryimage"},"image":{"@id":"https:\/\/acuariosupremus.com\/?product=catnip-en-spray-para-gatos-125-ml#primaryimage"},"thumbnailUrl":"https:\/\/acuariosupremus.com\/wp-content\/uploads\/2022\/02\/FL3915.jpg","datePublished":"2022-02-20T22:58:41+00:00","dateModified":"2026-01-17T22:14:00+00:00","description":"Extracto de catnip para gatos en spray 125 ml. est\u00e1 recomendado para la aplicaci\u00f3n directa en los objetos de tu mascota despertando el inter\u00e9s.","breadcrumb":{"@id":"https:\/\/acuariosupremus.com\/?product=catnip-en-spray-para-gatos-125-ml#breadcrumb"},"inLanguage":"es","potentialAction":[{"@type":"ReadAction","target":["https:\/\/acuariosupremus.com\/?product=catnip-en-spray-para-gatos-125-ml"]}]},{"@type":"ImageObject","inLanguage":"es","@id":"https:\/\/acuariosupremus.com\/?product=catnip-en-spray-para-gatos-125-ml#primaryimage","url":"https:\/\/acuariosupremus.com\/wp-content\/uploads\/2022\/02\/FL3915.jpg","contentUrl":"https:\/\/acuariosupremus.com\/wp-content\/uploads\/2022\/02\/FL3915.jpg","width":1000,"height":1000},{"@type":"BreadcrumbList","@id":"https:\/\/acuariosupremus.com\/?product=catnip-en-spray-para-gatos-125-ml#breadcrumb","itemListElement":[{"@type":"ListItem","position":1,"name":"Portada","item":"https:\/\/acuariosupremus.com\/"},{"@type":"ListItem","position":2,"name":"Tienda","item":"https:\/\/acuariosupremus.com\/tienda\/"},{"@type":"ListItem","position":3,"name":"CATNIP EN SPRAY PARA GATOS 125 ML."}]},{"@type":"WebSite","@id":"https:\/\/acuariosupremus.com\/#website","url":"https:\/\/acuariosupremus.com\/","name":"Acuario Supremus","description":"Peces, Peceras y Mascotas.","publisher":{"@id":"https:\/\/acuariosupremus.com\/#organization"},"potentialAction":[{"@type":"SearchAction","target":{"@type":"EntryPoint","urlTemplate":"https:\/\/acuariosupremus.com\/?s={search_term_string}"},"query-input":{"@type":"PropertyValueSpecification","valueRequired":true,"valueName":"search_term_string"}}],"inLanguage":"es"},{"@type":"Organization","@id":"https:\/\/acuariosupremus.com\/#organization","name":"Acuario Supremus","url":"https:\/\/acuariosupremus.com\/","logo":{"@type":"ImageObject","inLanguage":"es","@id":"https:\/\/acuariosupremus.com\/#\/schema\/logo\/image\/","url":"https:\/\/acuariosupremus.com\/wp-content\/uploads\/2021\/12\/cropped-logo_acuario_supremus_fn-2.png","contentUrl":"https:\/\/acuariosupremus.com\/wp-content\/uploads\/2021\/12\/cropped-logo_acuario_supremus_fn-2.png","width":1000,"height":318,"caption":"Acuario Supremus"},"image":{"@id":"https:\/\/acuariosupremus.com\/#\/schema\/logo\/image\/"},"sameAs":["https:\/\/www.facebook.com\/AcuarioSupremus","https:\/\/x.com\/AcuarioSupremus","https:\/\/www.instagram.com\/acuariosupremus\/?hl=es"]}]}},"jetpack_sharing_enabled":true,"_links":{"self":[{"href":"https:\/\/acuariosupremus.com\/index.php?rest_route=\/wp\/v2\/product\/3474","targetHints":{"allow":["GET"]}}],"collection":[{"href":"https:\/\/acuariosupremus.com\/index.php?rest_route=\/wp\/v2\/product"}],"about":[{"href":"https:\/\/acuariosupremus.com\/index.php?rest_route=\/wp\/v2\/types\/product"}],"wp:featuredmedia":[{"embeddable":true,"href":"https:\/\/acuariosupremus.com\/index.php?rest_route=\/wp\/v2\/media\/3475"}],"wp:attachment":[{"href":"https:\/\/acuariosupremus.com\/index.php?rest_route=%2Fwp%2Fv2%2Fmedia&parent=3474"}],"wp:term":[{"taxonomy":"product_brand","embeddable":true,"href":"https:\/\/acuariosupremus.com\/index.php?rest_route=%2Fwp%2Fv2%2Fproduct_brand&post=3474"},{"taxonomy":"product_cat","embeddable":true,"href":"https:\/\/acuariosupremus.com\/index.php?rest_route=%2Fwp%2Fv2%2Fproduct_cat&post=3474"},{"taxonomy":"product_tag","embeddable":true,"href":"https:\/\/acuariosupremus.com\/index.php?rest_route=%2Fwp%2Fv2%2Fproduct_tag&post=3474"}],"curies":[{"name":"wp","href":"https:\/\/api.w.org\/{rel}","templated":true}]}}