{"id":3667,"date":"2022-02-25T17:14:24","date_gmt":"2022-02-25T23:14:24","guid":{"rendered":"https:\/\/acuariosupremus.com\/?post_type=product&#038;p=3667"},"modified":"2026-01-19T15:05:13","modified_gmt":"2026-01-19T21:05:13","slug":"mueble-con-casa-y-escalera-para-gato-158-cm","status":"publish","type":"product","link":"https:\/\/acuariosupremus.com\/?product=mueble-con-casa-y-escalera-para-gato-158-cm","title":{"rendered":"MUEBLE BYBLOS PARA GATO 158 CM."},"content":{"rendered":"<p>Medidas:<br \/>\n<strong>158 cm.<\/strong><br \/>\nMaterial:<br \/>\nRascador fabricado en madera y forrado de suave felpa. Materiales resistentes y duraderos<\/p>\n","protected":false},"excerpt":{"rendered":"<p>Los gatos tienen la necesidad vital de afilar sus u\u00f1as. Para ello, la mejor soluci\u00f3n son los rascadores para gatos. En ellos el gato podr\u00e1 seguir sus instintos naturales sin que nuestros muebles sufran las consecuencias. Adem\u00e1s, son una zona ideal de juego y descanso.<br \/>\nBeneficios:<br \/>\n&#8211; F\u00e1cil de montar y desmontar.<\/p>\n","protected":false},"featured_media":3668,"template":"","meta":[],"product_brand":[106],"product_cat":[30,33],"product_tag":[318],"class_list":{"0":"post-3667","1":"product","2":"type-product","3":"status-publish","4":"has-post-thumbnail","6":"product_brand-fancypets","7":"product_cat-gatos","8":"product_cat-muebles","9":"product_tag-mueble-para-gato","11":"first","12":"instock","13":"sale","14":"shipping-taxable","15":"purchasable","16":"product-type-simple"},"yoast_head":"<!-- This site is optimized with the Yoast SEO plugin v27.4 - https:\/\/yoast.com\/product\/yoast-seo-wordpress\/ -->\n<title>MUEBLE BYBLOS PARA GATO 158 CM. | Acuario Supremus<\/title>\n<meta name=\"description\" content=\"Mueble con Casa y Escalera,F\u00e1cil de montar y desmontar, El gato podr\u00e1 rascar, jugar con \u00e9l tanto como quieran gracias a el dise\u00f1o podr\u00e1 esconderse o dormir.\" \/>\n<meta name=\"robots\" content=\"index, follow, max-snippet:-1, max-image-preview:large, max-video-preview:-1\" \/>\n<link rel=\"canonical\" href=\"https:\/\/acuariosupremus.com\/?product=mueble-con-casa-y-escalera-para-gato-158-cm\" \/>\n<meta property=\"og:locale\" content=\"es_MX\" \/>\n<meta property=\"og:type\" content=\"article\" \/>\n<meta property=\"og:title\" content=\"MUEBLE BYBLOS PARA GATO 158 CM. | Acuario Supremus\" \/>\n<meta property=\"og:description\" content=\"Mueble con Casa y Escalera,F\u00e1cil de montar y desmontar, El gato podr\u00e1 rascar, jugar con \u00e9l tanto como quieran gracias a el dise\u00f1o podr\u00e1 esconderse o dormir.\" \/>\n<meta property=\"og:url\" content=\"https:\/\/acuariosupremus.com\/?product=mueble-con-casa-y-escalera-para-gato-158-cm\" \/>\n<meta property=\"og:site_name\" content=\"Acuario Supremus\" \/>\n<meta property=\"article:publisher\" content=\"https:\/\/www.facebook.com\/AcuarioSupremus\" \/>\n<meta property=\"article:modified_time\" content=\"2026-01-19T21:05:13+00:00\" \/>\n<meta property=\"og:image\" content=\"https:\/\/acuariosupremus.com\/wp-content\/uploads\/2022\/02\/FL8459.jpg\" \/>\n\t<meta property=\"og:image:width\" content=\"1000\" \/>\n\t<meta property=\"og:image:height\" content=\"1000\" \/>\n\t<meta property=\"og:image:type\" content=\"image\/jpeg\" \/>\n<meta name=\"twitter:card\" content=\"summary_large_image\" \/>\n<meta name=\"twitter:site\" content=\"@AcuarioSupremus\" \/>\n<meta name=\"twitter:label1\" content=\"Tiempo de lectura\" \/>\n\t<meta name=\"twitter:data1\" content=\"1 minuto\" \/>\n<script type=\"application\/ld+json\" class=\"yoast-schema-graph\">{\"@context\":\"https:\\\/\\\/schema.org\",\"@graph\":[{\"@type\":\"WebPage\",\"@id\":\"https:\\\/\\\/acuariosupremus.com\\\/?product=mueble-con-casa-y-escalera-para-gato-158-cm\",\"url\":\"https:\\\/\\\/acuariosupremus.com\\\/?product=mueble-con-casa-y-escalera-para-gato-158-cm\",\"name\":\"MUEBLE BYBLOS PARA GATO 158 CM. | Acuario Supremus\",\"isPartOf\":{\"@id\":\"https:\\\/\\\/acuariosupremus.com\\\/#website\"},\"primaryImageOfPage\":{\"@id\":\"https:\\\/\\\/acuariosupremus.com\\\/?product=mueble-con-casa-y-escalera-para-gato-158-cm#primaryimage\"},\"image\":{\"@id\":\"https:\\\/\\\/acuariosupremus.com\\\/?product=mueble-con-casa-y-escalera-para-gato-158-cm#primaryimage\"},\"thumbnailUrl\":\"https:\\\/\\\/acuariosupremus.com\\\/wp-content\\\/uploads\\\/2022\\\/02\\\/FL8459.jpg\",\"datePublished\":\"2022-02-25T23:14:24+00:00\",\"dateModified\":\"2026-01-19T21:05:13+00:00\",\"description\":\"Mueble con Casa y Escalera,F\u00e1cil de montar y desmontar, El gato podr\u00e1 rascar, jugar con \u00e9l tanto como quieran gracias a el dise\u00f1o podr\u00e1 esconderse o dormir.\",\"breadcrumb\":{\"@id\":\"https:\\\/\\\/acuariosupremus.com\\\/?product=mueble-con-casa-y-escalera-para-gato-158-cm#breadcrumb\"},\"inLanguage\":\"es\",\"potentialAction\":[{\"@type\":\"ReadAction\",\"target\":[\"https:\\\/\\\/acuariosupremus.com\\\/?product=mueble-con-casa-y-escalera-para-gato-158-cm\"]}]},{\"@type\":\"ImageObject\",\"inLanguage\":\"es\",\"@id\":\"https:\\\/\\\/acuariosupremus.com\\\/?product=mueble-con-casa-y-escalera-para-gato-158-cm#primaryimage\",\"url\":\"https:\\\/\\\/acuariosupremus.com\\\/wp-content\\\/uploads\\\/2022\\\/02\\\/FL8459.jpg\",\"contentUrl\":\"https:\\\/\\\/acuariosupremus.com\\\/wp-content\\\/uploads\\\/2022\\\/02\\\/FL8459.jpg\",\"width\":1000,\"height\":1000},{\"@type\":\"BreadcrumbList\",\"@id\":\"https:\\\/\\\/acuariosupremus.com\\\/?product=mueble-con-casa-y-escalera-para-gato-158-cm#breadcrumb\",\"itemListElement\":[{\"@type\":\"ListItem\",\"position\":1,\"name\":\"Portada\",\"item\":\"https:\\\/\\\/acuariosupremus.com\\\/\"},{\"@type\":\"ListItem\",\"position\":2,\"name\":\"Tienda\",\"item\":\"https:\\\/\\\/acuariosupremus.com\\\/tienda\\\/\"},{\"@type\":\"ListItem\",\"position\":3,\"name\":\"MUEBLE BYBLOS PARA GATO 158 CM.\"}]},{\"@type\":\"WebSite\",\"@id\":\"https:\\\/\\\/acuariosupremus.com\\\/#website\",\"url\":\"https:\\\/\\\/acuariosupremus.com\\\/\",\"name\":\"Acuario Supremus\",\"description\":\"Peces, Peceras y Mascotas.\",\"publisher\":{\"@id\":\"https:\\\/\\\/acuariosupremus.com\\\/#organization\"},\"potentialAction\":[{\"@type\":\"SearchAction\",\"target\":{\"@type\":\"EntryPoint\",\"urlTemplate\":\"https:\\\/\\\/acuariosupremus.com\\\/?s={search_term_string}\"},\"query-input\":{\"@type\":\"PropertyValueSpecification\",\"valueRequired\":true,\"valueName\":\"search_term_string\"}}],\"inLanguage\":\"es\"},{\"@type\":\"Organization\",\"@id\":\"https:\\\/\\\/acuariosupremus.com\\\/#organization\",\"name\":\"Acuario Supremus\",\"url\":\"https:\\\/\\\/acuariosupremus.com\\\/\",\"logo\":{\"@type\":\"ImageObject\",\"inLanguage\":\"es\",\"@id\":\"https:\\\/\\\/acuariosupremus.com\\\/#\\\/schema\\\/logo\\\/image\\\/\",\"url\":\"https:\\\/\\\/acuariosupremus.com\\\/wp-content\\\/uploads\\\/2021\\\/12\\\/cropped-logo_acuario_supremus_fn-2.png\",\"contentUrl\":\"https:\\\/\\\/acuariosupremus.com\\\/wp-content\\\/uploads\\\/2021\\\/12\\\/cropped-logo_acuario_supremus_fn-2.png\",\"width\":1000,\"height\":318,\"caption\":\"Acuario Supremus\"},\"image\":{\"@id\":\"https:\\\/\\\/acuariosupremus.com\\\/#\\\/schema\\\/logo\\\/image\\\/\"},\"sameAs\":[\"https:\\\/\\\/www.facebook.com\\\/AcuarioSupremus\",\"https:\\\/\\\/x.com\\\/AcuarioSupremus\",\"https:\\\/\\\/www.instagram.com\\\/acuariosupremus\\\/?hl=es\"]}]}<\/script>\n<!-- \/ Yoast SEO plugin. -->","yoast_head_json":{"title":"MUEBLE BYBLOS PARA GATO 158 CM. | Acuario Supremus","description":"Mueble con Casa y Escalera,F\u00e1cil de montar y desmontar, El gato podr\u00e1 rascar, jugar con \u00e9l tanto como quieran gracias a el dise\u00f1o podr\u00e1 esconderse o dormir.","robots":{"index":"index","follow":"follow","max-snippet":"max-snippet:-1","max-image-preview":"max-image-preview:large","max-video-preview":"max-video-preview:-1"},"canonical":"https:\/\/acuariosupremus.com\/?product=mueble-con-casa-y-escalera-para-gato-158-cm","og_locale":"es_MX","og_type":"article","og_title":"MUEBLE BYBLOS PARA GATO 158 CM. | Acuario Supremus","og_description":"Mueble con Casa y Escalera,F\u00e1cil de montar y desmontar, El gato podr\u00e1 rascar, jugar con \u00e9l tanto como quieran gracias a el dise\u00f1o podr\u00e1 esconderse o dormir.","og_url":"https:\/\/acuariosupremus.com\/?product=mueble-con-casa-y-escalera-para-gato-158-cm","og_site_name":"Acuario Supremus","article_publisher":"https:\/\/www.facebook.com\/AcuarioSupremus","article_modified_time":"2026-01-19T21:05:13+00:00","og_image":[{"width":1000,"height":1000,"url":"https:\/\/acuariosupremus.com\/wp-content\/uploads\/2022\/02\/FL8459.jpg","type":"image\/jpeg"}],"twitter_card":"summary_large_image","twitter_site":"@AcuarioSupremus","twitter_misc":{"Tiempo de lectura":"1 minuto"},"schema":{"@context":"https:\/\/schema.org","@graph":[{"@type":"WebPage","@id":"https:\/\/acuariosupremus.com\/?product=mueble-con-casa-y-escalera-para-gato-158-cm","url":"https:\/\/acuariosupremus.com\/?product=mueble-con-casa-y-escalera-para-gato-158-cm","name":"MUEBLE BYBLOS PARA GATO 158 CM. | Acuario Supremus","isPartOf":{"@id":"https:\/\/acuariosupremus.com\/#website"},"primaryImageOfPage":{"@id":"https:\/\/acuariosupremus.com\/?product=mueble-con-casa-y-escalera-para-gato-158-cm#primaryimage"},"image":{"@id":"https:\/\/acuariosupremus.com\/?product=mueble-con-casa-y-escalera-para-gato-158-cm#primaryimage"},"thumbnailUrl":"https:\/\/acuariosupremus.com\/wp-content\/uploads\/2022\/02\/FL8459.jpg","datePublished":"2022-02-25T23:14:24+00:00","dateModified":"2026-01-19T21:05:13+00:00","description":"Mueble con Casa y Escalera,F\u00e1cil de montar y desmontar, El gato podr\u00e1 rascar, jugar con \u00e9l tanto como quieran gracias a el dise\u00f1o podr\u00e1 esconderse o dormir.","breadcrumb":{"@id":"https:\/\/acuariosupremus.com\/?product=mueble-con-casa-y-escalera-para-gato-158-cm#breadcrumb"},"inLanguage":"es","potentialAction":[{"@type":"ReadAction","target":["https:\/\/acuariosupremus.com\/?product=mueble-con-casa-y-escalera-para-gato-158-cm"]}]},{"@type":"ImageObject","inLanguage":"es","@id":"https:\/\/acuariosupremus.com\/?product=mueble-con-casa-y-escalera-para-gato-158-cm#primaryimage","url":"https:\/\/acuariosupremus.com\/wp-content\/uploads\/2022\/02\/FL8459.jpg","contentUrl":"https:\/\/acuariosupremus.com\/wp-content\/uploads\/2022\/02\/FL8459.jpg","width":1000,"height":1000},{"@type":"BreadcrumbList","@id":"https:\/\/acuariosupremus.com\/?product=mueble-con-casa-y-escalera-para-gato-158-cm#breadcrumb","itemListElement":[{"@type":"ListItem","position":1,"name":"Portada","item":"https:\/\/acuariosupremus.com\/"},{"@type":"ListItem","position":2,"name":"Tienda","item":"https:\/\/acuariosupremus.com\/tienda\/"},{"@type":"ListItem","position":3,"name":"MUEBLE BYBLOS PARA GATO 158 CM."}]},{"@type":"WebSite","@id":"https:\/\/acuariosupremus.com\/#website","url":"https:\/\/acuariosupremus.com\/","name":"Acuario Supremus","description":"Peces, Peceras y Mascotas.","publisher":{"@id":"https:\/\/acuariosupremus.com\/#organization"},"potentialAction":[{"@type":"SearchAction","target":{"@type":"EntryPoint","urlTemplate":"https:\/\/acuariosupremus.com\/?s={search_term_string}"},"query-input":{"@type":"PropertyValueSpecification","valueRequired":true,"valueName":"search_term_string"}}],"inLanguage":"es"},{"@type":"Organization","@id":"https:\/\/acuariosupremus.com\/#organization","name":"Acuario Supremus","url":"https:\/\/acuariosupremus.com\/","logo":{"@type":"ImageObject","inLanguage":"es","@id":"https:\/\/acuariosupremus.com\/#\/schema\/logo\/image\/","url":"https:\/\/acuariosupremus.com\/wp-content\/uploads\/2021\/12\/cropped-logo_acuario_supremus_fn-2.png","contentUrl":"https:\/\/acuariosupremus.com\/wp-content\/uploads\/2021\/12\/cropped-logo_acuario_supremus_fn-2.png","width":1000,"height":318,"caption":"Acuario Supremus"},"image":{"@id":"https:\/\/acuariosupremus.com\/#\/schema\/logo\/image\/"},"sameAs":["https:\/\/www.facebook.com\/AcuarioSupremus","https:\/\/x.com\/AcuarioSupremus","https:\/\/www.instagram.com\/acuariosupremus\/?hl=es"]}]}},"jetpack_sharing_enabled":true,"_links":{"self":[{"href":"https:\/\/acuariosupremus.com\/index.php?rest_route=\/wp\/v2\/product\/3667","targetHints":{"allow":["GET"]}}],"collection":[{"href":"https:\/\/acuariosupremus.com\/index.php?rest_route=\/wp\/v2\/product"}],"about":[{"href":"https:\/\/acuariosupremus.com\/index.php?rest_route=\/wp\/v2\/types\/product"}],"wp:featuredmedia":[{"embeddable":true,"href":"https:\/\/acuariosupremus.com\/index.php?rest_route=\/wp\/v2\/media\/3668"}],"wp:attachment":[{"href":"https:\/\/acuariosupremus.com\/index.php?rest_route=%2Fwp%2Fv2%2Fmedia&parent=3667"}],"wp:term":[{"taxonomy":"product_brand","embeddable":true,"href":"https:\/\/acuariosupremus.com\/index.php?rest_route=%2Fwp%2Fv2%2Fproduct_brand&post=3667"},{"taxonomy":"product_cat","embeddable":true,"href":"https:\/\/acuariosupremus.com\/index.php?rest_route=%2Fwp%2Fv2%2Fproduct_cat&post=3667"},{"taxonomy":"product_tag","embeddable":true,"href":"https:\/\/acuariosupremus.com\/index.php?rest_route=%2Fwp%2Fv2%2Fproduct_tag&post=3667"}],"curies":[{"name":"wp","href":"https:\/\/api.w.org\/{rel}","templated":true}]}}