{"id":3691,"date":"2022-02-26T13:49:16","date_gmt":"2022-02-26T19:49:16","guid":{"rendered":"https:\/\/acuariosupremus.com\/?post_type=product&#038;p=3691"},"modified":"2026-01-19T18:22:36","modified_gmt":"2026-01-20T00:22:36","slug":"collar-antipulgas-para-gato-39-cm","status":"publish","type":"product","link":"https:\/\/acuariosupremus.com\/?product=collar-antipulgas-para-gato-39-cm","title":{"rendered":"MS COLLAR ANTIPULGAS PARA GATO."},"content":{"rendered":"<p>Instrucciones:<br \/>\nInstrucciones de uso:<br \/>\n1) Antes de la colocaci\u00f3n del collar, extraiga las pulgas y garrapatas de las orejas para asegurar su eliminaci\u00f3n.<br \/>\n2) Antes de colocar el collar antipulgas en el cuello de la mascota, est\u00edrelo para activar el ingrediente activo.<br \/>\n3) Ajuste el collar sin apretar alrededor del cuello (debe haber un espacio de un dedo entre el collar y el cuello), corte el tramo<br \/>\nsobrante y des\u00e9chelo; se puede colocar tambi\u00e9n el collar normal.<br \/>\nEN CASO DE IRRITACI\u00d3N EN LA PIEL, RET\u00cdRELO INMEDIATAMENTE.<br \/>\nRecomendaciones:<br \/>\nEn infestaciones severas de pulgas o garrapatas es necesario emplear un producto adicional que coadyuve al efecto insecticida deseado e interrumpa el ciclo vital de estos par\u00e1sitos. Previamente, ba\u00f1e a su mascota con un shampoo insecticida para retirar la mayor cantidad de ectopar\u00e1sitos posible. Repita el tratamiento a los tres d\u00edas y posteriormente cada semana durante 4 semanas. Tambi\u00e9n es necesario lavar el \u00e1rea donde descansa o pasea su mascota para matar huevos y larvas (camas, sof\u00e1s, alfombras, suelo, c\u00e9sped natural o sint\u00e9tico).<br \/>\nRecomendaciones:<br \/>\nConsejos de prudencia:<br \/>\n&#8211; N\u00famero de registro: RSCO-PEC-INAC-0101F-315-081-012<br \/>\n&#8211; Para uso exclusivo en gatos.<br \/>\n&#8211; Lea toda la etiqueta antes de su aplicaci\u00f3n.<br \/>\n&#8211; Riesgo para los humanos y animales dom\u00e9sticos.<br \/>\nPrimeros auxilios:<br \/>\nContiene un organofosforado que inhibe la colinesterasa. Ante cualquier percance, tenga el empaque del producto o la etiqueta cuando llame al centro de control de envenenamientos o a un M\u00e9dico.<br \/>\nSi se ingiere:<br \/>\nLlame a un centro de toxicolog\u00eda o a un m\u00e9dico para recibir consejos de tratamiento. Que la persona beba un vaso de agua si puede tragar. No induzca el v\u00f3mito a menos que as\u00ed lo indique el centro de toxicolog\u00eda o un M\u00e9dico. No le<br \/>\nd\u00e9 nada por la boca a una persona inconsciente.<br \/>\nContacto con la piel o ropa:<br \/>\nQu\u00edtese la ropa contaminada. Enjuague la piel inmediatamente con abundante agua durante 15 o 20 minutos. Llame a un centro de toxicolog\u00eda o a un M\u00e9dico para recibir consejos de tratamiento.<br \/>\nContacto con los ojos:<br \/>\nSostenga el ojo abierto mientras enjuaga lenta y suavemente con agua de 15 a 20 minutos. En caso de tener lentes de contacto, qu\u00edtelos dentro de los primeros 5 minutos y luego contin\u00fae enjuagando los ojos. Llame a un centro de toxicolog\u00eda o a un M\u00e9dico para recibir consejos de tratamiento.<br \/>\nNota para M\u00e9dicos Veterinarios:<br \/>\nEste producto contiene un fosfato org\u00e1nico y puede causar inhibici\u00f3n de la colinesterasa. Los s\u00edntomas colin\u00e9rgicos pueden incluir salivaci\u00f3n, miosis, falta de coordinaci\u00f3n, fasciculaciones musculares, debilidad, v\u00f3mitos y diarrea. La atropina es un ant\u00eddoto 2-PAM que puede ser eficaz ante efectos secundarios causados.<br \/>\nIngredientes:<br \/>\nTetraclorvinfos 12.00%<br \/>\nCloruro de polivinilo 88.00%<br \/>\nMedidas:<br \/>\n<strong>39 cm<\/strong><br \/>\nMaterial:<br \/>\nCloruro de polivinilo 88.00%<br \/>\nContenido:<br \/>\n1 pieza<\/p>\n","protected":false},"excerpt":{"rendered":"<p>El collar antipulgas para gatos (a partir de 12 semanas de edad) de Medical Solutions\u00ae es un acaricida eficaz contra pulgas y garrapatas. Su mecanismo de acci\u00f3n act\u00faa como paralizador del par\u00e1sito, provocando su muerte y previniendo la reinfestaci\u00f3n.<br \/>\nEs resistente al agua y repele a los ectopar\u00e1sitos hasta por 90 d\u00edas.<\/p>\n","protected":false},"featured_media":3692,"template":"","meta":[],"product_brand":[108],"product_cat":[30,39],"product_tag":[319],"class_list":{"0":"post-3691","1":"product","2":"type-product","3":"status-publish","4":"has-post-thumbnail","6":"product_brand-medicalsolutions","7":"product_cat-gatos","8":"product_cat-salud","9":"product_tag-antipulgas-y-plaguicida","11":"first","12":"instock","13":"sale","14":"shipping-taxable","15":"purchasable","16":"product-type-simple"},"yoast_head":"<!-- This site is optimized with the Yoast SEO plugin v27.4 - https:\/\/yoast.com\/product\/yoast-seo-wordpress\/ -->\n<title>MS COLLAR ANTIPULGAS PARA GATO. | Acuario Supremus<\/title>\n<meta name=\"description\" content=\"El collar antipulgas gatos es eficaz contra pulgas y garrapatas. Su mecanismo de acci\u00f3n act\u00faa provocando muerte de par\u00e1sitos y previniendo la reinfestaci\u00f3n.\" \/>\n<meta name=\"robots\" content=\"index, follow, max-snippet:-1, max-image-preview:large, max-video-preview:-1\" \/>\n<link rel=\"canonical\" href=\"https:\/\/acuariosupremus.com\/?product=collar-antipulgas-para-gato-39-cm\" \/>\n<meta property=\"og:locale\" content=\"es_MX\" \/>\n<meta property=\"og:type\" content=\"article\" \/>\n<meta property=\"og:title\" content=\"MS COLLAR ANTIPULGAS PARA GATO. | Acuario Supremus\" \/>\n<meta property=\"og:description\" content=\"El collar antipulgas gatos es eficaz contra pulgas y garrapatas. Su mecanismo de acci\u00f3n act\u00faa provocando muerte de par\u00e1sitos y previniendo la reinfestaci\u00f3n.\" \/>\n<meta property=\"og:url\" content=\"https:\/\/acuariosupremus.com\/?product=collar-antipulgas-para-gato-39-cm\" \/>\n<meta property=\"og:site_name\" content=\"Acuario Supremus\" \/>\n<meta property=\"article:publisher\" content=\"https:\/\/www.facebook.com\/AcuarioSupremus\" \/>\n<meta property=\"article:modified_time\" content=\"2026-01-20T00:22:36+00:00\" \/>\n<meta property=\"og:image\" content=\"https:\/\/acuariosupremus.com\/wp-content\/uploads\/2022\/02\/FL3601.jpg\" \/>\n\t<meta property=\"og:image:width\" content=\"1000\" \/>\n\t<meta property=\"og:image:height\" content=\"1000\" \/>\n\t<meta property=\"og:image:type\" content=\"image\/jpeg\" \/>\n<meta name=\"twitter:card\" content=\"summary_large_image\" \/>\n<meta name=\"twitter:site\" content=\"@AcuarioSupremus\" \/>\n<meta name=\"twitter:label1\" content=\"Tiempo de lectura\" \/>\n\t<meta name=\"twitter:data1\" content=\"3 minutos\" \/>\n<script type=\"application\/ld+json\" class=\"yoast-schema-graph\">{\"@context\":\"https:\\\/\\\/schema.org\",\"@graph\":[{\"@type\":\"WebPage\",\"@id\":\"https:\\\/\\\/acuariosupremus.com\\\/?product=collar-antipulgas-para-gato-39-cm\",\"url\":\"https:\\\/\\\/acuariosupremus.com\\\/?product=collar-antipulgas-para-gato-39-cm\",\"name\":\"MS COLLAR ANTIPULGAS PARA GATO. | Acuario Supremus\",\"isPartOf\":{\"@id\":\"https:\\\/\\\/acuariosupremus.com\\\/#website\"},\"primaryImageOfPage\":{\"@id\":\"https:\\\/\\\/acuariosupremus.com\\\/?product=collar-antipulgas-para-gato-39-cm#primaryimage\"},\"image\":{\"@id\":\"https:\\\/\\\/acuariosupremus.com\\\/?product=collar-antipulgas-para-gato-39-cm#primaryimage\"},\"thumbnailUrl\":\"https:\\\/\\\/acuariosupremus.com\\\/wp-content\\\/uploads\\\/2022\\\/02\\\/FL3601.jpg\",\"datePublished\":\"2022-02-26T19:49:16+00:00\",\"dateModified\":\"2026-01-20T00:22:36+00:00\",\"description\":\"El collar antipulgas gatos es eficaz contra pulgas y garrapatas. Su mecanismo de acci\u00f3n act\u00faa provocando muerte de par\u00e1sitos y previniendo la reinfestaci\u00f3n.\",\"breadcrumb\":{\"@id\":\"https:\\\/\\\/acuariosupremus.com\\\/?product=collar-antipulgas-para-gato-39-cm#breadcrumb\"},\"inLanguage\":\"es\",\"potentialAction\":[{\"@type\":\"ReadAction\",\"target\":[\"https:\\\/\\\/acuariosupremus.com\\\/?product=collar-antipulgas-para-gato-39-cm\"]}]},{\"@type\":\"ImageObject\",\"inLanguage\":\"es\",\"@id\":\"https:\\\/\\\/acuariosupremus.com\\\/?product=collar-antipulgas-para-gato-39-cm#primaryimage\",\"url\":\"https:\\\/\\\/acuariosupremus.com\\\/wp-content\\\/uploads\\\/2022\\\/02\\\/FL3601.jpg\",\"contentUrl\":\"https:\\\/\\\/acuariosupremus.com\\\/wp-content\\\/uploads\\\/2022\\\/02\\\/FL3601.jpg\",\"width\":1000,\"height\":1000},{\"@type\":\"BreadcrumbList\",\"@id\":\"https:\\\/\\\/acuariosupremus.com\\\/?product=collar-antipulgas-para-gato-39-cm#breadcrumb\",\"itemListElement\":[{\"@type\":\"ListItem\",\"position\":1,\"name\":\"Portada\",\"item\":\"https:\\\/\\\/acuariosupremus.com\\\/\"},{\"@type\":\"ListItem\",\"position\":2,\"name\":\"Tienda\",\"item\":\"https:\\\/\\\/acuariosupremus.com\\\/tienda\\\/\"},{\"@type\":\"ListItem\",\"position\":3,\"name\":\"MS COLLAR ANTIPULGAS PARA GATO.\"}]},{\"@type\":\"WebSite\",\"@id\":\"https:\\\/\\\/acuariosupremus.com\\\/#website\",\"url\":\"https:\\\/\\\/acuariosupremus.com\\\/\",\"name\":\"Acuario Supremus\",\"description\":\"Peces, Peceras y Mascotas.\",\"publisher\":{\"@id\":\"https:\\\/\\\/acuariosupremus.com\\\/#organization\"},\"potentialAction\":[{\"@type\":\"SearchAction\",\"target\":{\"@type\":\"EntryPoint\",\"urlTemplate\":\"https:\\\/\\\/acuariosupremus.com\\\/?s={search_term_string}\"},\"query-input\":{\"@type\":\"PropertyValueSpecification\",\"valueRequired\":true,\"valueName\":\"search_term_string\"}}],\"inLanguage\":\"es\"},{\"@type\":\"Organization\",\"@id\":\"https:\\\/\\\/acuariosupremus.com\\\/#organization\",\"name\":\"Acuario Supremus\",\"url\":\"https:\\\/\\\/acuariosupremus.com\\\/\",\"logo\":{\"@type\":\"ImageObject\",\"inLanguage\":\"es\",\"@id\":\"https:\\\/\\\/acuariosupremus.com\\\/#\\\/schema\\\/logo\\\/image\\\/\",\"url\":\"https:\\\/\\\/acuariosupremus.com\\\/wp-content\\\/uploads\\\/2021\\\/12\\\/cropped-logo_acuario_supremus_fn-2.png\",\"contentUrl\":\"https:\\\/\\\/acuariosupremus.com\\\/wp-content\\\/uploads\\\/2021\\\/12\\\/cropped-logo_acuario_supremus_fn-2.png\",\"width\":1000,\"height\":318,\"caption\":\"Acuario Supremus\"},\"image\":{\"@id\":\"https:\\\/\\\/acuariosupremus.com\\\/#\\\/schema\\\/logo\\\/image\\\/\"},\"sameAs\":[\"https:\\\/\\\/www.facebook.com\\\/AcuarioSupremus\",\"https:\\\/\\\/x.com\\\/AcuarioSupremus\",\"https:\\\/\\\/www.instagram.com\\\/acuariosupremus\\\/?hl=es\"]}]}<\/script>\n<!-- \/ Yoast SEO plugin. -->","yoast_head_json":{"title":"MS COLLAR ANTIPULGAS PARA GATO. | Acuario Supremus","description":"El collar antipulgas gatos es eficaz contra pulgas y garrapatas. Su mecanismo de acci\u00f3n act\u00faa provocando muerte de par\u00e1sitos y previniendo la reinfestaci\u00f3n.","robots":{"index":"index","follow":"follow","max-snippet":"max-snippet:-1","max-image-preview":"max-image-preview:large","max-video-preview":"max-video-preview:-1"},"canonical":"https:\/\/acuariosupremus.com\/?product=collar-antipulgas-para-gato-39-cm","og_locale":"es_MX","og_type":"article","og_title":"MS COLLAR ANTIPULGAS PARA GATO. | Acuario Supremus","og_description":"El collar antipulgas gatos es eficaz contra pulgas y garrapatas. Su mecanismo de acci\u00f3n act\u00faa provocando muerte de par\u00e1sitos y previniendo la reinfestaci\u00f3n.","og_url":"https:\/\/acuariosupremus.com\/?product=collar-antipulgas-para-gato-39-cm","og_site_name":"Acuario Supremus","article_publisher":"https:\/\/www.facebook.com\/AcuarioSupremus","article_modified_time":"2026-01-20T00:22:36+00:00","og_image":[{"width":1000,"height":1000,"url":"https:\/\/acuariosupremus.com\/wp-content\/uploads\/2022\/02\/FL3601.jpg","type":"image\/jpeg"}],"twitter_card":"summary_large_image","twitter_site":"@AcuarioSupremus","twitter_misc":{"Tiempo de lectura":"3 minutos"},"schema":{"@context":"https:\/\/schema.org","@graph":[{"@type":"WebPage","@id":"https:\/\/acuariosupremus.com\/?product=collar-antipulgas-para-gato-39-cm","url":"https:\/\/acuariosupremus.com\/?product=collar-antipulgas-para-gato-39-cm","name":"MS COLLAR ANTIPULGAS PARA GATO. | Acuario Supremus","isPartOf":{"@id":"https:\/\/acuariosupremus.com\/#website"},"primaryImageOfPage":{"@id":"https:\/\/acuariosupremus.com\/?product=collar-antipulgas-para-gato-39-cm#primaryimage"},"image":{"@id":"https:\/\/acuariosupremus.com\/?product=collar-antipulgas-para-gato-39-cm#primaryimage"},"thumbnailUrl":"https:\/\/acuariosupremus.com\/wp-content\/uploads\/2022\/02\/FL3601.jpg","datePublished":"2022-02-26T19:49:16+00:00","dateModified":"2026-01-20T00:22:36+00:00","description":"El collar antipulgas gatos es eficaz contra pulgas y garrapatas. Su mecanismo de acci\u00f3n act\u00faa provocando muerte de par\u00e1sitos y previniendo la reinfestaci\u00f3n.","breadcrumb":{"@id":"https:\/\/acuariosupremus.com\/?product=collar-antipulgas-para-gato-39-cm#breadcrumb"},"inLanguage":"es","potentialAction":[{"@type":"ReadAction","target":["https:\/\/acuariosupremus.com\/?product=collar-antipulgas-para-gato-39-cm"]}]},{"@type":"ImageObject","inLanguage":"es","@id":"https:\/\/acuariosupremus.com\/?product=collar-antipulgas-para-gato-39-cm#primaryimage","url":"https:\/\/acuariosupremus.com\/wp-content\/uploads\/2022\/02\/FL3601.jpg","contentUrl":"https:\/\/acuariosupremus.com\/wp-content\/uploads\/2022\/02\/FL3601.jpg","width":1000,"height":1000},{"@type":"BreadcrumbList","@id":"https:\/\/acuariosupremus.com\/?product=collar-antipulgas-para-gato-39-cm#breadcrumb","itemListElement":[{"@type":"ListItem","position":1,"name":"Portada","item":"https:\/\/acuariosupremus.com\/"},{"@type":"ListItem","position":2,"name":"Tienda","item":"https:\/\/acuariosupremus.com\/tienda\/"},{"@type":"ListItem","position":3,"name":"MS COLLAR ANTIPULGAS PARA GATO."}]},{"@type":"WebSite","@id":"https:\/\/acuariosupremus.com\/#website","url":"https:\/\/acuariosupremus.com\/","name":"Acuario Supremus","description":"Peces, Peceras y Mascotas.","publisher":{"@id":"https:\/\/acuariosupremus.com\/#organization"},"potentialAction":[{"@type":"SearchAction","target":{"@type":"EntryPoint","urlTemplate":"https:\/\/acuariosupremus.com\/?s={search_term_string}"},"query-input":{"@type":"PropertyValueSpecification","valueRequired":true,"valueName":"search_term_string"}}],"inLanguage":"es"},{"@type":"Organization","@id":"https:\/\/acuariosupremus.com\/#organization","name":"Acuario Supremus","url":"https:\/\/acuariosupremus.com\/","logo":{"@type":"ImageObject","inLanguage":"es","@id":"https:\/\/acuariosupremus.com\/#\/schema\/logo\/image\/","url":"https:\/\/acuariosupremus.com\/wp-content\/uploads\/2021\/12\/cropped-logo_acuario_supremus_fn-2.png","contentUrl":"https:\/\/acuariosupremus.com\/wp-content\/uploads\/2021\/12\/cropped-logo_acuario_supremus_fn-2.png","width":1000,"height":318,"caption":"Acuario Supremus"},"image":{"@id":"https:\/\/acuariosupremus.com\/#\/schema\/logo\/image\/"},"sameAs":["https:\/\/www.facebook.com\/AcuarioSupremus","https:\/\/x.com\/AcuarioSupremus","https:\/\/www.instagram.com\/acuariosupremus\/?hl=es"]}]}},"jetpack_sharing_enabled":true,"_links":{"self":[{"href":"https:\/\/acuariosupremus.com\/index.php?rest_route=\/wp\/v2\/product\/3691","targetHints":{"allow":["GET"]}}],"collection":[{"href":"https:\/\/acuariosupremus.com\/index.php?rest_route=\/wp\/v2\/product"}],"about":[{"href":"https:\/\/acuariosupremus.com\/index.php?rest_route=\/wp\/v2\/types\/product"}],"wp:featuredmedia":[{"embeddable":true,"href":"https:\/\/acuariosupremus.com\/index.php?rest_route=\/wp\/v2\/media\/3692"}],"wp:attachment":[{"href":"https:\/\/acuariosupremus.com\/index.php?rest_route=%2Fwp%2Fv2%2Fmedia&parent=3691"}],"wp:term":[{"taxonomy":"product_brand","embeddable":true,"href":"https:\/\/acuariosupremus.com\/index.php?rest_route=%2Fwp%2Fv2%2Fproduct_brand&post=3691"},{"taxonomy":"product_cat","embeddable":true,"href":"https:\/\/acuariosupremus.com\/index.php?rest_route=%2Fwp%2Fv2%2Fproduct_cat&post=3691"},{"taxonomy":"product_tag","embeddable":true,"href":"https:\/\/acuariosupremus.com\/index.php?rest_route=%2Fwp%2Fv2%2Fproduct_tag&post=3691"}],"curies":[{"name":"wp","href":"https:\/\/api.w.org\/{rel}","templated":true}]}}