{"id":3694,"date":"2022-02-26T13:53:35","date_gmt":"2022-02-26T19:53:35","guid":{"rendered":"https:\/\/acuariosupremus.com\/?post_type=product&#038;p=3694"},"modified":"2026-01-19T18:24:35","modified_gmt":"2026-01-20T00:24:35","slug":"jabon-antiseptico-125-ml","status":"publish","type":"product","link":"https:\/\/acuariosupremus.com\/?product=jabon-antiseptico-125-ml","title":{"rendered":"MS JAB\u00d3N ANTIS\u00c9PTICO 125 ML."},"content":{"rendered":"<p>Instrucciones:<br \/>\nDosificaci\u00f3n y modo de empleo: Lave con agua y roc\u00ede de 2 a 4 aspersiones el jab\u00f3n antis\u00e9ptico directamente sobre la herida, separando y deje actuar por un minuto. Frote suavemente con una gasa limpia hasta formar espuma y permita que act\u00fae otro minuto. Enjuague con abundante agua y posteriormente seque la zona afectada. Mantenga la herida sin cubrir, evitando que la mascota pueda lamerla. Repita estos pasos por lo menos una vez al d\u00eda hasta que la herida cicatrice. Emplearse en perros, gatos y peque\u00f1os mam\u00edferos mayores de 12 semanas.<br \/>\nRecomendaciones:<br \/>\nPrecauciones y advertencias: MANT\u00e9NGASE FUERA DEL ALCANCE DE LOS NI\u00f1OS Y MASCOTAS. Este producto es un coadyuvante, no sustituye ning\u00fan tratamiento indicado por el M\u00e9dico Veterinario. Para uso externo \u00fanicamente. Evite el contacto con los ojos de la mascota, si esto ocurre enjuague con abundante agua durante 15 minutos. Conserve el producto en un lugar fresco, protegido de la luz. No se administre en mascotas con hipersensibilidad a los componentes de la f\u00f3rmula. Su venta no requiere receta m\u00e9dica. Consulte al M\u00e9dico Veterinario.<br \/>\nIngredientes:<br \/>\nFo\u00b4rmula:<br \/>\nCada 100 ml. contienen:<br \/>\nDigluconato de clorhexidina mi\u00b4nimo 2 g Tensoactivos<br \/>\nVehi\u00b4culo c.b.p. 100%<br \/>\nContenido:<br \/>\n<strong>125 ML<\/strong><\/p>\n","protected":false},"excerpt":{"rendered":"<p>Fancy Pets Medical Solutions Jab\u00f3n Antis\u00e9ptico para heridas es un auxiliar en el tratamiento de heridas de perros, gatos y peque\u00f1os mam\u00edferos. Previene y reduce significativamente las infecciones en la zona afectada, dejando una piel suave y limpia. No contiene fragancia.<\/p>\n","protected":false},"featured_media":3695,"template":"","meta":[],"product_brand":[108],"product_cat":[30,73,83,39],"product_tag":[320],"class_list":{"0":"post-3694","1":"product","2":"type-product","3":"status-publish","4":"has-post-thumbnail","6":"product_brand-medicalsolutions","7":"product_cat-gatos","8":"product_cat-perros","9":"product_cat-salud-perros","10":"product_cat-salud","11":"product_tag-jabon-antiseptico","13":"first","14":"instock","15":"sale","16":"shipping-taxable","17":"purchasable","18":"product-type-simple"},"yoast_head":"<!-- This site is optimized with the Yoast SEO plugin v27.4 - https:\/\/yoast.com\/product\/yoast-seo-wordpress\/ -->\n<title>MS JAB\u00d3N ANTIS\u00c9PTICO 125 ML. | Acuario Supremus<\/title>\n<meta name=\"description\" content=\"Jab\u00f3n Antis\u00e9ptico para heridas es un auxiliar en el tratamiento de heridas de perros, gatos y peque\u00f1os mam\u00edferos. No contiene fragancia.\" \/>\n<meta name=\"robots\" content=\"index, follow, max-snippet:-1, max-image-preview:large, max-video-preview:-1\" \/>\n<link rel=\"canonical\" href=\"https:\/\/acuariosupremus.com\/?product=jabon-antiseptico-125-ml\" \/>\n<meta property=\"og:locale\" content=\"es_MX\" \/>\n<meta property=\"og:type\" content=\"article\" \/>\n<meta property=\"og:title\" content=\"MS JAB\u00d3N ANTIS\u00c9PTICO 125 ML. | Acuario Supremus\" \/>\n<meta property=\"og:description\" content=\"Jab\u00f3n Antis\u00e9ptico para heridas es un auxiliar en el tratamiento de heridas de perros, gatos y peque\u00f1os mam\u00edferos. No contiene fragancia.\" \/>\n<meta property=\"og:url\" content=\"https:\/\/acuariosupremus.com\/?product=jabon-antiseptico-125-ml\" \/>\n<meta property=\"og:site_name\" content=\"Acuario Supremus\" \/>\n<meta property=\"article:publisher\" content=\"https:\/\/www.facebook.com\/AcuarioSupremus\" \/>\n<meta property=\"article:modified_time\" content=\"2026-01-20T00:24:35+00:00\" \/>\n<meta property=\"og:image\" content=\"https:\/\/acuariosupremus.com\/wp-content\/uploads\/2022\/02\/FL3934.jpg\" \/>\n\t<meta property=\"og:image:width\" content=\"1000\" \/>\n\t<meta property=\"og:image:height\" content=\"1000\" \/>\n\t<meta property=\"og:image:type\" content=\"image\/jpeg\" \/>\n<meta name=\"twitter:card\" content=\"summary_large_image\" \/>\n<meta name=\"twitter:site\" content=\"@AcuarioSupremus\" \/>\n<meta name=\"twitter:label1\" content=\"Tiempo de lectura\" \/>\n\t<meta name=\"twitter:data1\" content=\"1 minuto\" \/>\n<script type=\"application\/ld+json\" class=\"yoast-schema-graph\">{\"@context\":\"https:\\\/\\\/schema.org\",\"@graph\":[{\"@type\":\"WebPage\",\"@id\":\"https:\\\/\\\/acuariosupremus.com\\\/?product=jabon-antiseptico-125-ml\",\"url\":\"https:\\\/\\\/acuariosupremus.com\\\/?product=jabon-antiseptico-125-ml\",\"name\":\"MS JAB\u00d3N ANTIS\u00c9PTICO 125 ML. | Acuario Supremus\",\"isPartOf\":{\"@id\":\"https:\\\/\\\/acuariosupremus.com\\\/#website\"},\"primaryImageOfPage\":{\"@id\":\"https:\\\/\\\/acuariosupremus.com\\\/?product=jabon-antiseptico-125-ml#primaryimage\"},\"image\":{\"@id\":\"https:\\\/\\\/acuariosupremus.com\\\/?product=jabon-antiseptico-125-ml#primaryimage\"},\"thumbnailUrl\":\"https:\\\/\\\/acuariosupremus.com\\\/wp-content\\\/uploads\\\/2022\\\/02\\\/FL3934.jpg\",\"datePublished\":\"2022-02-26T19:53:35+00:00\",\"dateModified\":\"2026-01-20T00:24:35+00:00\",\"description\":\"Jab\u00f3n Antis\u00e9ptico para heridas es un auxiliar en el tratamiento de heridas de perros, gatos y peque\u00f1os mam\u00edferos. No contiene fragancia.\",\"breadcrumb\":{\"@id\":\"https:\\\/\\\/acuariosupremus.com\\\/?product=jabon-antiseptico-125-ml#breadcrumb\"},\"inLanguage\":\"es\",\"potentialAction\":[{\"@type\":\"ReadAction\",\"target\":[\"https:\\\/\\\/acuariosupremus.com\\\/?product=jabon-antiseptico-125-ml\"]}]},{\"@type\":\"ImageObject\",\"inLanguage\":\"es\",\"@id\":\"https:\\\/\\\/acuariosupremus.com\\\/?product=jabon-antiseptico-125-ml#primaryimage\",\"url\":\"https:\\\/\\\/acuariosupremus.com\\\/wp-content\\\/uploads\\\/2022\\\/02\\\/FL3934.jpg\",\"contentUrl\":\"https:\\\/\\\/acuariosupremus.com\\\/wp-content\\\/uploads\\\/2022\\\/02\\\/FL3934.jpg\",\"width\":1000,\"height\":1000},{\"@type\":\"BreadcrumbList\",\"@id\":\"https:\\\/\\\/acuariosupremus.com\\\/?product=jabon-antiseptico-125-ml#breadcrumb\",\"itemListElement\":[{\"@type\":\"ListItem\",\"position\":1,\"name\":\"Portada\",\"item\":\"https:\\\/\\\/acuariosupremus.com\\\/\"},{\"@type\":\"ListItem\",\"position\":2,\"name\":\"Tienda\",\"item\":\"https:\\\/\\\/acuariosupremus.com\\\/tienda\\\/\"},{\"@type\":\"ListItem\",\"position\":3,\"name\":\"MS JAB\u00d3N ANTIS\u00c9PTICO 125 ML.\"}]},{\"@type\":\"WebSite\",\"@id\":\"https:\\\/\\\/acuariosupremus.com\\\/#website\",\"url\":\"https:\\\/\\\/acuariosupremus.com\\\/\",\"name\":\"Acuario Supremus\",\"description\":\"Peces, Peceras y Mascotas.\",\"publisher\":{\"@id\":\"https:\\\/\\\/acuariosupremus.com\\\/#organization\"},\"potentialAction\":[{\"@type\":\"SearchAction\",\"target\":{\"@type\":\"EntryPoint\",\"urlTemplate\":\"https:\\\/\\\/acuariosupremus.com\\\/?s={search_term_string}\"},\"query-input\":{\"@type\":\"PropertyValueSpecification\",\"valueRequired\":true,\"valueName\":\"search_term_string\"}}],\"inLanguage\":\"es\"},{\"@type\":\"Organization\",\"@id\":\"https:\\\/\\\/acuariosupremus.com\\\/#organization\",\"name\":\"Acuario Supremus\",\"url\":\"https:\\\/\\\/acuariosupremus.com\\\/\",\"logo\":{\"@type\":\"ImageObject\",\"inLanguage\":\"es\",\"@id\":\"https:\\\/\\\/acuariosupremus.com\\\/#\\\/schema\\\/logo\\\/image\\\/\",\"url\":\"https:\\\/\\\/acuariosupremus.com\\\/wp-content\\\/uploads\\\/2021\\\/12\\\/cropped-logo_acuario_supremus_fn-2.png\",\"contentUrl\":\"https:\\\/\\\/acuariosupremus.com\\\/wp-content\\\/uploads\\\/2021\\\/12\\\/cropped-logo_acuario_supremus_fn-2.png\",\"width\":1000,\"height\":318,\"caption\":\"Acuario Supremus\"},\"image\":{\"@id\":\"https:\\\/\\\/acuariosupremus.com\\\/#\\\/schema\\\/logo\\\/image\\\/\"},\"sameAs\":[\"https:\\\/\\\/www.facebook.com\\\/AcuarioSupremus\",\"https:\\\/\\\/x.com\\\/AcuarioSupremus\",\"https:\\\/\\\/www.instagram.com\\\/acuariosupremus\\\/?hl=es\"]}]}<\/script>\n<!-- \/ Yoast SEO plugin. -->","yoast_head_json":{"title":"MS JAB\u00d3N ANTIS\u00c9PTICO 125 ML. | Acuario Supremus","description":"Jab\u00f3n Antis\u00e9ptico para heridas es un auxiliar en el tratamiento de heridas de perros, gatos y peque\u00f1os mam\u00edferos. No contiene fragancia.","robots":{"index":"index","follow":"follow","max-snippet":"max-snippet:-1","max-image-preview":"max-image-preview:large","max-video-preview":"max-video-preview:-1"},"canonical":"https:\/\/acuariosupremus.com\/?product=jabon-antiseptico-125-ml","og_locale":"es_MX","og_type":"article","og_title":"MS JAB\u00d3N ANTIS\u00c9PTICO 125 ML. | Acuario Supremus","og_description":"Jab\u00f3n Antis\u00e9ptico para heridas es un auxiliar en el tratamiento de heridas de perros, gatos y peque\u00f1os mam\u00edferos. No contiene fragancia.","og_url":"https:\/\/acuariosupremus.com\/?product=jabon-antiseptico-125-ml","og_site_name":"Acuario Supremus","article_publisher":"https:\/\/www.facebook.com\/AcuarioSupremus","article_modified_time":"2026-01-20T00:24:35+00:00","og_image":[{"width":1000,"height":1000,"url":"https:\/\/acuariosupremus.com\/wp-content\/uploads\/2022\/02\/FL3934.jpg","type":"image\/jpeg"}],"twitter_card":"summary_large_image","twitter_site":"@AcuarioSupremus","twitter_misc":{"Tiempo de lectura":"1 minuto"},"schema":{"@context":"https:\/\/schema.org","@graph":[{"@type":"WebPage","@id":"https:\/\/acuariosupremus.com\/?product=jabon-antiseptico-125-ml","url":"https:\/\/acuariosupremus.com\/?product=jabon-antiseptico-125-ml","name":"MS JAB\u00d3N ANTIS\u00c9PTICO 125 ML. | Acuario Supremus","isPartOf":{"@id":"https:\/\/acuariosupremus.com\/#website"},"primaryImageOfPage":{"@id":"https:\/\/acuariosupremus.com\/?product=jabon-antiseptico-125-ml#primaryimage"},"image":{"@id":"https:\/\/acuariosupremus.com\/?product=jabon-antiseptico-125-ml#primaryimage"},"thumbnailUrl":"https:\/\/acuariosupremus.com\/wp-content\/uploads\/2022\/02\/FL3934.jpg","datePublished":"2022-02-26T19:53:35+00:00","dateModified":"2026-01-20T00:24:35+00:00","description":"Jab\u00f3n Antis\u00e9ptico para heridas es un auxiliar en el tratamiento de heridas de perros, gatos y peque\u00f1os mam\u00edferos. No contiene fragancia.","breadcrumb":{"@id":"https:\/\/acuariosupremus.com\/?product=jabon-antiseptico-125-ml#breadcrumb"},"inLanguage":"es","potentialAction":[{"@type":"ReadAction","target":["https:\/\/acuariosupremus.com\/?product=jabon-antiseptico-125-ml"]}]},{"@type":"ImageObject","inLanguage":"es","@id":"https:\/\/acuariosupremus.com\/?product=jabon-antiseptico-125-ml#primaryimage","url":"https:\/\/acuariosupremus.com\/wp-content\/uploads\/2022\/02\/FL3934.jpg","contentUrl":"https:\/\/acuariosupremus.com\/wp-content\/uploads\/2022\/02\/FL3934.jpg","width":1000,"height":1000},{"@type":"BreadcrumbList","@id":"https:\/\/acuariosupremus.com\/?product=jabon-antiseptico-125-ml#breadcrumb","itemListElement":[{"@type":"ListItem","position":1,"name":"Portada","item":"https:\/\/acuariosupremus.com\/"},{"@type":"ListItem","position":2,"name":"Tienda","item":"https:\/\/acuariosupremus.com\/tienda\/"},{"@type":"ListItem","position":3,"name":"MS JAB\u00d3N ANTIS\u00c9PTICO 125 ML."}]},{"@type":"WebSite","@id":"https:\/\/acuariosupremus.com\/#website","url":"https:\/\/acuariosupremus.com\/","name":"Acuario Supremus","description":"Peces, Peceras y Mascotas.","publisher":{"@id":"https:\/\/acuariosupremus.com\/#organization"},"potentialAction":[{"@type":"SearchAction","target":{"@type":"EntryPoint","urlTemplate":"https:\/\/acuariosupremus.com\/?s={search_term_string}"},"query-input":{"@type":"PropertyValueSpecification","valueRequired":true,"valueName":"search_term_string"}}],"inLanguage":"es"},{"@type":"Organization","@id":"https:\/\/acuariosupremus.com\/#organization","name":"Acuario Supremus","url":"https:\/\/acuariosupremus.com\/","logo":{"@type":"ImageObject","inLanguage":"es","@id":"https:\/\/acuariosupremus.com\/#\/schema\/logo\/image\/","url":"https:\/\/acuariosupremus.com\/wp-content\/uploads\/2021\/12\/cropped-logo_acuario_supremus_fn-2.png","contentUrl":"https:\/\/acuariosupremus.com\/wp-content\/uploads\/2021\/12\/cropped-logo_acuario_supremus_fn-2.png","width":1000,"height":318,"caption":"Acuario Supremus"},"image":{"@id":"https:\/\/acuariosupremus.com\/#\/schema\/logo\/image\/"},"sameAs":["https:\/\/www.facebook.com\/AcuarioSupremus","https:\/\/x.com\/AcuarioSupremus","https:\/\/www.instagram.com\/acuariosupremus\/?hl=es"]}]}},"jetpack_sharing_enabled":true,"_links":{"self":[{"href":"https:\/\/acuariosupremus.com\/index.php?rest_route=\/wp\/v2\/product\/3694","targetHints":{"allow":["GET"]}}],"collection":[{"href":"https:\/\/acuariosupremus.com\/index.php?rest_route=\/wp\/v2\/product"}],"about":[{"href":"https:\/\/acuariosupremus.com\/index.php?rest_route=\/wp\/v2\/types\/product"}],"wp:featuredmedia":[{"embeddable":true,"href":"https:\/\/acuariosupremus.com\/index.php?rest_route=\/wp\/v2\/media\/3695"}],"wp:attachment":[{"href":"https:\/\/acuariosupremus.com\/index.php?rest_route=%2Fwp%2Fv2%2Fmedia&parent=3694"}],"wp:term":[{"taxonomy":"product_brand","embeddable":true,"href":"https:\/\/acuariosupremus.com\/index.php?rest_route=%2Fwp%2Fv2%2Fproduct_brand&post=3694"},{"taxonomy":"product_cat","embeddable":true,"href":"https:\/\/acuariosupremus.com\/index.php?rest_route=%2Fwp%2Fv2%2Fproduct_cat&post=3694"},{"taxonomy":"product_tag","embeddable":true,"href":"https:\/\/acuariosupremus.com\/index.php?rest_route=%2Fwp%2Fv2%2Fproduct_tag&post=3694"}],"curies":[{"name":"wp","href":"https:\/\/api.w.org\/{rel}","templated":true}]}}