{"id":3697,"date":"2022-02-26T13:59:44","date_gmt":"2022-02-26T19:59:44","guid":{"rendered":"https:\/\/acuariosupremus.com\/?post_type=product&#038;p=3697"},"modified":"2026-01-19T18:25:40","modified_gmt":"2026-01-20T00:25:40","slug":"complete-mobility-senior-para-gatos-60-tab","status":"publish","type":"product","link":"https:\/\/acuariosupremus.com\/?product=complete-mobility-senior-para-gatos-60-tab","title":{"rendered":"COMPLETE MOBILITY SENIOR PARA GATOS &#8211; 60 TAB."},"content":{"rendered":"<p>Instrucciones:<br \/>\nComo auxiliar en la terapia de mantenimiento y como preventivo, ofrezca una tableta diaria. Su exquisito sabor permite ofrecerla sola o mezclada con el alimento. Para facilitar su consumo, fraccione la tableta en cuatro partes.<br \/>\nRecomendaciones:<br \/>\nPrecauciones y advertencias: Este producto es un coadyuvante y no sustituye ning\u00fan tratamiento indicado por el m\u00e9dico veterinario. Contiene un desecante NO INGERIBLE, cons\u00e9rvese dentro del envase. Mantenga el frasco cerrado en un lugar fresco y protegido de la luz. Consulte al m\u00e9dico veterinario.<br \/>\nIngredientes:<br \/>\nCart\u00edlago de tibur\u00f3n como fuente de sulfato de condroitina, cart\u00edlago de tibur\u00f3n como fuente de sulfato de glucosamina, omega 3, vitamina A, vitamina D3, vitamina E, vitamina B2, vitamina B3, vitamina B12, \u00e1cido f\u00f3lico, vitamina B1, vitamina B6, vitamina C, vitamina B5, biotina, arginina, taurina, tript\u00f3fano, metionina, fenilalanina-tirosina, leucina, omega 6, f\u00f3sforo, calcio, potasio, magnesio, cobre, yodo, hierro, manganeso, selenio, zinc, excipiente c.b.p. 100%.<br \/>\nContenido:<br \/>\n<strong>60 TAB<\/strong><\/p>\n","protected":false},"excerpt":{"rendered":"<p>Suplemento multivitam\u00ednico masticable para gatos con condroitina y glucosamina (60 tabletas) Complete Mobility Senior de Medical Solutions es un suplemento formulado para cubrir las necesidades diarias de vitaminas, minerales, amino\u00e1cidos y \u00e1cidos grasos en la dieta de gatos mayores de 10 a\u00f1os, con problemas de movilidad en las articulaciones, convalecientes de una enfermedad o que se encuentran en tratamiento m\u00e9dico. La f\u00f3rmula exacta para sus necesidades le ayudar\u00e1 a mantener las funciones de su cuerpo en buen estado de salud durante el mayor tiempo posible, mejorando su calidad de vida.<\/p>\n","protected":false},"featured_media":3698,"template":"","meta":[],"product_brand":[108],"product_cat":[30,39],"product_tag":[321],"class_list":{"0":"post-3697","1":"product","2":"type-product","3":"status-publish","4":"has-post-thumbnail","6":"product_brand-medicalsolutions","7":"product_cat-gatos","8":"product_cat-salud","9":"product_tag-multivitaminico","11":"first","12":"instock","13":"sale","14":"shipping-taxable","15":"purchasable","16":"product-type-simple"},"yoast_head":"<!-- This site is optimized with the Yoast SEO plugin v27.4 - https:\/\/yoast.com\/product\/yoast-seo-wordpress\/ -->\n<title>COMPLETE MOBILITY SENIOR PARA GATOS - 60 TAB. | Acuario Supremus<\/title>\n<meta name=\"description\" content=\"Suplemento multivitam\u00ednico masticable para gatos adultos de mas 10 a\u00f1os con problemas de movilidad contiene condroitina y glucosamina.\" \/>\n<meta name=\"robots\" content=\"index, follow, max-snippet:-1, max-image-preview:large, max-video-preview:-1\" \/>\n<link rel=\"canonical\" href=\"https:\/\/acuariosupremus.com\/?product=complete-mobility-senior-para-gatos-60-tab\" \/>\n<meta property=\"og:locale\" content=\"es_MX\" \/>\n<meta property=\"og:type\" content=\"article\" \/>\n<meta property=\"og:title\" content=\"COMPLETE MOBILITY SENIOR PARA GATOS - 60 TAB. | Acuario Supremus\" \/>\n<meta property=\"og:description\" content=\"Suplemento multivitam\u00ednico masticable para gatos adultos de mas 10 a\u00f1os con problemas de movilidad contiene condroitina y glucosamina.\" \/>\n<meta property=\"og:url\" content=\"https:\/\/acuariosupremus.com\/?product=complete-mobility-senior-para-gatos-60-tab\" \/>\n<meta property=\"og:site_name\" content=\"Acuario Supremus\" \/>\n<meta property=\"article:publisher\" content=\"https:\/\/www.facebook.com\/AcuarioSupremus\" \/>\n<meta property=\"article:modified_time\" content=\"2026-01-20T00:25:40+00:00\" \/>\n<meta property=\"og:image\" content=\"https:\/\/acuariosupremus.com\/wp-content\/uploads\/2022\/02\/FL3945.jpg\" \/>\n\t<meta property=\"og:image:width\" content=\"1000\" \/>\n\t<meta property=\"og:image:height\" content=\"1000\" \/>\n\t<meta property=\"og:image:type\" content=\"image\/jpeg\" \/>\n<meta name=\"twitter:card\" content=\"summary_large_image\" \/>\n<meta name=\"twitter:site\" content=\"@AcuarioSupremus\" \/>\n<meta name=\"twitter:label1\" content=\"Tiempo de lectura\" \/>\n\t<meta name=\"twitter:data1\" content=\"1 minuto\" \/>\n<script type=\"application\/ld+json\" class=\"yoast-schema-graph\">{\"@context\":\"https:\\\/\\\/schema.org\",\"@graph\":[{\"@type\":\"WebPage\",\"@id\":\"https:\\\/\\\/acuariosupremus.com\\\/?product=complete-mobility-senior-para-gatos-60-tab\",\"url\":\"https:\\\/\\\/acuariosupremus.com\\\/?product=complete-mobility-senior-para-gatos-60-tab\",\"name\":\"COMPLETE MOBILITY SENIOR PARA GATOS - 60 TAB. | Acuario Supremus\",\"isPartOf\":{\"@id\":\"https:\\\/\\\/acuariosupremus.com\\\/#website\"},\"primaryImageOfPage\":{\"@id\":\"https:\\\/\\\/acuariosupremus.com\\\/?product=complete-mobility-senior-para-gatos-60-tab#primaryimage\"},\"image\":{\"@id\":\"https:\\\/\\\/acuariosupremus.com\\\/?product=complete-mobility-senior-para-gatos-60-tab#primaryimage\"},\"thumbnailUrl\":\"https:\\\/\\\/acuariosupremus.com\\\/wp-content\\\/uploads\\\/2022\\\/02\\\/FL3945.jpg\",\"datePublished\":\"2022-02-26T19:59:44+00:00\",\"dateModified\":\"2026-01-20T00:25:40+00:00\",\"description\":\"Suplemento multivitam\u00ednico masticable para gatos adultos de mas 10 a\u00f1os con problemas de movilidad contiene condroitina y glucosamina.\",\"breadcrumb\":{\"@id\":\"https:\\\/\\\/acuariosupremus.com\\\/?product=complete-mobility-senior-para-gatos-60-tab#breadcrumb\"},\"inLanguage\":\"es\",\"potentialAction\":[{\"@type\":\"ReadAction\",\"target\":[\"https:\\\/\\\/acuariosupremus.com\\\/?product=complete-mobility-senior-para-gatos-60-tab\"]}]},{\"@type\":\"ImageObject\",\"inLanguage\":\"es\",\"@id\":\"https:\\\/\\\/acuariosupremus.com\\\/?product=complete-mobility-senior-para-gatos-60-tab#primaryimage\",\"url\":\"https:\\\/\\\/acuariosupremus.com\\\/wp-content\\\/uploads\\\/2022\\\/02\\\/FL3945.jpg\",\"contentUrl\":\"https:\\\/\\\/acuariosupremus.com\\\/wp-content\\\/uploads\\\/2022\\\/02\\\/FL3945.jpg\",\"width\":1000,\"height\":1000},{\"@type\":\"BreadcrumbList\",\"@id\":\"https:\\\/\\\/acuariosupremus.com\\\/?product=complete-mobility-senior-para-gatos-60-tab#breadcrumb\",\"itemListElement\":[{\"@type\":\"ListItem\",\"position\":1,\"name\":\"Portada\",\"item\":\"https:\\\/\\\/acuariosupremus.com\\\/\"},{\"@type\":\"ListItem\",\"position\":2,\"name\":\"Tienda\",\"item\":\"https:\\\/\\\/acuariosupremus.com\\\/tienda\\\/\"},{\"@type\":\"ListItem\",\"position\":3,\"name\":\"COMPLETE MOBILITY SENIOR PARA GATOS &#8211; 60 TAB.\"}]},{\"@type\":\"WebSite\",\"@id\":\"https:\\\/\\\/acuariosupremus.com\\\/#website\",\"url\":\"https:\\\/\\\/acuariosupremus.com\\\/\",\"name\":\"Acuario Supremus\",\"description\":\"Peces, Peceras y Mascotas.\",\"publisher\":{\"@id\":\"https:\\\/\\\/acuariosupremus.com\\\/#organization\"},\"potentialAction\":[{\"@type\":\"SearchAction\",\"target\":{\"@type\":\"EntryPoint\",\"urlTemplate\":\"https:\\\/\\\/acuariosupremus.com\\\/?s={search_term_string}\"},\"query-input\":{\"@type\":\"PropertyValueSpecification\",\"valueRequired\":true,\"valueName\":\"search_term_string\"}}],\"inLanguage\":\"es\"},{\"@type\":\"Organization\",\"@id\":\"https:\\\/\\\/acuariosupremus.com\\\/#organization\",\"name\":\"Acuario Supremus\",\"url\":\"https:\\\/\\\/acuariosupremus.com\\\/\",\"logo\":{\"@type\":\"ImageObject\",\"inLanguage\":\"es\",\"@id\":\"https:\\\/\\\/acuariosupremus.com\\\/#\\\/schema\\\/logo\\\/image\\\/\",\"url\":\"https:\\\/\\\/acuariosupremus.com\\\/wp-content\\\/uploads\\\/2021\\\/12\\\/cropped-logo_acuario_supremus_fn-2.png\",\"contentUrl\":\"https:\\\/\\\/acuariosupremus.com\\\/wp-content\\\/uploads\\\/2021\\\/12\\\/cropped-logo_acuario_supremus_fn-2.png\",\"width\":1000,\"height\":318,\"caption\":\"Acuario Supremus\"},\"image\":{\"@id\":\"https:\\\/\\\/acuariosupremus.com\\\/#\\\/schema\\\/logo\\\/image\\\/\"},\"sameAs\":[\"https:\\\/\\\/www.facebook.com\\\/AcuarioSupremus\",\"https:\\\/\\\/x.com\\\/AcuarioSupremus\",\"https:\\\/\\\/www.instagram.com\\\/acuariosupremus\\\/?hl=es\"]}]}<\/script>\n<!-- \/ Yoast SEO plugin. -->","yoast_head_json":{"title":"COMPLETE MOBILITY SENIOR PARA GATOS - 60 TAB. | Acuario Supremus","description":"Suplemento multivitam\u00ednico masticable para gatos adultos de mas 10 a\u00f1os con problemas de movilidad contiene condroitina y glucosamina.","robots":{"index":"index","follow":"follow","max-snippet":"max-snippet:-1","max-image-preview":"max-image-preview:large","max-video-preview":"max-video-preview:-1"},"canonical":"https:\/\/acuariosupremus.com\/?product=complete-mobility-senior-para-gatos-60-tab","og_locale":"es_MX","og_type":"article","og_title":"COMPLETE MOBILITY SENIOR PARA GATOS - 60 TAB. | Acuario Supremus","og_description":"Suplemento multivitam\u00ednico masticable para gatos adultos de mas 10 a\u00f1os con problemas de movilidad contiene condroitina y glucosamina.","og_url":"https:\/\/acuariosupremus.com\/?product=complete-mobility-senior-para-gatos-60-tab","og_site_name":"Acuario Supremus","article_publisher":"https:\/\/www.facebook.com\/AcuarioSupremus","article_modified_time":"2026-01-20T00:25:40+00:00","og_image":[{"width":1000,"height":1000,"url":"https:\/\/acuariosupremus.com\/wp-content\/uploads\/2022\/02\/FL3945.jpg","type":"image\/jpeg"}],"twitter_card":"summary_large_image","twitter_site":"@AcuarioSupremus","twitter_misc":{"Tiempo de lectura":"1 minuto"},"schema":{"@context":"https:\/\/schema.org","@graph":[{"@type":"WebPage","@id":"https:\/\/acuariosupremus.com\/?product=complete-mobility-senior-para-gatos-60-tab","url":"https:\/\/acuariosupremus.com\/?product=complete-mobility-senior-para-gatos-60-tab","name":"COMPLETE MOBILITY SENIOR PARA GATOS - 60 TAB. | Acuario Supremus","isPartOf":{"@id":"https:\/\/acuariosupremus.com\/#website"},"primaryImageOfPage":{"@id":"https:\/\/acuariosupremus.com\/?product=complete-mobility-senior-para-gatos-60-tab#primaryimage"},"image":{"@id":"https:\/\/acuariosupremus.com\/?product=complete-mobility-senior-para-gatos-60-tab#primaryimage"},"thumbnailUrl":"https:\/\/acuariosupremus.com\/wp-content\/uploads\/2022\/02\/FL3945.jpg","datePublished":"2022-02-26T19:59:44+00:00","dateModified":"2026-01-20T00:25:40+00:00","description":"Suplemento multivitam\u00ednico masticable para gatos adultos de mas 10 a\u00f1os con problemas de movilidad contiene condroitina y glucosamina.","breadcrumb":{"@id":"https:\/\/acuariosupremus.com\/?product=complete-mobility-senior-para-gatos-60-tab#breadcrumb"},"inLanguage":"es","potentialAction":[{"@type":"ReadAction","target":["https:\/\/acuariosupremus.com\/?product=complete-mobility-senior-para-gatos-60-tab"]}]},{"@type":"ImageObject","inLanguage":"es","@id":"https:\/\/acuariosupremus.com\/?product=complete-mobility-senior-para-gatos-60-tab#primaryimage","url":"https:\/\/acuariosupremus.com\/wp-content\/uploads\/2022\/02\/FL3945.jpg","contentUrl":"https:\/\/acuariosupremus.com\/wp-content\/uploads\/2022\/02\/FL3945.jpg","width":1000,"height":1000},{"@type":"BreadcrumbList","@id":"https:\/\/acuariosupremus.com\/?product=complete-mobility-senior-para-gatos-60-tab#breadcrumb","itemListElement":[{"@type":"ListItem","position":1,"name":"Portada","item":"https:\/\/acuariosupremus.com\/"},{"@type":"ListItem","position":2,"name":"Tienda","item":"https:\/\/acuariosupremus.com\/tienda\/"},{"@type":"ListItem","position":3,"name":"COMPLETE MOBILITY SENIOR PARA GATOS &#8211; 60 TAB."}]},{"@type":"WebSite","@id":"https:\/\/acuariosupremus.com\/#website","url":"https:\/\/acuariosupremus.com\/","name":"Acuario Supremus","description":"Peces, Peceras y Mascotas.","publisher":{"@id":"https:\/\/acuariosupremus.com\/#organization"},"potentialAction":[{"@type":"SearchAction","target":{"@type":"EntryPoint","urlTemplate":"https:\/\/acuariosupremus.com\/?s={search_term_string}"},"query-input":{"@type":"PropertyValueSpecification","valueRequired":true,"valueName":"search_term_string"}}],"inLanguage":"es"},{"@type":"Organization","@id":"https:\/\/acuariosupremus.com\/#organization","name":"Acuario Supremus","url":"https:\/\/acuariosupremus.com\/","logo":{"@type":"ImageObject","inLanguage":"es","@id":"https:\/\/acuariosupremus.com\/#\/schema\/logo\/image\/","url":"https:\/\/acuariosupremus.com\/wp-content\/uploads\/2021\/12\/cropped-logo_acuario_supremus_fn-2.png","contentUrl":"https:\/\/acuariosupremus.com\/wp-content\/uploads\/2021\/12\/cropped-logo_acuario_supremus_fn-2.png","width":1000,"height":318,"caption":"Acuario Supremus"},"image":{"@id":"https:\/\/acuariosupremus.com\/#\/schema\/logo\/image\/"},"sameAs":["https:\/\/www.facebook.com\/AcuarioSupremus","https:\/\/x.com\/AcuarioSupremus","https:\/\/www.instagram.com\/acuariosupremus\/?hl=es"]}]}},"jetpack_sharing_enabled":true,"_links":{"self":[{"href":"https:\/\/acuariosupremus.com\/index.php?rest_route=\/wp\/v2\/product\/3697","targetHints":{"allow":["GET"]}}],"collection":[{"href":"https:\/\/acuariosupremus.com\/index.php?rest_route=\/wp\/v2\/product"}],"about":[{"href":"https:\/\/acuariosupremus.com\/index.php?rest_route=\/wp\/v2\/types\/product"}],"wp:featuredmedia":[{"embeddable":true,"href":"https:\/\/acuariosupremus.com\/index.php?rest_route=\/wp\/v2\/media\/3698"}],"wp:attachment":[{"href":"https:\/\/acuariosupremus.com\/index.php?rest_route=%2Fwp%2Fv2%2Fmedia&parent=3697"}],"wp:term":[{"taxonomy":"product_brand","embeddable":true,"href":"https:\/\/acuariosupremus.com\/index.php?rest_route=%2Fwp%2Fv2%2Fproduct_brand&post=3697"},{"taxonomy":"product_cat","embeddable":true,"href":"https:\/\/acuariosupremus.com\/index.php?rest_route=%2Fwp%2Fv2%2Fproduct_cat&post=3697"},{"taxonomy":"product_tag","embeddable":true,"href":"https:\/\/acuariosupremus.com\/index.php?rest_route=%2Fwp%2Fv2%2Fproduct_tag&post=3697"}],"curies":[{"name":"wp","href":"https:\/\/api.w.org\/{rel}","templated":true}]}}