{"id":3760,"date":"2022-02-27T15:13:51","date_gmt":"2022-02-27T21:13:51","guid":{"rendered":"https:\/\/acuariosupremus.com\/?post_type=product&#038;p=3760"},"modified":"2026-01-21T14:54:35","modified_gmt":"2026-01-21T20:54:35","slug":"toalla-sanitaria-gde-20-pz","status":"publish","type":"product","link":"https:\/\/acuariosupremus.com\/?product=toalla-sanitaria-gde-20-pz","title":{"rendered":"TOALLA SANITARIA GDE &#8211; 20 PZ."},"content":{"rendered":"<p>Instrucciones:<br \/>\n&#8211; Remueva la pel\u00edcula protectora para exponer el pegamento.<br \/>\nRecomendaciones:<br \/>\nLas perritas en celo pueden quedar pre\u00f1adas. Para evitar gestaciones no deseadas, no permita que la perrita entre en contacto con perros machos y consulte al especialista sobre alternativas para evitar la pre\u00f1ez. Si llegara a tener cachorros producto de una gestaci\u00f3n no deseada, contacte al veterinario o refugios para que le ayuden a encontrar una soluci\u00f3n. Si desea que su perrita quede pre\u00f1ada, consulte al m\u00e9dico veterinario para que le asesore sobre los d\u00edas \u00f3ptimos de cruza. Es importante que anote la fecha del primer celo, as\u00ed como todos los sucesivos para poder monitorear la duraci\u00f3n y el intervalo de los celos.<br \/>\nAlgunos comportamientos de las perritas tienen a cambiar durante el celo. Algunas enfermedades se pueden confundir con el celo. Consulte al especialista cuando note que la perra comienza el sangrado.<br \/>\nContenido:<br \/>\n20 piezas.<\/p>\n","protected":false},"excerpt":{"rendered":"<p>&#8211; Suaves y ultra absorbentes.<br \/>\n&#8211; Evita que el sangrado del celo manche tapices y muebles.<br \/>\n&#8211; Pueden usarse con calzones sanitarios de cualquier marca.<\/p>\n","protected":false},"featured_media":3761,"template":"","meta":[],"product_brand":[106],"product_cat":[73,74],"product_tag":[337,338],"class_list":{"0":"post-3760","1":"product","2":"type-product","3":"status-publish","4":"has-post-thumbnail","6":"product_brand-fancypets","7":"product_cat-perros","8":"product_cat-belleza-e-higiene-perros","9":"product_tag-calzon-sanitario-hembras","10":"product_tag-toalla-sanitaria","12":"first","13":"instock","14":"sale","15":"shipping-taxable","16":"purchasable","17":"product-type-simple"},"yoast_head":"<!-- This site is optimized with the Yoast SEO plugin v27.4 - https:\/\/yoast.com\/product\/yoast-seo-wordpress\/ -->\n<title>TOALLA SANITARIA GDE - 20 PZ. | Acuario Supremus<\/title>\n<meta name=\"description\" content=\"Toalla Sanitaria Grande 20 pzs, Suaves y ultra absorbentes.Evita que el sangrado del celo manche, Pueden usarse con calzones sanitarios de cualquier marca.\" \/>\n<meta name=\"robots\" content=\"index, follow, max-snippet:-1, max-image-preview:large, max-video-preview:-1\" \/>\n<link rel=\"canonical\" href=\"https:\/\/acuariosupremus.com\/?product=toalla-sanitaria-gde-20-pz\" \/>\n<meta property=\"og:locale\" content=\"es_MX\" \/>\n<meta property=\"og:type\" content=\"article\" \/>\n<meta property=\"og:title\" content=\"TOALLA SANITARIA GDE - 20 PZ. | Acuario Supremus\" \/>\n<meta property=\"og:description\" content=\"Toalla Sanitaria Grande 20 pzs, Suaves y ultra absorbentes.Evita que el sangrado del celo manche, Pueden usarse con calzones sanitarios de cualquier marca.\" \/>\n<meta property=\"og:url\" content=\"https:\/\/acuariosupremus.com\/?product=toalla-sanitaria-gde-20-pz\" \/>\n<meta property=\"og:site_name\" content=\"Acuario Supremus\" \/>\n<meta property=\"article:publisher\" content=\"https:\/\/www.facebook.com\/AcuarioSupremus\" \/>\n<meta property=\"article:modified_time\" content=\"2026-01-21T20:54:35+00:00\" \/>\n<meta property=\"og:image\" content=\"https:\/\/acuariosupremus.com\/wp-content\/uploads\/2022\/02\/FL1907.jpg\" \/>\n\t<meta property=\"og:image:width\" content=\"1000\" \/>\n\t<meta property=\"og:image:height\" content=\"1000\" \/>\n\t<meta property=\"og:image:type\" content=\"image\/jpeg\" \/>\n<meta name=\"twitter:card\" content=\"summary_large_image\" \/>\n<meta name=\"twitter:site\" content=\"@AcuarioSupremus\" \/>\n<meta name=\"twitter:label1\" content=\"Tiempo de lectura\" \/>\n\t<meta name=\"twitter:data1\" content=\"1 minuto\" \/>\n<script type=\"application\/ld+json\" class=\"yoast-schema-graph\">{\"@context\":\"https:\\\/\\\/schema.org\",\"@graph\":[{\"@type\":\"WebPage\",\"@id\":\"https:\\\/\\\/acuariosupremus.com\\\/?product=toalla-sanitaria-gde-20-pz\",\"url\":\"https:\\\/\\\/acuariosupremus.com\\\/?product=toalla-sanitaria-gde-20-pz\",\"name\":\"TOALLA SANITARIA GDE - 20 PZ. | Acuario Supremus\",\"isPartOf\":{\"@id\":\"https:\\\/\\\/acuariosupremus.com\\\/#website\"},\"primaryImageOfPage\":{\"@id\":\"https:\\\/\\\/acuariosupremus.com\\\/?product=toalla-sanitaria-gde-20-pz#primaryimage\"},\"image\":{\"@id\":\"https:\\\/\\\/acuariosupremus.com\\\/?product=toalla-sanitaria-gde-20-pz#primaryimage\"},\"thumbnailUrl\":\"https:\\\/\\\/acuariosupremus.com\\\/wp-content\\\/uploads\\\/2022\\\/02\\\/FL1907.jpg\",\"datePublished\":\"2022-02-27T21:13:51+00:00\",\"dateModified\":\"2026-01-21T20:54:35+00:00\",\"description\":\"Toalla Sanitaria Grande 20 pzs, Suaves y ultra absorbentes.Evita que el sangrado del celo manche, Pueden usarse con calzones sanitarios de cualquier marca.\",\"breadcrumb\":{\"@id\":\"https:\\\/\\\/acuariosupremus.com\\\/?product=toalla-sanitaria-gde-20-pz#breadcrumb\"},\"inLanguage\":\"es\",\"potentialAction\":[{\"@type\":\"ReadAction\",\"target\":[\"https:\\\/\\\/acuariosupremus.com\\\/?product=toalla-sanitaria-gde-20-pz\"]}]},{\"@type\":\"ImageObject\",\"inLanguage\":\"es\",\"@id\":\"https:\\\/\\\/acuariosupremus.com\\\/?product=toalla-sanitaria-gde-20-pz#primaryimage\",\"url\":\"https:\\\/\\\/acuariosupremus.com\\\/wp-content\\\/uploads\\\/2022\\\/02\\\/FL1907.jpg\",\"contentUrl\":\"https:\\\/\\\/acuariosupremus.com\\\/wp-content\\\/uploads\\\/2022\\\/02\\\/FL1907.jpg\",\"width\":1000,\"height\":1000},{\"@type\":\"BreadcrumbList\",\"@id\":\"https:\\\/\\\/acuariosupremus.com\\\/?product=toalla-sanitaria-gde-20-pz#breadcrumb\",\"itemListElement\":[{\"@type\":\"ListItem\",\"position\":1,\"name\":\"Portada\",\"item\":\"https:\\\/\\\/acuariosupremus.com\\\/\"},{\"@type\":\"ListItem\",\"position\":2,\"name\":\"Tienda\",\"item\":\"https:\\\/\\\/acuariosupremus.com\\\/tienda\\\/\"},{\"@type\":\"ListItem\",\"position\":3,\"name\":\"TOALLA SANITARIA GDE &#8211; 20 PZ.\"}]},{\"@type\":\"WebSite\",\"@id\":\"https:\\\/\\\/acuariosupremus.com\\\/#website\",\"url\":\"https:\\\/\\\/acuariosupremus.com\\\/\",\"name\":\"Acuario Supremus\",\"description\":\"Peces, Peceras y Mascotas.\",\"publisher\":{\"@id\":\"https:\\\/\\\/acuariosupremus.com\\\/#organization\"},\"potentialAction\":[{\"@type\":\"SearchAction\",\"target\":{\"@type\":\"EntryPoint\",\"urlTemplate\":\"https:\\\/\\\/acuariosupremus.com\\\/?s={search_term_string}\"},\"query-input\":{\"@type\":\"PropertyValueSpecification\",\"valueRequired\":true,\"valueName\":\"search_term_string\"}}],\"inLanguage\":\"es\"},{\"@type\":\"Organization\",\"@id\":\"https:\\\/\\\/acuariosupremus.com\\\/#organization\",\"name\":\"Acuario Supremus\",\"url\":\"https:\\\/\\\/acuariosupremus.com\\\/\",\"logo\":{\"@type\":\"ImageObject\",\"inLanguage\":\"es\",\"@id\":\"https:\\\/\\\/acuariosupremus.com\\\/#\\\/schema\\\/logo\\\/image\\\/\",\"url\":\"https:\\\/\\\/acuariosupremus.com\\\/wp-content\\\/uploads\\\/2021\\\/12\\\/cropped-logo_acuario_supremus_fn-2.png\",\"contentUrl\":\"https:\\\/\\\/acuariosupremus.com\\\/wp-content\\\/uploads\\\/2021\\\/12\\\/cropped-logo_acuario_supremus_fn-2.png\",\"width\":1000,\"height\":318,\"caption\":\"Acuario Supremus\"},\"image\":{\"@id\":\"https:\\\/\\\/acuariosupremus.com\\\/#\\\/schema\\\/logo\\\/image\\\/\"},\"sameAs\":[\"https:\\\/\\\/www.facebook.com\\\/AcuarioSupremus\",\"https:\\\/\\\/x.com\\\/AcuarioSupremus\",\"https:\\\/\\\/www.instagram.com\\\/acuariosupremus\\\/?hl=es\"]}]}<\/script>\n<!-- \/ Yoast SEO plugin. -->","yoast_head_json":{"title":"TOALLA SANITARIA GDE - 20 PZ. | Acuario Supremus","description":"Toalla Sanitaria Grande 20 pzs, Suaves y ultra absorbentes.Evita que el sangrado del celo manche, Pueden usarse con calzones sanitarios de cualquier marca.","robots":{"index":"index","follow":"follow","max-snippet":"max-snippet:-1","max-image-preview":"max-image-preview:large","max-video-preview":"max-video-preview:-1"},"canonical":"https:\/\/acuariosupremus.com\/?product=toalla-sanitaria-gde-20-pz","og_locale":"es_MX","og_type":"article","og_title":"TOALLA SANITARIA GDE - 20 PZ. | Acuario Supremus","og_description":"Toalla Sanitaria Grande 20 pzs, Suaves y ultra absorbentes.Evita que el sangrado del celo manche, Pueden usarse con calzones sanitarios de cualquier marca.","og_url":"https:\/\/acuariosupremus.com\/?product=toalla-sanitaria-gde-20-pz","og_site_name":"Acuario Supremus","article_publisher":"https:\/\/www.facebook.com\/AcuarioSupremus","article_modified_time":"2026-01-21T20:54:35+00:00","og_image":[{"width":1000,"height":1000,"url":"https:\/\/acuariosupremus.com\/wp-content\/uploads\/2022\/02\/FL1907.jpg","type":"image\/jpeg"}],"twitter_card":"summary_large_image","twitter_site":"@AcuarioSupremus","twitter_misc":{"Tiempo de lectura":"1 minuto"},"schema":{"@context":"https:\/\/schema.org","@graph":[{"@type":"WebPage","@id":"https:\/\/acuariosupremus.com\/?product=toalla-sanitaria-gde-20-pz","url":"https:\/\/acuariosupremus.com\/?product=toalla-sanitaria-gde-20-pz","name":"TOALLA SANITARIA GDE - 20 PZ. | Acuario Supremus","isPartOf":{"@id":"https:\/\/acuariosupremus.com\/#website"},"primaryImageOfPage":{"@id":"https:\/\/acuariosupremus.com\/?product=toalla-sanitaria-gde-20-pz#primaryimage"},"image":{"@id":"https:\/\/acuariosupremus.com\/?product=toalla-sanitaria-gde-20-pz#primaryimage"},"thumbnailUrl":"https:\/\/acuariosupremus.com\/wp-content\/uploads\/2022\/02\/FL1907.jpg","datePublished":"2022-02-27T21:13:51+00:00","dateModified":"2026-01-21T20:54:35+00:00","description":"Toalla Sanitaria Grande 20 pzs, Suaves y ultra absorbentes.Evita que el sangrado del celo manche, Pueden usarse con calzones sanitarios de cualquier marca.","breadcrumb":{"@id":"https:\/\/acuariosupremus.com\/?product=toalla-sanitaria-gde-20-pz#breadcrumb"},"inLanguage":"es","potentialAction":[{"@type":"ReadAction","target":["https:\/\/acuariosupremus.com\/?product=toalla-sanitaria-gde-20-pz"]}]},{"@type":"ImageObject","inLanguage":"es","@id":"https:\/\/acuariosupremus.com\/?product=toalla-sanitaria-gde-20-pz#primaryimage","url":"https:\/\/acuariosupremus.com\/wp-content\/uploads\/2022\/02\/FL1907.jpg","contentUrl":"https:\/\/acuariosupremus.com\/wp-content\/uploads\/2022\/02\/FL1907.jpg","width":1000,"height":1000},{"@type":"BreadcrumbList","@id":"https:\/\/acuariosupremus.com\/?product=toalla-sanitaria-gde-20-pz#breadcrumb","itemListElement":[{"@type":"ListItem","position":1,"name":"Portada","item":"https:\/\/acuariosupremus.com\/"},{"@type":"ListItem","position":2,"name":"Tienda","item":"https:\/\/acuariosupremus.com\/tienda\/"},{"@type":"ListItem","position":3,"name":"TOALLA SANITARIA GDE &#8211; 20 PZ."}]},{"@type":"WebSite","@id":"https:\/\/acuariosupremus.com\/#website","url":"https:\/\/acuariosupremus.com\/","name":"Acuario Supremus","description":"Peces, Peceras y Mascotas.","publisher":{"@id":"https:\/\/acuariosupremus.com\/#organization"},"potentialAction":[{"@type":"SearchAction","target":{"@type":"EntryPoint","urlTemplate":"https:\/\/acuariosupremus.com\/?s={search_term_string}"},"query-input":{"@type":"PropertyValueSpecification","valueRequired":true,"valueName":"search_term_string"}}],"inLanguage":"es"},{"@type":"Organization","@id":"https:\/\/acuariosupremus.com\/#organization","name":"Acuario Supremus","url":"https:\/\/acuariosupremus.com\/","logo":{"@type":"ImageObject","inLanguage":"es","@id":"https:\/\/acuariosupremus.com\/#\/schema\/logo\/image\/","url":"https:\/\/acuariosupremus.com\/wp-content\/uploads\/2021\/12\/cropped-logo_acuario_supremus_fn-2.png","contentUrl":"https:\/\/acuariosupremus.com\/wp-content\/uploads\/2021\/12\/cropped-logo_acuario_supremus_fn-2.png","width":1000,"height":318,"caption":"Acuario Supremus"},"image":{"@id":"https:\/\/acuariosupremus.com\/#\/schema\/logo\/image\/"},"sameAs":["https:\/\/www.facebook.com\/AcuarioSupremus","https:\/\/x.com\/AcuarioSupremus","https:\/\/www.instagram.com\/acuariosupremus\/?hl=es"]}]}},"jetpack_sharing_enabled":true,"_links":{"self":[{"href":"https:\/\/acuariosupremus.com\/index.php?rest_route=\/wp\/v2\/product\/3760","targetHints":{"allow":["GET"]}}],"collection":[{"href":"https:\/\/acuariosupremus.com\/index.php?rest_route=\/wp\/v2\/product"}],"about":[{"href":"https:\/\/acuariosupremus.com\/index.php?rest_route=\/wp\/v2\/types\/product"}],"wp:featuredmedia":[{"embeddable":true,"href":"https:\/\/acuariosupremus.com\/index.php?rest_route=\/wp\/v2\/media\/3761"}],"wp:attachment":[{"href":"https:\/\/acuariosupremus.com\/index.php?rest_route=%2Fwp%2Fv2%2Fmedia&parent=3760"}],"wp:term":[{"taxonomy":"product_brand","embeddable":true,"href":"https:\/\/acuariosupremus.com\/index.php?rest_route=%2Fwp%2Fv2%2Fproduct_brand&post=3760"},{"taxonomy":"product_cat","embeddable":true,"href":"https:\/\/acuariosupremus.com\/index.php?rest_route=%2Fwp%2Fv2%2Fproduct_cat&post=3760"},{"taxonomy":"product_tag","embeddable":true,"href":"https:\/\/acuariosupremus.com\/index.php?rest_route=%2Fwp%2Fv2%2Fproduct_tag&post=3760"}],"curies":[{"name":"wp","href":"https:\/\/api.w.org\/{rel}","templated":true}]}}