{"id":3777,"date":"2022-02-27T15:31:57","date_gmt":"2022-02-27T21:31:57","guid":{"rendered":"https:\/\/acuariosupremus.com\/?post_type=product&#038;p=3777"},"modified":"2026-01-21T15:21:48","modified_gmt":"2026-01-21T21:21:48","slug":"panales-gde-para-perro-12-pz","status":"publish","type":"product","link":"https:\/\/acuariosupremus.com\/?product=panales-gde-para-perro-12-pz","title":{"rendered":"PA\u00d1ALES GDE PARA PERRO &#8211; 12 PZ"},"content":{"rendered":"<p>Estos pa\u00f1ales se pueden usar tambi\u00e9n durante el celo de las perras, para que no manchen la casa con gotitas de sangre.<br \/>\nAlgunas personas los utilizan para los cachorros que a\u00fan no controlan su necesidades y para evitar accidentes.<br \/>\nEstos pa\u00f1ales para perros tienen una gruesa capa de material absorbente que evita las filtraciones y ofrece una protecci\u00f3n segura para la mascota. Su capa externa es totalmente transpirable para que el perro pueda mantenerse limpio, seco y fresco.<br \/>\nContiene ingredientes antibacteriales. Los autoadhesivos se pueden pegar y despegar, as\u00ed podr\u00e1 ajustar bien el pa\u00f1al al perro en caso de que se mueva o cuando no lo hemos colocado bien a la primera. Observe que el pa\u00f1al quede bien colocado y el perro pueda sentirse c\u00f3modo y llevar una vida normal.<br \/>\nEl orificio para la cola es muy importante ya que a\u00f1ade un plus de comodidad.<br \/>\nInstrucciones:<br \/>\nAbrir el pa\u00f1al y colocarlo sobre el vientre del perro. Pasar la cola por el orificio y fijar los extremos autoadhesivos. En los<br \/>\nprimeros usos, vigilar al animal para que no se lo quite y confirmar que est\u00e1 bien colocado hasta que el perro se acostumbre a llevarlo puesto.<br \/>\nRevisar peri\u00f3dicamente el pa\u00f1al y cambiarlo por uno limpio cuando sea necesario.<br \/>\nRecomendaciones:<br \/>\nPara perros: Basset hound y Bull terrier. Peso: 35-55 lb. \/ 16-25 kg Medidas : 50-68 cm<br \/>\nContenido:<br \/>\n<strong>12 piezas<\/strong><\/p>\n","protected":false},"excerpt":{"rendered":"<p>Pr\u00e1cticos pa\u00f1ales para usar y tirar, dise\u00f1ados especialmente para el cuerpo de los perros. Son la soluci\u00f3n perfecta para los perros ya viejos o con problemas de incontinencia, as\u00ed ellos no se mojar\u00e1n y no tendr\u00e1s que limpiar a diario.<br \/>\nLa incontinencia urinaria es un problema que, si bien no es tan frecuente, aqueja a los perros en diversas situaciones.<br \/>\nPerros con trastornos en la columna lumbar que afecta la inervaci\u00f3n de la vejiga y provoca la p\u00e9rdida involuntaria de orina.<br \/>\nPerras esterilizadas que desarrollan este problema por una alteraci\u00f3n hormonal.<\/p>\n","protected":false},"featured_media":15702,"template":"","meta":[],"product_brand":[110],"product_cat":[73,74],"product_tag":[339],"class_list":{"0":"post-3777","1":"product","2":"type-product","3":"status-publish","4":"has-post-thumbnail","6":"product_brand-drypet","7":"product_cat-perros","8":"product_cat-belleza-e-higiene-perros","9":"product_tag-panal-perros","11":"first","12":"instock","13":"sale","14":"shipping-taxable","15":"purchasable","16":"product-type-simple"},"yoast_head":"<!-- This site is optimized with the Yoast SEO plugin v27.4 - https:\/\/yoast.com\/product\/yoast-seo-wordpress\/ -->\n<title>PA\u00d1ALES GDE PARA PERRO - 12 PZ | Acuario Supremus<\/title>\n<meta name=\"description\" content=\"Pa\u00f1ales Grandes dise\u00f1ados especialmente para el cuerpo de los perros. Son la soluci\u00f3n perfecta para los perros ya viejos o con problemas de incontinencia,\" \/>\n<meta name=\"robots\" content=\"index, follow, max-snippet:-1, max-image-preview:large, max-video-preview:-1\" \/>\n<link rel=\"canonical\" href=\"https:\/\/acuariosupremus.com\/?product=panales-gde-para-perro-12-pz\" \/>\n<meta property=\"og:locale\" content=\"es_MX\" \/>\n<meta property=\"og:type\" content=\"article\" \/>\n<meta property=\"og:title\" content=\"PA\u00d1ALES GDE PARA PERRO - 12 PZ | Acuario Supremus\" \/>\n<meta property=\"og:description\" content=\"Pa\u00f1ales Grandes dise\u00f1ados especialmente para el cuerpo de los perros. Son la soluci\u00f3n perfecta para los perros ya viejos o con problemas de incontinencia,\" \/>\n<meta property=\"og:url\" content=\"https:\/\/acuariosupremus.com\/?product=panales-gde-para-perro-12-pz\" \/>\n<meta property=\"og:site_name\" content=\"Acuario Supremus\" \/>\n<meta property=\"article:publisher\" content=\"https:\/\/www.facebook.com\/AcuarioSupremus\" \/>\n<meta property=\"article:modified_time\" content=\"2026-01-21T21:21:48+00:00\" \/>\n<meta property=\"og:image\" content=\"https:\/\/acuariosupremus.com\/wp-content\/uploads\/2022\/02\/FL1914_4.jpg\" \/>\n\t<meta property=\"og:image:width\" content=\"600\" \/>\n\t<meta property=\"og:image:height\" content=\"600\" \/>\n\t<meta property=\"og:image:type\" content=\"image\/jpeg\" \/>\n<meta name=\"twitter:card\" content=\"summary_large_image\" \/>\n<meta name=\"twitter:site\" content=\"@AcuarioSupremus\" \/>\n<meta name=\"twitter:label1\" content=\"Tiempo de lectura\" \/>\n\t<meta name=\"twitter:data1\" content=\"2 minutos\" \/>\n<script type=\"application\/ld+json\" class=\"yoast-schema-graph\">{\"@context\":\"https:\\\/\\\/schema.org\",\"@graph\":[{\"@type\":\"WebPage\",\"@id\":\"https:\\\/\\\/acuariosupremus.com\\\/?product=panales-gde-para-perro-12-pz\",\"url\":\"https:\\\/\\\/acuariosupremus.com\\\/?product=panales-gde-para-perro-12-pz\",\"name\":\"PA\u00d1ALES GDE PARA PERRO - 12 PZ | Acuario Supremus\",\"isPartOf\":{\"@id\":\"https:\\\/\\\/acuariosupremus.com\\\/#website\"},\"primaryImageOfPage\":{\"@id\":\"https:\\\/\\\/acuariosupremus.com\\\/?product=panales-gde-para-perro-12-pz#primaryimage\"},\"image\":{\"@id\":\"https:\\\/\\\/acuariosupremus.com\\\/?product=panales-gde-para-perro-12-pz#primaryimage\"},\"thumbnailUrl\":\"https:\\\/\\\/acuariosupremus.com\\\/wp-content\\\/uploads\\\/2022\\\/02\\\/FL1914_4.jpg\",\"datePublished\":\"2022-02-27T21:31:57+00:00\",\"dateModified\":\"2026-01-21T21:21:48+00:00\",\"description\":\"Pa\u00f1ales Grandes dise\u00f1ados especialmente para el cuerpo de los perros. Son la soluci\u00f3n perfecta para los perros ya viejos o con problemas de incontinencia,\",\"breadcrumb\":{\"@id\":\"https:\\\/\\\/acuariosupremus.com\\\/?product=panales-gde-para-perro-12-pz#breadcrumb\"},\"inLanguage\":\"es\",\"potentialAction\":[{\"@type\":\"ReadAction\",\"target\":[\"https:\\\/\\\/acuariosupremus.com\\\/?product=panales-gde-para-perro-12-pz\"]}]},{\"@type\":\"ImageObject\",\"inLanguage\":\"es\",\"@id\":\"https:\\\/\\\/acuariosupremus.com\\\/?product=panales-gde-para-perro-12-pz#primaryimage\",\"url\":\"https:\\\/\\\/acuariosupremus.com\\\/wp-content\\\/uploads\\\/2022\\\/02\\\/FL1914_4.jpg\",\"contentUrl\":\"https:\\\/\\\/acuariosupremus.com\\\/wp-content\\\/uploads\\\/2022\\\/02\\\/FL1914_4.jpg\",\"width\":600,\"height\":600},{\"@type\":\"BreadcrumbList\",\"@id\":\"https:\\\/\\\/acuariosupremus.com\\\/?product=panales-gde-para-perro-12-pz#breadcrumb\",\"itemListElement\":[{\"@type\":\"ListItem\",\"position\":1,\"name\":\"Portada\",\"item\":\"https:\\\/\\\/acuariosupremus.com\\\/\"},{\"@type\":\"ListItem\",\"position\":2,\"name\":\"Tienda\",\"item\":\"https:\\\/\\\/acuariosupremus.com\\\/tienda\\\/\"},{\"@type\":\"ListItem\",\"position\":3,\"name\":\"PA\u00d1ALES GDE PARA PERRO &#8211; 12 PZ\"}]},{\"@type\":\"WebSite\",\"@id\":\"https:\\\/\\\/acuariosupremus.com\\\/#website\",\"url\":\"https:\\\/\\\/acuariosupremus.com\\\/\",\"name\":\"Acuario Supremus\",\"description\":\"Peces, Peceras y Mascotas.\",\"publisher\":{\"@id\":\"https:\\\/\\\/acuariosupremus.com\\\/#organization\"},\"potentialAction\":[{\"@type\":\"SearchAction\",\"target\":{\"@type\":\"EntryPoint\",\"urlTemplate\":\"https:\\\/\\\/acuariosupremus.com\\\/?s={search_term_string}\"},\"query-input\":{\"@type\":\"PropertyValueSpecification\",\"valueRequired\":true,\"valueName\":\"search_term_string\"}}],\"inLanguage\":\"es\"},{\"@type\":\"Organization\",\"@id\":\"https:\\\/\\\/acuariosupremus.com\\\/#organization\",\"name\":\"Acuario Supremus\",\"url\":\"https:\\\/\\\/acuariosupremus.com\\\/\",\"logo\":{\"@type\":\"ImageObject\",\"inLanguage\":\"es\",\"@id\":\"https:\\\/\\\/acuariosupremus.com\\\/#\\\/schema\\\/logo\\\/image\\\/\",\"url\":\"https:\\\/\\\/acuariosupremus.com\\\/wp-content\\\/uploads\\\/2021\\\/12\\\/cropped-logo_acuario_supremus_fn-2.png\",\"contentUrl\":\"https:\\\/\\\/acuariosupremus.com\\\/wp-content\\\/uploads\\\/2021\\\/12\\\/cropped-logo_acuario_supremus_fn-2.png\",\"width\":1000,\"height\":318,\"caption\":\"Acuario Supremus\"},\"image\":{\"@id\":\"https:\\\/\\\/acuariosupremus.com\\\/#\\\/schema\\\/logo\\\/image\\\/\"},\"sameAs\":[\"https:\\\/\\\/www.facebook.com\\\/AcuarioSupremus\",\"https:\\\/\\\/x.com\\\/AcuarioSupremus\",\"https:\\\/\\\/www.instagram.com\\\/acuariosupremus\\\/?hl=es\"]}]}<\/script>\n<!-- \/ Yoast SEO plugin. -->","yoast_head_json":{"title":"PA\u00d1ALES GDE PARA PERRO - 12 PZ | Acuario Supremus","description":"Pa\u00f1ales Grandes dise\u00f1ados especialmente para el cuerpo de los perros. Son la soluci\u00f3n perfecta para los perros ya viejos o con problemas de incontinencia,","robots":{"index":"index","follow":"follow","max-snippet":"max-snippet:-1","max-image-preview":"max-image-preview:large","max-video-preview":"max-video-preview:-1"},"canonical":"https:\/\/acuariosupremus.com\/?product=panales-gde-para-perro-12-pz","og_locale":"es_MX","og_type":"article","og_title":"PA\u00d1ALES GDE PARA PERRO - 12 PZ | Acuario Supremus","og_description":"Pa\u00f1ales Grandes dise\u00f1ados especialmente para el cuerpo de los perros. Son la soluci\u00f3n perfecta para los perros ya viejos o con problemas de incontinencia,","og_url":"https:\/\/acuariosupremus.com\/?product=panales-gde-para-perro-12-pz","og_site_name":"Acuario Supremus","article_publisher":"https:\/\/www.facebook.com\/AcuarioSupremus","article_modified_time":"2026-01-21T21:21:48+00:00","og_image":[{"width":600,"height":600,"url":"https:\/\/acuariosupremus.com\/wp-content\/uploads\/2022\/02\/FL1914_4.jpg","type":"image\/jpeg"}],"twitter_card":"summary_large_image","twitter_site":"@AcuarioSupremus","twitter_misc":{"Tiempo de lectura":"2 minutos"},"schema":{"@context":"https:\/\/schema.org","@graph":[{"@type":"WebPage","@id":"https:\/\/acuariosupremus.com\/?product=panales-gde-para-perro-12-pz","url":"https:\/\/acuariosupremus.com\/?product=panales-gde-para-perro-12-pz","name":"PA\u00d1ALES GDE PARA PERRO - 12 PZ | Acuario Supremus","isPartOf":{"@id":"https:\/\/acuariosupremus.com\/#website"},"primaryImageOfPage":{"@id":"https:\/\/acuariosupremus.com\/?product=panales-gde-para-perro-12-pz#primaryimage"},"image":{"@id":"https:\/\/acuariosupremus.com\/?product=panales-gde-para-perro-12-pz#primaryimage"},"thumbnailUrl":"https:\/\/acuariosupremus.com\/wp-content\/uploads\/2022\/02\/FL1914_4.jpg","datePublished":"2022-02-27T21:31:57+00:00","dateModified":"2026-01-21T21:21:48+00:00","description":"Pa\u00f1ales Grandes dise\u00f1ados especialmente para el cuerpo de los perros. Son la soluci\u00f3n perfecta para los perros ya viejos o con problemas de incontinencia,","breadcrumb":{"@id":"https:\/\/acuariosupremus.com\/?product=panales-gde-para-perro-12-pz#breadcrumb"},"inLanguage":"es","potentialAction":[{"@type":"ReadAction","target":["https:\/\/acuariosupremus.com\/?product=panales-gde-para-perro-12-pz"]}]},{"@type":"ImageObject","inLanguage":"es","@id":"https:\/\/acuariosupremus.com\/?product=panales-gde-para-perro-12-pz#primaryimage","url":"https:\/\/acuariosupremus.com\/wp-content\/uploads\/2022\/02\/FL1914_4.jpg","contentUrl":"https:\/\/acuariosupremus.com\/wp-content\/uploads\/2022\/02\/FL1914_4.jpg","width":600,"height":600},{"@type":"BreadcrumbList","@id":"https:\/\/acuariosupremus.com\/?product=panales-gde-para-perro-12-pz#breadcrumb","itemListElement":[{"@type":"ListItem","position":1,"name":"Portada","item":"https:\/\/acuariosupremus.com\/"},{"@type":"ListItem","position":2,"name":"Tienda","item":"https:\/\/acuariosupremus.com\/tienda\/"},{"@type":"ListItem","position":3,"name":"PA\u00d1ALES GDE PARA PERRO &#8211; 12 PZ"}]},{"@type":"WebSite","@id":"https:\/\/acuariosupremus.com\/#website","url":"https:\/\/acuariosupremus.com\/","name":"Acuario Supremus","description":"Peces, Peceras y Mascotas.","publisher":{"@id":"https:\/\/acuariosupremus.com\/#organization"},"potentialAction":[{"@type":"SearchAction","target":{"@type":"EntryPoint","urlTemplate":"https:\/\/acuariosupremus.com\/?s={search_term_string}"},"query-input":{"@type":"PropertyValueSpecification","valueRequired":true,"valueName":"search_term_string"}}],"inLanguage":"es"},{"@type":"Organization","@id":"https:\/\/acuariosupremus.com\/#organization","name":"Acuario Supremus","url":"https:\/\/acuariosupremus.com\/","logo":{"@type":"ImageObject","inLanguage":"es","@id":"https:\/\/acuariosupremus.com\/#\/schema\/logo\/image\/","url":"https:\/\/acuariosupremus.com\/wp-content\/uploads\/2021\/12\/cropped-logo_acuario_supremus_fn-2.png","contentUrl":"https:\/\/acuariosupremus.com\/wp-content\/uploads\/2021\/12\/cropped-logo_acuario_supremus_fn-2.png","width":1000,"height":318,"caption":"Acuario Supremus"},"image":{"@id":"https:\/\/acuariosupremus.com\/#\/schema\/logo\/image\/"},"sameAs":["https:\/\/www.facebook.com\/AcuarioSupremus","https:\/\/x.com\/AcuarioSupremus","https:\/\/www.instagram.com\/acuariosupremus\/?hl=es"]}]}},"jetpack_sharing_enabled":true,"_links":{"self":[{"href":"https:\/\/acuariosupremus.com\/index.php?rest_route=\/wp\/v2\/product\/3777","targetHints":{"allow":["GET"]}}],"collection":[{"href":"https:\/\/acuariosupremus.com\/index.php?rest_route=\/wp\/v2\/product"}],"about":[{"href":"https:\/\/acuariosupremus.com\/index.php?rest_route=\/wp\/v2\/types\/product"}],"wp:featuredmedia":[{"embeddable":true,"href":"https:\/\/acuariosupremus.com\/index.php?rest_route=\/wp\/v2\/media\/15702"}],"wp:attachment":[{"href":"https:\/\/acuariosupremus.com\/index.php?rest_route=%2Fwp%2Fv2%2Fmedia&parent=3777"}],"wp:term":[{"taxonomy":"product_brand","embeddable":true,"href":"https:\/\/acuariosupremus.com\/index.php?rest_route=%2Fwp%2Fv2%2Fproduct_brand&post=3777"},{"taxonomy":"product_cat","embeddable":true,"href":"https:\/\/acuariosupremus.com\/index.php?rest_route=%2Fwp%2Fv2%2Fproduct_cat&post=3777"},{"taxonomy":"product_tag","embeddable":true,"href":"https:\/\/acuariosupremus.com\/index.php?rest_route=%2Fwp%2Fv2%2Fproduct_tag&post=3777"}],"curies":[{"name":"wp","href":"https:\/\/api.w.org\/{rel}","templated":true}]}}