{"id":3798,"date":"2022-02-27T15:59:59","date_gmt":"2022-02-27T21:59:59","guid":{"rendered":"https:\/\/acuariosupremus.com\/?post_type=product&#038;p=3798"},"modified":"2026-01-21T15:48:08","modified_gmt":"2026-01-21T21:48:08","slug":"colonia-de-uso-profesional-lovely-1-l","status":"publish","type":"product","link":"https:\/\/acuariosupremus.com\/?product=colonia-de-uso-profesional-lovely-1-l","title":{"rendered":"COLONIA DE USO PROFESIONAL LOVELY 1 L."},"content":{"rendered":"<p>Instrucciones:<br \/>\nRoc\u00ede de 1 a 2 aspersiones de producto directamente sobre el piel y el pelo de la mascota. Para una mayor duraci\u00f3n de la<br \/>\nfragancia aplique sobre el pelo h\u00famedo despu\u00e9s de cada ba\u00f1o.<br \/>\nRecomendaciones:<br \/>\nPrecauciones y advertencias: MANT\u00c9NGASE FUERA DEL ALCANCE DE LOS NI\u00d1OS Y MASCOTAS. No se aplique cerca de<br \/>\nojos ni el hocico del perro, en caso de contacto accidental enjuague con abundante agua durante 15 minutos. Conserve el<br \/>\nproducto en un lugar fresco y protegido de la luz. Consulte al M\u00e9dico Veterinario.<br \/>\nIngredientes:<br \/>\nCada litro contiene:<br \/>\nFragancia.<br \/>\nVeh\u00edculo, c.b.p. 1 LT.<br \/>\nContenido:<br \/>\n<strong>1 LITRO<\/strong><\/p>\n","protected":false},"excerpt":{"rendered":"<p>Colonia Lovely 1 LT. Fancy Pets\u00ae, colonia para Hembras, est\u00e1 elaborada con una suave y agradable fragancia que perdura en el pelo de su perro. Descripci\u00f3n olfativa: Oriental Frutal. Notas: Salida: Mora, lim\u00f3n, pera. Medias: Uva, jazm\u00edn. Fondo: Vainilla Almizcles<\/p>\n","protected":false},"featured_media":3799,"template":"","meta":[],"product_brand":[106],"product_cat":[73,74],"product_tag":[343],"class_list":{"0":"post-3798","1":"product","2":"type-product","3":"status-publish","4":"has-post-thumbnail","6":"product_brand-fancypets","7":"product_cat-perros","8":"product_cat-belleza-e-higiene-perros","9":"product_tag-colonia-para-perro-hembra","11":"first","12":"instock","13":"sale","14":"shipping-taxable","15":"purchasable","16":"product-type-simple"},"yoast_head":"<!-- This site is optimized with the Yoast SEO plugin v27.4 - https:\/\/yoast.com\/product\/yoast-seo-wordpress\/ -->\n<title>COLONIA DE USO PROFESIONAL LOVELY 1 L. | Acuario Supremus<\/title>\n<meta name=\"description\" content=\"Colonia Tit\u00e1n 1 LT. Fancy Pets\u00ae, colonia para hembras, est\u00e1 elaborada con una suave y agradable fragancia que perdura en el pelo de su perro.\" \/>\n<meta name=\"robots\" content=\"index, follow, max-snippet:-1, max-image-preview:large, max-video-preview:-1\" \/>\n<link rel=\"canonical\" href=\"https:\/\/acuariosupremus.com\/?product=colonia-de-uso-profesional-lovely-1-l\" \/>\n<meta property=\"og:locale\" content=\"es_MX\" \/>\n<meta property=\"og:type\" content=\"article\" \/>\n<meta property=\"og:title\" content=\"COLONIA DE USO PROFESIONAL LOVELY 1 L. | Acuario Supremus\" \/>\n<meta property=\"og:description\" content=\"Colonia Tit\u00e1n 1 LT. Fancy Pets\u00ae, colonia para hembras, est\u00e1 elaborada con una suave y agradable fragancia que perdura en el pelo de su perro.\" \/>\n<meta property=\"og:url\" content=\"https:\/\/acuariosupremus.com\/?product=colonia-de-uso-profesional-lovely-1-l\" \/>\n<meta property=\"og:site_name\" content=\"Acuario Supremus\" \/>\n<meta property=\"article:publisher\" content=\"https:\/\/www.facebook.com\/AcuarioSupremus\" \/>\n<meta property=\"article:modified_time\" content=\"2026-01-21T21:48:08+00:00\" \/>\n<meta property=\"og:image\" content=\"https:\/\/acuariosupremus.com\/wp-content\/uploads\/2022\/02\/FL3778.jpg\" \/>\n\t<meta property=\"og:image:width\" content=\"1000\" \/>\n\t<meta property=\"og:image:height\" content=\"1000\" \/>\n\t<meta property=\"og:image:type\" content=\"image\/jpeg\" \/>\n<meta name=\"twitter:card\" content=\"summary_large_image\" \/>\n<meta name=\"twitter:site\" content=\"@AcuarioSupremus\" \/>\n<meta name=\"twitter:label1\" content=\"Tiempo de lectura\" \/>\n\t<meta name=\"twitter:data1\" content=\"1 minuto\" \/>\n<script type=\"application\/ld+json\" class=\"yoast-schema-graph\">{\"@context\":\"https:\\\/\\\/schema.org\",\"@graph\":[{\"@type\":\"WebPage\",\"@id\":\"https:\\\/\\\/acuariosupremus.com\\\/?product=colonia-de-uso-profesional-lovely-1-l\",\"url\":\"https:\\\/\\\/acuariosupremus.com\\\/?product=colonia-de-uso-profesional-lovely-1-l\",\"name\":\"COLONIA DE USO PROFESIONAL LOVELY 1 L. | Acuario Supremus\",\"isPartOf\":{\"@id\":\"https:\\\/\\\/acuariosupremus.com\\\/#website\"},\"primaryImageOfPage\":{\"@id\":\"https:\\\/\\\/acuariosupremus.com\\\/?product=colonia-de-uso-profesional-lovely-1-l#primaryimage\"},\"image\":{\"@id\":\"https:\\\/\\\/acuariosupremus.com\\\/?product=colonia-de-uso-profesional-lovely-1-l#primaryimage\"},\"thumbnailUrl\":\"https:\\\/\\\/acuariosupremus.com\\\/wp-content\\\/uploads\\\/2022\\\/02\\\/FL3778.jpg\",\"datePublished\":\"2022-02-27T21:59:59+00:00\",\"dateModified\":\"2026-01-21T21:48:08+00:00\",\"description\":\"Colonia Tit\u00e1n 1 LT. Fancy Pets\u00ae, colonia para hembras, est\u00e1 elaborada con una suave y agradable fragancia que perdura en el pelo de su perro.\",\"breadcrumb\":{\"@id\":\"https:\\\/\\\/acuariosupremus.com\\\/?product=colonia-de-uso-profesional-lovely-1-l#breadcrumb\"},\"inLanguage\":\"es\",\"potentialAction\":[{\"@type\":\"ReadAction\",\"target\":[\"https:\\\/\\\/acuariosupremus.com\\\/?product=colonia-de-uso-profesional-lovely-1-l\"]}]},{\"@type\":\"ImageObject\",\"inLanguage\":\"es\",\"@id\":\"https:\\\/\\\/acuariosupremus.com\\\/?product=colonia-de-uso-profesional-lovely-1-l#primaryimage\",\"url\":\"https:\\\/\\\/acuariosupremus.com\\\/wp-content\\\/uploads\\\/2022\\\/02\\\/FL3778.jpg\",\"contentUrl\":\"https:\\\/\\\/acuariosupremus.com\\\/wp-content\\\/uploads\\\/2022\\\/02\\\/FL3778.jpg\",\"width\":1000,\"height\":1000},{\"@type\":\"BreadcrumbList\",\"@id\":\"https:\\\/\\\/acuariosupremus.com\\\/?product=colonia-de-uso-profesional-lovely-1-l#breadcrumb\",\"itemListElement\":[{\"@type\":\"ListItem\",\"position\":1,\"name\":\"Portada\",\"item\":\"https:\\\/\\\/acuariosupremus.com\\\/\"},{\"@type\":\"ListItem\",\"position\":2,\"name\":\"Tienda\",\"item\":\"https:\\\/\\\/acuariosupremus.com\\\/tienda\\\/\"},{\"@type\":\"ListItem\",\"position\":3,\"name\":\"COLONIA DE USO PROFESIONAL LOVELY 1 L.\"}]},{\"@type\":\"WebSite\",\"@id\":\"https:\\\/\\\/acuariosupremus.com\\\/#website\",\"url\":\"https:\\\/\\\/acuariosupremus.com\\\/\",\"name\":\"Acuario Supremus\",\"description\":\"Peces, Peceras y Mascotas.\",\"publisher\":{\"@id\":\"https:\\\/\\\/acuariosupremus.com\\\/#organization\"},\"potentialAction\":[{\"@type\":\"SearchAction\",\"target\":{\"@type\":\"EntryPoint\",\"urlTemplate\":\"https:\\\/\\\/acuariosupremus.com\\\/?s={search_term_string}\"},\"query-input\":{\"@type\":\"PropertyValueSpecification\",\"valueRequired\":true,\"valueName\":\"search_term_string\"}}],\"inLanguage\":\"es\"},{\"@type\":\"Organization\",\"@id\":\"https:\\\/\\\/acuariosupremus.com\\\/#organization\",\"name\":\"Acuario Supremus\",\"url\":\"https:\\\/\\\/acuariosupremus.com\\\/\",\"logo\":{\"@type\":\"ImageObject\",\"inLanguage\":\"es\",\"@id\":\"https:\\\/\\\/acuariosupremus.com\\\/#\\\/schema\\\/logo\\\/image\\\/\",\"url\":\"https:\\\/\\\/acuariosupremus.com\\\/wp-content\\\/uploads\\\/2021\\\/12\\\/cropped-logo_acuario_supremus_fn-2.png\",\"contentUrl\":\"https:\\\/\\\/acuariosupremus.com\\\/wp-content\\\/uploads\\\/2021\\\/12\\\/cropped-logo_acuario_supremus_fn-2.png\",\"width\":1000,\"height\":318,\"caption\":\"Acuario Supremus\"},\"image\":{\"@id\":\"https:\\\/\\\/acuariosupremus.com\\\/#\\\/schema\\\/logo\\\/image\\\/\"},\"sameAs\":[\"https:\\\/\\\/www.facebook.com\\\/AcuarioSupremus\",\"https:\\\/\\\/x.com\\\/AcuarioSupremus\",\"https:\\\/\\\/www.instagram.com\\\/acuariosupremus\\\/?hl=es\"]}]}<\/script>\n<!-- \/ Yoast SEO plugin. -->","yoast_head_json":{"title":"COLONIA DE USO PROFESIONAL LOVELY 1 L. | Acuario Supremus","description":"Colonia Tit\u00e1n 1 LT. Fancy Pets\u00ae, colonia para hembras, est\u00e1 elaborada con una suave y agradable fragancia que perdura en el pelo de su perro.","robots":{"index":"index","follow":"follow","max-snippet":"max-snippet:-1","max-image-preview":"max-image-preview:large","max-video-preview":"max-video-preview:-1"},"canonical":"https:\/\/acuariosupremus.com\/?product=colonia-de-uso-profesional-lovely-1-l","og_locale":"es_MX","og_type":"article","og_title":"COLONIA DE USO PROFESIONAL LOVELY 1 L. | Acuario Supremus","og_description":"Colonia Tit\u00e1n 1 LT. Fancy Pets\u00ae, colonia para hembras, est\u00e1 elaborada con una suave y agradable fragancia que perdura en el pelo de su perro.","og_url":"https:\/\/acuariosupremus.com\/?product=colonia-de-uso-profesional-lovely-1-l","og_site_name":"Acuario Supremus","article_publisher":"https:\/\/www.facebook.com\/AcuarioSupremus","article_modified_time":"2026-01-21T21:48:08+00:00","og_image":[{"width":1000,"height":1000,"url":"https:\/\/acuariosupremus.com\/wp-content\/uploads\/2022\/02\/FL3778.jpg","type":"image\/jpeg"}],"twitter_card":"summary_large_image","twitter_site":"@AcuarioSupremus","twitter_misc":{"Tiempo de lectura":"1 minuto"},"schema":{"@context":"https:\/\/schema.org","@graph":[{"@type":"WebPage","@id":"https:\/\/acuariosupremus.com\/?product=colonia-de-uso-profesional-lovely-1-l","url":"https:\/\/acuariosupremus.com\/?product=colonia-de-uso-profesional-lovely-1-l","name":"COLONIA DE USO PROFESIONAL LOVELY 1 L. | Acuario Supremus","isPartOf":{"@id":"https:\/\/acuariosupremus.com\/#website"},"primaryImageOfPage":{"@id":"https:\/\/acuariosupremus.com\/?product=colonia-de-uso-profesional-lovely-1-l#primaryimage"},"image":{"@id":"https:\/\/acuariosupremus.com\/?product=colonia-de-uso-profesional-lovely-1-l#primaryimage"},"thumbnailUrl":"https:\/\/acuariosupremus.com\/wp-content\/uploads\/2022\/02\/FL3778.jpg","datePublished":"2022-02-27T21:59:59+00:00","dateModified":"2026-01-21T21:48:08+00:00","description":"Colonia Tit\u00e1n 1 LT. Fancy Pets\u00ae, colonia para hembras, est\u00e1 elaborada con una suave y agradable fragancia que perdura en el pelo de su perro.","breadcrumb":{"@id":"https:\/\/acuariosupremus.com\/?product=colonia-de-uso-profesional-lovely-1-l#breadcrumb"},"inLanguage":"es","potentialAction":[{"@type":"ReadAction","target":["https:\/\/acuariosupremus.com\/?product=colonia-de-uso-profesional-lovely-1-l"]}]},{"@type":"ImageObject","inLanguage":"es","@id":"https:\/\/acuariosupremus.com\/?product=colonia-de-uso-profesional-lovely-1-l#primaryimage","url":"https:\/\/acuariosupremus.com\/wp-content\/uploads\/2022\/02\/FL3778.jpg","contentUrl":"https:\/\/acuariosupremus.com\/wp-content\/uploads\/2022\/02\/FL3778.jpg","width":1000,"height":1000},{"@type":"BreadcrumbList","@id":"https:\/\/acuariosupremus.com\/?product=colonia-de-uso-profesional-lovely-1-l#breadcrumb","itemListElement":[{"@type":"ListItem","position":1,"name":"Portada","item":"https:\/\/acuariosupremus.com\/"},{"@type":"ListItem","position":2,"name":"Tienda","item":"https:\/\/acuariosupremus.com\/tienda\/"},{"@type":"ListItem","position":3,"name":"COLONIA DE USO PROFESIONAL LOVELY 1 L."}]},{"@type":"WebSite","@id":"https:\/\/acuariosupremus.com\/#website","url":"https:\/\/acuariosupremus.com\/","name":"Acuario Supremus","description":"Peces, Peceras y Mascotas.","publisher":{"@id":"https:\/\/acuariosupremus.com\/#organization"},"potentialAction":[{"@type":"SearchAction","target":{"@type":"EntryPoint","urlTemplate":"https:\/\/acuariosupremus.com\/?s={search_term_string}"},"query-input":{"@type":"PropertyValueSpecification","valueRequired":true,"valueName":"search_term_string"}}],"inLanguage":"es"},{"@type":"Organization","@id":"https:\/\/acuariosupremus.com\/#organization","name":"Acuario Supremus","url":"https:\/\/acuariosupremus.com\/","logo":{"@type":"ImageObject","inLanguage":"es","@id":"https:\/\/acuariosupremus.com\/#\/schema\/logo\/image\/","url":"https:\/\/acuariosupremus.com\/wp-content\/uploads\/2021\/12\/cropped-logo_acuario_supremus_fn-2.png","contentUrl":"https:\/\/acuariosupremus.com\/wp-content\/uploads\/2021\/12\/cropped-logo_acuario_supremus_fn-2.png","width":1000,"height":318,"caption":"Acuario Supremus"},"image":{"@id":"https:\/\/acuariosupremus.com\/#\/schema\/logo\/image\/"},"sameAs":["https:\/\/www.facebook.com\/AcuarioSupremus","https:\/\/x.com\/AcuarioSupremus","https:\/\/www.instagram.com\/acuariosupremus\/?hl=es"]}]}},"jetpack_sharing_enabled":true,"_links":{"self":[{"href":"https:\/\/acuariosupremus.com\/index.php?rest_route=\/wp\/v2\/product\/3798","targetHints":{"allow":["GET"]}}],"collection":[{"href":"https:\/\/acuariosupremus.com\/index.php?rest_route=\/wp\/v2\/product"}],"about":[{"href":"https:\/\/acuariosupremus.com\/index.php?rest_route=\/wp\/v2\/types\/product"}],"wp:featuredmedia":[{"embeddable":true,"href":"https:\/\/acuariosupremus.com\/index.php?rest_route=\/wp\/v2\/media\/3799"}],"wp:attachment":[{"href":"https:\/\/acuariosupremus.com\/index.php?rest_route=%2Fwp%2Fv2%2Fmedia&parent=3798"}],"wp:term":[{"taxonomy":"product_brand","embeddable":true,"href":"https:\/\/acuariosupremus.com\/index.php?rest_route=%2Fwp%2Fv2%2Fproduct_brand&post=3798"},{"taxonomy":"product_cat","embeddable":true,"href":"https:\/\/acuariosupremus.com\/index.php?rest_route=%2Fwp%2Fv2%2Fproduct_cat&post=3798"},{"taxonomy":"product_tag","embeddable":true,"href":"https:\/\/acuariosupremus.com\/index.php?rest_route=%2Fwp%2Fv2%2Fproduct_tag&post=3798"}],"curies":[{"name":"wp","href":"https:\/\/api.w.org\/{rel}","templated":true}]}}