{"id":3810,"date":"2022-02-27T16:16:52","date_gmt":"2022-02-27T22:16:52","guid":{"rendered":"https:\/\/acuariosupremus.com\/?post_type=product&#038;p=3810"},"modified":"2026-01-21T15:50:59","modified_gmt":"2026-01-21T21:50:59","slug":"limpiador-desinfectante-multiusos-1-l","status":"publish","type":"product","link":"https:\/\/acuariosupremus.com\/?product=limpiador-desinfectante-multiusos-1-l","title":{"rendered":"LIMPIADOR DESINFECTANTE MULTIUSOS 1 L."},"content":{"rendered":"<p>Instrucciones:<br \/>\nInstrucciones de uso para sanitizar: Para superficie: Retire a la mascota del \u00e1rea que va a limpiar. Roc\u00ede el producto sobre la superficie y deje actuar por algunos minutos. Seque con toalla de papel. Para Jaulas y Transportadoras: Retire a la mascota de la transportadora, as\u00ed como bebederos y comederos. Elimine la cama o cualquier material que se encuentre de la transportadora. Roc\u00ede el producto sobre piso, paredes y techo, deje actuar por algunos minutos. Seque con toallas de papel.<br \/>\nPara alfombras y telas: Antes de utilizar este producto en una gran extensi\u00f3n de alfombra o telas, haga la prueba en una<br \/>\npeque\u00f1a parte de estos. Roc\u00ede el producto sobre la superficie y deje actuar por algunos minutos. Frote con un pa\u00f1o h\u00famedo y seque con toallas de papel.<br \/>\nRecomendaciones:<br \/>\nAdvertencia: Mant\u00e9ngase fuera del alcance de ni\u00f1os y mascota. Evite el contacto con los ojos. En caso de contacto con los ojos, l\u00e1vese con abundante agua y contacte a su m\u00e9dico si contin\u00faa la irritaci\u00f3n. No ingerir.<br \/>\nContenido:<br \/>\n<strong>1L.<\/strong><\/p>\n","protected":false},"excerpt":{"rendered":"<p>&#8211; Para superficies y transportadoras.<br \/>\n&#8211; Mata bacterias y hongos.<br \/>\n&#8211; Elimina malos olores.<br \/>\n&#8211; Remueve manchas de orina y heces.<br \/>\n&#8211; No requiere enjuague.<br \/>\n&#8211; Aroma c\u00edtrico. Ingredientes: Agua, surfactante, cuatemario de amoniaco, fragancia, conservador, colorante.<\/p>\n","protected":false},"featured_media":14608,"template":"","meta":[],"product_brand":[106],"product_cat":[73,74],"product_tag":[341,345],"class_list":{"0":"post-3810","1":"product","2":"type-product","3":"status-publish","4":"has-post-thumbnail","6":"product_brand-fancypets","7":"product_cat-perros","8":"product_cat-belleza-e-higiene-perros","9":"product_tag-deep-clean","10":"product_tag-desinfectante-multiusos","12":"first","13":"instock","14":"sale","15":"shipping-taxable","16":"purchasable","17":"product-type-simple"},"yoast_head":"<!-- This site is optimized with the Yoast SEO plugin v27.4 - https:\/\/yoast.com\/product\/yoast-seo-wordpress\/ -->\n<title>LIMPIADOR DESINFECTANTE MULTIUSOS 1 L. | Acuario Supremus<\/title>\n<meta name=\"description\" content=\"Limpiador desinfectante multiusos, Para superficies y transportadoras, Mata bacterias y hongos, Elimina malos olores, No requiere enjuague.\" \/>\n<meta name=\"robots\" content=\"index, follow, max-snippet:-1, max-image-preview:large, max-video-preview:-1\" \/>\n<link rel=\"canonical\" href=\"https:\/\/acuariosupremus.com\/?product=limpiador-desinfectante-multiusos-1-l\" \/>\n<meta property=\"og:locale\" content=\"es_MX\" \/>\n<meta property=\"og:type\" content=\"article\" \/>\n<meta property=\"og:title\" content=\"LIMPIADOR DESINFECTANTE MULTIUSOS 1 L. | Acuario Supremus\" \/>\n<meta property=\"og:description\" content=\"Limpiador desinfectante multiusos, Para superficies y transportadoras, Mata bacterias y hongos, Elimina malos olores, No requiere enjuague.\" \/>\n<meta property=\"og:url\" content=\"https:\/\/acuariosupremus.com\/?product=limpiador-desinfectante-multiusos-1-l\" \/>\n<meta property=\"og:site_name\" content=\"Acuario Supremus\" \/>\n<meta property=\"article:publisher\" content=\"https:\/\/www.facebook.com\/AcuarioSupremus\" \/>\n<meta property=\"article:modified_time\" content=\"2026-01-21T21:50:59+00:00\" \/>\n<meta property=\"og:image\" content=\"https:\/\/acuariosupremus.com\/wp-content\/uploads\/2022\/02\/FL3796_1_1.jpg\" \/>\n\t<meta property=\"og:image:width\" content=\"600\" \/>\n\t<meta property=\"og:image:height\" content=\"600\" \/>\n\t<meta property=\"og:image:type\" content=\"image\/jpeg\" \/>\n<meta name=\"twitter:card\" content=\"summary_large_image\" \/>\n<meta name=\"twitter:site\" content=\"@AcuarioSupremus\" \/>\n<meta name=\"twitter:label1\" content=\"Tiempo de lectura\" \/>\n\t<meta name=\"twitter:data1\" content=\"1 minuto\" \/>\n<script type=\"application\/ld+json\" class=\"yoast-schema-graph\">{\"@context\":\"https:\\\/\\\/schema.org\",\"@graph\":[{\"@type\":\"WebPage\",\"@id\":\"https:\\\/\\\/acuariosupremus.com\\\/?product=limpiador-desinfectante-multiusos-1-l\",\"url\":\"https:\\\/\\\/acuariosupremus.com\\\/?product=limpiador-desinfectante-multiusos-1-l\",\"name\":\"LIMPIADOR DESINFECTANTE MULTIUSOS 1 L. | Acuario Supremus\",\"isPartOf\":{\"@id\":\"https:\\\/\\\/acuariosupremus.com\\\/#website\"},\"primaryImageOfPage\":{\"@id\":\"https:\\\/\\\/acuariosupremus.com\\\/?product=limpiador-desinfectante-multiusos-1-l#primaryimage\"},\"image\":{\"@id\":\"https:\\\/\\\/acuariosupremus.com\\\/?product=limpiador-desinfectante-multiusos-1-l#primaryimage\"},\"thumbnailUrl\":\"https:\\\/\\\/acuariosupremus.com\\\/wp-content\\\/uploads\\\/2022\\\/02\\\/FL3796_1_1.jpg\",\"datePublished\":\"2022-02-27T22:16:52+00:00\",\"dateModified\":\"2026-01-21T21:50:59+00:00\",\"description\":\"Limpiador desinfectante multiusos, Para superficies y transportadoras, Mata bacterias y hongos, Elimina malos olores, No requiere enjuague.\",\"breadcrumb\":{\"@id\":\"https:\\\/\\\/acuariosupremus.com\\\/?product=limpiador-desinfectante-multiusos-1-l#breadcrumb\"},\"inLanguage\":\"es\",\"potentialAction\":[{\"@type\":\"ReadAction\",\"target\":[\"https:\\\/\\\/acuariosupremus.com\\\/?product=limpiador-desinfectante-multiusos-1-l\"]}]},{\"@type\":\"ImageObject\",\"inLanguage\":\"es\",\"@id\":\"https:\\\/\\\/acuariosupremus.com\\\/?product=limpiador-desinfectante-multiusos-1-l#primaryimage\",\"url\":\"https:\\\/\\\/acuariosupremus.com\\\/wp-content\\\/uploads\\\/2022\\\/02\\\/FL3796_1_1.jpg\",\"contentUrl\":\"https:\\\/\\\/acuariosupremus.com\\\/wp-content\\\/uploads\\\/2022\\\/02\\\/FL3796_1_1.jpg\",\"width\":600,\"height\":600},{\"@type\":\"BreadcrumbList\",\"@id\":\"https:\\\/\\\/acuariosupremus.com\\\/?product=limpiador-desinfectante-multiusos-1-l#breadcrumb\",\"itemListElement\":[{\"@type\":\"ListItem\",\"position\":1,\"name\":\"Portada\",\"item\":\"https:\\\/\\\/acuariosupremus.com\\\/\"},{\"@type\":\"ListItem\",\"position\":2,\"name\":\"Tienda\",\"item\":\"https:\\\/\\\/acuariosupremus.com\\\/tienda\\\/\"},{\"@type\":\"ListItem\",\"position\":3,\"name\":\"LIMPIADOR DESINFECTANTE MULTIUSOS 1 L.\"}]},{\"@type\":\"WebSite\",\"@id\":\"https:\\\/\\\/acuariosupremus.com\\\/#website\",\"url\":\"https:\\\/\\\/acuariosupremus.com\\\/\",\"name\":\"Acuario Supremus\",\"description\":\"Peces, Peceras y Mascotas.\",\"publisher\":{\"@id\":\"https:\\\/\\\/acuariosupremus.com\\\/#organization\"},\"potentialAction\":[{\"@type\":\"SearchAction\",\"target\":{\"@type\":\"EntryPoint\",\"urlTemplate\":\"https:\\\/\\\/acuariosupremus.com\\\/?s={search_term_string}\"},\"query-input\":{\"@type\":\"PropertyValueSpecification\",\"valueRequired\":true,\"valueName\":\"search_term_string\"}}],\"inLanguage\":\"es\"},{\"@type\":\"Organization\",\"@id\":\"https:\\\/\\\/acuariosupremus.com\\\/#organization\",\"name\":\"Acuario Supremus\",\"url\":\"https:\\\/\\\/acuariosupremus.com\\\/\",\"logo\":{\"@type\":\"ImageObject\",\"inLanguage\":\"es\",\"@id\":\"https:\\\/\\\/acuariosupremus.com\\\/#\\\/schema\\\/logo\\\/image\\\/\",\"url\":\"https:\\\/\\\/acuariosupremus.com\\\/wp-content\\\/uploads\\\/2021\\\/12\\\/cropped-logo_acuario_supremus_fn-2.png\",\"contentUrl\":\"https:\\\/\\\/acuariosupremus.com\\\/wp-content\\\/uploads\\\/2021\\\/12\\\/cropped-logo_acuario_supremus_fn-2.png\",\"width\":1000,\"height\":318,\"caption\":\"Acuario Supremus\"},\"image\":{\"@id\":\"https:\\\/\\\/acuariosupremus.com\\\/#\\\/schema\\\/logo\\\/image\\\/\"},\"sameAs\":[\"https:\\\/\\\/www.facebook.com\\\/AcuarioSupremus\",\"https:\\\/\\\/x.com\\\/AcuarioSupremus\",\"https:\\\/\\\/www.instagram.com\\\/acuariosupremus\\\/?hl=es\"]}]}<\/script>\n<!-- \/ Yoast SEO plugin. -->","yoast_head_json":{"title":"LIMPIADOR DESINFECTANTE MULTIUSOS 1 L. | Acuario Supremus","description":"Limpiador desinfectante multiusos, Para superficies y transportadoras, Mata bacterias y hongos, Elimina malos olores, No requiere enjuague.","robots":{"index":"index","follow":"follow","max-snippet":"max-snippet:-1","max-image-preview":"max-image-preview:large","max-video-preview":"max-video-preview:-1"},"canonical":"https:\/\/acuariosupremus.com\/?product=limpiador-desinfectante-multiusos-1-l","og_locale":"es_MX","og_type":"article","og_title":"LIMPIADOR DESINFECTANTE MULTIUSOS 1 L. | Acuario Supremus","og_description":"Limpiador desinfectante multiusos, Para superficies y transportadoras, Mata bacterias y hongos, Elimina malos olores, No requiere enjuague.","og_url":"https:\/\/acuariosupremus.com\/?product=limpiador-desinfectante-multiusos-1-l","og_site_name":"Acuario Supremus","article_publisher":"https:\/\/www.facebook.com\/AcuarioSupremus","article_modified_time":"2026-01-21T21:50:59+00:00","og_image":[{"width":600,"height":600,"url":"https:\/\/acuariosupremus.com\/wp-content\/uploads\/2022\/02\/FL3796_1_1.jpg","type":"image\/jpeg"}],"twitter_card":"summary_large_image","twitter_site":"@AcuarioSupremus","twitter_misc":{"Tiempo de lectura":"1 minuto"},"schema":{"@context":"https:\/\/schema.org","@graph":[{"@type":"WebPage","@id":"https:\/\/acuariosupremus.com\/?product=limpiador-desinfectante-multiusos-1-l","url":"https:\/\/acuariosupremus.com\/?product=limpiador-desinfectante-multiusos-1-l","name":"LIMPIADOR DESINFECTANTE MULTIUSOS 1 L. | Acuario Supremus","isPartOf":{"@id":"https:\/\/acuariosupremus.com\/#website"},"primaryImageOfPage":{"@id":"https:\/\/acuariosupremus.com\/?product=limpiador-desinfectante-multiusos-1-l#primaryimage"},"image":{"@id":"https:\/\/acuariosupremus.com\/?product=limpiador-desinfectante-multiusos-1-l#primaryimage"},"thumbnailUrl":"https:\/\/acuariosupremus.com\/wp-content\/uploads\/2022\/02\/FL3796_1_1.jpg","datePublished":"2022-02-27T22:16:52+00:00","dateModified":"2026-01-21T21:50:59+00:00","description":"Limpiador desinfectante multiusos, Para superficies y transportadoras, Mata bacterias y hongos, Elimina malos olores, No requiere enjuague.","breadcrumb":{"@id":"https:\/\/acuariosupremus.com\/?product=limpiador-desinfectante-multiusos-1-l#breadcrumb"},"inLanguage":"es","potentialAction":[{"@type":"ReadAction","target":["https:\/\/acuariosupremus.com\/?product=limpiador-desinfectante-multiusos-1-l"]}]},{"@type":"ImageObject","inLanguage":"es","@id":"https:\/\/acuariosupremus.com\/?product=limpiador-desinfectante-multiusos-1-l#primaryimage","url":"https:\/\/acuariosupremus.com\/wp-content\/uploads\/2022\/02\/FL3796_1_1.jpg","contentUrl":"https:\/\/acuariosupremus.com\/wp-content\/uploads\/2022\/02\/FL3796_1_1.jpg","width":600,"height":600},{"@type":"BreadcrumbList","@id":"https:\/\/acuariosupremus.com\/?product=limpiador-desinfectante-multiusos-1-l#breadcrumb","itemListElement":[{"@type":"ListItem","position":1,"name":"Portada","item":"https:\/\/acuariosupremus.com\/"},{"@type":"ListItem","position":2,"name":"Tienda","item":"https:\/\/acuariosupremus.com\/tienda\/"},{"@type":"ListItem","position":3,"name":"LIMPIADOR DESINFECTANTE MULTIUSOS 1 L."}]},{"@type":"WebSite","@id":"https:\/\/acuariosupremus.com\/#website","url":"https:\/\/acuariosupremus.com\/","name":"Acuario Supremus","description":"Peces, Peceras y Mascotas.","publisher":{"@id":"https:\/\/acuariosupremus.com\/#organization"},"potentialAction":[{"@type":"SearchAction","target":{"@type":"EntryPoint","urlTemplate":"https:\/\/acuariosupremus.com\/?s={search_term_string}"},"query-input":{"@type":"PropertyValueSpecification","valueRequired":true,"valueName":"search_term_string"}}],"inLanguage":"es"},{"@type":"Organization","@id":"https:\/\/acuariosupremus.com\/#organization","name":"Acuario Supremus","url":"https:\/\/acuariosupremus.com\/","logo":{"@type":"ImageObject","inLanguage":"es","@id":"https:\/\/acuariosupremus.com\/#\/schema\/logo\/image\/","url":"https:\/\/acuariosupremus.com\/wp-content\/uploads\/2021\/12\/cropped-logo_acuario_supremus_fn-2.png","contentUrl":"https:\/\/acuariosupremus.com\/wp-content\/uploads\/2021\/12\/cropped-logo_acuario_supremus_fn-2.png","width":1000,"height":318,"caption":"Acuario Supremus"},"image":{"@id":"https:\/\/acuariosupremus.com\/#\/schema\/logo\/image\/"},"sameAs":["https:\/\/www.facebook.com\/AcuarioSupremus","https:\/\/x.com\/AcuarioSupremus","https:\/\/www.instagram.com\/acuariosupremus\/?hl=es"]}]}},"jetpack_sharing_enabled":true,"_links":{"self":[{"href":"https:\/\/acuariosupremus.com\/index.php?rest_route=\/wp\/v2\/product\/3810","targetHints":{"allow":["GET"]}}],"collection":[{"href":"https:\/\/acuariosupremus.com\/index.php?rest_route=\/wp\/v2\/product"}],"about":[{"href":"https:\/\/acuariosupremus.com\/index.php?rest_route=\/wp\/v2\/types\/product"}],"wp:featuredmedia":[{"embeddable":true,"href":"https:\/\/acuariosupremus.com\/index.php?rest_route=\/wp\/v2\/media\/14608"}],"wp:attachment":[{"href":"https:\/\/acuariosupremus.com\/index.php?rest_route=%2Fwp%2Fv2%2Fmedia&parent=3810"}],"wp:term":[{"taxonomy":"product_brand","embeddable":true,"href":"https:\/\/acuariosupremus.com\/index.php?rest_route=%2Fwp%2Fv2%2Fproduct_brand&post=3810"},{"taxonomy":"product_cat","embeddable":true,"href":"https:\/\/acuariosupremus.com\/index.php?rest_route=%2Fwp%2Fv2%2Fproduct_cat&post=3810"},{"taxonomy":"product_tag","embeddable":true,"href":"https:\/\/acuariosupremus.com\/index.php?rest_route=%2Fwp%2Fv2%2Fproduct_tag&post=3810"}],"curies":[{"name":"wp","href":"https:\/\/api.w.org\/{rel}","templated":true}]}}