{"id":3824,"date":"2022-02-27T16:39:01","date_gmt":"2022-02-27T22:39:01","guid":{"rendered":"https:\/\/acuariosupremus.com\/?post_type=product&#038;p=3824"},"modified":"2026-01-21T16:00:27","modified_gmt":"2026-01-21T22:00:27","slug":"espuma-repelente-para-bano-en-seco-300-g","status":"publish","type":"product","link":"https:\/\/acuariosupremus.com\/?product=espuma-repelente-para-bano-en-seco-300-g","title":{"rendered":"ESPUMA REPELENTE PARA BA\u00d1O EN SECO 300 G."},"content":{"rendered":"<p>Instrucciones:<br \/>\nAgite el envase, tome una cantidad generosa de espuma y apl\u00edquela uniformemente a contrapelo hasta que se desvanezca y<br \/>\nse adhiera al pelaje. Deje que el producto act\u00fae por unos minutos. Con una toalla limpia y seca frote el pelo para atrapar el<br \/>\npolvo, el exceso de grasa y la suciedad. Por \u00faltimo, cepille el pelaje. Aplique una vez al d\u00eda durante 2 semanas. En caso de ser<br \/>\nnecesario, repita el tratamiento 2 semanas despu\u00e9s.<br \/>\nRecomendaciones:<br \/>\nPrecauciones: No emplear en perros menores de 6 meses, Evite el contacto cerca de los ojos y heridas de la mascota. En caso<br \/>\nde contacto accidental, enjuague por 15 minutos. No exponga el producto a calor o fuego directo. Conserve el producto en un lugar fresco. Mant\u00e9ngase fuera del alcance de los ni\u00f1os y las mascotas.<br \/>\nIngredientes:<br \/>\nExtracto de Neem (Azadirachta indica) (mi\u00b4n) 0.5g, lauril e\u00b4ter sulfato de sodio, propelentes, dietanolamida de \u00e1cidos grasos de coco, cocoamida propil betai\u00b4na, lauril poligluco\u00b4sido, propilenglicol, fragancia, formaldehi\u00b4do como conservador, EDTA, nitrito de sodio, benzofenona 3, vehi\u00b4culo c.b.p. 100%.<br \/>\nContenido:<br \/>\n<strong>300 GRS<\/strong><\/p>\n","protected":false},"excerpt":{"rendered":"<p>Espuma Essentials para ba\u00f1o en seco con repelente de 300g. La espuma Essentials para ba\u00f1o en seco con repelente de<br \/>\nFancy Pets est\u00e1 formulado para brindar una limpieza r\u00e1pida y efectiva al perro, as\u00ed como para repeler pulgas gracias al extracto de Neem contenido.<\/p>\n","protected":false},"featured_media":3825,"template":"","meta":[],"product_brand":[106],"product_cat":[73,74],"product_tag":[347,331],"class_list":{"0":"post-3824","1":"product","2":"type-product","3":"status-publish","4":"has-post-thumbnail","6":"product_brand-fancypets","7":"product_cat-perros","8":"product_cat-belleza-e-higiene-perros","9":"product_tag-bano-seco-perros","10":"product_tag-shampoo-repelente","12":"first","13":"instock","14":"sale","15":"shipping-taxable","16":"purchasable","17":"product-type-simple"},"yoast_head":"<!-- This site is optimized with the Yoast SEO plugin v27.4 - https:\/\/yoast.com\/product\/yoast-seo-wordpress\/ -->\n<title>ESPUMA REPELENTE PARA BA\u00d1O EN SECO 300 G. | Acuario Supremus<\/title>\n<meta name=\"description\" content=\"Espuma para ba\u00f1o en seco con repelente de 300g. est\u00e1 formulado para brindar una limpieza r\u00e1pida y efectiva con extracto de Neem anti pulgas.\" \/>\n<meta name=\"robots\" content=\"index, follow, max-snippet:-1, max-image-preview:large, max-video-preview:-1\" \/>\n<link rel=\"canonical\" href=\"https:\/\/acuariosupremus.com\/?product=espuma-repelente-para-bano-en-seco-300-g\" \/>\n<meta property=\"og:locale\" content=\"es_MX\" \/>\n<meta property=\"og:type\" content=\"article\" \/>\n<meta property=\"og:title\" content=\"ESPUMA REPELENTE PARA BA\u00d1O EN SECO 300 G. | Acuario Supremus\" \/>\n<meta property=\"og:description\" content=\"Espuma para ba\u00f1o en seco con repelente de 300g. est\u00e1 formulado para brindar una limpieza r\u00e1pida y efectiva con extracto de Neem anti pulgas.\" \/>\n<meta property=\"og:url\" content=\"https:\/\/acuariosupremus.com\/?product=espuma-repelente-para-bano-en-seco-300-g\" \/>\n<meta property=\"og:site_name\" content=\"Acuario Supremus\" \/>\n<meta property=\"article:publisher\" content=\"https:\/\/www.facebook.com\/AcuarioSupremus\" \/>\n<meta property=\"article:modified_time\" content=\"2026-01-21T22:00:27+00:00\" \/>\n<meta property=\"og:image\" content=\"https:\/\/acuariosupremus.com\/wp-content\/uploads\/2022\/02\/FL3853.jpg\" \/>\n\t<meta property=\"og:image:width\" content=\"1000\" \/>\n\t<meta property=\"og:image:height\" content=\"1000\" \/>\n\t<meta property=\"og:image:type\" content=\"image\/jpeg\" \/>\n<meta name=\"twitter:card\" content=\"summary_large_image\" \/>\n<meta name=\"twitter:site\" content=\"@AcuarioSupremus\" \/>\n<meta name=\"twitter:label1\" content=\"Tiempo de lectura\" \/>\n\t<meta name=\"twitter:data1\" content=\"1 minuto\" \/>\n<script type=\"application\/ld+json\" class=\"yoast-schema-graph\">{\"@context\":\"https:\\\/\\\/schema.org\",\"@graph\":[{\"@type\":\"WebPage\",\"@id\":\"https:\\\/\\\/acuariosupremus.com\\\/?product=espuma-repelente-para-bano-en-seco-300-g\",\"url\":\"https:\\\/\\\/acuariosupremus.com\\\/?product=espuma-repelente-para-bano-en-seco-300-g\",\"name\":\"ESPUMA REPELENTE PARA BA\u00d1O EN SECO 300 G. | Acuario Supremus\",\"isPartOf\":{\"@id\":\"https:\\\/\\\/acuariosupremus.com\\\/#website\"},\"primaryImageOfPage\":{\"@id\":\"https:\\\/\\\/acuariosupremus.com\\\/?product=espuma-repelente-para-bano-en-seco-300-g#primaryimage\"},\"image\":{\"@id\":\"https:\\\/\\\/acuariosupremus.com\\\/?product=espuma-repelente-para-bano-en-seco-300-g#primaryimage\"},\"thumbnailUrl\":\"https:\\\/\\\/acuariosupremus.com\\\/wp-content\\\/uploads\\\/2022\\\/02\\\/FL3853.jpg\",\"datePublished\":\"2022-02-27T22:39:01+00:00\",\"dateModified\":\"2026-01-21T22:00:27+00:00\",\"description\":\"Espuma para ba\u00f1o en seco con repelente de 300g. est\u00e1 formulado para brindar una limpieza r\u00e1pida y efectiva con extracto de Neem anti pulgas.\",\"breadcrumb\":{\"@id\":\"https:\\\/\\\/acuariosupremus.com\\\/?product=espuma-repelente-para-bano-en-seco-300-g#breadcrumb\"},\"inLanguage\":\"es\",\"potentialAction\":[{\"@type\":\"ReadAction\",\"target\":[\"https:\\\/\\\/acuariosupremus.com\\\/?product=espuma-repelente-para-bano-en-seco-300-g\"]}]},{\"@type\":\"ImageObject\",\"inLanguage\":\"es\",\"@id\":\"https:\\\/\\\/acuariosupremus.com\\\/?product=espuma-repelente-para-bano-en-seco-300-g#primaryimage\",\"url\":\"https:\\\/\\\/acuariosupremus.com\\\/wp-content\\\/uploads\\\/2022\\\/02\\\/FL3853.jpg\",\"contentUrl\":\"https:\\\/\\\/acuariosupremus.com\\\/wp-content\\\/uploads\\\/2022\\\/02\\\/FL3853.jpg\",\"width\":1000,\"height\":1000},{\"@type\":\"BreadcrumbList\",\"@id\":\"https:\\\/\\\/acuariosupremus.com\\\/?product=espuma-repelente-para-bano-en-seco-300-g#breadcrumb\",\"itemListElement\":[{\"@type\":\"ListItem\",\"position\":1,\"name\":\"Portada\",\"item\":\"https:\\\/\\\/acuariosupremus.com\\\/\"},{\"@type\":\"ListItem\",\"position\":2,\"name\":\"Tienda\",\"item\":\"https:\\\/\\\/acuariosupremus.com\\\/tienda\\\/\"},{\"@type\":\"ListItem\",\"position\":3,\"name\":\"ESPUMA REPELENTE PARA BA\u00d1O EN SECO 300 G.\"}]},{\"@type\":\"WebSite\",\"@id\":\"https:\\\/\\\/acuariosupremus.com\\\/#website\",\"url\":\"https:\\\/\\\/acuariosupremus.com\\\/\",\"name\":\"Acuario Supremus\",\"description\":\"Peces, Peceras y Mascotas.\",\"publisher\":{\"@id\":\"https:\\\/\\\/acuariosupremus.com\\\/#organization\"},\"potentialAction\":[{\"@type\":\"SearchAction\",\"target\":{\"@type\":\"EntryPoint\",\"urlTemplate\":\"https:\\\/\\\/acuariosupremus.com\\\/?s={search_term_string}\"},\"query-input\":{\"@type\":\"PropertyValueSpecification\",\"valueRequired\":true,\"valueName\":\"search_term_string\"}}],\"inLanguage\":\"es\"},{\"@type\":\"Organization\",\"@id\":\"https:\\\/\\\/acuariosupremus.com\\\/#organization\",\"name\":\"Acuario Supremus\",\"url\":\"https:\\\/\\\/acuariosupremus.com\\\/\",\"logo\":{\"@type\":\"ImageObject\",\"inLanguage\":\"es\",\"@id\":\"https:\\\/\\\/acuariosupremus.com\\\/#\\\/schema\\\/logo\\\/image\\\/\",\"url\":\"https:\\\/\\\/acuariosupremus.com\\\/wp-content\\\/uploads\\\/2021\\\/12\\\/cropped-logo_acuario_supremus_fn-2.png\",\"contentUrl\":\"https:\\\/\\\/acuariosupremus.com\\\/wp-content\\\/uploads\\\/2021\\\/12\\\/cropped-logo_acuario_supremus_fn-2.png\",\"width\":1000,\"height\":318,\"caption\":\"Acuario Supremus\"},\"image\":{\"@id\":\"https:\\\/\\\/acuariosupremus.com\\\/#\\\/schema\\\/logo\\\/image\\\/\"},\"sameAs\":[\"https:\\\/\\\/www.facebook.com\\\/AcuarioSupremus\",\"https:\\\/\\\/x.com\\\/AcuarioSupremus\",\"https:\\\/\\\/www.instagram.com\\\/acuariosupremus\\\/?hl=es\"]}]}<\/script>\n<!-- \/ Yoast SEO plugin. -->","yoast_head_json":{"title":"ESPUMA REPELENTE PARA BA\u00d1O EN SECO 300 G. | Acuario Supremus","description":"Espuma para ba\u00f1o en seco con repelente de 300g. est\u00e1 formulado para brindar una limpieza r\u00e1pida y efectiva con extracto de Neem anti pulgas.","robots":{"index":"index","follow":"follow","max-snippet":"max-snippet:-1","max-image-preview":"max-image-preview:large","max-video-preview":"max-video-preview:-1"},"canonical":"https:\/\/acuariosupremus.com\/?product=espuma-repelente-para-bano-en-seco-300-g","og_locale":"es_MX","og_type":"article","og_title":"ESPUMA REPELENTE PARA BA\u00d1O EN SECO 300 G. | Acuario Supremus","og_description":"Espuma para ba\u00f1o en seco con repelente de 300g. est\u00e1 formulado para brindar una limpieza r\u00e1pida y efectiva con extracto de Neem anti pulgas.","og_url":"https:\/\/acuariosupremus.com\/?product=espuma-repelente-para-bano-en-seco-300-g","og_site_name":"Acuario Supremus","article_publisher":"https:\/\/www.facebook.com\/AcuarioSupremus","article_modified_time":"2026-01-21T22:00:27+00:00","og_image":[{"width":1000,"height":1000,"url":"https:\/\/acuariosupremus.com\/wp-content\/uploads\/2022\/02\/FL3853.jpg","type":"image\/jpeg"}],"twitter_card":"summary_large_image","twitter_site":"@AcuarioSupremus","twitter_misc":{"Tiempo de lectura":"1 minuto"},"schema":{"@context":"https:\/\/schema.org","@graph":[{"@type":"WebPage","@id":"https:\/\/acuariosupremus.com\/?product=espuma-repelente-para-bano-en-seco-300-g","url":"https:\/\/acuariosupremus.com\/?product=espuma-repelente-para-bano-en-seco-300-g","name":"ESPUMA REPELENTE PARA BA\u00d1O EN SECO 300 G. | Acuario Supremus","isPartOf":{"@id":"https:\/\/acuariosupremus.com\/#website"},"primaryImageOfPage":{"@id":"https:\/\/acuariosupremus.com\/?product=espuma-repelente-para-bano-en-seco-300-g#primaryimage"},"image":{"@id":"https:\/\/acuariosupremus.com\/?product=espuma-repelente-para-bano-en-seco-300-g#primaryimage"},"thumbnailUrl":"https:\/\/acuariosupremus.com\/wp-content\/uploads\/2022\/02\/FL3853.jpg","datePublished":"2022-02-27T22:39:01+00:00","dateModified":"2026-01-21T22:00:27+00:00","description":"Espuma para ba\u00f1o en seco con repelente de 300g. est\u00e1 formulado para brindar una limpieza r\u00e1pida y efectiva con extracto de Neem anti pulgas.","breadcrumb":{"@id":"https:\/\/acuariosupremus.com\/?product=espuma-repelente-para-bano-en-seco-300-g#breadcrumb"},"inLanguage":"es","potentialAction":[{"@type":"ReadAction","target":["https:\/\/acuariosupremus.com\/?product=espuma-repelente-para-bano-en-seco-300-g"]}]},{"@type":"ImageObject","inLanguage":"es","@id":"https:\/\/acuariosupremus.com\/?product=espuma-repelente-para-bano-en-seco-300-g#primaryimage","url":"https:\/\/acuariosupremus.com\/wp-content\/uploads\/2022\/02\/FL3853.jpg","contentUrl":"https:\/\/acuariosupremus.com\/wp-content\/uploads\/2022\/02\/FL3853.jpg","width":1000,"height":1000},{"@type":"BreadcrumbList","@id":"https:\/\/acuariosupremus.com\/?product=espuma-repelente-para-bano-en-seco-300-g#breadcrumb","itemListElement":[{"@type":"ListItem","position":1,"name":"Portada","item":"https:\/\/acuariosupremus.com\/"},{"@type":"ListItem","position":2,"name":"Tienda","item":"https:\/\/acuariosupremus.com\/tienda\/"},{"@type":"ListItem","position":3,"name":"ESPUMA REPELENTE PARA BA\u00d1O EN SECO 300 G."}]},{"@type":"WebSite","@id":"https:\/\/acuariosupremus.com\/#website","url":"https:\/\/acuariosupremus.com\/","name":"Acuario Supremus","description":"Peces, Peceras y Mascotas.","publisher":{"@id":"https:\/\/acuariosupremus.com\/#organization"},"potentialAction":[{"@type":"SearchAction","target":{"@type":"EntryPoint","urlTemplate":"https:\/\/acuariosupremus.com\/?s={search_term_string}"},"query-input":{"@type":"PropertyValueSpecification","valueRequired":true,"valueName":"search_term_string"}}],"inLanguage":"es"},{"@type":"Organization","@id":"https:\/\/acuariosupremus.com\/#organization","name":"Acuario Supremus","url":"https:\/\/acuariosupremus.com\/","logo":{"@type":"ImageObject","inLanguage":"es","@id":"https:\/\/acuariosupremus.com\/#\/schema\/logo\/image\/","url":"https:\/\/acuariosupremus.com\/wp-content\/uploads\/2021\/12\/cropped-logo_acuario_supremus_fn-2.png","contentUrl":"https:\/\/acuariosupremus.com\/wp-content\/uploads\/2021\/12\/cropped-logo_acuario_supremus_fn-2.png","width":1000,"height":318,"caption":"Acuario Supremus"},"image":{"@id":"https:\/\/acuariosupremus.com\/#\/schema\/logo\/image\/"},"sameAs":["https:\/\/www.facebook.com\/AcuarioSupremus","https:\/\/x.com\/AcuarioSupremus","https:\/\/www.instagram.com\/acuariosupremus\/?hl=es"]}]}},"jetpack_sharing_enabled":true,"_links":{"self":[{"href":"https:\/\/acuariosupremus.com\/index.php?rest_route=\/wp\/v2\/product\/3824","targetHints":{"allow":["GET"]}}],"collection":[{"href":"https:\/\/acuariosupremus.com\/index.php?rest_route=\/wp\/v2\/product"}],"about":[{"href":"https:\/\/acuariosupremus.com\/index.php?rest_route=\/wp\/v2\/types\/product"}],"wp:featuredmedia":[{"embeddable":true,"href":"https:\/\/acuariosupremus.com\/index.php?rest_route=\/wp\/v2\/media\/3825"}],"wp:attachment":[{"href":"https:\/\/acuariosupremus.com\/index.php?rest_route=%2Fwp%2Fv2%2Fmedia&parent=3824"}],"wp:term":[{"taxonomy":"product_brand","embeddable":true,"href":"https:\/\/acuariosupremus.com\/index.php?rest_route=%2Fwp%2Fv2%2Fproduct_brand&post=3824"},{"taxonomy":"product_cat","embeddable":true,"href":"https:\/\/acuariosupremus.com\/index.php?rest_route=%2Fwp%2Fv2%2Fproduct_cat&post=3824"},{"taxonomy":"product_tag","embeddable":true,"href":"https:\/\/acuariosupremus.com\/index.php?rest_route=%2Fwp%2Fv2%2Fproduct_tag&post=3824"}],"curies":[{"name":"wp","href":"https:\/\/api.w.org\/{rel}","templated":true}]}}