{"id":3827,"date":"2022-02-27T16:44:26","date_gmt":"2022-02-27T22:44:26","guid":{"rendered":"https:\/\/acuariosupremus.com\/?post_type=product&#038;p=3827"},"modified":"2026-01-21T16:02:05","modified_gmt":"2026-01-21T22:02:05","slug":"spray-control-caida-250-ml","status":"publish","type":"product","link":"https:\/\/acuariosupremus.com\/?product=spray-control-caida-250-ml","title":{"rendered":"SPRAY CONTROL CAIDA 250 ML."},"content":{"rendered":"<p>Instrucciones:<br \/>\nRoc\u00ede de dos a cuatro aspersiones por \u00e1rea, a una distancia de 10 cm sobre el pelaje limpio de su mascota, puede aplicarse<br \/>\nsobre pelo h\u00famedo o seco. Masajee para que los extractos lleguen al fol\u00edculo y luego peine en direcci\u00f3n contraria al<br \/>\ncrecimiento del pelo. Aplique cada tercer d\u00eda para mantener un pelaje sano y brillante. Notar\u00e1 la diferencia desde el primer mes hasta los dos meses, aunque puede haber variaci\u00f3n en los resultados. Debe considerarse que el cambio del pelo o muda es un proceso natural e inevitable.<br \/>\nRecomendaciones:<br \/>\nPrecauciones y advertencias: MANT\u00c9NGASE FUERA DEL ALCANCE DE LOS NI\u00d1OS Y MASCOTAS. No aplique cerca de<br \/>\nojos ni hocico del perro, en caso de contacto accidental enjuague con abundante agua durante 5 minutos. Conserve el<br \/>\nproducto en un lugar fresco, protegido de la luz. CONSULTE AL M\u00e9DICO VETERINARIO.<br \/>\nIngredientes:<br \/>\nCada 100 ml contienen: fitocomplejo de extracto de: \u00f3rgano (Pachycerus marginatus), nogal (Juglans regia), cacahuananche (Licania arborea), chile (Capsicum annum), hueso de mamey (Calocarpum mammosum), cloruro de cetil amonio, poliquaternium, poliol \u00e9ster de \u00e1cidos grasos de coco, fragancia, metil y propil parabeno como conservador, veh\u00edculo c.b.p 100%.<br \/>\nContenido:<br \/>\n250 ML<\/p>\n","protected":false},"excerpt":{"rendered":"<p>Spray control ca\u00edda de pelaje para perros.<br \/>\nBeneficios:<br \/>\nEl Spray Control Ca\u00edda de Fancy Pets est\u00e1 elaborado a base de extractos naturales que nutren y fortalecen el pelo desde el fol\u00edculo en la etapa de crecimiento y lo ayuda a permanecer por m\u00e1s tiempo, controlando la ca\u00edda debido al debilitamiento de la ra\u00edz.<\/p>\n","protected":false},"featured_media":3828,"template":"","meta":[],"product_brand":[106],"product_cat":[73,74],"product_tag":[348],"class_list":{"0":"post-3827","1":"product","2":"type-product","3":"status-publish","4":"has-post-thumbnail","6":"product_brand-fancypets","7":"product_cat-perros","8":"product_cat-belleza-e-higiene-perros","9":"product_tag-spray-control-caida","11":"first","12":"instock","13":"sale","14":"shipping-taxable","15":"purchasable","16":"product-type-simple"},"yoast_head":"<!-- This site is optimized with the Yoast SEO plugin v27.4 - https:\/\/yoast.com\/product\/yoast-seo-wordpress\/ -->\n<title>SPRAY CONTROL CAIDA 250 ML. | Acuario Supremus<\/title>\n<meta name=\"description\" content=\"Spray control ca\u00edda de pelaje para perros, elaborado a base de extractos naturales que nutren y fortalecen el pelo desde el fol\u00edculo.\" \/>\n<meta name=\"robots\" content=\"index, follow, max-snippet:-1, max-image-preview:large, max-video-preview:-1\" \/>\n<link rel=\"canonical\" href=\"https:\/\/acuariosupremus.com\/?product=spray-control-caida-250-ml\" \/>\n<meta property=\"og:locale\" content=\"es_MX\" \/>\n<meta property=\"og:type\" content=\"article\" \/>\n<meta property=\"og:title\" content=\"SPRAY CONTROL CAIDA 250 ML. | Acuario Supremus\" \/>\n<meta property=\"og:description\" content=\"Spray control ca\u00edda de pelaje para perros, elaborado a base de extractos naturales que nutren y fortalecen el pelo desde el fol\u00edculo.\" \/>\n<meta property=\"og:url\" content=\"https:\/\/acuariosupremus.com\/?product=spray-control-caida-250-ml\" \/>\n<meta property=\"og:site_name\" content=\"Acuario Supremus\" \/>\n<meta property=\"article:publisher\" content=\"https:\/\/www.facebook.com\/AcuarioSupremus\" \/>\n<meta property=\"article:modified_time\" content=\"2026-01-21T22:02:05+00:00\" \/>\n<meta property=\"og:image\" content=\"https:\/\/acuariosupremus.com\/wp-content\/uploads\/2022\/02\/FL3855.jpg\" \/>\n\t<meta property=\"og:image:width\" content=\"1000\" \/>\n\t<meta property=\"og:image:height\" content=\"1000\" \/>\n\t<meta property=\"og:image:type\" content=\"image\/jpeg\" \/>\n<meta name=\"twitter:card\" content=\"summary_large_image\" \/>\n<meta name=\"twitter:site\" content=\"@AcuarioSupremus\" \/>\n<meta name=\"twitter:label1\" content=\"Tiempo de lectura\" \/>\n\t<meta name=\"twitter:data1\" content=\"1 minuto\" \/>\n<script type=\"application\/ld+json\" class=\"yoast-schema-graph\">{\"@context\":\"https:\\\/\\\/schema.org\",\"@graph\":[{\"@type\":\"WebPage\",\"@id\":\"https:\\\/\\\/acuariosupremus.com\\\/?product=spray-control-caida-250-ml\",\"url\":\"https:\\\/\\\/acuariosupremus.com\\\/?product=spray-control-caida-250-ml\",\"name\":\"SPRAY CONTROL CAIDA 250 ML. | Acuario Supremus\",\"isPartOf\":{\"@id\":\"https:\\\/\\\/acuariosupremus.com\\\/#website\"},\"primaryImageOfPage\":{\"@id\":\"https:\\\/\\\/acuariosupremus.com\\\/?product=spray-control-caida-250-ml#primaryimage\"},\"image\":{\"@id\":\"https:\\\/\\\/acuariosupremus.com\\\/?product=spray-control-caida-250-ml#primaryimage\"},\"thumbnailUrl\":\"https:\\\/\\\/acuariosupremus.com\\\/wp-content\\\/uploads\\\/2022\\\/02\\\/FL3855.jpg\",\"datePublished\":\"2022-02-27T22:44:26+00:00\",\"dateModified\":\"2026-01-21T22:02:05+00:00\",\"description\":\"Spray control ca\u00edda de pelaje para perros, elaborado a base de extractos naturales que nutren y fortalecen el pelo desde el fol\u00edculo.\",\"breadcrumb\":{\"@id\":\"https:\\\/\\\/acuariosupremus.com\\\/?product=spray-control-caida-250-ml#breadcrumb\"},\"inLanguage\":\"es\",\"potentialAction\":[{\"@type\":\"ReadAction\",\"target\":[\"https:\\\/\\\/acuariosupremus.com\\\/?product=spray-control-caida-250-ml\"]}]},{\"@type\":\"ImageObject\",\"inLanguage\":\"es\",\"@id\":\"https:\\\/\\\/acuariosupremus.com\\\/?product=spray-control-caida-250-ml#primaryimage\",\"url\":\"https:\\\/\\\/acuariosupremus.com\\\/wp-content\\\/uploads\\\/2022\\\/02\\\/FL3855.jpg\",\"contentUrl\":\"https:\\\/\\\/acuariosupremus.com\\\/wp-content\\\/uploads\\\/2022\\\/02\\\/FL3855.jpg\",\"width\":1000,\"height\":1000},{\"@type\":\"BreadcrumbList\",\"@id\":\"https:\\\/\\\/acuariosupremus.com\\\/?product=spray-control-caida-250-ml#breadcrumb\",\"itemListElement\":[{\"@type\":\"ListItem\",\"position\":1,\"name\":\"Portada\",\"item\":\"https:\\\/\\\/acuariosupremus.com\\\/\"},{\"@type\":\"ListItem\",\"position\":2,\"name\":\"Tienda\",\"item\":\"https:\\\/\\\/acuariosupremus.com\\\/tienda\\\/\"},{\"@type\":\"ListItem\",\"position\":3,\"name\":\"SPRAY CONTROL CAIDA 250 ML.\"}]},{\"@type\":\"WebSite\",\"@id\":\"https:\\\/\\\/acuariosupremus.com\\\/#website\",\"url\":\"https:\\\/\\\/acuariosupremus.com\\\/\",\"name\":\"Acuario Supremus\",\"description\":\"Peces, Peceras y Mascotas.\",\"publisher\":{\"@id\":\"https:\\\/\\\/acuariosupremus.com\\\/#organization\"},\"potentialAction\":[{\"@type\":\"SearchAction\",\"target\":{\"@type\":\"EntryPoint\",\"urlTemplate\":\"https:\\\/\\\/acuariosupremus.com\\\/?s={search_term_string}\"},\"query-input\":{\"@type\":\"PropertyValueSpecification\",\"valueRequired\":true,\"valueName\":\"search_term_string\"}}],\"inLanguage\":\"es\"},{\"@type\":\"Organization\",\"@id\":\"https:\\\/\\\/acuariosupremus.com\\\/#organization\",\"name\":\"Acuario Supremus\",\"url\":\"https:\\\/\\\/acuariosupremus.com\\\/\",\"logo\":{\"@type\":\"ImageObject\",\"inLanguage\":\"es\",\"@id\":\"https:\\\/\\\/acuariosupremus.com\\\/#\\\/schema\\\/logo\\\/image\\\/\",\"url\":\"https:\\\/\\\/acuariosupremus.com\\\/wp-content\\\/uploads\\\/2021\\\/12\\\/cropped-logo_acuario_supremus_fn-2.png\",\"contentUrl\":\"https:\\\/\\\/acuariosupremus.com\\\/wp-content\\\/uploads\\\/2021\\\/12\\\/cropped-logo_acuario_supremus_fn-2.png\",\"width\":1000,\"height\":318,\"caption\":\"Acuario Supremus\"},\"image\":{\"@id\":\"https:\\\/\\\/acuariosupremus.com\\\/#\\\/schema\\\/logo\\\/image\\\/\"},\"sameAs\":[\"https:\\\/\\\/www.facebook.com\\\/AcuarioSupremus\",\"https:\\\/\\\/x.com\\\/AcuarioSupremus\",\"https:\\\/\\\/www.instagram.com\\\/acuariosupremus\\\/?hl=es\"]}]}<\/script>\n<!-- \/ Yoast SEO plugin. -->","yoast_head_json":{"title":"SPRAY CONTROL CAIDA 250 ML. | Acuario Supremus","description":"Spray control ca\u00edda de pelaje para perros, elaborado a base de extractos naturales que nutren y fortalecen el pelo desde el fol\u00edculo.","robots":{"index":"index","follow":"follow","max-snippet":"max-snippet:-1","max-image-preview":"max-image-preview:large","max-video-preview":"max-video-preview:-1"},"canonical":"https:\/\/acuariosupremus.com\/?product=spray-control-caida-250-ml","og_locale":"es_MX","og_type":"article","og_title":"SPRAY CONTROL CAIDA 250 ML. | Acuario Supremus","og_description":"Spray control ca\u00edda de pelaje para perros, elaborado a base de extractos naturales que nutren y fortalecen el pelo desde el fol\u00edculo.","og_url":"https:\/\/acuariosupremus.com\/?product=spray-control-caida-250-ml","og_site_name":"Acuario Supremus","article_publisher":"https:\/\/www.facebook.com\/AcuarioSupremus","article_modified_time":"2026-01-21T22:02:05+00:00","og_image":[{"width":1000,"height":1000,"url":"https:\/\/acuariosupremus.com\/wp-content\/uploads\/2022\/02\/FL3855.jpg","type":"image\/jpeg"}],"twitter_card":"summary_large_image","twitter_site":"@AcuarioSupremus","twitter_misc":{"Tiempo de lectura":"1 minuto"},"schema":{"@context":"https:\/\/schema.org","@graph":[{"@type":"WebPage","@id":"https:\/\/acuariosupremus.com\/?product=spray-control-caida-250-ml","url":"https:\/\/acuariosupremus.com\/?product=spray-control-caida-250-ml","name":"SPRAY CONTROL CAIDA 250 ML. | Acuario Supremus","isPartOf":{"@id":"https:\/\/acuariosupremus.com\/#website"},"primaryImageOfPage":{"@id":"https:\/\/acuariosupremus.com\/?product=spray-control-caida-250-ml#primaryimage"},"image":{"@id":"https:\/\/acuariosupremus.com\/?product=spray-control-caida-250-ml#primaryimage"},"thumbnailUrl":"https:\/\/acuariosupremus.com\/wp-content\/uploads\/2022\/02\/FL3855.jpg","datePublished":"2022-02-27T22:44:26+00:00","dateModified":"2026-01-21T22:02:05+00:00","description":"Spray control ca\u00edda de pelaje para perros, elaborado a base de extractos naturales que nutren y fortalecen el pelo desde el fol\u00edculo.","breadcrumb":{"@id":"https:\/\/acuariosupremus.com\/?product=spray-control-caida-250-ml#breadcrumb"},"inLanguage":"es","potentialAction":[{"@type":"ReadAction","target":["https:\/\/acuariosupremus.com\/?product=spray-control-caida-250-ml"]}]},{"@type":"ImageObject","inLanguage":"es","@id":"https:\/\/acuariosupremus.com\/?product=spray-control-caida-250-ml#primaryimage","url":"https:\/\/acuariosupremus.com\/wp-content\/uploads\/2022\/02\/FL3855.jpg","contentUrl":"https:\/\/acuariosupremus.com\/wp-content\/uploads\/2022\/02\/FL3855.jpg","width":1000,"height":1000},{"@type":"BreadcrumbList","@id":"https:\/\/acuariosupremus.com\/?product=spray-control-caida-250-ml#breadcrumb","itemListElement":[{"@type":"ListItem","position":1,"name":"Portada","item":"https:\/\/acuariosupremus.com\/"},{"@type":"ListItem","position":2,"name":"Tienda","item":"https:\/\/acuariosupremus.com\/tienda\/"},{"@type":"ListItem","position":3,"name":"SPRAY CONTROL CAIDA 250 ML."}]},{"@type":"WebSite","@id":"https:\/\/acuariosupremus.com\/#website","url":"https:\/\/acuariosupremus.com\/","name":"Acuario Supremus","description":"Peces, Peceras y Mascotas.","publisher":{"@id":"https:\/\/acuariosupremus.com\/#organization"},"potentialAction":[{"@type":"SearchAction","target":{"@type":"EntryPoint","urlTemplate":"https:\/\/acuariosupremus.com\/?s={search_term_string}"},"query-input":{"@type":"PropertyValueSpecification","valueRequired":true,"valueName":"search_term_string"}}],"inLanguage":"es"},{"@type":"Organization","@id":"https:\/\/acuariosupremus.com\/#organization","name":"Acuario Supremus","url":"https:\/\/acuariosupremus.com\/","logo":{"@type":"ImageObject","inLanguage":"es","@id":"https:\/\/acuariosupremus.com\/#\/schema\/logo\/image\/","url":"https:\/\/acuariosupremus.com\/wp-content\/uploads\/2021\/12\/cropped-logo_acuario_supremus_fn-2.png","contentUrl":"https:\/\/acuariosupremus.com\/wp-content\/uploads\/2021\/12\/cropped-logo_acuario_supremus_fn-2.png","width":1000,"height":318,"caption":"Acuario Supremus"},"image":{"@id":"https:\/\/acuariosupremus.com\/#\/schema\/logo\/image\/"},"sameAs":["https:\/\/www.facebook.com\/AcuarioSupremus","https:\/\/x.com\/AcuarioSupremus","https:\/\/www.instagram.com\/acuariosupremus\/?hl=es"]}]}},"jetpack_sharing_enabled":true,"_links":{"self":[{"href":"https:\/\/acuariosupremus.com\/index.php?rest_route=\/wp\/v2\/product\/3827","targetHints":{"allow":["GET"]}}],"collection":[{"href":"https:\/\/acuariosupremus.com\/index.php?rest_route=\/wp\/v2\/product"}],"about":[{"href":"https:\/\/acuariosupremus.com\/index.php?rest_route=\/wp\/v2\/types\/product"}],"wp:featuredmedia":[{"embeddable":true,"href":"https:\/\/acuariosupremus.com\/index.php?rest_route=\/wp\/v2\/media\/3828"}],"wp:attachment":[{"href":"https:\/\/acuariosupremus.com\/index.php?rest_route=%2Fwp%2Fv2%2Fmedia&parent=3827"}],"wp:term":[{"taxonomy":"product_brand","embeddable":true,"href":"https:\/\/acuariosupremus.com\/index.php?rest_route=%2Fwp%2Fv2%2Fproduct_brand&post=3827"},{"taxonomy":"product_cat","embeddable":true,"href":"https:\/\/acuariosupremus.com\/index.php?rest_route=%2Fwp%2Fv2%2Fproduct_cat&post=3827"},{"taxonomy":"product_tag","embeddable":true,"href":"https:\/\/acuariosupremus.com\/index.php?rest_route=%2Fwp%2Fv2%2Fproduct_tag&post=3827"}],"curies":[{"name":"wp","href":"https:\/\/api.w.org\/{rel}","templated":true}]}}