{"id":3848,"date":"2022-02-27T19:19:35","date_gmt":"2022-02-28T01:19:35","guid":{"rendered":"https:\/\/acuariosupremus.com\/?post_type=product&#038;p=3848"},"modified":"2026-01-21T16:35:37","modified_gmt":"2026-01-21T22:35:37","slug":"espuma-para-bano-en-seco-essentials-300-ml","status":"publish","type":"product","link":"https:\/\/acuariosupremus.com\/?product=espuma-para-bano-en-seco-essentials-300-ml","title":{"rendered":"ESPUMA PARA BA\u00d1O EN SECO 300 ML."},"content":{"rendered":"<p>Instrucciones:<br \/>\nAgite antes de usar. Tome con sus dos manos una cantidad generosa de Shampoo Espuma en Seco Essentials de Fancy Pets y fr\u00f3tela uniformemente a contrapelo de la mascota. Con una toalla limpia y seca, remueva el exceso de producto. Por \u00faltimo, cepille el manto.<br \/>\nRecomendaciones:<br \/>\nReocmendaciones y advertencias:<br \/>\nEvite el contacto con los ojos.<br \/>\nMant\u00e9ngase fuera del alcance de los ni\u00f1os.<br \/>\nNo lo exponga al calor o fuego directo.<br \/>\nCons\u00e9rvese en un lugar fresco y seco.<br \/>\nEL USO DE ESTE PRODUCTO ES RESPONSABILIDAD DEL DUE\u00d1O DE LA<br \/>\nMASCOTA.<br \/>\nIngredientes:<br \/>\nLauril \u00e9ter sulfato de sodio (m\u00edn. 25%), propelentes butano, isobutano y propano, dietanolamida de \u00e1cidos grasos de coco, cocoamida propil beta\u00edna, lauril poliglucosido, propilenglicol, fragancia, formaldeh\u00eddo como conservador, EDTA, nitrito de sodio, benzofenona 3, Aloe vera, veh\u00edculo c.b.p. 100%.<br \/>\nContenido:<br \/>\n<strong>300 mL<\/strong><\/p>\n","protected":false},"excerpt":{"rendered":"<p>El Shampoo Espuma en seco Essentials Fancy Pets\u00ae es ideal cuando las mascotas que por muchas razones no pueden<br \/>\nutilizar el agua en el ba\u00f1o. Es f\u00e1cil y r\u00e1pido de aplicar dejando el pelo de su mascota limpio y con un aroma agradable. Elproducto puede ser empleado en animales reci\u00e9n nacidos, cachorros, geri\u00e1tricos, con cirug\u00eda, enfermos, con miedo al agua o incluso en \u00e9pocas de fr\u00edo. Este producto no sustituye el ba\u00f1o con agua.<br \/>\nBeneficios:<br \/>\n&#8211; Deja el pelo limpio y con aroma agradable.<br \/>\n&#8211; No necesita agua para su uso.<br \/>\n&#8211; Contiene extracto de Aloe vera para cuidar la piel de la mascota.<br \/>\n&#8211; No es t\u00f3xico.<\/p>\n","protected":false},"featured_media":3849,"template":"","meta":[],"product_brand":[106],"product_cat":[73,74],"product_tag":[304,347],"class_list":{"0":"post-3848","1":"product","2":"type-product","3":"status-publish","4":"has-post-thumbnail","6":"product_brand-fancypets","7":"product_cat-perros","8":"product_cat-belleza-e-higiene-perros","9":"product_tag-bano-seco-gatos","10":"product_tag-bano-seco-perros","12":"first","13":"instock","14":"sale","15":"shipping-taxable","16":"purchasable","17":"product-type-simple"},"yoast_head":"<!-- This site is optimized with the Yoast SEO plugin v27.4 - https:\/\/yoast.com\/product\/yoast-seo-wordpress\/ -->\n<title>ESPUMA PARA BA\u00d1O EN SECO 300 ML. | Acuario Supremus<\/title>\n<meta name=\"description\" content=\"El Shampoo Espuma en seco 300 ml, es f\u00e1cil y r\u00e1pido de aplicar dejando el pelo de su mascota limpio y con un aroma agradable.\" \/>\n<meta name=\"robots\" content=\"index, follow, max-snippet:-1, max-image-preview:large, max-video-preview:-1\" \/>\n<link rel=\"canonical\" href=\"https:\/\/acuariosupremus.com\/?product=espuma-para-bano-en-seco-essentials-300-ml\" \/>\n<meta property=\"og:locale\" content=\"es_MX\" \/>\n<meta property=\"og:type\" content=\"article\" \/>\n<meta property=\"og:title\" content=\"ESPUMA PARA BA\u00d1O EN SECO 300 ML. | Acuario Supremus\" \/>\n<meta property=\"og:description\" content=\"El Shampoo Espuma en seco 300 ml, es f\u00e1cil y r\u00e1pido de aplicar dejando el pelo de su mascota limpio y con un aroma agradable.\" \/>\n<meta property=\"og:url\" content=\"https:\/\/acuariosupremus.com\/?product=espuma-para-bano-en-seco-essentials-300-ml\" \/>\n<meta property=\"og:site_name\" content=\"Acuario Supremus\" \/>\n<meta property=\"article:publisher\" content=\"https:\/\/www.facebook.com\/AcuarioSupremus\" \/>\n<meta property=\"article:modified_time\" content=\"2026-01-21T22:35:37+00:00\" \/>\n<meta property=\"og:image\" content=\"https:\/\/acuariosupremus.com\/wp-content\/uploads\/2022\/02\/FL3942.jpg\" \/>\n\t<meta property=\"og:image:width\" content=\"1000\" \/>\n\t<meta property=\"og:image:height\" content=\"1000\" \/>\n\t<meta property=\"og:image:type\" content=\"image\/jpeg\" \/>\n<meta name=\"twitter:card\" content=\"summary_large_image\" \/>\n<meta name=\"twitter:site\" content=\"@AcuarioSupremus\" \/>\n<meta name=\"twitter:label1\" content=\"Tiempo de lectura\" \/>\n\t<meta name=\"twitter:data1\" content=\"1 minuto\" \/>\n<script type=\"application\/ld+json\" class=\"yoast-schema-graph\">{\"@context\":\"https:\\\/\\\/schema.org\",\"@graph\":[{\"@type\":\"WebPage\",\"@id\":\"https:\\\/\\\/acuariosupremus.com\\\/?product=espuma-para-bano-en-seco-essentials-300-ml\",\"url\":\"https:\\\/\\\/acuariosupremus.com\\\/?product=espuma-para-bano-en-seco-essentials-300-ml\",\"name\":\"ESPUMA PARA BA\u00d1O EN SECO 300 ML. | Acuario Supremus\",\"isPartOf\":{\"@id\":\"https:\\\/\\\/acuariosupremus.com\\\/#website\"},\"primaryImageOfPage\":{\"@id\":\"https:\\\/\\\/acuariosupremus.com\\\/?product=espuma-para-bano-en-seco-essentials-300-ml#primaryimage\"},\"image\":{\"@id\":\"https:\\\/\\\/acuariosupremus.com\\\/?product=espuma-para-bano-en-seco-essentials-300-ml#primaryimage\"},\"thumbnailUrl\":\"https:\\\/\\\/acuariosupremus.com\\\/wp-content\\\/uploads\\\/2022\\\/02\\\/FL3942.jpg\",\"datePublished\":\"2022-02-28T01:19:35+00:00\",\"dateModified\":\"2026-01-21T22:35:37+00:00\",\"description\":\"El Shampoo Espuma en seco 300 ml, es f\u00e1cil y r\u00e1pido de aplicar dejando el pelo de su mascota limpio y con un aroma agradable.\",\"breadcrumb\":{\"@id\":\"https:\\\/\\\/acuariosupremus.com\\\/?product=espuma-para-bano-en-seco-essentials-300-ml#breadcrumb\"},\"inLanguage\":\"es\",\"potentialAction\":[{\"@type\":\"ReadAction\",\"target\":[\"https:\\\/\\\/acuariosupremus.com\\\/?product=espuma-para-bano-en-seco-essentials-300-ml\"]}]},{\"@type\":\"ImageObject\",\"inLanguage\":\"es\",\"@id\":\"https:\\\/\\\/acuariosupremus.com\\\/?product=espuma-para-bano-en-seco-essentials-300-ml#primaryimage\",\"url\":\"https:\\\/\\\/acuariosupremus.com\\\/wp-content\\\/uploads\\\/2022\\\/02\\\/FL3942.jpg\",\"contentUrl\":\"https:\\\/\\\/acuariosupremus.com\\\/wp-content\\\/uploads\\\/2022\\\/02\\\/FL3942.jpg\",\"width\":1000,\"height\":1000},{\"@type\":\"BreadcrumbList\",\"@id\":\"https:\\\/\\\/acuariosupremus.com\\\/?product=espuma-para-bano-en-seco-essentials-300-ml#breadcrumb\",\"itemListElement\":[{\"@type\":\"ListItem\",\"position\":1,\"name\":\"Portada\",\"item\":\"https:\\\/\\\/acuariosupremus.com\\\/\"},{\"@type\":\"ListItem\",\"position\":2,\"name\":\"Tienda\",\"item\":\"https:\\\/\\\/acuariosupremus.com\\\/tienda\\\/\"},{\"@type\":\"ListItem\",\"position\":3,\"name\":\"ESPUMA PARA BA\u00d1O EN SECO 300 ML.\"}]},{\"@type\":\"WebSite\",\"@id\":\"https:\\\/\\\/acuariosupremus.com\\\/#website\",\"url\":\"https:\\\/\\\/acuariosupremus.com\\\/\",\"name\":\"Acuario Supremus\",\"description\":\"Peces, Peceras y Mascotas.\",\"publisher\":{\"@id\":\"https:\\\/\\\/acuariosupremus.com\\\/#organization\"},\"potentialAction\":[{\"@type\":\"SearchAction\",\"target\":{\"@type\":\"EntryPoint\",\"urlTemplate\":\"https:\\\/\\\/acuariosupremus.com\\\/?s={search_term_string}\"},\"query-input\":{\"@type\":\"PropertyValueSpecification\",\"valueRequired\":true,\"valueName\":\"search_term_string\"}}],\"inLanguage\":\"es\"},{\"@type\":\"Organization\",\"@id\":\"https:\\\/\\\/acuariosupremus.com\\\/#organization\",\"name\":\"Acuario Supremus\",\"url\":\"https:\\\/\\\/acuariosupremus.com\\\/\",\"logo\":{\"@type\":\"ImageObject\",\"inLanguage\":\"es\",\"@id\":\"https:\\\/\\\/acuariosupremus.com\\\/#\\\/schema\\\/logo\\\/image\\\/\",\"url\":\"https:\\\/\\\/acuariosupremus.com\\\/wp-content\\\/uploads\\\/2021\\\/12\\\/cropped-logo_acuario_supremus_fn-2.png\",\"contentUrl\":\"https:\\\/\\\/acuariosupremus.com\\\/wp-content\\\/uploads\\\/2021\\\/12\\\/cropped-logo_acuario_supremus_fn-2.png\",\"width\":1000,\"height\":318,\"caption\":\"Acuario Supremus\"},\"image\":{\"@id\":\"https:\\\/\\\/acuariosupremus.com\\\/#\\\/schema\\\/logo\\\/image\\\/\"},\"sameAs\":[\"https:\\\/\\\/www.facebook.com\\\/AcuarioSupremus\",\"https:\\\/\\\/x.com\\\/AcuarioSupremus\",\"https:\\\/\\\/www.instagram.com\\\/acuariosupremus\\\/?hl=es\"]}]}<\/script>\n<!-- \/ Yoast SEO plugin. -->","yoast_head_json":{"title":"ESPUMA PARA BA\u00d1O EN SECO 300 ML. | Acuario Supremus","description":"El Shampoo Espuma en seco 300 ml, es f\u00e1cil y r\u00e1pido de aplicar dejando el pelo de su mascota limpio y con un aroma agradable.","robots":{"index":"index","follow":"follow","max-snippet":"max-snippet:-1","max-image-preview":"max-image-preview:large","max-video-preview":"max-video-preview:-1"},"canonical":"https:\/\/acuariosupremus.com\/?product=espuma-para-bano-en-seco-essentials-300-ml","og_locale":"es_MX","og_type":"article","og_title":"ESPUMA PARA BA\u00d1O EN SECO 300 ML. | Acuario Supremus","og_description":"El Shampoo Espuma en seco 300 ml, es f\u00e1cil y r\u00e1pido de aplicar dejando el pelo de su mascota limpio y con un aroma agradable.","og_url":"https:\/\/acuariosupremus.com\/?product=espuma-para-bano-en-seco-essentials-300-ml","og_site_name":"Acuario Supremus","article_publisher":"https:\/\/www.facebook.com\/AcuarioSupremus","article_modified_time":"2026-01-21T22:35:37+00:00","og_image":[{"width":1000,"height":1000,"url":"https:\/\/acuariosupremus.com\/wp-content\/uploads\/2022\/02\/FL3942.jpg","type":"image\/jpeg"}],"twitter_card":"summary_large_image","twitter_site":"@AcuarioSupremus","twitter_misc":{"Tiempo de lectura":"1 minuto"},"schema":{"@context":"https:\/\/schema.org","@graph":[{"@type":"WebPage","@id":"https:\/\/acuariosupremus.com\/?product=espuma-para-bano-en-seco-essentials-300-ml","url":"https:\/\/acuariosupremus.com\/?product=espuma-para-bano-en-seco-essentials-300-ml","name":"ESPUMA PARA BA\u00d1O EN SECO 300 ML. | Acuario Supremus","isPartOf":{"@id":"https:\/\/acuariosupremus.com\/#website"},"primaryImageOfPage":{"@id":"https:\/\/acuariosupremus.com\/?product=espuma-para-bano-en-seco-essentials-300-ml#primaryimage"},"image":{"@id":"https:\/\/acuariosupremus.com\/?product=espuma-para-bano-en-seco-essentials-300-ml#primaryimage"},"thumbnailUrl":"https:\/\/acuariosupremus.com\/wp-content\/uploads\/2022\/02\/FL3942.jpg","datePublished":"2022-02-28T01:19:35+00:00","dateModified":"2026-01-21T22:35:37+00:00","description":"El Shampoo Espuma en seco 300 ml, es f\u00e1cil y r\u00e1pido de aplicar dejando el pelo de su mascota limpio y con un aroma agradable.","breadcrumb":{"@id":"https:\/\/acuariosupremus.com\/?product=espuma-para-bano-en-seco-essentials-300-ml#breadcrumb"},"inLanguage":"es","potentialAction":[{"@type":"ReadAction","target":["https:\/\/acuariosupremus.com\/?product=espuma-para-bano-en-seco-essentials-300-ml"]}]},{"@type":"ImageObject","inLanguage":"es","@id":"https:\/\/acuariosupremus.com\/?product=espuma-para-bano-en-seco-essentials-300-ml#primaryimage","url":"https:\/\/acuariosupremus.com\/wp-content\/uploads\/2022\/02\/FL3942.jpg","contentUrl":"https:\/\/acuariosupremus.com\/wp-content\/uploads\/2022\/02\/FL3942.jpg","width":1000,"height":1000},{"@type":"BreadcrumbList","@id":"https:\/\/acuariosupremus.com\/?product=espuma-para-bano-en-seco-essentials-300-ml#breadcrumb","itemListElement":[{"@type":"ListItem","position":1,"name":"Portada","item":"https:\/\/acuariosupremus.com\/"},{"@type":"ListItem","position":2,"name":"Tienda","item":"https:\/\/acuariosupremus.com\/tienda\/"},{"@type":"ListItem","position":3,"name":"ESPUMA PARA BA\u00d1O EN SECO 300 ML."}]},{"@type":"WebSite","@id":"https:\/\/acuariosupremus.com\/#website","url":"https:\/\/acuariosupremus.com\/","name":"Acuario Supremus","description":"Peces, Peceras y Mascotas.","publisher":{"@id":"https:\/\/acuariosupremus.com\/#organization"},"potentialAction":[{"@type":"SearchAction","target":{"@type":"EntryPoint","urlTemplate":"https:\/\/acuariosupremus.com\/?s={search_term_string}"},"query-input":{"@type":"PropertyValueSpecification","valueRequired":true,"valueName":"search_term_string"}}],"inLanguage":"es"},{"@type":"Organization","@id":"https:\/\/acuariosupremus.com\/#organization","name":"Acuario Supremus","url":"https:\/\/acuariosupremus.com\/","logo":{"@type":"ImageObject","inLanguage":"es","@id":"https:\/\/acuariosupremus.com\/#\/schema\/logo\/image\/","url":"https:\/\/acuariosupremus.com\/wp-content\/uploads\/2021\/12\/cropped-logo_acuario_supremus_fn-2.png","contentUrl":"https:\/\/acuariosupremus.com\/wp-content\/uploads\/2021\/12\/cropped-logo_acuario_supremus_fn-2.png","width":1000,"height":318,"caption":"Acuario Supremus"},"image":{"@id":"https:\/\/acuariosupremus.com\/#\/schema\/logo\/image\/"},"sameAs":["https:\/\/www.facebook.com\/AcuarioSupremus","https:\/\/x.com\/AcuarioSupremus","https:\/\/www.instagram.com\/acuariosupremus\/?hl=es"]}]}},"jetpack_sharing_enabled":true,"_links":{"self":[{"href":"https:\/\/acuariosupremus.com\/index.php?rest_route=\/wp\/v2\/product\/3848","targetHints":{"allow":["GET"]}}],"collection":[{"href":"https:\/\/acuariosupremus.com\/index.php?rest_route=\/wp\/v2\/product"}],"about":[{"href":"https:\/\/acuariosupremus.com\/index.php?rest_route=\/wp\/v2\/types\/product"}],"wp:featuredmedia":[{"embeddable":true,"href":"https:\/\/acuariosupremus.com\/index.php?rest_route=\/wp\/v2\/media\/3849"}],"wp:attachment":[{"href":"https:\/\/acuariosupremus.com\/index.php?rest_route=%2Fwp%2Fv2%2Fmedia&parent=3848"}],"wp:term":[{"taxonomy":"product_brand","embeddable":true,"href":"https:\/\/acuariosupremus.com\/index.php?rest_route=%2Fwp%2Fv2%2Fproduct_brand&post=3848"},{"taxonomy":"product_cat","embeddable":true,"href":"https:\/\/acuariosupremus.com\/index.php?rest_route=%2Fwp%2Fv2%2Fproduct_cat&post=3848"},{"taxonomy":"product_tag","embeddable":true,"href":"https:\/\/acuariosupremus.com\/index.php?rest_route=%2Fwp%2Fv2%2Fproduct_tag&post=3848"}],"curies":[{"name":"wp","href":"https:\/\/api.w.org\/{rel}","templated":true}]}}