{"id":3885,"date":"2022-02-28T15:33:06","date_gmt":"2022-02-28T21:33:06","guid":{"rendered":"https:\/\/acuariosupremus.com\/?post_type=product&#038;p=3885"},"modified":"2026-01-21T16:48:23","modified_gmt":"2026-01-21T22:48:23","slug":"shampoo-uso-general-essentials-500-ml","status":"publish","type":"product","link":"https:\/\/acuariosupremus.com\/?product=shampoo-uso-general-essentials-500-ml","title":{"rendered":"SHAMPOO USO GENERAL ESSENTIALS 500 ML."},"content":{"rendered":"<p>Instrucciones:<br \/>\nMoje a su perro con agua tibia.<br \/>\nAplique shampoo directamente sobre el pelo y masajee hasta obtener espuma abundante.<br \/>\nEnjuague, seque con una toalla y cepille hasta obtener un pelaje lustroso.<br \/>\nRecomendaciones:<br \/>\nAdvertencias:<br \/>\nProducto para uso veterinario. Mant\u00e9ngase fuera del alcance de los ni\u00f1os.<br \/>\nIngredientes:<br \/>\nLauril eter sulfato de sodio, cocoamida propil beta\u00edna, glicerina, dietanolamida de \u00e1cidos grasos de coco, poliquaternium, poliol ester de aceite graso de coco, oleato de glicerilo y coco glucoside, metil y propil parabenos, fragancia, cloruro de sodio y \u00e1cido c\u00edtrico.<\/p>\n<p>Contenido:<br \/>\n<strong>500 ml.<\/strong><\/p>\n","protected":false},"excerpt":{"rendered":"<p>El Shampoo Essentials para Todo Tipo de Pelo de Fancy Pets est\u00e1 formulado para remover la suciedad hasta del pelaje m\u00e1s complejo, dej\u00e1ndolo suave para un f\u00e1cil cepillado. No irrita la piel ni los ojos del perro.<br \/>\nVentajas:<br \/>\nLimpia e hidrata. Suaviza y fortalece el pelaje.<\/p>\n","protected":false},"featured_media":3886,"template":"","meta":[],"product_brand":[106],"product_cat":[73,74],"product_tag":[352],"class_list":{"0":"post-3885","1":"product","2":"type-product","3":"status-publish","4":"has-post-thumbnail","6":"product_brand-fancypets","7":"product_cat-perros","8":"product_cat-belleza-e-higiene-perros","9":"product_tag-shampoo-perros","11":"first","12":"instock","13":"sale","14":"shipping-taxable","15":"purchasable","16":"product-type-simple"},"yoast_head":"<!-- This site is optimized with the Yoast SEO plugin v27.4 - https:\/\/yoast.com\/product\/yoast-seo-wordpress\/ -->\n<title>SHAMPOO USO GENERAL ESSENTIALS 500 ML. | Acuario Supremus<\/title>\n<meta name=\"description\" content=\"El Shampoo para Todo Tipo de Pelo 500 ml, remueve la suciedad hasta del pelaje m\u00e1s complejo, dej\u00e1ndolo suave ,No irrita la piel ni los ojos del perro.\" \/>\n<meta name=\"robots\" content=\"index, follow, max-snippet:-1, max-image-preview:large, max-video-preview:-1\" \/>\n<link rel=\"canonical\" href=\"https:\/\/acuariosupremus.com\/?product=shampoo-uso-general-essentials-500-ml\" \/>\n<meta property=\"og:locale\" content=\"es_MX\" \/>\n<meta property=\"og:type\" content=\"article\" \/>\n<meta property=\"og:title\" content=\"SHAMPOO USO GENERAL ESSENTIALS 500 ML. | Acuario Supremus\" \/>\n<meta property=\"og:description\" content=\"El Shampoo para Todo Tipo de Pelo 500 ml, remueve la suciedad hasta del pelaje m\u00e1s complejo, dej\u00e1ndolo suave ,No irrita la piel ni los ojos del perro.\" \/>\n<meta property=\"og:url\" content=\"https:\/\/acuariosupremus.com\/?product=shampoo-uso-general-essentials-500-ml\" \/>\n<meta property=\"og:site_name\" content=\"Acuario Supremus\" \/>\n<meta property=\"article:publisher\" content=\"https:\/\/www.facebook.com\/AcuarioSupremus\" \/>\n<meta property=\"article:modified_time\" content=\"2026-01-21T22:48:23+00:00\" \/>\n<meta property=\"og:image\" content=\"https:\/\/acuariosupremus.com\/wp-content\/uploads\/2022\/02\/FL3970.jpg\" \/>\n\t<meta property=\"og:image:width\" content=\"1000\" \/>\n\t<meta property=\"og:image:height\" content=\"1000\" \/>\n\t<meta property=\"og:image:type\" content=\"image\/jpeg\" \/>\n<meta name=\"twitter:card\" content=\"summary_large_image\" \/>\n<meta name=\"twitter:site\" content=\"@AcuarioSupremus\" \/>\n<meta name=\"twitter:label1\" content=\"Tiempo de lectura\" \/>\n\t<meta name=\"twitter:data1\" content=\"1 minuto\" \/>\n<script type=\"application\/ld+json\" class=\"yoast-schema-graph\">{\"@context\":\"https:\\\/\\\/schema.org\",\"@graph\":[{\"@type\":\"WebPage\",\"@id\":\"https:\\\/\\\/acuariosupremus.com\\\/?product=shampoo-uso-general-essentials-500-ml\",\"url\":\"https:\\\/\\\/acuariosupremus.com\\\/?product=shampoo-uso-general-essentials-500-ml\",\"name\":\"SHAMPOO USO GENERAL ESSENTIALS 500 ML. | Acuario Supremus\",\"isPartOf\":{\"@id\":\"https:\\\/\\\/acuariosupremus.com\\\/#website\"},\"primaryImageOfPage\":{\"@id\":\"https:\\\/\\\/acuariosupremus.com\\\/?product=shampoo-uso-general-essentials-500-ml#primaryimage\"},\"image\":{\"@id\":\"https:\\\/\\\/acuariosupremus.com\\\/?product=shampoo-uso-general-essentials-500-ml#primaryimage\"},\"thumbnailUrl\":\"https:\\\/\\\/acuariosupremus.com\\\/wp-content\\\/uploads\\\/2022\\\/02\\\/FL3970.jpg\",\"datePublished\":\"2022-02-28T21:33:06+00:00\",\"dateModified\":\"2026-01-21T22:48:23+00:00\",\"description\":\"El Shampoo para Todo Tipo de Pelo 500 ml, remueve la suciedad hasta del pelaje m\u00e1s complejo, dej\u00e1ndolo suave ,No irrita la piel ni los ojos del perro.\",\"breadcrumb\":{\"@id\":\"https:\\\/\\\/acuariosupremus.com\\\/?product=shampoo-uso-general-essentials-500-ml#breadcrumb\"},\"inLanguage\":\"es\",\"potentialAction\":[{\"@type\":\"ReadAction\",\"target\":[\"https:\\\/\\\/acuariosupremus.com\\\/?product=shampoo-uso-general-essentials-500-ml\"]}]},{\"@type\":\"ImageObject\",\"inLanguage\":\"es\",\"@id\":\"https:\\\/\\\/acuariosupremus.com\\\/?product=shampoo-uso-general-essentials-500-ml#primaryimage\",\"url\":\"https:\\\/\\\/acuariosupremus.com\\\/wp-content\\\/uploads\\\/2022\\\/02\\\/FL3970.jpg\",\"contentUrl\":\"https:\\\/\\\/acuariosupremus.com\\\/wp-content\\\/uploads\\\/2022\\\/02\\\/FL3970.jpg\",\"width\":1000,\"height\":1000},{\"@type\":\"BreadcrumbList\",\"@id\":\"https:\\\/\\\/acuariosupremus.com\\\/?product=shampoo-uso-general-essentials-500-ml#breadcrumb\",\"itemListElement\":[{\"@type\":\"ListItem\",\"position\":1,\"name\":\"Portada\",\"item\":\"https:\\\/\\\/acuariosupremus.com\\\/\"},{\"@type\":\"ListItem\",\"position\":2,\"name\":\"Tienda\",\"item\":\"https:\\\/\\\/acuariosupremus.com\\\/tienda\\\/\"},{\"@type\":\"ListItem\",\"position\":3,\"name\":\"SHAMPOO USO GENERAL ESSENTIALS 500 ML.\"}]},{\"@type\":\"WebSite\",\"@id\":\"https:\\\/\\\/acuariosupremus.com\\\/#website\",\"url\":\"https:\\\/\\\/acuariosupremus.com\\\/\",\"name\":\"Acuario Supremus\",\"description\":\"Peces, Peceras y Mascotas.\",\"publisher\":{\"@id\":\"https:\\\/\\\/acuariosupremus.com\\\/#organization\"},\"potentialAction\":[{\"@type\":\"SearchAction\",\"target\":{\"@type\":\"EntryPoint\",\"urlTemplate\":\"https:\\\/\\\/acuariosupremus.com\\\/?s={search_term_string}\"},\"query-input\":{\"@type\":\"PropertyValueSpecification\",\"valueRequired\":true,\"valueName\":\"search_term_string\"}}],\"inLanguage\":\"es\"},{\"@type\":\"Organization\",\"@id\":\"https:\\\/\\\/acuariosupremus.com\\\/#organization\",\"name\":\"Acuario Supremus\",\"url\":\"https:\\\/\\\/acuariosupremus.com\\\/\",\"logo\":{\"@type\":\"ImageObject\",\"inLanguage\":\"es\",\"@id\":\"https:\\\/\\\/acuariosupremus.com\\\/#\\\/schema\\\/logo\\\/image\\\/\",\"url\":\"https:\\\/\\\/acuariosupremus.com\\\/wp-content\\\/uploads\\\/2021\\\/12\\\/cropped-logo_acuario_supremus_fn-2.png\",\"contentUrl\":\"https:\\\/\\\/acuariosupremus.com\\\/wp-content\\\/uploads\\\/2021\\\/12\\\/cropped-logo_acuario_supremus_fn-2.png\",\"width\":1000,\"height\":318,\"caption\":\"Acuario Supremus\"},\"image\":{\"@id\":\"https:\\\/\\\/acuariosupremus.com\\\/#\\\/schema\\\/logo\\\/image\\\/\"},\"sameAs\":[\"https:\\\/\\\/www.facebook.com\\\/AcuarioSupremus\",\"https:\\\/\\\/x.com\\\/AcuarioSupremus\",\"https:\\\/\\\/www.instagram.com\\\/acuariosupremus\\\/?hl=es\"]}]}<\/script>\n<!-- \/ Yoast SEO plugin. -->","yoast_head_json":{"title":"SHAMPOO USO GENERAL ESSENTIALS 500 ML. | Acuario Supremus","description":"El Shampoo para Todo Tipo de Pelo 500 ml, remueve la suciedad hasta del pelaje m\u00e1s complejo, dej\u00e1ndolo suave ,No irrita la piel ni los ojos del perro.","robots":{"index":"index","follow":"follow","max-snippet":"max-snippet:-1","max-image-preview":"max-image-preview:large","max-video-preview":"max-video-preview:-1"},"canonical":"https:\/\/acuariosupremus.com\/?product=shampoo-uso-general-essentials-500-ml","og_locale":"es_MX","og_type":"article","og_title":"SHAMPOO USO GENERAL ESSENTIALS 500 ML. | Acuario Supremus","og_description":"El Shampoo para Todo Tipo de Pelo 500 ml, remueve la suciedad hasta del pelaje m\u00e1s complejo, dej\u00e1ndolo suave ,No irrita la piel ni los ojos del perro.","og_url":"https:\/\/acuariosupremus.com\/?product=shampoo-uso-general-essentials-500-ml","og_site_name":"Acuario Supremus","article_publisher":"https:\/\/www.facebook.com\/AcuarioSupremus","article_modified_time":"2026-01-21T22:48:23+00:00","og_image":[{"width":1000,"height":1000,"url":"https:\/\/acuariosupremus.com\/wp-content\/uploads\/2022\/02\/FL3970.jpg","type":"image\/jpeg"}],"twitter_card":"summary_large_image","twitter_site":"@AcuarioSupremus","twitter_misc":{"Tiempo de lectura":"1 minuto"},"schema":{"@context":"https:\/\/schema.org","@graph":[{"@type":"WebPage","@id":"https:\/\/acuariosupremus.com\/?product=shampoo-uso-general-essentials-500-ml","url":"https:\/\/acuariosupremus.com\/?product=shampoo-uso-general-essentials-500-ml","name":"SHAMPOO USO GENERAL ESSENTIALS 500 ML. | Acuario Supremus","isPartOf":{"@id":"https:\/\/acuariosupremus.com\/#website"},"primaryImageOfPage":{"@id":"https:\/\/acuariosupremus.com\/?product=shampoo-uso-general-essentials-500-ml#primaryimage"},"image":{"@id":"https:\/\/acuariosupremus.com\/?product=shampoo-uso-general-essentials-500-ml#primaryimage"},"thumbnailUrl":"https:\/\/acuariosupremus.com\/wp-content\/uploads\/2022\/02\/FL3970.jpg","datePublished":"2022-02-28T21:33:06+00:00","dateModified":"2026-01-21T22:48:23+00:00","description":"El Shampoo para Todo Tipo de Pelo 500 ml, remueve la suciedad hasta del pelaje m\u00e1s complejo, dej\u00e1ndolo suave ,No irrita la piel ni los ojos del perro.","breadcrumb":{"@id":"https:\/\/acuariosupremus.com\/?product=shampoo-uso-general-essentials-500-ml#breadcrumb"},"inLanguage":"es","potentialAction":[{"@type":"ReadAction","target":["https:\/\/acuariosupremus.com\/?product=shampoo-uso-general-essentials-500-ml"]}]},{"@type":"ImageObject","inLanguage":"es","@id":"https:\/\/acuariosupremus.com\/?product=shampoo-uso-general-essentials-500-ml#primaryimage","url":"https:\/\/acuariosupremus.com\/wp-content\/uploads\/2022\/02\/FL3970.jpg","contentUrl":"https:\/\/acuariosupremus.com\/wp-content\/uploads\/2022\/02\/FL3970.jpg","width":1000,"height":1000},{"@type":"BreadcrumbList","@id":"https:\/\/acuariosupremus.com\/?product=shampoo-uso-general-essentials-500-ml#breadcrumb","itemListElement":[{"@type":"ListItem","position":1,"name":"Portada","item":"https:\/\/acuariosupremus.com\/"},{"@type":"ListItem","position":2,"name":"Tienda","item":"https:\/\/acuariosupremus.com\/tienda\/"},{"@type":"ListItem","position":3,"name":"SHAMPOO USO GENERAL ESSENTIALS 500 ML."}]},{"@type":"WebSite","@id":"https:\/\/acuariosupremus.com\/#website","url":"https:\/\/acuariosupremus.com\/","name":"Acuario Supremus","description":"Peces, Peceras y Mascotas.","publisher":{"@id":"https:\/\/acuariosupremus.com\/#organization"},"potentialAction":[{"@type":"SearchAction","target":{"@type":"EntryPoint","urlTemplate":"https:\/\/acuariosupremus.com\/?s={search_term_string}"},"query-input":{"@type":"PropertyValueSpecification","valueRequired":true,"valueName":"search_term_string"}}],"inLanguage":"es"},{"@type":"Organization","@id":"https:\/\/acuariosupremus.com\/#organization","name":"Acuario Supremus","url":"https:\/\/acuariosupremus.com\/","logo":{"@type":"ImageObject","inLanguage":"es","@id":"https:\/\/acuariosupremus.com\/#\/schema\/logo\/image\/","url":"https:\/\/acuariosupremus.com\/wp-content\/uploads\/2021\/12\/cropped-logo_acuario_supremus_fn-2.png","contentUrl":"https:\/\/acuariosupremus.com\/wp-content\/uploads\/2021\/12\/cropped-logo_acuario_supremus_fn-2.png","width":1000,"height":318,"caption":"Acuario Supremus"},"image":{"@id":"https:\/\/acuariosupremus.com\/#\/schema\/logo\/image\/"},"sameAs":["https:\/\/www.facebook.com\/AcuarioSupremus","https:\/\/x.com\/AcuarioSupremus","https:\/\/www.instagram.com\/acuariosupremus\/?hl=es"]}]}},"jetpack_sharing_enabled":true,"_links":{"self":[{"href":"https:\/\/acuariosupremus.com\/index.php?rest_route=\/wp\/v2\/product\/3885","targetHints":{"allow":["GET"]}}],"collection":[{"href":"https:\/\/acuariosupremus.com\/index.php?rest_route=\/wp\/v2\/product"}],"about":[{"href":"https:\/\/acuariosupremus.com\/index.php?rest_route=\/wp\/v2\/types\/product"}],"wp:featuredmedia":[{"embeddable":true,"href":"https:\/\/acuariosupremus.com\/index.php?rest_route=\/wp\/v2\/media\/3886"}],"wp:attachment":[{"href":"https:\/\/acuariosupremus.com\/index.php?rest_route=%2Fwp%2Fv2%2Fmedia&parent=3885"}],"wp:term":[{"taxonomy":"product_brand","embeddable":true,"href":"https:\/\/acuariosupremus.com\/index.php?rest_route=%2Fwp%2Fv2%2Fproduct_brand&post=3885"},{"taxonomy":"product_cat","embeddable":true,"href":"https:\/\/acuariosupremus.com\/index.php?rest_route=%2Fwp%2Fv2%2Fproduct_cat&post=3885"},{"taxonomy":"product_tag","embeddable":true,"href":"https:\/\/acuariosupremus.com\/index.php?rest_route=%2Fwp%2Fv2%2Fproduct_tag&post=3885"}],"curies":[{"name":"wp","href":"https:\/\/api.w.org\/{rel}","templated":true}]}}