{"id":3916,"date":"2022-02-28T19:36:29","date_gmt":"2022-03-01T01:36:29","guid":{"rendered":"https:\/\/acuariosupremus.com\/?post_type=product&#038;p=3916"},"modified":"2026-01-22T14:13:31","modified_gmt":"2026-01-22T20:13:31","slug":"desinfectante-para-patas-essentials-125-ml","status":"publish","type":"product","link":"https:\/\/acuariosupremus.com\/?product=desinfectante-para-patas-essentials-125-ml","title":{"rendered":"DESINFECTANTE PARA PATAS ESSENTIALS 125 ML"},"content":{"rendered":"<p>Instrucciones:<br \/>\nRoc\u00ede el desinfectante de 2 a 4 aspersiones directamente sobre las patas y cojinetes, separando los dedos en caso de ser necesario y deje actuar por 5 minutos. Elimine el excedente con una gasa o toalla limpia. Repita estos pasos cada vez que su mascota salga de paseo o por lo menos una vez al d\u00eda. Emplearse en perros o gatos mayores de 12 semanas. No se aplique en hembras lactantes ni gestantes. V\u00eda de administraci\u00f3n: T\u00f3pica.<br \/>\nRecomendaciones:<br \/>\nSi lo considera necesario, coloque un bozal a su mascota para evitar una mordedura. Precauciones y advertencias:<br \/>\nMANT\u00e9NGASE FUERA DEL ALCANCE DE LOS NI\u00f1OS Y MASCOTAS. Este producto es un coadyuvante, no sustituye ning\u00fan tratamiento indicado por el m\u00e9dico veterinario. Para uso externo \u00fanicamente. Evite el contacto con los ojos de la mascota, si esto ocurre enjuague con abundante agua durante 15 minutos. Conserve el producto en un lugar fresco, protegido de la luz. No aplique en mascotas con hipersensibilidad a los componentes de la f\u00f3rmula. En caso de haber una reacci\u00f3n a los componentes de la f\u00f3rmula, suspenda su uso. Supervise a su mascota en todo momento. CONSULTE AL M\u00e9DICO VETERINARIO.<br \/>\nIngredientes:<br \/>\nCada 100 ml contiene: cloruro de benzalconio 0.13 g, extracto de aloe vera (Aloe<br \/>\nbarbadensis), glicerina, conservador, vehi\u00b4culo c.b.p. 100%.<br \/>\nContenido:<br \/>\n<strong>125 ML<\/strong><\/p>\n","protected":false},"excerpt":{"rendered":"<p>Desinfectante para patas y cojinetes de perros y gatos.<br \/>\nBeneficios:<br \/>\nEl Desinfectante Essentials para patas y cojinetes de Fancy Pets sanitiza las patitas de los perros y gatos despu\u00e9s del paseo, actuando sobre bacterias, hongos y virus. Su f\u00f3rmula incolora humecta los cojinetes de su mascota y no contiene fragancia ni alcohol, evitando la resequedad y ardor.<\/p>\n","protected":false},"featured_media":3917,"template":"","meta":[],"product_brand":[106],"product_cat":[73,74],"product_tag":[356],"class_list":{"0":"post-3916","1":"product","2":"type-product","3":"status-publish","4":"has-post-thumbnail","6":"product_brand-fancypets","7":"product_cat-perros","8":"product_cat-belleza-e-higiene-perros","9":"product_tag-desinfectante-para-patas","11":"first","12":"instock","13":"sale","14":"shipping-taxable","15":"purchasable","16":"product-type-simple"},"yoast_head":"<!-- This site is optimized with the Yoast SEO plugin v27.4 - https:\/\/yoast.com\/product\/yoast-seo-wordpress\/ -->\n<title>DESINFECTANTE PARA PATAS ESSENTIALS 125 ML | Acuario Supremus<\/title>\n<meta name=\"description\" content=\"El Desinfectante sanitiza las patitas de los perros y gatos despu\u00e9s del paseo, actuando sobre bacterias, hongos y virus, evitando la resequedad y ardor.\" \/>\n<meta name=\"robots\" content=\"index, follow, max-snippet:-1, max-image-preview:large, max-video-preview:-1\" \/>\n<link rel=\"canonical\" href=\"https:\/\/acuariosupremus.com\/?product=desinfectante-para-patas-essentials-125-ml\" \/>\n<meta property=\"og:locale\" content=\"es_MX\" \/>\n<meta property=\"og:type\" content=\"article\" \/>\n<meta property=\"og:title\" content=\"DESINFECTANTE PARA PATAS ESSENTIALS 125 ML | Acuario Supremus\" \/>\n<meta property=\"og:description\" content=\"El Desinfectante sanitiza las patitas de los perros y gatos despu\u00e9s del paseo, actuando sobre bacterias, hongos y virus, evitando la resequedad y ardor.\" \/>\n<meta property=\"og:url\" content=\"https:\/\/acuariosupremus.com\/?product=desinfectante-para-patas-essentials-125-ml\" \/>\n<meta property=\"og:site_name\" content=\"Acuario Supremus\" \/>\n<meta property=\"article:publisher\" content=\"https:\/\/www.facebook.com\/AcuarioSupremus\" \/>\n<meta property=\"article:modified_time\" content=\"2026-01-22T20:13:31+00:00\" \/>\n<meta property=\"og:image\" content=\"https:\/\/acuariosupremus.com\/wp-content\/uploads\/2022\/02\/FL3986.jpg\" \/>\n\t<meta property=\"og:image:width\" content=\"1000\" \/>\n\t<meta property=\"og:image:height\" content=\"1000\" \/>\n\t<meta property=\"og:image:type\" content=\"image\/jpeg\" \/>\n<meta name=\"twitter:card\" content=\"summary_large_image\" \/>\n<meta name=\"twitter:site\" content=\"@AcuarioSupremus\" \/>\n<meta name=\"twitter:label1\" content=\"Tiempo de lectura\" \/>\n\t<meta name=\"twitter:data1\" content=\"1 minuto\" \/>\n<script type=\"application\/ld+json\" class=\"yoast-schema-graph\">{\"@context\":\"https:\\\/\\\/schema.org\",\"@graph\":[{\"@type\":\"WebPage\",\"@id\":\"https:\\\/\\\/acuariosupremus.com\\\/?product=desinfectante-para-patas-essentials-125-ml\",\"url\":\"https:\\\/\\\/acuariosupremus.com\\\/?product=desinfectante-para-patas-essentials-125-ml\",\"name\":\"DESINFECTANTE PARA PATAS ESSENTIALS 125 ML | Acuario Supremus\",\"isPartOf\":{\"@id\":\"https:\\\/\\\/acuariosupremus.com\\\/#website\"},\"primaryImageOfPage\":{\"@id\":\"https:\\\/\\\/acuariosupremus.com\\\/?product=desinfectante-para-patas-essentials-125-ml#primaryimage\"},\"image\":{\"@id\":\"https:\\\/\\\/acuariosupremus.com\\\/?product=desinfectante-para-patas-essentials-125-ml#primaryimage\"},\"thumbnailUrl\":\"https:\\\/\\\/acuariosupremus.com\\\/wp-content\\\/uploads\\\/2022\\\/02\\\/FL3986.jpg\",\"datePublished\":\"2022-03-01T01:36:29+00:00\",\"dateModified\":\"2026-01-22T20:13:31+00:00\",\"description\":\"El Desinfectante sanitiza las patitas de los perros y gatos despu\u00e9s del paseo, actuando sobre bacterias, hongos y virus, evitando la resequedad y ardor.\",\"breadcrumb\":{\"@id\":\"https:\\\/\\\/acuariosupremus.com\\\/?product=desinfectante-para-patas-essentials-125-ml#breadcrumb\"},\"inLanguage\":\"es\",\"potentialAction\":[{\"@type\":\"ReadAction\",\"target\":[\"https:\\\/\\\/acuariosupremus.com\\\/?product=desinfectante-para-patas-essentials-125-ml\"]}]},{\"@type\":\"ImageObject\",\"inLanguage\":\"es\",\"@id\":\"https:\\\/\\\/acuariosupremus.com\\\/?product=desinfectante-para-patas-essentials-125-ml#primaryimage\",\"url\":\"https:\\\/\\\/acuariosupremus.com\\\/wp-content\\\/uploads\\\/2022\\\/02\\\/FL3986.jpg\",\"contentUrl\":\"https:\\\/\\\/acuariosupremus.com\\\/wp-content\\\/uploads\\\/2022\\\/02\\\/FL3986.jpg\",\"width\":1000,\"height\":1000},{\"@type\":\"BreadcrumbList\",\"@id\":\"https:\\\/\\\/acuariosupremus.com\\\/?product=desinfectante-para-patas-essentials-125-ml#breadcrumb\",\"itemListElement\":[{\"@type\":\"ListItem\",\"position\":1,\"name\":\"Portada\",\"item\":\"https:\\\/\\\/acuariosupremus.com\\\/\"},{\"@type\":\"ListItem\",\"position\":2,\"name\":\"Tienda\",\"item\":\"https:\\\/\\\/acuariosupremus.com\\\/tienda\\\/\"},{\"@type\":\"ListItem\",\"position\":3,\"name\":\"DESINFECTANTE PARA PATAS ESSENTIALS 125 ML\"}]},{\"@type\":\"WebSite\",\"@id\":\"https:\\\/\\\/acuariosupremus.com\\\/#website\",\"url\":\"https:\\\/\\\/acuariosupremus.com\\\/\",\"name\":\"Acuario Supremus\",\"description\":\"Peces, Peceras y Mascotas.\",\"publisher\":{\"@id\":\"https:\\\/\\\/acuariosupremus.com\\\/#organization\"},\"potentialAction\":[{\"@type\":\"SearchAction\",\"target\":{\"@type\":\"EntryPoint\",\"urlTemplate\":\"https:\\\/\\\/acuariosupremus.com\\\/?s={search_term_string}\"},\"query-input\":{\"@type\":\"PropertyValueSpecification\",\"valueRequired\":true,\"valueName\":\"search_term_string\"}}],\"inLanguage\":\"es\"},{\"@type\":\"Organization\",\"@id\":\"https:\\\/\\\/acuariosupremus.com\\\/#organization\",\"name\":\"Acuario Supremus\",\"url\":\"https:\\\/\\\/acuariosupremus.com\\\/\",\"logo\":{\"@type\":\"ImageObject\",\"inLanguage\":\"es\",\"@id\":\"https:\\\/\\\/acuariosupremus.com\\\/#\\\/schema\\\/logo\\\/image\\\/\",\"url\":\"https:\\\/\\\/acuariosupremus.com\\\/wp-content\\\/uploads\\\/2021\\\/12\\\/cropped-logo_acuario_supremus_fn-2.png\",\"contentUrl\":\"https:\\\/\\\/acuariosupremus.com\\\/wp-content\\\/uploads\\\/2021\\\/12\\\/cropped-logo_acuario_supremus_fn-2.png\",\"width\":1000,\"height\":318,\"caption\":\"Acuario Supremus\"},\"image\":{\"@id\":\"https:\\\/\\\/acuariosupremus.com\\\/#\\\/schema\\\/logo\\\/image\\\/\"},\"sameAs\":[\"https:\\\/\\\/www.facebook.com\\\/AcuarioSupremus\",\"https:\\\/\\\/x.com\\\/AcuarioSupremus\",\"https:\\\/\\\/www.instagram.com\\\/acuariosupremus\\\/?hl=es\"]}]}<\/script>\n<!-- \/ Yoast SEO plugin. -->","yoast_head_json":{"title":"DESINFECTANTE PARA PATAS ESSENTIALS 125 ML | Acuario Supremus","description":"El Desinfectante sanitiza las patitas de los perros y gatos despu\u00e9s del paseo, actuando sobre bacterias, hongos y virus, evitando la resequedad y ardor.","robots":{"index":"index","follow":"follow","max-snippet":"max-snippet:-1","max-image-preview":"max-image-preview:large","max-video-preview":"max-video-preview:-1"},"canonical":"https:\/\/acuariosupremus.com\/?product=desinfectante-para-patas-essentials-125-ml","og_locale":"es_MX","og_type":"article","og_title":"DESINFECTANTE PARA PATAS ESSENTIALS 125 ML | Acuario Supremus","og_description":"El Desinfectante sanitiza las patitas de los perros y gatos despu\u00e9s del paseo, actuando sobre bacterias, hongos y virus, evitando la resequedad y ardor.","og_url":"https:\/\/acuariosupremus.com\/?product=desinfectante-para-patas-essentials-125-ml","og_site_name":"Acuario Supremus","article_publisher":"https:\/\/www.facebook.com\/AcuarioSupremus","article_modified_time":"2026-01-22T20:13:31+00:00","og_image":[{"width":1000,"height":1000,"url":"https:\/\/acuariosupremus.com\/wp-content\/uploads\/2022\/02\/FL3986.jpg","type":"image\/jpeg"}],"twitter_card":"summary_large_image","twitter_site":"@AcuarioSupremus","twitter_misc":{"Tiempo de lectura":"1 minuto"},"schema":{"@context":"https:\/\/schema.org","@graph":[{"@type":"WebPage","@id":"https:\/\/acuariosupremus.com\/?product=desinfectante-para-patas-essentials-125-ml","url":"https:\/\/acuariosupremus.com\/?product=desinfectante-para-patas-essentials-125-ml","name":"DESINFECTANTE PARA PATAS ESSENTIALS 125 ML | Acuario Supremus","isPartOf":{"@id":"https:\/\/acuariosupremus.com\/#website"},"primaryImageOfPage":{"@id":"https:\/\/acuariosupremus.com\/?product=desinfectante-para-patas-essentials-125-ml#primaryimage"},"image":{"@id":"https:\/\/acuariosupremus.com\/?product=desinfectante-para-patas-essentials-125-ml#primaryimage"},"thumbnailUrl":"https:\/\/acuariosupremus.com\/wp-content\/uploads\/2022\/02\/FL3986.jpg","datePublished":"2022-03-01T01:36:29+00:00","dateModified":"2026-01-22T20:13:31+00:00","description":"El Desinfectante sanitiza las patitas de los perros y gatos despu\u00e9s del paseo, actuando sobre bacterias, hongos y virus, evitando la resequedad y ardor.","breadcrumb":{"@id":"https:\/\/acuariosupremus.com\/?product=desinfectante-para-patas-essentials-125-ml#breadcrumb"},"inLanguage":"es","potentialAction":[{"@type":"ReadAction","target":["https:\/\/acuariosupremus.com\/?product=desinfectante-para-patas-essentials-125-ml"]}]},{"@type":"ImageObject","inLanguage":"es","@id":"https:\/\/acuariosupremus.com\/?product=desinfectante-para-patas-essentials-125-ml#primaryimage","url":"https:\/\/acuariosupremus.com\/wp-content\/uploads\/2022\/02\/FL3986.jpg","contentUrl":"https:\/\/acuariosupremus.com\/wp-content\/uploads\/2022\/02\/FL3986.jpg","width":1000,"height":1000},{"@type":"BreadcrumbList","@id":"https:\/\/acuariosupremus.com\/?product=desinfectante-para-patas-essentials-125-ml#breadcrumb","itemListElement":[{"@type":"ListItem","position":1,"name":"Portada","item":"https:\/\/acuariosupremus.com\/"},{"@type":"ListItem","position":2,"name":"Tienda","item":"https:\/\/acuariosupremus.com\/tienda\/"},{"@type":"ListItem","position":3,"name":"DESINFECTANTE PARA PATAS ESSENTIALS 125 ML"}]},{"@type":"WebSite","@id":"https:\/\/acuariosupremus.com\/#website","url":"https:\/\/acuariosupremus.com\/","name":"Acuario Supremus","description":"Peces, Peceras y Mascotas.","publisher":{"@id":"https:\/\/acuariosupremus.com\/#organization"},"potentialAction":[{"@type":"SearchAction","target":{"@type":"EntryPoint","urlTemplate":"https:\/\/acuariosupremus.com\/?s={search_term_string}"},"query-input":{"@type":"PropertyValueSpecification","valueRequired":true,"valueName":"search_term_string"}}],"inLanguage":"es"},{"@type":"Organization","@id":"https:\/\/acuariosupremus.com\/#organization","name":"Acuario Supremus","url":"https:\/\/acuariosupremus.com\/","logo":{"@type":"ImageObject","inLanguage":"es","@id":"https:\/\/acuariosupremus.com\/#\/schema\/logo\/image\/","url":"https:\/\/acuariosupremus.com\/wp-content\/uploads\/2021\/12\/cropped-logo_acuario_supremus_fn-2.png","contentUrl":"https:\/\/acuariosupremus.com\/wp-content\/uploads\/2021\/12\/cropped-logo_acuario_supremus_fn-2.png","width":1000,"height":318,"caption":"Acuario Supremus"},"image":{"@id":"https:\/\/acuariosupremus.com\/#\/schema\/logo\/image\/"},"sameAs":["https:\/\/www.facebook.com\/AcuarioSupremus","https:\/\/x.com\/AcuarioSupremus","https:\/\/www.instagram.com\/acuariosupremus\/?hl=es"]}]}},"jetpack_sharing_enabled":true,"_links":{"self":[{"href":"https:\/\/acuariosupremus.com\/index.php?rest_route=\/wp\/v2\/product\/3916","targetHints":{"allow":["GET"]}}],"collection":[{"href":"https:\/\/acuariosupremus.com\/index.php?rest_route=\/wp\/v2\/product"}],"about":[{"href":"https:\/\/acuariosupremus.com\/index.php?rest_route=\/wp\/v2\/types\/product"}],"wp:featuredmedia":[{"embeddable":true,"href":"https:\/\/acuariosupremus.com\/index.php?rest_route=\/wp\/v2\/media\/3917"}],"wp:attachment":[{"href":"https:\/\/acuariosupremus.com\/index.php?rest_route=%2Fwp%2Fv2%2Fmedia&parent=3916"}],"wp:term":[{"taxonomy":"product_brand","embeddable":true,"href":"https:\/\/acuariosupremus.com\/index.php?rest_route=%2Fwp%2Fv2%2Fproduct_brand&post=3916"},{"taxonomy":"product_cat","embeddable":true,"href":"https:\/\/acuariosupremus.com\/index.php?rest_route=%2Fwp%2Fv2%2Fproduct_cat&post=3916"},{"taxonomy":"product_tag","embeddable":true,"href":"https:\/\/acuariosupremus.com\/index.php?rest_route=%2Fwp%2Fv2%2Fproduct_tag&post=3916"}],"curies":[{"name":"wp","href":"https:\/\/api.w.org\/{rel}","templated":true}]}}