{"id":4077,"date":"2022-03-01T16:33:27","date_gmt":"2022-03-01T22:33:27","guid":{"rendered":"https:\/\/acuariosupremus.com\/?post_type=product&#038;p=4077"},"modified":"2026-01-22T18:18:42","modified_gmt":"2026-01-23T00:18:42","slug":"cepillo-multifuncional-5-en-1","status":"publish","type":"product","link":"https:\/\/acuariosupremus.com\/?product=cepillo-multifuncional-5-en-1","title":{"rendered":"CEPILLO MULTIFUNCIONAL 5 EN 1"},"content":{"rendered":"<p>Instrucciones:<br \/>\nPara utilizar un dise\u00f1o de cepillo en espec\u00edfico: &#8211; Relaciona la colocaci\u00f3n de la herramienta con el mango (A con B y C con D) &#8211;<br \/>\nPresiona el bot\u00f3n para sacarlo y presiona de nuevo para fijar &#8211; Repite los mismo pasos para ocupar los diferentes modos Para disponer de las herramientas desmontables: &#8211; Abre la cubierta trasera en el cepillo &#8211; Retira la herramienta a utilizar &#8211; Inserta la herramienta despu\u00e9s de usarla &#8211; Gira el bot\u00f3n de la tapa para fijar la cubierta<\/p>\n","protected":false},"excerpt":{"rendered":"<p>Cepillo multifuncional 5 en 1 de Fancy Pets Cabezales y herramientas desmontables con un dise\u00f1o de bloqueo, que se puede utilizar con un mango c\u00f3modo y ergon\u00f3mico Cerdas de siic\u00f3n para ba\u00f1ar y masajear Cerdas de nylon para dar brillo al pelaje Cerdas de acero inoxidable con puntas recubiertas para cepillar y retirar pelo suelto Rompenudos para desenredar y eliminar nudos dif\u00edciles Deslanador para \u00e9poca de muda<br \/>\nBeneficios:<br \/>\nRetira f\u00e1cilmente el pelo suelto Elimina enredos, nudos, caspa y polvo Masajea Mantiene el manto saludable<\/p>\n","protected":false},"featured_media":4078,"template":"","meta":[],"product_brand":[106],"product_cat":[73,74],"product_tag":[373],"class_list":{"0":"post-4077","1":"product","2":"type-product","3":"status-publish","4":"has-post-thumbnail","6":"product_brand-fancypets","7":"product_cat-perros","8":"product_cat-belleza-e-higiene-perros","9":"product_tag-cepillo-multifuncional","11":"first","12":"instock","13":"sale","14":"shipping-taxable","15":"purchasable","16":"product-type-simple"},"yoast_head":"<!-- This site is optimized with the Yoast SEO plugin v27.4 - https:\/\/yoast.com\/product\/yoast-seo-wordpress\/ -->\n<title>CEPILLO MULTIFUNCIONAL 5 EN 1 | Acuario Supremus<\/title>\n<meta name=\"description\" content=\"Cepillo multifuncional 5 en 1, Retira f\u00e1cilmente el pelo suelto Elimina enredos, nudos, caspa y polvo Masajea Mantiene el manto saludable.\" \/>\n<meta name=\"robots\" content=\"index, follow, max-snippet:-1, max-image-preview:large, max-video-preview:-1\" \/>\n<link rel=\"canonical\" href=\"https:\/\/acuariosupremus.com\/?product=cepillo-multifuncional-5-en-1\" \/>\n<meta property=\"og:locale\" content=\"es_MX\" \/>\n<meta property=\"og:type\" content=\"article\" \/>\n<meta property=\"og:title\" content=\"CEPILLO MULTIFUNCIONAL 5 EN 1 | Acuario Supremus\" \/>\n<meta property=\"og:description\" content=\"Cepillo multifuncional 5 en 1, Retira f\u00e1cilmente el pelo suelto Elimina enredos, nudos, caspa y polvo Masajea Mantiene el manto saludable.\" \/>\n<meta property=\"og:url\" content=\"https:\/\/acuariosupremus.com\/?product=cepillo-multifuncional-5-en-1\" \/>\n<meta property=\"og:site_name\" content=\"Acuario Supremus\" \/>\n<meta property=\"article:publisher\" content=\"https:\/\/www.facebook.com\/AcuarioSupremus\" \/>\n<meta property=\"article:modified_time\" content=\"2026-01-23T00:18:42+00:00\" \/>\n<meta property=\"og:image\" content=\"https:\/\/acuariosupremus.com\/wp-content\/uploads\/2022\/03\/FL8336.jpg\" \/>\n\t<meta property=\"og:image:width\" content=\"1000\" \/>\n\t<meta property=\"og:image:height\" content=\"1000\" \/>\n\t<meta property=\"og:image:type\" content=\"image\/jpeg\" \/>\n<meta name=\"twitter:card\" content=\"summary_large_image\" \/>\n<meta name=\"twitter:site\" content=\"@AcuarioSupremus\" \/>\n<meta name=\"twitter:label1\" content=\"Tiempo de lectura\" \/>\n\t<meta name=\"twitter:data1\" content=\"1 minuto\" \/>\n<script type=\"application\/ld+json\" class=\"yoast-schema-graph\">{\"@context\":\"https:\\\/\\\/schema.org\",\"@graph\":[{\"@type\":\"WebPage\",\"@id\":\"https:\\\/\\\/acuariosupremus.com\\\/?product=cepillo-multifuncional-5-en-1\",\"url\":\"https:\\\/\\\/acuariosupremus.com\\\/?product=cepillo-multifuncional-5-en-1\",\"name\":\"CEPILLO MULTIFUNCIONAL 5 EN 1 | Acuario Supremus\",\"isPartOf\":{\"@id\":\"https:\\\/\\\/acuariosupremus.com\\\/#website\"},\"primaryImageOfPage\":{\"@id\":\"https:\\\/\\\/acuariosupremus.com\\\/?product=cepillo-multifuncional-5-en-1#primaryimage\"},\"image\":{\"@id\":\"https:\\\/\\\/acuariosupremus.com\\\/?product=cepillo-multifuncional-5-en-1#primaryimage\"},\"thumbnailUrl\":\"https:\\\/\\\/acuariosupremus.com\\\/wp-content\\\/uploads\\\/2022\\\/03\\\/FL8336.jpg\",\"datePublished\":\"2022-03-01T22:33:27+00:00\",\"dateModified\":\"2026-01-23T00:18:42+00:00\",\"description\":\"Cepillo multifuncional 5 en 1, Retira f\u00e1cilmente el pelo suelto Elimina enredos, nudos, caspa y polvo Masajea Mantiene el manto saludable.\",\"breadcrumb\":{\"@id\":\"https:\\\/\\\/acuariosupremus.com\\\/?product=cepillo-multifuncional-5-en-1#breadcrumb\"},\"inLanguage\":\"es\",\"potentialAction\":[{\"@type\":\"ReadAction\",\"target\":[\"https:\\\/\\\/acuariosupremus.com\\\/?product=cepillo-multifuncional-5-en-1\"]}]},{\"@type\":\"ImageObject\",\"inLanguage\":\"es\",\"@id\":\"https:\\\/\\\/acuariosupremus.com\\\/?product=cepillo-multifuncional-5-en-1#primaryimage\",\"url\":\"https:\\\/\\\/acuariosupremus.com\\\/wp-content\\\/uploads\\\/2022\\\/03\\\/FL8336.jpg\",\"contentUrl\":\"https:\\\/\\\/acuariosupremus.com\\\/wp-content\\\/uploads\\\/2022\\\/03\\\/FL8336.jpg\",\"width\":1000,\"height\":1000},{\"@type\":\"BreadcrumbList\",\"@id\":\"https:\\\/\\\/acuariosupremus.com\\\/?product=cepillo-multifuncional-5-en-1#breadcrumb\",\"itemListElement\":[{\"@type\":\"ListItem\",\"position\":1,\"name\":\"Portada\",\"item\":\"https:\\\/\\\/acuariosupremus.com\\\/\"},{\"@type\":\"ListItem\",\"position\":2,\"name\":\"Tienda\",\"item\":\"https:\\\/\\\/acuariosupremus.com\\\/tienda\\\/\"},{\"@type\":\"ListItem\",\"position\":3,\"name\":\"CEPILLO MULTIFUNCIONAL 5 EN 1\"}]},{\"@type\":\"WebSite\",\"@id\":\"https:\\\/\\\/acuariosupremus.com\\\/#website\",\"url\":\"https:\\\/\\\/acuariosupremus.com\\\/\",\"name\":\"Acuario Supremus\",\"description\":\"Peces, Peceras y Mascotas.\",\"publisher\":{\"@id\":\"https:\\\/\\\/acuariosupremus.com\\\/#organization\"},\"potentialAction\":[{\"@type\":\"SearchAction\",\"target\":{\"@type\":\"EntryPoint\",\"urlTemplate\":\"https:\\\/\\\/acuariosupremus.com\\\/?s={search_term_string}\"},\"query-input\":{\"@type\":\"PropertyValueSpecification\",\"valueRequired\":true,\"valueName\":\"search_term_string\"}}],\"inLanguage\":\"es\"},{\"@type\":\"Organization\",\"@id\":\"https:\\\/\\\/acuariosupremus.com\\\/#organization\",\"name\":\"Acuario Supremus\",\"url\":\"https:\\\/\\\/acuariosupremus.com\\\/\",\"logo\":{\"@type\":\"ImageObject\",\"inLanguage\":\"es\",\"@id\":\"https:\\\/\\\/acuariosupremus.com\\\/#\\\/schema\\\/logo\\\/image\\\/\",\"url\":\"https:\\\/\\\/acuariosupremus.com\\\/wp-content\\\/uploads\\\/2021\\\/12\\\/cropped-logo_acuario_supremus_fn-2.png\",\"contentUrl\":\"https:\\\/\\\/acuariosupremus.com\\\/wp-content\\\/uploads\\\/2021\\\/12\\\/cropped-logo_acuario_supremus_fn-2.png\",\"width\":1000,\"height\":318,\"caption\":\"Acuario Supremus\"},\"image\":{\"@id\":\"https:\\\/\\\/acuariosupremus.com\\\/#\\\/schema\\\/logo\\\/image\\\/\"},\"sameAs\":[\"https:\\\/\\\/www.facebook.com\\\/AcuarioSupremus\",\"https:\\\/\\\/x.com\\\/AcuarioSupremus\",\"https:\\\/\\\/www.instagram.com\\\/acuariosupremus\\\/?hl=es\"]}]}<\/script>\n<!-- \/ Yoast SEO plugin. -->","yoast_head_json":{"title":"CEPILLO MULTIFUNCIONAL 5 EN 1 | Acuario Supremus","description":"Cepillo multifuncional 5 en 1, Retira f\u00e1cilmente el pelo suelto Elimina enredos, nudos, caspa y polvo Masajea Mantiene el manto saludable.","robots":{"index":"index","follow":"follow","max-snippet":"max-snippet:-1","max-image-preview":"max-image-preview:large","max-video-preview":"max-video-preview:-1"},"canonical":"https:\/\/acuariosupremus.com\/?product=cepillo-multifuncional-5-en-1","og_locale":"es_MX","og_type":"article","og_title":"CEPILLO MULTIFUNCIONAL 5 EN 1 | Acuario Supremus","og_description":"Cepillo multifuncional 5 en 1, Retira f\u00e1cilmente el pelo suelto Elimina enredos, nudos, caspa y polvo Masajea Mantiene el manto saludable.","og_url":"https:\/\/acuariosupremus.com\/?product=cepillo-multifuncional-5-en-1","og_site_name":"Acuario Supremus","article_publisher":"https:\/\/www.facebook.com\/AcuarioSupremus","article_modified_time":"2026-01-23T00:18:42+00:00","og_image":[{"width":1000,"height":1000,"url":"https:\/\/acuariosupremus.com\/wp-content\/uploads\/2022\/03\/FL8336.jpg","type":"image\/jpeg"}],"twitter_card":"summary_large_image","twitter_site":"@AcuarioSupremus","twitter_misc":{"Tiempo de lectura":"1 minuto"},"schema":{"@context":"https:\/\/schema.org","@graph":[{"@type":"WebPage","@id":"https:\/\/acuariosupremus.com\/?product=cepillo-multifuncional-5-en-1","url":"https:\/\/acuariosupremus.com\/?product=cepillo-multifuncional-5-en-1","name":"CEPILLO MULTIFUNCIONAL 5 EN 1 | Acuario Supremus","isPartOf":{"@id":"https:\/\/acuariosupremus.com\/#website"},"primaryImageOfPage":{"@id":"https:\/\/acuariosupremus.com\/?product=cepillo-multifuncional-5-en-1#primaryimage"},"image":{"@id":"https:\/\/acuariosupremus.com\/?product=cepillo-multifuncional-5-en-1#primaryimage"},"thumbnailUrl":"https:\/\/acuariosupremus.com\/wp-content\/uploads\/2022\/03\/FL8336.jpg","datePublished":"2022-03-01T22:33:27+00:00","dateModified":"2026-01-23T00:18:42+00:00","description":"Cepillo multifuncional 5 en 1, Retira f\u00e1cilmente el pelo suelto Elimina enredos, nudos, caspa y polvo Masajea Mantiene el manto saludable.","breadcrumb":{"@id":"https:\/\/acuariosupremus.com\/?product=cepillo-multifuncional-5-en-1#breadcrumb"},"inLanguage":"es","potentialAction":[{"@type":"ReadAction","target":["https:\/\/acuariosupremus.com\/?product=cepillo-multifuncional-5-en-1"]}]},{"@type":"ImageObject","inLanguage":"es","@id":"https:\/\/acuariosupremus.com\/?product=cepillo-multifuncional-5-en-1#primaryimage","url":"https:\/\/acuariosupremus.com\/wp-content\/uploads\/2022\/03\/FL8336.jpg","contentUrl":"https:\/\/acuariosupremus.com\/wp-content\/uploads\/2022\/03\/FL8336.jpg","width":1000,"height":1000},{"@type":"BreadcrumbList","@id":"https:\/\/acuariosupremus.com\/?product=cepillo-multifuncional-5-en-1#breadcrumb","itemListElement":[{"@type":"ListItem","position":1,"name":"Portada","item":"https:\/\/acuariosupremus.com\/"},{"@type":"ListItem","position":2,"name":"Tienda","item":"https:\/\/acuariosupremus.com\/tienda\/"},{"@type":"ListItem","position":3,"name":"CEPILLO MULTIFUNCIONAL 5 EN 1"}]},{"@type":"WebSite","@id":"https:\/\/acuariosupremus.com\/#website","url":"https:\/\/acuariosupremus.com\/","name":"Acuario Supremus","description":"Peces, Peceras y Mascotas.","publisher":{"@id":"https:\/\/acuariosupremus.com\/#organization"},"potentialAction":[{"@type":"SearchAction","target":{"@type":"EntryPoint","urlTemplate":"https:\/\/acuariosupremus.com\/?s={search_term_string}"},"query-input":{"@type":"PropertyValueSpecification","valueRequired":true,"valueName":"search_term_string"}}],"inLanguage":"es"},{"@type":"Organization","@id":"https:\/\/acuariosupremus.com\/#organization","name":"Acuario Supremus","url":"https:\/\/acuariosupremus.com\/","logo":{"@type":"ImageObject","inLanguage":"es","@id":"https:\/\/acuariosupremus.com\/#\/schema\/logo\/image\/","url":"https:\/\/acuariosupremus.com\/wp-content\/uploads\/2021\/12\/cropped-logo_acuario_supremus_fn-2.png","contentUrl":"https:\/\/acuariosupremus.com\/wp-content\/uploads\/2021\/12\/cropped-logo_acuario_supremus_fn-2.png","width":1000,"height":318,"caption":"Acuario Supremus"},"image":{"@id":"https:\/\/acuariosupremus.com\/#\/schema\/logo\/image\/"},"sameAs":["https:\/\/www.facebook.com\/AcuarioSupremus","https:\/\/x.com\/AcuarioSupremus","https:\/\/www.instagram.com\/acuariosupremus\/?hl=es"]}]}},"jetpack_sharing_enabled":true,"_links":{"self":[{"href":"https:\/\/acuariosupremus.com\/index.php?rest_route=\/wp\/v2\/product\/4077","targetHints":{"allow":["GET"]}}],"collection":[{"href":"https:\/\/acuariosupremus.com\/index.php?rest_route=\/wp\/v2\/product"}],"about":[{"href":"https:\/\/acuariosupremus.com\/index.php?rest_route=\/wp\/v2\/types\/product"}],"wp:featuredmedia":[{"embeddable":true,"href":"https:\/\/acuariosupremus.com\/index.php?rest_route=\/wp\/v2\/media\/4078"}],"wp:attachment":[{"href":"https:\/\/acuariosupremus.com\/index.php?rest_route=%2Fwp%2Fv2%2Fmedia&parent=4077"}],"wp:term":[{"taxonomy":"product_brand","embeddable":true,"href":"https:\/\/acuariosupremus.com\/index.php?rest_route=%2Fwp%2Fv2%2Fproduct_brand&post=4077"},{"taxonomy":"product_cat","embeddable":true,"href":"https:\/\/acuariosupremus.com\/index.php?rest_route=%2Fwp%2Fv2%2Fproduct_cat&post=4077"},{"taxonomy":"product_tag","embeddable":true,"href":"https:\/\/acuariosupremus.com\/index.php?rest_route=%2Fwp%2Fv2%2Fproduct_tag&post=4077"}],"curies":[{"name":"wp","href":"https:\/\/api.w.org\/{rel}","templated":true}]}}