{"id":4195,"date":"2022-03-02T14:16:03","date_gmt":"2022-03-02T20:16:03","guid":{"rendered":"https:\/\/acuariosupremus.com\/?post_type=product&#038;p=4195"},"modified":"2026-01-23T19:59:09","modified_gmt":"2026-01-24T01:59:09","slug":"transportadora-int-pet-taxi","status":"publish","type":"product","link":"https:\/\/acuariosupremus.com\/?product=transportadora-int-pet-taxi","title":{"rendered":"TRANSPORTADORA INT PET TAXI"},"content":{"rendered":"<p>Beneficios:<br \/>\nAdem\u00e1s de ser un medio de contenci\u00f3n c\u00f3modo para la mascota, es un m\u00e9todo seguro y f\u00e1cil para transportarla. Mantiene al<br \/>\nperro seguro y c\u00f3modo durante el viaje. Elaborada con 25% de materiales reciclados. Permite el libre flujo de aire. Cumple con los requisitos de la mayor\u00eda de las aerol\u00edneas.<br \/>\nRecomendaciones:<br \/>\nLa mascota debe poder levantarse, voltearse y echarse c\u00f3modamente dentro de la jaula. Ideal para las razas: Bichon frise,<br \/>\npinscher miniatura, silky terrier o similares.<br \/>\nMedidas:<br \/>\n<strong>61.2 cm largo X 42.4 cm ancho X 36.8 cm altura<\/strong><br \/>\nMaterial:<br \/>\nPl\u00e1stico resistente.<\/p>\n","protected":false},"excerpt":{"rendered":"<p>Transportadora hecha de pl\u00e1stico resistente, durable. Transportadora ideal para viaje en autob\u00fas, autom\u00f3vil, barco o avi\u00f3n. Cuenta con una carcasa de pl\u00e1stico de alta resistencia, puerta de alambre durable que se entrelaza para una mayor seguridad, ventanas de ventilaci\u00f3n que promueven el flujo de aire. Seguros de pl\u00e1stico resistente. Ranura de cintur\u00f3n de seguridad. Ideal para perros de 48 cm de largo x 28 cm de alto. Peso del perro: <strong>6 a 9 kg.<\/strong> 15 a 20 lbs.<\/p>\n","protected":false},"featured_media":4196,"template":"","meta":[],"product_brand":[115],"product_cat":[73,76],"product_tag":[388],"class_list":{"0":"post-4195","1":"product","2":"type-product","3":"status-publish","4":"has-post-thumbnail","6":"product_brand-petmate","7":"product_cat-perros","8":"product_cat-casas-y-transportadoras","9":"product_tag-transportadora-pet-taxi","11":"first","12":"outofstock","13":"sale","14":"shipping-taxable","15":"purchasable","16":"product-type-simple"},"yoast_head":"<!-- This site is optimized with the Yoast SEO plugin v27.4 - https:\/\/yoast.com\/product\/yoast-seo-wordpress\/ -->\n<title>TRANSPORTADORA INT PET TAXI | Acuario Supremus<\/title>\n<meta name=\"description\" content=\"Cuenta con carcasa de pl\u00e1stico de alta resistencia, puerta de alambre durable que se entrelaza para una mayor seguridad, ventanas que promueven el flujo de aire.\" \/>\n<meta name=\"robots\" content=\"index, follow, max-snippet:-1, max-image-preview:large, max-video-preview:-1\" \/>\n<link rel=\"canonical\" href=\"https:\/\/acuariosupremus.com\/?product=transportadora-int-pet-taxi\" \/>\n<meta property=\"og:locale\" content=\"es_MX\" \/>\n<meta property=\"og:type\" content=\"article\" \/>\n<meta property=\"og:title\" content=\"TRANSPORTADORA INT PET TAXI | Acuario Supremus\" \/>\n<meta property=\"og:description\" content=\"Cuenta con carcasa de pl\u00e1stico de alta resistencia, puerta de alambre durable que se entrelaza para una mayor seguridad, ventanas que promueven el flujo de aire.\" \/>\n<meta property=\"og:url\" content=\"https:\/\/acuariosupremus.com\/?product=transportadora-int-pet-taxi\" \/>\n<meta property=\"og:site_name\" content=\"Acuario Supremus\" \/>\n<meta property=\"article:publisher\" content=\"https:\/\/www.facebook.com\/AcuarioSupremus\" \/>\n<meta property=\"article:modified_time\" content=\"2026-01-24T01:59:09+00:00\" \/>\n<meta property=\"og:image\" content=\"https:\/\/acuariosupremus.com\/wp-content\/uploads\/2022\/03\/DO21085_F.jpg\" \/>\n\t<meta property=\"og:image:width\" content=\"1000\" \/>\n\t<meta property=\"og:image:height\" content=\"1000\" \/>\n\t<meta property=\"og:image:type\" content=\"image\/jpeg\" \/>\n<meta name=\"twitter:card\" content=\"summary_large_image\" \/>\n<meta name=\"twitter:site\" content=\"@AcuarioSupremus\" \/>\n<meta name=\"twitter:label1\" content=\"Tiempo de lectura\" \/>\n\t<meta name=\"twitter:data1\" content=\"1 minuto\" \/>\n<script type=\"application\/ld+json\" class=\"yoast-schema-graph\">{\"@context\":\"https:\\\/\\\/schema.org\",\"@graph\":[{\"@type\":\"WebPage\",\"@id\":\"https:\\\/\\\/acuariosupremus.com\\\/?product=transportadora-int-pet-taxi\",\"url\":\"https:\\\/\\\/acuariosupremus.com\\\/?product=transportadora-int-pet-taxi\",\"name\":\"TRANSPORTADORA INT PET TAXI | Acuario Supremus\",\"isPartOf\":{\"@id\":\"https:\\\/\\\/acuariosupremus.com\\\/#website\"},\"primaryImageOfPage\":{\"@id\":\"https:\\\/\\\/acuariosupremus.com\\\/?product=transportadora-int-pet-taxi#primaryimage\"},\"image\":{\"@id\":\"https:\\\/\\\/acuariosupremus.com\\\/?product=transportadora-int-pet-taxi#primaryimage\"},\"thumbnailUrl\":\"https:\\\/\\\/acuariosupremus.com\\\/wp-content\\\/uploads\\\/2022\\\/03\\\/DO21085_F.jpg\",\"datePublished\":\"2022-03-02T20:16:03+00:00\",\"dateModified\":\"2026-01-24T01:59:09+00:00\",\"description\":\"Cuenta con carcasa de pl\u00e1stico de alta resistencia, puerta de alambre durable que se entrelaza para una mayor seguridad, ventanas que promueven el flujo de aire.\",\"breadcrumb\":{\"@id\":\"https:\\\/\\\/acuariosupremus.com\\\/?product=transportadora-int-pet-taxi#breadcrumb\"},\"inLanguage\":\"es\",\"potentialAction\":[{\"@type\":\"ReadAction\",\"target\":[\"https:\\\/\\\/acuariosupremus.com\\\/?product=transportadora-int-pet-taxi\"]}]},{\"@type\":\"ImageObject\",\"inLanguage\":\"es\",\"@id\":\"https:\\\/\\\/acuariosupremus.com\\\/?product=transportadora-int-pet-taxi#primaryimage\",\"url\":\"https:\\\/\\\/acuariosupremus.com\\\/wp-content\\\/uploads\\\/2022\\\/03\\\/DO21085_F.jpg\",\"contentUrl\":\"https:\\\/\\\/acuariosupremus.com\\\/wp-content\\\/uploads\\\/2022\\\/03\\\/DO21085_F.jpg\",\"width\":1000,\"height\":1000},{\"@type\":\"BreadcrumbList\",\"@id\":\"https:\\\/\\\/acuariosupremus.com\\\/?product=transportadora-int-pet-taxi#breadcrumb\",\"itemListElement\":[{\"@type\":\"ListItem\",\"position\":1,\"name\":\"Portada\",\"item\":\"https:\\\/\\\/acuariosupremus.com\\\/\"},{\"@type\":\"ListItem\",\"position\":2,\"name\":\"Tienda\",\"item\":\"https:\\\/\\\/acuariosupremus.com\\\/tienda\\\/\"},{\"@type\":\"ListItem\",\"position\":3,\"name\":\"TRANSPORTADORA INT PET TAXI\"}]},{\"@type\":\"WebSite\",\"@id\":\"https:\\\/\\\/acuariosupremus.com\\\/#website\",\"url\":\"https:\\\/\\\/acuariosupremus.com\\\/\",\"name\":\"Acuario Supremus\",\"description\":\"Peces, Peceras y Mascotas.\",\"publisher\":{\"@id\":\"https:\\\/\\\/acuariosupremus.com\\\/#organization\"},\"potentialAction\":[{\"@type\":\"SearchAction\",\"target\":{\"@type\":\"EntryPoint\",\"urlTemplate\":\"https:\\\/\\\/acuariosupremus.com\\\/?s={search_term_string}\"},\"query-input\":{\"@type\":\"PropertyValueSpecification\",\"valueRequired\":true,\"valueName\":\"search_term_string\"}}],\"inLanguage\":\"es\"},{\"@type\":\"Organization\",\"@id\":\"https:\\\/\\\/acuariosupremus.com\\\/#organization\",\"name\":\"Acuario Supremus\",\"url\":\"https:\\\/\\\/acuariosupremus.com\\\/\",\"logo\":{\"@type\":\"ImageObject\",\"inLanguage\":\"es\",\"@id\":\"https:\\\/\\\/acuariosupremus.com\\\/#\\\/schema\\\/logo\\\/image\\\/\",\"url\":\"https:\\\/\\\/acuariosupremus.com\\\/wp-content\\\/uploads\\\/2021\\\/12\\\/cropped-logo_acuario_supremus_fn-2.png\",\"contentUrl\":\"https:\\\/\\\/acuariosupremus.com\\\/wp-content\\\/uploads\\\/2021\\\/12\\\/cropped-logo_acuario_supremus_fn-2.png\",\"width\":1000,\"height\":318,\"caption\":\"Acuario Supremus\"},\"image\":{\"@id\":\"https:\\\/\\\/acuariosupremus.com\\\/#\\\/schema\\\/logo\\\/image\\\/\"},\"sameAs\":[\"https:\\\/\\\/www.facebook.com\\\/AcuarioSupremus\",\"https:\\\/\\\/x.com\\\/AcuarioSupremus\",\"https:\\\/\\\/www.instagram.com\\\/acuariosupremus\\\/?hl=es\"]}]}<\/script>\n<!-- \/ Yoast SEO plugin. -->","yoast_head_json":{"title":"TRANSPORTADORA INT PET TAXI | Acuario Supremus","description":"Cuenta con carcasa de pl\u00e1stico de alta resistencia, puerta de alambre durable que se entrelaza para una mayor seguridad, ventanas que promueven el flujo de aire.","robots":{"index":"index","follow":"follow","max-snippet":"max-snippet:-1","max-image-preview":"max-image-preview:large","max-video-preview":"max-video-preview:-1"},"canonical":"https:\/\/acuariosupremus.com\/?product=transportadora-int-pet-taxi","og_locale":"es_MX","og_type":"article","og_title":"TRANSPORTADORA INT PET TAXI | Acuario Supremus","og_description":"Cuenta con carcasa de pl\u00e1stico de alta resistencia, puerta de alambre durable que se entrelaza para una mayor seguridad, ventanas que promueven el flujo de aire.","og_url":"https:\/\/acuariosupremus.com\/?product=transportadora-int-pet-taxi","og_site_name":"Acuario Supremus","article_publisher":"https:\/\/www.facebook.com\/AcuarioSupremus","article_modified_time":"2026-01-24T01:59:09+00:00","og_image":[{"width":1000,"height":1000,"url":"https:\/\/acuariosupremus.com\/wp-content\/uploads\/2022\/03\/DO21085_F.jpg","type":"image\/jpeg"}],"twitter_card":"summary_large_image","twitter_site":"@AcuarioSupremus","twitter_misc":{"Tiempo de lectura":"1 minuto"},"schema":{"@context":"https:\/\/schema.org","@graph":[{"@type":"WebPage","@id":"https:\/\/acuariosupremus.com\/?product=transportadora-int-pet-taxi","url":"https:\/\/acuariosupremus.com\/?product=transportadora-int-pet-taxi","name":"TRANSPORTADORA INT PET TAXI | Acuario Supremus","isPartOf":{"@id":"https:\/\/acuariosupremus.com\/#website"},"primaryImageOfPage":{"@id":"https:\/\/acuariosupremus.com\/?product=transportadora-int-pet-taxi#primaryimage"},"image":{"@id":"https:\/\/acuariosupremus.com\/?product=transportadora-int-pet-taxi#primaryimage"},"thumbnailUrl":"https:\/\/acuariosupremus.com\/wp-content\/uploads\/2022\/03\/DO21085_F.jpg","datePublished":"2022-03-02T20:16:03+00:00","dateModified":"2026-01-24T01:59:09+00:00","description":"Cuenta con carcasa de pl\u00e1stico de alta resistencia, puerta de alambre durable que se entrelaza para una mayor seguridad, ventanas que promueven el flujo de aire.","breadcrumb":{"@id":"https:\/\/acuariosupremus.com\/?product=transportadora-int-pet-taxi#breadcrumb"},"inLanguage":"es","potentialAction":[{"@type":"ReadAction","target":["https:\/\/acuariosupremus.com\/?product=transportadora-int-pet-taxi"]}]},{"@type":"ImageObject","inLanguage":"es","@id":"https:\/\/acuariosupremus.com\/?product=transportadora-int-pet-taxi#primaryimage","url":"https:\/\/acuariosupremus.com\/wp-content\/uploads\/2022\/03\/DO21085_F.jpg","contentUrl":"https:\/\/acuariosupremus.com\/wp-content\/uploads\/2022\/03\/DO21085_F.jpg","width":1000,"height":1000},{"@type":"BreadcrumbList","@id":"https:\/\/acuariosupremus.com\/?product=transportadora-int-pet-taxi#breadcrumb","itemListElement":[{"@type":"ListItem","position":1,"name":"Portada","item":"https:\/\/acuariosupremus.com\/"},{"@type":"ListItem","position":2,"name":"Tienda","item":"https:\/\/acuariosupremus.com\/tienda\/"},{"@type":"ListItem","position":3,"name":"TRANSPORTADORA INT PET TAXI"}]},{"@type":"WebSite","@id":"https:\/\/acuariosupremus.com\/#website","url":"https:\/\/acuariosupremus.com\/","name":"Acuario Supremus","description":"Peces, Peceras y Mascotas.","publisher":{"@id":"https:\/\/acuariosupremus.com\/#organization"},"potentialAction":[{"@type":"SearchAction","target":{"@type":"EntryPoint","urlTemplate":"https:\/\/acuariosupremus.com\/?s={search_term_string}"},"query-input":{"@type":"PropertyValueSpecification","valueRequired":true,"valueName":"search_term_string"}}],"inLanguage":"es"},{"@type":"Organization","@id":"https:\/\/acuariosupremus.com\/#organization","name":"Acuario Supremus","url":"https:\/\/acuariosupremus.com\/","logo":{"@type":"ImageObject","inLanguage":"es","@id":"https:\/\/acuariosupremus.com\/#\/schema\/logo\/image\/","url":"https:\/\/acuariosupremus.com\/wp-content\/uploads\/2021\/12\/cropped-logo_acuario_supremus_fn-2.png","contentUrl":"https:\/\/acuariosupremus.com\/wp-content\/uploads\/2021\/12\/cropped-logo_acuario_supremus_fn-2.png","width":1000,"height":318,"caption":"Acuario Supremus"},"image":{"@id":"https:\/\/acuariosupremus.com\/#\/schema\/logo\/image\/"},"sameAs":["https:\/\/www.facebook.com\/AcuarioSupremus","https:\/\/x.com\/AcuarioSupremus","https:\/\/www.instagram.com\/acuariosupremus\/?hl=es"]}]}},"jetpack_sharing_enabled":true,"_links":{"self":[{"href":"https:\/\/acuariosupremus.com\/index.php?rest_route=\/wp\/v2\/product\/4195","targetHints":{"allow":["GET"]}}],"collection":[{"href":"https:\/\/acuariosupremus.com\/index.php?rest_route=\/wp\/v2\/product"}],"about":[{"href":"https:\/\/acuariosupremus.com\/index.php?rest_route=\/wp\/v2\/types\/product"}],"wp:featuredmedia":[{"embeddable":true,"href":"https:\/\/acuariosupremus.com\/index.php?rest_route=\/wp\/v2\/media\/4196"}],"wp:attachment":[{"href":"https:\/\/acuariosupremus.com\/index.php?rest_route=%2Fwp%2Fv2%2Fmedia&parent=4195"}],"wp:term":[{"taxonomy":"product_brand","embeddable":true,"href":"https:\/\/acuariosupremus.com\/index.php?rest_route=%2Fwp%2Fv2%2Fproduct_brand&post=4195"},{"taxonomy":"product_cat","embeddable":true,"href":"https:\/\/acuariosupremus.com\/index.php?rest_route=%2Fwp%2Fv2%2Fproduct_cat&post=4195"},{"taxonomy":"product_tag","embeddable":true,"href":"https:\/\/acuariosupremus.com\/index.php?rest_route=%2Fwp%2Fv2%2Fproduct_tag&post=4195"}],"curies":[{"name":"wp","href":"https:\/\/api.w.org\/{rel}","templated":true}]}}