{"id":4211,"date":"2022-03-02T15:01:51","date_gmt":"2022-03-02T21:01:51","guid":{"rendered":"https:\/\/acuariosupremus.com\/?post_type=product&#038;p=4211"},"modified":"2026-01-23T20:05:47","modified_gmt":"2026-01-24T02:05:47","slug":"transportadora-gde-vari-kennel","status":"publish","type":"product","link":"https:\/\/acuariosupremus.com\/?product=transportadora-gde-vari-kennel","title":{"rendered":"TRANSPORTADORA GDE VARI KENNEL"},"content":{"rendered":"<p>Beneficios:<br \/>\nAdem\u00e1s de ser un medio de contenci\u00f3n c\u00f3modo para la mascota, es un m\u00e9todo seguro y f\u00e1cil para transportarla. Mantiene al<br \/>\nperro seguro y c\u00f3modo durante el viaje. Permite el libre flujo de aire. \u00fatil para traslados al veterinario, para entrenamiento e<br \/>\ninclusive para descansar, ya que puede usarse como casa. El perro tendr\u00e1 su propio espacio privado, se sentir\u00e1 seguro y<br \/>\nprotegido.<br \/>\nRecomendaciones:<br \/>\nLa mascota debe poder levantarse, voltearse y echarse c\u00f3modamente dentro de la jaula. Para razas: Pastor australiano,<br \/>\nd\u00e1lmata, chow chow o similares.<br \/>\nMedidas:<br \/>\n<strong>91.4 cm largo X 63.5 cm ancho X 68.5 cm altura<\/strong><br \/>\nMaterial:<br \/>\nPl\u00e1stico de alta resistencia.<\/p>\n","protected":false},"excerpt":{"rendered":"<p>Transportadora para perro hecha de pl\u00e1stico de alta resistencia. Transportadora ideal para viaje en autob\u00fas, autom\u00f3vil, barco o avi\u00f3n. Pl\u00e1stico de alta resistencia, durable. Seguros de pl\u00e1stico resistente y no corrosivo (tuercas mariposa). Rejilla met\u00e1lica en puerta y en ventilas laterales para un flujo sano del aire. Foso interior que permite que la mascota este siempre seca. Transportadora elaborada con materiales reciclables. Ideal para perros de 81 cm de largo x 53 cm de alto. Peso del perro: <strong>22.7 a 31.7 kg.<\/strong> 50 a 70 lbs.<\/p>\n","protected":false},"featured_media":4214,"template":"","meta":[],"product_brand":[115],"product_cat":[73,76],"product_tag":[389],"class_list":{"0":"post-4211","1":"product","2":"type-product","3":"status-publish","4":"has-post-thumbnail","6":"product_brand-petmate","7":"product_cat-perros","8":"product_cat-casas-y-transportadoras","9":"product_tag-transportadora-vari-kennel","11":"first","12":"instock","13":"sale","14":"shipping-taxable","15":"purchasable","16":"product-type-simple"},"yoast_head":"<!-- This site is optimized with the Yoast SEO plugin v27.4 - https:\/\/yoast.com\/product\/yoast-seo-wordpress\/ -->\n<title>TRANSPORTADORA GDE VARI KENNEL | Acuario Supremus<\/title>\n<meta name=\"description\" content=\"Transportadora para perro hecha de pl\u00e1stico de alta resistencia, durable. Rejilla met\u00e1lica en puertas y en ventilas para un sano flujo de aire. Puerta con cerradura boble.\" \/>\n<meta name=\"robots\" content=\"index, follow, max-snippet:-1, max-image-preview:large, max-video-preview:-1\" \/>\n<link rel=\"canonical\" href=\"https:\/\/acuariosupremus.com\/?product=transportadora-gde-vari-kennel\" \/>\n<meta property=\"og:locale\" content=\"es_MX\" \/>\n<meta property=\"og:type\" content=\"article\" \/>\n<meta property=\"og:title\" content=\"TRANSPORTADORA GDE VARI KENNEL | Acuario Supremus\" \/>\n<meta property=\"og:description\" content=\"Transportadora para perro hecha de pl\u00e1stico de alta resistencia, durable. Rejilla met\u00e1lica en puertas y en ventilas para un sano flujo de aire. Puerta con cerradura boble.\" \/>\n<meta property=\"og:url\" content=\"https:\/\/acuariosupremus.com\/?product=transportadora-gde-vari-kennel\" \/>\n<meta property=\"og:site_name\" content=\"Acuario Supremus\" \/>\n<meta property=\"article:publisher\" content=\"https:\/\/www.facebook.com\/AcuarioSupremus\" \/>\n<meta property=\"article:modified_time\" content=\"2026-01-24T02:05:47+00:00\" \/>\n<meta property=\"og:image\" content=\"https:\/\/acuariosupremus.com\/wp-content\/uploads\/2022\/03\/DO21563.jpg\" \/>\n\t<meta property=\"og:image:width\" content=\"1000\" \/>\n\t<meta property=\"og:image:height\" content=\"1000\" \/>\n\t<meta property=\"og:image:type\" content=\"image\/jpeg\" \/>\n<meta name=\"twitter:card\" content=\"summary_large_image\" \/>\n<meta name=\"twitter:site\" content=\"@AcuarioSupremus\" \/>\n<meta name=\"twitter:label1\" content=\"Tiempo de lectura\" \/>\n\t<meta name=\"twitter:data1\" content=\"1 minuto\" \/>\n<script type=\"application\/ld+json\" class=\"yoast-schema-graph\">{\"@context\":\"https:\\\/\\\/schema.org\",\"@graph\":[{\"@type\":\"WebPage\",\"@id\":\"https:\\\/\\\/acuariosupremus.com\\\/?product=transportadora-gde-vari-kennel\",\"url\":\"https:\\\/\\\/acuariosupremus.com\\\/?product=transportadora-gde-vari-kennel\",\"name\":\"TRANSPORTADORA GDE VARI KENNEL | Acuario Supremus\",\"isPartOf\":{\"@id\":\"https:\\\/\\\/acuariosupremus.com\\\/#website\"},\"primaryImageOfPage\":{\"@id\":\"https:\\\/\\\/acuariosupremus.com\\\/?product=transportadora-gde-vari-kennel#primaryimage\"},\"image\":{\"@id\":\"https:\\\/\\\/acuariosupremus.com\\\/?product=transportadora-gde-vari-kennel#primaryimage\"},\"thumbnailUrl\":\"https:\\\/\\\/acuariosupremus.com\\\/wp-content\\\/uploads\\\/2022\\\/03\\\/DO21563.jpg\",\"datePublished\":\"2022-03-02T21:01:51+00:00\",\"dateModified\":\"2026-01-24T02:05:47+00:00\",\"description\":\"Transportadora para perro hecha de pl\u00e1stico de alta resistencia, durable. Rejilla met\u00e1lica en puertas y en ventilas para un sano flujo de aire. Puerta con cerradura boble.\",\"breadcrumb\":{\"@id\":\"https:\\\/\\\/acuariosupremus.com\\\/?product=transportadora-gde-vari-kennel#breadcrumb\"},\"inLanguage\":\"es\",\"potentialAction\":[{\"@type\":\"ReadAction\",\"target\":[\"https:\\\/\\\/acuariosupremus.com\\\/?product=transportadora-gde-vari-kennel\"]}]},{\"@type\":\"ImageObject\",\"inLanguage\":\"es\",\"@id\":\"https:\\\/\\\/acuariosupremus.com\\\/?product=transportadora-gde-vari-kennel#primaryimage\",\"url\":\"https:\\\/\\\/acuariosupremus.com\\\/wp-content\\\/uploads\\\/2022\\\/03\\\/DO21563.jpg\",\"contentUrl\":\"https:\\\/\\\/acuariosupremus.com\\\/wp-content\\\/uploads\\\/2022\\\/03\\\/DO21563.jpg\",\"width\":1000,\"height\":1000},{\"@type\":\"BreadcrumbList\",\"@id\":\"https:\\\/\\\/acuariosupremus.com\\\/?product=transportadora-gde-vari-kennel#breadcrumb\",\"itemListElement\":[{\"@type\":\"ListItem\",\"position\":1,\"name\":\"Portada\",\"item\":\"https:\\\/\\\/acuariosupremus.com\\\/\"},{\"@type\":\"ListItem\",\"position\":2,\"name\":\"Tienda\",\"item\":\"https:\\\/\\\/acuariosupremus.com\\\/tienda\\\/\"},{\"@type\":\"ListItem\",\"position\":3,\"name\":\"TRANSPORTADORA GDE VARI KENNEL\"}]},{\"@type\":\"WebSite\",\"@id\":\"https:\\\/\\\/acuariosupremus.com\\\/#website\",\"url\":\"https:\\\/\\\/acuariosupremus.com\\\/\",\"name\":\"Acuario Supremus\",\"description\":\"Peces, Peceras y Mascotas.\",\"publisher\":{\"@id\":\"https:\\\/\\\/acuariosupremus.com\\\/#organization\"},\"potentialAction\":[{\"@type\":\"SearchAction\",\"target\":{\"@type\":\"EntryPoint\",\"urlTemplate\":\"https:\\\/\\\/acuariosupremus.com\\\/?s={search_term_string}\"},\"query-input\":{\"@type\":\"PropertyValueSpecification\",\"valueRequired\":true,\"valueName\":\"search_term_string\"}}],\"inLanguage\":\"es\"},{\"@type\":\"Organization\",\"@id\":\"https:\\\/\\\/acuariosupremus.com\\\/#organization\",\"name\":\"Acuario Supremus\",\"url\":\"https:\\\/\\\/acuariosupremus.com\\\/\",\"logo\":{\"@type\":\"ImageObject\",\"inLanguage\":\"es\",\"@id\":\"https:\\\/\\\/acuariosupremus.com\\\/#\\\/schema\\\/logo\\\/image\\\/\",\"url\":\"https:\\\/\\\/acuariosupremus.com\\\/wp-content\\\/uploads\\\/2021\\\/12\\\/cropped-logo_acuario_supremus_fn-2.png\",\"contentUrl\":\"https:\\\/\\\/acuariosupremus.com\\\/wp-content\\\/uploads\\\/2021\\\/12\\\/cropped-logo_acuario_supremus_fn-2.png\",\"width\":1000,\"height\":318,\"caption\":\"Acuario Supremus\"},\"image\":{\"@id\":\"https:\\\/\\\/acuariosupremus.com\\\/#\\\/schema\\\/logo\\\/image\\\/\"},\"sameAs\":[\"https:\\\/\\\/www.facebook.com\\\/AcuarioSupremus\",\"https:\\\/\\\/x.com\\\/AcuarioSupremus\",\"https:\\\/\\\/www.instagram.com\\\/acuariosupremus\\\/?hl=es\"]}]}<\/script>\n<!-- \/ Yoast SEO plugin. -->","yoast_head_json":{"title":"TRANSPORTADORA GDE VARI KENNEL | Acuario Supremus","description":"Transportadora para perro hecha de pl\u00e1stico de alta resistencia, durable. Rejilla met\u00e1lica en puertas y en ventilas para un sano flujo de aire. Puerta con cerradura boble.","robots":{"index":"index","follow":"follow","max-snippet":"max-snippet:-1","max-image-preview":"max-image-preview:large","max-video-preview":"max-video-preview:-1"},"canonical":"https:\/\/acuariosupremus.com\/?product=transportadora-gde-vari-kennel","og_locale":"es_MX","og_type":"article","og_title":"TRANSPORTADORA GDE VARI KENNEL | Acuario Supremus","og_description":"Transportadora para perro hecha de pl\u00e1stico de alta resistencia, durable. Rejilla met\u00e1lica en puertas y en ventilas para un sano flujo de aire. Puerta con cerradura boble.","og_url":"https:\/\/acuariosupremus.com\/?product=transportadora-gde-vari-kennel","og_site_name":"Acuario Supremus","article_publisher":"https:\/\/www.facebook.com\/AcuarioSupremus","article_modified_time":"2026-01-24T02:05:47+00:00","og_image":[{"width":1000,"height":1000,"url":"https:\/\/acuariosupremus.com\/wp-content\/uploads\/2022\/03\/DO21563.jpg","type":"image\/jpeg"}],"twitter_card":"summary_large_image","twitter_site":"@AcuarioSupremus","twitter_misc":{"Tiempo de lectura":"1 minuto"},"schema":{"@context":"https:\/\/schema.org","@graph":[{"@type":"WebPage","@id":"https:\/\/acuariosupremus.com\/?product=transportadora-gde-vari-kennel","url":"https:\/\/acuariosupremus.com\/?product=transportadora-gde-vari-kennel","name":"TRANSPORTADORA GDE VARI KENNEL | Acuario Supremus","isPartOf":{"@id":"https:\/\/acuariosupremus.com\/#website"},"primaryImageOfPage":{"@id":"https:\/\/acuariosupremus.com\/?product=transportadora-gde-vari-kennel#primaryimage"},"image":{"@id":"https:\/\/acuariosupremus.com\/?product=transportadora-gde-vari-kennel#primaryimage"},"thumbnailUrl":"https:\/\/acuariosupremus.com\/wp-content\/uploads\/2022\/03\/DO21563.jpg","datePublished":"2022-03-02T21:01:51+00:00","dateModified":"2026-01-24T02:05:47+00:00","description":"Transportadora para perro hecha de pl\u00e1stico de alta resistencia, durable. Rejilla met\u00e1lica en puertas y en ventilas para un sano flujo de aire. Puerta con cerradura boble.","breadcrumb":{"@id":"https:\/\/acuariosupremus.com\/?product=transportadora-gde-vari-kennel#breadcrumb"},"inLanguage":"es","potentialAction":[{"@type":"ReadAction","target":["https:\/\/acuariosupremus.com\/?product=transportadora-gde-vari-kennel"]}]},{"@type":"ImageObject","inLanguage":"es","@id":"https:\/\/acuariosupremus.com\/?product=transportadora-gde-vari-kennel#primaryimage","url":"https:\/\/acuariosupremus.com\/wp-content\/uploads\/2022\/03\/DO21563.jpg","contentUrl":"https:\/\/acuariosupremus.com\/wp-content\/uploads\/2022\/03\/DO21563.jpg","width":1000,"height":1000},{"@type":"BreadcrumbList","@id":"https:\/\/acuariosupremus.com\/?product=transportadora-gde-vari-kennel#breadcrumb","itemListElement":[{"@type":"ListItem","position":1,"name":"Portada","item":"https:\/\/acuariosupremus.com\/"},{"@type":"ListItem","position":2,"name":"Tienda","item":"https:\/\/acuariosupremus.com\/tienda\/"},{"@type":"ListItem","position":3,"name":"TRANSPORTADORA GDE VARI KENNEL"}]},{"@type":"WebSite","@id":"https:\/\/acuariosupremus.com\/#website","url":"https:\/\/acuariosupremus.com\/","name":"Acuario Supremus","description":"Peces, Peceras y Mascotas.","publisher":{"@id":"https:\/\/acuariosupremus.com\/#organization"},"potentialAction":[{"@type":"SearchAction","target":{"@type":"EntryPoint","urlTemplate":"https:\/\/acuariosupremus.com\/?s={search_term_string}"},"query-input":{"@type":"PropertyValueSpecification","valueRequired":true,"valueName":"search_term_string"}}],"inLanguage":"es"},{"@type":"Organization","@id":"https:\/\/acuariosupremus.com\/#organization","name":"Acuario Supremus","url":"https:\/\/acuariosupremus.com\/","logo":{"@type":"ImageObject","inLanguage":"es","@id":"https:\/\/acuariosupremus.com\/#\/schema\/logo\/image\/","url":"https:\/\/acuariosupremus.com\/wp-content\/uploads\/2021\/12\/cropped-logo_acuario_supremus_fn-2.png","contentUrl":"https:\/\/acuariosupremus.com\/wp-content\/uploads\/2021\/12\/cropped-logo_acuario_supremus_fn-2.png","width":1000,"height":318,"caption":"Acuario Supremus"},"image":{"@id":"https:\/\/acuariosupremus.com\/#\/schema\/logo\/image\/"},"sameAs":["https:\/\/www.facebook.com\/AcuarioSupremus","https:\/\/x.com\/AcuarioSupremus","https:\/\/www.instagram.com\/acuariosupremus\/?hl=es"]}]}},"jetpack_sharing_enabled":true,"_links":{"self":[{"href":"https:\/\/acuariosupremus.com\/index.php?rest_route=\/wp\/v2\/product\/4211","targetHints":{"allow":["GET"]}}],"collection":[{"href":"https:\/\/acuariosupremus.com\/index.php?rest_route=\/wp\/v2\/product"}],"about":[{"href":"https:\/\/acuariosupremus.com\/index.php?rest_route=\/wp\/v2\/types\/product"}],"wp:featuredmedia":[{"embeddable":true,"href":"https:\/\/acuariosupremus.com\/index.php?rest_route=\/wp\/v2\/media\/4214"}],"wp:attachment":[{"href":"https:\/\/acuariosupremus.com\/index.php?rest_route=%2Fwp%2Fv2%2Fmedia&parent=4211"}],"wp:term":[{"taxonomy":"product_brand","embeddable":true,"href":"https:\/\/acuariosupremus.com\/index.php?rest_route=%2Fwp%2Fv2%2Fproduct_brand&post=4211"},{"taxonomy":"product_cat","embeddable":true,"href":"https:\/\/acuariosupremus.com\/index.php?rest_route=%2Fwp%2Fv2%2Fproduct_cat&post=4211"},{"taxonomy":"product_tag","embeddable":true,"href":"https:\/\/acuariosupremus.com\/index.php?rest_route=%2Fwp%2Fv2%2Fproduct_tag&post=4211"}],"curies":[{"name":"wp","href":"https:\/\/api.w.org\/{rel}","templated":true}]}}